{"id":3832,"date":"2022-01-07T08:51:18","date_gmt":"2022-01-07T08:51:18","guid":{"rendered":"https:\/\/imaxilofacial.com\/?page_id=3832"},"modified":"2022-01-07T08:52:53","modified_gmt":"2022-01-07T08:52:53","slug":"odontologia","status":"publish","type":"page","link":"https:\/\/imaxilofacial.com\/pt-pt\/odontologia\/","title":{"rendered":"Odontolog\u00eda"},"content":{"rendered":"<p><a href=\"https:\/\/imaxilofacial.com\/wp-content\/uploads\/2015\/09\/11-odontologia.jpg\"><img loading=\"lazy\" class=\"size-medium wp-image-3834 alignleft\" src=\"https:\/\/imaxilofacial.com\/wp-content\/uploads\/2015\/09\/11-odontologia-300x200.jpg\" alt=\"11 odontologia\" width=\"300\" height=\"200\" srcset=\"https:\/\/imaxilofacial.com\/wp-content\/uploads\/2015\/09\/11-odontologia-300x200.jpg 300w, https:\/\/imaxilofacial.com\/wp-content\/uploads\/2015\/09\/11-odontologia.jpg 1012w\" sizes=\"(max-width: 300px) 100vw, 300px\" \/><\/a>A odontologia trata do diagn\u00f3stico, tratamento e preven\u00e7\u00e3o de doen\u00e7as e afec\u00e7\u00f5es que ocorrem nos dentes da cavidade oral. A odontologia tem sofrido um grande desenvolvimento nos \u00faltimos anos, n\u00e3o s\u00f3 em meios de diagn\u00f3stico, como a radiologia digital 3D, mas tamb\u00e9m em materiais, tratamentos, etc., for\u00e7ando a cria\u00e7\u00e3o de especialidades dentro deste campo, como a ortodontia, a pr\u00f3tese de implantes ou a endodontia.<\/p>\n<p>&nbsp;<\/p>\n<blockquote><p>A odontologia deve ser vista como uma especialidade que cuida da sa\u00fade da pessoa. Para tal, \u00e9 essencial ser atendido por profissionais com a forma\u00e7\u00e3o adequada e experi\u00eancia acumulada para escolher o melhor tratamento para cada ocasi\u00e3o.<\/p><\/blockquote>\n<hr \/>\n<p>&nbsp;<\/p>\n<p><img loading=\"lazy\" class=\"size-full wp-image-98 alignright\" src=\"https:\/\/imaxilofacial.com\/wp-content\/uploads\/2015\/05\/post.jpg\" alt=\"post\" width=\"200\" height=\"200\" srcset=\"https:\/\/imaxilofacial.com\/wp-content\/uploads\/2015\/05\/post.jpg 200w, https:\/\/imaxilofacial.com\/wp-content\/uploads\/2015\/05\/post-150x150.jpg 150w\" sizes=\"(max-width: 200px) 100vw, 200px\" \/>Como em qualquer especialidade de sa\u00fade, os check-ups regulares s\u00e3o tamb\u00e9m essenciais na medicina dent\u00e1ria. Estes check-ups s\u00e3o fundamentais para a preven\u00e7\u00e3o da doen\u00e7a dent\u00e1ria mais comum, a c\u00e1rie, atrav\u00e9s de uma visita anual a um especialista em sa\u00fade oral. Neste controlo \u00e9 necess\u00e1rio realizar uma explora\u00e7\u00e3o minuciosa da cavidade oral, bem como um exame radiol\u00f3gico complementar. Na nossa cl\u00ednica tentaremos dar-lhe as directrizes que o ajudar\u00e3o a ter uma higiene oral perfeita na sua vida di\u00e1ria, bem como a prevenir doen\u00e7as da cavidade oral.<\/p>\n<p>&nbsp;<\/p>\n<p>&nbsp;<\/p>\n<blockquote><p>Se pensa que necessita de um check-up devido a desconforto local ou se tem alguma d\u00favida, n\u00e3o hesite em contactar a nossa cl\u00ednica, porque queremos fazer-lhe sorrir.<\/p><\/blockquote>\n<p>&nbsp;<\/p>\n<p>&nbsp;<\/p>\n","protected":false},"excerpt":{"rendered":"<p>A odontologia trata do diagn\u00f3stico, tratamento e preven\u00e7\u00e3o de doen\u00e7as e afec\u00e7\u00f5es que ocorrem nos dentes da cavidade oral. A odontologia tem sofrido um grande desenvolvimento nos \u00faltimos anos, n\u00e3o s\u00f3 em meios de diagn\u00f3stico, como a radiologia digital 3D, mas tamb\u00e9m em materiais, tratamentos, etc., for\u00e7ando a cria\u00e7\u00e3o de especialidades dentro deste campo, como [&#8230;]\n","protected":false},"author":2,"featured_media":0,"parent":0,"menu_order":0,"comment_status":"closed","ping_status":"closed","template":"page-right-sidebar.php","meta":{"_custom_body_class":"","_custom_post_class":""},"acf":[],"yoast_head":"<!-- This site is optimized with the Yoast SEO plugin v18.4.1 - https:\/\/yoast.com\/wordpress\/plugins\/seo\/ -->\n<title>Odontolog\u00eda - Imaxilofacial Badajoz<\/title>\n<meta name=\"robots\" content=\"index, follow, max-snippet:-1, max-image-preview:large, max-video-preview:-1\" \/>\n<link rel=\"canonical\" href=\"https:\/\/imaxilofacial.com\/pt-pt\/odontologia\/\" \/>\n<meta property=\"og:locale\" content=\"pt_PT\" \/>\n<meta property=\"og:type\" content=\"article\" \/>\n<meta property=\"og:title\" content=\"Odontolog\u00eda - Imaxilofacial Badajoz\" \/>\n<meta property=\"og:description\" content=\"A odontologia trata do diagn\u00f3stico, tratamento e preven\u00e7\u00e3o de doen\u00e7as e afec\u00e7\u00f5es que ocorrem nos dentes da cavidade oral. A odontologia tem sofrido um grande desenvolvimento nos \u00faltimos anos, n\u00e3o s\u00f3 em meios de diagn\u00f3stico, como a radiologia digital 3D, mas tamb\u00e9m em materiais, tratamentos, etc., for\u00e7ando a cria\u00e7\u00e3o de especialidades dentro deste campo, como [...]\" \/>\n<meta property=\"og:url\" content=\"https:\/\/imaxilofacial.com\/pt-pt\/odontologia\/\" \/>\n<meta property=\"og:site_name\" content=\"Instituto Maxilofacial Portugal\" \/>\n<meta property=\"article:publisher\" content=\"https:\/\/www.facebook.com\/Imaxilofacial-878901768819054\/\" \/>\n<meta property=\"article:modified_time\" content=\"2022-01-07T08:52:53+00:00\" \/>\n<meta property=\"og:image\" content=\"https:\/\/imaxilofacial.com\/wp-content\/uploads\/2015\/09\/11-odontologia-300x200.jpg\" \/>\n<meta name=\"twitter:card\" content=\"summary\" \/>\n<meta name=\"twitter:site\" content=\"@BadajozSalud\" \/>\n<meta name=\"twitter:label1\" content=\"Tempo estimado de leitura\" \/>\n\t<meta name=\"twitter:data1\" content=\"1 minuto\" \/>\n<script type=\"application\/ld+json\" class=\"yoast-schema-graph\">{\"@context\":\"https:\/\/schema.org\",\"@graph\":[{\"@type\":\"WebSite\",\"@id\":\"https:\/\/imaxilofacial.com\/#website\",\"url\":\"https:\/\/imaxilofacial.com\/\",\"name\":\"Instituto Maxilofacial Portugal\",\"description\":\"Outro site WordPress\",\"potentialAction\":[{\"@type\":\"SearchAction\",\"target\":{\"@type\":\"EntryPoint\",\"urlTemplate\":\"https:\/\/imaxilofacial.com\/?s={search_term_string}\"},\"query-input\":\"required name=search_term_string\"}],\"inLanguage\":\"pt-PT\"},{\"@type\":\"ImageObject\",\"@id\":\"https:\/\/imaxilofacial.com\/pt-pt\/odontologia\/#primaryimage\",\"inLanguage\":\"pt-PT\",\"url\":\"https:\/\/imaxilofacial.com\/wp-content\/uploads\/2015\/09\/11-odontologia.jpg\",\"contentUrl\":\"https:\/\/imaxilofacial.com\/wp-content\/uploads\/2015\/09\/11-odontologia.jpg\",\"width\":1012,\"height\":675},{\"@type\":\"WebPage\",\"@id\":\"https:\/\/imaxilofacial.com\/pt-pt\/odontologia\/#webpage\",\"url\":\"https:\/\/imaxilofacial.com\/pt-pt\/odontologia\/\",\"name\":\"Odontolog\u00eda - Imaxilofacial Badajoz\",\"isPartOf\":{\"@id\":\"https:\/\/imaxilofacial.com\/#website\"},\"primaryImageOfPage\":{\"@id\":\"https:\/\/imaxilofacial.com\/pt-pt\/odontologia\/#primaryimage\"},\"datePublished\":\"2022-01-07T08:51:18+00:00\",\"dateModified\":\"2022-01-07T08:52:53+00:00\",\"breadcrumb\":{\"@id\":\"https:\/\/imaxilofacial.com\/pt-pt\/odontologia\/#breadcrumb\"},\"inLanguage\":\"pt-PT\",\"potentialAction\":[{\"@type\":\"ReadAction\",\"target\":[\"https:\/\/imaxilofacial.com\/pt-pt\/odontologia\/\"]}]},{\"@type\":\"BreadcrumbList\",\"@id\":\"https:\/\/imaxilofacial.com\/pt-pt\/odontologia\/#breadcrumb\",\"itemListElement\":[{\"@type\":\"ListItem\",\"position\":1,\"name\":\"Instituto Maxilofacial Badajoz\",\"item\":\"https:\/\/imaxilofacial.com\/pt-pt\/\"},{\"@type\":\"ListItem\",\"position\":2,\"name\":\"Odontolog\u00eda\"}]}]}<\/script>\n<!-- \/ Yoast SEO plugin. -->","yoast_head_json":{"title":"Odontolog\u00eda - Imaxilofacial Badajoz","robots":{"index":"index","follow":"follow","max-snippet":"max-snippet:-1","max-image-preview":"max-image-preview:large","max-video-preview":"max-video-preview:-1"},"canonical":"https:\/\/imaxilofacial.com\/pt-pt\/odontologia\/","og_locale":"pt_PT","og_type":"article","og_title":"Odontolog\u00eda - Imaxilofacial Badajoz","og_description":"A odontologia trata do diagn\u00f3stico, tratamento e preven\u00e7\u00e3o de doen\u00e7as e afec\u00e7\u00f5es que ocorrem nos dentes da cavidade oral. A odontologia tem sofrido um grande desenvolvimento nos \u00faltimos anos, n\u00e3o s\u00f3 em meios de diagn\u00f3stico, como a radiologia digital 3D, mas tamb\u00e9m em materiais, tratamentos, etc., for\u00e7ando a cria\u00e7\u00e3o de especialidades dentro deste campo, como [...]","og_url":"https:\/\/imaxilofacial.com\/pt-pt\/odontologia\/","og_site_name":"Instituto Maxilofacial Portugal","article_publisher":"https:\/\/www.facebook.com\/Imaxilofacial-878901768819054\/","article_modified_time":"2022-01-07T08:52:53+00:00","og_image":[{"url":"https:\/\/imaxilofacial.com\/wp-content\/uploads\/2015\/09\/11-odontologia-300x200.jpg"}],"twitter_card":"summary","twitter_site":"@BadajozSalud","twitter_misc":{"Tempo estimado de leitura":"1 minuto"},"schema":{"@context":"https:\/\/schema.org","@graph":[{"@type":"WebSite","@id":"https:\/\/imaxilofacial.com\/#website","url":"https:\/\/imaxilofacial.com\/","name":"Instituto Maxilofacial Portugal","description":"Outro site WordPress","potentialAction":[{"@type":"SearchAction","target":{"@type":"EntryPoint","urlTemplate":"https:\/\/imaxilofacial.com\/?s={search_term_string}"},"query-input":"required name=search_term_string"}],"inLanguage":"pt-PT"},{"@type":"ImageObject","@id":"https:\/\/imaxilofacial.com\/pt-pt\/odontologia\/#primaryimage","inLanguage":"pt-PT","url":"https:\/\/imaxilofacial.com\/wp-content\/uploads\/2015\/09\/11-odontologia.jpg","contentUrl":"https:\/\/imaxilofacial.com\/wp-content\/uploads\/2015\/09\/11-odontologia.jpg","width":1012,"height":675},{"@type":"WebPage","@id":"https:\/\/imaxilofacial.com\/pt-pt\/odontologia\/#webpage","url":"https:\/\/imaxilofacial.com\/pt-pt\/odontologia\/","name":"Odontolog\u00eda - Imaxilofacial Badajoz","isPartOf":{"@id":"https:\/\/imaxilofacial.com\/#website"},"primaryImageOfPage":{"@id":"https:\/\/imaxilofacial.com\/pt-pt\/odontologia\/#primaryimage"},"datePublished":"2022-01-07T08:51:18+00:00","dateModified":"2022-01-07T08:52:53+00:00","breadcrumb":{"@id":"https:\/\/imaxilofacial.com\/pt-pt\/odontologia\/#breadcrumb"},"inLanguage":"pt-PT","potentialAction":[{"@type":"ReadAction","target":["https:\/\/imaxilofacial.com\/pt-pt\/odontologia\/"]}]},{"@type":"BreadcrumbList","@id":"https:\/\/imaxilofacial.com\/pt-pt\/odontologia\/#breadcrumb","itemListElement":[{"@type":"ListItem","position":1,"name":"Instituto Maxilofacial Badajoz","item":"https:\/\/imaxilofacial.com\/pt-pt\/"},{"@type":"ListItem","position":2,"name":"Odontolog\u00eda"}]}]}},"_links":{"self":[{"href":"https:\/\/imaxilofacial.com\/pt-pt\/wp-json\/wp\/v2\/pages\/3832"}],"collection":[{"href":"https:\/\/imaxilofacial.com\/pt-pt\/wp-json\/wp\/v2\/pages"}],"about":[{"href":"https:\/\/imaxilofacial.com\/pt-pt\/wp-json\/wp\/v2\/types\/page"}],"author":[{"embeddable":true,"href":"https:\/\/imaxilofacial.com\/pt-pt\/wp-json\/wp\/v2\/users\/2"}],"replies":[{"embeddable":true,"href":"https:\/\/imaxilofacial.com\/pt-pt\/wp-json\/wp\/v2\/comments?post=3832"}],"version-history":[{"count":4,"href":"https:\/\/imaxilofacial.com\/pt-pt\/wp-json\/wp\/v2\/pages\/3832\/revisions"}],"predecessor-version":[{"id":3837,"href":"https:\/\/imaxilofacial.com\/pt-pt\/wp-json\/wp\/v2\/pages\/3832\/revisions\/3837"}],"wp:attachment":[{"href":"https:\/\/imaxilofacial.com\/pt-pt\/wp-json\/wp\/v2\/media?parent=3832"}],"curies":[{"name":"wp","href":"https:\/\/api.w.org\/{rel}","templated":true}]}}