{"id":3838,"date":"2022-01-07T08:55:39","date_gmt":"2022-01-07T08:55:39","guid":{"rendered":"https:\/\/imaxilofacial.com\/?page_id=3838"},"modified":"2022-01-07T08:56:56","modified_gmt":"2022-01-07T08:56:56","slug":"cirurgia-plastica-facial","status":"publish","type":"page","link":"https:\/\/imaxilofacial.com\/pt-pt\/cirurgia-plastica-facial\/","title":{"rendered":"Cirug\u00eda Plastica Facial"},"content":{"rendered":"<div class=\"row\"  id=\"row-1963359381\">\n\n\t<div id=\"col-2044343825\" class=\"col medium-1\/3 large-4\"  >\n\t\t\t\t<div class=\"col-inner\"  >\n\t\t\t\n\t\t\t\n<a href=\"https:\/\/imaxilofacial.com\/wp-content\/uploads\/2015\/09\/16-Cirug\u00eda-est\u00e9tica-Comp_63590346.jpg\"><img loading=\"lazy\" class=\"alignnone size-medium wp-image-3840\" src=\"https:\/\/imaxilofacial.com\/wp-content\/uploads\/2015\/09\/16-Cirug\u00eda-est\u00e9tica-Comp_63590346-300x203.jpg\" alt=\"male plastic surgeon with patient\" width=\"300\" height=\"203\" srcset=\"https:\/\/imaxilofacial.com\/wp-content\/uploads\/2015\/09\/16-Cirug\u00eda-est\u00e9tica-Comp_63590346-300x203.jpg 300w, https:\/\/imaxilofacial.com\/wp-content\/uploads\/2015\/09\/16-Cirug\u00eda-est\u00e9tica-Comp_63590346.jpg 512w\" sizes=\"(max-width: 300px) 100vw, 300px\" \/><\/a><\/p>\n\t\t<\/div>\n\t\t\t\t\t<\/div>\n\n\t\n\n\t<div id=\"col-793653914\" class=\"col medium-2\/3 large-8\"  >\n\t\t\t\t<div class=\"col-inner\"  >\n\t\t\t\n\t\t\t\n<blockquote><p>O objectivo da cirurgia est\u00e9tica \u00e9 modificar as \u00e1reas do corpo, no nosso caso a \u00e1rea facial, que n\u00e3o s\u00e3o satisfat\u00f3rias para o paciente a fim de restaurar a situa\u00e7\u00e3o inicial ou embelezar estas \u00e1reas. Em muitos casos de cirurgia est\u00e9tica, \u00e9 n\u00e3o s\u00f3 por raz\u00f5es de imagem mas tamb\u00e9m por raz\u00f5es m\u00e9dicas que este tipo de interven\u00e7\u00e3o \u00e9 indicado.<\/p><\/blockquote>\n\t\t<\/div>\n\t\t\t\t\t<\/div>\n\n\t\n<\/div>\n<div class=\"row\"  id=\"row-731131524\">\n\n\t<div id=\"col-1095375298\" class=\"col medium-1\/4 large-3\"  >\n\t\t\t\t<div class=\"col-inner\"  >\n\t\t\t\n\t\t\t\n\n\t<a class=\"plain\" href=\"\/cirugia-estetica\/blefaroplastia\/ \"  >\t<div class=\"icon-box featured-box icon-box-center text-center\"  >\n\t\t\t\t\t<div class=\"icon-box-img\" style=\"width: 200px\">\n\t\t\t\t<div class=\"icon\">\n\t\t\t\t\t<div class=\"icon-inner\" >\n\t\t\t\t\t\t<img src=\"https:\/\/imaxilofacial.com\/wp-content\/uploads\/2015\/09\/parp.jpg\" alt=\"Blefaroplastia\" \/>\t\t\t\t\t<\/div>\n\t\t\t\t<\/div>\n\t\t\t<\/div>\n\t\t\t\t<div class=\"icon-box-text last-reset\">\n\t\t\t<h5 class=\"uppercase\">Blefaroplastia<\/h5>\t\t\t\t\t\t\n<p>Esta \u00e9 uma cirurgia est\u00e9tica das p\u00e1lpebras. Um tratamento para remover gordura e excesso de pele das p\u00e1lpebras superiores e inferiores que acentua os sinais de cansa\u00e7o e faz envelhecer o rosto. Por vezes, o excesso de pele na p\u00e1lpebra superior pode at\u00e9 dificultar a sua vis\u00e3o.<\/p>\n\t\t<\/div>\n\t<\/div>\n\t<\/a>\n\t\n\t\t<\/div>\n\t\t\t\t\t<\/div>\n\n\t\n\n\t<div id=\"col-1599871070\" class=\"col medium-1\/4 large-3\"  >\n\t\t\t\t<div class=\"col-inner\"  >\n\t\t\t\n\t\t\t\n\n\t<a class=\"plain\" href=\"\/cirugia-estetica\/lifting\/\"  >\t<div class=\"icon-box featured-box icon-box-center text-center\"  >\n\t\t\t\t\t<div class=\"icon-box-img\" style=\"width: 200px\">\n\t\t\t\t<div class=\"icon\">\n\t\t\t\t\t<div class=\"icon-inner\" >\n\t\t\t\t\t\t<img src=\"https:\/\/imaxilofacial.com\/wp-content\/uploads\/2015\/09\/ggg.jpg\" alt=\"Lifting facial\" \/>\t\t\t\t\t<\/div>\n\t\t\t\t<\/div>\n\t\t\t<\/div>\n\t\t\t\t<div class=\"icon-box-text last-reset\">\n\t\t\t<h5 class=\"uppercase\">Lifting facial<\/h5>\t\t\t\t\t\t\n<p>O rosto pode ser considerado o nosso espelho interno. A exposi\u00e7\u00e3o ao sol, o stress da vida quotidiana, a fadiga f\u00edsica&#8230; tudo isso tem o seu pre\u00e7o no nosso rosto, dando uma imagem de cansa\u00e7o e envelhecimento que n\u00e3o queremos.<\/p>\n\t\t<\/div>\n\t<\/div>\n\t<\/a>\n\t\n\t\t<\/div>\n\t\t\t\t\t<\/div>\n\n\t\n\n\t<div id=\"col-1136565191\" class=\"col medium-1\/4 large-3\"  >\n\t\t\t\t<div class=\"col-inner\"  >\n\t\t\t\n\t\t\t\n\n\t<a class=\"plain\" href=\"\/cirugia-estetica\/rinoplastia\/\"  >\t<div class=\"icon-box featured-box icon-box-center text-center\"  >\n\t\t\t\t\t<div class=\"icon-box-img\" style=\"width: 200px\">\n\t\t\t\t<div class=\"icon\">\n\t\t\t\t\t<div class=\"icon-inner\" >\n\t\t\t\t\t\t<img src=\"https:\/\/imaxilofacial.com\/wp-content\/uploads\/2015\/09\/rino.jpg\" alt=\"Rinoplastia\" \/>\t\t\t\t\t<\/div>\n\t\t\t\t<\/div>\n\t\t\t<\/div>\n\t\t\t\t<div class=\"icon-box-text last-reset\">\n\t\t\t<h5 class=\"uppercase\">Rinoplastia<\/h5>\t\t\t\t\t\t\n<p>Esta especialidade cir\u00fargica preocupa-se em mudar a forma e o perfil do nariz. N\u00e3o \u00e9 apenas a apar\u00eancia externa que pode indicar uma cirurgia ao nariz, mas tamb\u00e9m problemas respirat\u00f3rios.<\/p>\n\t\t<\/div>\n\t<\/div>\n\t<\/a>\n\t\n\t\t<\/div>\n\t\t\t\t\t<\/div>\n\n\t\n\n\t<div id=\"col-2085906166\" class=\"col medium-1\/4 large-3\"  >\n\t\t\t\t<div class=\"col-inner\"  >\n\t\t\t\n\t\t\t\n\n\t<a class=\"plain\" href=\"\/cirugia-estetica\/otoplastia\/\"  >\t<div class=\"icon-box featured-box icon-box-center text-center\"  >\n\t\t\t\t\t<div class=\"icon-box-img\" style=\"width: 200px\">\n\t\t\t\t<div class=\"icon\">\n\t\t\t\t\t<div class=\"icon-inner\" >\n\t\t\t\t\t\t<img src=\"https:\/\/imaxilofacial.com\/wp-content\/uploads\/2015\/09\/orejaa.jpg\" alt=\"Otoplastia\" \/>\t\t\t\t\t<\/div>\n\t\t\t\t<\/div>\n\t\t\t<\/div>\n\t\t\t\t<div class=\"icon-box-text last-reset\">\n\t\t\t<h5 class=\"uppercase\">Otoplastia<\/h5>\t\t\t\t\t\t\n<p>\u00c9 realizado para reposicionar orelhas proeminentes ou &#8220;salientes&#8221; para uma posi\u00e7\u00e3o mais normal, mais pr\u00f3xima da cabe\u00e7a. Esta cirurgia pode ser realizada cedo, na inf\u00e2ncia, uma vez que nesta fase o crescimento completo da orelha j\u00e1 teve lugar e os cuidados p\u00f3s-operat\u00f3rios s\u00e3o toler\u00e1veis para a crian\u00e7a.<\/p>\n\t\t<\/div>\n\t<\/div>\n\t<\/a>\n\t\n\t\t<\/div>\n\t\t\t\t\t<\/div>\n\n\t\n<\/div>\n","protected":false},"excerpt":{"rendered":"","protected":false},"author":2,"featured_media":0,"parent":0,"menu_order":0,"comment_status":"closed","ping_status":"closed","template":"page-right-sidebar.php","meta":{"_custom_body_class":"","_custom_post_class":""},"acf":[],"yoast_head":"<!-- This site is optimized with the Yoast SEO plugin v18.4.1 - https:\/\/yoast.com\/wordpress\/plugins\/seo\/ -->\n<title>Cirug\u00eda Plastica Facial - Imaxilofacial Badajoz<\/title>\n<meta name=\"robots\" content=\"index, follow, max-snippet:-1, max-image-preview:large, max-video-preview:-1\" \/>\n<link rel=\"canonical\" href=\"https:\/\/imaxilofacial.com\/pt-pt\/cirurgia-plastica-facial\/\" \/>\n<meta property=\"og:locale\" content=\"pt_PT\" \/>\n<meta property=\"og:type\" content=\"article\" \/>\n<meta property=\"og:title\" content=\"Cirug\u00eda Plastica Facial - Imaxilofacial Badajoz\" \/>\n<meta property=\"og:url\" content=\"https:\/\/imaxilofacial.com\/pt-pt\/cirurgia-plastica-facial\/\" \/>\n<meta property=\"og:site_name\" content=\"Instituto Maxilofacial Portugal\" \/>\n<meta property=\"article:publisher\" content=\"https:\/\/www.facebook.com\/Imaxilofacial-878901768819054\/\" \/>\n<meta property=\"article:modified_time\" content=\"2022-01-07T08:56:56+00:00\" \/>\n<meta property=\"og:image\" content=\"https:\/\/imaxilofacial.com\/wp-content\/uploads\/2015\/09\/16-Cirug\u00eda-est\u00e9tica-Comp_63590346-300x203.jpg\" \/>\n<meta name=\"twitter:card\" content=\"summary\" \/>\n<meta name=\"twitter:site\" content=\"@BadajozSalud\" \/>\n<meta name=\"twitter:label1\" content=\"Tempo estimado de leitura\" \/>\n\t<meta name=\"twitter:data1\" content=\"2 minutos\" \/>\n<script type=\"application\/ld+json\" class=\"yoast-schema-graph\">{\"@context\":\"https:\/\/schema.org\",\"@graph\":[{\"@type\":\"WebSite\",\"@id\":\"https:\/\/imaxilofacial.com\/#website\",\"url\":\"https:\/\/imaxilofacial.com\/\",\"name\":\"Instituto Maxilofacial Portugal\",\"description\":\"Outro site WordPress\",\"potentialAction\":[{\"@type\":\"SearchAction\",\"target\":{\"@type\":\"EntryPoint\",\"urlTemplate\":\"https:\/\/imaxilofacial.com\/?s={search_term_string}\"},\"query-input\":\"required name=search_term_string\"}],\"inLanguage\":\"pt-PT\"},{\"@type\":\"ImageObject\",\"@id\":\"https:\/\/imaxilofacial.com\/pt-pt\/cirurgia-plastica-facial\/#primaryimage\",\"inLanguage\":\"pt-PT\",\"url\":\"https:\/\/imaxilofacial.com\/wp-content\/uploads\/2015\/09\/16-Cirug\u00eda-est\u00e9tica-Comp_63590346.jpg\",\"contentUrl\":\"https:\/\/imaxilofacial.com\/wp-content\/uploads\/2015\/09\/16-Cirug\u00eda-est\u00e9tica-Comp_63590346.jpg\",\"width\":512,\"height\":346},{\"@type\":\"WebPage\",\"@id\":\"https:\/\/imaxilofacial.com\/pt-pt\/cirurgia-plastica-facial\/#webpage\",\"url\":\"https:\/\/imaxilofacial.com\/pt-pt\/cirurgia-plastica-facial\/\",\"name\":\"Cirug\u00eda Plastica Facial - Imaxilofacial Badajoz\",\"isPartOf\":{\"@id\":\"https:\/\/imaxilofacial.com\/#website\"},\"primaryImageOfPage\":{\"@id\":\"https:\/\/imaxilofacial.com\/pt-pt\/cirurgia-plastica-facial\/#primaryimage\"},\"datePublished\":\"2022-01-07T08:55:39+00:00\",\"dateModified\":\"2022-01-07T08:56:56+00:00\",\"breadcrumb\":{\"@id\":\"https:\/\/imaxilofacial.com\/pt-pt\/cirurgia-plastica-facial\/#breadcrumb\"},\"inLanguage\":\"pt-PT\",\"potentialAction\":[{\"@type\":\"ReadAction\",\"target\":[\"https:\/\/imaxilofacial.com\/pt-pt\/cirurgia-plastica-facial\/\"]}]},{\"@type\":\"BreadcrumbList\",\"@id\":\"https:\/\/imaxilofacial.com\/pt-pt\/cirurgia-plastica-facial\/#breadcrumb\",\"itemListElement\":[{\"@type\":\"ListItem\",\"position\":1,\"name\":\"Instituto Maxilofacial Badajoz\",\"item\":\"https:\/\/imaxilofacial.com\/pt-pt\/\"},{\"@type\":\"ListItem\",\"position\":2,\"name\":\"Cirug\u00eda Plastica Facial\"}]}]}<\/script>\n<!-- \/ Yoast SEO plugin. -->","yoast_head_json":{"title":"Cirug\u00eda Plastica Facial - Imaxilofacial Badajoz","robots":{"index":"index","follow":"follow","max-snippet":"max-snippet:-1","max-image-preview":"max-image-preview:large","max-video-preview":"max-video-preview:-1"},"canonical":"https:\/\/imaxilofacial.com\/pt-pt\/cirurgia-plastica-facial\/","og_locale":"pt_PT","og_type":"article","og_title":"Cirug\u00eda Plastica Facial - Imaxilofacial Badajoz","og_url":"https:\/\/imaxilofacial.com\/pt-pt\/cirurgia-plastica-facial\/","og_site_name":"Instituto Maxilofacial Portugal","article_publisher":"https:\/\/www.facebook.com\/Imaxilofacial-878901768819054\/","article_modified_time":"2022-01-07T08:56:56+00:00","og_image":[{"url":"https:\/\/imaxilofacial.com\/wp-content\/uploads\/2015\/09\/16-Cirug\u00eda-est\u00e9tica-Comp_63590346-300x203.jpg"}],"twitter_card":"summary","twitter_site":"@BadajozSalud","twitter_misc":{"Tempo estimado de leitura":"2 minutos"},"schema":{"@context":"https:\/\/schema.org","@graph":[{"@type":"WebSite","@id":"https:\/\/imaxilofacial.com\/#website","url":"https:\/\/imaxilofacial.com\/","name":"Instituto Maxilofacial Portugal","description":"Outro site WordPress","potentialAction":[{"@type":"SearchAction","target":{"@type":"EntryPoint","urlTemplate":"https:\/\/imaxilofacial.com\/?s={search_term_string}"},"query-input":"required name=search_term_string"}],"inLanguage":"pt-PT"},{"@type":"ImageObject","@id":"https:\/\/imaxilofacial.com\/pt-pt\/cirurgia-plastica-facial\/#primaryimage","inLanguage":"pt-PT","url":"https:\/\/imaxilofacial.com\/wp-content\/uploads\/2015\/09\/16-Cirug\u00eda-est\u00e9tica-Comp_63590346.jpg","contentUrl":"https:\/\/imaxilofacial.com\/wp-content\/uploads\/2015\/09\/16-Cirug\u00eda-est\u00e9tica-Comp_63590346.jpg","width":512,"height":346},{"@type":"WebPage","@id":"https:\/\/imaxilofacial.com\/pt-pt\/cirurgia-plastica-facial\/#webpage","url":"https:\/\/imaxilofacial.com\/pt-pt\/cirurgia-plastica-facial\/","name":"Cirug\u00eda Plastica Facial - Imaxilofacial Badajoz","isPartOf":{"@id":"https:\/\/imaxilofacial.com\/#website"},"primaryImageOfPage":{"@id":"https:\/\/imaxilofacial.com\/pt-pt\/cirurgia-plastica-facial\/#primaryimage"},"datePublished":"2022-01-07T08:55:39+00:00","dateModified":"2022-01-07T08:56:56+00:00","breadcrumb":{"@id":"https:\/\/imaxilofacial.com\/pt-pt\/cirurgia-plastica-facial\/#breadcrumb"},"inLanguage":"pt-PT","potentialAction":[{"@type":"ReadAction","target":["https:\/\/imaxilofacial.com\/pt-pt\/cirurgia-plastica-facial\/"]}]},{"@type":"BreadcrumbList","@id":"https:\/\/imaxilofacial.com\/pt-pt\/cirurgia-plastica-facial\/#breadcrumb","itemListElement":[{"@type":"ListItem","position":1,"name":"Instituto Maxilofacial Badajoz","item":"https:\/\/imaxilofacial.com\/pt-pt\/"},{"@type":"ListItem","position":2,"name":"Cirug\u00eda Plastica Facial"}]}]}},"_links":{"self":[{"href":"https:\/\/imaxilofacial.com\/pt-pt\/wp-json\/wp\/v2\/pages\/3838"}],"collection":[{"href":"https:\/\/imaxilofacial.com\/pt-pt\/wp-json\/wp\/v2\/pages"}],"about":[{"href":"https:\/\/imaxilofacial.com\/pt-pt\/wp-json\/wp\/v2\/types\/page"}],"author":[{"embeddable":true,"href":"https:\/\/imaxilofacial.com\/pt-pt\/wp-json\/wp\/v2\/users\/2"}],"replies":[{"embeddable":true,"href":"https:\/\/imaxilofacial.com\/pt-pt\/wp-json\/wp\/v2\/comments?post=3838"}],"version-history":[{"count":3,"href":"https:\/\/imaxilofacial.com\/pt-pt\/wp-json\/wp\/v2\/pages\/3838\/revisions"}],"predecessor-version":[{"id":3842,"href":"https:\/\/imaxilofacial.com\/pt-pt\/wp-json\/wp\/v2\/pages\/3838\/revisions\/3842"}],"wp:attachment":[{"href":"https:\/\/imaxilofacial.com\/pt-pt\/wp-json\/wp\/v2\/media?parent=3838"}],"curies":[{"name":"wp","href":"https:\/\/api.w.org\/{rel}","templated":true}]}}