{"id":3851,"date":"2022-01-07T09:42:27","date_gmt":"2022-01-07T09:42:27","guid":{"rendered":"https:\/\/imaxilofacial.com\/?page_id=3851"},"modified":"2022-04-27T14:16:30","modified_gmt":"2022-04-27T14:16:30","slug":"contacto","status":"publish","type":"page","link":"https:\/\/imaxilofacial.com\/pt-pt\/contacto\/","title":{"rendered":"Contacto"},"content":{"rendered":"\t\t<div data-elementor-type=\"wp-page\" data-elementor-id=\"3851\" class=\"elementor elementor-3851 elementor-52\">\n\t\t\t\t\t\t\t\t\t<section class=\"elementor-section elementor-top-section elementor-element elementor-element-33ef93f elementor-section-boxed elementor-section-height-default elementor-section-height-default\" data-id=\"33ef93f\" data-element_type=\"section\">\n\t\t\t\t\t\t<div class=\"elementor-container elementor-column-gap-default\">\n\t\t\t\t\t<div class=\"elementor-column elementor-col-50 elementor-top-column elementor-element elementor-element-ef9a64f\" data-id=\"ef9a64f\" data-element_type=\"column\">\n\t\t\t<div class=\"elementor-widget-wrap elementor-element-populated\">\n\t\t\t\t\t\t\t\t<div class=\"elementor-element elementor-element-9cf7ec5 elementor-widget elementor-widget-shortcode\" data-id=\"9cf7ec5\" data-element_type=\"widget\" data-widget_type=\"shortcode.default\">\n\t\t\t\t<div class=\"elementor-widget-container\">\n\t\t\t\t\t<div class=\"elementor-shortcode\">\n\t<div id=\"col-1783056317\" class=\"col medium-3\/3 large-3\/3\"  >\n\t\t\t\t<div class=\"col-inner\"  >\n\t\t\t\n\t\t\t\n<br><br>\n<h2>Onde estamos<\/h2><br>\n\u00c1ngel Quintanilla Ulla N\u00ba1, Portal 8, C Badajoz 06011<br><br>\n<h2>Hor\u00e1rio do Centro da Cidade<\/h2>\n<strong>Manh\u00e3<\/strong>: Segunda a Sexta das 10:00 \u00e0s 13:00 horas<br>\n<strong>Tardes<\/strong>: Segunda a Quinta das 16:00 \u00e0s 20:30 horas\n<br><br>\n<strong>Telefone de marca\u00e7\u00e3o: <\/strong><a href=\"tel:924225305\">924 225 305<\/a><br><strong>Urgences:<\/strong> <a href=\"tel:663145625\">663 145 625<\/a>\n\n\t\t<\/div>\n\t\t\t\t\t<\/div>\n\n\t<\/div>\n\t\t\t\t<\/div>\n\t\t\t\t<\/div>\n\t\t\t\t\t<\/div>\n\t\t<\/div>\n\t\t\t\t<div class=\"elementor-column elementor-col-50 elementor-top-column elementor-element elementor-element-8bae5ea\" data-id=\"8bae5ea\" data-element_type=\"column\">\n\t\t\t<div class=\"elementor-widget-wrap elementor-element-populated\">\n\t\t\t\t\t\t\t\t<div class=\"elementor-element elementor-element-92ae22e elementor-widget elementor-widget-html\" data-id=\"92ae22e\" data-element_type=\"widget\" data-widget_type=\"html.default\">\n\t\t\t\t<div class=\"elementor-widget-container\">\n\t\t\t<iframe loading=\"lazy\" style=\"border: 0;\" src=\"https:\/\/www.google.com\/maps\/embed?pb=!1m18!1m12!1m3!1d3106.3821577210942!2d-6.989680684325962!3d38.869497556192776!2m3!1f0!2f0!3f0!3m2!1i1024!2i768!4f13.1!3m3!1m2!1s0xd16e41851121f57%3A0x50d1a5eee3240670!2sInstituto+Maxilofacial+-+Cl%C3%ADnica+Medicina+Estetica+Cirugia+Maxilofacial+Periodoncia+Badajoz!5e0!3m2!1ses!2ses!4v1547660645646\" width=\"600\" height=\"450\" frameborder=\"0\" allowfullscreen=\"allowfullscreen\"><\/iframe>\n\t\t<\/div>\n\t\t\t\t<\/div>\n\t\t\t\t\t<\/div>\n\t\t<\/div>\n\t\t\t\t\t\t\t<\/div>\n\t\t<\/section>\n\t\t\t\t\t\t\t<\/div>\n\t\t","protected":false},"excerpt":{"rendered":"","protected":false},"author":1,"featured_media":0,"parent":0,"menu_order":0,"comment_status":"closed","ping_status":"closed","template":"page-right-sidebar.php","meta":{"_custom_body_class":"","_custom_post_class":""},"acf":[],"yoast_head":"<!-- This site is optimized with the Yoast SEO plugin v18.4.1 - https:\/\/yoast.com\/wordpress\/plugins\/seo\/ -->\n<title>Contacto - Imaxilofacial Badajoz<\/title>\n<meta name=\"description\" content=\"Cirurgia Maxillofacial, Cirurgi\u00e3o Oral e Maxillofacial, Implantologia Dent\u00e1ria. Implantes dent\u00e1rios, Ortodontia. Dr. Mateo Arias.\" \/>\n<meta name=\"robots\" content=\"index, follow, max-snippet:-1, max-image-preview:large, max-video-preview:-1\" \/>\n<link rel=\"canonical\" href=\"https:\/\/imaxilofacial.com\/pt-pt\/contacto\/\" \/>\n<meta property=\"og:locale\" content=\"pt_PT\" \/>\n<meta property=\"og:type\" content=\"article\" \/>\n<meta property=\"og:title\" content=\"Contacto - Imaxilofacial Badajoz\" \/>\n<meta property=\"og:description\" content=\"Cirurgia Maxillofacial, Cirurgi\u00e3o Oral e Maxillofacial, Implantologia Dent\u00e1ria. Implantes dent\u00e1rios, Ortodontia. Dr. Mateo Arias.\" \/>\n<meta property=\"og:url\" content=\"https:\/\/imaxilofacial.com\/pt-pt\/contacto\/\" \/>\n<meta property=\"og:site_name\" content=\"Instituto Maxilofacial Portugal\" \/>\n<meta property=\"article:publisher\" content=\"https:\/\/www.facebook.com\/Imaxilofacial-878901768819054\/\" \/>\n<meta property=\"article:modified_time\" content=\"2022-04-27T14:16:30+00:00\" \/>\n<meta name=\"twitter:card\" content=\"summary\" \/>\n<meta name=\"twitter:site\" content=\"@BadajozSalud\" \/>\n<meta name=\"twitter:label1\" content=\"Tempo estimado de leitura\" \/>\n\t<meta name=\"twitter:data1\" content=\"1 minuto\" \/>\n<script type=\"application\/ld+json\" class=\"yoast-schema-graph\">{\"@context\":\"https:\/\/schema.org\",\"@graph\":[{\"@type\":\"WebSite\",\"@id\":\"https:\/\/imaxilofacial.com\/#website\",\"url\":\"https:\/\/imaxilofacial.com\/\",\"name\":\"Instituto Maxilofacial Portugal\",\"description\":\"Outro site WordPress\",\"potentialAction\":[{\"@type\":\"SearchAction\",\"target\":{\"@type\":\"EntryPoint\",\"urlTemplate\":\"https:\/\/imaxilofacial.com\/?s={search_term_string}\"},\"query-input\":\"required name=search_term_string\"}],\"inLanguage\":\"pt-PT\"},{\"@type\":\"WebPage\",\"@id\":\"https:\/\/imaxilofacial.com\/pt-pt\/contacto\/#webpage\",\"url\":\"https:\/\/imaxilofacial.com\/pt-pt\/contacto\/\",\"name\":\"Contacto - Imaxilofacial Badajoz\",\"isPartOf\":{\"@id\":\"https:\/\/imaxilofacial.com\/#website\"},\"datePublished\":\"2022-01-07T09:42:27+00:00\",\"dateModified\":\"2022-04-27T14:16:30+00:00\",\"description\":\"Cirurgia Maxillofacial, Cirurgi\u00e3o Oral e Maxillofacial, Implantologia Dent\u00e1ria. Implantes dent\u00e1rios, Ortodontia. Dr. Mateo Arias.\",\"breadcrumb\":{\"@id\":\"https:\/\/imaxilofacial.com\/pt-pt\/contacto\/#breadcrumb\"},\"inLanguage\":\"pt-PT\",\"potentialAction\":[{\"@type\":\"ReadAction\",\"target\":[\"https:\/\/imaxilofacial.com\/pt-pt\/contacto\/\"]}]},{\"@type\":\"BreadcrumbList\",\"@id\":\"https:\/\/imaxilofacial.com\/pt-pt\/contacto\/#breadcrumb\",\"itemListElement\":[{\"@type\":\"ListItem\",\"position\":1,\"name\":\"Instituto Maxilofacial Badajoz\",\"item\":\"https:\/\/imaxilofacial.com\/pt-pt\/\"},{\"@type\":\"ListItem\",\"position\":2,\"name\":\"Contacto\"}]}]}<\/script>\n<!-- \/ Yoast SEO plugin. -->","yoast_head_json":{"title":"Contacto - Imaxilofacial Badajoz","description":"Cirurgia Maxillofacial, Cirurgi\u00e3o Oral e Maxillofacial, Implantologia Dent\u00e1ria. Implantes dent\u00e1rios, Ortodontia. Dr. Mateo Arias.","robots":{"index":"index","follow":"follow","max-snippet":"max-snippet:-1","max-image-preview":"max-image-preview:large","max-video-preview":"max-video-preview:-1"},"canonical":"https:\/\/imaxilofacial.com\/pt-pt\/contacto\/","og_locale":"pt_PT","og_type":"article","og_title":"Contacto - Imaxilofacial Badajoz","og_description":"Cirurgia Maxillofacial, Cirurgi\u00e3o Oral e Maxillofacial, Implantologia Dent\u00e1ria. Implantes dent\u00e1rios, Ortodontia. Dr. Mateo Arias.","og_url":"https:\/\/imaxilofacial.com\/pt-pt\/contacto\/","og_site_name":"Instituto Maxilofacial Portugal","article_publisher":"https:\/\/www.facebook.com\/Imaxilofacial-878901768819054\/","article_modified_time":"2022-04-27T14:16:30+00:00","twitter_card":"summary","twitter_site":"@BadajozSalud","twitter_misc":{"Tempo estimado de leitura":"1 minuto"},"schema":{"@context":"https:\/\/schema.org","@graph":[{"@type":"WebSite","@id":"https:\/\/imaxilofacial.com\/#website","url":"https:\/\/imaxilofacial.com\/","name":"Instituto Maxilofacial Portugal","description":"Outro site WordPress","potentialAction":[{"@type":"SearchAction","target":{"@type":"EntryPoint","urlTemplate":"https:\/\/imaxilofacial.com\/?s={search_term_string}"},"query-input":"required name=search_term_string"}],"inLanguage":"pt-PT"},{"@type":"WebPage","@id":"https:\/\/imaxilofacial.com\/pt-pt\/contacto\/#webpage","url":"https:\/\/imaxilofacial.com\/pt-pt\/contacto\/","name":"Contacto - Imaxilofacial Badajoz","isPartOf":{"@id":"https:\/\/imaxilofacial.com\/#website"},"datePublished":"2022-01-07T09:42:27+00:00","dateModified":"2022-04-27T14:16:30+00:00","description":"Cirurgia Maxillofacial, Cirurgi\u00e3o Oral e Maxillofacial, Implantologia Dent\u00e1ria. Implantes dent\u00e1rios, Ortodontia. Dr. Mateo Arias.","breadcrumb":{"@id":"https:\/\/imaxilofacial.com\/pt-pt\/contacto\/#breadcrumb"},"inLanguage":"pt-PT","potentialAction":[{"@type":"ReadAction","target":["https:\/\/imaxilofacial.com\/pt-pt\/contacto\/"]}]},{"@type":"BreadcrumbList","@id":"https:\/\/imaxilofacial.com\/pt-pt\/contacto\/#breadcrumb","itemListElement":[{"@type":"ListItem","position":1,"name":"Instituto Maxilofacial Badajoz","item":"https:\/\/imaxilofacial.com\/pt-pt\/"},{"@type":"ListItem","position":2,"name":"Contacto"}]}]}},"_links":{"self":[{"href":"https:\/\/imaxilofacial.com\/pt-pt\/wp-json\/wp\/v2\/pages\/3851"}],"collection":[{"href":"https:\/\/imaxilofacial.com\/pt-pt\/wp-json\/wp\/v2\/pages"}],"about":[{"href":"https:\/\/imaxilofacial.com\/pt-pt\/wp-json\/wp\/v2\/types\/page"}],"author":[{"embeddable":true,"href":"https:\/\/imaxilofacial.com\/pt-pt\/wp-json\/wp\/v2\/users\/1"}],"replies":[{"embeddable":true,"href":"https:\/\/imaxilofacial.com\/pt-pt\/wp-json\/wp\/v2\/comments?post=3851"}],"version-history":[{"count":29,"href":"https:\/\/imaxilofacial.com\/pt-pt\/wp-json\/wp\/v2\/pages\/3851\/revisions"}],"predecessor-version":[{"id":5005,"href":"https:\/\/imaxilofacial.com\/pt-pt\/wp-json\/wp\/v2\/pages\/3851\/revisions\/5005"}],"wp:attachment":[{"href":"https:\/\/imaxilofacial.com\/pt-pt\/wp-json\/wp\/v2\/media?parent=3851"}],"curies":[{"name":"wp","href":"https:\/\/api.w.org\/{rel}","templated":true}]}}