{"id":3867,"date":"2022-01-07T11:11:22","date_gmt":"2022-01-07T11:11:22","guid":{"rendered":"https:\/\/imaxilofacial.com\/?page_id=3867"},"modified":"2022-11-21T20:49:43","modified_gmt":"2022-11-21T20:49:43","slug":"ortodontia","status":"publish","type":"page","link":"https:\/\/imaxilofacial.com\/pt-pt\/odontologia\/ortodontia\/","title":{"rendered":"Ortodoncia"},"content":{"rendered":"<div class=\"row\"  id=\"row-182980066\">\n\n\t<div id=\"col-607535987\" class=\"col medium-1\/3 large-4\"  >\n\t\t\t\t<div class=\"col-inner\"  >\n\t\t\t\n\t\t\t\n<p><img loading=\"lazy\" class=\"alignnone size-full wp-image-3869\" src=\"https:\/\/imaxilofacial.com\/wp-content\/uploads\/2015\/09\/ortodoncia.jpg\" alt=\"ortodoncia\" width=\"393\" height=\"263\" srcset=\"https:\/\/imaxilofacial.com\/wp-content\/uploads\/2015\/09\/ortodoncia.jpg 393w, https:\/\/imaxilofacial.com\/wp-content\/uploads\/2015\/09\/ortodoncia-300x201.jpg 300w\" sizes=\"(max-width: 393px) 100vw, 393px\" \/><\/p>\n\t\t<\/div>\n\t\t\t\t\t<\/div>\n\n\t\n\n\t<div id=\"col-1129931603\" class=\"col medium-2\/3 large-8\"  >\n\t\t\t\t<div class=\"col-inner\"  >\n\t\t\t\n\t\t\t\n<blockquote><p>A Ortodontia \u00e9 uma especialidade da Medicina Dent\u00e1ria. Trata da preven\u00e7\u00e3o, diagn\u00f3stico e tratamento de anomalias na forma, posi\u00e7\u00e3o, rela\u00e7\u00e3o e fun\u00e7\u00e3o das estruturas dento-maxilo-faciais. Os ortodontistas n\u00e3o s\u00f3 trabalham com a mobiliza\u00e7\u00e3o dos dentes, como tamb\u00e9m podem actuar sobre o crescimento dos ossos faciais numa idade precoce. Estimul\u00e1-lo quando \u00e9 atrasado ou parcialmente inibido quando \u00e9 muito acelerado..<\/p>\n\t\t<\/div>\n\t\t\t\t\t<\/div>\n\n\t\n<\/div>\n<p>A maioria das pessoas come\u00e7a o tratamento ortod\u00f4ntico para conseguir um sorriso saud\u00e1vel e bonito. Algumas pessoas t\u00eam um complexo sobre a apar\u00eancia ou posi\u00e7\u00e3o dos seus dentes, impedindo-as de sorrir confortavelmente ou completamente. O tratamento ortod\u00f4ntico ir\u00e1 melhorar muito a apar\u00eancia e est\u00e9tica dos seus dentes, permitindo-lhe ganhar confian\u00e7a e seguran\u00e7a quando sorrir sem complexos. Assim, quando terminar o seu tratamento ortod\u00f4ntico, ter\u00e1 o sorriso com que sempre sonhou e a confian\u00e7a para o mostrar.<\/p>\n<h2>Aparelhos ortod\u00f4nticos<\/h2>\n<p>O tratamento ortod\u00f4ntico \u00e9 realizado com aparelhos que s\u00e3o feitos de metal, cer\u00e2mica ou pl\u00e1stico. Estes dispositivos podem ser remov\u00edveis, remov\u00edveis, ou podem ser fixados aos dentes.\u00a0 Os mais utilizados para o tratamento ortod\u00f4ntico s\u00e3o os braquetes. Os suportes s\u00e3o dispositivos fixos, que s\u00e3o fixados aos dentes com um material especial. Os suportes movem os dentes lentamente para a posi\u00e7\u00e3o correcta. Estes dispositivos aplicam uma for\u00e7a suave mas constante numa direc\u00e7\u00e3o controlada e seleccionada, de acordo com o plano de tratamento.<\/p>\n<span class=\"collapseomatic \" id=\"id69e499f1e2512\"  tabindex=\"0\" title=\"Ler mais\"    >Ler mais<\/span><div id=\"target-id69e499f1e2512\" class=\"collapseomatic_content \">\n<p>Os aparelhos de apoio t\u00eam-se tornado muito mais pequenos ao longo dos anos. J\u00e1 l\u00e1 v\u00e3o os dias em que uma banda met\u00e1lica com um suporte era colocada \u00e0 volta de cada dente. Agora pode escolher par\u00eanteses met\u00e1licos, par\u00eanteses est\u00e9ticos, par\u00eanteses claros e, em alguns casos, at\u00e9 a cor dos par\u00eanteses. Os fios que s\u00e3o fixados aos braquetes, e geram as for\u00e7as que s\u00e3o aplicadas aos dentes, s\u00e3o muito menos percept\u00edveis. Para al\u00e9m da evolu\u00e7\u00e3o que se verificou no tamanho e apar\u00eancia dos par\u00eanteses, houve tamb\u00e9m avan\u00e7os nos materiais a partir dos quais s\u00e3o feitos. Estes materiais s\u00e3o concebidos para mover os dentes mais rapidamente e acima de tudo mais confortavelmente.<\/p>\n<p>Os \u00faltimos avan\u00e7os no tratamento ortod\u00f4ntico visam a substitui\u00e7\u00e3o de braquetes por alinhadores invis\u00edveis. Estas talas s\u00e3o feitas \u00e0 medida, dependendo dos movimentos dent\u00e1rios requeridos por cada paciente. Ap\u00f3s um estudo detalhado, um conjunto de alinhadores \u00e9 feito e utilizado para realizar o tratamento ortod\u00f4ntico. Cada tala \u00e9 utilizada durante algumas semanas antes de passar ao pr\u00f3ximo alinhador, at\u00e9 que o tratamento esteja conclu\u00eddo. Estas talas, que s\u00e3o transparentes, podem ser removidas para limpeza dos dentes ou refei\u00e7\u00f5es. S\u00e3o praticamente indetect\u00e1veis, tornando o tratamento ortod\u00f4ntico muito confort\u00e1vel e simples para o paciente.<\/p>\n<h2><\/div><\/h2>\n<h2>Duraci\u00f3n del tratamiento<\/h2>\n<\/blockquote>\n<p>O tempo de tratamento varia de um a tr\u00eas anos, dependendo de v\u00e1rios factores, tais como idade, m\u00e9todo de tratamento e a gravidade do seu caso.\u00a0 Um factor muito importante para alcan\u00e7ar um resultado bem sucedido \u00e9 a colabora\u00e7\u00e3o do paciente, quanto mais envolvidos estiverem, mais cedo alcan\u00e7aremos os objectivos do seu tratamento.<\/p>\n<p>O tratamento ortod\u00f4ntico pode ser classificado de acordo com os aparelhos que utilizamos, mas tamb\u00e9m podemos diferenci\u00e1-lo de acordo com a idade em que \u00e9 realizado e os seus objectivos.\u00a0 Assim, dependendo da idade do paciente, podemos distinguir v\u00e1rios tipos de tratamento:<\/p>\n<h2>Ortodoncia Infantil<\/h2>\n<div class=\"row\"  id=\"row-507698676\">\n\n\t<div id=\"col-1272056097\" class=\"col medium-1\/2 large-6\"  >\n\t\t\t\t<div class=\"col-inner\"  >\n\t\t\t\n\t\t\t\n<p><img loading=\"lazy\" class=\"alignnone size-thumbnail wp-image-3870\" src=\"https:\/\/imaxilofacial.com\/wp-content\/uploads\/2015\/09\/orto_inf-150x150.jpg\" alt=\"orto_inf\" width=\"150\" height=\"150\" \/><\/p>\n<p><strong>Ortodontia interceptiva. <\/strong><\/p>\n<p>A idade ideal para o primeiro exame ortod\u00f4ntico \u00e9 de 7 anos de idade. \u00c9 importante detectar e corrigir maus h\u00e1bitos que afectam o desenvolvimento dos ossos faciais ou a erup\u00e7\u00e3o dos dentes permanentes, tais como chupar o polegar ou empurrar a l\u00edngua. Estes h\u00e1bitos podem dar origem a malforma\u00e7\u00f5es tais como uma fissura palatina ou uma mordida aberta, que se n\u00e3o for tratada, conduzir\u00e1 a altera\u00e7\u00f5es permanentes no osso maduro. Os tratamentos ortod\u00f4nticos realizados nesta idade s\u00e3o geralmente curtos, durando aproximadamente 1 ano.<\/p>\n\t\t<\/div>\n\t\t\t\t\t<\/div>\n\n\t\n\n\t<div id=\"col-680762059\" class=\"col medium-1\/2 large-6\"  >\n\t\t\t\t<div class=\"col-inner\"  >\n\t\t\t\n\t\t\t\n<p><img loading=\"lazy\" class=\"alignnone size-thumbnail wp-image-3871\" src=\"https:\/\/imaxilofacial.com\/wp-content\/uploads\/2015\/09\/ort-150x150.jpg\" alt=\"ort\" width=\"150\" height=\"150\" \/><\/p>\n<p><strong>Ortodontia a partir dos 12 anos de idade.<\/strong><\/p>\n<p>Nesta idade, todos os dentes permanentes irromperam e os ossos maxilares est\u00e3o numa fase de crescimento m\u00ednimo, embora a sua taxa de crescimento ainda possa ser modificada. Nesta idade ainda podemos corrigir problemas oclusais como as mordidas cruzadas com expansores palatinos, evitando os tratamentos cir\u00fargicos mais agressivos que s\u00e3o realizados em adultos.<\/p>\n\t\t<\/div>\n\t\t\t\t\t<\/div>\n\n\t\n<\/div>\n<h2>Ortodontia para adultos<\/h2>\n<p>A idade j\u00e1 n\u00e3o \u00e9 um impedimento para alinhar os dentes e melhorar a sua apar\u00eancia, e o apinhamento dent\u00e1rio torna frequentemente dif\u00edcil uma higiene dent\u00e1ria adequada. A doen\u00e7a periodontal \u00e9 mais frequente nesta situa\u00e7\u00e3o. Existem diferentes tipos de aparelhos, dependendo das exig\u00eancias ou prefer\u00eancias do paciente.<\/p>\n<div class=\"row\"  id=\"row-1819311410\">\n\n\t<div id=\"col-942789864\" class=\"col medium-1\/2 large-6\"  >\n\t\t\t\t<div class=\"col-inner\"  >\n\t\t\t\n\t\t\t\n<p><img loading=\"lazy\" class=\"alignnone size-thumbnail wp-image-3873\" src=\"https:\/\/imaxilofacial.com\/wp-content\/uploads\/2015\/09\/brack-150x150.jpg\" alt=\"brack\" width=\"150\" height=\"150\" \/><\/p>\n<p><strong>Aparelhos fixos com coloca\u00e7\u00e3o de suporte<\/strong><\/p>\n<p>Este \u00e9 o tratamento padr\u00e3o e mais conhecido, a dura\u00e7\u00e3o do tratamento \u00e9 vari\u00e1vel, dependendo de cada paciente. Entre estes, temos a t\u00e9cnica lingu\u00edstica. Nesta t\u00e9cnica, os braquetes s\u00e3o colocados no lado lingual dos dentes inferiores ou no lado palatino dos dentes superiores, tornando-os menos vis\u00edveis.<\/p>\n\t\t<\/div>\n\t\t\t\t\t<\/div>\n\n\t\n\n\t<div id=\"col-917400627\" class=\"col medium-1\/2 large-6\"  >\n\t\t\t\t<div class=\"col-inner\"  >\n\t\t\t\n\t\t\t\n<p><img loading=\"lazy\" class=\"alignnone size-thumbnail wp-image-3872\" src=\"https:\/\/imaxilofacial.com\/wp-content\/uploads\/2015\/09\/brakets_invi-150x150.jpg\" alt=\"brakets_invi\" width=\"150\" height=\"150\" \/><\/p>\n<p><strong>Alinhadores invis\u00edveis<\/strong><\/p>\n<p>Aparelhos totalmente transparentes, estas s\u00e3o talas flex\u00edveis que o paciente pode colocar e retirar e que gradualmente alinham os dentes. \u00c9 realizado um estudo inicial e \u00e9 feita uma visualiza\u00e7\u00e3o dos movimentos que ser\u00e3o necess\u00e1rios nos dentes da maxila e da mand\u00edbula. Estes alinhadores s\u00e3o trocados \u00e0 medida que o tratamento avan\u00e7a. Esta t\u00e9cnica \u00e9 cada vez mais utilizada, devido ao seu conforto para o paciente, embora tenha um custo acrescido em rela\u00e7\u00e3o ao tratamento ortod\u00f4ntico habitual.<\/p>\n\t\t<\/div>\n\t\t\t\t\t<\/div>\n\n\t\n<\/div>\n<h2>Cirurgia ortogn\u00e1tica e ortodontia cir\u00fargica<\/h2>\n<blockquote><p>Em alguns casos, a ortodontia n\u00e3o \u00e9 suficiente para corrigir a m\u00e1 posi\u00e7\u00e3o dos dentes, nos casos em que o osso da mand\u00edbula ou maxilar superior se desenvolveu de forma desigual, e o tratamento ortod\u00f4ntico regular dos dentes n\u00e3o pode compensar o desequil\u00edbrio no crescimento \u00f3sseo. Nestes casos \u00e9 necess\u00e1rio recorrer a algum tipo de interven\u00e7\u00e3o cir\u00fargica no osso maxilar ou mandibular para restaurar a harmonia facial e alcan\u00e7ar os resultados esperados na oclus\u00e3o, que \u00e9 o que chamamos cirurgia ortogr\u00e1fica ou de perfil facial. Este tipo de cirurgia \u00e9 realizada quando o crescimento do esqueleto \u00f3sseo tiver terminado, o que geralmente ocorre por volta dos 17-18 anos de idade. Esta seria a idade m\u00ednima para o tratamento cir\u00fargico de anomalias no desenvolvimento dos ossos faciais.<\/p><\/blockquote>\n<span class=\"collapseomatic \" id=\"id69e499f1e28d7\"  tabindex=\"0\" title=\"Ler mais\"    >Ler mais<\/span><div id=\"target-id69e499f1e28d7\" class=\"collapseomatic_content \">\n<p>A Ortodontia est\u00e1 intimamente ligada \u00e0 est\u00e9tica facial, uma vez que o movimento dos dentes altera o perfil do rosto. Ainda mais quando a estrutura \u00f3ssea onde os dentes est\u00e3o localizados \u00e9 mobilizada de modo a alcan\u00e7ar uma oclus\u00e3o adequada. Nestes casos, s\u00e3o tamb\u00e9m comuns interven\u00e7\u00f5es complementares que melhoram a est\u00e9tica facial na mesma interven\u00e7\u00e3o, tais como a cirurgia ao queixo, rinoplastia, lipoaspira\u00e7\u00e3o cervical, preenchimento do osso da face, etc.<\/p>\n<p>A coordena\u00e7\u00e3o entre a equipa de profissionais envolvidos no processo, cirurgi\u00e3o maxilo-facial e ortodontista, \u00e9 essencial neste tipo de tratamento. Gra\u00e7as aos programas de realidade virtual, \u00e9 poss\u00edvel obter uma simula\u00e7\u00e3o aproximada do resultado est\u00e9tico facial final. Materiais de \u00faltima gera\u00e7\u00e3o s\u00e3o utilizados nestas interven\u00e7\u00f5es para fixar o osso. Isto torna a recupera\u00e7\u00e3o mais r\u00e1pida e permite que o paciente volte \u00e0s suas actividades di\u00e1rias mais cedo, entre 5 e 7 dias de recupera\u00e7\u00e3o p\u00f3s-operat\u00f3ria. As osteotomias ou cortes \u00f3sseos s\u00e3o efectuados dentro da boca, pelo que n\u00e3o s\u00e3o criadas cicatrizes externas vis\u00edveis. As cicatrizes intra-orais n\u00e3o deixam sequelas est\u00e9ticas ou funcionais.<\/p>\n<\/div>\n<p><iframe loading=\"lazy\" title=\"Cirug\u00eda Maxilofacial  Dr.  Mateo Arias.  Badajoz\" width=\"1020\" height=\"765\" src=\"https:\/\/www.youtube.com\/embed\/k-l5QMxw1J0?feature=oembed\" frameborder=\"0\" allow=\"accelerometer; autoplay; clipboard-write; encrypted-media; gyroscope; picture-in-picture\" allowfullscreen><\/iframe><\/p>\n<p>&nbsp;<\/p>\n<blockquote><p>Se est\u00e1 a pensar em iniciar um tratamento ortod\u00f4ntico para melhorar o seu sorriso ou a sua mastiga\u00e7\u00e3o, n\u00e3o hesite. Entre em contacto com <a href=\"https:\/\/imaxilofacial.com\/pt-pt\/contacto\/\">contacte a nossa pr\u00e1tica<\/a> para marcar uma consulta e obter mais informa\u00e7\u00f5es sobre os tratamentos ortod\u00f4nticos que oferecemos. Tratamento ortod\u00f4ntico realizado exclusivamente por Ortodontistas.<\/p><\/blockquote>\n","protected":false},"excerpt":{"rendered":"<p>A maioria das pessoas come\u00e7a o tratamento ortod\u00f4ntico para conseguir um sorriso saud\u00e1vel e bonito. Algumas pessoas t\u00eam um complexo sobre a apar\u00eancia ou posi\u00e7\u00e3o dos seus dentes, impedindo-as de sorrir confortavelmente ou completamente. O tratamento ortod\u00f4ntico ir\u00e1 melhorar muito a apar\u00eancia e est\u00e9tica dos seus dentes, permitindo-lhe ganhar confian\u00e7a e seguran\u00e7a quando sorrir sem [&#8230;]\n","protected":false},"author":2,"featured_media":0,"parent":3832,"menu_order":0,"comment_status":"closed","ping_status":"closed","template":"page-right-sidebar.php","meta":{"_custom_body_class":"","_custom_post_class":""},"acf":[],"yoast_head":"<!-- This site is optimized with the Yoast SEO plugin v18.4.1 - https:\/\/yoast.com\/wordpress\/plugins\/seo\/ -->\n<title>Ortodoncia - Imaxilofacial Badajoz<\/title>\n<meta name=\"robots\" content=\"index, follow, max-snippet:-1, max-image-preview:large, max-video-preview:-1\" \/>\n<link rel=\"canonical\" href=\"https:\/\/imaxilofacial.com\/pt-pt\/odontologia\/ortodontia\/\" \/>\n<meta property=\"og:locale\" content=\"pt_PT\" \/>\n<meta property=\"og:type\" content=\"article\" \/>\n<meta property=\"og:title\" content=\"Ortodoncia - Imaxilofacial Badajoz\" \/>\n<meta property=\"og:description\" content=\"A maioria das pessoas come\u00e7a o tratamento ortod\u00f4ntico para conseguir um sorriso saud\u00e1vel e bonito. Algumas pessoas t\u00eam um complexo sobre a apar\u00eancia ou posi\u00e7\u00e3o dos seus dentes, impedindo-as de sorrir confortavelmente ou completamente. O tratamento ortod\u00f4ntico ir\u00e1 melhorar muito a apar\u00eancia e est\u00e9tica dos seus dentes, permitindo-lhe ganhar confian\u00e7a e seguran\u00e7a quando sorrir sem [...]\" \/>\n<meta property=\"og:url\" content=\"https:\/\/imaxilofacial.com\/pt-pt\/odontologia\/ortodontia\/\" \/>\n<meta property=\"og:site_name\" content=\"Instituto Maxilofacial Portugal\" \/>\n<meta property=\"article:publisher\" content=\"https:\/\/www.facebook.com\/Imaxilofacial-878901768819054\/\" \/>\n<meta property=\"article:modified_time\" content=\"2022-11-21T20:49:43+00:00\" \/>\n<meta property=\"og:image\" content=\"https:\/\/imaxilofacial.com\/wp-content\/uploads\/2015\/09\/ortodoncia.jpg\" \/>\n<meta name=\"twitter:card\" content=\"summary\" \/>\n<meta name=\"twitter:site\" content=\"@BadajozSalud\" \/>\n<meta name=\"twitter:label1\" content=\"Tempo estimado de leitura\" \/>\n\t<meta name=\"twitter:data1\" content=\"7 minutos\" \/>\n<script type=\"application\/ld+json\" class=\"yoast-schema-graph\">{\"@context\":\"https:\/\/schema.org\",\"@graph\":[{\"@type\":\"WebSite\",\"@id\":\"https:\/\/imaxilofacial.com\/#website\",\"url\":\"https:\/\/imaxilofacial.com\/\",\"name\":\"Instituto Maxilofacial Portugal\",\"description\":\"Outro site WordPress\",\"potentialAction\":[{\"@type\":\"SearchAction\",\"target\":{\"@type\":\"EntryPoint\",\"urlTemplate\":\"https:\/\/imaxilofacial.com\/?s={search_term_string}\"},\"query-input\":\"required name=search_term_string\"}],\"inLanguage\":\"pt-PT\"},{\"@type\":\"ImageObject\",\"@id\":\"https:\/\/imaxilofacial.com\/pt-pt\/odontologia\/ortodontia\/#primaryimage\",\"inLanguage\":\"pt-PT\",\"url\":\"https:\/\/imaxilofacial.com\/wp-content\/uploads\/2015\/09\/ortodoncia.jpg\",\"contentUrl\":\"https:\/\/imaxilofacial.com\/wp-content\/uploads\/2015\/09\/ortodoncia.jpg\",\"width\":393,\"height\":263},{\"@type\":\"WebPage\",\"@id\":\"https:\/\/imaxilofacial.com\/pt-pt\/odontologia\/ortodontia\/#webpage\",\"url\":\"https:\/\/imaxilofacial.com\/pt-pt\/odontologia\/ortodontia\/\",\"name\":\"Ortodoncia - Imaxilofacial Badajoz\",\"isPartOf\":{\"@id\":\"https:\/\/imaxilofacial.com\/#website\"},\"primaryImageOfPage\":{\"@id\":\"https:\/\/imaxilofacial.com\/pt-pt\/odontologia\/ortodontia\/#primaryimage\"},\"datePublished\":\"2022-01-07T11:11:22+00:00\",\"dateModified\":\"2022-11-21T20:49:43+00:00\",\"breadcrumb\":{\"@id\":\"https:\/\/imaxilofacial.com\/pt-pt\/odontologia\/ortodontia\/#breadcrumb\"},\"inLanguage\":\"pt-PT\",\"potentialAction\":[{\"@type\":\"ReadAction\",\"target\":[\"https:\/\/imaxilofacial.com\/pt-pt\/odontologia\/ortodontia\/\"]}]},{\"@type\":\"BreadcrumbList\",\"@id\":\"https:\/\/imaxilofacial.com\/pt-pt\/odontologia\/ortodontia\/#breadcrumb\",\"itemListElement\":[{\"@type\":\"ListItem\",\"position\":1,\"name\":\"Instituto Maxilofacial Badajoz\",\"item\":\"https:\/\/imaxilofacial.com\/pt-pt\/\"},{\"@type\":\"ListItem\",\"position\":2,\"name\":\"Odontolog\u00eda\",\"item\":\"https:\/\/imaxilofacial.com\/pt-pt\/odontologia\/\"},{\"@type\":\"ListItem\",\"position\":3,\"name\":\"Ortodoncia\"}]}]}<\/script>\n<!-- \/ Yoast SEO plugin. -->","yoast_head_json":{"title":"Ortodoncia - Imaxilofacial Badajoz","robots":{"index":"index","follow":"follow","max-snippet":"max-snippet:-1","max-image-preview":"max-image-preview:large","max-video-preview":"max-video-preview:-1"},"canonical":"https:\/\/imaxilofacial.com\/pt-pt\/odontologia\/ortodontia\/","og_locale":"pt_PT","og_type":"article","og_title":"Ortodoncia - Imaxilofacial Badajoz","og_description":"A maioria das pessoas come\u00e7a o tratamento ortod\u00f4ntico para conseguir um sorriso saud\u00e1vel e bonito. Algumas pessoas t\u00eam um complexo sobre a apar\u00eancia ou posi\u00e7\u00e3o dos seus dentes, impedindo-as de sorrir confortavelmente ou completamente. O tratamento ortod\u00f4ntico ir\u00e1 melhorar muito a apar\u00eancia e est\u00e9tica dos seus dentes, permitindo-lhe ganhar confian\u00e7a e seguran\u00e7a quando sorrir sem [...]","og_url":"https:\/\/imaxilofacial.com\/pt-pt\/odontologia\/ortodontia\/","og_site_name":"Instituto Maxilofacial Portugal","article_publisher":"https:\/\/www.facebook.com\/Imaxilofacial-878901768819054\/","article_modified_time":"2022-11-21T20:49:43+00:00","og_image":[{"url":"https:\/\/imaxilofacial.com\/wp-content\/uploads\/2015\/09\/ortodoncia.jpg"}],"twitter_card":"summary","twitter_site":"@BadajozSalud","twitter_misc":{"Tempo estimado de leitura":"7 minutos"},"schema":{"@context":"https:\/\/schema.org","@graph":[{"@type":"WebSite","@id":"https:\/\/imaxilofacial.com\/#website","url":"https:\/\/imaxilofacial.com\/","name":"Instituto Maxilofacial Portugal","description":"Outro site WordPress","potentialAction":[{"@type":"SearchAction","target":{"@type":"EntryPoint","urlTemplate":"https:\/\/imaxilofacial.com\/?s={search_term_string}"},"query-input":"required name=search_term_string"}],"inLanguage":"pt-PT"},{"@type":"ImageObject","@id":"https:\/\/imaxilofacial.com\/pt-pt\/odontologia\/ortodontia\/#primaryimage","inLanguage":"pt-PT","url":"https:\/\/imaxilofacial.com\/wp-content\/uploads\/2015\/09\/ortodoncia.jpg","contentUrl":"https:\/\/imaxilofacial.com\/wp-content\/uploads\/2015\/09\/ortodoncia.jpg","width":393,"height":263},{"@type":"WebPage","@id":"https:\/\/imaxilofacial.com\/pt-pt\/odontologia\/ortodontia\/#webpage","url":"https:\/\/imaxilofacial.com\/pt-pt\/odontologia\/ortodontia\/","name":"Ortodoncia - Imaxilofacial Badajoz","isPartOf":{"@id":"https:\/\/imaxilofacial.com\/#website"},"primaryImageOfPage":{"@id":"https:\/\/imaxilofacial.com\/pt-pt\/odontologia\/ortodontia\/#primaryimage"},"datePublished":"2022-01-07T11:11:22+00:00","dateModified":"2022-11-21T20:49:43+00:00","breadcrumb":{"@id":"https:\/\/imaxilofacial.com\/pt-pt\/odontologia\/ortodontia\/#breadcrumb"},"inLanguage":"pt-PT","potentialAction":[{"@type":"ReadAction","target":["https:\/\/imaxilofacial.com\/pt-pt\/odontologia\/ortodontia\/"]}]},{"@type":"BreadcrumbList","@id":"https:\/\/imaxilofacial.com\/pt-pt\/odontologia\/ortodontia\/#breadcrumb","itemListElement":[{"@type":"ListItem","position":1,"name":"Instituto Maxilofacial Badajoz","item":"https:\/\/imaxilofacial.com\/pt-pt\/"},{"@type":"ListItem","position":2,"name":"Odontolog\u00eda","item":"https:\/\/imaxilofacial.com\/pt-pt\/odontologia\/"},{"@type":"ListItem","position":3,"name":"Ortodoncia"}]}]}},"_links":{"self":[{"href":"https:\/\/imaxilofacial.com\/pt-pt\/wp-json\/wp\/v2\/pages\/3867"}],"collection":[{"href":"https:\/\/imaxilofacial.com\/pt-pt\/wp-json\/wp\/v2\/pages"}],"about":[{"href":"https:\/\/imaxilofacial.com\/pt-pt\/wp-json\/wp\/v2\/types\/page"}],"author":[{"embeddable":true,"href":"https:\/\/imaxilofacial.com\/pt-pt\/wp-json\/wp\/v2\/users\/2"}],"replies":[{"embeddable":true,"href":"https:\/\/imaxilofacial.com\/pt-pt\/wp-json\/wp\/v2\/comments?post=3867"}],"version-history":[{"count":7,"href":"https:\/\/imaxilofacial.com\/pt-pt\/wp-json\/wp\/v2\/pages\/3867\/revisions"}],"predecessor-version":[{"id":5507,"href":"https:\/\/imaxilofacial.com\/pt-pt\/wp-json\/wp\/v2\/pages\/3867\/revisions\/5507"}],"up":[{"embeddable":true,"href":"https:\/\/imaxilofacial.com\/pt-pt\/wp-json\/wp\/v2\/pages\/3832"}],"wp:attachment":[{"href":"https:\/\/imaxilofacial.com\/pt-pt\/wp-json\/wp\/v2\/media?parent=3867"}],"curies":[{"name":"wp","href":"https:\/\/api.w.org\/{rel}","templated":true}]}}