{"id":3907,"date":"2022-01-07T13:47:58","date_gmt":"2022-01-07T13:47:58","guid":{"rendered":"https:\/\/imaxilofacial.com\/?page_id=3907"},"modified":"2022-11-21T20:08:48","modified_gmt":"2022-11-21T20:08:48","slug":"implantes-dentarios","status":"publish","type":"page","link":"https:\/\/imaxilofacial.com\/pt-pt\/odontologia\/implantes-dentarios\/","title":{"rendered":"Implantes Dentales"},"content":{"rendered":"<div class=\"row\"  id=\"row-2044955526\">\n\n\t<div id=\"col-445462465\" class=\"col medium-1\/3 large-4\"  >\n\t\t\t\t<div class=\"col-inner\"  >\n\t\t\t\n\t\t\t\n<img loading=\"lazy\" class=\"size-full wp-image-3910 aligncenter\" src=\"https:\/\/imaxilofacial.com\/wp-content\/uploads\/2015\/09\/od.jpg\" alt=\"od\" width=\"173\" height=\"259\" \/><img loading=\"lazy\" class=\"alignnone size-full wp-image-3909\" src=\"https:\/\/imaxilofacial.com\/wp-content\/uploads\/2015\/09\/implantes.jpg\" alt=\"implantes\" width=\"302\" height=\"276\" srcset=\"https:\/\/imaxilofacial.com\/wp-content\/uploads\/2015\/09\/implantes.jpg 302w, https:\/\/imaxilofacial.com\/wp-content\/uploads\/2015\/09\/implantes-300x274.jpg 300w\" sizes=\"(max-width: 302px) 100vw, 302px\" \/><br \/>\n\t\t<\/div>\n\t\t\t\t\t<\/div>\n\n\t\n\n\t<div id=\"col-1935135202\" class=\"col medium-2\/3 large-8\"  >\n\t\t\t\t<div class=\"col-inner\"  >\n\t\t\t\n\t\t\t\n<p>Os implantes dent\u00e1rios s\u00e3o um dispositivo m\u00e9dico feito de tit\u00e2nio, an\u00e1logo \u00e0 raiz do dente que actua como um pilar est\u00e1vel para a pr\u00f3tese dent\u00e1ria a ser colocada no paciente. Uma das grandes vantagens dos implantes dent\u00e1rios para substituir os dentes perdidos \u00e9 que permitem que as for\u00e7as de mastiga\u00e7\u00e3o sejam transmitidas ao osso, preservando assim o osso alveolar. Sem a transmiss\u00e3o deste est\u00edmulo, o osso seria perdido com o tempo.<\/p>\n<p>Temos de distinguir dois conceitos no processo de pr\u00f3tese de implantes. Em primeiro lugar, colocamos os implantes que s\u00e3o fixos ou embutidos no osso (s\u00f3 s\u00e3o vis\u00edveis com raios X). As pr\u00f3teses dent\u00e1rias s\u00e3o suportadas sobre estes implantes por meio de fixa\u00e7\u00f5es intermedi\u00e1rias que s\u00e3o vis\u00edveis na boca. Dependendo do n\u00famero de implantes colocados na mand\u00edbula ou maxilar superior, o desenho da pr\u00f3tese depender\u00e1 do n\u00famero de implantes. Estes podem ser fixados, repousando apenas sobre os implantes, ou sobre implantes e gengivas (suporte misto). Estas \u00faltimas s\u00e3o pr\u00f3teses de implantes remov\u00edveis. A pr\u00f3tese \u00e9 suportada na gengiva mas os implantes exercem um mecanismo de reten\u00e7\u00e3o flex\u00edvel que permite ao paciente remov\u00ea-la. Este \u00faltimo caso corresponde a casos com pouco suporte \u00f3sseo para a coloca\u00e7\u00e3o dos implantes. Para planear o tratamento com implantes \u00e9 necess\u00e1rio realizar um estudo exaustivo, juntamente com uma consulta m\u00e9dica para descobrir as necessidades de cada pessoa, com o objectivo de alcan\u00e7ar o melhor resultado poss\u00edvel.<\/p>\n\t\t<\/div>\n\t\t\t\t\t<\/div>\n\n\t\n<\/div>\n<blockquote><p>As vantagens da implantologia s\u00e3o muitas: conforto, durabilidade, higiene, sa\u00fade, mas acima de tudo a fun\u00e7\u00e3o est\u00e9tica destaca-se: obtemos um sorriso natural atrav\u00e9s de implantes que nos far\u00e1 sentir mais confort\u00e1veis e confiantes, e a fun\u00e7\u00e3o funcional, que alcan\u00e7a uma melhoria na mastiga\u00e7\u00e3o.<\/p>\n<p>\u00c9 um tratamento seguro com taxas de sucesso muito elevadas de cerca de 97%. Para alcan\u00e7ar esta elevada taxa de sucesso \u00e9 necess\u00e1rio fazer um diagn\u00f3stico correcto, a radiologia digital 3D \u00e9 necess\u00e1ria para o tratamento actual com implantes, bem como um cirurgi\u00e3o maxilo-facial com vasta experi\u00eancia no tratamento cir\u00fargico da cavidade oral, n\u00e3o h\u00e1 implantes &#8220;premiun&#8221;, apenas implantes que passam os regulamentos da CEE e da FDA, consulte o seu Cirurgi\u00e3o Maxilo-facial.<\/p>\n<p>Se desejar ter um tratamento com implantes dent\u00e1rios em Badajoz, pe\u00e7a uma consulta no nosso centro, oferecemos-lhe a melhor solu\u00e7\u00e3o.<\/p><\/blockquote>\n<div id='gallery-1' class='gallery galleryid-3907 gallery-columns-7 gallery-size-thumbnail'><figure class='gallery-item'>\n\t\t\t<div class='gallery-icon landscape'>\n\t\t\t\t<a href='https:\/\/imaxilofacial.com\/wp-content\/uploads\/2015\/09\/1-radiografia-all-on-four.jpg'><img width=\"150\" height=\"150\" src=\"https:\/\/imaxilofacial.com\/wp-content\/uploads\/2015\/09\/1-radiografia-all-on-four-150x150.jpg\" class=\"attachment-thumbnail size-thumbnail\" alt=\"\" loading=\"lazy\" aria-describedby=\"gallery-1-3911\" \/><\/a>\n\t\t\t<\/div>\n\t\t\t\t<figcaption class='wp-caption-text gallery-caption' id='gallery-1-3911'>\n\t\t\t\tTratamento com 4 implantes : &#8220;All on Four&#8221;\n\t\t\t\t<\/figcaption><\/figure><figure class='gallery-item'>\n\t\t\t<div class='gallery-icon landscape'>\n\t\t\t\t<a href='https:\/\/imaxilofacial.com\/wp-content\/uploads\/2015\/09\/2-frontal-implantes.jpg'><img width=\"150\" height=\"150\" src=\"https:\/\/imaxilofacial.com\/wp-content\/uploads\/2015\/09\/2-frontal-implantes-150x150.jpg\" class=\"attachment-thumbnail size-thumbnail\" alt=\"\" loading=\"lazy\" aria-describedby=\"gallery-1-3912\" \/><\/a>\n\t\t\t<\/div>\n\t\t\t\t<figcaption class='wp-caption-text gallery-caption' id='gallery-1-3912'>\n\t\t\t\tColoca\u00e7\u00e3o da pr\u00f3tese dent\u00e1ria no mesmo dia.\n\t\t\t\t<\/figcaption><\/figure><figure class='gallery-item'>\n\t\t\t<div class='gallery-icon landscape'>\n\t\t\t\t<a href='https:\/\/imaxilofacial.com\/wp-content\/uploads\/2015\/09\/3-protesis-aislada.jpg'><img width=\"150\" height=\"150\" src=\"https:\/\/imaxilofacial.com\/wp-content\/uploads\/2015\/09\/3-protesis-aislada-150x150.jpg\" class=\"attachment-thumbnail size-thumbnail\" alt=\"Tratamento &quot;All on Four&quot;\" loading=\"lazy\" aria-describedby=\"gallery-1-3913\" \/><\/a>\n\t\t\t<\/div>\n\t\t\t\t<figcaption class='wp-caption-text gallery-caption' id='gallery-1-3913'>\n\t\t\t\tTratamento &#8220;Dentes num Dia&#8221;\n\t\t\t\t<\/figcaption><\/figure><figure class='gallery-item'>\n\t\t\t<div class='gallery-icon landscape'>\n\t\t\t\t<a href='https:\/\/imaxilofacial.com\/wp-content\/uploads\/2015\/09\/4-frontal-protesis.jpg'><img width=\"150\" height=\"150\" src=\"https:\/\/imaxilofacial.com\/wp-content\/uploads\/2015\/09\/4-frontal-protesis-150x150.jpg\" class=\"attachment-thumbnail size-thumbnail\" alt=\"\" loading=\"lazy\" aria-describedby=\"gallery-1-3914\" \/><\/a>\n\t\t\t<\/div>\n\t\t\t\t<figcaption class='wp-caption-text gallery-caption' id='gallery-1-3914'>\n\t\t\t\tImagem de pr\u00f3tese dent\u00e1ria\n\t\t\t\t<\/figcaption><\/figure><figure class='gallery-item'>\n\t\t\t<div class='gallery-icon landscape'>\n\t\t\t\t<a href='https:\/\/imaxilofacial.com\/wp-content\/uploads\/2015\/09\/6-ROTADA.jpg'><img width=\"150\" height=\"150\" src=\"https:\/\/imaxilofacial.com\/wp-content\/uploads\/2015\/09\/6-ROTADA-150x150.jpg\" class=\"attachment-thumbnail size-thumbnail\" alt=\"\" loading=\"lazy\" aria-describedby=\"gallery-1-3916\" \/><\/a>\n\t\t\t<\/div>\n\t\t\t\t<figcaption class='wp-caption-text gallery-caption' id='gallery-1-3916'>\n\t\t\t\tEstrutura met\u00e1lica para pr\u00f3tese superior sobre implantes dent\u00e1rios\n\t\t\t\t<\/figcaption><\/figure><figure class='gallery-item'>\n\t\t\t<div class='gallery-icon landscape'>\n\t\t\t\t<a href='https:\/\/imaxilofacial.com\/wp-content\/uploads\/2015\/09\/7-ROTADA-Y-CORREGIDA.jpg'><img width=\"150\" height=\"150\" src=\"https:\/\/imaxilofacial.com\/wp-content\/uploads\/2015\/09\/7-ROTADA-Y-CORREGIDA-150x150.jpg\" class=\"attachment-thumbnail size-thumbnail\" alt=\"\" loading=\"lazy\" aria-describedby=\"gallery-1-3917\" \/><\/a>\n\t\t\t<\/div>\n\t\t\t\t<figcaption class='wp-caption-text gallery-caption' id='gallery-1-3917'>\n\t\t\t\tRevestimento de porcelanato em estrutura met\u00e1lica\n\t\t\t\t<\/figcaption><\/figure><figure class='gallery-item'>\n\t\t\t<div class='gallery-icon landscape'>\n\t\t\t\t<a href='https:\/\/imaxilofacial.com\/wp-content\/uploads\/2015\/09\/5-DSC_0262.jpg'><img width=\"150\" height=\"150\" src=\"https:\/\/imaxilofacial.com\/wp-content\/uploads\/2015\/09\/5-DSC_0262-150x150.jpg\" class=\"attachment-thumbnail size-thumbnail\" alt=\"\" loading=\"lazy\" aria-describedby=\"gallery-1-3915\" \/><\/a>\n\t\t\t<\/div>\n\t\t\t\t<figcaption class='wp-caption-text gallery-caption' id='gallery-1-3915'>\n\t\t\t\tPr\u00f3tese definitiva de porcelana met\u00e1lica sobre implantes dent\u00e1rios no maxilar superior\n\t\t\t\t<\/figcaption><\/figure>\n\t\t<\/div>\n\n","protected":false},"excerpt":{"rendered":"<p>As vantagens da implantologia s\u00e3o muitas: conforto, durabilidade, higiene, sa\u00fade, mas acima de tudo a fun\u00e7\u00e3o est\u00e9tica destaca-se: obtemos um sorriso natural atrav\u00e9s de implantes que nos far\u00e1 sentir mais confort\u00e1veis e confiantes, e a fun\u00e7\u00e3o funcional, que alcan\u00e7a uma melhoria na mastiga\u00e7\u00e3o. \u00c9 um tratamento seguro com taxas de sucesso muito elevadas de cerca [&#8230;]\n","protected":false},"author":2,"featured_media":0,"parent":3832,"menu_order":0,"comment_status":"closed","ping_status":"closed","template":"page-right-sidebar.php","meta":{"_custom_body_class":"","_custom_post_class":""},"acf":[],"yoast_head":"<!-- This site is optimized with the Yoast SEO plugin v18.4.1 - https:\/\/yoast.com\/wordpress\/plugins\/seo\/ -->\n<title>Implantes Dentales - Imaxilofacial Badajoz<\/title>\n<meta name=\"robots\" content=\"index, follow, max-snippet:-1, max-image-preview:large, max-video-preview:-1\" \/>\n<link rel=\"canonical\" href=\"https:\/\/imaxilofacial.com\/pt-pt\/odontologia\/implantes-dentarios\/\" \/>\n<meta property=\"og:locale\" content=\"pt_PT\" \/>\n<meta property=\"og:type\" content=\"article\" \/>\n<meta property=\"og:title\" content=\"Implantes Dentales - Imaxilofacial Badajoz\" \/>\n<meta property=\"og:description\" content=\"As vantagens da implantologia s\u00e3o muitas: conforto, durabilidade, higiene, sa\u00fade, mas acima de tudo a fun\u00e7\u00e3o est\u00e9tica destaca-se: obtemos um sorriso natural atrav\u00e9s de implantes que nos far\u00e1 sentir mais confort\u00e1veis e confiantes, e a fun\u00e7\u00e3o funcional, que alcan\u00e7a uma melhoria na mastiga\u00e7\u00e3o. \u00c9 um tratamento seguro com taxas de sucesso muito elevadas de cerca [...]\" \/>\n<meta property=\"og:url\" content=\"https:\/\/imaxilofacial.com\/pt-pt\/odontologia\/implantes-dentarios\/\" \/>\n<meta property=\"og:site_name\" content=\"Instituto Maxilofacial Portugal\" \/>\n<meta property=\"article:publisher\" content=\"https:\/\/www.facebook.com\/Imaxilofacial-878901768819054\/\" \/>\n<meta property=\"article:modified_time\" content=\"2022-11-21T20:08:48+00:00\" \/>\n<meta property=\"og:image\" content=\"https:\/\/imaxilofacial.com\/wp-content\/uploads\/2015\/09\/1-radiografia-all-on-four-150x150.jpg\" \/>\n<meta name=\"twitter:card\" content=\"summary\" \/>\n<meta name=\"twitter:site\" content=\"@BadajozSalud\" \/>\n<meta name=\"twitter:label1\" content=\"Tempo estimado de leitura\" \/>\n\t<meta name=\"twitter:data1\" content=\"3 minutos\" \/>\n<script type=\"application\/ld+json\" class=\"yoast-schema-graph\">{\"@context\":\"https:\/\/schema.org\",\"@graph\":[{\"@type\":\"WebSite\",\"@id\":\"https:\/\/imaxilofacial.com\/#website\",\"url\":\"https:\/\/imaxilofacial.com\/\",\"name\":\"Instituto Maxilofacial Portugal\",\"description\":\"Outro site WordPress\",\"potentialAction\":[{\"@type\":\"SearchAction\",\"target\":{\"@type\":\"EntryPoint\",\"urlTemplate\":\"https:\/\/imaxilofacial.com\/?s={search_term_string}\"},\"query-input\":\"required name=search_term_string\"}],\"inLanguage\":\"pt-PT\"},{\"@type\":\"ImageObject\",\"@id\":\"https:\/\/imaxilofacial.com\/pt-pt\/odontologia\/implantes-dentarios\/#primaryimage\",\"inLanguage\":\"pt-PT\",\"url\":\"https:\/\/imaxilofacial.com\/wp-content\/uploads\/2015\/09\/od.jpg\",\"contentUrl\":\"https:\/\/imaxilofacial.com\/wp-content\/uploads\/2015\/09\/od.jpg\",\"width\":173,\"height\":259},{\"@type\":\"WebPage\",\"@id\":\"https:\/\/imaxilofacial.com\/pt-pt\/odontologia\/implantes-dentarios\/#webpage\",\"url\":\"https:\/\/imaxilofacial.com\/pt-pt\/odontologia\/implantes-dentarios\/\",\"name\":\"Implantes Dentales - Imaxilofacial Badajoz\",\"isPartOf\":{\"@id\":\"https:\/\/imaxilofacial.com\/#website\"},\"primaryImageOfPage\":{\"@id\":\"https:\/\/imaxilofacial.com\/pt-pt\/odontologia\/implantes-dentarios\/#primaryimage\"},\"datePublished\":\"2022-01-07T13:47:58+00:00\",\"dateModified\":\"2022-11-21T20:08:48+00:00\",\"breadcrumb\":{\"@id\":\"https:\/\/imaxilofacial.com\/pt-pt\/odontologia\/implantes-dentarios\/#breadcrumb\"},\"inLanguage\":\"pt-PT\",\"potentialAction\":[{\"@type\":\"ReadAction\",\"target\":[\"https:\/\/imaxilofacial.com\/pt-pt\/odontologia\/implantes-dentarios\/\"]}]},{\"@type\":\"BreadcrumbList\",\"@id\":\"https:\/\/imaxilofacial.com\/pt-pt\/odontologia\/implantes-dentarios\/#breadcrumb\",\"itemListElement\":[{\"@type\":\"ListItem\",\"position\":1,\"name\":\"Instituto Maxilofacial Badajoz\",\"item\":\"https:\/\/imaxilofacial.com\/pt-pt\/\"},{\"@type\":\"ListItem\",\"position\":2,\"name\":\"Odontolog\u00eda\",\"item\":\"https:\/\/imaxilofacial.com\/pt-pt\/odontologia\/\"},{\"@type\":\"ListItem\",\"position\":3,\"name\":\"Implantes Dentales\"}]}]}<\/script>\n<!-- \/ Yoast SEO plugin. -->","yoast_head_json":{"title":"Implantes Dentales - Imaxilofacial Badajoz","robots":{"index":"index","follow":"follow","max-snippet":"max-snippet:-1","max-image-preview":"max-image-preview:large","max-video-preview":"max-video-preview:-1"},"canonical":"https:\/\/imaxilofacial.com\/pt-pt\/odontologia\/implantes-dentarios\/","og_locale":"pt_PT","og_type":"article","og_title":"Implantes Dentales - Imaxilofacial Badajoz","og_description":"As vantagens da implantologia s\u00e3o muitas: conforto, durabilidade, higiene, sa\u00fade, mas acima de tudo a fun\u00e7\u00e3o est\u00e9tica destaca-se: obtemos um sorriso natural atrav\u00e9s de implantes que nos far\u00e1 sentir mais confort\u00e1veis e confiantes, e a fun\u00e7\u00e3o funcional, que alcan\u00e7a uma melhoria na mastiga\u00e7\u00e3o. \u00c9 um tratamento seguro com taxas de sucesso muito elevadas de cerca [...]","og_url":"https:\/\/imaxilofacial.com\/pt-pt\/odontologia\/implantes-dentarios\/","og_site_name":"Instituto Maxilofacial Portugal","article_publisher":"https:\/\/www.facebook.com\/Imaxilofacial-878901768819054\/","article_modified_time":"2022-11-21T20:08:48+00:00","og_image":[{"url":"https:\/\/imaxilofacial.com\/wp-content\/uploads\/2015\/09\/1-radiografia-all-on-four-150x150.jpg"}],"twitter_card":"summary","twitter_site":"@BadajozSalud","twitter_misc":{"Tempo estimado de leitura":"3 minutos"},"schema":{"@context":"https:\/\/schema.org","@graph":[{"@type":"WebSite","@id":"https:\/\/imaxilofacial.com\/#website","url":"https:\/\/imaxilofacial.com\/","name":"Instituto Maxilofacial Portugal","description":"Outro site WordPress","potentialAction":[{"@type":"SearchAction","target":{"@type":"EntryPoint","urlTemplate":"https:\/\/imaxilofacial.com\/?s={search_term_string}"},"query-input":"required name=search_term_string"}],"inLanguage":"pt-PT"},{"@type":"ImageObject","@id":"https:\/\/imaxilofacial.com\/pt-pt\/odontologia\/implantes-dentarios\/#primaryimage","inLanguage":"pt-PT","url":"https:\/\/imaxilofacial.com\/wp-content\/uploads\/2015\/09\/od.jpg","contentUrl":"https:\/\/imaxilofacial.com\/wp-content\/uploads\/2015\/09\/od.jpg","width":173,"height":259},{"@type":"WebPage","@id":"https:\/\/imaxilofacial.com\/pt-pt\/odontologia\/implantes-dentarios\/#webpage","url":"https:\/\/imaxilofacial.com\/pt-pt\/odontologia\/implantes-dentarios\/","name":"Implantes Dentales - Imaxilofacial Badajoz","isPartOf":{"@id":"https:\/\/imaxilofacial.com\/#website"},"primaryImageOfPage":{"@id":"https:\/\/imaxilofacial.com\/pt-pt\/odontologia\/implantes-dentarios\/#primaryimage"},"datePublished":"2022-01-07T13:47:58+00:00","dateModified":"2022-11-21T20:08:48+00:00","breadcrumb":{"@id":"https:\/\/imaxilofacial.com\/pt-pt\/odontologia\/implantes-dentarios\/#breadcrumb"},"inLanguage":"pt-PT","potentialAction":[{"@type":"ReadAction","target":["https:\/\/imaxilofacial.com\/pt-pt\/odontologia\/implantes-dentarios\/"]}]},{"@type":"BreadcrumbList","@id":"https:\/\/imaxilofacial.com\/pt-pt\/odontologia\/implantes-dentarios\/#breadcrumb","itemListElement":[{"@type":"ListItem","position":1,"name":"Instituto Maxilofacial Badajoz","item":"https:\/\/imaxilofacial.com\/pt-pt\/"},{"@type":"ListItem","position":2,"name":"Odontolog\u00eda","item":"https:\/\/imaxilofacial.com\/pt-pt\/odontologia\/"},{"@type":"ListItem","position":3,"name":"Implantes Dentales"}]}]}},"_links":{"self":[{"href":"https:\/\/imaxilofacial.com\/pt-pt\/wp-json\/wp\/v2\/pages\/3907"}],"collection":[{"href":"https:\/\/imaxilofacial.com\/pt-pt\/wp-json\/wp\/v2\/pages"}],"about":[{"href":"https:\/\/imaxilofacial.com\/pt-pt\/wp-json\/wp\/v2\/types\/page"}],"author":[{"embeddable":true,"href":"https:\/\/imaxilofacial.com\/pt-pt\/wp-json\/wp\/v2\/users\/2"}],"replies":[{"embeddable":true,"href":"https:\/\/imaxilofacial.com\/pt-pt\/wp-json\/wp\/v2\/comments?post=3907"}],"version-history":[{"count":10,"href":"https:\/\/imaxilofacial.com\/pt-pt\/wp-json\/wp\/v2\/pages\/3907\/revisions"}],"predecessor-version":[{"id":5497,"href":"https:\/\/imaxilofacial.com\/pt-pt\/wp-json\/wp\/v2\/pages\/3907\/revisions\/5497"}],"up":[{"embeddable":true,"href":"https:\/\/imaxilofacial.com\/pt-pt\/wp-json\/wp\/v2\/pages\/3832"}],"wp:attachment":[{"href":"https:\/\/imaxilofacial.com\/pt-pt\/wp-json\/wp\/v2\/media?parent=3907"}],"curies":[{"name":"wp","href":"https:\/\/api.w.org\/{rel}","templated":true}]}}