{"id":3951,"date":"2022-01-07T14:12:05","date_gmt":"2022-01-07T14:12:05","guid":{"rendered":"https:\/\/imaxilofacial.com\/?page_id=3951"},"modified":"2022-01-07T14:25:47","modified_gmt":"2022-01-07T14:25:47","slug":"cirugia-oral","status":"publish","type":"page","link":"https:\/\/imaxilofacial.com\/pt-pt\/cirurgia-oral-e-maxilo-facial\/cirugia-oral\/","title":{"rendered":"Cirug\u00eda Oral"},"content":{"rendered":"<p><img loading=\"lazy\" class=\"wp-image-240 size-full alignleft\" src=\"https:\/\/imaxilofacial.com\/wp-content\/uploads\/2015\/09\/coral1.jpg\" alt=\"\" width=\"329\" height=\"434\" srcset=\"https:\/\/imaxilofacial.com\/wp-content\/uploads\/2015\/09\/coral1.jpg 329w, https:\/\/imaxilofacial.com\/wp-content\/uploads\/2015\/09\/coral1-227x300.jpg 227w\" sizes=\"(max-width: 329px) 100vw, 329px\" \/><\/p>\n<p>&nbsp;<\/p>\n<p>&nbsp;<\/p>\n<p>A cirurgia oral pode ser definida como a especialidade m\u00e9dica que lida com doen\u00e7as ou processos origin\u00e1rios da cavidade oral, incluindo os dentes, o esqueleto \u00f3sseo dos maxilares e os tecidos moles adjacentes, que requerem tratamento cir\u00fargico. As causas podem ser infec\u00e7\u00f5es, traumas ou defeitos de nascen\u00e7a.<\/p>\n<blockquote><p>&nbsp;<\/p>\n<p>A Cirurgia Oral compreende os procedimentos mais frequentemente realizados no \u00e2mbito da especialidade m\u00e9dica de Cirurgia Oral. <a href=\"http:\/\/www.secom.org\/web\/\" target=\"_blank\" rel=\"noopener\">Cirurgia maxilo-facial<\/a>, por ser a patologia mais frequente na popula\u00e7\u00e3o.<\/p>\n<p>&nbsp;<\/p><\/blockquote>\n<p>O per\u00edodo de forma\u00e7\u00e3o de um Cirurgi\u00e3o Oral e Maxilofacial \u00e9 de pelo menos 5 anos ap\u00f3s a gradua\u00e7\u00e3o em Medicina. A maioria das interven\u00e7\u00f5es s\u00e3o geralmente realizadas sob anestesia local, embora tamb\u00e9m possam ser realizadas sob anestesia local e seda\u00e7\u00e3o intravenosa ou mesmo sob anestesia geral, dependendo da patologia a ser tratada e das prefer\u00eancias do doente. Neste vasto campo devemos destacar a cirurgia periodontal, uma patologia muito frequente na popula\u00e7\u00e3o geral com mais de 45 anos de idade, as inclus\u00f5es dent\u00e1rias (pe\u00e7as dent\u00e1rias que n\u00e3o irromperam na arcada dent\u00e1ria e permanecem inclu\u00eddas no osso da mand\u00edbula ou da maxila superior), e as mais frequentes s\u00e3o os molares (molares que n\u00e3o irromperam na arcada dent\u00e1ria e permanecem inclu\u00eddos no osso da mand\u00edbula ou da maxila superior). Os mais frequentes s\u00e3o os dentes do siso, uma vez que s\u00e3o os \u00faltimos a formar e entrar em erup\u00e7\u00e3o, mas tamb\u00e9m ocorrem noutros dentes, tais como caninos ou pr\u00e9-molares), quistos dos maxilares que t\u00eam origem nos dentes, cirurgia do fr\u00e9nulo labial e lingual, exostose \u00f3ssea dos maxilares e biopsia da mucosa oral.<\/p>\n","protected":false},"excerpt":{"rendered":"<p>&nbsp; &nbsp; A cirurgia oral pode ser definida como a especialidade m\u00e9dica que lida com doen\u00e7as ou processos origin\u00e1rios da cavidade oral, incluindo os dentes, o esqueleto \u00f3sseo dos maxilares e os tecidos moles adjacentes, que requerem tratamento cir\u00fargico. As causas podem ser infec\u00e7\u00f5es, traumas ou defeitos de nascen\u00e7a. &nbsp; A Cirurgia Oral compreende os [&#8230;]\n","protected":false},"author":2,"featured_media":0,"parent":3818,"menu_order":0,"comment_status":"closed","ping_status":"closed","template":"page-right-sidebar.php","meta":{"_custom_body_class":"","_custom_post_class":""},"acf":[],"yoast_head":"<!-- This site is optimized with the Yoast SEO plugin v18.4.1 - https:\/\/yoast.com\/wordpress\/plugins\/seo\/ -->\n<title>Cirug\u00eda Oral - Imaxilofacial Badajoz<\/title>\n<meta name=\"robots\" content=\"index, follow, max-snippet:-1, max-image-preview:large, max-video-preview:-1\" \/>\n<link rel=\"canonical\" href=\"https:\/\/imaxilofacial.com\/pt-pt\/cirurgia-oral-e-maxilo-facial\/cirugia-oral\/\" \/>\n<meta property=\"og:locale\" content=\"pt_PT\" \/>\n<meta property=\"og:type\" content=\"article\" \/>\n<meta property=\"og:title\" content=\"Cirug\u00eda Oral - Imaxilofacial Badajoz\" \/>\n<meta property=\"og:description\" content=\"&nbsp; &nbsp; A cirurgia oral pode ser definida como a especialidade m\u00e9dica que lida com doen\u00e7as ou processos origin\u00e1rios da cavidade oral, incluindo os dentes, o esqueleto \u00f3sseo dos maxilares e os tecidos moles adjacentes, que requerem tratamento cir\u00fargico. As causas podem ser infec\u00e7\u00f5es, traumas ou defeitos de nascen\u00e7a. &nbsp; A Cirurgia Oral compreende os [...]\" \/>\n<meta property=\"og:url\" content=\"https:\/\/imaxilofacial.com\/pt-pt\/cirurgia-oral-e-maxilo-facial\/cirugia-oral\/\" \/>\n<meta property=\"og:site_name\" content=\"Instituto Maxilofacial Portugal\" \/>\n<meta property=\"article:publisher\" content=\"https:\/\/www.facebook.com\/Imaxilofacial-878901768819054\/\" \/>\n<meta property=\"article:modified_time\" content=\"2022-01-07T14:25:47+00:00\" \/>\n<meta property=\"og:image\" content=\"https:\/\/imaxilofacial.com\/wp-content\/uploads\/2015\/09\/coral1.jpg\" \/>\n<meta name=\"twitter:card\" content=\"summary\" \/>\n<meta name=\"twitter:site\" content=\"@BadajozSalud\" \/>\n<meta name=\"twitter:label1\" content=\"Tempo estimado de leitura\" \/>\n\t<meta name=\"twitter:data1\" content=\"1 minuto\" \/>\n<script type=\"application\/ld+json\" class=\"yoast-schema-graph\">{\"@context\":\"https:\/\/schema.org\",\"@graph\":[{\"@type\":\"WebSite\",\"@id\":\"https:\/\/imaxilofacial.com\/#website\",\"url\":\"https:\/\/imaxilofacial.com\/\",\"name\":\"Instituto Maxilofacial Portugal\",\"description\":\"Outro site WordPress\",\"potentialAction\":[{\"@type\":\"SearchAction\",\"target\":{\"@type\":\"EntryPoint\",\"urlTemplate\":\"https:\/\/imaxilofacial.com\/?s={search_term_string}\"},\"query-input\":\"required name=search_term_string\"}],\"inLanguage\":\"pt-PT\"},{\"@type\":\"ImageObject\",\"@id\":\"https:\/\/imaxilofacial.com\/pt-pt\/cirurgia-oral-e-maxilo-facial\/cirugia-oral\/#primaryimage\",\"inLanguage\":\"pt-PT\",\"url\":\"https:\/\/imaxilofacial.com\/wp-content\/uploads\/2015\/09\/coral1.jpg\",\"contentUrl\":\"https:\/\/imaxilofacial.com\/wp-content\/uploads\/2015\/09\/coral1.jpg\",\"width\":329,\"height\":434},{\"@type\":\"WebPage\",\"@id\":\"https:\/\/imaxilofacial.com\/pt-pt\/cirurgia-oral-e-maxilo-facial\/cirugia-oral\/#webpage\",\"url\":\"https:\/\/imaxilofacial.com\/pt-pt\/cirurgia-oral-e-maxilo-facial\/cirugia-oral\/\",\"name\":\"Cirug\u00eda Oral - Imaxilofacial Badajoz\",\"isPartOf\":{\"@id\":\"https:\/\/imaxilofacial.com\/#website\"},\"primaryImageOfPage\":{\"@id\":\"https:\/\/imaxilofacial.com\/pt-pt\/cirurgia-oral-e-maxilo-facial\/cirugia-oral\/#primaryimage\"},\"datePublished\":\"2022-01-07T14:12:05+00:00\",\"dateModified\":\"2022-01-07T14:25:47+00:00\",\"breadcrumb\":{\"@id\":\"https:\/\/imaxilofacial.com\/pt-pt\/cirurgia-oral-e-maxilo-facial\/cirugia-oral\/#breadcrumb\"},\"inLanguage\":\"pt-PT\",\"potentialAction\":[{\"@type\":\"ReadAction\",\"target\":[\"https:\/\/imaxilofacial.com\/pt-pt\/cirurgia-oral-e-maxilo-facial\/cirugia-oral\/\"]}]},{\"@type\":\"BreadcrumbList\",\"@id\":\"https:\/\/imaxilofacial.com\/pt-pt\/cirurgia-oral-e-maxilo-facial\/cirugia-oral\/#breadcrumb\",\"itemListElement\":[{\"@type\":\"ListItem\",\"position\":1,\"name\":\"Instituto Maxilofacial Badajoz\",\"item\":\"https:\/\/imaxilofacial.com\/pt-pt\/\"},{\"@type\":\"ListItem\",\"position\":2,\"name\":\"Cirug\u00eda Maxilofacial\",\"item\":\"https:\/\/imaxilofacial.com\/pt-pt\/cirugia-maxilofacial\/\"},{\"@type\":\"ListItem\",\"position\":3,\"name\":\"Cirug\u00eda Oral\"}]}]}<\/script>\n<!-- \/ Yoast SEO plugin. -->","yoast_head_json":{"title":"Cirug\u00eda Oral - Imaxilofacial Badajoz","robots":{"index":"index","follow":"follow","max-snippet":"max-snippet:-1","max-image-preview":"max-image-preview:large","max-video-preview":"max-video-preview:-1"},"canonical":"https:\/\/imaxilofacial.com\/pt-pt\/cirurgia-oral-e-maxilo-facial\/cirugia-oral\/","og_locale":"pt_PT","og_type":"article","og_title":"Cirug\u00eda Oral - Imaxilofacial Badajoz","og_description":"&nbsp; &nbsp; A cirurgia oral pode ser definida como a especialidade m\u00e9dica que lida com doen\u00e7as ou processos origin\u00e1rios da cavidade oral, incluindo os dentes, o esqueleto \u00f3sseo dos maxilares e os tecidos moles adjacentes, que requerem tratamento cir\u00fargico. As causas podem ser infec\u00e7\u00f5es, traumas ou defeitos de nascen\u00e7a. &nbsp; A Cirurgia Oral compreende os [...]","og_url":"https:\/\/imaxilofacial.com\/pt-pt\/cirurgia-oral-e-maxilo-facial\/cirugia-oral\/","og_site_name":"Instituto Maxilofacial Portugal","article_publisher":"https:\/\/www.facebook.com\/Imaxilofacial-878901768819054\/","article_modified_time":"2022-01-07T14:25:47+00:00","og_image":[{"url":"https:\/\/imaxilofacial.com\/wp-content\/uploads\/2015\/09\/coral1.jpg"}],"twitter_card":"summary","twitter_site":"@BadajozSalud","twitter_misc":{"Tempo estimado de leitura":"1 minuto"},"schema":{"@context":"https:\/\/schema.org","@graph":[{"@type":"WebSite","@id":"https:\/\/imaxilofacial.com\/#website","url":"https:\/\/imaxilofacial.com\/","name":"Instituto Maxilofacial Portugal","description":"Outro site WordPress","potentialAction":[{"@type":"SearchAction","target":{"@type":"EntryPoint","urlTemplate":"https:\/\/imaxilofacial.com\/?s={search_term_string}"},"query-input":"required name=search_term_string"}],"inLanguage":"pt-PT"},{"@type":"ImageObject","@id":"https:\/\/imaxilofacial.com\/pt-pt\/cirurgia-oral-e-maxilo-facial\/cirugia-oral\/#primaryimage","inLanguage":"pt-PT","url":"https:\/\/imaxilofacial.com\/wp-content\/uploads\/2015\/09\/coral1.jpg","contentUrl":"https:\/\/imaxilofacial.com\/wp-content\/uploads\/2015\/09\/coral1.jpg","width":329,"height":434},{"@type":"WebPage","@id":"https:\/\/imaxilofacial.com\/pt-pt\/cirurgia-oral-e-maxilo-facial\/cirugia-oral\/#webpage","url":"https:\/\/imaxilofacial.com\/pt-pt\/cirurgia-oral-e-maxilo-facial\/cirugia-oral\/","name":"Cirug\u00eda Oral - Imaxilofacial Badajoz","isPartOf":{"@id":"https:\/\/imaxilofacial.com\/#website"},"primaryImageOfPage":{"@id":"https:\/\/imaxilofacial.com\/pt-pt\/cirurgia-oral-e-maxilo-facial\/cirugia-oral\/#primaryimage"},"datePublished":"2022-01-07T14:12:05+00:00","dateModified":"2022-01-07T14:25:47+00:00","breadcrumb":{"@id":"https:\/\/imaxilofacial.com\/pt-pt\/cirurgia-oral-e-maxilo-facial\/cirugia-oral\/#breadcrumb"},"inLanguage":"pt-PT","potentialAction":[{"@type":"ReadAction","target":["https:\/\/imaxilofacial.com\/pt-pt\/cirurgia-oral-e-maxilo-facial\/cirugia-oral\/"]}]},{"@type":"BreadcrumbList","@id":"https:\/\/imaxilofacial.com\/pt-pt\/cirurgia-oral-e-maxilo-facial\/cirugia-oral\/#breadcrumb","itemListElement":[{"@type":"ListItem","position":1,"name":"Instituto Maxilofacial Badajoz","item":"https:\/\/imaxilofacial.com\/pt-pt\/"},{"@type":"ListItem","position":2,"name":"Cirug\u00eda Maxilofacial","item":"https:\/\/imaxilofacial.com\/pt-pt\/cirugia-maxilofacial\/"},{"@type":"ListItem","position":3,"name":"Cirug\u00eda Oral"}]}]}},"_links":{"self":[{"href":"https:\/\/imaxilofacial.com\/pt-pt\/wp-json\/wp\/v2\/pages\/3951"}],"collection":[{"href":"https:\/\/imaxilofacial.com\/pt-pt\/wp-json\/wp\/v2\/pages"}],"about":[{"href":"https:\/\/imaxilofacial.com\/pt-pt\/wp-json\/wp\/v2\/types\/page"}],"author":[{"embeddable":true,"href":"https:\/\/imaxilofacial.com\/pt-pt\/wp-json\/wp\/v2\/users\/2"}],"replies":[{"embeddable":true,"href":"https:\/\/imaxilofacial.com\/pt-pt\/wp-json\/wp\/v2\/comments?post=3951"}],"version-history":[{"count":3,"href":"https:\/\/imaxilofacial.com\/pt-pt\/wp-json\/wp\/v2\/pages\/3951\/revisions"}],"predecessor-version":[{"id":3977,"href":"https:\/\/imaxilofacial.com\/pt-pt\/wp-json\/wp\/v2\/pages\/3951\/revisions\/3977"}],"up":[{"embeddable":true,"href":"https:\/\/imaxilofacial.com\/pt-pt\/wp-json\/wp\/v2\/pages\/3818"}],"wp:attachment":[{"href":"https:\/\/imaxilofacial.com\/pt-pt\/wp-json\/wp\/v2\/media?parent=3951"}],"curies":[{"name":"wp","href":"https:\/\/api.w.org\/{rel}","templated":true}]}}