{"id":3955,"date":"2022-01-07T14:12:49","date_gmt":"2022-01-07T14:12:49","guid":{"rendered":"https:\/\/imaxilofacial.com\/?page_id=3955"},"modified":"2022-01-07T14:23:55","modified_gmt":"2022-01-07T14:23:55","slug":"inclusoes-dentarias","status":"publish","type":"page","link":"https:\/\/imaxilofacial.com\/pt-pt\/cirurgia-oral-e-maxilo-facial\/cirugia-oral\/inclusoes-dentarias\/","title":{"rendered":"Inclusiones dentarias"},"content":{"rendered":"<div class=\"row\"  id=\"row-925122798\">\n\n\t<div id=\"col-773134424\" class=\"col medium-2\/3 large-8\"  >\n\t\t\t\t<div class=\"col-inner\"  >\n\t\t\t\n\t\t\t\n<p>Por inclus\u00f5es dent\u00e1rias n\u00e3o nos referimos a dentes que se desenvolvem no interior do osso do maxilar ou maxilar superior. Nas inclus\u00f5es dent\u00e1rias, devido a problemas de espa\u00e7o, traumas, tumores ou dentes supranumer\u00e1rios, a substitui\u00e7\u00e3o natural dos dentes n\u00e3o tem lugar correctamente. Dos 6 aos 12 anos de idade \u00e9 o per\u00edodo em que as pessoas passam de dentes de leite para dentes permanentes.<\/p>\n<blockquote><p>Nos casos de inclus\u00f5es dent\u00e1rias, estes dentes definitivos, em vez de ocuparem a sua posi\u00e7\u00e3o na arcada dent\u00e1ria, desenvolvem-se no interior do osso. Qualquer dente pode sofrer este processo de inclus\u00e3o, embora sejam mais frequentes nos terceiros molares, pois s\u00e3o os \u00faltimos dentes a formarem-se, seguidos pelos caninos, especialmente os superiores.<\/p><\/blockquote>\n\t\t<\/div>\n\t\t\t\t\t<\/div>\n\n\t\n\n\t<div id=\"col-827954159\" class=\"col medium-1\/3 large-4\"  >\n\t\t\t\t<div class=\"col-inner\"  >\n\t\t\t\n\t\t\t\n<img loading=\"lazy\" class=\"alignnone size-full wp-image-3957\" src=\"https:\/\/imaxilofacial.com\/wp-content\/uploads\/2015\/09\/denta.jpg\" alt=\"denta\" width=\"311\" height=\"233\" srcset=\"https:\/\/imaxilofacial.com\/wp-content\/uploads\/2015\/09\/denta.jpg 311w, https:\/\/imaxilofacial.com\/wp-content\/uploads\/2015\/09\/denta-300x225.jpg 300w\" sizes=\"(max-width: 311px) 100vw, 311px\" \/><\/p>\n\t\t<\/div>\n\t\t\t\t\t<\/div>\n\n\t\n<\/div>\n<p>As inclus\u00f5es dent\u00e1rias causam um desequil\u00edbrio na estrutura da arcada dent\u00e1ria. Estes dentes devem ser extra\u00eddos porque podem causar c\u00e1rie em dentes adjacentes, quistos foliculares, tumores, etc. Em casos assintom\u00e1ticos ou em casos em que a cirurgia \u00e9 mais arriscada do que ben\u00e9fica, podemos monitorizar o paciente para controlar a evolu\u00e7\u00e3o do processo.<\/p>\n<blockquote><p>A exodontia destas inclus\u00f5es dent\u00e1rias \u00e9 realizada sob anestesia local na maioria dos casos, manipulando os tecidos moles e duros intra-oralmente, o que pode levar a alguns dias de inflama\u00e7\u00e3o p\u00f3s-operat\u00f3ria com o m\u00ednimo de sequelas. Em outras ocasi\u00f5es, especialmente nos caninos, \u00e9 poss\u00edvel realizar um tratamento ortod\u00f4ntico-cir\u00fargico combinado, onde a cirurgia exp\u00f5e o canino que est\u00e1 dentro do osso e com o tratamento ortod\u00f4ntico conseguimos levar a inclus\u00e3o dent\u00e1ria \u00e0 posi\u00e7\u00e3o que deveria ter na arcada dent\u00e1ria.<\/p><\/blockquote>\n<div id='gallery-1' class='gallery galleryid-3955 gallery-columns-4 gallery-size-thumbnail'><figure class='gallery-item'>\n\t\t\t<div class='gallery-icon landscape'>\n\t\t\t\t<a href='https:\/\/imaxilofacial.com\/wp-content\/uploads\/2015\/09\/canino-incluido.jpg'><img width=\"150\" height=\"150\" src=\"https:\/\/imaxilofacial.com\/wp-content\/uploads\/2015\/09\/canino-incluido-150x150.jpg\" class=\"attachment-thumbnail size-thumbnail\" alt=\"\" loading=\"lazy\" \/><\/a>\n\t\t\t<\/div><\/figure><figure class='gallery-item'>\n\t\t\t<div class='gallery-icon landscape'>\n\t\t\t\t<a href='https:\/\/imaxilofacial.com\/wp-content\/uploads\/2015\/09\/canino-superior-incluido.jpg'><img width=\"150\" height=\"150\" src=\"https:\/\/imaxilofacial.com\/wp-content\/uploads\/2015\/09\/canino-superior-incluido-150x150.jpg\" class=\"attachment-thumbnail size-thumbnail\" alt=\"\" loading=\"lazy\" \/><\/a>\n\t\t\t<\/div><\/figure><figure class='gallery-item'>\n\t\t\t<div class='gallery-icon landscape'>\n\t\t\t\t<a href='https:\/\/imaxilofacial.com\/wp-content\/uploads\/2015\/09\/inclusiones-de-cordales.jpg'><img width=\"150\" height=\"150\" src=\"https:\/\/imaxilofacial.com\/wp-content\/uploads\/2015\/09\/inclusiones-de-cordales-150x150.jpg\" class=\"attachment-thumbnail size-thumbnail\" alt=\"\" loading=\"lazy\" \/><\/a>\n\t\t\t<\/div><\/figure><figure class='gallery-item'>\n\t\t\t<div class='gallery-icon landscape'>\n\t\t\t\t<a href='https:\/\/imaxilofacial.com\/wp-content\/uploads\/2015\/09\/Nueva-imagen-3.jpg'><img width=\"150\" height=\"150\" src=\"https:\/\/imaxilofacial.com\/wp-content\/uploads\/2015\/09\/Nueva-imagen-3-150x150.jpg\" class=\"attachment-thumbnail size-thumbnail\" alt=\"\" loading=\"lazy\" \/><\/a>\n\t\t\t<\/div><\/figure>\n\t\t<\/div>\n\n","protected":false},"excerpt":{"rendered":"<p>As inclus\u00f5es dent\u00e1rias causam um desequil\u00edbrio na estrutura da arcada dent\u00e1ria. Estes dentes devem ser extra\u00eddos porque podem causar c\u00e1rie em dentes adjacentes, quistos foliculares, tumores, etc. Em casos assintom\u00e1ticos ou em casos em que a cirurgia \u00e9 mais arriscada do que ben\u00e9fica, podemos monitorizar o paciente para controlar a evolu\u00e7\u00e3o do processo. A exodontia [&#8230;]\n","protected":false},"author":2,"featured_media":0,"parent":3951,"menu_order":0,"comment_status":"closed","ping_status":"closed","template":"page-right-sidebar.php","meta":{"_custom_body_class":"","_custom_post_class":""},"acf":[],"yoast_head":"<!-- This site is optimized with the Yoast SEO plugin v18.4.1 - https:\/\/yoast.com\/wordpress\/plugins\/seo\/ -->\n<title>Inclusiones dentarias - Imaxilofacial Badajoz<\/title>\n<meta name=\"robots\" content=\"index, follow, max-snippet:-1, max-image-preview:large, max-video-preview:-1\" \/>\n<link rel=\"canonical\" href=\"https:\/\/imaxilofacial.com\/pt-pt\/cirurgia-oral-e-maxilo-facial\/cirugia-oral\/inclusoes-dentarias\/\" \/>\n<meta property=\"og:locale\" content=\"pt_PT\" \/>\n<meta property=\"og:type\" content=\"article\" \/>\n<meta property=\"og:title\" content=\"Inclusiones dentarias - Imaxilofacial Badajoz\" \/>\n<meta property=\"og:description\" content=\"As inclus\u00f5es dent\u00e1rias causam um desequil\u00edbrio na estrutura da arcada dent\u00e1ria. Estes dentes devem ser extra\u00eddos porque podem causar c\u00e1rie em dentes adjacentes, quistos foliculares, tumores, etc. Em casos assintom\u00e1ticos ou em casos em que a cirurgia \u00e9 mais arriscada do que ben\u00e9fica, podemos monitorizar o paciente para controlar a evolu\u00e7\u00e3o do processo. A exodontia [...]\" \/>\n<meta property=\"og:url\" content=\"https:\/\/imaxilofacial.com\/pt-pt\/cirurgia-oral-e-maxilo-facial\/cirugia-oral\/inclusoes-dentarias\/\" \/>\n<meta property=\"og:site_name\" content=\"Instituto Maxilofacial Portugal\" \/>\n<meta property=\"article:publisher\" content=\"https:\/\/www.facebook.com\/Imaxilofacial-878901768819054\/\" \/>\n<meta property=\"article:modified_time\" content=\"2022-01-07T14:23:55+00:00\" \/>\n<meta property=\"og:image\" content=\"https:\/\/imaxilofacial.com\/wp-content\/uploads\/2015\/09\/denta.jpg\" \/>\n<meta name=\"twitter:card\" content=\"summary\" \/>\n<meta name=\"twitter:site\" content=\"@BadajozSalud\" \/>\n<meta name=\"twitter:label1\" content=\"Tempo estimado de leitura\" \/>\n\t<meta name=\"twitter:data1\" content=\"1 minuto\" \/>\n<script type=\"application\/ld+json\" class=\"yoast-schema-graph\">{\"@context\":\"https:\/\/schema.org\",\"@graph\":[{\"@type\":\"WebSite\",\"@id\":\"https:\/\/imaxilofacial.com\/#website\",\"url\":\"https:\/\/imaxilofacial.com\/\",\"name\":\"Instituto Maxilofacial Portugal\",\"description\":\"Outro site WordPress\",\"potentialAction\":[{\"@type\":\"SearchAction\",\"target\":{\"@type\":\"EntryPoint\",\"urlTemplate\":\"https:\/\/imaxilofacial.com\/?s={search_term_string}\"},\"query-input\":\"required name=search_term_string\"}],\"inLanguage\":\"pt-PT\"},{\"@type\":\"ImageObject\",\"@id\":\"https:\/\/imaxilofacial.com\/pt-pt\/cirurgia-oral-e-maxilo-facial\/cirugia-oral\/inclusoes-dentarias\/#primaryimage\",\"inLanguage\":\"pt-PT\",\"url\":\"https:\/\/imaxilofacial.com\/wp-content\/uploads\/2015\/09\/denta.jpg\",\"contentUrl\":\"https:\/\/imaxilofacial.com\/wp-content\/uploads\/2015\/09\/denta.jpg\",\"width\":311,\"height\":233},{\"@type\":\"WebPage\",\"@id\":\"https:\/\/imaxilofacial.com\/pt-pt\/cirurgia-oral-e-maxilo-facial\/cirugia-oral\/inclusoes-dentarias\/#webpage\",\"url\":\"https:\/\/imaxilofacial.com\/pt-pt\/cirurgia-oral-e-maxilo-facial\/cirugia-oral\/inclusoes-dentarias\/\",\"name\":\"Inclusiones dentarias - Imaxilofacial Badajoz\",\"isPartOf\":{\"@id\":\"https:\/\/imaxilofacial.com\/#website\"},\"primaryImageOfPage\":{\"@id\":\"https:\/\/imaxilofacial.com\/pt-pt\/cirurgia-oral-e-maxilo-facial\/cirugia-oral\/inclusoes-dentarias\/#primaryimage\"},\"datePublished\":\"2022-01-07T14:12:49+00:00\",\"dateModified\":\"2022-01-07T14:23:55+00:00\",\"breadcrumb\":{\"@id\":\"https:\/\/imaxilofacial.com\/pt-pt\/cirurgia-oral-e-maxilo-facial\/cirugia-oral\/inclusoes-dentarias\/#breadcrumb\"},\"inLanguage\":\"pt-PT\",\"potentialAction\":[{\"@type\":\"ReadAction\",\"target\":[\"https:\/\/imaxilofacial.com\/pt-pt\/cirurgia-oral-e-maxilo-facial\/cirugia-oral\/inclusoes-dentarias\/\"]}]},{\"@type\":\"BreadcrumbList\",\"@id\":\"https:\/\/imaxilofacial.com\/pt-pt\/cirurgia-oral-e-maxilo-facial\/cirugia-oral\/inclusoes-dentarias\/#breadcrumb\",\"itemListElement\":[{\"@type\":\"ListItem\",\"position\":1,\"name\":\"Instituto Maxilofacial Badajoz\",\"item\":\"https:\/\/imaxilofacial.com\/pt-pt\/\"},{\"@type\":\"ListItem\",\"position\":2,\"name\":\"Cirug\u00eda Maxilofacial\",\"item\":\"https:\/\/imaxilofacial.com\/pt-pt\/cirugia-maxilofacial\/\"},{\"@type\":\"ListItem\",\"position\":3,\"name\":\"Cirug\u00eda Oral\",\"item\":\"https:\/\/imaxilofacial.com\/pt-pt\/cirugia-maxilofacial\/cirugia-oral\/\"},{\"@type\":\"ListItem\",\"position\":4,\"name\":\"Inclusiones dentarias\"}]}]}<\/script>\n<!-- \/ Yoast SEO plugin. -->","yoast_head_json":{"title":"Inclusiones dentarias - Imaxilofacial Badajoz","robots":{"index":"index","follow":"follow","max-snippet":"max-snippet:-1","max-image-preview":"max-image-preview:large","max-video-preview":"max-video-preview:-1"},"canonical":"https:\/\/imaxilofacial.com\/pt-pt\/cirurgia-oral-e-maxilo-facial\/cirugia-oral\/inclusoes-dentarias\/","og_locale":"pt_PT","og_type":"article","og_title":"Inclusiones dentarias - Imaxilofacial Badajoz","og_description":"As inclus\u00f5es dent\u00e1rias causam um desequil\u00edbrio na estrutura da arcada dent\u00e1ria. Estes dentes devem ser extra\u00eddos porque podem causar c\u00e1rie em dentes adjacentes, quistos foliculares, tumores, etc. Em casos assintom\u00e1ticos ou em casos em que a cirurgia \u00e9 mais arriscada do que ben\u00e9fica, podemos monitorizar o paciente para controlar a evolu\u00e7\u00e3o do processo. A exodontia [...]","og_url":"https:\/\/imaxilofacial.com\/pt-pt\/cirurgia-oral-e-maxilo-facial\/cirugia-oral\/inclusoes-dentarias\/","og_site_name":"Instituto Maxilofacial Portugal","article_publisher":"https:\/\/www.facebook.com\/Imaxilofacial-878901768819054\/","article_modified_time":"2022-01-07T14:23:55+00:00","og_image":[{"url":"https:\/\/imaxilofacial.com\/wp-content\/uploads\/2015\/09\/denta.jpg"}],"twitter_card":"summary","twitter_site":"@BadajozSalud","twitter_misc":{"Tempo estimado de leitura":"1 minuto"},"schema":{"@context":"https:\/\/schema.org","@graph":[{"@type":"WebSite","@id":"https:\/\/imaxilofacial.com\/#website","url":"https:\/\/imaxilofacial.com\/","name":"Instituto Maxilofacial Portugal","description":"Outro site WordPress","potentialAction":[{"@type":"SearchAction","target":{"@type":"EntryPoint","urlTemplate":"https:\/\/imaxilofacial.com\/?s={search_term_string}"},"query-input":"required name=search_term_string"}],"inLanguage":"pt-PT"},{"@type":"ImageObject","@id":"https:\/\/imaxilofacial.com\/pt-pt\/cirurgia-oral-e-maxilo-facial\/cirugia-oral\/inclusoes-dentarias\/#primaryimage","inLanguage":"pt-PT","url":"https:\/\/imaxilofacial.com\/wp-content\/uploads\/2015\/09\/denta.jpg","contentUrl":"https:\/\/imaxilofacial.com\/wp-content\/uploads\/2015\/09\/denta.jpg","width":311,"height":233},{"@type":"WebPage","@id":"https:\/\/imaxilofacial.com\/pt-pt\/cirurgia-oral-e-maxilo-facial\/cirugia-oral\/inclusoes-dentarias\/#webpage","url":"https:\/\/imaxilofacial.com\/pt-pt\/cirurgia-oral-e-maxilo-facial\/cirugia-oral\/inclusoes-dentarias\/","name":"Inclusiones dentarias - Imaxilofacial Badajoz","isPartOf":{"@id":"https:\/\/imaxilofacial.com\/#website"},"primaryImageOfPage":{"@id":"https:\/\/imaxilofacial.com\/pt-pt\/cirurgia-oral-e-maxilo-facial\/cirugia-oral\/inclusoes-dentarias\/#primaryimage"},"datePublished":"2022-01-07T14:12:49+00:00","dateModified":"2022-01-07T14:23:55+00:00","breadcrumb":{"@id":"https:\/\/imaxilofacial.com\/pt-pt\/cirurgia-oral-e-maxilo-facial\/cirugia-oral\/inclusoes-dentarias\/#breadcrumb"},"inLanguage":"pt-PT","potentialAction":[{"@type":"ReadAction","target":["https:\/\/imaxilofacial.com\/pt-pt\/cirurgia-oral-e-maxilo-facial\/cirugia-oral\/inclusoes-dentarias\/"]}]},{"@type":"BreadcrumbList","@id":"https:\/\/imaxilofacial.com\/pt-pt\/cirurgia-oral-e-maxilo-facial\/cirugia-oral\/inclusoes-dentarias\/#breadcrumb","itemListElement":[{"@type":"ListItem","position":1,"name":"Instituto Maxilofacial Badajoz","item":"https:\/\/imaxilofacial.com\/pt-pt\/"},{"@type":"ListItem","position":2,"name":"Cirug\u00eda Maxilofacial","item":"https:\/\/imaxilofacial.com\/pt-pt\/cirugia-maxilofacial\/"},{"@type":"ListItem","position":3,"name":"Cirug\u00eda Oral","item":"https:\/\/imaxilofacial.com\/pt-pt\/cirugia-maxilofacial\/cirugia-oral\/"},{"@type":"ListItem","position":4,"name":"Inclusiones dentarias"}]}]}},"_links":{"self":[{"href":"https:\/\/imaxilofacial.com\/pt-pt\/wp-json\/wp\/v2\/pages\/3955"}],"collection":[{"href":"https:\/\/imaxilofacial.com\/pt-pt\/wp-json\/wp\/v2\/pages"}],"about":[{"href":"https:\/\/imaxilofacial.com\/pt-pt\/wp-json\/wp\/v2\/types\/page"}],"author":[{"embeddable":true,"href":"https:\/\/imaxilofacial.com\/pt-pt\/wp-json\/wp\/v2\/users\/2"}],"replies":[{"embeddable":true,"href":"https:\/\/imaxilofacial.com\/pt-pt\/wp-json\/wp\/v2\/comments?post=3955"}],"version-history":[{"count":2,"href":"https:\/\/imaxilofacial.com\/pt-pt\/wp-json\/wp\/v2\/pages\/3955\/revisions"}],"predecessor-version":[{"id":3975,"href":"https:\/\/imaxilofacial.com\/pt-pt\/wp-json\/wp\/v2\/pages\/3955\/revisions\/3975"}],"up":[{"embeddable":true,"href":"https:\/\/imaxilofacial.com\/pt-pt\/wp-json\/wp\/v2\/pages\/3951"}],"wp:attachment":[{"href":"https:\/\/imaxilofacial.com\/pt-pt\/wp-json\/wp\/v2\/media?parent=3955"}],"curies":[{"name":"wp","href":"https:\/\/api.w.org\/{rel}","templated":true}]}}