{"id":3962,"date":"2022-01-07T14:14:20","date_gmt":"2022-01-07T14:14:20","guid":{"rendered":"https:\/\/imaxilofacial.com\/?page_id=3962"},"modified":"2022-04-07T15:19:17","modified_gmt":"2022-04-07T15:19:17","slug":"cirurgia-plastica-corporal","status":"publish","type":"page","link":"https:\/\/imaxilofacial.com\/pt-pt\/cirurgia-plastica-corporal\/","title":{"rendered":"Cirug\u00eda Pl\u00e1stica Corporal"},"content":{"rendered":"<p>As t\u00e9cnicas de cirurgia pl\u00e1stica baseiam-se no transplante e mobiliza\u00e7\u00e3o de tecido por meio de enxertos e retalhos. Por vezes s\u00e3o tamb\u00e9m utilizados implantes de material inerte.<\/p>\n<h1>Cirurgia Pl\u00e1stica Reconstrutiva<\/h1>\n<p>A Cirurgia Pl\u00e1stica Reconstrutiva visa melhorar a fun\u00e7\u00e3o e o aspecto em les\u00f5es causadas por acidentes e queimaduras, em doen\u00e7as e tumores da pele e tecidos de suporte, e em anomalias cong\u00e9nitas. As principais \u00e1reas de tratamento s\u00e3o rosto, m\u00e3os e genit\u00e1lia.<\/p>\n<h1>Cirurgia Pl\u00e1stica Est\u00e9tica<\/h1>\n<p>A Cirurgia Pl\u00e1stica Est\u00e9tica, por outro lado, trata de pacientes geralmente saud\u00e1veis. A sua finalidade \u00e9 a correc\u00e7\u00e3o de altera\u00e7\u00f5es da norma est\u00e9tica com o objectivo de obter uma maior harmonia facial e corporal. Tamb\u00e9m trata dos efeitos secund\u00e1rios do envelhecimento. Isto tem um impacto na estabilidade emocional, melhorando a qualidade de vida atrav\u00e9s de rela\u00e7\u00f5es profissionais ou emocionais.<\/p>\n<p>Embora a motiva\u00e7\u00e3o para se submeter \u00e0 Cirurgia Cosm\u00e9tica seja muito pessoal, existem factores externos que t\u00eam sem d\u00favida uma influ\u00eancia. Tal como a actual orienta\u00e7\u00e3o da nossa sociedade para a juventude. Uma apar\u00eancia f\u00edsica jovem e din\u00e2mica \u00e9 essencial para se poder competir em termos profissionais iguais. Uma boa apar\u00eancia f\u00edsica \u00e9 igualmente importante nas rela\u00e7\u00f5es sociais e emocionais.<\/p>\n<p>A moda, que hoje em dia est\u00e1 orientada para uma maior exposi\u00e7\u00e3o do corpo e para um certo padr\u00e3o de beleza, tamb\u00e9m desempenha um papel. Estas considera\u00e7\u00f5es t\u00eam uma influ\u00eancia negativa sobre a auto-imagem corporal. Em suma, esta \u00e9 a raz\u00e3o que leva uma pessoa a submeter-se a uma cirurgia est\u00e9tica.<\/p>\n<p>Finalmente, \u00e9 importante destacar o facto de que o paciente deve ter uma ideia clara e realista dos objectivos que podem ser alcan\u00e7ados atrav\u00e9s da Cirurgia Cosm\u00e9tica. Assim como as suas limita\u00e7\u00f5es e riscos, de modo a poder tomar uma decis\u00e3o livre. As opera\u00e7\u00f5es de Cirurgia Pl\u00e1stica s\u00e3o condicionadas, n\u00e3o s\u00f3 pela experi\u00eancia e habilidade do cirurgi\u00e3o, mas tamb\u00e9m pela pr\u00f3pria cura e qualidade de cura do paciente.<\/p>\n<p>Da mesma forma, pode haver complica\u00e7\u00f5es como em qualquer outro tipo de cirurgia (hemorragias, infec\u00e7\u00f5es, cicatrizes patol\u00f3gicas) ou complica\u00e7\u00f5es anest\u00e9sicas, sejam locais, regionais ou gerais (alergias, problemas cardiovasculares ou respirat\u00f3rios, etc.). No entanto, estatisticamente, a percentagem de complica\u00e7\u00f5es gerais \u00e9 muito baixa. Entre outras raz\u00f5es, isto porque se trata de uma cirurgia que na maioria dos casos n\u00e3o \u00e9 intracavit\u00e1ria (craniana, tor\u00e1cica ou abdominal), exigindo uma anestesia mais superficial e porque \u00e9 geralmente realizada em pacientes saud\u00e1veis.<\/p>\n<p>Antes da cirurgia, ser\u00e1 realizado um historial m\u00e9dico, um estudo pr\u00e9-operat\u00f3rio (an\u00e1lises, raios X, electrocardiograma, fotografias, etc.) e informa\u00e7\u00f5es sobre o or\u00e7amento financeiro, como parte do protocolo.<\/p>\n<h1>Forma\u00e7\u00e3o em Cirurgia Pl\u00e1stica<\/h1>\n<p>Em Espanha, embora a posse do grau de Licenciado em Medicina e Cirurgia teoricamente permita ao titular realizar qualquer procedimento m\u00e9dico, \u00e9 evidente, no entanto, que v\u00e1rias especialidades da Medicina e Cirurgia requerem estudos de p\u00f3s-gradua\u00e7\u00e3o para atingir o n\u00edvel de conhecimento e experi\u00eancia necess\u00e1rios em cada uma destas disciplinas.<\/p>\n<p>No final deste per\u00edodo adicional de forma\u00e7\u00e3o, o Licenciado em Medicina e Cirurgia obt\u00e9m o t\u00edtulo de Especialista. No caso de Cirurgia Pl\u00e1stica, s\u00e3o necess\u00e1rios cinco anos de est\u00e1gio num hospital acreditado (um ano em Cirurgia Geral, um ano em especialidades cir\u00fargicas relacionadas e tr\u00eas anos especificamente em Cirurgia Pl\u00e1stica). Apenas os m\u00e9dicos que possuem o t\u00edtulo de Especialista em Cirurgia Pl\u00e1stica, Reconstrutiva e Est\u00e9tica t\u00eam a forma\u00e7\u00e3o profissional que proporciona ao paciente a melhor qualidade de cuidados.<\/p>\n","protected":false},"excerpt":{"rendered":"<p>As t\u00e9cnicas de cirurgia pl\u00e1stica baseiam-se no transplante e mobiliza\u00e7\u00e3o de tecido por meio de enxertos e retalhos. Por vezes s\u00e3o tamb\u00e9m utilizados implantes de material inerte. Cirurgia Pl\u00e1stica Reconstrutiva A Cirurgia Pl\u00e1stica Reconstrutiva visa melhorar a fun\u00e7\u00e3o e o aspecto em les\u00f5es causadas por acidentes e queimaduras, em doen\u00e7as e tumores da pele e [&#8230;]\n","protected":false},"author":2,"featured_media":0,"parent":0,"menu_order":0,"comment_status":"closed","ping_status":"closed","template":"page-right-sidebar.php","meta":{"_custom_body_class":"","_custom_post_class":""},"acf":[],"yoast_head":"<!-- This site is optimized with the Yoast SEO plugin v18.4.1 - https:\/\/yoast.com\/wordpress\/plugins\/seo\/ -->\n<title>Cirug\u00eda Pl\u00e1stica Corporal - Imaxilofacial Badajoz<\/title>\n<meta name=\"robots\" content=\"index, follow, max-snippet:-1, max-image-preview:large, max-video-preview:-1\" \/>\n<link rel=\"canonical\" href=\"https:\/\/imaxilofacial.com\/pt-pt\/cirurgia-plastica-corporal\/\" \/>\n<meta property=\"og:locale\" content=\"pt_PT\" \/>\n<meta property=\"og:type\" content=\"article\" \/>\n<meta property=\"og:title\" content=\"Cirug\u00eda Pl\u00e1stica Corporal - Imaxilofacial Badajoz\" \/>\n<meta property=\"og:description\" content=\"As t\u00e9cnicas de cirurgia pl\u00e1stica baseiam-se no transplante e mobiliza\u00e7\u00e3o de tecido por meio de enxertos e retalhos. Por vezes s\u00e3o tamb\u00e9m utilizados implantes de material inerte. Cirurgia Pl\u00e1stica Reconstrutiva A Cirurgia Pl\u00e1stica Reconstrutiva visa melhorar a fun\u00e7\u00e3o e o aspecto em les\u00f5es causadas por acidentes e queimaduras, em doen\u00e7as e tumores da pele e [...]\" \/>\n<meta property=\"og:url\" content=\"https:\/\/imaxilofacial.com\/pt-pt\/cirurgia-plastica-corporal\/\" \/>\n<meta property=\"og:site_name\" content=\"Instituto Maxilofacial Portugal\" \/>\n<meta property=\"article:publisher\" content=\"https:\/\/www.facebook.com\/Imaxilofacial-878901768819054\/\" \/>\n<meta property=\"article:modified_time\" content=\"2022-04-07T15:19:17+00:00\" \/>\n<meta name=\"twitter:card\" content=\"summary\" \/>\n<meta name=\"twitter:site\" content=\"@BadajozSalud\" \/>\n<meta name=\"twitter:label1\" content=\"Tempo estimado de leitura\" \/>\n\t<meta name=\"twitter:data1\" content=\"3 minutos\" \/>\n<script type=\"application\/ld+json\" class=\"yoast-schema-graph\">{\"@context\":\"https:\/\/schema.org\",\"@graph\":[{\"@type\":\"WebSite\",\"@id\":\"https:\/\/imaxilofacial.com\/#website\",\"url\":\"https:\/\/imaxilofacial.com\/\",\"name\":\"Instituto Maxilofacial Portugal\",\"description\":\"Outro site WordPress\",\"potentialAction\":[{\"@type\":\"SearchAction\",\"target\":{\"@type\":\"EntryPoint\",\"urlTemplate\":\"https:\/\/imaxilofacial.com\/?s={search_term_string}\"},\"query-input\":\"required name=search_term_string\"}],\"inLanguage\":\"pt-PT\"},{\"@type\":\"WebPage\",\"@id\":\"https:\/\/imaxilofacial.com\/pt-pt\/cirurgia-plastica-corporal\/#webpage\",\"url\":\"https:\/\/imaxilofacial.com\/pt-pt\/cirurgia-plastica-corporal\/\",\"name\":\"Cirug\u00eda Pl\u00e1stica Corporal - Imaxilofacial Badajoz\",\"isPartOf\":{\"@id\":\"https:\/\/imaxilofacial.com\/#website\"},\"datePublished\":\"2022-01-07T14:14:20+00:00\",\"dateModified\":\"2022-04-07T15:19:17+00:00\",\"breadcrumb\":{\"@id\":\"https:\/\/imaxilofacial.com\/pt-pt\/cirurgia-plastica-corporal\/#breadcrumb\"},\"inLanguage\":\"pt-PT\",\"potentialAction\":[{\"@type\":\"ReadAction\",\"target\":[\"https:\/\/imaxilofacial.com\/pt-pt\/cirurgia-plastica-corporal\/\"]}]},{\"@type\":\"BreadcrumbList\",\"@id\":\"https:\/\/imaxilofacial.com\/pt-pt\/cirurgia-plastica-corporal\/#breadcrumb\",\"itemListElement\":[{\"@type\":\"ListItem\",\"position\":1,\"name\":\"Instituto Maxilofacial Badajoz\",\"item\":\"https:\/\/imaxilofacial.com\/pt-pt\/\"},{\"@type\":\"ListItem\",\"position\":2,\"name\":\"Cirug\u00eda Pl\u00e1stica Corporal\"}]}]}<\/script>\n<!-- \/ Yoast SEO plugin. -->","yoast_head_json":{"title":"Cirug\u00eda Pl\u00e1stica Corporal - Imaxilofacial Badajoz","robots":{"index":"index","follow":"follow","max-snippet":"max-snippet:-1","max-image-preview":"max-image-preview:large","max-video-preview":"max-video-preview:-1"},"canonical":"https:\/\/imaxilofacial.com\/pt-pt\/cirurgia-plastica-corporal\/","og_locale":"pt_PT","og_type":"article","og_title":"Cirug\u00eda Pl\u00e1stica Corporal - Imaxilofacial Badajoz","og_description":"As t\u00e9cnicas de cirurgia pl\u00e1stica baseiam-se no transplante e mobiliza\u00e7\u00e3o de tecido por meio de enxertos e retalhos. Por vezes s\u00e3o tamb\u00e9m utilizados implantes de material inerte. Cirurgia Pl\u00e1stica Reconstrutiva A Cirurgia Pl\u00e1stica Reconstrutiva visa melhorar a fun\u00e7\u00e3o e o aspecto em les\u00f5es causadas por acidentes e queimaduras, em doen\u00e7as e tumores da pele e [...]","og_url":"https:\/\/imaxilofacial.com\/pt-pt\/cirurgia-plastica-corporal\/","og_site_name":"Instituto Maxilofacial Portugal","article_publisher":"https:\/\/www.facebook.com\/Imaxilofacial-878901768819054\/","article_modified_time":"2022-04-07T15:19:17+00:00","twitter_card":"summary","twitter_site":"@BadajozSalud","twitter_misc":{"Tempo estimado de leitura":"3 minutos"},"schema":{"@context":"https:\/\/schema.org","@graph":[{"@type":"WebSite","@id":"https:\/\/imaxilofacial.com\/#website","url":"https:\/\/imaxilofacial.com\/","name":"Instituto Maxilofacial Portugal","description":"Outro site WordPress","potentialAction":[{"@type":"SearchAction","target":{"@type":"EntryPoint","urlTemplate":"https:\/\/imaxilofacial.com\/?s={search_term_string}"},"query-input":"required name=search_term_string"}],"inLanguage":"pt-PT"},{"@type":"WebPage","@id":"https:\/\/imaxilofacial.com\/pt-pt\/cirurgia-plastica-corporal\/#webpage","url":"https:\/\/imaxilofacial.com\/pt-pt\/cirurgia-plastica-corporal\/","name":"Cirug\u00eda Pl\u00e1stica Corporal - Imaxilofacial Badajoz","isPartOf":{"@id":"https:\/\/imaxilofacial.com\/#website"},"datePublished":"2022-01-07T14:14:20+00:00","dateModified":"2022-04-07T15:19:17+00:00","breadcrumb":{"@id":"https:\/\/imaxilofacial.com\/pt-pt\/cirurgia-plastica-corporal\/#breadcrumb"},"inLanguage":"pt-PT","potentialAction":[{"@type":"ReadAction","target":["https:\/\/imaxilofacial.com\/pt-pt\/cirurgia-plastica-corporal\/"]}]},{"@type":"BreadcrumbList","@id":"https:\/\/imaxilofacial.com\/pt-pt\/cirurgia-plastica-corporal\/#breadcrumb","itemListElement":[{"@type":"ListItem","position":1,"name":"Instituto Maxilofacial Badajoz","item":"https:\/\/imaxilofacial.com\/pt-pt\/"},{"@type":"ListItem","position":2,"name":"Cirug\u00eda Pl\u00e1stica Corporal"}]}]}},"_links":{"self":[{"href":"https:\/\/imaxilofacial.com\/pt-pt\/wp-json\/wp\/v2\/pages\/3962"}],"collection":[{"href":"https:\/\/imaxilofacial.com\/pt-pt\/wp-json\/wp\/v2\/pages"}],"about":[{"href":"https:\/\/imaxilofacial.com\/pt-pt\/wp-json\/wp\/v2\/types\/page"}],"author":[{"embeddable":true,"href":"https:\/\/imaxilofacial.com\/pt-pt\/wp-json\/wp\/v2\/users\/2"}],"replies":[{"embeddable":true,"href":"https:\/\/imaxilofacial.com\/pt-pt\/wp-json\/wp\/v2\/comments?post=3962"}],"version-history":[{"count":3,"href":"https:\/\/imaxilofacial.com\/pt-pt\/wp-json\/wp\/v2\/pages\/3962\/revisions"}],"predecessor-version":[{"id":3974,"href":"https:\/\/imaxilofacial.com\/pt-pt\/wp-json\/wp\/v2\/pages\/3962\/revisions\/3974"}],"wp:attachment":[{"href":"https:\/\/imaxilofacial.com\/pt-pt\/wp-json\/wp\/v2\/media?parent=3962"}],"curies":[{"name":"wp","href":"https:\/\/api.w.org\/{rel}","templated":true}]}}