{"id":4023,"date":"2022-01-20T08:16:50","date_gmt":"2022-01-20T08:16:50","guid":{"rendered":"https:\/\/imaxilofacial.com\/?page_id=4023"},"modified":"2022-04-05T09:56:10","modified_gmt":"2022-04-05T09:56:10","slug":"el-equipo","status":"publish","type":"page","link":"https:\/\/imaxilofacial.com\/pt-pt\/el-equipo\/","title":{"rendered":"A equipa"},"content":{"rendered":"<div class=\"row\"  id=\"row-1301276515\">\n\n\t<div id=\"col-1606629707\" class=\"col medium-6 large-6\"  >\n\t\t\t\t<div class=\"col-inner\"  >\n\t\t\t\n\t\t\t\n<p><a href=\"https:\/\/imaxilofacial.com\/wp-content\/uploads\/2022\/04\/entrada-scaled.jpg\"><img loading=\"lazy\" class=\"aligncenter wp-image-4628 size-large\" src=\"https:\/\/imaxilofacial.com\/wp-content\/uploads\/2022\/04\/entrada-1024x683.jpg\" alt=\"\" width=\"1020\" height=\"680\" srcset=\"https:\/\/imaxilofacial.com\/wp-content\/uploads\/2022\/04\/entrada-1024x683.jpg 1024w, https:\/\/imaxilofacial.com\/wp-content\/uploads\/2022\/04\/entrada-300x200.jpg 300w, https:\/\/imaxilofacial.com\/wp-content\/uploads\/2022\/04\/entrada-768x512.jpg 768w, https:\/\/imaxilofacial.com\/wp-content\/uploads\/2022\/04\/entrada-1536x1024.jpg 1536w, https:\/\/imaxilofacial.com\/wp-content\/uploads\/2022\/04\/entrada-2048x1365.jpg 2048w\" sizes=\"(max-width: 1020px) 100vw, 1020px\" \/><\/a><\/p>\n\t\t<\/div>\n\t\t\t\t\t<\/div>\n\n\t\n\n\t<div id=\"col-538922909\" class=\"col medium-6 large-6\"  >\n\t\t\t\t<div class=\"col-inner\"  >\n\t\t\t\n\t\t\t\n<p>Sob a dire\u00e7\u00e3o do Dr. Jes\u00fas Mateo Arias, no Instituto Maxillofacial localizado em Badajoz, temos uma equipa de profissionais com grande experi\u00eancia empenhada ao seu cuidado e obten\u00e7\u00e3o de bons resultados.<\/p>\n<p>Especializados numa multiplicidade de tratamentos, oferecemos uma grande variedade de servi\u00e7os, sempre de qualidade e confian\u00e7a. Para a nossa equipa, o bem-estar e a satisfa\u00e7\u00e3o do paciente s\u00e3o fundamentais. Cada paciente \u00e9 uma pessoa \u00fanica e diferente, por isso os nossos servi\u00e7os s\u00e3o totalmente personalizados.<\/p>\n<blockquote>\n<p>Nas nossas m\u00e3os depositam sa\u00fade e confian\u00e7a, recompensamos com cuidado, conhecimento e experi\u00eancia. Somos a sua solu\u00e7\u00e3o.<\/p>\n<\/blockquote>\n\t\t<\/div>\n\t\t\t\t\t<\/div>\n\n\t\n<\/div>\n<div class=\"row\"  id=\"row-1416158077\">\n\n\t<div id=\"col-498840571\" class=\"col medium-6 large-6\"  >\n\t\t\t\t<div class=\"col-inner\"  >\n\t\t\t\n\t\t\t\n<p>Toda a equipa deste Instituto Maxillofacial partilha valores como empenho, responsabilidade e grande preocupa\u00e7\u00e3o para os nossos pacientes, procurando sempre o melhor para cada um deles. O fruto do trabalho de cada um dos membros da nossa equipa fez com que o Instituto Maxillofacial se tornasse numa cl\u00ednica de refer\u00eancia.<\/p>\n\t\t<\/div>\n\t\t\t\t\t<\/div>\n\n\t\n\n\t<div id=\"col-236447461\" class=\"col medium-6 large-6\"  >\n\t\t\t\t<div class=\"col-inner\"  >\n\t\t\t\n\t\t\t\n<p>Assim como os nossos pacientes, preocupamo-nos com toda a equipa que comp\u00f5e esta cl\u00ednica. A sua prepara\u00e7\u00e3o e experi\u00eancia asseguram os bons resultados que j\u00e1 foram vis\u00edveis. Al\u00e9m disso, a sua forma\u00e7\u00e3o cont\u00ednua para estar atento aos \u00faltimos desenvolvimentos no campo de a\u00e7\u00e3o traz valor acrescentado a esta equipa que vive a sua profiss\u00e3o.<\/p>\n\t\t<\/div>\n\t\t\t\t\t<\/div>\n\n\t\n<\/div>\n<div class=\"row\"  id=\"row-950432886\">\n\n\t<div id=\"col-769432935\" class=\"col medium-3 large-3\"  >\n\t\t\t\t<div class=\"col-inner\"  >\n\t\t\t\n\t\t\t\n<h3><a href=\"https:\/\/imaxilofacial.com\/wp-content\/uploads\/2022\/04\/jesus-1-scaled.jpg\"><img loading=\"lazy\" class=\"size-medium wp-image-4634 aligncenter\" src=\"https:\/\/imaxilofacial.com\/wp-content\/uploads\/2022\/04\/jesus-1-300x200.jpg\" alt=\"\" width=\"300\" height=\"200\" srcset=\"https:\/\/imaxilofacial.com\/wp-content\/uploads\/2022\/04\/jesus-1-300x200.jpg 300w, https:\/\/imaxilofacial.com\/wp-content\/uploads\/2022\/04\/jesus-1-1024x683.jpg 1024w, https:\/\/imaxilofacial.com\/wp-content\/uploads\/2022\/04\/jesus-1-768x512.jpg 768w, https:\/\/imaxilofacial.com\/wp-content\/uploads\/2022\/04\/jesus-1-1536x1024.jpg 1536w, https:\/\/imaxilofacial.com\/wp-content\/uploads\/2022\/04\/jesus-1-2048x1365.jpg 2048w\" sizes=\"(max-width: 300px) 100vw, 300px\" \/><\/a><\/h3>\n<h3>Dr. Mateo Arias, Jesus<\/h3>\n<h4>M\u00e9dico Especialista Oral e Cirurgia Maxillofacial.<\/h4>\n<p><strong>Especialista em Implantes Dent\u00e1rios<\/strong><\/p>\n<p>Hospital Infanta Cristina. O Badajoz.<\/p>\n<p><a href=\"http:\/\/dehesa.unex.es\/bitstream\/handle\/10662\/2606\/TDUEX_2014_Mateo_Arias.pdf?sequence=1\" target=\"_blank\" rel=\"noopener\">Doutorado em Medicina pela Universidade da Extremadura<\/a>.<\/p>\n\t\t<\/div>\n\t\t\t\t\t<\/div>\n\n\t\n\n\t<div id=\"col-783544308\" class=\"col medium-3 large-3\"  >\n\t\t\t\t<div class=\"col-inner\"  >\n\t\t\t\n\t\t\t\n<p><a href=\"https:\/\/imaxilofacial.com\/wp-content\/uploads\/2015\/09\/segunda-elegida-comprimida-e1506980802583.jpg\"><img loading=\"lazy\" class=\"size-medium wp-image-1629 alignleft\" src=\"https:\/\/imaxilofacial.com\/wp-content\/uploads\/2015\/09\/segunda-elegida-comprimida-e1506980802583-300x280.jpg\" alt=\"Dr. Monago Lozano\" width=\"300\" height=\"200\"><\/a><\/p>\n<h3><\/h3>\n<h3><\/h3>\n<h3><\/h3>\n<h3><\/h3>\n<h3><\/h3>\n<h3><\/h3>\n<h3><\/h3>\n<h3>Dr. Monago Lozano, Juan Ignacio<\/h3>\n<h4>Doutor Est\u00e9tico.<\/h4>\n<p><strong>Especialista em Rejuvenescimento Facial e Terapias Corporais<\/strong><\/p>\n\t\t<\/div>\n\t\t\t\t\t<\/div>\n\n\t\n\n\t<div id=\"col-1275018519\" class=\"col medium-3 large-3\"  >\n\t\t\t\t<div class=\"col-inner\"  >\n\t\t\t\n\t\t\t\n<h3><a href=\"https:\/\/imaxilofacial.com\/wp-content\/uploads\/2022\/04\/jesus-1-scaled.jpg\"><img loading=\"lazy\" class=\"size-medium wp-image-4634 aligncenter\" src=\"https:\/\/imaxilofacial.com\/wp-content\/uploads\/2022\/04\/jesus-1-300x200.jpg\" alt=\"\" width=\"300\" height=\"200\" srcset=\"https:\/\/imaxilofacial.com\/wp-content\/uploads\/2022\/04\/jesus-1-300x200.jpg 300w, https:\/\/imaxilofacial.com\/wp-content\/uploads\/2022\/04\/jesus-1-1024x683.jpg 1024w, https:\/\/imaxilofacial.com\/wp-content\/uploads\/2022\/04\/jesus-1-768x512.jpg 768w, https:\/\/imaxilofacial.com\/wp-content\/uploads\/2022\/04\/jesus-1-1536x1024.jpg 1536w, https:\/\/imaxilofacial.com\/wp-content\/uploads\/2022\/04\/jesus-1-2048x1365.jpg 2048w\" sizes=\"(max-width: 300px) 100vw, 300px\" \/><\/a><\/h3>\n<h3>Dr. Mateo Arias, Jesus<\/h3>\n<h4>M\u00e9dico Especialista Oral e Cirurgia Maxillofacial.<\/h4>\n<p><strong>Especialista em Implantes Dent\u00e1rios<\/strong><\/p>\n<p>Hospital Infanta Cristina. O Badajoz.<\/p>\n<p><a href=\"http:\/\/dehesa.unex.es\/bitstream\/handle\/10662\/2606\/TDUEX_2014_Mateo_Arias.pdf?sequence=1\" target=\"_blank\" rel=\"noopener\">Doutorado em Medicina pela Universidade da Extremadura<\/a>.<\/p>\n\t\t<\/div>\n\t\t\t\t\t<\/div>\n\n\t\n\n\t<div id=\"col-2007865559\" class=\"col medium-3 large-3\"  >\n\t\t\t\t<div class=\"col-inner\"  >\n\t\t\t\n\t\t\t\n<p><a href=\"https:\/\/imaxilofacial.com\/wp-content\/uploads\/2022\/04\/AF1QipND9psnFvBeCeSpw0u94KMJlQXVxDFbOq306FPKw600-h988-p-k-no.jpg\"><img loading=\"lazy\" class=\"aligncenter wp-image-4637 size-medium\" src=\"https:\/\/imaxilofacial.com\/wp-content\/uploads\/2022\/04\/AF1QipND9psnFvBeCeSpw0u94KMJlQXVxDFbOq306FPKw600-h988-p-k-no-182x300.jpg\" alt=\"\" width=\"182\" height=\"300\" srcset=\"https:\/\/imaxilofacial.com\/wp-content\/uploads\/2022\/04\/AF1QipND9psnFvBeCeSpw0u94KMJlQXVxDFbOq306FPKw600-h988-p-k-no-182x300.jpg 182w, https:\/\/imaxilofacial.com\/wp-content\/uploads\/2022\/04\/AF1QipND9psnFvBeCeSpw0u94KMJlQXVxDFbOq306FPKw600-h988-p-k-no.jpg 600w\" sizes=\"(max-width: 182px) 100vw, 182px\" \/><\/a><\/p>\n<h3>O Dr. Rodriguez<\/h3>\n<h4>Higienista Oral.<\/h4>\n<p><b>Especialista em Rejuvenescimento Facial e Terapias Corporais<\/b><\/p>\n\t\t<\/div>\n\t\t\t\t\t<\/div>\n\n\t\n<\/div>\n","protected":false},"excerpt":{"rendered":"","protected":false},"author":1,"featured_media":0,"parent":0,"menu_order":0,"comment_status":"closed","ping_status":"closed","template":"page-right-sidebar.php","meta":{"_custom_body_class":"","_custom_post_class":""},"acf":[],"yoast_head":"<!-- This site is optimized with the Yoast SEO plugin v18.4.1 - https:\/\/yoast.com\/wordpress\/plugins\/seo\/ -->\n<title>A equipa - Imaxilofacial Badajoz<\/title>\n<meta name=\"robots\" content=\"noindex, follow\" \/>\n<meta property=\"og:locale\" content=\"pt_PT\" \/>\n<meta property=\"og:type\" content=\"article\" \/>\n<meta property=\"og:title\" content=\"A equipa - Imaxilofacial Badajoz\" \/>\n<meta property=\"og:url\" content=\"https:\/\/imaxilofacial.com\/pt-pt\/el-equipo\/\" \/>\n<meta property=\"og:site_name\" content=\"Instituto Maxilofacial Portugal\" \/>\n<meta property=\"article:publisher\" content=\"https:\/\/www.facebook.com\/Imaxilofacial-878901768819054\/\" \/>\n<meta property=\"article:modified_time\" content=\"2022-04-05T09:56:10+00:00\" \/>\n<meta property=\"og:image\" content=\"https:\/\/imaxilofacial.com\/wp-content\/uploads\/2022\/04\/entrada-1024x683.jpg\" \/>\n<meta name=\"twitter:card\" content=\"summary\" \/>\n<meta name=\"twitter:site\" content=\"@BadajozSalud\" \/>\n<meta name=\"twitter:label1\" content=\"Tempo estimado de leitura\" \/>\n\t<meta name=\"twitter:data1\" content=\"2 minutos\" \/>\n<script type=\"application\/ld+json\" class=\"yoast-schema-graph\">{\"@context\":\"https:\/\/schema.org\",\"@graph\":[{\"@type\":\"WebSite\",\"@id\":\"https:\/\/imaxilofacial.com\/#website\",\"url\":\"https:\/\/imaxilofacial.com\/\",\"name\":\"Instituto Maxilofacial Portugal\",\"description\":\"Outro site WordPress\",\"potentialAction\":[{\"@type\":\"SearchAction\",\"target\":{\"@type\":\"EntryPoint\",\"urlTemplate\":\"https:\/\/imaxilofacial.com\/?s={search_term_string}\"},\"query-input\":\"required name=search_term_string\"}],\"inLanguage\":\"pt-PT\"},{\"@type\":\"ImageObject\",\"@id\":\"https:\/\/imaxilofacial.com\/pt-pt\/el-equipo\/#primaryimage\",\"inLanguage\":\"pt-PT\",\"url\":\"https:\/\/imaxilofacial.com\/wp-content\/uploads\/2022\/04\/entrada-1024x683.jpg\",\"contentUrl\":\"https:\/\/imaxilofacial.com\/wp-content\/uploads\/2022\/04\/entrada-1024x683.jpg\"},{\"@type\":\"WebPage\",\"@id\":\"https:\/\/imaxilofacial.com\/pt-pt\/el-equipo\/#webpage\",\"url\":\"https:\/\/imaxilofacial.com\/pt-pt\/el-equipo\/\",\"name\":\"A equipa - Imaxilofacial Badajoz\",\"isPartOf\":{\"@id\":\"https:\/\/imaxilofacial.com\/#website\"},\"primaryImageOfPage\":{\"@id\":\"https:\/\/imaxilofacial.com\/pt-pt\/el-equipo\/#primaryimage\"},\"datePublished\":\"2022-01-20T08:16:50+00:00\",\"dateModified\":\"2022-04-05T09:56:10+00:00\",\"breadcrumb\":{\"@id\":\"https:\/\/imaxilofacial.com\/pt-pt\/el-equipo\/#breadcrumb\"},\"inLanguage\":\"pt-PT\",\"potentialAction\":[{\"@type\":\"ReadAction\",\"target\":[\"https:\/\/imaxilofacial.com\/pt-pt\/el-equipo\/\"]}]},{\"@type\":\"BreadcrumbList\",\"@id\":\"https:\/\/imaxilofacial.com\/pt-pt\/el-equipo\/#breadcrumb\",\"itemListElement\":[{\"@type\":\"ListItem\",\"position\":1,\"name\":\"Instituto Maxilofacial Badajoz\",\"item\":\"https:\/\/imaxilofacial.com\/pt-pt\/\"},{\"@type\":\"ListItem\",\"position\":2,\"name\":\"A equipa\"}]}]}<\/script>\n<!-- \/ Yoast SEO plugin. -->","yoast_head_json":{"title":"A equipa - Imaxilofacial Badajoz","robots":{"index":"noindex","follow":"follow"},"og_locale":"pt_PT","og_type":"article","og_title":"A equipa - Imaxilofacial Badajoz","og_url":"https:\/\/imaxilofacial.com\/pt-pt\/el-equipo\/","og_site_name":"Instituto Maxilofacial Portugal","article_publisher":"https:\/\/www.facebook.com\/Imaxilofacial-878901768819054\/","article_modified_time":"2022-04-05T09:56:10+00:00","og_image":[{"url":"https:\/\/imaxilofacial.com\/wp-content\/uploads\/2022\/04\/entrada-1024x683.jpg"}],"twitter_card":"summary","twitter_site":"@BadajozSalud","twitter_misc":{"Tempo estimado de leitura":"2 minutos"},"schema":{"@context":"https:\/\/schema.org","@graph":[{"@type":"WebSite","@id":"https:\/\/imaxilofacial.com\/#website","url":"https:\/\/imaxilofacial.com\/","name":"Instituto Maxilofacial Portugal","description":"Outro site WordPress","potentialAction":[{"@type":"SearchAction","target":{"@type":"EntryPoint","urlTemplate":"https:\/\/imaxilofacial.com\/?s={search_term_string}"},"query-input":"required name=search_term_string"}],"inLanguage":"pt-PT"},{"@type":"ImageObject","@id":"https:\/\/imaxilofacial.com\/pt-pt\/el-equipo\/#primaryimage","inLanguage":"pt-PT","url":"https:\/\/imaxilofacial.com\/wp-content\/uploads\/2022\/04\/entrada-1024x683.jpg","contentUrl":"https:\/\/imaxilofacial.com\/wp-content\/uploads\/2022\/04\/entrada-1024x683.jpg"},{"@type":"WebPage","@id":"https:\/\/imaxilofacial.com\/pt-pt\/el-equipo\/#webpage","url":"https:\/\/imaxilofacial.com\/pt-pt\/el-equipo\/","name":"A equipa - Imaxilofacial Badajoz","isPartOf":{"@id":"https:\/\/imaxilofacial.com\/#website"},"primaryImageOfPage":{"@id":"https:\/\/imaxilofacial.com\/pt-pt\/el-equipo\/#primaryimage"},"datePublished":"2022-01-20T08:16:50+00:00","dateModified":"2022-04-05T09:56:10+00:00","breadcrumb":{"@id":"https:\/\/imaxilofacial.com\/pt-pt\/el-equipo\/#breadcrumb"},"inLanguage":"pt-PT","potentialAction":[{"@type":"ReadAction","target":["https:\/\/imaxilofacial.com\/pt-pt\/el-equipo\/"]}]},{"@type":"BreadcrumbList","@id":"https:\/\/imaxilofacial.com\/pt-pt\/el-equipo\/#breadcrumb","itemListElement":[{"@type":"ListItem","position":1,"name":"Instituto Maxilofacial Badajoz","item":"https:\/\/imaxilofacial.com\/pt-pt\/"},{"@type":"ListItem","position":2,"name":"A equipa"}]}]}},"_links":{"self":[{"href":"https:\/\/imaxilofacial.com\/pt-pt\/wp-json\/wp\/v2\/pages\/4023"}],"collection":[{"href":"https:\/\/imaxilofacial.com\/pt-pt\/wp-json\/wp\/v2\/pages"}],"about":[{"href":"https:\/\/imaxilofacial.com\/pt-pt\/wp-json\/wp\/v2\/types\/page"}],"author":[{"embeddable":true,"href":"https:\/\/imaxilofacial.com\/pt-pt\/wp-json\/wp\/v2\/users\/1"}],"replies":[{"embeddable":true,"href":"https:\/\/imaxilofacial.com\/pt-pt\/wp-json\/wp\/v2\/comments?post=4023"}],"version-history":[{"count":7,"href":"https:\/\/imaxilofacial.com\/pt-pt\/wp-json\/wp\/v2\/pages\/4023\/revisions"}],"predecessor-version":[{"id":4644,"href":"https:\/\/imaxilofacial.com\/pt-pt\/wp-json\/wp\/v2\/pages\/4023\/revisions\/4644"}],"wp:attachment":[{"href":"https:\/\/imaxilofacial.com\/pt-pt\/wp-json\/wp\/v2\/media?parent=4023"}],"curies":[{"name":"wp","href":"https:\/\/api.w.org\/{rel}","templated":true}]}}