{"id":4043,"date":"2022-01-20T08:21:18","date_gmt":"2022-01-20T08:21:18","guid":{"rendered":"https:\/\/imaxilofacial.com\/?page_id=4043"},"modified":"2022-04-07T14:27:42","modified_gmt":"2022-04-07T14:27:42","slug":"abdominoplastia","status":"publish","type":"page","link":"https:\/\/imaxilofacial.com\/pt-pt\/cirurgia-plastica-corporal\/abdominoplastia\/","title":{"rendered":"Abdominoplastia"},"content":{"rendered":"<h1>Abdominoplastia<\/h1>\n<p>La abdominoplastia es el tratamiento para eliminar el exceso de piel y grasa abdominal. En la misma intervenci\u00f3n tambi\u00e9n corregimos la flacidez muscular. El exceso de piel y grasa abdominal es una situaci\u00f3n frecuente en mujeres que han tenido varios embarazos o en las que se ha producido una p\u00e9rdida de peso importante. Con este procedimiento conseguimos eliminar el exceso de piel y grasa. Conseguimos un abdomen m\u00e1s plano y firme a la vez que una cintura m\u00e1s estrecha.<\/p>\n<p>La intervenci\u00f3n quir\u00fargica la realizamos bajo anestesia general. Se realiza una incisi\u00f3n por encima del vello pubiano que se prolonga hacia las caderas, liber\u00e1ndose la piel del abdomen y reforzando los m\u00fasculos abdominales. Las mujeres que han tenido embarazos suelen sufrir una separaci\u00f3n de estos m\u00fasculos, di\u00e1stasis de rectos, y con ello una p\u00e9rdida de la firmeza abdominal. Retiramos el exceso de piel tens\u00e1ndose la que queda en el cuerpo.<\/p>\n<p>Es necesario que despu\u00e9s de la operaci\u00f3n se utilice una faja especial, para que no se formen hematomas en la zona intervenida.\u00a0 Se adhiera la piel al musculo subyacente. Las cicatrices sufren un proceso de remodelaci\u00f3n de hasta 9-12 meses e ir\u00e1n mejorando con el transcurso del tiempo.<\/p>\n<h2><strong>\u00bfQu\u00e9 es la abdominoplastia?<\/strong><\/h2>\n<p>La abdominoplastia es un tratamiento quir\u00fargico cuya finalidad es eliminar el exceso de piel y grasa de la parte media y baja del abdomen. Reforzamos en la misma intervenci\u00f3n la musculatura de la pared abdominal. Daremos un aspecto m\u00e1s plano al abdomen, con una cintura m\u00e1s estrecha. La cirug\u00eda dejara una cicatriz que ser\u00e1 menos llamativa que el problema original.<\/p>\n<h2><strong>\u00bfQui\u00e9n es el candidato ideal para someterse a una abdominoplastia?<\/strong><\/h2>\n<p>Los candidatos ideales para someterse a este tratamiento son las mujeres u hombres que tienen una silueta relativamente buena pero que su mayor problema es la acumulaci\u00f3n de grasa, o exceso de piel y grasa en el abdomen. Este tratamiento est\u00e1 especialmente indicado en mujeres que han tenido varios embarazos, tras la distensi\u00f3n inicial de la piel y los m\u00fasculos abdominales. Al recuperar el volumen inicial no se recupera el tono inicial y se produce una ca\u00edda o aspecto fl\u00e1cido de los mismos. Tambi\u00e9n puede mejorar el exceso de la piel en gente mayor, frecuentemente asociada a una obesidad moderada.<\/p>\n<p>Aquellos pacientes que deban perder mucho peso deben posponer la cirug\u00eda. Al igual que las pacientes que pretendan tener futuros embarazos.\u00a0 Os m\u00fasculos verticais do abd\u00f3men s\u00e3o apertados durante a cirurgia e podem voltar a relaxar com novas gravidezes.<\/p>\n<p>A exist\u00eancia de cicatrizes anteriores no abd\u00f3men pode contra-indicar este tratamento cir\u00fargico ou em outras situa\u00e7\u00f5es podemos tirar partido do tratamento para as melhorar.<\/p>\n<p>&nbsp;<\/p>\n<figure id=\"attachment_3374\" aria-describedby=\"caption-attachment-3374\" style=\"width: 274px\" class=\"wp-caption aligncenter\"><a href=\"https:\/\/imaxilofacial.com\/wp-content\/uploads\/2021\/02\/Abdominoplastia-inicial.jpg\"><img loading=\"lazy\" class=\"wp-image-4045 size-medium\" src=\"https:\/\/imaxilofacial.com\/wp-content\/uploads\/2021\/02\/Abdominoplastia-inicial-274x300.jpg\" alt=\"\" width=\"274\" height=\"300\" srcset=\"https:\/\/imaxilofacial.com\/wp-content\/uploads\/2021\/02\/Abdominoplastia-inicial-274x300.jpg 274w, https:\/\/imaxilofacial.com\/wp-content\/uploads\/2021\/02\/Abdominoplastia-inicial.jpg 567w\" sizes=\"(max-width: 274px) 100vw, 274px\" \/><\/a><figcaption id=\"caption-attachment-3374\" class=\"wp-caption-text\">Situa\u00e7\u00e3o inicial.<\/figcaption><\/figure>\n<figure id=\"attachment_3376\" aria-describedby=\"caption-attachment-3376\" style=\"width: 268px\" class=\"wp-caption aligncenter\"><a href=\"https:\/\/imaxilofacial.com\/wp-content\/uploads\/2021\/02\/Abdominoplastia-posttratamiento.jpg\"><img loading=\"lazy\" class=\"wp-image-4046 size-medium\" src=\"https:\/\/imaxilofacial.com\/wp-content\/uploads\/2021\/02\/Abdominoplastia-posttratamiento-268x300.jpg\" alt=\"\" width=\"268\" height=\"300\" srcset=\"https:\/\/imaxilofacial.com\/wp-content\/uploads\/2021\/02\/Abdominoplastia-posttratamiento-268x300.jpg 268w, https:\/\/imaxilofacial.com\/wp-content\/uploads\/2021\/02\/Abdominoplastia-posttratamiento.jpg 567w\" sizes=\"(max-width: 268px) 100vw, 268px\" \/><\/a><figcaption id=\"caption-attachment-3376\" class=\"wp-caption-text\">Resultado p\u00f3s-cir\u00fargico.<\/figcaption><\/figure>\n<p>&nbsp;<\/p>\n<p>&nbsp;<\/p>\n<h2><strong>Planeamento da cirurgia<\/strong><\/h2>\n<p>Na web podemos obter informa\u00e7\u00f5es sobre a cirurgia, quando \u00e9 indicada, como \u00e9 realizada e que resultados podem ser esperados. Mas n\u00e3o h\u00e1 duas pessoas iguais. \u00c9 essencial realizar um exame adequado e um estudo completo das propor\u00e7\u00f5es. Determinamos as \u00e1reas espec\u00edficas a melhorar, a quantidade de gordura em excesso, a flacidez muscular e a qualidade da pele. A obesidade grave, resistente ao tratamento nutricional, requer uma abordagem de equipa e pode beneficiar da utiliza\u00e7\u00e3o de um bal\u00e3o intra-g\u00e1strico ou cirurgia bari\u00e1trica. Actualmente, a tend\u00eancia para o tratamento da obesidade \u00e9 menos agressiva atrav\u00e9s da utiliza\u00e7\u00e3o da endoscopia. Podemos dizer que a abdominoplastia n\u00e3o \u00e9 o tratamento adequado para a obesidade generalizada.<\/p>\n<p>Se a acumula\u00e7\u00e3o de gordura for localizada e a pele o permitir, uma mini-abdominoplastia ou lipoaspira\u00e7\u00e3o pode ser suficiente. \u00c9 portanto aconselh\u00e1vel realizar uma avalia\u00e7\u00e3o individualizada, excluindo problemas end\u00f3crinos. Corrigimos o excesso de peso antes de realizar a cirurgia pl\u00e1stica abdominal ou o contorno corporal.<\/p>\n<p>Esta primeira consulta \u00e9 necess\u00e1ria para tomar um historial m\u00e9dico, avaliar o seu historial pessoal se for fumador, se estiver a tomar qualquer medica\u00e7\u00e3o ou vitaminas, e para tomar registos gr\u00e1ficos. Adem\u00e1s esta consulta sirve para exponer sus expectativas acerca del tratamiento al que se va a someter y preguntar las dudas que puede tener este. Su cirujano pl\u00e1stico le informara tras del procedimiento, de los resultados reales que podemos obtener de \u00e9l. C\u00f3mo se realiza, las posibles complicaciones y los tratamientos alternativos disponibles para su problema, con los riesgos y limitaciones de cada una de ellos.<\/p>\n<p>En la mayor\u00eda de los casos, combinamos esta cirug\u00eda con una lipoescultura de flancos y de la parte alta del abdomen para buscar un resultado m\u00e1s satisfactorio. En cualquier caso su cirujano pl\u00e1stico junto a usted, decidir\u00e1n de forma conjunta cu\u00e1l es el procedimiento \u00f3ptimo que le proporcione una silueta corporal m\u00e1s adecuada. Ele ou ela tamb\u00e9m explicar\u00e1 as instru\u00e7\u00f5es pr\u00e9-operat\u00f3rias e o per\u00edodo de recupera\u00e7\u00e3o ap\u00f3s a opera\u00e7\u00e3o.<\/p>\n<h2><strong>Onde \u00e9 realizada a cirurgia?<\/strong><\/h2>\n<p>A abdominoplastia ou mini-abdominoplastia \u00e9 sempre executada na sala de opera\u00e7\u00f5es. Os riscos s\u00e3o menores se for realizado por especialistas qualificados. Realizar as interven\u00e7\u00f5es em cl\u00ednicas equipadas com infra-estruturas adequadas para que os resultados obtidos sejam \u00f3ptimos, naturais e seguros.<\/p>\n<h2><strong>Que tipo de anestesia \u00e9 utilizada?<\/strong><\/h2>\n<p>O tipo de anestesia utilizada para a abdominoplastia convencional \u00e9 a anestesia geral. Se o problema for ligeiro, pode ser tratado com lipoaspira\u00e7\u00e3o abdominal sob anestesia local mais seda\u00e7\u00e3o intravenosa. Durante a cirurgia estar\u00e1 consciente mas relaxado ou sedado, e a regi\u00e3o abdominal ser\u00e1 insens\u00edvel \u00e0 dor com a anestesia local.<\/p>\n<h2><strong>Em que consiste a cirurgia?<\/strong><\/h2>\n<p>Desde as primeiras descri\u00e7\u00f5es das t\u00e9cnicas de abdominoplastia, estas foram modificadas.\u00a0 Procuram-se resultados menos agressivos, menos cicatrizes, recupera\u00e7\u00e3o mais r\u00e1pida e mais naturais no contorno do corpo. Existem t\u00e9cnicas de mini-abdominoplastia combinadas ou n\u00e3o com lipoaspira\u00e7\u00e3o e outras op\u00e7\u00f5es mais respeitadoras da circula\u00e7\u00e3o abdominal e linf\u00e1ticas.<\/p>\n<p>O tratamento cir\u00fargico completo dura geralmente entre 2 e 4 horas, dependendo da quantidade de correc\u00e7\u00e3o necess\u00e1ria. A abdominoplastia \u00e9 realizada atrav\u00e9s de uma incis\u00e3o que se estende de uma anca para a outra, imediatamente acima do osso p\u00fabico, com uma segunda incis\u00e3o feita \u00e0 volta do umbigo. En la miniabdominoplastia o peque\u00f1as abdominoplastia se emplea una incisi\u00f3n mucho m\u00e1s peque\u00f1a, tambi\u00e9n encima del pubis, no siendo necesaria la incisi\u00f3n alrededor del ombligo.<\/p>\n<p>Los m\u00fasculos del abdomen son tensados y unidos en la l\u00ednea media, consiguiendo de este modo una pared abdominal firme y una cintura m\u00e1s estrecha. La piel se tensa hacia abajo extirpando la sobrante. Finalmente se realizan las sutura de la piel, coloc\u00e1ndose un tubo de drenaje temporal para eliminar los l\u00edquidos que se acumulan en la zona intervenida. Tambi\u00e9n ser\u00e1 necesario utilizar posteriomente un vendaje compresivo o una faja sobre la zona intervenida. En la miniabdominoplastia, la piel se separa solo entre la incisi\u00f3n y el ombligo, se extirpa la piel sobrante y se realizan las suturas.<\/p>\n<p>La cicatriz ser\u00e1 una l\u00ednea que va alrededor del ombligo y otra superior al pubis que ser\u00e1 tapada con la ropa interior. Em casos espec\u00edficos, tais como pessoas magras com excesso de pele abaixo do umbigo, podemos realizar uma mini-abdominoplastia, deixando apenas uma cicatriz horizontal acima do p\u00fabis e tamb\u00e9m vamos apertar os m\u00fasculos da regi\u00e3o abdominal.<\/p>\n<h2><strong>Ap\u00f3s a cirurgia (p\u00f3s-cirurgia)<\/strong><\/h2>\n<p>Dependendo da extens\u00e3o da cirurgia, pode ser-lhe poss\u00edvel ir para casa ap\u00f3s algumas horas ou pode ter de permanecer na cl\u00ednica durante dois ou tr\u00eas dias. O seu cirurgi\u00e3o pl\u00e1stico dar-lhe-\u00e1 instru\u00e7\u00f5es p\u00f3s-operat\u00f3rias sobre o estilo de vida e cuidados a ter com a ferida cir\u00fargica. \u00a0Os pontos de pele s\u00e3o removidos ap\u00f3s 5 a 7 dias. A ligadura ser\u00e1 substitu\u00edda por um ligante abdominal.<\/p>\n<p>Durante os primeiros dias ap\u00f3s o tratamento, \u00e9 normal sentir algum desconforto, que \u00e9 controlado com medicamentos. \u00a0Raras complica\u00e7\u00f5es s\u00e3o a perda de vitalidade (necrose) da pele acima do p\u00fabis ou o aparecimento de seromas e\/ou hematomas que podem exigir evacua\u00e7\u00e3o.<\/p>\n<p>Com cautela, deve come\u00e7ar a andar o mais cedo poss\u00edvel. Pode levar algumas semanas a alguns meses para se sentir como antes. Se a sua condi\u00e7\u00e3o f\u00edsica pr\u00e9-cir\u00fargica for boa, incluindo m\u00fasculos abdominais fortes, a recupera\u00e7\u00e3o ap\u00f3s a abdominoplastia ser\u00e1 mais r\u00e1pida. Algumas pessoas regressam ao trabalho em cerca de 2 semanas, enquanto outras necessitam de 3 a 4 semanas de descanso e recupera\u00e7\u00e3o. O exerc\u00edcio f\u00edsico progressivo ajuda-o a recuperar mais cedo. Melhora o t\u00f3nus muscular, melhora o retorno venoso, e reduz o incha\u00e7o.<\/p>\n<p>As cicatrizes passam por um processo constante de remodela\u00e7\u00e3o. Leva entre 9 meses e 1 ano para a cicatriz se aplanar e aligeirar. Embora as cicatrizes nunca desapare\u00e7am, s\u00e3o colocadas em \u00e1reas de forma a serem t\u00e3o discretas quanto poss\u00edvel.<\/p>\n<h2><strong>\u00bfExistem riscos? \u00bfexistem garantias?<\/strong><\/h2>\n<p>Centenas de abdominoplastias bem sucedidas s\u00e3o realizadas todos os anos. Quando realizado por um cirurgi\u00e3o pl\u00e1stico qualificado, os resultados s\u00e3o normalmente muito bons. No entanto, sempre que a cirurgia \u00e9 realizada, existem riscos, bem como complica\u00e7\u00f5es relacionadas com este procedimento em particular.<\/p>\n<p>Complica\u00e7\u00f5es ap\u00f3s cirurgia, tais como infec\u00e7\u00e3o ou trombos venosos podem ocorrer, mas s\u00e3o raras. A infec\u00e7\u00e3o \u00e9 resolvida com antibi\u00f3ticos e drenagem, mas ir\u00e1 prolongar a estadia na cl\u00ednica. Os trombos venosos s\u00e3o impedidos movendo as pernas e levantando-se assim que a cirurgia o permite. Uma cicatriza\u00e7\u00e3o deficiente pode resultar numa cicatriz de m\u00e1 qualidade, requerendo por vezes uma segunda cirurgia. Os fumadores devem deixar de fumar algumas semanas antes da cirurgia e devem ser avisados de que fumar aumenta a possibilidade de complica\u00e7\u00f5es e atrasa a cura.<\/p>\n<p>&nbsp;<\/p>\n<figure id=\"attachment_3379\" aria-describedby=\"caption-attachment-3379\" style=\"width: 179px\" class=\"wp-caption aligncenter\"><a href=\"https:\/\/imaxilofacial.com\/wp-content\/uploads\/2021\/02\/Abdominoplastia-lateral.jpg\"><img loading=\"lazy\" class=\"size-medium wp-image-4047\" src=\"https:\/\/imaxilofacial.com\/wp-content\/uploads\/2021\/02\/Abdominoplastia-lateral-179x300.jpg\" alt=\"\" width=\"179\" height=\"300\" srcset=\"https:\/\/imaxilofacial.com\/wp-content\/uploads\/2021\/02\/Abdominoplastia-lateral-179x300.jpg 179w, https:\/\/imaxilofacial.com\/wp-content\/uploads\/2021\/02\/Abdominoplastia-lateral.jpg 567w\" sizes=\"(max-width: 179px) 100vw, 179px\" \/><\/a><figcaption id=\"caption-attachment-3379\" class=\"wp-caption-text\">Vista lateral de pr\u00e9-tratamento.<\/figcaption><\/figure>\n<figure id=\"attachment_3381\" aria-describedby=\"caption-attachment-3381\" style=\"width: 152px\" class=\"wp-caption aligncenter\"><a href=\"https:\/\/imaxilofacial.com\/wp-content\/uploads\/2021\/02\/Abdominoplastia-lateral-derecha.jpg\"><img loading=\"lazy\" class=\"wp-image-4048 size-medium\" src=\"https:\/\/imaxilofacial.com\/wp-content\/uploads\/2021\/02\/Abdominoplastia-lateral-derecha-152x300.jpg\" alt=\"\" width=\"152\" height=\"300\" srcset=\"https:\/\/imaxilofacial.com\/wp-content\/uploads\/2021\/02\/Abdominoplastia-lateral-derecha-152x300.jpg 152w, https:\/\/imaxilofacial.com\/wp-content\/uploads\/2021\/02\/Abdominoplastia-lateral-derecha-520x1024.jpg 520w, https:\/\/imaxilofacial.com\/wp-content\/uploads\/2021\/02\/Abdominoplastia-lateral-derecha.jpg 567w\" sizes=\"(max-width: 152px) 100vw, 152px\" \/><\/a><figcaption id=\"caption-attachment-3381\" class=\"wp-caption-text\">Resultado ap\u00f3s a abdominoplastia.<\/figcaption><\/figure>\n<p>&nbsp;<\/p>\n<blockquote><p><em>Se desejar melhorar a sua figura removendo o excesso de pele e gordura na zona abdominal, marque uma consulta no nosso centro de Cirurgia Pl\u00e1stica em Badajoz, dar-lhe-emos a melhor op\u00e7\u00e3o de tratamento para o seu caso.<\/em><\/p><\/blockquote>\n<p>&nbsp;<\/p>\n","protected":false},"excerpt":{"rendered":"<p>Abdominoplastia La abdominoplastia es el tratamiento para eliminar el exceso de piel y grasa abdominal. En la misma intervenci\u00f3n tambi\u00e9n corregimos la flacidez muscular. El exceso de piel y grasa abdominal es una situaci\u00f3n frecuente en mujeres que han tenido varios embarazos o en las que se ha producido una p\u00e9rdida de peso importante. Con [&#8230;]\n","protected":false},"author":2,"featured_media":0,"parent":3962,"menu_order":0,"comment_status":"closed","ping_status":"closed","template":"page-right-sidebar.php","meta":{"_custom_body_class":"","_custom_post_class":""},"acf":[],"yoast_head":"<!-- This site is optimized with the Yoast SEO plugin v18.4.1 - https:\/\/yoast.com\/wordpress\/plugins\/seo\/ -->\n<title>Abdominoplastia - Imaxilofacial Badajoz<\/title>\n<meta name=\"robots\" content=\"index, follow, max-snippet:-1, max-image-preview:large, max-video-preview:-1\" \/>\n<link rel=\"canonical\" href=\"https:\/\/imaxilofacial.com\/pt-pt\/cirurgia-plastica-corporal\/abdominoplastia\/\" \/>\n<meta property=\"og:locale\" content=\"pt_PT\" \/>\n<meta property=\"og:type\" content=\"article\" \/>\n<meta property=\"og:title\" content=\"Abdominoplastia - Imaxilofacial Badajoz\" \/>\n<meta property=\"og:description\" content=\"Abdominoplastia La abdominoplastia es el tratamiento para eliminar el exceso de piel y grasa abdominal. En la misma intervenci\u00f3n tambi\u00e9n corregimos la flacidez muscular. El exceso de piel y grasa abdominal es una situaci\u00f3n frecuente en mujeres que han tenido varios embarazos o en las que se ha producido una p\u00e9rdida de peso importante. Con [...]\" \/>\n<meta property=\"og:url\" content=\"https:\/\/imaxilofacial.com\/pt-pt\/cirurgia-plastica-corporal\/abdominoplastia\/\" \/>\n<meta property=\"og:site_name\" content=\"Instituto Maxilofacial Portugal\" \/>\n<meta property=\"article:publisher\" content=\"https:\/\/www.facebook.com\/Imaxilofacial-878901768819054\/\" \/>\n<meta property=\"article:modified_time\" content=\"2022-04-07T14:27:42+00:00\" \/>\n<meta property=\"og:image\" content=\"https:\/\/imaxilofacial.com\/wp-content\/uploads\/2021\/02\/Abdominoplastia-inicial-274x300.jpg\" \/>\n<meta name=\"twitter:card\" content=\"summary\" \/>\n<meta name=\"twitter:site\" content=\"@BadajozSalud\" \/>\n<meta name=\"twitter:label1\" content=\"Tempo estimado de leitura\" \/>\n\t<meta name=\"twitter:data1\" content=\"9 minutos\" \/>\n<script type=\"application\/ld+json\" class=\"yoast-schema-graph\">{\"@context\":\"https:\/\/schema.org\",\"@graph\":[{\"@type\":\"WebSite\",\"@id\":\"https:\/\/imaxilofacial.com\/#website\",\"url\":\"https:\/\/imaxilofacial.com\/\",\"name\":\"Instituto Maxilofacial Portugal\",\"description\":\"Outro site WordPress\",\"potentialAction\":[{\"@type\":\"SearchAction\",\"target\":{\"@type\":\"EntryPoint\",\"urlTemplate\":\"https:\/\/imaxilofacial.com\/?s={search_term_string}\"},\"query-input\":\"required name=search_term_string\"}],\"inLanguage\":\"pt-PT\"},{\"@type\":\"ImageObject\",\"@id\":\"https:\/\/imaxilofacial.com\/pt-pt\/cirurgia-plastica-corporal\/abdominoplastia\/#primaryimage\",\"inLanguage\":\"pt-PT\",\"url\":\"https:\/\/imaxilofacial.com\/wp-content\/uploads\/2021\/02\/Abdominoplastia-inicial.jpg\",\"contentUrl\":\"https:\/\/imaxilofacial.com\/wp-content\/uploads\/2021\/02\/Abdominoplastia-inicial.jpg\",\"width\":567,\"height\":621},{\"@type\":\"WebPage\",\"@id\":\"https:\/\/imaxilofacial.com\/pt-pt\/cirurgia-plastica-corporal\/abdominoplastia\/#webpage\",\"url\":\"https:\/\/imaxilofacial.com\/pt-pt\/cirurgia-plastica-corporal\/abdominoplastia\/\",\"name\":\"Abdominoplastia - Imaxilofacial Badajoz\",\"isPartOf\":{\"@id\":\"https:\/\/imaxilofacial.com\/#website\"},\"primaryImageOfPage\":{\"@id\":\"https:\/\/imaxilofacial.com\/pt-pt\/cirurgia-plastica-corporal\/abdominoplastia\/#primaryimage\"},\"datePublished\":\"2022-01-20T08:21:18+00:00\",\"dateModified\":\"2022-04-07T14:27:42+00:00\",\"breadcrumb\":{\"@id\":\"https:\/\/imaxilofacial.com\/pt-pt\/cirurgia-plastica-corporal\/abdominoplastia\/#breadcrumb\"},\"inLanguage\":\"pt-PT\",\"potentialAction\":[{\"@type\":\"ReadAction\",\"target\":[\"https:\/\/imaxilofacial.com\/pt-pt\/cirurgia-plastica-corporal\/abdominoplastia\/\"]}]},{\"@type\":\"BreadcrumbList\",\"@id\":\"https:\/\/imaxilofacial.com\/pt-pt\/cirurgia-plastica-corporal\/abdominoplastia\/#breadcrumb\",\"itemListElement\":[{\"@type\":\"ListItem\",\"position\":1,\"name\":\"Instituto Maxilofacial Badajoz\",\"item\":\"https:\/\/imaxilofacial.com\/pt-pt\/\"},{\"@type\":\"ListItem\",\"position\":2,\"name\":\"Cirug\u00eda Pl\u00e1stica Corporal\",\"item\":\"https:\/\/imaxilofacial.com\/pt-pt\/cirurgia-plastica-corporal\/\"},{\"@type\":\"ListItem\",\"position\":3,\"name\":\"Abdominoplastia\"}]}]}<\/script>\n<!-- \/ Yoast SEO plugin. -->","yoast_head_json":{"title":"Abdominoplastia - Imaxilofacial Badajoz","robots":{"index":"index","follow":"follow","max-snippet":"max-snippet:-1","max-image-preview":"max-image-preview:large","max-video-preview":"max-video-preview:-1"},"canonical":"https:\/\/imaxilofacial.com\/pt-pt\/cirurgia-plastica-corporal\/abdominoplastia\/","og_locale":"pt_PT","og_type":"article","og_title":"Abdominoplastia - Imaxilofacial Badajoz","og_description":"Abdominoplastia La abdominoplastia es el tratamiento para eliminar el exceso de piel y grasa abdominal. En la misma intervenci\u00f3n tambi\u00e9n corregimos la flacidez muscular. El exceso de piel y grasa abdominal es una situaci\u00f3n frecuente en mujeres que han tenido varios embarazos o en las que se ha producido una p\u00e9rdida de peso importante. Con [...]","og_url":"https:\/\/imaxilofacial.com\/pt-pt\/cirurgia-plastica-corporal\/abdominoplastia\/","og_site_name":"Instituto Maxilofacial Portugal","article_publisher":"https:\/\/www.facebook.com\/Imaxilofacial-878901768819054\/","article_modified_time":"2022-04-07T14:27:42+00:00","og_image":[{"url":"https:\/\/imaxilofacial.com\/wp-content\/uploads\/2021\/02\/Abdominoplastia-inicial-274x300.jpg"}],"twitter_card":"summary","twitter_site":"@BadajozSalud","twitter_misc":{"Tempo estimado de leitura":"9 minutos"},"schema":{"@context":"https:\/\/schema.org","@graph":[{"@type":"WebSite","@id":"https:\/\/imaxilofacial.com\/#website","url":"https:\/\/imaxilofacial.com\/","name":"Instituto Maxilofacial Portugal","description":"Outro site WordPress","potentialAction":[{"@type":"SearchAction","target":{"@type":"EntryPoint","urlTemplate":"https:\/\/imaxilofacial.com\/?s={search_term_string}"},"query-input":"required name=search_term_string"}],"inLanguage":"pt-PT"},{"@type":"ImageObject","@id":"https:\/\/imaxilofacial.com\/pt-pt\/cirurgia-plastica-corporal\/abdominoplastia\/#primaryimage","inLanguage":"pt-PT","url":"https:\/\/imaxilofacial.com\/wp-content\/uploads\/2021\/02\/Abdominoplastia-inicial.jpg","contentUrl":"https:\/\/imaxilofacial.com\/wp-content\/uploads\/2021\/02\/Abdominoplastia-inicial.jpg","width":567,"height":621},{"@type":"WebPage","@id":"https:\/\/imaxilofacial.com\/pt-pt\/cirurgia-plastica-corporal\/abdominoplastia\/#webpage","url":"https:\/\/imaxilofacial.com\/pt-pt\/cirurgia-plastica-corporal\/abdominoplastia\/","name":"Abdominoplastia - Imaxilofacial Badajoz","isPartOf":{"@id":"https:\/\/imaxilofacial.com\/#website"},"primaryImageOfPage":{"@id":"https:\/\/imaxilofacial.com\/pt-pt\/cirurgia-plastica-corporal\/abdominoplastia\/#primaryimage"},"datePublished":"2022-01-20T08:21:18+00:00","dateModified":"2022-04-07T14:27:42+00:00","breadcrumb":{"@id":"https:\/\/imaxilofacial.com\/pt-pt\/cirurgia-plastica-corporal\/abdominoplastia\/#breadcrumb"},"inLanguage":"pt-PT","potentialAction":[{"@type":"ReadAction","target":["https:\/\/imaxilofacial.com\/pt-pt\/cirurgia-plastica-corporal\/abdominoplastia\/"]}]},{"@type":"BreadcrumbList","@id":"https:\/\/imaxilofacial.com\/pt-pt\/cirurgia-plastica-corporal\/abdominoplastia\/#breadcrumb","itemListElement":[{"@type":"ListItem","position":1,"name":"Instituto Maxilofacial Badajoz","item":"https:\/\/imaxilofacial.com\/pt-pt\/"},{"@type":"ListItem","position":2,"name":"Cirug\u00eda Pl\u00e1stica Corporal","item":"https:\/\/imaxilofacial.com\/pt-pt\/cirurgia-plastica-corporal\/"},{"@type":"ListItem","position":3,"name":"Abdominoplastia"}]}]}},"_links":{"self":[{"href":"https:\/\/imaxilofacial.com\/pt-pt\/wp-json\/wp\/v2\/pages\/4043"}],"collection":[{"href":"https:\/\/imaxilofacial.com\/pt-pt\/wp-json\/wp\/v2\/pages"}],"about":[{"href":"https:\/\/imaxilofacial.com\/pt-pt\/wp-json\/wp\/v2\/types\/page"}],"author":[{"embeddable":true,"href":"https:\/\/imaxilofacial.com\/pt-pt\/wp-json\/wp\/v2\/users\/2"}],"replies":[{"embeddable":true,"href":"https:\/\/imaxilofacial.com\/pt-pt\/wp-json\/wp\/v2\/comments?post=4043"}],"version-history":[{"count":3,"href":"https:\/\/imaxilofacial.com\/pt-pt\/wp-json\/wp\/v2\/pages\/4043\/revisions"}],"predecessor-version":[{"id":4819,"href":"https:\/\/imaxilofacial.com\/pt-pt\/wp-json\/wp\/v2\/pages\/4043\/revisions\/4819"}],"up":[{"embeddable":true,"href":"https:\/\/imaxilofacial.com\/pt-pt\/wp-json\/wp\/v2\/pages\/3962"}],"wp:attachment":[{"href":"https:\/\/imaxilofacial.com\/pt-pt\/wp-json\/wp\/v2\/media?parent=4043"}],"curies":[{"name":"wp","href":"https:\/\/api.w.org\/{rel}","templated":true}]}}