{"id":4049,"date":"2022-01-20T08:21:58","date_gmt":"2022-01-20T08:21:58","guid":{"rendered":"https:\/\/imaxilofacial.com\/?page_id=4049"},"modified":"2022-04-07T14:31:13","modified_gmt":"2022-04-07T14:31:13","slug":"aumento-de-gluteos","status":"publish","type":"page","link":"https:\/\/imaxilofacial.com\/pt-pt\/cirurgia-plastica-corporal\/aumento-de-gluteos\/","title":{"rendered":"Aumento de Gl\u00fateos"},"content":{"rendered":"<h1><strong>Aumento de gl\u00fateos<\/strong><\/h1>\n<p>O aumento das n\u00e1degas, ou implantes de n\u00e1degas, \u00e9 um procedimento cir\u00fargico que visa melhorar o tamanho e a forma das n\u00e1degas. Ao inserir um implante em cada uma das n\u00e1degas, podemos aumentar significativamente o volume dessa \u00e1rea. O aumento das n\u00e1degas \u00e9 realizado principalmente pelas seguintes raz\u00f5es:<\/p>\n<ul>\n<li>Mejorar el contorno corporal.<\/li>\n<li>Corregir una reducci\u00f3n en el volumen gl\u00fateo tras ciertas enfermedades.<\/li>\n<\/ul>\n<p>A indica\u00e7\u00e3o para o aumento das n\u00e1degas \u00e9 para todos os pacientes que desejam melhorar o seu contorno corporal. \u00c9 necess\u00e1rio avaliar e discutir as expectativas com o seu cirurgi\u00e3o pl\u00e1stico. S\u00e3o utilizados implantes de silicone preenchidos com gel coesivo biodimensional e adaptados \u00e0s caracter\u00edsticas das n\u00e1degas.<\/p>\n<h2>\u00bfO aumento das n\u00e1degas \u00e9 seguro?<\/h2>\n<p>Como em qualquer opera\u00e7\u00e3o, existem riscos associados \u00e0 cirurgia e complica\u00e7\u00f5es espec\u00edficas do procedimento. Como em qualquer interven\u00e7\u00e3o, ocorrem incha\u00e7os e edemas, que s\u00e3o atenuados atrav\u00e9s da coloca\u00e7\u00e3o de drenos durante 2-3 dias. Uma pequena percentagem de pacientes pode sofrer de intoler\u00e2ncia-infec\u00e7\u00e3o em torno do implante apesar do tratamento profil\u00e1tico com antibi\u00f3ticos durante a primeira semana ap\u00f3s a opera\u00e7\u00e3o. Em alguns casos, pode ser necess\u00e1rio remover o implante durante alguns meses at\u00e9 que a infec\u00e7\u00e3o desapare\u00e7a e depois \u00e9 colocado um novo implante. No entanto, esta complica\u00e7\u00e3o \u00e9 rara e na maioria das vezes n\u00e3o ocorre e o doente tem um elevado grau de satisfa\u00e7\u00e3o.<\/p>\n<h2><strong>\u00bfComo \u00e9 a cirurgia de aumento das n\u00e1degas?<\/strong><\/h2>\n<p>A opera\u00e7\u00e3o \u00e9 realizada no bloco operat\u00f3rio e normalmente ficar\u00e1 no hospital durante um dia para tornar a sua recupera\u00e7\u00e3o mais confort\u00e1vel. A anestesia utilizada \u00e9 intraracidiana com seda\u00e7\u00e3o, e a opera\u00e7\u00e3o dura geralmente entre 90-120 minutos. A incis\u00e3o \u00e9 feita na prega intergl\u00fatea, criamos uma bolsa atr\u00e1s da f\u00e1scia do m\u00fasculo gl\u00fateo m\u00e1ximo ou intramuscular, o implante \u00e9 centrado na n\u00e1dega e colocamos tubos de drenagem que vamos guardar durante 2-3 dias. A ferida \u00e9 fechada em avi\u00f5es e os curativos s\u00e3o aplicados durante v\u00e1rios dias para permitir que a ferida cicatrize adequadamente.<\/p>\n<h2><strong>\u00bfQuando voltarei ao normal?<\/strong><\/h2>\n<p>O desconforto ap\u00f3s a opera\u00e7\u00e3o \u00e9 tratado com medica\u00e7\u00e3o. Ap\u00f3s 2 ou 3 dias, retiramos as ligaduras e os drenos. Uma cinta \u00e9 colocada e usada durante um m\u00eas. Os pontos na pele s\u00e3o removidos em uma a duas semanas. As sensa\u00e7\u00f5es de aperto e tens\u00e3o na pele s\u00e3o normais e ir\u00e3o diminuir juntamente com o incha\u00e7o ao longo das semanas seguintes. Siga os nossos conselhos sobre quando come\u00e7ar o exerc\u00edcio e a actividade normal. As suas n\u00e1degas ser\u00e3o mais sens\u00edveis \u00e0 estimula\u00e7\u00e3o directa em duas a tr\u00eas semanas, pelo que dever\u00e1 evitar o contacto f\u00edsico. Depois disso, voltar\u00e3o ao normal. As cicatrizes desaparecer\u00e3o gradualmente. A decis\u00e3o de ter um aumento das n\u00e1degas \u00e9 altamente pessoal, e algumas pessoas podem at\u00e9 n\u00e3o a compreender. O importante \u00e9 como se sente em melhor forma. Se atingir as suas expectativas, a cirurgia \u00e9 um sucesso.<\/p>\n<p>O aumento e moldagem das n\u00e1degas tamb\u00e9m pode ser feito atrav\u00e9s da transfer\u00eancia da pr\u00f3pria gordura do paciente, lipotransfer\u00eancia ou lipofilling. A lipotransfer\u00eancia tamb\u00e9m alcan\u00e7ar\u00e1 um resultado natural e duradouro sem as desvantagens conhecidas de ter um implante de silicone colocado nas n\u00e1degas. Al\u00e9m disso, \u00e9 geralmente aconselh\u00e1vel acompanhar este procedimento com lipoescultura do bumbum para melhorar o resultado final e, ao mesmo tempo, obter a gordura para melhorar a forma e aumentar o volume das n\u00e1degas.<\/p>\n<h2>\u00bfQuanto tempo pode durar a gordura transferida para as minhas n\u00e1degas?<\/h2>\n<p>Da gordura inicialmente transferida, algumas n\u00e3o se incendiar\u00e3o e perder-se-\u00e3o. Aproximadamente 50-60% ser\u00e3o retidos indefinidamente. Esta \u00e9 a grande vantagem em rela\u00e7\u00e3o aos implantes de silicone.<\/p>\n<p>Se quiser melhorar a sua apar\u00eancia corporal com implantes gl\u00fateos, solicite uma consulta em<a href=\"https:\/\/imaxilofacial.com\/contacto\/\">a nossa pr\u00e1tica de Cirurgia Pl\u00e1stica em Badajoz<\/a>. Iremos inform\u00e1-lo sobre as melhores op\u00e7\u00f5es de tratamento para melhorar a sua figura.<\/p>\n","protected":false},"excerpt":{"rendered":"<p>Aumento de gl\u00fateos O aumento das n\u00e1degas, ou implantes de n\u00e1degas, \u00e9 um procedimento cir\u00fargico que visa melhorar o tamanho e a forma das n\u00e1degas. Ao inserir um implante em cada uma das n\u00e1degas, podemos aumentar significativamente o volume dessa \u00e1rea. O aumento das n\u00e1degas \u00e9 realizado principalmente pelas seguintes raz\u00f5es: Mejorar el contorno corporal. [&#8230;]\n","protected":false},"author":2,"featured_media":0,"parent":3962,"menu_order":0,"comment_status":"closed","ping_status":"closed","template":"page-right-sidebar.php","meta":{"_custom_body_class":"","_custom_post_class":""},"acf":[],"yoast_head":"<!-- This site is optimized with the Yoast SEO plugin v18.4.1 - https:\/\/yoast.com\/wordpress\/plugins\/seo\/ -->\n<title>Aumento de Gl\u00fateos - Imaxilofacial Badajoz<\/title>\n<meta name=\"robots\" content=\"index, follow, max-snippet:-1, max-image-preview:large, max-video-preview:-1\" \/>\n<link rel=\"canonical\" href=\"https:\/\/imaxilofacial.com\/pt-pt\/cirurgia-plastica-corporal\/aumento-de-gluteos\/\" \/>\n<meta property=\"og:locale\" content=\"pt_PT\" \/>\n<meta property=\"og:type\" content=\"article\" \/>\n<meta property=\"og:title\" content=\"Aumento de Gl\u00fateos - Imaxilofacial Badajoz\" \/>\n<meta property=\"og:description\" content=\"Aumento de gl\u00fateos O aumento das n\u00e1degas, ou implantes de n\u00e1degas, \u00e9 um procedimento cir\u00fargico que visa melhorar o tamanho e a forma das n\u00e1degas. Ao inserir um implante em cada uma das n\u00e1degas, podemos aumentar significativamente o volume dessa \u00e1rea. O aumento das n\u00e1degas \u00e9 realizado principalmente pelas seguintes raz\u00f5es: Mejorar el contorno corporal. [...]\" \/>\n<meta property=\"og:url\" content=\"https:\/\/imaxilofacial.com\/pt-pt\/cirurgia-plastica-corporal\/aumento-de-gluteos\/\" \/>\n<meta property=\"og:site_name\" content=\"Instituto Maxilofacial Portugal\" \/>\n<meta property=\"article:publisher\" content=\"https:\/\/www.facebook.com\/Imaxilofacial-878901768819054\/\" \/>\n<meta property=\"article:modified_time\" content=\"2022-04-07T14:31:13+00:00\" \/>\n<meta name=\"twitter:card\" content=\"summary\" \/>\n<meta name=\"twitter:site\" content=\"@BadajozSalud\" \/>\n<meta name=\"twitter:label1\" content=\"Tempo estimado de leitura\" \/>\n\t<meta name=\"twitter:data1\" content=\"4 minutos\" \/>\n<script type=\"application\/ld+json\" class=\"yoast-schema-graph\">{\"@context\":\"https:\/\/schema.org\",\"@graph\":[{\"@type\":\"WebSite\",\"@id\":\"https:\/\/imaxilofacial.com\/#website\",\"url\":\"https:\/\/imaxilofacial.com\/\",\"name\":\"Instituto Maxilofacial Portugal\",\"description\":\"Outro site WordPress\",\"potentialAction\":[{\"@type\":\"SearchAction\",\"target\":{\"@type\":\"EntryPoint\",\"urlTemplate\":\"https:\/\/imaxilofacial.com\/?s={search_term_string}\"},\"query-input\":\"required name=search_term_string\"}],\"inLanguage\":\"pt-PT\"},{\"@type\":\"WebPage\",\"@id\":\"https:\/\/imaxilofacial.com\/pt-pt\/cirurgia-plastica-corporal\/aumento-de-gluteos\/#webpage\",\"url\":\"https:\/\/imaxilofacial.com\/pt-pt\/cirurgia-plastica-corporal\/aumento-de-gluteos\/\",\"name\":\"Aumento de Gl\u00fateos - Imaxilofacial Badajoz\",\"isPartOf\":{\"@id\":\"https:\/\/imaxilofacial.com\/#website\"},\"datePublished\":\"2022-01-20T08:21:58+00:00\",\"dateModified\":\"2022-04-07T14:31:13+00:00\",\"breadcrumb\":{\"@id\":\"https:\/\/imaxilofacial.com\/pt-pt\/cirurgia-plastica-corporal\/aumento-de-gluteos\/#breadcrumb\"},\"inLanguage\":\"pt-PT\",\"potentialAction\":[{\"@type\":\"ReadAction\",\"target\":[\"https:\/\/imaxilofacial.com\/pt-pt\/cirurgia-plastica-corporal\/aumento-de-gluteos\/\"]}]},{\"@type\":\"BreadcrumbList\",\"@id\":\"https:\/\/imaxilofacial.com\/pt-pt\/cirurgia-plastica-corporal\/aumento-de-gluteos\/#breadcrumb\",\"itemListElement\":[{\"@type\":\"ListItem\",\"position\":1,\"name\":\"Instituto Maxilofacial Badajoz\",\"item\":\"https:\/\/imaxilofacial.com\/pt-pt\/\"},{\"@type\":\"ListItem\",\"position\":2,\"name\":\"Cirug\u00eda Pl\u00e1stica Corporal\",\"item\":\"https:\/\/imaxilofacial.com\/pt-pt\/cirurgia-plastica-corporal\/\"},{\"@type\":\"ListItem\",\"position\":3,\"name\":\"Aumento de Gl\u00fateos\"}]}]}<\/script>\n<!-- \/ Yoast SEO plugin. -->","yoast_head_json":{"title":"Aumento de Gl\u00fateos - Imaxilofacial Badajoz","robots":{"index":"index","follow":"follow","max-snippet":"max-snippet:-1","max-image-preview":"max-image-preview:large","max-video-preview":"max-video-preview:-1"},"canonical":"https:\/\/imaxilofacial.com\/pt-pt\/cirurgia-plastica-corporal\/aumento-de-gluteos\/","og_locale":"pt_PT","og_type":"article","og_title":"Aumento de Gl\u00fateos - Imaxilofacial Badajoz","og_description":"Aumento de gl\u00fateos O aumento das n\u00e1degas, ou implantes de n\u00e1degas, \u00e9 um procedimento cir\u00fargico que visa melhorar o tamanho e a forma das n\u00e1degas. Ao inserir um implante em cada uma das n\u00e1degas, podemos aumentar significativamente o volume dessa \u00e1rea. O aumento das n\u00e1degas \u00e9 realizado principalmente pelas seguintes raz\u00f5es: Mejorar el contorno corporal. [...]","og_url":"https:\/\/imaxilofacial.com\/pt-pt\/cirurgia-plastica-corporal\/aumento-de-gluteos\/","og_site_name":"Instituto Maxilofacial Portugal","article_publisher":"https:\/\/www.facebook.com\/Imaxilofacial-878901768819054\/","article_modified_time":"2022-04-07T14:31:13+00:00","twitter_card":"summary","twitter_site":"@BadajozSalud","twitter_misc":{"Tempo estimado de leitura":"4 minutos"},"schema":{"@context":"https:\/\/schema.org","@graph":[{"@type":"WebSite","@id":"https:\/\/imaxilofacial.com\/#website","url":"https:\/\/imaxilofacial.com\/","name":"Instituto Maxilofacial Portugal","description":"Outro site WordPress","potentialAction":[{"@type":"SearchAction","target":{"@type":"EntryPoint","urlTemplate":"https:\/\/imaxilofacial.com\/?s={search_term_string}"},"query-input":"required name=search_term_string"}],"inLanguage":"pt-PT"},{"@type":"WebPage","@id":"https:\/\/imaxilofacial.com\/pt-pt\/cirurgia-plastica-corporal\/aumento-de-gluteos\/#webpage","url":"https:\/\/imaxilofacial.com\/pt-pt\/cirurgia-plastica-corporal\/aumento-de-gluteos\/","name":"Aumento de Gl\u00fateos - Imaxilofacial Badajoz","isPartOf":{"@id":"https:\/\/imaxilofacial.com\/#website"},"datePublished":"2022-01-20T08:21:58+00:00","dateModified":"2022-04-07T14:31:13+00:00","breadcrumb":{"@id":"https:\/\/imaxilofacial.com\/pt-pt\/cirurgia-plastica-corporal\/aumento-de-gluteos\/#breadcrumb"},"inLanguage":"pt-PT","potentialAction":[{"@type":"ReadAction","target":["https:\/\/imaxilofacial.com\/pt-pt\/cirurgia-plastica-corporal\/aumento-de-gluteos\/"]}]},{"@type":"BreadcrumbList","@id":"https:\/\/imaxilofacial.com\/pt-pt\/cirurgia-plastica-corporal\/aumento-de-gluteos\/#breadcrumb","itemListElement":[{"@type":"ListItem","position":1,"name":"Instituto Maxilofacial Badajoz","item":"https:\/\/imaxilofacial.com\/pt-pt\/"},{"@type":"ListItem","position":2,"name":"Cirug\u00eda Pl\u00e1stica Corporal","item":"https:\/\/imaxilofacial.com\/pt-pt\/cirurgia-plastica-corporal\/"},{"@type":"ListItem","position":3,"name":"Aumento de Gl\u00fateos"}]}]}},"_links":{"self":[{"href":"https:\/\/imaxilofacial.com\/pt-pt\/wp-json\/wp\/v2\/pages\/4049"}],"collection":[{"href":"https:\/\/imaxilofacial.com\/pt-pt\/wp-json\/wp\/v2\/pages"}],"about":[{"href":"https:\/\/imaxilofacial.com\/pt-pt\/wp-json\/wp\/v2\/types\/page"}],"author":[{"embeddable":true,"href":"https:\/\/imaxilofacial.com\/pt-pt\/wp-json\/wp\/v2\/users\/2"}],"replies":[{"embeddable":true,"href":"https:\/\/imaxilofacial.com\/pt-pt\/wp-json\/wp\/v2\/comments?post=4049"}],"version-history":[{"count":3,"href":"https:\/\/imaxilofacial.com\/pt-pt\/wp-json\/wp\/v2\/pages\/4049\/revisions"}],"predecessor-version":[{"id":4821,"href":"https:\/\/imaxilofacial.com\/pt-pt\/wp-json\/wp\/v2\/pages\/4049\/revisions\/4821"}],"up":[{"embeddable":true,"href":"https:\/\/imaxilofacial.com\/pt-pt\/wp-json\/wp\/v2\/pages\/3962"}],"wp:attachment":[{"href":"https:\/\/imaxilofacial.com\/pt-pt\/wp-json\/wp\/v2\/media?parent=4049"}],"curies":[{"name":"wp","href":"https:\/\/api.w.org\/{rel}","templated":true}]}}