{"id":4051,"date":"2022-01-20T08:23:15","date_gmt":"2022-01-20T08:23:15","guid":{"rendered":"https:\/\/imaxilofacial.com\/?page_id=4051"},"modified":"2022-04-08T08:30:35","modified_gmt":"2022-04-08T08:30:35","slug":"cirurgia-aos-seios","status":"publish","type":"page","link":"https:\/\/imaxilofacial.com\/pt-pt\/cirurgia-plastica-corporal\/cirurgia-aos-seios\/","title":{"rendered":"Cirurgia mam\u00e1ria"},"content":{"rendered":"<h1>Mammoplastia de aumento ou aumento do peito<\/h1>\n<p>Aumento mam\u00e1rio ou mamografia aumentada, \u00e9 um tratamento que visa aumentar o tamanho e melhorar a forma do seio da mulher. Aumentamos o tamanho da mama, em um ou v\u00e1rios tamanhos, com a introdu\u00e7\u00e3o de uma pr\u00f3tese mam\u00e1ria. O aumento mam\u00e1rio em Badajoz \u00e9 a escolha de muitas mulheres que querem se sentir mais confiantes e satisfeitas consigo mesmas. Para muitas mulheres, o tamanho do peito \u00e9 algo importante para se sentir atraente e confiante. O exerc\u00edcio f\u00edsico ajuda-o a ficar em forma e a perder peso, mas se n\u00e3o tiver os seios que quer, a cirurgia pode ser a melhor op\u00e7\u00e3o.<\/p>\n<p>&nbsp;<\/p>\n<figure id=\"attachment_4265\" aria-describedby=\"caption-attachment-4265\" style=\"width: 300px\" class=\"wp-caption aligncenter\"><a href=\"https:\/\/imaxilofacial.com\/wp-content\/uploads\/2021\/02\/Mamoplastia-de-aumento.jpg\"><img loading=\"lazy\" class=\"wp-image-4265 size-medium\" src=\"https:\/\/imaxilofacial.com\/wp-content\/uploads\/2021\/02\/Mamoplastia-de-aumento-300x128.jpg\" alt=\"\" width=\"300\" height=\"128\" srcset=\"https:\/\/imaxilofacial.com\/wp-content\/uploads\/2021\/02\/Mamoplastia-de-aumento-300x128.jpg 300w, https:\/\/imaxilofacial.com\/wp-content\/uploads\/2021\/02\/Mamoplastia-de-aumento-1024x437.jpg 1024w, https:\/\/imaxilofacial.com\/wp-content\/uploads\/2021\/02\/Mamoplastia-de-aumento-768x328.jpg 768w, https:\/\/imaxilofacial.com\/wp-content\/uploads\/2021\/02\/Mamoplastia-de-aumento-1536x656.jpg 1536w, https:\/\/imaxilofacial.com\/wp-content\/uploads\/2021\/02\/Mamoplastia-de-aumento-2048x874.jpg 2048w\" sizes=\"(max-width: 300px) 100vw, 300px\" \/><\/a><figcaption id=\"caption-attachment-4265\" class=\"wp-caption-text\">Aumento mam\u00e1rio com pr\u00f3tese mam\u00e1ria<\/figcaption><\/figure>\n<h2><strong>Quem \u00e9 o candidato ideal para ser submetido a um aumento mam\u00e1rio?<\/strong><\/h2>\n<p>Em geral, n\u00e3o h\u00e1 candidato ideal para o aumento do peito. Podemos dizer que os candidatos ideais seriam as mulheres que querem aumentar o tamanho dos seus seios para melhorar a sua imagem corporal e sentirem-se mais confiantes em si mesmas. A cirurgia \u00e9 especialmente indicada quando h\u00e1 uma despropor\u00e7\u00e3o entre ambos os seios, ou quando houve uma queda da mama, em resultado de uma perda consider\u00e1vel de peso ou ap\u00f3s o per\u00edodo de amamenta\u00e7\u00e3o.<\/p>\n<h2><strong>Antes da cirurgia, primeira consulta de aumento mam\u00e1rio.<\/strong><\/h2>\n<p>Durante a primeira consulta com o seu cirurgi\u00e3o pl\u00e1stico, tomaremos o hist\u00f3rico m\u00e9dico com o seu hist\u00f3rico pessoal, como se voc\u00ea fosse um fumador ou tomar qualquer medica\u00e7\u00e3o ou vitaminas. Vamos realizar o exame cl\u00ednico, avaliando o tamanho e forma dos seus seios, a firmeza da pele e o estado geral da sa\u00fade. \u00c9 essencial nesta primeira visita fazer registos fotogr\u00e1ficos da situa\u00e7\u00e3o atual para um planeamento correto da cirurgia de aumento mam\u00e1rio.<\/p>\n<p>Vamos exp\u00f4-lo \u00e0s diferentes t\u00e9cnicas cir\u00fargicas existentes, a forma e o tamanho que gostaria de ter ser\u00e3o discutidos. Bem como as op\u00e7\u00f5es ou a combina\u00e7\u00e3o de procedimentos que s\u00e3o melhores para o seu caso espec\u00edfico. Vamos mostrar-lhe as t\u00e9cnicas alternativas dispon\u00edveis para alcan\u00e7ar o objetivo pretendido, com os riscos e limita\u00e7\u00f5es de cada um deles. Tamb\u00e9m explicaremos que tipo de anestesia ser\u00e1 usada no seu caso, como a necessidade ou n\u00e3o de entrar na cl\u00ednica onde a cirurgia ser\u00e1 realizada.<\/p>\n<p>Esta primeira consulta \u00e9 essencial para expor as suas d\u00favidas e expectativas de tratamento. Poderemos saber se estas expectativas s\u00e3o reais ou n\u00e3o, para que n\u00e3o haja surpresas ou desilus\u00f5es com os resultados do aumento do peito. Tamb\u00e9m lhe daremos instru\u00e7\u00f5es sobre como se preparar para a cirurgia, incluindo regras sobre tomar alimentos e fluidos, suprimir medicamentos que podem interferir com a coagula\u00e7\u00e3o, vitaminas e suplementos de ferro, e parar de fumar. Certifique-se tamb\u00e9m de que um companheiro pode lev\u00e1-lo para casa quando tiver alta. Se necess\u00e1rio, podem ajud\u00e1-lo durante os primeiros dias p\u00f3s-operat\u00f3rios. Tamb\u00e9m informaremos sobre o tipo de soutien que ser\u00e1 necess\u00e1rio usar ap\u00f3s a interven\u00e7\u00e3o, para que tenha tudo com anteced\u00eancia.<\/p>\n<h2><strong>Como escolho os meus implantes mam\u00e1rios?<\/strong><\/h2>\n<p>A melhor forma de selecionar os implantes mam\u00e1rios que ser\u00e3o utilizados durante o seu procedimento de aumento mam\u00e1rio \u00e9 durante a sua primeira consulta com o seu cirurgi\u00e3o pl\u00e1stico. Voc\u00ea precisar\u00e1 considerar o seu tipo de corpo, objetivos e preocupa\u00e7\u00f5es para determinar qual o tamanho do implante, enchimento (soro fisiol\u00f3gico ou silicone), cobertura (liso ou texturizado) e forma (redonda ou anat\u00f3mica) ser\u00e1 melhor para si. Tamb\u00e9m lhe fornecemos alguns fatos \u00fateis sobre as op\u00e7\u00f5es de implante mam\u00e1rio.<\/p>\n<h2><strong>T\u00e9cnica cir\u00fargica e anestesia no aumento do peito.<\/strong><\/h2>\n<p>O aumento mam\u00e1rio \u00e9 uma interven\u00e7\u00e3o relativamente curta, a sua dura\u00e7\u00e3o varia entre uma e duas horas dependendo do caso e normalmente realizamo-la sob anestesia geral. Assim, a cirurgia \u00e9 realizada com seguran\u00e7a e sem desconforto para si.<\/p>\n<p>Atrav\u00e9s de uma pequena incis\u00e3o na pele introduzimos a pr\u00f3tese. A incis\u00e3o pode ser colocada em torno da areola, na ranhura sob o peito ou na axila, dependendo da anatomia do paciente. Nestes locais, a cicatriz resultante \u00e9 praticamente impercet\u00edvel. Atrav\u00e9s desta incis\u00e3o criamos um espa\u00e7o amplo onde a pr\u00f3tese mam\u00e1ria ser\u00e1 colocada, quer diretamente sob o tecido mam\u00e1rio, quer sob o m\u00fasculo peitoral.<\/p>\n<blockquote>\n<h2><em><strong>Depois da cirurgia.<\/strong><\/em><\/h2>\n<p><em>Ap\u00f3s a mamografia aumentada, \u00e9 normal encontrar-se um pouco cansado e dorido por alguns dias. Mas poder\u00e1 voltar \u00e0 sua rotina habitual durante a semana. A maioria do desconforto \u00e9 bem controlado com a medica\u00e7\u00e3o p\u00f3s-operat\u00f3ria prescrita, embora voc\u00ea possa notar desconforto ocasional por algumas semanas, especialmente em alguns movimentos do bra\u00e7o. Tamb\u00e9m \u00e9 normal ter uma sensa\u00e7\u00e3o de queimadura nos mamilos durante as primeiras duas semanas.<\/em><\/p>\n<p><em>Os pontos s\u00e3o geralmente removidos entre 7 e 10 dias. O edema n\u00e3o diminui completamente at\u00e9 3 ou 6 semanas, sendo conveniente realizar alguns exerc\u00edcios de fisioterapia que recomendaremos para que possa faz\u00ea-los em casa e acelerar a recupera\u00e7\u00e3o p\u00f3s-operat\u00f3ria. Desta forma, o retorno venoso melhorar\u00e1, e a inflama\u00e7\u00e3o diminuir\u00e1 mais cedo. \u00c9 necess\u00e1rio evitar levantar objetos de peso acima da cabe\u00e7a durante 2 a 3 semanas, evitando assim o deslocamento indesejado da pr\u00f3tese.<\/em><\/p>\n<p><em>A cura \u00e9 um processo din\u00e2mico, que evolui ao longo do tempo. No in\u00edcio, a cicatriz tem uma apar\u00eancia rosa e apar\u00eancia inflamat\u00f3ria, mas \u00e0 medida que o tempo passa pelo aparecimento disto vai melhorar continuamente. At\u00e9 depois de 9-12 meses, n\u00e3o podemos concluir o processo de cura. Teremos que evitar exp\u00f4-lo ao sol durante este tempo, porque podem ser pigmentados.<\/em><\/p>\n<p><em>Os controlos mam\u00e1rios com ecografia e mamografia adequadas a cada mulher de acordo com a sua idade devem continuar a ser realizados regularmente. Deve avisar o radiologista da exist\u00eancia da pr\u00f3tese antes do teste, para o ajudar na interpreta\u00e7\u00e3o do teste. A pr\u00f3tese mam\u00e1ria n\u00e3o interferir\u00e1 com a amamenta\u00e7\u00e3o se quiser execut\u00e1-la no futuro.<\/em><\/p><\/blockquote>\n<h2><strong>Quais s\u00e3o os riscos da cirurgia de aumento mam\u00e1rio?<\/strong><\/h2>\n<p>A cirurgia de aumento mam\u00e1rio \u00e9 uma t\u00e9cnica segura, desde que seja realizada por um cirurgi\u00e3o pl\u00e1stico qualificado e experiente no campo do aumento mam\u00e1rio. No entanto, como em qualquer opera\u00e7\u00e3o, pode sempre haver complica\u00e7\u00f5es e riscos associados ao tratamento. O aumento mam\u00e1rio pode produzir maior intensidade no grau de fibrose em torno da pr\u00f3tese. Esta fibrose d\u00e1 origem a uma c\u00e1psula para isolar a pr\u00f3tese. Se o processo de inflama\u00e7\u00e3o e fibrose for muito intenso, pode fazer com que o peito se torne mais dif\u00edcil na palpa\u00e7\u00e3o. Outra complica\u00e7\u00e3o, que pode aparecer no per\u00edodo p\u00f3s-operat\u00f3rio imediato da cirurgia, \u00e9 a forma\u00e7\u00e3o de hematomas. Esta complica\u00e7\u00e3o \u00e9 rara se seguir todas as recomenda\u00e7\u00f5es, tais como evitar exerc\u00edcios intensos com os membros superiores. Uma infe\u00e7\u00e3o \u00e0 volta da pr\u00f3tese \u00e9 extremamente rara. Algumas mulheres notam mamilos mais ou menos sens\u00edveis, e at\u00e9 mesmo a sensa\u00e7\u00e3o da pele pode ser parcialmente perdida. Estas altera\u00e7\u00f5es s\u00e3o geralmente tempor\u00e1rias e a recupera\u00e7\u00e3o da ternura da pele \u00e9 a norma.<\/p>\n<p>Ser\u00e3o necess\u00e1rios exames peri\u00f3dicos e a longo prazo pelo seu cirurgi\u00e3o pl\u00e1stico ap\u00f3s o tratamento de aumento mam\u00e1rio. As an\u00e1lises de ultrassom a longo prazo permitir\u00e3o que, se houver alguma complica\u00e7\u00e3o, ela ser\u00e1 detetada a tempo e devidamente resolvida.<\/p>\n<h2><strong>As pr\u00f3teses mam\u00e1rias s\u00e3o para toda a vida?<\/strong><\/h2>\n<p>\u00c9 muito raro que as pr\u00f3teses possam quebrar-se mais cedo. O risco de rutura aumenta ao longo dos anos devido ao desgaste que o implante ou a pr\u00f3tese podem sofrer. Em caso de rutura, quando a pr\u00f3tese \u00e9 preenchida com soro, o l\u00edquido \u00e9 rapidamente reabsorva sem causar danos. Se estiver cheio de silicone, \u00e9 normal em caso de rutura que n\u00e3o haja altera\u00e7\u00e3o, embora por vezes possa haver um aumento de tamanho ou desconforto no peito em que a rutura ocorreu. O diagn\u00f3stico definitivo ser\u00e1 feito por ecografia. N\u00e3o pode deixar uma pr\u00f3tese implantada se suspeitarmos que se parte.<\/p>\n<p><span lang=\"es\">No per\u00edodo p\u00f3s-operat\u00f3rio imediato existe a possibilidade de a sensibilidade do mamilo ser reduzida. Geralmente recupera com o tempo. Al\u00e9m disso, ao escolher um cirurgi\u00e3o experiente, garante que n\u00e3o aparecem complica\u00e7\u00f5es a longo prazo e que pode amamentar ap\u00f3s o aumento da mama.<\/span><\/p>\n<p>N\u00e3o existe atualmente nenhum estudo cient\u00edfico que associe as pr\u00f3teses da mama ao cancro da mama ou a doen\u00e7as do tecido conjuntivo.<\/p>\n<h2><strong>Resultados do aumento do peito.<\/strong><\/h2>\n<p>A decis\u00e3o de fazer um aumento mam\u00e1rio \u00e9 algo muito pessoal que nem todos t\u00eam de compreender ou partilhar. Se o seu desejo \u00e9 aumentar a mama para melhorar a sua imagem corporal e se encontrar mais confiante, a mammoplastia aumentada seria o tratamento ideal. Se as suas expectativas de tratamento forem realistas, os resultados ap\u00f3s um aumento mam\u00e1rio ser\u00e3o muito satisfat\u00f3rios para si.<\/p>\n<p>Solicite <a href=\"https:\/\/imaxilofacial.com\/pt-pt\/contacto\/\">uma consulta na nossa cl\u00ednica de Cirurgia Pl\u00e1stica em Badajoz<\/a> para avalia\u00e7\u00e3o pelo nosso Cirurgi\u00e3o Pl\u00e1stico, voc\u00ea ter\u00e1 o tamanho mam\u00e1rio que sempre quis.<\/p>\n<p>&nbsp;<\/p>\n<p>&nbsp;<\/p>\n","protected":false},"excerpt":{"rendered":"<p>Mammoplastia de aumento ou aumento do peito Aumento mam\u00e1rio ou mamografia aumentada, \u00e9 um tratamento que visa aumentar o tamanho e melhorar a forma do seio da mulher. Aumentamos o tamanho da mama, em um ou v\u00e1rios tamanhos, com a introdu\u00e7\u00e3o de uma pr\u00f3tese mam\u00e1ria. O aumento mam\u00e1rio em Badajoz \u00e9 a escolha de muitas [&#8230;]\n","protected":false},"author":2,"featured_media":0,"parent":3962,"menu_order":0,"comment_status":"closed","ping_status":"closed","template":"page-right-sidebar.php","meta":{"_custom_body_class":"","_custom_post_class":""},"acf":[],"yoast_head":"<!-- This site is optimized with the Yoast SEO plugin v18.4.1 - https:\/\/yoast.com\/wordpress\/plugins\/seo\/ -->\n<title>Cirurgia mam\u00e1ria - Imaxilofacial Badajoz<\/title>\n<meta name=\"robots\" content=\"index, follow, max-snippet:-1, max-image-preview:large, max-video-preview:-1\" \/>\n<link rel=\"canonical\" href=\"https:\/\/imaxilofacial.com\/pt-pt\/cirurgia-plastica-corporal\/cirurgia-aos-seios\/\" \/>\n<meta property=\"og:locale\" content=\"pt_PT\" \/>\n<meta property=\"og:type\" content=\"article\" \/>\n<meta property=\"og:title\" content=\"Cirurgia mam\u00e1ria - Imaxilofacial Badajoz\" \/>\n<meta property=\"og:description\" content=\"Mammoplastia de aumento ou aumento do peito Aumento mam\u00e1rio ou mamografia aumentada, \u00e9 um tratamento que visa aumentar o tamanho e melhorar a forma do seio da mulher. Aumentamos o tamanho da mama, em um ou v\u00e1rios tamanhos, com a introdu\u00e7\u00e3o de uma pr\u00f3tese mam\u00e1ria. O aumento mam\u00e1rio em Badajoz \u00e9 a escolha de muitas [...]\" \/>\n<meta property=\"og:url\" content=\"https:\/\/imaxilofacial.com\/pt-pt\/cirurgia-plastica-corporal\/cirurgia-aos-seios\/\" \/>\n<meta property=\"og:site_name\" content=\"Instituto Maxilofacial Portugal\" \/>\n<meta property=\"article:publisher\" content=\"https:\/\/www.facebook.com\/Imaxilofacial-878901768819054\/\" \/>\n<meta property=\"article:modified_time\" content=\"2022-04-08T08:30:35+00:00\" \/>\n<meta property=\"og:image\" content=\"https:\/\/imaxilofacial.com\/wp-content\/uploads\/2021\/02\/Mamoplastia-de-aumento-300x128.jpg\" \/>\n<meta name=\"twitter:card\" content=\"summary\" \/>\n<meta name=\"twitter:site\" content=\"@BadajozSalud\" \/>\n<meta name=\"twitter:label1\" content=\"Tempo estimado de leitura\" \/>\n\t<meta name=\"twitter:data1\" content=\"8 minutos\" \/>\n<script type=\"application\/ld+json\" class=\"yoast-schema-graph\">{\"@context\":\"https:\/\/schema.org\",\"@graph\":[{\"@type\":\"WebSite\",\"@id\":\"https:\/\/imaxilofacial.com\/#website\",\"url\":\"https:\/\/imaxilofacial.com\/\",\"name\":\"Instituto Maxilofacial Portugal\",\"description\":\"Outro site WordPress\",\"potentialAction\":[{\"@type\":\"SearchAction\",\"target\":{\"@type\":\"EntryPoint\",\"urlTemplate\":\"https:\/\/imaxilofacial.com\/?s={search_term_string}\"},\"query-input\":\"required name=search_term_string\"}],\"inLanguage\":\"pt-PT\"},{\"@type\":\"ImageObject\",\"@id\":\"https:\/\/imaxilofacial.com\/pt-pt\/cirurgia-plastica-corporal\/cirurgia-aos-seios\/#primaryimage\",\"inLanguage\":\"pt-PT\",\"url\":\"https:\/\/imaxilofacial.com\/wp-content\/uploads\/2021\/02\/Mamoplastia-de-aumento.jpg\",\"contentUrl\":\"https:\/\/imaxilofacial.com\/wp-content\/uploads\/2021\/02\/Mamoplastia-de-aumento.jpg\",\"width\":2089,\"height\":892},{\"@type\":\"WebPage\",\"@id\":\"https:\/\/imaxilofacial.com\/pt-pt\/cirurgia-plastica-corporal\/cirurgia-aos-seios\/#webpage\",\"url\":\"https:\/\/imaxilofacial.com\/pt-pt\/cirurgia-plastica-corporal\/cirurgia-aos-seios\/\",\"name\":\"Cirurgia mam\u00e1ria - Imaxilofacial Badajoz\",\"isPartOf\":{\"@id\":\"https:\/\/imaxilofacial.com\/#website\"},\"primaryImageOfPage\":{\"@id\":\"https:\/\/imaxilofacial.com\/pt-pt\/cirurgia-plastica-corporal\/cirurgia-aos-seios\/#primaryimage\"},\"datePublished\":\"2022-01-20T08:23:15+00:00\",\"dateModified\":\"2022-04-08T08:30:35+00:00\",\"breadcrumb\":{\"@id\":\"https:\/\/imaxilofacial.com\/pt-pt\/cirurgia-plastica-corporal\/cirurgia-aos-seios\/#breadcrumb\"},\"inLanguage\":\"pt-PT\",\"potentialAction\":[{\"@type\":\"ReadAction\",\"target\":[\"https:\/\/imaxilofacial.com\/pt-pt\/cirurgia-plastica-corporal\/cirurgia-aos-seios\/\"]}]},{\"@type\":\"BreadcrumbList\",\"@id\":\"https:\/\/imaxilofacial.com\/pt-pt\/cirurgia-plastica-corporal\/cirurgia-aos-seios\/#breadcrumb\",\"itemListElement\":[{\"@type\":\"ListItem\",\"position\":1,\"name\":\"Instituto Maxilofacial Badajoz\",\"item\":\"https:\/\/imaxilofacial.com\/pt-pt\/\"},{\"@type\":\"ListItem\",\"position\":2,\"name\":\"Cirug\u00eda Pl\u00e1stica Corporal\",\"item\":\"https:\/\/imaxilofacial.com\/pt-pt\/cirurgia-plastica-corporal\/\"},{\"@type\":\"ListItem\",\"position\":3,\"name\":\"Cirurgia mam\u00e1ria\"}]}]}<\/script>\n<!-- \/ Yoast SEO plugin. -->","yoast_head_json":{"title":"Cirurgia mam\u00e1ria - Imaxilofacial Badajoz","robots":{"index":"index","follow":"follow","max-snippet":"max-snippet:-1","max-image-preview":"max-image-preview:large","max-video-preview":"max-video-preview:-1"},"canonical":"https:\/\/imaxilofacial.com\/pt-pt\/cirurgia-plastica-corporal\/cirurgia-aos-seios\/","og_locale":"pt_PT","og_type":"article","og_title":"Cirurgia mam\u00e1ria - Imaxilofacial Badajoz","og_description":"Mammoplastia de aumento ou aumento do peito Aumento mam\u00e1rio ou mamografia aumentada, \u00e9 um tratamento que visa aumentar o tamanho e melhorar a forma do seio da mulher. Aumentamos o tamanho da mama, em um ou v\u00e1rios tamanhos, com a introdu\u00e7\u00e3o de uma pr\u00f3tese mam\u00e1ria. O aumento mam\u00e1rio em Badajoz \u00e9 a escolha de muitas [...]","og_url":"https:\/\/imaxilofacial.com\/pt-pt\/cirurgia-plastica-corporal\/cirurgia-aos-seios\/","og_site_name":"Instituto Maxilofacial Portugal","article_publisher":"https:\/\/www.facebook.com\/Imaxilofacial-878901768819054\/","article_modified_time":"2022-04-08T08:30:35+00:00","og_image":[{"url":"https:\/\/imaxilofacial.com\/wp-content\/uploads\/2021\/02\/Mamoplastia-de-aumento-300x128.jpg"}],"twitter_card":"summary","twitter_site":"@BadajozSalud","twitter_misc":{"Tempo estimado de leitura":"8 minutos"},"schema":{"@context":"https:\/\/schema.org","@graph":[{"@type":"WebSite","@id":"https:\/\/imaxilofacial.com\/#website","url":"https:\/\/imaxilofacial.com\/","name":"Instituto Maxilofacial Portugal","description":"Outro site WordPress","potentialAction":[{"@type":"SearchAction","target":{"@type":"EntryPoint","urlTemplate":"https:\/\/imaxilofacial.com\/?s={search_term_string}"},"query-input":"required name=search_term_string"}],"inLanguage":"pt-PT"},{"@type":"ImageObject","@id":"https:\/\/imaxilofacial.com\/pt-pt\/cirurgia-plastica-corporal\/cirurgia-aos-seios\/#primaryimage","inLanguage":"pt-PT","url":"https:\/\/imaxilofacial.com\/wp-content\/uploads\/2021\/02\/Mamoplastia-de-aumento.jpg","contentUrl":"https:\/\/imaxilofacial.com\/wp-content\/uploads\/2021\/02\/Mamoplastia-de-aumento.jpg","width":2089,"height":892},{"@type":"WebPage","@id":"https:\/\/imaxilofacial.com\/pt-pt\/cirurgia-plastica-corporal\/cirurgia-aos-seios\/#webpage","url":"https:\/\/imaxilofacial.com\/pt-pt\/cirurgia-plastica-corporal\/cirurgia-aos-seios\/","name":"Cirurgia mam\u00e1ria - Imaxilofacial Badajoz","isPartOf":{"@id":"https:\/\/imaxilofacial.com\/#website"},"primaryImageOfPage":{"@id":"https:\/\/imaxilofacial.com\/pt-pt\/cirurgia-plastica-corporal\/cirurgia-aos-seios\/#primaryimage"},"datePublished":"2022-01-20T08:23:15+00:00","dateModified":"2022-04-08T08:30:35+00:00","breadcrumb":{"@id":"https:\/\/imaxilofacial.com\/pt-pt\/cirurgia-plastica-corporal\/cirurgia-aos-seios\/#breadcrumb"},"inLanguage":"pt-PT","potentialAction":[{"@type":"ReadAction","target":["https:\/\/imaxilofacial.com\/pt-pt\/cirurgia-plastica-corporal\/cirurgia-aos-seios\/"]}]},{"@type":"BreadcrumbList","@id":"https:\/\/imaxilofacial.com\/pt-pt\/cirurgia-plastica-corporal\/cirurgia-aos-seios\/#breadcrumb","itemListElement":[{"@type":"ListItem","position":1,"name":"Instituto Maxilofacial Badajoz","item":"https:\/\/imaxilofacial.com\/pt-pt\/"},{"@type":"ListItem","position":2,"name":"Cirug\u00eda Pl\u00e1stica Corporal","item":"https:\/\/imaxilofacial.com\/pt-pt\/cirurgia-plastica-corporal\/"},{"@type":"ListItem","position":3,"name":"Cirurgia mam\u00e1ria"}]}]}},"_links":{"self":[{"href":"https:\/\/imaxilofacial.com\/pt-pt\/wp-json\/wp\/v2\/pages\/4051"}],"collection":[{"href":"https:\/\/imaxilofacial.com\/pt-pt\/wp-json\/wp\/v2\/pages"}],"about":[{"href":"https:\/\/imaxilofacial.com\/pt-pt\/wp-json\/wp\/v2\/types\/page"}],"author":[{"embeddable":true,"href":"https:\/\/imaxilofacial.com\/pt-pt\/wp-json\/wp\/v2\/users\/2"}],"replies":[{"embeddable":true,"href":"https:\/\/imaxilofacial.com\/pt-pt\/wp-json\/wp\/v2\/comments?post=4051"}],"version-history":[{"count":2,"href":"https:\/\/imaxilofacial.com\/pt-pt\/wp-json\/wp\/v2\/pages\/4051\/revisions"}],"predecessor-version":[{"id":4860,"href":"https:\/\/imaxilofacial.com\/pt-pt\/wp-json\/wp\/v2\/pages\/4051\/revisions\/4860"}],"up":[{"embeddable":true,"href":"https:\/\/imaxilofacial.com\/pt-pt\/wp-json\/wp\/v2\/pages\/3962"}],"wp:attachment":[{"href":"https:\/\/imaxilofacial.com\/pt-pt\/wp-json\/wp\/v2\/media?parent=4051"}],"curies":[{"name":"wp","href":"https:\/\/api.w.org\/{rel}","templated":true}]}}