{"id":4075,"date":"2022-01-20T08:26:43","date_gmt":"2022-01-20T08:26:43","guid":{"rendered":"https:\/\/imaxilofacial.com\/?page_id=4075"},"modified":"2022-04-07T14:38:46","modified_gmt":"2022-04-07T14:38:46","slug":"medicina-do-corpo-estetica","status":"publish","type":"page","link":"https:\/\/imaxilofacial.com\/pt-pt\/medicina-estetica-facial\/medicina-do-corpo-estetica\/","title":{"rendered":"Medicina Est\u00e9tica Corporal"},"content":{"rendered":"<p>Nesta sec\u00e7\u00e3o inclu\u00edmos todos os tratamentos no campo da medicina est\u00e9tica destinados a tratar pequenas imperfei\u00e7\u00f5es do corpo, atrav\u00e9s de tratamentos simples e n\u00e3o invasivos. Ir\u00e1 melhorar a apar\u00eancia da sua pele mas tamb\u00e9m o seu interior, raz\u00e3o pela qual a medicina est\u00e9tica corporal deve ser vista como uma forma mais profunda de melhoria global do organismo.\u00a0 A medicina est\u00e9tica corporal inclui tratamentos como a esclerose das veias varicosas, a utiliza\u00e7\u00e3o de fios tensores para conseguir uma maior estanquicidade em \u00e1reas localizadas do corpo, o tratamento da celulite e da flacidez cut\u00e2nea.<\/p>\n<p>Outros tratamentos dentro da medicina est\u00e9tica corporal s\u00e3o a carboxiterapia para a elimina\u00e7\u00e3o de \u00e1reas localizadas de gordura e a melhoria da drenagem linf\u00e1tica, o envelhecimento das m\u00e3os, atrav\u00e9s de descama\u00e7\u00e3o qu\u00edmica ou laser. Todos eles, tratamentos n\u00e3o cir\u00fargicos, o que significa uma r\u00e1pida recupera\u00e7\u00e3o, uma melhoria natural do nosso corpo para o fazer sentir-se melhor tanto por dentro como por fora. Assim poder\u00edamos considerar a medicina est\u00e9tica corporal, a forma de melhorar o nosso organismo n\u00e3o s\u00f3 na forma ou apar\u00eancia, de uma forma natural e sem estrid\u00eancia, mas tamb\u00e9m no seu interior.<\/p>\n<p>Actualmente, a medicina est\u00e9tica corporal envolve tratamentos que n\u00e3o s\u00e3o apenas administrados atrav\u00e9s da pele, uma nutri\u00e7\u00e3o equilibrada est\u00e1 a tornar-se cada vez mais importante para obter resultados finais satisfat\u00f3rios, e a nutricomestica est\u00e1 a ser utilizada cada vez mais a cada dia. Com este nome definimos os tratamentos dentro da medicina est\u00e9tica corporal que se baseiam na ingest\u00e3o de certos produtos cujo objectivo \u00e9 melhorar a qualidade e o aspecto da pele e do cabelo. Assim, a medicina est\u00e9tica corporal aumenta o seu armamentarium utilizando a via oral para conseguir que os efeitos destes produtos cheguem a todos os cantos do organismo. A ingest\u00e3o \u00e9 uma forma muito f\u00e1cil de administrar os nutrientes, e os resultados s\u00e3o vis\u00edveis ap\u00f3s 30\/40 dias. Nutricosm\u00e9ticos, dentro do campo da medicina est\u00e9tica corporal, \u00e9 ideal para prevenir o envelhecimento prematuro da pele e a queda de cabelo, estimula a produ\u00e7\u00e3o de componentes fundamentais da pele tais como colag\u00e9nio e elastina, acelera o bronzeamento, e fornece nutrientes essenciais para manter a beleza natural da pele.<\/p>\n<p>&nbsp;<\/p>\n<blockquote><p><em>Se quiser modificar algo no seu corpo que n\u00e3o esteja convencido, pe\u00e7a <a href=\"https:\/\/imaxilofacial.com\/contacto\/\">cita en nuestro centro<\/a>. Estudaremos o seu caso, e dar-lhe-emos a melhor solu\u00e7\u00e3o para alcan\u00e7ar a melhoria que procura com resultados naturais e definitivos.<\/em><\/p><\/blockquote>\n","protected":false},"excerpt":{"rendered":"<p>Nesta sec\u00e7\u00e3o inclu\u00edmos todos os tratamentos no campo da medicina est\u00e9tica destinados a tratar pequenas imperfei\u00e7\u00f5es do corpo, atrav\u00e9s de tratamentos simples e n\u00e3o invasivos. Ir\u00e1 melhorar a apar\u00eancia da sua pele mas tamb\u00e9m o seu interior, raz\u00e3o pela qual a medicina est\u00e9tica corporal deve ser vista como uma forma mais profunda de melhoria global [&#8230;]\n","protected":false},"author":2,"featured_media":0,"parent":4033,"menu_order":0,"comment_status":"closed","ping_status":"closed","template":"page-right-sidebar.php","meta":{"_custom_body_class":"","_custom_post_class":""},"acf":[],"yoast_head":"<!-- This site is optimized with the Yoast SEO plugin v18.4.1 - https:\/\/yoast.com\/wordpress\/plugins\/seo\/ -->\n<title>Medicina Est\u00e9tica Corporal - Imaxilofacial Badajoz<\/title>\n<meta name=\"robots\" content=\"index, follow, max-snippet:-1, max-image-preview:large, max-video-preview:-1\" \/>\n<link rel=\"canonical\" href=\"https:\/\/imaxilofacial.com\/pt-pt\/medicina-estetica-facial\/medicina-do-corpo-estetica\/\" \/>\n<meta property=\"og:locale\" content=\"pt_PT\" \/>\n<meta property=\"og:type\" content=\"article\" \/>\n<meta property=\"og:title\" content=\"Medicina Est\u00e9tica Corporal - Imaxilofacial Badajoz\" \/>\n<meta property=\"og:description\" content=\"Nesta sec\u00e7\u00e3o inclu\u00edmos todos os tratamentos no campo da medicina est\u00e9tica destinados a tratar pequenas imperfei\u00e7\u00f5es do corpo, atrav\u00e9s de tratamentos simples e n\u00e3o invasivos. Ir\u00e1 melhorar a apar\u00eancia da sua pele mas tamb\u00e9m o seu interior, raz\u00e3o pela qual a medicina est\u00e9tica corporal deve ser vista como uma forma mais profunda de melhoria global [...]\" \/>\n<meta property=\"og:url\" content=\"https:\/\/imaxilofacial.com\/pt-pt\/medicina-estetica-facial\/medicina-do-corpo-estetica\/\" \/>\n<meta property=\"og:site_name\" content=\"Instituto Maxilofacial Portugal\" \/>\n<meta property=\"article:publisher\" content=\"https:\/\/www.facebook.com\/Imaxilofacial-878901768819054\/\" \/>\n<meta property=\"article:modified_time\" content=\"2022-04-07T14:38:46+00:00\" \/>\n<meta name=\"twitter:card\" content=\"summary\" \/>\n<meta name=\"twitter:site\" content=\"@BadajozSalud\" \/>\n<meta name=\"twitter:label1\" content=\"Tempo estimado de leitura\" \/>\n\t<meta name=\"twitter:data1\" content=\"2 minutos\" \/>\n<script type=\"application\/ld+json\" class=\"yoast-schema-graph\">{\"@context\":\"https:\/\/schema.org\",\"@graph\":[{\"@type\":\"WebSite\",\"@id\":\"https:\/\/imaxilofacial.com\/#website\",\"url\":\"https:\/\/imaxilofacial.com\/\",\"name\":\"Instituto Maxilofacial Portugal\",\"description\":\"Outro site WordPress\",\"potentialAction\":[{\"@type\":\"SearchAction\",\"target\":{\"@type\":\"EntryPoint\",\"urlTemplate\":\"https:\/\/imaxilofacial.com\/?s={search_term_string}\"},\"query-input\":\"required name=search_term_string\"}],\"inLanguage\":\"pt-PT\"},{\"@type\":\"WebPage\",\"@id\":\"https:\/\/imaxilofacial.com\/pt-pt\/medicina-estetica-facial\/medicina-do-corpo-estetica\/#webpage\",\"url\":\"https:\/\/imaxilofacial.com\/pt-pt\/medicina-estetica-facial\/medicina-do-corpo-estetica\/\",\"name\":\"Medicina Est\u00e9tica Corporal - Imaxilofacial Badajoz\",\"isPartOf\":{\"@id\":\"https:\/\/imaxilofacial.com\/#website\"},\"datePublished\":\"2022-01-20T08:26:43+00:00\",\"dateModified\":\"2022-04-07T14:38:46+00:00\",\"breadcrumb\":{\"@id\":\"https:\/\/imaxilofacial.com\/pt-pt\/medicina-estetica-facial\/medicina-do-corpo-estetica\/#breadcrumb\"},\"inLanguage\":\"pt-PT\",\"potentialAction\":[{\"@type\":\"ReadAction\",\"target\":[\"https:\/\/imaxilofacial.com\/pt-pt\/medicina-estetica-facial\/medicina-do-corpo-estetica\/\"]}]},{\"@type\":\"BreadcrumbList\",\"@id\":\"https:\/\/imaxilofacial.com\/pt-pt\/medicina-estetica-facial\/medicina-do-corpo-estetica\/#breadcrumb\",\"itemListElement\":[{\"@type\":\"ListItem\",\"position\":1,\"name\":\"Instituto Maxilofacial Badajoz\",\"item\":\"https:\/\/imaxilofacial.com\/pt-pt\/\"},{\"@type\":\"ListItem\",\"position\":2,\"name\":\"Medicina Est\u00e9tica Facial\",\"item\":\"https:\/\/imaxilofacial.com\/pt-pt\/medicina-estetica-facial\/\"},{\"@type\":\"ListItem\",\"position\":3,\"name\":\"Medicina Est\u00e9tica Corporal\"}]}]}<\/script>\n<!-- \/ Yoast SEO plugin. -->","yoast_head_json":{"title":"Medicina Est\u00e9tica Corporal - Imaxilofacial Badajoz","robots":{"index":"index","follow":"follow","max-snippet":"max-snippet:-1","max-image-preview":"max-image-preview:large","max-video-preview":"max-video-preview:-1"},"canonical":"https:\/\/imaxilofacial.com\/pt-pt\/medicina-estetica-facial\/medicina-do-corpo-estetica\/","og_locale":"pt_PT","og_type":"article","og_title":"Medicina Est\u00e9tica Corporal - Imaxilofacial Badajoz","og_description":"Nesta sec\u00e7\u00e3o inclu\u00edmos todos os tratamentos no campo da medicina est\u00e9tica destinados a tratar pequenas imperfei\u00e7\u00f5es do corpo, atrav\u00e9s de tratamentos simples e n\u00e3o invasivos. Ir\u00e1 melhorar a apar\u00eancia da sua pele mas tamb\u00e9m o seu interior, raz\u00e3o pela qual a medicina est\u00e9tica corporal deve ser vista como uma forma mais profunda de melhoria global [...]","og_url":"https:\/\/imaxilofacial.com\/pt-pt\/medicina-estetica-facial\/medicina-do-corpo-estetica\/","og_site_name":"Instituto Maxilofacial Portugal","article_publisher":"https:\/\/www.facebook.com\/Imaxilofacial-878901768819054\/","article_modified_time":"2022-04-07T14:38:46+00:00","twitter_card":"summary","twitter_site":"@BadajozSalud","twitter_misc":{"Tempo estimado de leitura":"2 minutos"},"schema":{"@context":"https:\/\/schema.org","@graph":[{"@type":"WebSite","@id":"https:\/\/imaxilofacial.com\/#website","url":"https:\/\/imaxilofacial.com\/","name":"Instituto Maxilofacial Portugal","description":"Outro site WordPress","potentialAction":[{"@type":"SearchAction","target":{"@type":"EntryPoint","urlTemplate":"https:\/\/imaxilofacial.com\/?s={search_term_string}"},"query-input":"required name=search_term_string"}],"inLanguage":"pt-PT"},{"@type":"WebPage","@id":"https:\/\/imaxilofacial.com\/pt-pt\/medicina-estetica-facial\/medicina-do-corpo-estetica\/#webpage","url":"https:\/\/imaxilofacial.com\/pt-pt\/medicina-estetica-facial\/medicina-do-corpo-estetica\/","name":"Medicina Est\u00e9tica Corporal - Imaxilofacial Badajoz","isPartOf":{"@id":"https:\/\/imaxilofacial.com\/#website"},"datePublished":"2022-01-20T08:26:43+00:00","dateModified":"2022-04-07T14:38:46+00:00","breadcrumb":{"@id":"https:\/\/imaxilofacial.com\/pt-pt\/medicina-estetica-facial\/medicina-do-corpo-estetica\/#breadcrumb"},"inLanguage":"pt-PT","potentialAction":[{"@type":"ReadAction","target":["https:\/\/imaxilofacial.com\/pt-pt\/medicina-estetica-facial\/medicina-do-corpo-estetica\/"]}]},{"@type":"BreadcrumbList","@id":"https:\/\/imaxilofacial.com\/pt-pt\/medicina-estetica-facial\/medicina-do-corpo-estetica\/#breadcrumb","itemListElement":[{"@type":"ListItem","position":1,"name":"Instituto Maxilofacial Badajoz","item":"https:\/\/imaxilofacial.com\/pt-pt\/"},{"@type":"ListItem","position":2,"name":"Medicina Est\u00e9tica Facial","item":"https:\/\/imaxilofacial.com\/pt-pt\/medicina-estetica-facial\/"},{"@type":"ListItem","position":3,"name":"Medicina Est\u00e9tica Corporal"}]}]}},"_links":{"self":[{"href":"https:\/\/imaxilofacial.com\/pt-pt\/wp-json\/wp\/v2\/pages\/4075"}],"collection":[{"href":"https:\/\/imaxilofacial.com\/pt-pt\/wp-json\/wp\/v2\/pages"}],"about":[{"href":"https:\/\/imaxilofacial.com\/pt-pt\/wp-json\/wp\/v2\/types\/page"}],"author":[{"embeddable":true,"href":"https:\/\/imaxilofacial.com\/pt-pt\/wp-json\/wp\/v2\/users\/2"}],"replies":[{"embeddable":true,"href":"https:\/\/imaxilofacial.com\/pt-pt\/wp-json\/wp\/v2\/comments?post=4075"}],"version-history":[{"count":2,"href":"https:\/\/imaxilofacial.com\/pt-pt\/wp-json\/wp\/v2\/pages\/4075\/revisions"}],"predecessor-version":[{"id":4826,"href":"https:\/\/imaxilofacial.com\/pt-pt\/wp-json\/wp\/v2\/pages\/4075\/revisions\/4826"}],"up":[{"embeddable":true,"href":"https:\/\/imaxilofacial.com\/pt-pt\/wp-json\/wp\/v2\/pages\/4033"}],"wp:attachment":[{"href":"https:\/\/imaxilofacial.com\/pt-pt\/wp-json\/wp\/v2\/media?parent=4075"}],"curies":[{"name":"wp","href":"https:\/\/api.w.org\/{rel}","templated":true}]}}