{"id":4077,"date":"2022-01-20T08:27:38","date_gmt":"2022-01-20T08:27:38","guid":{"rendered":"https:\/\/imaxilofacial.com\/?page_id=4077"},"modified":"2022-04-07T14:39:54","modified_gmt":"2022-04-07T14:39:54","slug":"carboxiterapia","status":"publish","type":"page","link":"https:\/\/imaxilofacial.com\/pt-pt\/medicina-estetica-facial\/medicina-do-corpo-estetica\/carboxiterapia\/","title":{"rendered":"Carboxiterapia"},"content":{"rendered":"<p>A celulite refere-se a uma mudan\u00e7a na pele que provoca uma apar\u00eancia ondulada e irregular. A celulite \u00e9 uma desordem multifactorial e \u00e9 muito comum em mulheres com mais de 40 anos. Embora n\u00e3o seja grave, causa grande insatisfa\u00e7\u00e3o e afecta negativamente a qualidade de vida. \u00c9 um problema complexo que envolve altera\u00e7\u00f5es relacionadas com a microcircula\u00e7\u00e3o, o sistema linf\u00e1tico, a matriz extracelular e os adip\u00f3citos. Afecta certas \u00e1reas do corpo com mais \u00eanfase, tais como as coxas e as n\u00e1degas.<\/p>\n<p>Estudos descrevem como causa da celulite uma hiperactividade dos fibroblastos estimulados pelo estrog\u00e9nio, que aumenta a s\u00edntese de glicosaminoglicanos e colag\u00e9nio que aumentam a press\u00e3o osm\u00f3tica intersticial e a reten\u00e7\u00e3o de \u00e1gua. Isto conduz a edema e drenagem reduzida com forma\u00e7\u00e3o de micron\u00f3dulos e colag\u00e9nio fibroscler\u00f3tico. Os sintomas incluem adiposidade edematosa, celulite incipiente ou altera\u00e7\u00f5es na qualidade da pele.<\/p>\n<p>A celulite aparece normalmente em \u00e1reas localizadas do corpo. Foram propostos numerosos tratamentos, tais como dieta equilibrada, actividade f\u00edsica, massagem, produtos t\u00f3picos, radiofrequ\u00eancia, ultra-sons terap\u00eauticos e terapia com diodos emissores de luz, entre outros.<\/p>\n<p>A carboxiterapia \u00e9 uma t\u00e9cnica eficaz para o tratamento da celulite na regi\u00e3o das n\u00e1degas e coxas posteriores. A terapia do di\u00f3xido de carbono (CO 2), vulgarmente conhecida como carboxiterapia, refere-se \u00e0 administra\u00e7\u00e3o de CO2. A t\u00e9cnica teve origem em Fran\u00e7a em 1932 e originalmente o tratamento era efectuado percutaneamente, atrav\u00e9s da pele, por meio dos chamados banhos de \u00e1gua carbonatada aquecida ou a aplica\u00e7\u00e3o de CO2 saturado de \u00e1gua directamente na pele dos pacientes. Ap\u00f3s o desenvolvimento de novas tecnologias, a aplica\u00e7\u00e3o j\u00e1 n\u00e3o era t\u00f3pica, mas consistia na aplica\u00e7\u00e3o de CO2 que \u00e9 administrado directamente no tecido subcut\u00e2neo, garantindo assim resultados mais r\u00e1pidos e melhores. A infiltra\u00e7\u00e3o hipod\u00e9rmica de CO 2 tamb\u00e9m \u00e9 utilizada ap\u00f3s procedimentos de lipoaspira\u00e7\u00e3o em casos de adiposidade localizada ou irregularidades cut\u00e2neas em resultado do procedimento cir\u00fargico.<\/p>\n<p>Estudos demonstraram a efic\u00e1cia do tratamento com carboxiterapia para a adiposidade localizada no abd\u00f3men, coxa e joelho, mostrando os seus efeitos lipol\u00edticos. A lip\u00f3lise causada pela carboxiterapia parece ser causada pelo aumento da temperatura e do fluxo sangu\u00edneo local. Esta t\u00e9cnica tamb\u00e9m tem sido frequentemente utilizada para o rejuvenescimento da pele facial, alopecia, olheiras e estrias.<\/p>\n<p>O tratamento com caboxiterapia \u00e9 seguro? No que diz respeito \u00e0 seguran\u00e7a do tratamento com carboxiterapia, o CO 2 \u00e9 utilizado para angiografia de contraste, pelo que a sua passagem para a corrente sangu\u00ednea \u00e9 descomplicada e segura, tendo sido demonstrado que n\u00e3o promove a forma\u00e7\u00e3o de co\u00e1gulos.<\/p>\n<blockquote><p>Se estiver preocupado com celulite, olheiras ou estrias na sua pele, pe\u00e7a uma consulta sem compromisso para mais informa\u00e7\u00f5es sobre as indica\u00e7\u00f5es e resultados da Carboxiterapia. Iremos inform\u00e1-lo sobre a melhor op\u00e7\u00e3o de tratamento para o seu caso.<\/p><\/blockquote>\n","protected":false},"excerpt":{"rendered":"<p>A celulite refere-se a uma mudan\u00e7a na pele que provoca uma apar\u00eancia ondulada e irregular. A celulite \u00e9 uma desordem multifactorial e \u00e9 muito comum em mulheres com mais de 40 anos. Embora n\u00e3o seja grave, causa grande insatisfa\u00e7\u00e3o e afecta negativamente a qualidade de vida. \u00c9 um problema complexo que envolve altera\u00e7\u00f5es relacionadas com [&#8230;]\n","protected":false},"author":2,"featured_media":0,"parent":4075,"menu_order":0,"comment_status":"closed","ping_status":"closed","template":"page-right-sidebar.php","meta":{"_custom_body_class":"","_custom_post_class":""},"acf":[],"yoast_head":"<!-- This site is optimized with the Yoast SEO plugin v18.4.1 - https:\/\/yoast.com\/wordpress\/plugins\/seo\/ -->\n<title>Carboxiterapia - Imaxilofacial Badajoz<\/title>\n<meta name=\"robots\" content=\"index, follow, max-snippet:-1, max-image-preview:large, max-video-preview:-1\" \/>\n<link rel=\"canonical\" href=\"https:\/\/imaxilofacial.com\/pt-pt\/medicina-estetica-facial\/medicina-do-corpo-estetica\/carboxiterapia\/\" \/>\n<meta property=\"og:locale\" content=\"pt_PT\" \/>\n<meta property=\"og:type\" content=\"article\" \/>\n<meta property=\"og:title\" content=\"Carboxiterapia - Imaxilofacial Badajoz\" \/>\n<meta property=\"og:description\" content=\"A celulite refere-se a uma mudan\u00e7a na pele que provoca uma apar\u00eancia ondulada e irregular. A celulite \u00e9 uma desordem multifactorial e \u00e9 muito comum em mulheres com mais de 40 anos. Embora n\u00e3o seja grave, causa grande insatisfa\u00e7\u00e3o e afecta negativamente a qualidade de vida. \u00c9 um problema complexo que envolve altera\u00e7\u00f5es relacionadas com [...]\" \/>\n<meta property=\"og:url\" content=\"https:\/\/imaxilofacial.com\/pt-pt\/medicina-estetica-facial\/medicina-do-corpo-estetica\/carboxiterapia\/\" \/>\n<meta property=\"og:site_name\" content=\"Instituto Maxilofacial Portugal\" \/>\n<meta property=\"article:publisher\" content=\"https:\/\/www.facebook.com\/Imaxilofacial-878901768819054\/\" \/>\n<meta property=\"article:modified_time\" content=\"2022-04-07T14:39:54+00:00\" \/>\n<meta name=\"twitter:card\" content=\"summary\" \/>\n<meta name=\"twitter:site\" content=\"@BadajozSalud\" \/>\n<meta name=\"twitter:label1\" content=\"Tempo estimado de leitura\" \/>\n\t<meta name=\"twitter:data1\" content=\"2 minutos\" \/>\n<script type=\"application\/ld+json\" class=\"yoast-schema-graph\">{\"@context\":\"https:\/\/schema.org\",\"@graph\":[{\"@type\":\"WebSite\",\"@id\":\"https:\/\/imaxilofacial.com\/#website\",\"url\":\"https:\/\/imaxilofacial.com\/\",\"name\":\"Instituto Maxilofacial Portugal\",\"description\":\"Outro site WordPress\",\"potentialAction\":[{\"@type\":\"SearchAction\",\"target\":{\"@type\":\"EntryPoint\",\"urlTemplate\":\"https:\/\/imaxilofacial.com\/?s={search_term_string}\"},\"query-input\":\"required name=search_term_string\"}],\"inLanguage\":\"pt-PT\"},{\"@type\":\"WebPage\",\"@id\":\"https:\/\/imaxilofacial.com\/pt-pt\/medicina-estetica-facial\/medicina-do-corpo-estetica\/carboxiterapia\/#webpage\",\"url\":\"https:\/\/imaxilofacial.com\/pt-pt\/medicina-estetica-facial\/medicina-do-corpo-estetica\/carboxiterapia\/\",\"name\":\"Carboxiterapia - Imaxilofacial Badajoz\",\"isPartOf\":{\"@id\":\"https:\/\/imaxilofacial.com\/#website\"},\"datePublished\":\"2022-01-20T08:27:38+00:00\",\"dateModified\":\"2022-04-07T14:39:54+00:00\",\"breadcrumb\":{\"@id\":\"https:\/\/imaxilofacial.com\/pt-pt\/medicina-estetica-facial\/medicina-do-corpo-estetica\/carboxiterapia\/#breadcrumb\"},\"inLanguage\":\"pt-PT\",\"potentialAction\":[{\"@type\":\"ReadAction\",\"target\":[\"https:\/\/imaxilofacial.com\/pt-pt\/medicina-estetica-facial\/medicina-do-corpo-estetica\/carboxiterapia\/\"]}]},{\"@type\":\"BreadcrumbList\",\"@id\":\"https:\/\/imaxilofacial.com\/pt-pt\/medicina-estetica-facial\/medicina-do-corpo-estetica\/carboxiterapia\/#breadcrumb\",\"itemListElement\":[{\"@type\":\"ListItem\",\"position\":1,\"name\":\"Instituto Maxilofacial Badajoz\",\"item\":\"https:\/\/imaxilofacial.com\/pt-pt\/\"},{\"@type\":\"ListItem\",\"position\":2,\"name\":\"Medicina Est\u00e9tica Facial\",\"item\":\"https:\/\/imaxilofacial.com\/pt-pt\/medicina-estetica-facial\/\"},{\"@type\":\"ListItem\",\"position\":3,\"name\":\"Medicina Est\u00e9tica Corporal\",\"item\":\"https:\/\/imaxilofacial.com\/pt-pt\/medicina-estetica-facial\/medicina-do-corpo-estetica\/\"},{\"@type\":\"ListItem\",\"position\":4,\"name\":\"Carboxiterapia\"}]}]}<\/script>\n<!-- \/ Yoast SEO plugin. -->","yoast_head_json":{"title":"Carboxiterapia - Imaxilofacial Badajoz","robots":{"index":"index","follow":"follow","max-snippet":"max-snippet:-1","max-image-preview":"max-image-preview:large","max-video-preview":"max-video-preview:-1"},"canonical":"https:\/\/imaxilofacial.com\/pt-pt\/medicina-estetica-facial\/medicina-do-corpo-estetica\/carboxiterapia\/","og_locale":"pt_PT","og_type":"article","og_title":"Carboxiterapia - Imaxilofacial Badajoz","og_description":"A celulite refere-se a uma mudan\u00e7a na pele que provoca uma apar\u00eancia ondulada e irregular. A celulite \u00e9 uma desordem multifactorial e \u00e9 muito comum em mulheres com mais de 40 anos. Embora n\u00e3o seja grave, causa grande insatisfa\u00e7\u00e3o e afecta negativamente a qualidade de vida. \u00c9 um problema complexo que envolve altera\u00e7\u00f5es relacionadas com [...]","og_url":"https:\/\/imaxilofacial.com\/pt-pt\/medicina-estetica-facial\/medicina-do-corpo-estetica\/carboxiterapia\/","og_site_name":"Instituto Maxilofacial Portugal","article_publisher":"https:\/\/www.facebook.com\/Imaxilofacial-878901768819054\/","article_modified_time":"2022-04-07T14:39:54+00:00","twitter_card":"summary","twitter_site":"@BadajozSalud","twitter_misc":{"Tempo estimado de leitura":"2 minutos"},"schema":{"@context":"https:\/\/schema.org","@graph":[{"@type":"WebSite","@id":"https:\/\/imaxilofacial.com\/#website","url":"https:\/\/imaxilofacial.com\/","name":"Instituto Maxilofacial Portugal","description":"Outro site WordPress","potentialAction":[{"@type":"SearchAction","target":{"@type":"EntryPoint","urlTemplate":"https:\/\/imaxilofacial.com\/?s={search_term_string}"},"query-input":"required name=search_term_string"}],"inLanguage":"pt-PT"},{"@type":"WebPage","@id":"https:\/\/imaxilofacial.com\/pt-pt\/medicina-estetica-facial\/medicina-do-corpo-estetica\/carboxiterapia\/#webpage","url":"https:\/\/imaxilofacial.com\/pt-pt\/medicina-estetica-facial\/medicina-do-corpo-estetica\/carboxiterapia\/","name":"Carboxiterapia - Imaxilofacial Badajoz","isPartOf":{"@id":"https:\/\/imaxilofacial.com\/#website"},"datePublished":"2022-01-20T08:27:38+00:00","dateModified":"2022-04-07T14:39:54+00:00","breadcrumb":{"@id":"https:\/\/imaxilofacial.com\/pt-pt\/medicina-estetica-facial\/medicina-do-corpo-estetica\/carboxiterapia\/#breadcrumb"},"inLanguage":"pt-PT","potentialAction":[{"@type":"ReadAction","target":["https:\/\/imaxilofacial.com\/pt-pt\/medicina-estetica-facial\/medicina-do-corpo-estetica\/carboxiterapia\/"]}]},{"@type":"BreadcrumbList","@id":"https:\/\/imaxilofacial.com\/pt-pt\/medicina-estetica-facial\/medicina-do-corpo-estetica\/carboxiterapia\/#breadcrumb","itemListElement":[{"@type":"ListItem","position":1,"name":"Instituto Maxilofacial Badajoz","item":"https:\/\/imaxilofacial.com\/pt-pt\/"},{"@type":"ListItem","position":2,"name":"Medicina Est\u00e9tica Facial","item":"https:\/\/imaxilofacial.com\/pt-pt\/medicina-estetica-facial\/"},{"@type":"ListItem","position":3,"name":"Medicina Est\u00e9tica Corporal","item":"https:\/\/imaxilofacial.com\/pt-pt\/medicina-estetica-facial\/medicina-do-corpo-estetica\/"},{"@type":"ListItem","position":4,"name":"Carboxiterapia"}]}]}},"_links":{"self":[{"href":"https:\/\/imaxilofacial.com\/pt-pt\/wp-json\/wp\/v2\/pages\/4077"}],"collection":[{"href":"https:\/\/imaxilofacial.com\/pt-pt\/wp-json\/wp\/v2\/pages"}],"about":[{"href":"https:\/\/imaxilofacial.com\/pt-pt\/wp-json\/wp\/v2\/types\/page"}],"author":[{"embeddable":true,"href":"https:\/\/imaxilofacial.com\/pt-pt\/wp-json\/wp\/v2\/users\/2"}],"replies":[{"embeddable":true,"href":"https:\/\/imaxilofacial.com\/pt-pt\/wp-json\/wp\/v2\/comments?post=4077"}],"version-history":[{"count":2,"href":"https:\/\/imaxilofacial.com\/pt-pt\/wp-json\/wp\/v2\/pages\/4077\/revisions"}],"predecessor-version":[{"id":4827,"href":"https:\/\/imaxilofacial.com\/pt-pt\/wp-json\/wp\/v2\/pages\/4077\/revisions\/4827"}],"up":[{"embeddable":true,"href":"https:\/\/imaxilofacial.com\/pt-pt\/wp-json\/wp\/v2\/pages\/4075"}],"wp:attachment":[{"href":"https:\/\/imaxilofacial.com\/pt-pt\/wp-json\/wp\/v2\/media?parent=4077"}],"curies":[{"name":"wp","href":"https:\/\/api.w.org\/{rel}","templated":true}]}}