{"id":4079,"date":"2022-01-20T08:28:37","date_gmt":"2022-01-20T08:28:37","guid":{"rendered":"https:\/\/imaxilofacial.com\/?page_id=4079"},"modified":"2022-04-07T14:49:10","modified_gmt":"2022-04-07T14:49:10","slug":"roscas-de-aperto-do-corpo","status":"publish","type":"page","link":"https:\/\/imaxilofacial.com\/pt-pt\/medicina-estetica-facial\/medicina-do-corpo-estetica\/roscas-de-aperto-do-corpo\/","title":{"rendered":"Hilos Tensores Corporales"},"content":{"rendered":"<p>O aperto do fio do corpo \u00e9 um dos tratamentos mais exigidos na medicina est\u00e9tica pelos pacientes. Os resultados dos fios s\u00e3o imediatos, duradouros e o tratamento evita cicatrizes e o per\u00edodo de recupera\u00e7\u00e3o p\u00f3s-operat\u00f3ria de tratamentos cir\u00fargicos mais invasivos. Os fios tensores s\u00e3o indicados para flacidez ou flacidez de certas \u00e1reas do corpo, o que \u00e9 um dos problemas que mais preocupa homens e mulheres.<\/p>\n<p>Os fios tensores s\u00e3o utilizados nestes casos como uma t\u00e9cnica inovadora de rejuvenescimento que estimula os tecidos internos a reafirmar a pele e a corrigir a flacidez. Estes fios de aperto do corpo s\u00e3o colocados a um n\u00edvel sub-d\u00e9rmico, para que n\u00e3o se tornem evidentes e possam desempenhar a sua fun\u00e7\u00e3o, que \u00e9 induzir a forma\u00e7\u00e3o de colag\u00e9nio e fibroblastos com o objectivo de redensificar a pele.<\/p>\n<p>Ap\u00f3s determinar as \u00e1reas corporais a tratar e em apenas 30 minutos, o especialista em medicina est\u00e9tica insere os fios mini tensores sob a derme. A t\u00e9cnica \u00e9 completamente individualizada para cada paciente, dependendo da idade, fisionomia e grau de flacidez, mas numa sess\u00e3o padr\u00e3o entre 20 e 40 fios s\u00e3o normalmente inseridos. O procedimento \u00e9 f\u00e1cil, r\u00e1pido e indolor. Uma vez os fios no lugar, produzem uma reac\u00e7\u00e3o de tecido que provoca a cria\u00e7\u00e3o de tecido de suporte \u00e0 base de colag\u00e9nio e fibroblastos.<\/p>\n<p>O material dos fios tensores \u00e9 totalmente biocompat\u00edvel, e tem sido utilizado como material de sutura durante muito tempo, pelo que ficou provado que n\u00e3o produz rejei\u00e7\u00e3o, uma vez que tamb\u00e9m \u00e9 gradualmente reabsorvido pelo organismo ao longo de um per\u00edodo de 6 meses. Contudo, o mais interessante \u00e9 o efeito criado onde se encontra, que \u00e9 a cria\u00e7\u00e3o de novos tecidos \u00e0 base de colag\u00e9nio e fibroblastos, que podem durar entre 12 e 18 meses.<\/p>\n<p>Os resultados s\u00e3o progressivos e naturais. Ap\u00f3s tr\u00eas semanas, os efeitos podem ser vistos, embora n\u00e3o seja antes de tr\u00eas meses que o tratamento atinja o seu ponto mais eficaz.<\/p>\n<p>Para os casos de flacidez mais pronunciada e para os pacientes que n\u00e3o querem ser operados para um lifting facial, existe um outro tipo de fios tensores; estes s\u00e3o chamados fios de trac\u00e7\u00e3o. Estes fios t\u00eam esp\u00edculas ou cones para o reposicionamento dos tecidos onde s\u00e3o introduzidos e ancoragem p\u00f3s-remo\u00e7\u00e3o, a sua coloca\u00e7\u00e3o \u00e9 muito f\u00e1cil e n\u00e3o requer um ponto de fixa\u00e7\u00e3o. Um n\u00famero vari\u00e1vel de fios \u00e9 geralmente introduzido por lado para reestruturar o contorno corporal e o tratamento \u00e9 realizado sob anestesia local, o per\u00edodo de recupera\u00e7\u00e3o varia entre 5 e 10 dias (dependendo das caracter\u00edsticas de cada paciente), os resultados s\u00e3o muito satisfat\u00f3rios para a maioria dos pacientes sem as complica\u00e7\u00f5es de submeter-se a cirurgia, e os resultados duram 1 ano.<\/p>\n<p><iframe loading=\"lazy\" title=\"Hilos Tensores\" width=\"1020\" height=\"574\" src=\"https:\/\/www.youtube.com\/embed\/qxuOvWADPNk?feature=oembed\" frameborder=\"0\" allow=\"accelerometer; autoplay; clipboard-write; encrypted-media; gyroscope; picture-in-picture\" allowfullscreen><\/iframe><\/p>\n<p>&nbsp;<\/p>\n<blockquote><p><em>Se estiver interessado em rejuvenescer as \u00e1reas do corpo que sofrem de flacidez ou flacidez, solicite uma consulta no nosso centro com o nosso especialista em medicina est\u00e9tica. Iremos aconselh\u00e1-lo sobre o melhor tratamento para o seu caso sem compromisso.<\/em><\/p><\/blockquote>\n","protected":false},"excerpt":{"rendered":"<p>O aperto do fio do corpo \u00e9 um dos tratamentos mais exigidos na medicina est\u00e9tica pelos pacientes. Os resultados dos fios s\u00e3o imediatos, duradouros e o tratamento evita cicatrizes e o per\u00edodo de recupera\u00e7\u00e3o p\u00f3s-operat\u00f3ria de tratamentos cir\u00fargicos mais invasivos. Os fios tensores s\u00e3o indicados para flacidez ou flacidez de certas \u00e1reas do corpo, o [&#8230;]\n","protected":false},"author":2,"featured_media":0,"parent":4075,"menu_order":0,"comment_status":"closed","ping_status":"closed","template":"page-right-sidebar.php","meta":{"_custom_body_class":"","_custom_post_class":""},"acf":[],"yoast_head":"<!-- This site is optimized with the Yoast SEO plugin v18.4.1 - https:\/\/yoast.com\/wordpress\/plugins\/seo\/ -->\n<title>Hilos Tensores Corporales - Imaxilofacial Badajoz<\/title>\n<meta name=\"robots\" content=\"index, follow, max-snippet:-1, max-image-preview:large, max-video-preview:-1\" \/>\n<link rel=\"canonical\" href=\"https:\/\/imaxilofacial.com\/pt-pt\/medicina-estetica-facial\/medicina-do-corpo-estetica\/roscas-de-aperto-do-corpo\/\" \/>\n<meta property=\"og:locale\" content=\"pt_PT\" \/>\n<meta property=\"og:type\" content=\"article\" \/>\n<meta property=\"og:title\" content=\"Hilos Tensores Corporales - Imaxilofacial Badajoz\" \/>\n<meta property=\"og:description\" content=\"O aperto do fio do corpo \u00e9 um dos tratamentos mais exigidos na medicina est\u00e9tica pelos pacientes. Os resultados dos fios s\u00e3o imediatos, duradouros e o tratamento evita cicatrizes e o per\u00edodo de recupera\u00e7\u00e3o p\u00f3s-operat\u00f3ria de tratamentos cir\u00fargicos mais invasivos. Os fios tensores s\u00e3o indicados para flacidez ou flacidez de certas \u00e1reas do corpo, o [...]\" \/>\n<meta property=\"og:url\" content=\"https:\/\/imaxilofacial.com\/pt-pt\/medicina-estetica-facial\/medicina-do-corpo-estetica\/roscas-de-aperto-do-corpo\/\" \/>\n<meta property=\"og:site_name\" content=\"Instituto Maxilofacial Portugal\" \/>\n<meta property=\"article:publisher\" content=\"https:\/\/www.facebook.com\/Imaxilofacial-878901768819054\/\" \/>\n<meta property=\"article:modified_time\" content=\"2022-04-07T14:49:10+00:00\" \/>\n<meta name=\"twitter:card\" content=\"summary\" \/>\n<meta name=\"twitter:site\" content=\"@BadajozSalud\" \/>\n<meta name=\"twitter:label1\" content=\"Tempo estimado de leitura\" \/>\n\t<meta name=\"twitter:data1\" content=\"3 minutos\" \/>\n<script type=\"application\/ld+json\" class=\"yoast-schema-graph\">{\"@context\":\"https:\/\/schema.org\",\"@graph\":[{\"@type\":\"WebSite\",\"@id\":\"https:\/\/imaxilofacial.com\/#website\",\"url\":\"https:\/\/imaxilofacial.com\/\",\"name\":\"Instituto Maxilofacial Portugal\",\"description\":\"Outro site WordPress\",\"potentialAction\":[{\"@type\":\"SearchAction\",\"target\":{\"@type\":\"EntryPoint\",\"urlTemplate\":\"https:\/\/imaxilofacial.com\/?s={search_term_string}\"},\"query-input\":\"required name=search_term_string\"}],\"inLanguage\":\"pt-PT\"},{\"@type\":\"WebPage\",\"@id\":\"https:\/\/imaxilofacial.com\/pt-pt\/medicina-estetica-facial\/medicina-do-corpo-estetica\/roscas-de-aperto-do-corpo\/#webpage\",\"url\":\"https:\/\/imaxilofacial.com\/pt-pt\/medicina-estetica-facial\/medicina-do-corpo-estetica\/roscas-de-aperto-do-corpo\/\",\"name\":\"Hilos Tensores Corporales - Imaxilofacial Badajoz\",\"isPartOf\":{\"@id\":\"https:\/\/imaxilofacial.com\/#website\"},\"datePublished\":\"2022-01-20T08:28:37+00:00\",\"dateModified\":\"2022-04-07T14:49:10+00:00\",\"breadcrumb\":{\"@id\":\"https:\/\/imaxilofacial.com\/pt-pt\/medicina-estetica-facial\/medicina-do-corpo-estetica\/roscas-de-aperto-do-corpo\/#breadcrumb\"},\"inLanguage\":\"pt-PT\",\"potentialAction\":[{\"@type\":\"ReadAction\",\"target\":[\"https:\/\/imaxilofacial.com\/pt-pt\/medicina-estetica-facial\/medicina-do-corpo-estetica\/roscas-de-aperto-do-corpo\/\"]}]},{\"@type\":\"BreadcrumbList\",\"@id\":\"https:\/\/imaxilofacial.com\/pt-pt\/medicina-estetica-facial\/medicina-do-corpo-estetica\/roscas-de-aperto-do-corpo\/#breadcrumb\",\"itemListElement\":[{\"@type\":\"ListItem\",\"position\":1,\"name\":\"Instituto Maxilofacial Badajoz\",\"item\":\"https:\/\/imaxilofacial.com\/pt-pt\/\"},{\"@type\":\"ListItem\",\"position\":2,\"name\":\"Medicina Est\u00e9tica Facial\",\"item\":\"https:\/\/imaxilofacial.com\/pt-pt\/medicina-estetica-facial\/\"},{\"@type\":\"ListItem\",\"position\":3,\"name\":\"Medicina Est\u00e9tica Corporal\",\"item\":\"https:\/\/imaxilofacial.com\/pt-pt\/medicina-estetica-facial\/medicina-do-corpo-estetica\/\"},{\"@type\":\"ListItem\",\"position\":4,\"name\":\"Hilos Tensores Corporales\"}]}]}<\/script>\n<!-- \/ Yoast SEO plugin. -->","yoast_head_json":{"title":"Hilos Tensores Corporales - Imaxilofacial Badajoz","robots":{"index":"index","follow":"follow","max-snippet":"max-snippet:-1","max-image-preview":"max-image-preview:large","max-video-preview":"max-video-preview:-1"},"canonical":"https:\/\/imaxilofacial.com\/pt-pt\/medicina-estetica-facial\/medicina-do-corpo-estetica\/roscas-de-aperto-do-corpo\/","og_locale":"pt_PT","og_type":"article","og_title":"Hilos Tensores Corporales - Imaxilofacial Badajoz","og_description":"O aperto do fio do corpo \u00e9 um dos tratamentos mais exigidos na medicina est\u00e9tica pelos pacientes. Os resultados dos fios s\u00e3o imediatos, duradouros e o tratamento evita cicatrizes e o per\u00edodo de recupera\u00e7\u00e3o p\u00f3s-operat\u00f3ria de tratamentos cir\u00fargicos mais invasivos. Os fios tensores s\u00e3o indicados para flacidez ou flacidez de certas \u00e1reas do corpo, o [...]","og_url":"https:\/\/imaxilofacial.com\/pt-pt\/medicina-estetica-facial\/medicina-do-corpo-estetica\/roscas-de-aperto-do-corpo\/","og_site_name":"Instituto Maxilofacial Portugal","article_publisher":"https:\/\/www.facebook.com\/Imaxilofacial-878901768819054\/","article_modified_time":"2022-04-07T14:49:10+00:00","twitter_card":"summary","twitter_site":"@BadajozSalud","twitter_misc":{"Tempo estimado de leitura":"3 minutos"},"schema":{"@context":"https:\/\/schema.org","@graph":[{"@type":"WebSite","@id":"https:\/\/imaxilofacial.com\/#website","url":"https:\/\/imaxilofacial.com\/","name":"Instituto Maxilofacial Portugal","description":"Outro site WordPress","potentialAction":[{"@type":"SearchAction","target":{"@type":"EntryPoint","urlTemplate":"https:\/\/imaxilofacial.com\/?s={search_term_string}"},"query-input":"required name=search_term_string"}],"inLanguage":"pt-PT"},{"@type":"WebPage","@id":"https:\/\/imaxilofacial.com\/pt-pt\/medicina-estetica-facial\/medicina-do-corpo-estetica\/roscas-de-aperto-do-corpo\/#webpage","url":"https:\/\/imaxilofacial.com\/pt-pt\/medicina-estetica-facial\/medicina-do-corpo-estetica\/roscas-de-aperto-do-corpo\/","name":"Hilos Tensores Corporales - Imaxilofacial Badajoz","isPartOf":{"@id":"https:\/\/imaxilofacial.com\/#website"},"datePublished":"2022-01-20T08:28:37+00:00","dateModified":"2022-04-07T14:49:10+00:00","breadcrumb":{"@id":"https:\/\/imaxilofacial.com\/pt-pt\/medicina-estetica-facial\/medicina-do-corpo-estetica\/roscas-de-aperto-do-corpo\/#breadcrumb"},"inLanguage":"pt-PT","potentialAction":[{"@type":"ReadAction","target":["https:\/\/imaxilofacial.com\/pt-pt\/medicina-estetica-facial\/medicina-do-corpo-estetica\/roscas-de-aperto-do-corpo\/"]}]},{"@type":"BreadcrumbList","@id":"https:\/\/imaxilofacial.com\/pt-pt\/medicina-estetica-facial\/medicina-do-corpo-estetica\/roscas-de-aperto-do-corpo\/#breadcrumb","itemListElement":[{"@type":"ListItem","position":1,"name":"Instituto Maxilofacial Badajoz","item":"https:\/\/imaxilofacial.com\/pt-pt\/"},{"@type":"ListItem","position":2,"name":"Medicina Est\u00e9tica Facial","item":"https:\/\/imaxilofacial.com\/pt-pt\/medicina-estetica-facial\/"},{"@type":"ListItem","position":3,"name":"Medicina Est\u00e9tica Corporal","item":"https:\/\/imaxilofacial.com\/pt-pt\/medicina-estetica-facial\/medicina-do-corpo-estetica\/"},{"@type":"ListItem","position":4,"name":"Hilos Tensores Corporales"}]}]}},"_links":{"self":[{"href":"https:\/\/imaxilofacial.com\/pt-pt\/wp-json\/wp\/v2\/pages\/4079"}],"collection":[{"href":"https:\/\/imaxilofacial.com\/pt-pt\/wp-json\/wp\/v2\/pages"}],"about":[{"href":"https:\/\/imaxilofacial.com\/pt-pt\/wp-json\/wp\/v2\/types\/page"}],"author":[{"embeddable":true,"href":"https:\/\/imaxilofacial.com\/pt-pt\/wp-json\/wp\/v2\/users\/2"}],"replies":[{"embeddable":true,"href":"https:\/\/imaxilofacial.com\/pt-pt\/wp-json\/wp\/v2\/comments?post=4079"}],"version-history":[{"count":2,"href":"https:\/\/imaxilofacial.com\/pt-pt\/wp-json\/wp\/v2\/pages\/4079\/revisions"}],"predecessor-version":[{"id":4833,"href":"https:\/\/imaxilofacial.com\/pt-pt\/wp-json\/wp\/v2\/pages\/4079\/revisions\/4833"}],"up":[{"embeddable":true,"href":"https:\/\/imaxilofacial.com\/pt-pt\/wp-json\/wp\/v2\/pages\/4075"}],"wp:attachment":[{"href":"https:\/\/imaxilofacial.com\/pt-pt\/wp-json\/wp\/v2\/media?parent=4079"}],"curies":[{"name":"wp","href":"https:\/\/api.w.org\/{rel}","templated":true}]}}