{"id":4081,"date":"2022-01-20T08:29:50","date_gmt":"2022-01-20T08:29:50","guid":{"rendered":"https:\/\/imaxilofacial.com\/?page_id=4081"},"modified":"2022-04-07T14:40:55","modified_gmt":"2022-04-07T14:40:55","slug":"esclerose-venosa-varicosa","status":"publish","type":"page","link":"https:\/\/imaxilofacial.com\/pt-pt\/medicina-estetica-facial\/medicina-do-corpo-estetica\/esclerose-venosa-varicosa\/","title":{"rendered":"Esclerosis de Varices"},"content":{"rendered":"<p>A esclerose venosa varicosa \u00e9 o tratamento para veias azuis e veias-aranha aumentadas. As primeiras est\u00e3o normalmente inchadas, elevando-se acima da superf\u00edcie da pele. Aparecem frequentemente nas coxas, atr\u00e1s dos bezerros ou no interior da perna. As veias-aranha s\u00e3o como as varizes, mas mais pequenas e menos profundas que as varizes, geralmente de cor vermelha ou azul. Podem parecer-se com ramos de \u00e1rvores ou teias de aranha por causa das suas linhas curtas e irregulares. Estas les\u00f5es aparecem geralmente nas pernas e no rosto, e podem cobrir uma \u00e1rea de pele pequena ou muito grande. A esclerose venosa varicosa \u00e9 o tratamento para ambos.<\/p>\n<p>As varizes podem ser causadas por v\u00e1lvulas danificadas ou fracas nas veias. Se as v\u00e1lvulas estiverem enfraquecidas, o sangue circula com dificuldade e estagna ali. Este problema \u00e9 chamado insufici\u00eancia venosa. Quando o fluxo de sangue para tr\u00e1s aumenta as veias, estas podem desenvolver-se em varizes ou veias varicosas. As veias-aranha podem ser causadas pelo fluxo de sangue para tr\u00e1s, mas tamb\u00e9m podem ser causadas por altera\u00e7\u00f5es hormonais, exposi\u00e7\u00e3o solar e determinadas les\u00f5es.<\/p>\n<p>A maioria das varizes e veias de aranha ocorrem nas pernas devido \u00e0 press\u00e3o do peso corporal, \u00e0 for\u00e7a da gravidade e \u00e0 fun\u00e7\u00e3o de transportar o sangue da parte inferior do corpo para o cora\u00e7\u00e3o.<\/p>\n<p>A esclerose de varizes e veias de aranha \u00e9 o tratamento de elei\u00e7\u00e3o, mas s\u00e3o tamb\u00e9m necess\u00e1rias mudan\u00e7as no estilo de vida. Com tratamentos m\u00e9dicos, podemos aliviar os sintomas, evitar complica\u00e7\u00f5es e melhorar a apar\u00eancia.<\/p>\n<p>As mudan\u00e7as de estilo de vida s\u00e3o recomendadas se as suas varizes n\u00e3o apresentarem muitos sintomas. Se os sintomas forem mais graves, o seu m\u00e9dico cosm\u00e9tico pode recomendar op\u00e7\u00f5es de tratamento. Algumas op\u00e7\u00f5es de tratamento incluem meias de compress\u00e3o, a SCLEROTHERAPY venosa \u00e9 o tratamento mais comum para as veias de aranha e varizes.<\/p>\n<p>Uma agulha \u00e9 utilizada para injectar um l\u00edquido qu\u00edmico nas veias. O produto qu\u00edmico faz com que as paredes das veias inchem, se colam e selam. Isto p\u00e1ra o fluxo sangu\u00edneo e as veias tornam-se tecido cicatrizado. Passadas algumas semanas, as veias desaparecem. Este tratamento n\u00e3o requer anestesia e pode ser feito em regime ambulat\u00f3rio. Pode voltar \u00e0 actividade normal no final do tratamento.\u00a0\u00c9 prov\u00e1vel que a mesma veia tenha de ser tratada mais do que uma vez. Os tratamentos s\u00e3o geralmente feitos a cada 4 a 6 semanas. \u00c9 aconselh\u00e1vel usar meias de compress\u00e3o gradiente ap\u00f3s a esclerose varicosa para acelerar a cura e reduzir o incha\u00e7o. Este tratamento \u00e9 muito eficaz quando feito correctamente.<\/p>\n<p>&nbsp;<\/p>\n<blockquote><p><em>Se tiver varizes ou veias de aranha, e estiver a pensar retir\u00e1-las, marque uma consulta no nosso centro com o especialista em medicina est\u00e9tica. Ele dar-lhe-\u00e1 a melhor solu\u00e7\u00e3o para os seus problemas com resultados duradouros e seguros.<\/em><\/p><\/blockquote>\n","protected":false},"excerpt":{"rendered":"<p>A esclerose venosa varicosa \u00e9 o tratamento para veias azuis e veias-aranha aumentadas. As primeiras est\u00e3o normalmente inchadas, elevando-se acima da superf\u00edcie da pele. Aparecem frequentemente nas coxas, atr\u00e1s dos bezerros ou no interior da perna. As veias-aranha s\u00e3o como as varizes, mas mais pequenas e menos profundas que as varizes, geralmente de cor vermelha [&#8230;]\n","protected":false},"author":2,"featured_media":0,"parent":4075,"menu_order":0,"comment_status":"closed","ping_status":"closed","template":"page-right-sidebar.php","meta":{"_custom_body_class":"","_custom_post_class":""},"acf":[],"yoast_head":"<!-- This site is optimized with the Yoast SEO plugin v18.4.1 - https:\/\/yoast.com\/wordpress\/plugins\/seo\/ -->\n<title>Esclerosis de Varices - Imaxilofacial Badajoz<\/title>\n<meta name=\"robots\" content=\"index, follow, max-snippet:-1, max-image-preview:large, max-video-preview:-1\" \/>\n<link rel=\"canonical\" href=\"https:\/\/imaxilofacial.com\/pt-pt\/medicina-estetica-facial\/medicina-do-corpo-estetica\/esclerose-venosa-varicosa\/\" \/>\n<meta property=\"og:locale\" content=\"pt_PT\" \/>\n<meta property=\"og:type\" content=\"article\" \/>\n<meta property=\"og:title\" content=\"Esclerosis de Varices - Imaxilofacial Badajoz\" \/>\n<meta property=\"og:description\" content=\"A esclerose venosa varicosa \u00e9 o tratamento para veias azuis e veias-aranha aumentadas. As primeiras est\u00e3o normalmente inchadas, elevando-se acima da superf\u00edcie da pele. Aparecem frequentemente nas coxas, atr\u00e1s dos bezerros ou no interior da perna. As veias-aranha s\u00e3o como as varizes, mas mais pequenas e menos profundas que as varizes, geralmente de cor vermelha [...]\" \/>\n<meta property=\"og:url\" content=\"https:\/\/imaxilofacial.com\/pt-pt\/medicina-estetica-facial\/medicina-do-corpo-estetica\/esclerose-venosa-varicosa\/\" \/>\n<meta property=\"og:site_name\" content=\"Instituto Maxilofacial Portugal\" \/>\n<meta property=\"article:publisher\" content=\"https:\/\/www.facebook.com\/Imaxilofacial-878901768819054\/\" \/>\n<meta property=\"article:modified_time\" content=\"2022-04-07T14:40:55+00:00\" \/>\n<meta name=\"twitter:card\" content=\"summary\" \/>\n<meta name=\"twitter:site\" content=\"@BadajozSalud\" \/>\n<meta name=\"twitter:label1\" content=\"Tempo estimado de leitura\" \/>\n\t<meta name=\"twitter:data1\" content=\"2 minutos\" \/>\n<script type=\"application\/ld+json\" class=\"yoast-schema-graph\">{\"@context\":\"https:\/\/schema.org\",\"@graph\":[{\"@type\":\"WebSite\",\"@id\":\"https:\/\/imaxilofacial.com\/#website\",\"url\":\"https:\/\/imaxilofacial.com\/\",\"name\":\"Instituto Maxilofacial Portugal\",\"description\":\"Outro site WordPress\",\"potentialAction\":[{\"@type\":\"SearchAction\",\"target\":{\"@type\":\"EntryPoint\",\"urlTemplate\":\"https:\/\/imaxilofacial.com\/?s={search_term_string}\"},\"query-input\":\"required name=search_term_string\"}],\"inLanguage\":\"pt-PT\"},{\"@type\":\"WebPage\",\"@id\":\"https:\/\/imaxilofacial.com\/pt-pt\/medicina-estetica-facial\/medicina-do-corpo-estetica\/esclerose-venosa-varicosa\/#webpage\",\"url\":\"https:\/\/imaxilofacial.com\/pt-pt\/medicina-estetica-facial\/medicina-do-corpo-estetica\/esclerose-venosa-varicosa\/\",\"name\":\"Esclerosis de Varices - Imaxilofacial Badajoz\",\"isPartOf\":{\"@id\":\"https:\/\/imaxilofacial.com\/#website\"},\"datePublished\":\"2022-01-20T08:29:50+00:00\",\"dateModified\":\"2022-04-07T14:40:55+00:00\",\"breadcrumb\":{\"@id\":\"https:\/\/imaxilofacial.com\/pt-pt\/medicina-estetica-facial\/medicina-do-corpo-estetica\/esclerose-venosa-varicosa\/#breadcrumb\"},\"inLanguage\":\"pt-PT\",\"potentialAction\":[{\"@type\":\"ReadAction\",\"target\":[\"https:\/\/imaxilofacial.com\/pt-pt\/medicina-estetica-facial\/medicina-do-corpo-estetica\/esclerose-venosa-varicosa\/\"]}]},{\"@type\":\"BreadcrumbList\",\"@id\":\"https:\/\/imaxilofacial.com\/pt-pt\/medicina-estetica-facial\/medicina-do-corpo-estetica\/esclerose-venosa-varicosa\/#breadcrumb\",\"itemListElement\":[{\"@type\":\"ListItem\",\"position\":1,\"name\":\"Instituto Maxilofacial Badajoz\",\"item\":\"https:\/\/imaxilofacial.com\/pt-pt\/\"},{\"@type\":\"ListItem\",\"position\":2,\"name\":\"Medicina Est\u00e9tica Facial\",\"item\":\"https:\/\/imaxilofacial.com\/pt-pt\/medicina-estetica-facial\/\"},{\"@type\":\"ListItem\",\"position\":3,\"name\":\"Medicina Est\u00e9tica Corporal\",\"item\":\"https:\/\/imaxilofacial.com\/pt-pt\/medicina-estetica-facial\/medicina-do-corpo-estetica\/\"},{\"@type\":\"ListItem\",\"position\":4,\"name\":\"Esclerosis de Varices\"}]}]}<\/script>\n<!-- \/ Yoast SEO plugin. -->","yoast_head_json":{"title":"Esclerosis de Varices - Imaxilofacial Badajoz","robots":{"index":"index","follow":"follow","max-snippet":"max-snippet:-1","max-image-preview":"max-image-preview:large","max-video-preview":"max-video-preview:-1"},"canonical":"https:\/\/imaxilofacial.com\/pt-pt\/medicina-estetica-facial\/medicina-do-corpo-estetica\/esclerose-venosa-varicosa\/","og_locale":"pt_PT","og_type":"article","og_title":"Esclerosis de Varices - Imaxilofacial Badajoz","og_description":"A esclerose venosa varicosa \u00e9 o tratamento para veias azuis e veias-aranha aumentadas. As primeiras est\u00e3o normalmente inchadas, elevando-se acima da superf\u00edcie da pele. Aparecem frequentemente nas coxas, atr\u00e1s dos bezerros ou no interior da perna. As veias-aranha s\u00e3o como as varizes, mas mais pequenas e menos profundas que as varizes, geralmente de cor vermelha [...]","og_url":"https:\/\/imaxilofacial.com\/pt-pt\/medicina-estetica-facial\/medicina-do-corpo-estetica\/esclerose-venosa-varicosa\/","og_site_name":"Instituto Maxilofacial Portugal","article_publisher":"https:\/\/www.facebook.com\/Imaxilofacial-878901768819054\/","article_modified_time":"2022-04-07T14:40:55+00:00","twitter_card":"summary","twitter_site":"@BadajozSalud","twitter_misc":{"Tempo estimado de leitura":"2 minutos"},"schema":{"@context":"https:\/\/schema.org","@graph":[{"@type":"WebSite","@id":"https:\/\/imaxilofacial.com\/#website","url":"https:\/\/imaxilofacial.com\/","name":"Instituto Maxilofacial Portugal","description":"Outro site WordPress","potentialAction":[{"@type":"SearchAction","target":{"@type":"EntryPoint","urlTemplate":"https:\/\/imaxilofacial.com\/?s={search_term_string}"},"query-input":"required name=search_term_string"}],"inLanguage":"pt-PT"},{"@type":"WebPage","@id":"https:\/\/imaxilofacial.com\/pt-pt\/medicina-estetica-facial\/medicina-do-corpo-estetica\/esclerose-venosa-varicosa\/#webpage","url":"https:\/\/imaxilofacial.com\/pt-pt\/medicina-estetica-facial\/medicina-do-corpo-estetica\/esclerose-venosa-varicosa\/","name":"Esclerosis de Varices - Imaxilofacial Badajoz","isPartOf":{"@id":"https:\/\/imaxilofacial.com\/#website"},"datePublished":"2022-01-20T08:29:50+00:00","dateModified":"2022-04-07T14:40:55+00:00","breadcrumb":{"@id":"https:\/\/imaxilofacial.com\/pt-pt\/medicina-estetica-facial\/medicina-do-corpo-estetica\/esclerose-venosa-varicosa\/#breadcrumb"},"inLanguage":"pt-PT","potentialAction":[{"@type":"ReadAction","target":["https:\/\/imaxilofacial.com\/pt-pt\/medicina-estetica-facial\/medicina-do-corpo-estetica\/esclerose-venosa-varicosa\/"]}]},{"@type":"BreadcrumbList","@id":"https:\/\/imaxilofacial.com\/pt-pt\/medicina-estetica-facial\/medicina-do-corpo-estetica\/esclerose-venosa-varicosa\/#breadcrumb","itemListElement":[{"@type":"ListItem","position":1,"name":"Instituto Maxilofacial Badajoz","item":"https:\/\/imaxilofacial.com\/pt-pt\/"},{"@type":"ListItem","position":2,"name":"Medicina Est\u00e9tica Facial","item":"https:\/\/imaxilofacial.com\/pt-pt\/medicina-estetica-facial\/"},{"@type":"ListItem","position":3,"name":"Medicina Est\u00e9tica Corporal","item":"https:\/\/imaxilofacial.com\/pt-pt\/medicina-estetica-facial\/medicina-do-corpo-estetica\/"},{"@type":"ListItem","position":4,"name":"Esclerosis de Varices"}]}]}},"_links":{"self":[{"href":"https:\/\/imaxilofacial.com\/pt-pt\/wp-json\/wp\/v2\/pages\/4081"}],"collection":[{"href":"https:\/\/imaxilofacial.com\/pt-pt\/wp-json\/wp\/v2\/pages"}],"about":[{"href":"https:\/\/imaxilofacial.com\/pt-pt\/wp-json\/wp\/v2\/types\/page"}],"author":[{"embeddable":true,"href":"https:\/\/imaxilofacial.com\/pt-pt\/wp-json\/wp\/v2\/users\/2"}],"replies":[{"embeddable":true,"href":"https:\/\/imaxilofacial.com\/pt-pt\/wp-json\/wp\/v2\/comments?post=4081"}],"version-history":[{"count":2,"href":"https:\/\/imaxilofacial.com\/pt-pt\/wp-json\/wp\/v2\/pages\/4081\/revisions"}],"predecessor-version":[{"id":4828,"href":"https:\/\/imaxilofacial.com\/pt-pt\/wp-json\/wp\/v2\/pages\/4081\/revisions\/4828"}],"up":[{"embeddable":true,"href":"https:\/\/imaxilofacial.com\/pt-pt\/wp-json\/wp\/v2\/pages\/4075"}],"wp:attachment":[{"href":"https:\/\/imaxilofacial.com\/pt-pt\/wp-json\/wp\/v2\/media?parent=4081"}],"curies":[{"name":"wp","href":"https:\/\/api.w.org\/{rel}","templated":true}]}}