{"id":4095,"date":"2022-01-20T08:35:17","date_gmt":"2022-01-20T08:35:17","guid":{"rendered":"https:\/\/imaxilofacial.com\/?page_id=4095"},"modified":"2022-04-07T14:42:20","modified_gmt":"2022-04-07T14:42:20","slug":"plataforma-laser","status":"publish","type":"page","link":"https:\/\/imaxilofacial.com\/pt-pt\/medicina-estetica-facial\/medicina-do-corpo-estetica\/plataforma-laser\/","title":{"rendered":"Plataforma Laser"},"content":{"rendered":"<p>O que \u00e9 o laser Nd-YAG?\u00a0 H\u00e1 muitos lasers no mercado. O laser Nd-Yag tem o nome do meio laser, neod\u00edmio: granito, \u00edtrio e alum\u00ednio. Este laser foi especificamente concebido para tratar les\u00f5es pigmentadas, les\u00f5es vasculares e tamb\u00e9m pode ajudar a remover tatuagens antigas.<\/p>\n<p>Que problemas de pele podemos tratar com o laser Nd-YAG?\u00a0 N\u00e3o importa o quanto nos tenhamos cuidado para reduzir os sinais de envelhecimento, as manchas castanhas na pele podem permanecer apesar dos tratamentos. S\u00e3o conhecidos por diferentes nomes: manchas de idade, sardas, lentiginas ou manchas de f\u00edgado. Existe uma vasta gama de les\u00f5es cut\u00e2neas com diferentes tipos de pigmenta\u00e7\u00e3o que variam na apar\u00eancia, na profundidade da pele em que se encontram e na sua sensibilidade ao tratamento.<\/p>\n<p>Quais s\u00e3o os benef\u00edcios do tratamento a laser Nd-YAG para a pele?\u00a0 O laser Nd-Yag melhora o tom da pele. Reduzimos a ros\u00e1cea ou pequenas veias faciais ou veias de aranha. Reduzimos tamb\u00e9m as rugas faciais e as linhas finas. Tratamos os danos causados pelo sol, incluindo as manchas de idade e pigmenta\u00e7\u00e3o castanha. O laser Nd-YAg aperta e firma a pele ao estimular a produ\u00e7\u00e3o de novo tecido de colag\u00e9nio e elastina.<\/p>\n<p>Como \u00e9 que o laser Nd-YAG funciona?\u00a0 O laser ND YAG vem em 2 comprimentos de onda, 1064 nm e 532 nm. \u00c9 um laser n\u00e3o ablativo, o que significa que n\u00e3o h\u00e1 quebra na continuidade do tecido cut\u00e2neo durante o tratamento. \u00c9 concebido de modo a que toda a sua energia seja dissipada nas c\u00e9lulas pigmentadas. Este comprimento de onda espec\u00edfico \u00e9 absorvido preferencialmente pelos pigmentos (melanina) e o calor resultante provocar\u00e1 a gera\u00e7\u00e3o e propaga\u00e7\u00e3o de ondas que danificam as c\u00e9lulas que cont\u00eam este pigmento, os melan\u00f3citos. Estas c\u00e9lulas danificadas ser\u00e3o removidas do local e o local pigmentado ou escurecido ser\u00e1 iluminado.<\/p>\n<p>&nbsp;<\/p>\n<figure id=\"attachment_1489\" aria-describedby=\"caption-attachment-1489\" style=\"width: 300px\" class=\"wp-caption aligncenter\"><a href=\"https:\/\/imaxilofacial.com\/wp-content\/uploads\/2017\/07\/pecas-1.jpg\"><img loading=\"lazy\" class=\"wp-image-4814 size-medium\" src=\"https:\/\/imaxilofacial.com\/wp-content\/uploads\/2017\/07\/pecas-1-300x247.jpg\" alt=\"\" width=\"300\" height=\"247\" srcset=\"https:\/\/imaxilofacial.com\/wp-content\/uploads\/2017\/07\/pecas-1-300x247.jpg 300w, https:\/\/imaxilofacial.com\/wp-content\/uploads\/2017\/07\/pecas-1.jpg 485w\" sizes=\"(max-width: 300px) 100vw, 300px\" \/><\/a><figcaption id=\"caption-attachment-1489\" class=\"wp-caption-text\">Les\u00f5es pigmentadas na regi\u00e3o facial ou veias aranha s\u00e3o les\u00f5es ideais para tratar com o laser Nd-Yag.<\/figcaption><\/figure>\n<p>&nbsp;<\/p>\n<p>Como \u00e9 o processo laser Nd-YAG?\u00a0 O processo de tratamento de problemas de pele com ND YAG \u00e9 simples, r\u00e1pido e com uma recupera\u00e7\u00e3o precoce. Em primeiro lugar, o nosso m\u00e9dico est\u00e9tico avaliar\u00e1 as les\u00f5es suscept\u00edveis e confirmar\u00e1 se \u00e9 adequado e se beneficiaria com este procedimento. Antes do melhoramento do laser, ser\u00e1 utilizado um creme anest\u00e9sico durante 20-30 minutos imediatamente antes do tratamento para minimizar qualquer desconforto. O procedimento completo pode demorar cerca de 45 minutos. Ap\u00f3s o procedimento, pode sentir vermelhid\u00e3o no local tratado que pode durar algumas horas. Na maioria das vezes, n\u00e3o h\u00e1 incha\u00e7o e a maioria dos pacientes pode voltar ao trabalho quase imediatamente. Ocasionalmente, a \u00e1rea onde a les\u00e3o pigmentada foi localizada pode at\u00e9 escurecer durante 1-2 semanas antes do clareamento. No entanto, o clareamento e rejuvenescimento da pele pode ser visto imediatamente ap\u00f3s o tratamento com laser.<\/p>\n<blockquote><p>Se tiver les\u00f5es pigmentadas, sardas, ou les\u00f5es de pele envelhecida no seu rosto, solicite uma consulta sem compromisso com o nosso m\u00e9dico cosm\u00e9tico para avaliar o tratamento a laser em Badajoz, notar\u00e1 imediatamente uma melhoria na qualidade da sua pele.<\/p><\/blockquote>\n<p>&nbsp;<\/p>\n","protected":false},"excerpt":{"rendered":"<p>O que \u00e9 o laser Nd-YAG?\u00a0 H\u00e1 muitos lasers no mercado. O laser Nd-Yag tem o nome do meio laser, neod\u00edmio: granito, \u00edtrio e alum\u00ednio. Este laser foi especificamente concebido para tratar les\u00f5es pigmentadas, les\u00f5es vasculares e tamb\u00e9m pode ajudar a remover tatuagens antigas. Que problemas de pele podemos tratar com o laser Nd-YAG?\u00a0 N\u00e3o [&#8230;]\n","protected":false},"author":2,"featured_media":0,"parent":4075,"menu_order":0,"comment_status":"closed","ping_status":"closed","template":"page-right-sidebar.php","meta":{"_custom_body_class":"","_custom_post_class":""},"acf":[],"yoast_head":"<!-- This site is optimized with the Yoast SEO plugin v18.4.1 - https:\/\/yoast.com\/wordpress\/plugins\/seo\/ -->\n<title>Plataforma Laser - Imaxilofacial Badajoz<\/title>\n<meta name=\"robots\" content=\"index, follow, max-snippet:-1, max-image-preview:large, max-video-preview:-1\" \/>\n<link rel=\"canonical\" href=\"https:\/\/imaxilofacial.com\/pt-pt\/medicina-estetica-facial\/medicina-do-corpo-estetica\/plataforma-laser\/\" \/>\n<meta property=\"og:locale\" content=\"pt_PT\" \/>\n<meta property=\"og:type\" content=\"article\" \/>\n<meta property=\"og:title\" content=\"Plataforma Laser - Imaxilofacial Badajoz\" \/>\n<meta property=\"og:description\" content=\"O que \u00e9 o laser Nd-YAG?\u00a0 H\u00e1 muitos lasers no mercado. O laser Nd-Yag tem o nome do meio laser, neod\u00edmio: granito, \u00edtrio e alum\u00ednio. Este laser foi especificamente concebido para tratar les\u00f5es pigmentadas, les\u00f5es vasculares e tamb\u00e9m pode ajudar a remover tatuagens antigas. Que problemas de pele podemos tratar com o laser Nd-YAG?\u00a0 N\u00e3o [...]\" \/>\n<meta property=\"og:url\" content=\"https:\/\/imaxilofacial.com\/pt-pt\/medicina-estetica-facial\/medicina-do-corpo-estetica\/plataforma-laser\/\" \/>\n<meta property=\"og:site_name\" content=\"Instituto Maxilofacial Portugal\" \/>\n<meta property=\"article:publisher\" content=\"https:\/\/www.facebook.com\/Imaxilofacial-878901768819054\/\" \/>\n<meta property=\"article:modified_time\" content=\"2022-04-07T14:42:20+00:00\" \/>\n<meta property=\"og:image\" content=\"https:\/\/imaxilofacial.com\/wp-content\/uploads\/2017\/07\/pecas-1-300x247.jpg\" \/>\n<meta name=\"twitter:card\" content=\"summary\" \/>\n<meta name=\"twitter:site\" content=\"@BadajozSalud\" \/>\n<meta name=\"twitter:label1\" content=\"Tempo estimado de leitura\" \/>\n\t<meta name=\"twitter:data1\" content=\"3 minutos\" \/>\n<script type=\"application\/ld+json\" class=\"yoast-schema-graph\">{\"@context\":\"https:\/\/schema.org\",\"@graph\":[{\"@type\":\"WebSite\",\"@id\":\"https:\/\/imaxilofacial.com\/#website\",\"url\":\"https:\/\/imaxilofacial.com\/\",\"name\":\"Instituto Maxilofacial Portugal\",\"description\":\"Outro site WordPress\",\"potentialAction\":[{\"@type\":\"SearchAction\",\"target\":{\"@type\":\"EntryPoint\",\"urlTemplate\":\"https:\/\/imaxilofacial.com\/?s={search_term_string}\"},\"query-input\":\"required name=search_term_string\"}],\"inLanguage\":\"pt-PT\"},{\"@type\":\"ImageObject\",\"@id\":\"https:\/\/imaxilofacial.com\/pt-pt\/medicina-estetica-facial\/medicina-do-corpo-estetica\/plataforma-laser\/#primaryimage\",\"inLanguage\":\"pt-PT\",\"url\":\"https:\/\/imaxilofacial.com\/wp-content\/uploads\/2017\/07\/pecas-1.jpg\",\"contentUrl\":\"https:\/\/imaxilofacial.com\/wp-content\/uploads\/2017\/07\/pecas-1.jpg\",\"width\":485,\"height\":400},{\"@type\":\"WebPage\",\"@id\":\"https:\/\/imaxilofacial.com\/pt-pt\/medicina-estetica-facial\/medicina-do-corpo-estetica\/plataforma-laser\/#webpage\",\"url\":\"https:\/\/imaxilofacial.com\/pt-pt\/medicina-estetica-facial\/medicina-do-corpo-estetica\/plataforma-laser\/\",\"name\":\"Plataforma Laser - Imaxilofacial Badajoz\",\"isPartOf\":{\"@id\":\"https:\/\/imaxilofacial.com\/#website\"},\"primaryImageOfPage\":{\"@id\":\"https:\/\/imaxilofacial.com\/pt-pt\/medicina-estetica-facial\/medicina-do-corpo-estetica\/plataforma-laser\/#primaryimage\"},\"datePublished\":\"2022-01-20T08:35:17+00:00\",\"dateModified\":\"2022-04-07T14:42:20+00:00\",\"breadcrumb\":{\"@id\":\"https:\/\/imaxilofacial.com\/pt-pt\/medicina-estetica-facial\/medicina-do-corpo-estetica\/plataforma-laser\/#breadcrumb\"},\"inLanguage\":\"pt-PT\",\"potentialAction\":[{\"@type\":\"ReadAction\",\"target\":[\"https:\/\/imaxilofacial.com\/pt-pt\/medicina-estetica-facial\/medicina-do-corpo-estetica\/plataforma-laser\/\"]}]},{\"@type\":\"BreadcrumbList\",\"@id\":\"https:\/\/imaxilofacial.com\/pt-pt\/medicina-estetica-facial\/medicina-do-corpo-estetica\/plataforma-laser\/#breadcrumb\",\"itemListElement\":[{\"@type\":\"ListItem\",\"position\":1,\"name\":\"Instituto Maxilofacial Badajoz\",\"item\":\"https:\/\/imaxilofacial.com\/pt-pt\/\"},{\"@type\":\"ListItem\",\"position\":2,\"name\":\"Medicina Est\u00e9tica Facial\",\"item\":\"https:\/\/imaxilofacial.com\/pt-pt\/medicina-estetica-facial\/\"},{\"@type\":\"ListItem\",\"position\":3,\"name\":\"Medicina Est\u00e9tica Corporal\",\"item\":\"https:\/\/imaxilofacial.com\/pt-pt\/medicina-estetica-facial\/medicina-do-corpo-estetica\/\"},{\"@type\":\"ListItem\",\"position\":4,\"name\":\"Plataforma Laser\"}]}]}<\/script>\n<!-- \/ Yoast SEO plugin. -->","yoast_head_json":{"title":"Plataforma Laser - Imaxilofacial Badajoz","robots":{"index":"index","follow":"follow","max-snippet":"max-snippet:-1","max-image-preview":"max-image-preview:large","max-video-preview":"max-video-preview:-1"},"canonical":"https:\/\/imaxilofacial.com\/pt-pt\/medicina-estetica-facial\/medicina-do-corpo-estetica\/plataforma-laser\/","og_locale":"pt_PT","og_type":"article","og_title":"Plataforma Laser - Imaxilofacial Badajoz","og_description":"O que \u00e9 o laser Nd-YAG?\u00a0 H\u00e1 muitos lasers no mercado. O laser Nd-Yag tem o nome do meio laser, neod\u00edmio: granito, \u00edtrio e alum\u00ednio. Este laser foi especificamente concebido para tratar les\u00f5es pigmentadas, les\u00f5es vasculares e tamb\u00e9m pode ajudar a remover tatuagens antigas. Que problemas de pele podemos tratar com o laser Nd-YAG?\u00a0 N\u00e3o [...]","og_url":"https:\/\/imaxilofacial.com\/pt-pt\/medicina-estetica-facial\/medicina-do-corpo-estetica\/plataforma-laser\/","og_site_name":"Instituto Maxilofacial Portugal","article_publisher":"https:\/\/www.facebook.com\/Imaxilofacial-878901768819054\/","article_modified_time":"2022-04-07T14:42:20+00:00","og_image":[{"url":"https:\/\/imaxilofacial.com\/wp-content\/uploads\/2017\/07\/pecas-1-300x247.jpg"}],"twitter_card":"summary","twitter_site":"@BadajozSalud","twitter_misc":{"Tempo estimado de leitura":"3 minutos"},"schema":{"@context":"https:\/\/schema.org","@graph":[{"@type":"WebSite","@id":"https:\/\/imaxilofacial.com\/#website","url":"https:\/\/imaxilofacial.com\/","name":"Instituto Maxilofacial Portugal","description":"Outro site WordPress","potentialAction":[{"@type":"SearchAction","target":{"@type":"EntryPoint","urlTemplate":"https:\/\/imaxilofacial.com\/?s={search_term_string}"},"query-input":"required name=search_term_string"}],"inLanguage":"pt-PT"},{"@type":"ImageObject","@id":"https:\/\/imaxilofacial.com\/pt-pt\/medicina-estetica-facial\/medicina-do-corpo-estetica\/plataforma-laser\/#primaryimage","inLanguage":"pt-PT","url":"https:\/\/imaxilofacial.com\/wp-content\/uploads\/2017\/07\/pecas-1.jpg","contentUrl":"https:\/\/imaxilofacial.com\/wp-content\/uploads\/2017\/07\/pecas-1.jpg","width":485,"height":400},{"@type":"WebPage","@id":"https:\/\/imaxilofacial.com\/pt-pt\/medicina-estetica-facial\/medicina-do-corpo-estetica\/plataforma-laser\/#webpage","url":"https:\/\/imaxilofacial.com\/pt-pt\/medicina-estetica-facial\/medicina-do-corpo-estetica\/plataforma-laser\/","name":"Plataforma Laser - Imaxilofacial Badajoz","isPartOf":{"@id":"https:\/\/imaxilofacial.com\/#website"},"primaryImageOfPage":{"@id":"https:\/\/imaxilofacial.com\/pt-pt\/medicina-estetica-facial\/medicina-do-corpo-estetica\/plataforma-laser\/#primaryimage"},"datePublished":"2022-01-20T08:35:17+00:00","dateModified":"2022-04-07T14:42:20+00:00","breadcrumb":{"@id":"https:\/\/imaxilofacial.com\/pt-pt\/medicina-estetica-facial\/medicina-do-corpo-estetica\/plataforma-laser\/#breadcrumb"},"inLanguage":"pt-PT","potentialAction":[{"@type":"ReadAction","target":["https:\/\/imaxilofacial.com\/pt-pt\/medicina-estetica-facial\/medicina-do-corpo-estetica\/plataforma-laser\/"]}]},{"@type":"BreadcrumbList","@id":"https:\/\/imaxilofacial.com\/pt-pt\/medicina-estetica-facial\/medicina-do-corpo-estetica\/plataforma-laser\/#breadcrumb","itemListElement":[{"@type":"ListItem","position":1,"name":"Instituto Maxilofacial Badajoz","item":"https:\/\/imaxilofacial.com\/pt-pt\/"},{"@type":"ListItem","position":2,"name":"Medicina Est\u00e9tica Facial","item":"https:\/\/imaxilofacial.com\/pt-pt\/medicina-estetica-facial\/"},{"@type":"ListItem","position":3,"name":"Medicina Est\u00e9tica Corporal","item":"https:\/\/imaxilofacial.com\/pt-pt\/medicina-estetica-facial\/medicina-do-corpo-estetica\/"},{"@type":"ListItem","position":4,"name":"Plataforma Laser"}]}]}},"_links":{"self":[{"href":"https:\/\/imaxilofacial.com\/pt-pt\/wp-json\/wp\/v2\/pages\/4095"}],"collection":[{"href":"https:\/\/imaxilofacial.com\/pt-pt\/wp-json\/wp\/v2\/pages"}],"about":[{"href":"https:\/\/imaxilofacial.com\/pt-pt\/wp-json\/wp\/v2\/types\/page"}],"author":[{"embeddable":true,"href":"https:\/\/imaxilofacial.com\/pt-pt\/wp-json\/wp\/v2\/users\/2"}],"replies":[{"embeddable":true,"href":"https:\/\/imaxilofacial.com\/pt-pt\/wp-json\/wp\/v2\/comments?post=4095"}],"version-history":[{"count":3,"href":"https:\/\/imaxilofacial.com\/pt-pt\/wp-json\/wp\/v2\/pages\/4095\/revisions"}],"predecessor-version":[{"id":4830,"href":"https:\/\/imaxilofacial.com\/pt-pt\/wp-json\/wp\/v2\/pages\/4095\/revisions\/4830"}],"up":[{"embeddable":true,"href":"https:\/\/imaxilofacial.com\/pt-pt\/wp-json\/wp\/v2\/pages\/4075"}],"wp:attachment":[{"href":"https:\/\/imaxilofacial.com\/pt-pt\/wp-json\/wp\/v2\/media?parent=4095"}],"curies":[{"name":"wp","href":"https:\/\/api.w.org\/{rel}","templated":true}]}}