{"id":4097,"date":"2022-01-20T08:35:48","date_gmt":"2022-01-20T08:35:48","guid":{"rendered":"https:\/\/imaxilofacial.com\/?page_id=4097"},"modified":"2023-01-11T10:30:09","modified_gmt":"2023-01-11T10:30:09","slug":"radiofrequencia","status":"publish","type":"page","link":"https:\/\/imaxilofacial.com\/pt-pt\/medicina-estetica-facial\/medicina-do-corpo-estetica\/radiofrequencia\/","title":{"rendered":"Radiofrecuencia"},"content":{"rendered":"<p>A radiofrequ\u00eancia facial ou corporal consiste em administrar calor aos tecidos profundos sob a pele a fim de melhorar a fun\u00e7\u00e3o celular, a circula\u00e7\u00e3o sangu\u00ednea, e aumentar a regenera\u00e7\u00e3o do colag\u00e9nio.<\/p>\n<p>La radiofrecuencia a nivel de la dermis, que se encuentra por debajo de la piel, consigue el aumento de la temperatura en las capas profundas obteniendo un efecto tensado de la misma, a la vez que produce una mayor producci\u00f3n y acumulaci\u00f3n de col\u00e1geno. En la grasa subcut\u00e1nea la radiofrecuencia tiene efecto lipol\u00edtico, adem\u00e1s del efecto tensor anterior.\u00a0<span lang=\"es\">As\u00ed podemos resumir que la radiofrecuencia estimula la formaci\u00f3n de fibroblastos , col\u00e1geno y el\u00e1stina, componentes naturales de la piel , responsable de su aspecto externo.<\/span><\/p>\n<p>O tratamento por radiofrequ\u00eancia \u00e9 realizado em sess\u00f5es separadas por algumas semanas. O efeito, embora vis\u00edvel desde a primeira sess\u00e3o, \u00e9 cumulativo, e o efeito m\u00e1ximo \u00e9 alcan\u00e7ado em 4 a 6 sess\u00f5es.\u00a0Ap\u00f3s atingir o efeito desejado, s\u00e3o necess\u00e1rias sess\u00f5es de manuten\u00e7\u00e3o, que, dependendo do tipo de pele e da situa\u00e7\u00e3o inicial, podem ser de uma vez de tr\u00eas em tr\u00eas meses a uma vez por ano.<\/p>\n<p><a href=\"https:\/\/imaxilofacial.com\/wp-content\/uploads\/2015\/09\/14-estetica-facial-y-cirugia.jpg\"><img loading=\"lazy\" class=\"aligncenter size-medium wp-image-3848\" src=\"https:\/\/imaxilofacial.com\/wp-content\/uploads\/2015\/09\/14-estetica-facial-y-cirugia-207x300.jpg\" alt=\"\" width=\"207\" height=\"300\" srcset=\"https:\/\/imaxilofacial.com\/wp-content\/uploads\/2015\/09\/14-estetica-facial-y-cirugia-207x300.jpg 207w, https:\/\/imaxilofacial.com\/wp-content\/uploads\/2015\/09\/14-estetica-facial-y-cirugia-705x1024.jpg 705w, https:\/\/imaxilofacial.com\/wp-content\/uploads\/2015\/09\/14-estetica-facial-y-cirugia.jpg 1012w\" sizes=\"(max-width: 207px) 100vw, 207px\" \/><\/a><\/p>\n<p>Com a radiofrequ\u00eancia conseguimos um efeito de aperto ou eleva\u00e7\u00e3o da pele de intensidade suficiente para que a interven\u00e7\u00e3o cir\u00fargica seja muitas vezes desnecess\u00e1ria. Noutras ocasi\u00f5es, embora uma interven\u00e7\u00e3o possa proporcionar melhores resultados, a radiofrequ\u00eancia \u00e9 escolhida porque \u00e9 um tratamento mais conservador e sem os riscos de uma interven\u00e7\u00e3o. \u00a0A radiofrequ\u00eancia tem resultados muito bons no rosto, onde evita muitos lifting facial em casos de excesso de pele moderado. Na nossa pr\u00e1tica da medicina est\u00e9tica em Badajoz oferecemos um dos melhores sistemas de radiofrequ\u00eancia do mercado, o sistema de radiofrequ\u00eancia eTWo.<\/p>\n<p><span lang=\"es\">O sistema de radiofrequ\u00eancia eTwo combina as aplica\u00e7\u00f5es \u00fanicas Sublime e Sublativo para um rejuvenescimento facial completo.<\/span><\/p>\n<blockquote><div class=\"row\"  id=\"row-648450114\">\n\n\t<div id=\"col-2201067\" class=\"col medium-1\/2 large-6\"  >\n\t\t\t\t<div class=\"col-inner\"  >\n\t\t\t\n\t\t\t\n<p>&nbsp;<\/p>\n<p><em>O modo Sublime utiliza uma combina\u00e7\u00e3o de n\u00edveis seguros e eficazes de luz infravermelha e energias bipolares de radiofrequ\u00eancia para remodelar a camada d\u00e9rmica profunda da pele, estimulando o novo crescimento de colag\u00e9nio.<\/em><\/p>\n\t\t<\/div>\n\t\t\t\t\t<\/div>\n\n\t\n\n\t<div id=\"col-1664744968\" class=\"col medium-1\/2 large-6\"  >\n\t\t\t\t<div class=\"col-inner\"  >\n\t\t\t\n\t\t\t\n<p>&nbsp;<\/p>\n<p><em><span lang=\"es\">Enquanto que a tecnologia de radiofrequ\u00eancia bipolar fraccionada sublativa coloca eficazmente a energia t\u00e9rmica na derme superior, onde pode produzir um aumento significativo tanto no colag\u00e9nio como na elastina com uma perturba\u00e7\u00e3o epid\u00e9rmica m\u00ednima.<\/span><\/em>\t\t<\/div>\n\t\t\t\t\t<\/div>\n\n\t\n<\/div>\n<p>&nbsp;<\/p><\/blockquote>\n<p><span lang=\"es\">\u00bf<\/span><span lang=\"es\">Quais s\u00e3o as principais indica\u00e7\u00f5es para o tratamento com o sistema de radiofrequ\u00eancia eTwo? As principais indica\u00e7\u00f5es para o tratamento com este sistema s\u00e3o as seguintes <\/span>rejuvenescimento facial, estrias de pele e rugas faciais. A redu\u00e7\u00e3o de cicatrizes de acne tamb\u00e9m pode ser conseguida com a radiofrequ\u00eancia.<\/p>\n<p>Quais s\u00e3o as sensa\u00e7\u00f5es que pode ter quando se submete ao tratamento? Em apenas uma sess\u00e3o, os resultados do sistema de radiofrequ\u00eancia j\u00e1 s\u00e3o vis\u00edveis, dando ao rosto uma express\u00e3o mais luminosa e juvenil. O resultado do tratamento ser\u00e1 vis\u00edvel e eficaz em todos os tipos de pele, o tempo de recupera\u00e7\u00e3o ou inactividade ap\u00f3s o tratamento \u00e9 curto, e pode voltar \u00e0 sua actividade habitual no mesmo dia. O tratamento com o sistema E-tow \u00e9 seguro, e a sua aplica\u00e7\u00e3o \u00e9 r\u00e1pida, geralmente com uma dura\u00e7\u00e3o entre 20 &#8211; 40 minutos.<\/p>\n<p><span lang=\"es\">Quais s\u00e3o as principais vantagens do tratamento por radiofrequ\u00eancia eTwo? \u00a0Este sistema \u00fanico de radiofrequ\u00eancia utiliza protocolos de tratamento curtos, nos quais os resultados s\u00e3o r\u00e1pidos de alcan\u00e7ar.<\/span><\/p>\n<p>&nbsp;<\/p>\n<p><iframe loading=\"lazy\" title=\"Introducing eTwo\u2122 Complete Facial Rejuvenation\" width=\"1020\" height=\"574\" src=\"https:\/\/www.youtube.com\/embed\/QC3dVr6oScE?feature=oembed\" frameborder=\"0\" allow=\"accelerometer; autoplay; clipboard-write; encrypted-media; gyroscope; picture-in-picture; web-share\" allowfullscreen><\/iframe><\/p>\n<p>&nbsp;<\/p>\n<p>&nbsp;<\/p>\n<blockquote><p><em>Se desejar informa\u00e7\u00f5es detalhadas sobre rejuvenescimento facial, estrias ou cicatrizes de acne com o sistema de radiofrequ\u00eancia eTwo em Badajoz, pe\u00e7a uma consulta na nossa cirurgia com o nosso especialista em medicina est\u00e9tica, Dr. Monago Lozano, que o informar\u00e1 em pormenor e sem compromisso sobre este tratamento e se \u00e9 a solu\u00e7\u00e3o mais adequada para o seu problema.<\/em><\/p><\/blockquote>\n","protected":false},"excerpt":{"rendered":"<p>A radiofrequ\u00eancia facial ou corporal consiste em administrar calor aos tecidos profundos sob a pele a fim de melhorar a fun\u00e7\u00e3o celular, a circula\u00e7\u00e3o sangu\u00ednea, e aumentar a regenera\u00e7\u00e3o do colag\u00e9nio. La radiofrecuencia a nivel de la dermis, que se encuentra por debajo de la piel, consigue el aumento de la temperatura en las capas [&#8230;]\n","protected":false},"author":2,"featured_media":0,"parent":4075,"menu_order":0,"comment_status":"closed","ping_status":"closed","template":"page-right-sidebar.php","meta":{"_custom_body_class":"","_custom_post_class":""},"acf":[],"yoast_head":"<!-- This site is optimized with the Yoast SEO plugin v18.4.1 - https:\/\/yoast.com\/wordpress\/plugins\/seo\/ -->\n<title>Radiofrecuencia - Imaxilofacial Badajoz<\/title>\n<meta name=\"robots\" content=\"index, follow, max-snippet:-1, max-image-preview:large, max-video-preview:-1\" \/>\n<link rel=\"canonical\" href=\"https:\/\/imaxilofacial.com\/pt-pt\/medicina-estetica-facial\/medicina-do-corpo-estetica\/radiofrequencia\/\" \/>\n<meta property=\"og:locale\" content=\"pt_PT\" \/>\n<meta property=\"og:type\" content=\"article\" \/>\n<meta property=\"og:title\" content=\"Radiofrecuencia - Imaxilofacial Badajoz\" \/>\n<meta property=\"og:description\" content=\"A radiofrequ\u00eancia facial ou corporal consiste em administrar calor aos tecidos profundos sob a pele a fim de melhorar a fun\u00e7\u00e3o celular, a circula\u00e7\u00e3o sangu\u00ednea, e aumentar a regenera\u00e7\u00e3o do colag\u00e9nio. La radiofrecuencia a nivel de la dermis, que se encuentra por debajo de la piel, consigue el aumento de la temperatura en las capas [...]\" \/>\n<meta property=\"og:url\" content=\"https:\/\/imaxilofacial.com\/pt-pt\/medicina-estetica-facial\/medicina-do-corpo-estetica\/radiofrequencia\/\" \/>\n<meta property=\"og:site_name\" content=\"Instituto Maxilofacial Portugal\" \/>\n<meta property=\"article:publisher\" content=\"https:\/\/www.facebook.com\/Imaxilofacial-878901768819054\/\" \/>\n<meta property=\"article:modified_time\" content=\"2023-01-11T10:30:09+00:00\" \/>\n<meta property=\"og:image\" content=\"https:\/\/imaxilofacial.com\/wp-content\/uploads\/2015\/09\/14-estetica-facial-y-cirugia-207x300.jpg\" \/>\n<meta name=\"twitter:card\" content=\"summary\" \/>\n<meta name=\"twitter:site\" content=\"@BadajozSalud\" \/>\n<meta name=\"twitter:label1\" content=\"Tempo estimado de leitura\" \/>\n\t<meta name=\"twitter:data1\" content=\"3 minutos\" \/>\n<script type=\"application\/ld+json\" class=\"yoast-schema-graph\">{\"@context\":\"https:\/\/schema.org\",\"@graph\":[{\"@type\":\"WebSite\",\"@id\":\"https:\/\/imaxilofacial.com\/#website\",\"url\":\"https:\/\/imaxilofacial.com\/\",\"name\":\"Instituto Maxilofacial Portugal\",\"description\":\"Outro site WordPress\",\"potentialAction\":[{\"@type\":\"SearchAction\",\"target\":{\"@type\":\"EntryPoint\",\"urlTemplate\":\"https:\/\/imaxilofacial.com\/?s={search_term_string}\"},\"query-input\":\"required name=search_term_string\"}],\"inLanguage\":\"pt-PT\"},{\"@type\":\"ImageObject\",\"@id\":\"https:\/\/imaxilofacial.com\/pt-pt\/medicina-estetica-facial\/medicina-do-corpo-estetica\/radiofrequencia\/#primaryimage\",\"inLanguage\":\"pt-PT\",\"url\":\"https:\/\/imaxilofacial.com\/wp-content\/uploads\/2015\/09\/14-estetica-facial-y-cirugia.jpg\",\"contentUrl\":\"https:\/\/imaxilofacial.com\/wp-content\/uploads\/2015\/09\/14-estetica-facial-y-cirugia.jpg\",\"width\":1012,\"height\":1470},{\"@type\":\"WebPage\",\"@id\":\"https:\/\/imaxilofacial.com\/pt-pt\/medicina-estetica-facial\/medicina-do-corpo-estetica\/radiofrequencia\/#webpage\",\"url\":\"https:\/\/imaxilofacial.com\/pt-pt\/medicina-estetica-facial\/medicina-do-corpo-estetica\/radiofrequencia\/\",\"name\":\"Radiofrecuencia - Imaxilofacial Badajoz\",\"isPartOf\":{\"@id\":\"https:\/\/imaxilofacial.com\/#website\"},\"primaryImageOfPage\":{\"@id\":\"https:\/\/imaxilofacial.com\/pt-pt\/medicina-estetica-facial\/medicina-do-corpo-estetica\/radiofrequencia\/#primaryimage\"},\"datePublished\":\"2022-01-20T08:35:48+00:00\",\"dateModified\":\"2023-01-11T10:30:09+00:00\",\"breadcrumb\":{\"@id\":\"https:\/\/imaxilofacial.com\/pt-pt\/medicina-estetica-facial\/medicina-do-corpo-estetica\/radiofrequencia\/#breadcrumb\"},\"inLanguage\":\"pt-PT\",\"potentialAction\":[{\"@type\":\"ReadAction\",\"target\":[\"https:\/\/imaxilofacial.com\/pt-pt\/medicina-estetica-facial\/medicina-do-corpo-estetica\/radiofrequencia\/\"]}]},{\"@type\":\"BreadcrumbList\",\"@id\":\"https:\/\/imaxilofacial.com\/pt-pt\/medicina-estetica-facial\/medicina-do-corpo-estetica\/radiofrequencia\/#breadcrumb\",\"itemListElement\":[{\"@type\":\"ListItem\",\"position\":1,\"name\":\"Instituto Maxilofacial Badajoz\",\"item\":\"https:\/\/imaxilofacial.com\/pt-pt\/\"},{\"@type\":\"ListItem\",\"position\":2,\"name\":\"Medicina Est\u00e9tica Facial\",\"item\":\"https:\/\/imaxilofacial.com\/pt-pt\/medicina-estetica-facial\/\"},{\"@type\":\"ListItem\",\"position\":3,\"name\":\"Medicina Est\u00e9tica Corporal\",\"item\":\"https:\/\/imaxilofacial.com\/pt-pt\/medicina-estetica-facial\/medicina-do-corpo-estetica\/\"},{\"@type\":\"ListItem\",\"position\":4,\"name\":\"Radiofrecuencia\"}]}]}<\/script>\n<!-- \/ Yoast SEO plugin. -->","yoast_head_json":{"title":"Radiofrecuencia - Imaxilofacial Badajoz","robots":{"index":"index","follow":"follow","max-snippet":"max-snippet:-1","max-image-preview":"max-image-preview:large","max-video-preview":"max-video-preview:-1"},"canonical":"https:\/\/imaxilofacial.com\/pt-pt\/medicina-estetica-facial\/medicina-do-corpo-estetica\/radiofrequencia\/","og_locale":"pt_PT","og_type":"article","og_title":"Radiofrecuencia - Imaxilofacial Badajoz","og_description":"A radiofrequ\u00eancia facial ou corporal consiste em administrar calor aos tecidos profundos sob a pele a fim de melhorar a fun\u00e7\u00e3o celular, a circula\u00e7\u00e3o sangu\u00ednea, e aumentar a regenera\u00e7\u00e3o do colag\u00e9nio. La radiofrecuencia a nivel de la dermis, que se encuentra por debajo de la piel, consigue el aumento de la temperatura en las capas [...]","og_url":"https:\/\/imaxilofacial.com\/pt-pt\/medicina-estetica-facial\/medicina-do-corpo-estetica\/radiofrequencia\/","og_site_name":"Instituto Maxilofacial Portugal","article_publisher":"https:\/\/www.facebook.com\/Imaxilofacial-878901768819054\/","article_modified_time":"2023-01-11T10:30:09+00:00","og_image":[{"url":"https:\/\/imaxilofacial.com\/wp-content\/uploads\/2015\/09\/14-estetica-facial-y-cirugia-207x300.jpg"}],"twitter_card":"summary","twitter_site":"@BadajozSalud","twitter_misc":{"Tempo estimado de leitura":"3 minutos"},"schema":{"@context":"https:\/\/schema.org","@graph":[{"@type":"WebSite","@id":"https:\/\/imaxilofacial.com\/#website","url":"https:\/\/imaxilofacial.com\/","name":"Instituto Maxilofacial Portugal","description":"Outro site WordPress","potentialAction":[{"@type":"SearchAction","target":{"@type":"EntryPoint","urlTemplate":"https:\/\/imaxilofacial.com\/?s={search_term_string}"},"query-input":"required name=search_term_string"}],"inLanguage":"pt-PT"},{"@type":"ImageObject","@id":"https:\/\/imaxilofacial.com\/pt-pt\/medicina-estetica-facial\/medicina-do-corpo-estetica\/radiofrequencia\/#primaryimage","inLanguage":"pt-PT","url":"https:\/\/imaxilofacial.com\/wp-content\/uploads\/2015\/09\/14-estetica-facial-y-cirugia.jpg","contentUrl":"https:\/\/imaxilofacial.com\/wp-content\/uploads\/2015\/09\/14-estetica-facial-y-cirugia.jpg","width":1012,"height":1470},{"@type":"WebPage","@id":"https:\/\/imaxilofacial.com\/pt-pt\/medicina-estetica-facial\/medicina-do-corpo-estetica\/radiofrequencia\/#webpage","url":"https:\/\/imaxilofacial.com\/pt-pt\/medicina-estetica-facial\/medicina-do-corpo-estetica\/radiofrequencia\/","name":"Radiofrecuencia - Imaxilofacial Badajoz","isPartOf":{"@id":"https:\/\/imaxilofacial.com\/#website"},"primaryImageOfPage":{"@id":"https:\/\/imaxilofacial.com\/pt-pt\/medicina-estetica-facial\/medicina-do-corpo-estetica\/radiofrequencia\/#primaryimage"},"datePublished":"2022-01-20T08:35:48+00:00","dateModified":"2023-01-11T10:30:09+00:00","breadcrumb":{"@id":"https:\/\/imaxilofacial.com\/pt-pt\/medicina-estetica-facial\/medicina-do-corpo-estetica\/radiofrequencia\/#breadcrumb"},"inLanguage":"pt-PT","potentialAction":[{"@type":"ReadAction","target":["https:\/\/imaxilofacial.com\/pt-pt\/medicina-estetica-facial\/medicina-do-corpo-estetica\/radiofrequencia\/"]}]},{"@type":"BreadcrumbList","@id":"https:\/\/imaxilofacial.com\/pt-pt\/medicina-estetica-facial\/medicina-do-corpo-estetica\/radiofrequencia\/#breadcrumb","itemListElement":[{"@type":"ListItem","position":1,"name":"Instituto Maxilofacial Badajoz","item":"https:\/\/imaxilofacial.com\/pt-pt\/"},{"@type":"ListItem","position":2,"name":"Medicina Est\u00e9tica Facial","item":"https:\/\/imaxilofacial.com\/pt-pt\/medicina-estetica-facial\/"},{"@type":"ListItem","position":3,"name":"Medicina Est\u00e9tica Corporal","item":"https:\/\/imaxilofacial.com\/pt-pt\/medicina-estetica-facial\/medicina-do-corpo-estetica\/"},{"@type":"ListItem","position":4,"name":"Radiofrecuencia"}]}]}},"_links":{"self":[{"href":"https:\/\/imaxilofacial.com\/pt-pt\/wp-json\/wp\/v2\/pages\/4097"}],"collection":[{"href":"https:\/\/imaxilofacial.com\/pt-pt\/wp-json\/wp\/v2\/pages"}],"about":[{"href":"https:\/\/imaxilofacial.com\/pt-pt\/wp-json\/wp\/v2\/types\/page"}],"author":[{"embeddable":true,"href":"https:\/\/imaxilofacial.com\/pt-pt\/wp-json\/wp\/v2\/users\/2"}],"replies":[{"embeddable":true,"href":"https:\/\/imaxilofacial.com\/pt-pt\/wp-json\/wp\/v2\/comments?post=4097"}],"version-history":[{"count":4,"href":"https:\/\/imaxilofacial.com\/pt-pt\/wp-json\/wp\/v2\/pages\/4097\/revisions"}],"predecessor-version":[{"id":5546,"href":"https:\/\/imaxilofacial.com\/pt-pt\/wp-json\/wp\/v2\/pages\/4097\/revisions\/5546"}],"up":[{"embeddable":true,"href":"https:\/\/imaxilofacial.com\/pt-pt\/wp-json\/wp\/v2\/pages\/4075"}],"wp:attachment":[{"href":"https:\/\/imaxilofacial.com\/pt-pt\/wp-json\/wp\/v2\/media?parent=4097"}],"curies":[{"name":"wp","href":"https:\/\/api.w.org\/{rel}","templated":true}]}}