{"id":4099,"date":"2022-01-20T08:36:19","date_gmt":"2022-01-20T08:36:19","guid":{"rendered":"https:\/\/imaxilofacial.com\/?page_id=4099"},"modified":"2022-04-07T13:30:34","modified_gmt":"2022-04-07T13:30:34","slug":"mesoterapia-facial","status":"publish","type":"page","link":"https:\/\/imaxilofacial.com\/pt-pt\/medicina-estetica-facial\/mesoterapia-facial\/","title":{"rendered":"Mesoterapia Facial"},"content":{"rendered":"<div class=\"row\"  id=\"row-1568792645\">\n\n\t<div id=\"col-464488935\" class=\"col medium-1\/3 large-4\"  >\n\t\t\t\t<div class=\"col-inner\"  >\n\t\t\t\n\t\t\t\n<figure id=\"attachment_324\" aria-describedby=\"caption-attachment-324\" style=\"width: 300px\" class=\"wp-caption alignleft\"><a href=\"https:\/\/imaxilofacial.com\/wp-content\/uploads\/2015\/09\/cirugia.jpg\"><img loading=\"lazy\" class=\"size-medium wp-image-3845\" src=\"https:\/\/imaxilofacial.com\/wp-content\/uploads\/2015\/09\/cirugia-300x281.jpg\" alt=\"Luminosidad Facial sin Cirug\u00eda\" width=\"300\" height=\"281\" srcset=\"https:\/\/imaxilofacial.com\/wp-content\/uploads\/2015\/09\/cirugia-300x281.jpg 300w, https:\/\/imaxilofacial.com\/wp-content\/uploads\/2015\/09\/cirugia.jpg 512w\" sizes=\"(max-width: 300px) 100vw, 300px\" \/><\/a><figcaption id=\"caption-attachment-324\" class=\"wp-caption-text\">Luminosidad Facial sin Cirug\u00eda<\/figcaption><\/figure>\n\t\t<\/div>\n\t\t\t\t\t<\/div>\n\n\t\n\n\t<div id=\"col-471822650\" class=\"col medium-2\/3 large-8\"  >\n\t\t\t\t<div class=\"col-inner\"  >\n\t\t\t\n\t\t\t\n<p>&nbsp;<\/p>\n<blockquote><p>A mesoterapia facial \u00e9 uma t\u00e9cnica em medicina est\u00e9tica que consiste na aplica\u00e7\u00e3o superficial de uma mistura hidratante, nutritiva e revitalizante \u00e0s c\u00e9lulas da pele.<\/p><\/blockquote>\n<p>&nbsp;<\/p>\n<p>&nbsp;<\/p>\n<p>&nbsp;<\/p>\n\t\t<\/div>\n\t\t\t\t\t<\/div>\n\n\t\n<\/div>\n<p>Dependendo de onde a mesoterapia \u00e9 colocada, podemos distinguir :<\/p>\n<ul>\n<li>Mesoterapia facial para revitalizar el rostro y reducir las arrugas.<\/li>\n<li>Mesoterapia corporal para tratar la celulitis localizada.<\/li>\n<li>Mesoterapia capilar para la p\u00e9rdida de cabello.<\/li>\n<\/ul>\n<p>La mesoterapia facial<\/p>\n<p>A mesoterapia facial ajuda a nutrir e a re-hidratar a pele, promovendo a circula\u00e7\u00e3o sangu\u00ednea.\u00a0A oval facial torna-se luminosa e suave, a pele fica mais lisa. Geralmente, os produtos injectados cont\u00eam vitaminas, oligoelementos e minerais, por vezes aplicamos <u>\u00c1cido Hialur\u00f3nico<\/u>, uma mol\u00e9cula que se encontra naturalmente na pele e que permite acima de tudo ligar a \u00e1gua, recuperando a hidrata\u00e7\u00e3o natural da pele. Quando o \u00e1cido hialur\u00f3nico \u00e9 utilizado como enchimento, restauramos o volume e reduzimos as linhas de express\u00e3o e as rugas.<\/p>\n<p>Usamos uma seringa muito fina ou uma pistola de injec\u00e7\u00e3o descart\u00e1vel. Desta forma, injectamos superficialmente quantidades muito pequenas de um produto seleccionado contendo vitaminas, oligoelementos e minerais em diferentes partes do rosto. As injec\u00e7\u00f5es s\u00e3o frequentemente divididas ao longo das rugas ou ao longo de uma grelha previamente desenhada sobre a pele, dependendo dos efeitos esperados.<\/p>\n<p>A mesoterapia destina-se a pessoas que querem ter uma pele luminosa, re-hidrat\u00e1-la e reduzir as rugas. A mesoterapia facial \u00e9 particularmente indicada para pele fina, seca, desidratada e seca, tal como a dos fumadores. Estas peles s\u00e3o marcadas por sinais de envelhecimento da pele, especialmente rugas.<\/p>\n<p>Geralmente recomendamos v\u00e1rias sess\u00f5es de mesoterapia facial, os resultados s\u00e3o muitas vezes vis\u00edveis desde a primeira sess\u00e3o. A curto prazo, a pele est\u00e1 mais hidratada e mais tonificada. A longo prazo, o tom torna-se mais uniforme e a pele \u00e9 mais apertada. Para um efeito a longo prazo, \u00e9 recomendado um tratamento de manuten\u00e7\u00e3o completo.<\/p>\n<p>Nenhuma prepara\u00e7\u00e3o \u00e9 realmente necess\u00e1ria antes de uma sess\u00e3o de mesoterapia. Se tiver uma pele muito sens\u00edvel, pode pedir a aplica\u00e7\u00e3o local de um creme anest\u00e9sico que ir\u00e1 reduzir as sensa\u00e7\u00f5es dolorosas durante as aplica\u00e7\u00f5es. As agulhas utilizadas s\u00e3o muito finas e o tratamento \u00e9 praticamente indolor. A mesoterapia facial geralmente n\u00e3o implica a cessa\u00e7\u00e3o das actividades di\u00e1rias. Por vezes pode aparecer vermelhid\u00e3o, mas isto n\u00e3o impede o recome\u00e7o das actividades normais no mesmo dia.<\/p>\n<p>As sess\u00f5es duram normalmente entre 15 e 30 minutos. As injec\u00e7\u00f5es s\u00e3o realizadas em parte ou na totalidade do rosto, mas a mesoterapia tamb\u00e9m pode ser aplicada em \u00e1reas localizadas do corpo. Podemos combinar a mesoterapia facial com outros tratamentos, tais como injec\u00e7\u00f5es de \u00e1cido hialur\u00f3nico, esta mol\u00e9cula, capaz de ligar \u00e1gua, \u00e9 frequentemente utilizada para restaurar o volume, suavizar ou atenuar linhas de express\u00e3o e rugas, ou toxina botul\u00ednica. Ao contr\u00e1rio da mesoterapia, os produtos de enchimento e a toxina botul\u00ednica abordam principalmente a redu\u00e7\u00e3o do volume e das rugas, mas t\u00eam pouco efeito na tonalidade ou luminosidade da pele. A mesoterapia facial pode uniformizar o tom, restaurar a radi\u00e2ncia e reduzir linhas finas e rugas, enquanto que o laser, o peeling ou a dermoabras\u00e3o podem ser usados ao mesmo tempo.<\/p>\n<p>Estas tr\u00eas t\u00e9cnicas funcionam da mesma maneira. Removem parte ou todas as camadas superficiais da pele atrav\u00e9s de efeitos t\u00e9rmicos, qu\u00edmicos ou mec\u00e2nicos, o que desencadeia a renova\u00e7\u00e3o da epiderme. A pele \u00e9 alisada e \u00e9 tamb\u00e9m mais clara e brilhante. Ao contr\u00e1rio da mesoterapia, estas t\u00e9cnicas s\u00e3o mais agressivas, e a cura leva v\u00e1rios dias.<\/p>\n<p>As contra-indica\u00e7\u00f5es \u00e0 mesoterapia facial ou corporal s\u00e3o excepcionais. Geralmente, a mesoterapia facial n\u00e3o \u00e9 recomendada para pessoas que tomam anticoagulantes, uma vez que pode haver risco de hemorragia durante as injec\u00e7\u00f5es. \u00c9 tamb\u00e9m necess\u00e1rio que a pele esteja livre de infec\u00e7\u00f5es e que as pessoas que desejem utilizar a mesoterapia facial sejam informadas dos riscos de alergia aos produtos. Como medida de precau\u00e7\u00e3o, as mulheres gr\u00e1vidas s\u00e3o aconselhadas a esperar at\u00e9 ao final da sua gravidez para se submeterem a sess\u00f5es de mesoterapia facial.<\/p>\n<p>Ap\u00f3s o tratamento de mesoterapia, pode continuar com os tratamentos habituais de manuten\u00e7\u00e3o da pele: limpeza, remo\u00e7\u00e3o de maquilhagem, hidrata\u00e7\u00e3o e protec\u00e7\u00e3o. A partir do terceiro ou quarto dia, a sua pele pode apresentar ligeiras descama\u00e7\u00f5es: um bom hidratante \u00e9 normalmente suficiente para mascarar este pequeno inconveniente.<\/p>\n<blockquote><p>No <a href=\"https:\/\/imaxilofacial.com\/contacto\/\">consulta<\/a> com o nosso m\u00e9dico est\u00e9tico do Instituto Maxillofacial, dar-lhe-emos as melhores recomenda\u00e7\u00f5es para a escolha do tratamento mais adequado ao seu caso.<\/p><\/blockquote>\n","protected":false},"excerpt":{"rendered":"<p>Dependendo de onde a mesoterapia \u00e9 colocada, podemos distinguir : Mesoterapia facial para revitalizar el rostro y reducir las arrugas. Mesoterapia corporal para tratar la celulitis localizada. Mesoterapia capilar para la p\u00e9rdida de cabello. La mesoterapia facial A mesoterapia facial ajuda a nutrir e a re-hidratar a pele, promovendo a circula\u00e7\u00e3o sangu\u00ednea.\u00a0A oval facial torna-se [&#8230;]\n","protected":false},"author":2,"featured_media":0,"parent":4033,"menu_order":0,"comment_status":"closed","ping_status":"closed","template":"page-right-sidebar.php","meta":{"_custom_body_class":"","_custom_post_class":""},"acf":[],"yoast_head":"<!-- This site is optimized with the Yoast SEO plugin v18.4.1 - https:\/\/yoast.com\/wordpress\/plugins\/seo\/ -->\n<title>Mesoterapia Facial - Imaxilofacial Badajoz<\/title>\n<meta name=\"robots\" content=\"index, follow, max-snippet:-1, max-image-preview:large, max-video-preview:-1\" \/>\n<link rel=\"canonical\" href=\"https:\/\/imaxilofacial.com\/pt-pt\/medicina-estetica-facial\/mesoterapia-facial\/\" \/>\n<meta property=\"og:locale\" content=\"pt_PT\" \/>\n<meta property=\"og:type\" content=\"article\" \/>\n<meta property=\"og:title\" content=\"Mesoterapia Facial - Imaxilofacial Badajoz\" \/>\n<meta property=\"og:description\" content=\"Dependendo de onde a mesoterapia \u00e9 colocada, podemos distinguir : Mesoterapia facial para revitalizar el rostro y reducir las arrugas. Mesoterapia corporal para tratar la celulitis localizada. Mesoterapia capilar para la p\u00e9rdida de cabello. La mesoterapia facial A mesoterapia facial ajuda a nutrir e a re-hidratar a pele, promovendo a circula\u00e7\u00e3o sangu\u00ednea.\u00a0A oval facial torna-se [...]\" \/>\n<meta property=\"og:url\" content=\"https:\/\/imaxilofacial.com\/pt-pt\/medicina-estetica-facial\/mesoterapia-facial\/\" \/>\n<meta property=\"og:site_name\" content=\"Instituto Maxilofacial Portugal\" \/>\n<meta property=\"article:publisher\" content=\"https:\/\/www.facebook.com\/Imaxilofacial-878901768819054\/\" \/>\n<meta property=\"article:modified_time\" content=\"2022-04-07T13:30:34+00:00\" \/>\n<meta property=\"og:image\" content=\"https:\/\/imaxilofacial.com\/wp-content\/uploads\/2015\/09\/cirugia-300x281.jpg\" \/>\n<meta name=\"twitter:card\" content=\"summary\" \/>\n<meta name=\"twitter:site\" content=\"@BadajozSalud\" \/>\n<meta name=\"twitter:label1\" content=\"Tempo estimado de leitura\" \/>\n\t<meta name=\"twitter:data1\" content=\"4 minutos\" \/>\n<script type=\"application\/ld+json\" class=\"yoast-schema-graph\">{\"@context\":\"https:\/\/schema.org\",\"@graph\":[{\"@type\":\"WebSite\",\"@id\":\"https:\/\/imaxilofacial.com\/#website\",\"url\":\"https:\/\/imaxilofacial.com\/\",\"name\":\"Instituto Maxilofacial Portugal\",\"description\":\"Outro site WordPress\",\"potentialAction\":[{\"@type\":\"SearchAction\",\"target\":{\"@type\":\"EntryPoint\",\"urlTemplate\":\"https:\/\/imaxilofacial.com\/?s={search_term_string}\"},\"query-input\":\"required name=search_term_string\"}],\"inLanguage\":\"pt-PT\"},{\"@type\":\"ImageObject\",\"@id\":\"https:\/\/imaxilofacial.com\/pt-pt\/medicina-estetica-facial\/mesoterapia-facial\/#primaryimage\",\"inLanguage\":\"pt-PT\",\"url\":\"https:\/\/imaxilofacial.com\/wp-content\/uploads\/2015\/09\/cirugia.jpg\",\"contentUrl\":\"https:\/\/imaxilofacial.com\/wp-content\/uploads\/2015\/09\/cirugia.jpg\",\"width\":512,\"height\":480,\"caption\":\"Luminosidad Facial sin Cirug\u00eda\"},{\"@type\":\"WebPage\",\"@id\":\"https:\/\/imaxilofacial.com\/pt-pt\/medicina-estetica-facial\/mesoterapia-facial\/#webpage\",\"url\":\"https:\/\/imaxilofacial.com\/pt-pt\/medicina-estetica-facial\/mesoterapia-facial\/\",\"name\":\"Mesoterapia Facial - Imaxilofacial Badajoz\",\"isPartOf\":{\"@id\":\"https:\/\/imaxilofacial.com\/#website\"},\"primaryImageOfPage\":{\"@id\":\"https:\/\/imaxilofacial.com\/pt-pt\/medicina-estetica-facial\/mesoterapia-facial\/#primaryimage\"},\"datePublished\":\"2022-01-20T08:36:19+00:00\",\"dateModified\":\"2022-04-07T13:30:34+00:00\",\"breadcrumb\":{\"@id\":\"https:\/\/imaxilofacial.com\/pt-pt\/medicina-estetica-facial\/mesoterapia-facial\/#breadcrumb\"},\"inLanguage\":\"pt-PT\",\"potentialAction\":[{\"@type\":\"ReadAction\",\"target\":[\"https:\/\/imaxilofacial.com\/pt-pt\/medicina-estetica-facial\/mesoterapia-facial\/\"]}]},{\"@type\":\"BreadcrumbList\",\"@id\":\"https:\/\/imaxilofacial.com\/pt-pt\/medicina-estetica-facial\/mesoterapia-facial\/#breadcrumb\",\"itemListElement\":[{\"@type\":\"ListItem\",\"position\":1,\"name\":\"Instituto Maxilofacial Badajoz\",\"item\":\"https:\/\/imaxilofacial.com\/pt-pt\/\"},{\"@type\":\"ListItem\",\"position\":2,\"name\":\"Medicina Est\u00e9tica Facial\",\"item\":\"https:\/\/imaxilofacial.com\/pt-pt\/medicina-estetica-facial\/\"},{\"@type\":\"ListItem\",\"position\":3,\"name\":\"Mesoterapia Facial\"}]}]}<\/script>\n<!-- \/ Yoast SEO plugin. -->","yoast_head_json":{"title":"Mesoterapia Facial - Imaxilofacial Badajoz","robots":{"index":"index","follow":"follow","max-snippet":"max-snippet:-1","max-image-preview":"max-image-preview:large","max-video-preview":"max-video-preview:-1"},"canonical":"https:\/\/imaxilofacial.com\/pt-pt\/medicina-estetica-facial\/mesoterapia-facial\/","og_locale":"pt_PT","og_type":"article","og_title":"Mesoterapia Facial - Imaxilofacial Badajoz","og_description":"Dependendo de onde a mesoterapia \u00e9 colocada, podemos distinguir : Mesoterapia facial para revitalizar el rostro y reducir las arrugas. Mesoterapia corporal para tratar la celulitis localizada. Mesoterapia capilar para la p\u00e9rdida de cabello. La mesoterapia facial A mesoterapia facial ajuda a nutrir e a re-hidratar a pele, promovendo a circula\u00e7\u00e3o sangu\u00ednea.\u00a0A oval facial torna-se [...]","og_url":"https:\/\/imaxilofacial.com\/pt-pt\/medicina-estetica-facial\/mesoterapia-facial\/","og_site_name":"Instituto Maxilofacial Portugal","article_publisher":"https:\/\/www.facebook.com\/Imaxilofacial-878901768819054\/","article_modified_time":"2022-04-07T13:30:34+00:00","og_image":[{"url":"https:\/\/imaxilofacial.com\/wp-content\/uploads\/2015\/09\/cirugia-300x281.jpg"}],"twitter_card":"summary","twitter_site":"@BadajozSalud","twitter_misc":{"Tempo estimado de leitura":"4 minutos"},"schema":{"@context":"https:\/\/schema.org","@graph":[{"@type":"WebSite","@id":"https:\/\/imaxilofacial.com\/#website","url":"https:\/\/imaxilofacial.com\/","name":"Instituto Maxilofacial Portugal","description":"Outro site WordPress","potentialAction":[{"@type":"SearchAction","target":{"@type":"EntryPoint","urlTemplate":"https:\/\/imaxilofacial.com\/?s={search_term_string}"},"query-input":"required name=search_term_string"}],"inLanguage":"pt-PT"},{"@type":"ImageObject","@id":"https:\/\/imaxilofacial.com\/pt-pt\/medicina-estetica-facial\/mesoterapia-facial\/#primaryimage","inLanguage":"pt-PT","url":"https:\/\/imaxilofacial.com\/wp-content\/uploads\/2015\/09\/cirugia.jpg","contentUrl":"https:\/\/imaxilofacial.com\/wp-content\/uploads\/2015\/09\/cirugia.jpg","width":512,"height":480,"caption":"Luminosidad Facial sin Cirug\u00eda"},{"@type":"WebPage","@id":"https:\/\/imaxilofacial.com\/pt-pt\/medicina-estetica-facial\/mesoterapia-facial\/#webpage","url":"https:\/\/imaxilofacial.com\/pt-pt\/medicina-estetica-facial\/mesoterapia-facial\/","name":"Mesoterapia Facial - Imaxilofacial Badajoz","isPartOf":{"@id":"https:\/\/imaxilofacial.com\/#website"},"primaryImageOfPage":{"@id":"https:\/\/imaxilofacial.com\/pt-pt\/medicina-estetica-facial\/mesoterapia-facial\/#primaryimage"},"datePublished":"2022-01-20T08:36:19+00:00","dateModified":"2022-04-07T13:30:34+00:00","breadcrumb":{"@id":"https:\/\/imaxilofacial.com\/pt-pt\/medicina-estetica-facial\/mesoterapia-facial\/#breadcrumb"},"inLanguage":"pt-PT","potentialAction":[{"@type":"ReadAction","target":["https:\/\/imaxilofacial.com\/pt-pt\/medicina-estetica-facial\/mesoterapia-facial\/"]}]},{"@type":"BreadcrumbList","@id":"https:\/\/imaxilofacial.com\/pt-pt\/medicina-estetica-facial\/mesoterapia-facial\/#breadcrumb","itemListElement":[{"@type":"ListItem","position":1,"name":"Instituto Maxilofacial Badajoz","item":"https:\/\/imaxilofacial.com\/pt-pt\/"},{"@type":"ListItem","position":2,"name":"Medicina Est\u00e9tica Facial","item":"https:\/\/imaxilofacial.com\/pt-pt\/medicina-estetica-facial\/"},{"@type":"ListItem","position":3,"name":"Mesoterapia Facial"}]}]}},"_links":{"self":[{"href":"https:\/\/imaxilofacial.com\/pt-pt\/wp-json\/wp\/v2\/pages\/4099"}],"collection":[{"href":"https:\/\/imaxilofacial.com\/pt-pt\/wp-json\/wp\/v2\/pages"}],"about":[{"href":"https:\/\/imaxilofacial.com\/pt-pt\/wp-json\/wp\/v2\/types\/page"}],"author":[{"embeddable":true,"href":"https:\/\/imaxilofacial.com\/pt-pt\/wp-json\/wp\/v2\/users\/2"}],"replies":[{"embeddable":true,"href":"https:\/\/imaxilofacial.com\/pt-pt\/wp-json\/wp\/v2\/comments?post=4099"}],"version-history":[{"count":3,"href":"https:\/\/imaxilofacial.com\/pt-pt\/wp-json\/wp\/v2\/pages\/4099\/revisions"}],"predecessor-version":[{"id":4678,"href":"https:\/\/imaxilofacial.com\/pt-pt\/wp-json\/wp\/v2\/pages\/4099\/revisions\/4678"}],"up":[{"embeddable":true,"href":"https:\/\/imaxilofacial.com\/pt-pt\/wp-json\/wp\/v2\/pages\/4033"}],"wp:attachment":[{"href":"https:\/\/imaxilofacial.com\/pt-pt\/wp-json\/wp\/v2\/media?parent=4099"}],"curies":[{"name":"wp","href":"https:\/\/api.w.org\/{rel}","templated":true}]}}