{"id":4101,"date":"2022-01-20T08:37:32","date_gmt":"2022-01-20T08:37:32","guid":{"rendered":"https:\/\/imaxilofacial.com\/?page_id=4101"},"modified":"2023-01-11T10:06:50","modified_gmt":"2023-01-11T10:06:50","slug":"peeling-quimico","status":"publish","type":"page","link":"https:\/\/imaxilofacial.com\/pt-pt\/medicina-estetica-facial\/peeling-quimico\/","title":{"rendered":"Cascas Qu\u00edmicas"},"content":{"rendered":"<div class=\"row\"  id=\"row-2048112113\">\n\n\t<div id=\"col-1930300531\" class=\"col medium-4 large-4\"  >\n\t\t\t\t<div class=\"col-inner\"  >\n\t\t\t\n\t\t\t\n<figure id=\"attachment_4849\" aria-describedby=\"caption-attachment-4849\" style=\"width: 300px\" class=\"wp-caption alignleft\"><a href=\"https:\/\/imaxilofacial.com\/wp-content\/uploads\/2017\/08\/Exfoliaci%C3%B3n-qu%C3%ADmica.jpg\"><img loading=\"lazy\" class=\"size-medium wp-image-1522\" src=\"https:\/\/imaxilofacial.com\/wp-content\/uploads\/2017\/08\/Exfoliaci%C3%B3n-qu%C3%ADmica-300x208.jpg\" alt=\"Tratamento para o rejuvenescimento facial.\" width=\"300\" height=\"208\"><\/a><figcaption id=\"caption-attachment-4849\" class=\"wp-caption-text\">Tratamento para o rejuvenescimento facial.<\/figcaption><\/figure>\n\t\t<\/div>\n\t\t\t\t\t<\/div>\n\n\t\n\n\t<div id=\"col-1397693339\" class=\"col medium-8 large-8\"  >\n\t\t\t\t<div class=\"col-inner\"  >\n\t\t\t\n\t\t\t\n<blockquote>\n<p style=\"text-align: left;\">O Peeling Qu\u00edmico \u00e9 um tratamento m\u00e9dico n\u00e3o cir\u00fargico indicado para melhorar a apar\u00eancia da pele. Atrav\u00e9s do Peeling Qu\u00edmico, conseguimos uma renova\u00e7\u00e3o global da pele celular, com atenua\u00e7\u00e3o de les\u00f5es e defeitos da pele, tais como manchas, rugas finas, poros alargados, cicatrizes, e ainda a melhoria no tom, cor e textura da pele.<\/p>\n<\/blockquote>\n\t\t<\/div>\n\t\t\t\t\n<style>\n#col-1397693339 > .col-inner {\n  margin: 0px 0px -1px 0px;\n}\n<\/style>\n\t<\/div>\n\n\t\n<\/div>\n<p>O Descasque Qu\u00edmico \u00e9 um dos procedimentos cosm\u00e9ticos mais antigos do mundo, j\u00e1 foi realizado no Antigo Egito, Gr\u00e9cia e Roma para ajudar as pessoas a alcan\u00e7ar uma pele mais suave e bonita. Normalmente administrada como uma casca facial, uma casca qu\u00edmica melhora e suaviza a textura da pele. \u00c9 um tratamento eficaz para manchas faciais, rugas e pigmenta\u00e7\u00e3o irregular da pele. Esfolia as camadas exteriores da pele morta, revelando uma nova camada de pele com um tom, textura e cor melhorados.<\/p>\n<span class=\"collapseomatic \" id=\"id69ed66aaa030b\"  tabindex=\"0\" title=\"Leer m\u00e1s\"    >Leer m\u00e1s<\/span><div id=\"target-id69ed66aaa030b\" class=\"collapseomatic_content \">\n<p style=\"text-align: left;\">O Facial Chemical Peel \u00e9 amplamente utilizado pela sua capacidade de proporcionar um benef\u00edcio est\u00e9tico e terap\u00eautico \u00e0 pele com um r\u00e1pido per\u00edodo de recupera\u00e7\u00e3o. Existem at\u00e9 variedades de tratamento, como os \u00e1cidos alfa hidroxi, que s\u00e3o chamados peels ou &#8220;Peels Qu\u00edmicos&#8221; na hora da refei\u00e7\u00e3o, devido \u00e0 inflama\u00e7\u00e3o m\u00ednima que aparece ap\u00f3s a realiza\u00e7\u00e3o do mesmo. O peeling qu\u00edmico \u00e9 um m\u00e9todo para modificar a superf\u00edcie da pele. Causamos uma abras\u00e3o superficial do mesmo, substituindo toda a parte superficial do mesmo ou epiderme e assim conseguimos a remodela\u00e7\u00e3o do colag\u00e9nio que ajuda a melhorar a fotoles\u00e3o, rugas da pele, anomalias de pigmenta\u00e7\u00e3o e cura da pele.<\/p>\n<p>Para realizar o Peeling Qu\u00edmico usamos um conjunto de subst\u00e2ncias e \u00e1cidos combinados em concentra\u00e7\u00f5es muito precisas que s\u00e3o aplicadas \u00e0 epiderme do rosto e atuam osmoticamente regenerando as c\u00e9lulas e atenuando assim as manchas melanicas da pele. O profissional de medicina est\u00e9tica determina em cada caso qual \u00e9 a descasque qu\u00edmica mais adequada e a frequ\u00eancia do tratamento.<br \/>\nAs cascas qu\u00edmicas s\u00e3o especialmente recomendadas para obter resultados em:<\/p>\n<p>Efeito anti-envelhecimento, estimulando a mudan\u00e7a celular.<br \/>\nRedu\u00e7\u00e3o de rugas finas e dilata\u00e7\u00e3o porosa.<br \/>\nHiperpigmenta\u00e7\u00f5es.<br \/>\nHomogeneiza\u00e7\u00e3o da colora\u00e7\u00e3o da pele.<br \/>\nAcne, atua como um antiseborrreico e comedol\u00edtico.<\/p>\n<\/div>\n<p><\/br><\/p>\n<p>Mas nem todas as pessoas podem ser submetidas a um Peeling Qu\u00edmico, uma vez que este tratamento n\u00e3o \u00e9 recomendado no caso de Skins com um fototipo elevado, Les\u00f5es na \u00e1rea a serem tratadas (feridas, infe\u00e7\u00f5es bacterianas ou vitais), alergia ou intoler\u00e2ncia a qualquer componente ou nas ocasi\u00f5es em que Roacutan foi tomado nos \u00faltimos 6 meses.<\/p>\n<p><a href=\"https:\/\/imaxilofacial.com\/wp-content\/uploads\/2017\/08\/Peeling-Qu%C3%ADmicos.-e1536855403677.jpg\"><img loading=\"lazy\" class=\"aligncenter wp-image-1519 size-medium\" src=\"https:\/\/imaxilofacial.com\/wp-content\/uploads\/2017\/08\/Peeling-Qu%C3%ADmicos.-300x183.jpg\" alt=\"\" width=\"300\" height=\"183\"><\/a><\/p>\n<p>No Instituto Maxillofacial temos tr\u00eas tipos de descasque (rejuvenescimento, acne ou descarocimento). \u00c9 o m\u00e9dico est\u00e9tico que ir\u00e1 determinar o tratamento mais indicado para cada caso em particular, podemos dizer que no Descascador de Rejuvenescimento, o tratamento consiste na aplica\u00e7\u00e3o de produtos em 3 sess\u00f5es. Descasque de acne: o tratamento completo consiste na aplica\u00e7\u00e3o de 6 sess\u00f5es. Enquanto o descasque \u00e9 o tratamento ideal, ap\u00f3s exposi\u00e7\u00e3o prolongada ao sol que est\u00e1 associada ao aparecimento de hiper-hipopigmenta\u00e7\u00e3o da pele facial.<\/p>\n<span class=\"collapseomatic \" id=\"id69ed66aaa03ab\"  tabindex=\"0\" title=\"Leer m\u00e1s\"    >Leer m\u00e1s<\/span><div id=\"target-id69ed66aaa03ab\" class=\"collapseomatic_content \">\n<p>Os efeitos come\u00e7am a ser apreciados 21 dias a partir da primeira aplica\u00e7\u00e3o e s\u00e3o mantidos por um per\u00edodo de 6 meses na casca de rejuvenescimento e no caso da casca de despigmenta\u00e7\u00e3o com a manuten\u00e7\u00e3o recomendada indefinidamente.<\/p>\n<p>\u00c9 comum que durante os dias seguintes ao tratamento possa aparecer: erythema, calor local, edema ligeiro nas p\u00e1lpebras e descasque do rosto em maior ou menor grau. Geralmente s\u00e3o efeitos colaterais leves. Para obter os melhores resultados, ap\u00f3s a fase de descasca qu\u00edmica, devem ser seguidas as seguintes recomenda\u00e7\u00f5es:<\/p>\n<p>Prote\u00e7\u00e3o solar a cada 2 horas durante a exposi\u00e7\u00e3o solar.<br \/>\nHidratar a pele diariamente ou a pedido.<br \/>\nUtiliza\u00e7\u00e3o da maquilhagem nas 24 a 48 horas ap\u00f3s a descascagem s\u00f3 \u00e9 realizada se for muito necess\u00e1rio<br \/>\nEvite qualquer tratamento com laser IPL, radiofrequ\u00eancia ou qualquer outro tratamento que gere calor no rosto.<br \/>\nN\u00e3o lave o rosto com \u00e1gua quente, de prefer\u00eancia com \u00e1gua doce.<\/p>\n<\/div>\n<p><\/br><\/p>\n<blockquote>\n<p>Se quiser rejuvenescer a sua apar\u00eancia facial, obtendo uma pele mais suave e brilhante, solicite uma consulta no Instituto Maxillofacial, onde os melhores profissionais lhe podem dar a melhor solu\u00e7\u00e3o.<\/p>\n<\/blockquote>\n","protected":false},"excerpt":{"rendered":"<p>O Descasque Qu\u00edmico \u00e9 um dos procedimentos cosm\u00e9ticos mais antigos do mundo, j\u00e1 foi realizado no Antigo Egito, Gr\u00e9cia e Roma para ajudar as pessoas a alcan\u00e7ar uma pele mais suave e bonita. Normalmente administrada como uma casca facial, uma casca qu\u00edmica melhora e suaviza a textura da pele. \u00c9 um tratamento eficaz para manchas [&#8230;]\n","protected":false},"author":2,"featured_media":0,"parent":4033,"menu_order":0,"comment_status":"closed","ping_status":"closed","template":"page-right-sidebar.php","meta":{"_custom_body_class":"","_custom_post_class":""},"acf":[],"yoast_head":"<!-- This site is optimized with the Yoast SEO plugin v18.4.1 - https:\/\/yoast.com\/wordpress\/plugins\/seo\/ -->\n<title>Cascas Qu\u00edmicas - Imaxilofacial Badajoz<\/title>\n<meta name=\"description\" content=\"Esfolia\u00e7\u00e3o facial da pele, descasque facial, despigmenta\u00e7\u00e3o facial, rejuvenescimento facial n\u00e3o cir\u00fargico, rejuvenescimento facial qu\u00edmico. Manchas solares, hiperpigmenta\u00e7\u00e3o facial.\" \/>\n<meta name=\"robots\" content=\"index, follow, max-snippet:-1, max-image-preview:large, max-video-preview:-1\" \/>\n<link rel=\"canonical\" href=\"https:\/\/imaxilofacial.com\/pt-pt\/medicina-estetica-facial\/peeling-quimico\/\" \/>\n<meta property=\"og:locale\" content=\"pt_PT\" \/>\n<meta property=\"og:type\" content=\"article\" \/>\n<meta property=\"og:title\" content=\"Cascas Qu\u00edmicas - Imaxilofacial Badajoz\" \/>\n<meta property=\"og:description\" content=\"Esfolia\u00e7\u00e3o facial da pele, descasque facial, despigmenta\u00e7\u00e3o facial, rejuvenescimento facial n\u00e3o cir\u00fargico, rejuvenescimento facial qu\u00edmico. Manchas solares, hiperpigmenta\u00e7\u00e3o facial.\" \/>\n<meta property=\"og:url\" content=\"https:\/\/imaxilofacial.com\/pt-pt\/medicina-estetica-facial\/peeling-quimico\/\" \/>\n<meta property=\"og:site_name\" content=\"Instituto Maxilofacial Portugal\" \/>\n<meta property=\"article:publisher\" content=\"https:\/\/www.facebook.com\/Imaxilofacial-878901768819054\/\" \/>\n<meta property=\"article:modified_time\" content=\"2023-01-11T10:06:50+00:00\" \/>\n<meta property=\"og:image\" content=\"https:\/\/imaxilofacial.com\/wp-content\/uploads\/2017\/08\/Exfoliaci%C3%B3n-qu%C3%ADmica-300x208.jpg\" \/>\n<meta name=\"twitter:card\" content=\"summary\" \/>\n<meta name=\"twitter:site\" content=\"@BadajozSalud\" \/>\n<meta name=\"twitter:label1\" content=\"Tempo estimado de leitura\" \/>\n\t<meta name=\"twitter:data1\" content=\"4 minutos\" \/>\n<script type=\"application\/ld+json\" class=\"yoast-schema-graph\">{\"@context\":\"https:\/\/schema.org\",\"@graph\":[{\"@type\":\"WebSite\",\"@id\":\"https:\/\/imaxilofacial.com\/#website\",\"url\":\"https:\/\/imaxilofacial.com\/\",\"name\":\"Instituto Maxilofacial Portugal\",\"description\":\"Outro site WordPress\",\"potentialAction\":[{\"@type\":\"SearchAction\",\"target\":{\"@type\":\"EntryPoint\",\"urlTemplate\":\"https:\/\/imaxilofacial.com\/?s={search_term_string}\"},\"query-input\":\"required name=search_term_string\"}],\"inLanguage\":\"pt-PT\"},{\"@type\":\"ImageObject\",\"@id\":\"https:\/\/imaxilofacial.com\/pt-pt\/medicina-estetica-facial\/peeling-quimico\/#primaryimage\",\"inLanguage\":\"pt-PT\",\"url\":\"https:\/\/imaxilofacial.com\/wp-content\/uploads\/2017\/08\/Exfoliaci%C3%B3n-qu%C3%ADmica-300x208.jpg\",\"contentUrl\":\"https:\/\/imaxilofacial.com\/wp-content\/uploads\/2017\/08\/Exfoliaci%C3%B3n-qu%C3%ADmica-300x208.jpg\"},{\"@type\":\"WebPage\",\"@id\":\"https:\/\/imaxilofacial.com\/pt-pt\/medicina-estetica-facial\/peeling-quimico\/#webpage\",\"url\":\"https:\/\/imaxilofacial.com\/pt-pt\/medicina-estetica-facial\/peeling-quimico\/\",\"name\":\"Cascas Qu\u00edmicas - Imaxilofacial Badajoz\",\"isPartOf\":{\"@id\":\"https:\/\/imaxilofacial.com\/#website\"},\"primaryImageOfPage\":{\"@id\":\"https:\/\/imaxilofacial.com\/pt-pt\/medicina-estetica-facial\/peeling-quimico\/#primaryimage\"},\"datePublished\":\"2022-01-20T08:37:32+00:00\",\"dateModified\":\"2023-01-11T10:06:50+00:00\",\"description\":\"Esfolia\u00e7\u00e3o facial da pele, descasque facial, despigmenta\u00e7\u00e3o facial, rejuvenescimento facial n\u00e3o cir\u00fargico, rejuvenescimento facial qu\u00edmico. Manchas solares, hiperpigmenta\u00e7\u00e3o facial.\",\"breadcrumb\":{\"@id\":\"https:\/\/imaxilofacial.com\/pt-pt\/medicina-estetica-facial\/peeling-quimico\/#breadcrumb\"},\"inLanguage\":\"pt-PT\",\"potentialAction\":[{\"@type\":\"ReadAction\",\"target\":[\"https:\/\/imaxilofacial.com\/pt-pt\/medicina-estetica-facial\/peeling-quimico\/\"]}]},{\"@type\":\"BreadcrumbList\",\"@id\":\"https:\/\/imaxilofacial.com\/pt-pt\/medicina-estetica-facial\/peeling-quimico\/#breadcrumb\",\"itemListElement\":[{\"@type\":\"ListItem\",\"position\":1,\"name\":\"Instituto Maxilofacial Badajoz\",\"item\":\"https:\/\/imaxilofacial.com\/pt-pt\/\"},{\"@type\":\"ListItem\",\"position\":2,\"name\":\"Medicina Est\u00e9tica Facial\",\"item\":\"https:\/\/imaxilofacial.com\/pt-pt\/medicina-estetica-facial\/\"},{\"@type\":\"ListItem\",\"position\":3,\"name\":\"Cascas Qu\u00edmicas\"}]}]}<\/script>\n<!-- \/ Yoast SEO plugin. -->","yoast_head_json":{"title":"Cascas Qu\u00edmicas - Imaxilofacial Badajoz","description":"Esfolia\u00e7\u00e3o facial da pele, descasque facial, despigmenta\u00e7\u00e3o facial, rejuvenescimento facial n\u00e3o cir\u00fargico, rejuvenescimento facial qu\u00edmico. Manchas solares, hiperpigmenta\u00e7\u00e3o facial.","robots":{"index":"index","follow":"follow","max-snippet":"max-snippet:-1","max-image-preview":"max-image-preview:large","max-video-preview":"max-video-preview:-1"},"canonical":"https:\/\/imaxilofacial.com\/pt-pt\/medicina-estetica-facial\/peeling-quimico\/","og_locale":"pt_PT","og_type":"article","og_title":"Cascas Qu\u00edmicas - Imaxilofacial Badajoz","og_description":"Esfolia\u00e7\u00e3o facial da pele, descasque facial, despigmenta\u00e7\u00e3o facial, rejuvenescimento facial n\u00e3o cir\u00fargico, rejuvenescimento facial qu\u00edmico. Manchas solares, hiperpigmenta\u00e7\u00e3o facial.","og_url":"https:\/\/imaxilofacial.com\/pt-pt\/medicina-estetica-facial\/peeling-quimico\/","og_site_name":"Instituto Maxilofacial Portugal","article_publisher":"https:\/\/www.facebook.com\/Imaxilofacial-878901768819054\/","article_modified_time":"2023-01-11T10:06:50+00:00","og_image":[{"url":"https:\/\/imaxilofacial.com\/wp-content\/uploads\/2017\/08\/Exfoliaci%C3%B3n-qu%C3%ADmica-300x208.jpg"}],"twitter_card":"summary","twitter_site":"@BadajozSalud","twitter_misc":{"Tempo estimado de leitura":"4 minutos"},"schema":{"@context":"https:\/\/schema.org","@graph":[{"@type":"WebSite","@id":"https:\/\/imaxilofacial.com\/#website","url":"https:\/\/imaxilofacial.com\/","name":"Instituto Maxilofacial Portugal","description":"Outro site WordPress","potentialAction":[{"@type":"SearchAction","target":{"@type":"EntryPoint","urlTemplate":"https:\/\/imaxilofacial.com\/?s={search_term_string}"},"query-input":"required name=search_term_string"}],"inLanguage":"pt-PT"},{"@type":"ImageObject","@id":"https:\/\/imaxilofacial.com\/pt-pt\/medicina-estetica-facial\/peeling-quimico\/#primaryimage","inLanguage":"pt-PT","url":"https:\/\/imaxilofacial.com\/wp-content\/uploads\/2017\/08\/Exfoliaci%C3%B3n-qu%C3%ADmica-300x208.jpg","contentUrl":"https:\/\/imaxilofacial.com\/wp-content\/uploads\/2017\/08\/Exfoliaci%C3%B3n-qu%C3%ADmica-300x208.jpg"},{"@type":"WebPage","@id":"https:\/\/imaxilofacial.com\/pt-pt\/medicina-estetica-facial\/peeling-quimico\/#webpage","url":"https:\/\/imaxilofacial.com\/pt-pt\/medicina-estetica-facial\/peeling-quimico\/","name":"Cascas Qu\u00edmicas - Imaxilofacial Badajoz","isPartOf":{"@id":"https:\/\/imaxilofacial.com\/#website"},"primaryImageOfPage":{"@id":"https:\/\/imaxilofacial.com\/pt-pt\/medicina-estetica-facial\/peeling-quimico\/#primaryimage"},"datePublished":"2022-01-20T08:37:32+00:00","dateModified":"2023-01-11T10:06:50+00:00","description":"Esfolia\u00e7\u00e3o facial da pele, descasque facial, despigmenta\u00e7\u00e3o facial, rejuvenescimento facial n\u00e3o cir\u00fargico, rejuvenescimento facial qu\u00edmico. Manchas solares, hiperpigmenta\u00e7\u00e3o facial.","breadcrumb":{"@id":"https:\/\/imaxilofacial.com\/pt-pt\/medicina-estetica-facial\/peeling-quimico\/#breadcrumb"},"inLanguage":"pt-PT","potentialAction":[{"@type":"ReadAction","target":["https:\/\/imaxilofacial.com\/pt-pt\/medicina-estetica-facial\/peeling-quimico\/"]}]},{"@type":"BreadcrumbList","@id":"https:\/\/imaxilofacial.com\/pt-pt\/medicina-estetica-facial\/peeling-quimico\/#breadcrumb","itemListElement":[{"@type":"ListItem","position":1,"name":"Instituto Maxilofacial Badajoz","item":"https:\/\/imaxilofacial.com\/pt-pt\/"},{"@type":"ListItem","position":2,"name":"Medicina Est\u00e9tica Facial","item":"https:\/\/imaxilofacial.com\/pt-pt\/medicina-estetica-facial\/"},{"@type":"ListItem","position":3,"name":"Cascas Qu\u00edmicas"}]}]}},"_links":{"self":[{"href":"https:\/\/imaxilofacial.com\/pt-pt\/wp-json\/wp\/v2\/pages\/4101"}],"collection":[{"href":"https:\/\/imaxilofacial.com\/pt-pt\/wp-json\/wp\/v2\/pages"}],"about":[{"href":"https:\/\/imaxilofacial.com\/pt-pt\/wp-json\/wp\/v2\/types\/page"}],"author":[{"embeddable":true,"href":"https:\/\/imaxilofacial.com\/pt-pt\/wp-json\/wp\/v2\/users\/2"}],"replies":[{"embeddable":true,"href":"https:\/\/imaxilofacial.com\/pt-pt\/wp-json\/wp\/v2\/comments?post=4101"}],"version-history":[{"count":12,"href":"https:\/\/imaxilofacial.com\/pt-pt\/wp-json\/wp\/v2\/pages\/4101\/revisions"}],"predecessor-version":[{"id":5537,"href":"https:\/\/imaxilofacial.com\/pt-pt\/wp-json\/wp\/v2\/pages\/4101\/revisions\/5537"}],"up":[{"embeddable":true,"href":"https:\/\/imaxilofacial.com\/pt-pt\/wp-json\/wp\/v2\/pages\/4033"}],"wp:attachment":[{"href":"https:\/\/imaxilofacial.com\/pt-pt\/wp-json\/wp\/v2\/media?parent=4101"}],"curies":[{"name":"wp","href":"https:\/\/api.w.org\/{rel}","templated":true}]}}