{"id":4103,"date":"2022-01-20T08:38:23","date_gmt":"2022-01-20T08:38:23","guid":{"rendered":"https:\/\/imaxilofacial.com\/?page_id=4103"},"modified":"2022-04-07T11:58:23","modified_gmt":"2022-04-07T11:58:23","slug":"preenchimento-facial","status":"publish","type":"page","link":"https:\/\/imaxilofacial.com\/pt-pt\/medicina-estetica-facial\/preenchimento-facial\/","title":{"rendered":"Relleno Facial"},"content":{"rendered":"<div class=\"row\"  id=\"row-2111839535\">\n\n\t<div id=\"col-1440443199\" class=\"col medium-1\/3 large-4\"  >\n\t\t\t\t<div class=\"col-inner\"  >\n\t\t\t\n\t\t\t\n<a href=\"https:\/\/imaxilofacial.com\/wp-content\/uploads\/2015\/09\/cirugia2.jpg\"><img loading=\"lazy\" class=\"alignnone size-medium wp-image-3846\" src=\"https:\/\/imaxilofacial.com\/wp-content\/uploads\/2015\/09\/cirugia2-300x200.jpg\" alt=\"cirugia2\" width=\"300\" height=\"200\" srcset=\"https:\/\/imaxilofacial.com\/wp-content\/uploads\/2015\/09\/cirugia2-300x200.jpg 300w, https:\/\/imaxilofacial.com\/wp-content\/uploads\/2015\/09\/cirugia2.jpg 512w\" sizes=\"(max-width: 300px) 100vw, 300px\" \/><\/a><\/p>\n\t\t<\/div>\n\t\t\t\t\t<\/div>\n\n\t\n\n\t<div id=\"col-179562545\" class=\"col medium-2\/3 large-8\"  >\n\t\t\t\t<div class=\"col-inner\"  >\n\t\t\t\n\t\t\t\n<blockquote><p>As cargas faciais podem ser reabsorv\u00edveis ou n\u00e3o reabsorv\u00edveis ao longo do tempo. As mais frequentemente utilizadas s\u00e3o as reabsorv\u00edveis devido \u00e0s poucas complica\u00e7\u00f5es ou efeitos adversos que t\u00eam. Para fillers faciais podemos utilizar diferentes materiais tais como colag\u00e9nio ou \u00e1cido hialur\u00f3nico. Os fillers de \u00e1cido hialur\u00f3nico facial, o material utilizado \u00e9 um gel sint\u00e9tico de \u00e1cido hialur\u00f3nico semelhante ao \u00e1cido hialur\u00f3nico que temos no nosso corpo, pelo que n\u00e3o causa reac\u00e7\u00f5es al\u00e9rgicas nem transmite doen\u00e7as, e introduzimo-lo atrav\u00e9s de pequenas c\u00e2nulas nas \u00e1reas faciais e corporais que queremos remodelar. Os enchimentos faciais, quando aplicados localmente, actuam directamente onde s\u00e3o necess\u00e1rios, alcan\u00e7ando resultados imediatos.<\/p><\/blockquote>\n\t\t<\/div>\n\t\t\t\t\t<\/div>\n\n\t\n<\/div>\n<p>O \u00e1cido hialur\u00f3nico \u00e9 utilizado principalmente na zona facial e mais especificamente nos l\u00e1bios, conseguindo um maior volume e contorno dos l\u00e1bios, nas ma\u00e7\u00e3s do rosto e no queixo, moldando-os, e em zonas onde s\u00e3o geradas rugas, tais como entre as sobrancelhas e entre o canto da boca e o nariz ou pregas nasolabiais.<\/p>\n<p>O efeito do tratamento com fillers faciais \u00e9 mais duradouro do que outros tratamentos, mas n\u00e3o permanente. Estima-se que a dura\u00e7\u00e3o dos seus efeitos seja entre 6-8 meses.<\/p>\n<p>O procedimento de aplica\u00e7\u00e3o \u00e9 muito simples, o tratamento pode durar cerca de 30 minutos e \u00e9 realizado na maioria dos casos sob anestesia local ou t\u00f3pica, de modo que o desconforto \u00e9 praticamente inexistente. O tempo de recupera\u00e7\u00e3o ap\u00f3s a aplica\u00e7\u00e3o \u00e9 m\u00ednimo, e o paciente pode voltar \u00e0 actividade normal dentro de alguns minutos.<\/p>\n<p>\u00c9 um tratamento que se caracteriza por ser muito seguro e com um baixo risco de reac\u00e7\u00f5es adversas. Tamb\u00e9m cobre as necessidades est\u00e9ticas faciais exigidas at\u00e9 \u00e0 perfei\u00e7\u00e3o, com resultados instant\u00e2neos e indolores.<\/p>\n<p>Se os resultados forem os desejados, o \u00e1cido hialur\u00f3nico pode ser substitu\u00eddo por outros enchimentos mais duradouros, como a pr\u00f3pria gordura do paciente, ap\u00f3s um processo de concentra\u00e7\u00e3o e purifica\u00e7\u00e3o. Este procedimento \u00e9 realizado em regime ambulat\u00f3rio. Com c\u00e2nulas muito finas, a gordura \u00e9 retirada de \u00e1reas onde tende a acumular-se, tais como o abd\u00f3men ou a regi\u00e3o externa das coxas. Esta gordura deve ser manuseada com muito cuidado para que persista na zona do rosto onde vai ser infiltrada e cumpra o seu objectivo. O procedimento pode demorar 1-2 horas dependendo das \u00e1reas de tratamento, o incha\u00e7o p\u00f3s-operat\u00f3rio \u00e9 maior do que com \u00e1cido hialur\u00f3nico mas os resultados s\u00e3o permanentes. As \u00e1reas de tratamento mais comuns s\u00e3o as dobras nasolabiais e a bochecha.<\/p>\n<div id='gallery-1' class='gallery galleryid-4103 gallery-columns-4 gallery-size-thumbnail'><figure class='gallery-item'>\n\t\t\t<div class='gallery-icon portrait'>\n\t\t\t\t<a href='https:\/\/imaxilofacial.com\/wp-content\/uploads\/2015\/09\/1-Relleno-graso-pre.jpg'><img width=\"150\" height=\"150\" src=\"https:\/\/imaxilofacial.com\/wp-content\/uploads\/2015\/09\/1-Relleno-graso-pre-150x150.jpg\" class=\"attachment-thumbnail size-thumbnail\" alt=\"\" loading=\"lazy\" aria-describedby=\"gallery-1-4106\" \/><\/a>\n\t\t\t<\/div>\n\t\t\t\t<figcaption class='wp-caption-text gallery-caption' id='gallery-1-4106'>\n\t\t\t\tSituaci\u00f3n Inicial, pliegues nasolabiales marcados\n\t\t\t\t<\/figcaption><\/figure><figure class='gallery-item'>\n\t\t\t<div class='gallery-icon landscape'>\n\t\t\t\t<a href='https:\/\/imaxilofacial.com\/wp-content\/uploads\/2015\/09\/2-post-relleno-graso.jpg'><img width=\"150\" height=\"150\" src=\"https:\/\/imaxilofacial.com\/wp-content\/uploads\/2015\/09\/2-post-relleno-graso-150x150.jpg\" class=\"attachment-thumbnail size-thumbnail\" alt=\"\" loading=\"lazy\" aria-describedby=\"gallery-1-4107\" \/><\/a>\n\t\t\t<\/div>\n\t\t\t\t<figcaption class='wp-caption-text gallery-caption' id='gallery-1-4107'>\n\t\t\t\tTras infiltraci\u00f3n grasa de la misma paciente\n\t\t\t\t<\/figcaption><\/figure>\n\t\t<\/div>\n\n","protected":false},"excerpt":{"rendered":"<p>O \u00e1cido hialur\u00f3nico \u00e9 utilizado principalmente na zona facial e mais especificamente nos l\u00e1bios, conseguindo um maior volume e contorno dos l\u00e1bios, nas ma\u00e7\u00e3s do rosto e no queixo, moldando-os, e em zonas onde s\u00e3o geradas rugas, tais como entre as sobrancelhas e entre o canto da boca e o nariz ou pregas nasolabiais. O [&#8230;]\n","protected":false},"author":2,"featured_media":0,"parent":4033,"menu_order":0,"comment_status":"closed","ping_status":"closed","template":"page-right-sidebar.php","meta":{"_custom_body_class":"","_custom_post_class":""},"acf":[],"yoast_head":"<!-- This site is optimized with the Yoast SEO plugin v18.4.1 - https:\/\/yoast.com\/wordpress\/plugins\/seo\/ -->\n<title>Relleno Facial - Imaxilofacial Badajoz<\/title>\n<meta name=\"robots\" content=\"index, follow, max-snippet:-1, max-image-preview:large, max-video-preview:-1\" \/>\n<link rel=\"canonical\" href=\"https:\/\/imaxilofacial.com\/pt-pt\/medicina-estetica-facial\/preenchimento-facial\/\" \/>\n<meta property=\"og:locale\" content=\"pt_PT\" \/>\n<meta property=\"og:type\" content=\"article\" \/>\n<meta property=\"og:title\" content=\"Relleno Facial - Imaxilofacial Badajoz\" \/>\n<meta property=\"og:description\" content=\"O \u00e1cido hialur\u00f3nico \u00e9 utilizado principalmente na zona facial e mais especificamente nos l\u00e1bios, conseguindo um maior volume e contorno dos l\u00e1bios, nas ma\u00e7\u00e3s do rosto e no queixo, moldando-os, e em zonas onde s\u00e3o geradas rugas, tais como entre as sobrancelhas e entre o canto da boca e o nariz ou pregas nasolabiais. O [...]\" \/>\n<meta property=\"og:url\" content=\"https:\/\/imaxilofacial.com\/pt-pt\/medicina-estetica-facial\/preenchimento-facial\/\" \/>\n<meta property=\"og:site_name\" content=\"Instituto Maxilofacial Portugal\" \/>\n<meta property=\"article:publisher\" content=\"https:\/\/www.facebook.com\/Imaxilofacial-878901768819054\/\" \/>\n<meta property=\"article:modified_time\" content=\"2022-04-07T11:58:23+00:00\" \/>\n<meta property=\"og:image\" content=\"https:\/\/imaxilofacial.com\/wp-content\/uploads\/2015\/09\/1-Relleno-graso-pre-150x150.jpg\" \/>\n<meta name=\"twitter:card\" content=\"summary\" \/>\n<meta name=\"twitter:site\" content=\"@BadajozSalud\" \/>\n<meta name=\"twitter:label1\" content=\"Tempo estimado de leitura\" \/>\n\t<meta name=\"twitter:data1\" content=\"2 minutos\" \/>\n<script type=\"application\/ld+json\" class=\"yoast-schema-graph\">{\"@context\":\"https:\/\/schema.org\",\"@graph\":[{\"@type\":\"WebSite\",\"@id\":\"https:\/\/imaxilofacial.com\/#website\",\"url\":\"https:\/\/imaxilofacial.com\/\",\"name\":\"Instituto Maxilofacial Portugal\",\"description\":\"Outro site WordPress\",\"potentialAction\":[{\"@type\":\"SearchAction\",\"target\":{\"@type\":\"EntryPoint\",\"urlTemplate\":\"https:\/\/imaxilofacial.com\/?s={search_term_string}\"},\"query-input\":\"required name=search_term_string\"}],\"inLanguage\":\"pt-PT\"},{\"@type\":\"ImageObject\",\"@id\":\"https:\/\/imaxilofacial.com\/pt-pt\/medicina-estetica-facial\/preenchimento-facial\/#primaryimage\",\"inLanguage\":\"pt-PT\",\"url\":\"https:\/\/imaxilofacial.com\/wp-content\/uploads\/2015\/09\/cirugia2.jpg\",\"contentUrl\":\"https:\/\/imaxilofacial.com\/wp-content\/uploads\/2015\/09\/cirugia2.jpg\",\"width\":512,\"height\":341},{\"@type\":\"WebPage\",\"@id\":\"https:\/\/imaxilofacial.com\/pt-pt\/medicina-estetica-facial\/preenchimento-facial\/#webpage\",\"url\":\"https:\/\/imaxilofacial.com\/pt-pt\/medicina-estetica-facial\/preenchimento-facial\/\",\"name\":\"Relleno Facial - Imaxilofacial Badajoz\",\"isPartOf\":{\"@id\":\"https:\/\/imaxilofacial.com\/#website\"},\"primaryImageOfPage\":{\"@id\":\"https:\/\/imaxilofacial.com\/pt-pt\/medicina-estetica-facial\/preenchimento-facial\/#primaryimage\"},\"datePublished\":\"2022-01-20T08:38:23+00:00\",\"dateModified\":\"2022-04-07T11:58:23+00:00\",\"breadcrumb\":{\"@id\":\"https:\/\/imaxilofacial.com\/pt-pt\/medicina-estetica-facial\/preenchimento-facial\/#breadcrumb\"},\"inLanguage\":\"pt-PT\",\"potentialAction\":[{\"@type\":\"ReadAction\",\"target\":[\"https:\/\/imaxilofacial.com\/pt-pt\/medicina-estetica-facial\/preenchimento-facial\/\"]}]},{\"@type\":\"BreadcrumbList\",\"@id\":\"https:\/\/imaxilofacial.com\/pt-pt\/medicina-estetica-facial\/preenchimento-facial\/#breadcrumb\",\"itemListElement\":[{\"@type\":\"ListItem\",\"position\":1,\"name\":\"Instituto Maxilofacial Badajoz\",\"item\":\"https:\/\/imaxilofacial.com\/pt-pt\/\"},{\"@type\":\"ListItem\",\"position\":2,\"name\":\"Medicina Est\u00e9tica Facial\",\"item\":\"https:\/\/imaxilofacial.com\/pt-pt\/medicina-estetica-facial\/\"},{\"@type\":\"ListItem\",\"position\":3,\"name\":\"Relleno Facial\"}]}]}<\/script>\n<!-- \/ Yoast SEO plugin. -->","yoast_head_json":{"title":"Relleno Facial - Imaxilofacial Badajoz","robots":{"index":"index","follow":"follow","max-snippet":"max-snippet:-1","max-image-preview":"max-image-preview:large","max-video-preview":"max-video-preview:-1"},"canonical":"https:\/\/imaxilofacial.com\/pt-pt\/medicina-estetica-facial\/preenchimento-facial\/","og_locale":"pt_PT","og_type":"article","og_title":"Relleno Facial - Imaxilofacial Badajoz","og_description":"O \u00e1cido hialur\u00f3nico \u00e9 utilizado principalmente na zona facial e mais especificamente nos l\u00e1bios, conseguindo um maior volume e contorno dos l\u00e1bios, nas ma\u00e7\u00e3s do rosto e no queixo, moldando-os, e em zonas onde s\u00e3o geradas rugas, tais como entre as sobrancelhas e entre o canto da boca e o nariz ou pregas nasolabiais. O [...]","og_url":"https:\/\/imaxilofacial.com\/pt-pt\/medicina-estetica-facial\/preenchimento-facial\/","og_site_name":"Instituto Maxilofacial Portugal","article_publisher":"https:\/\/www.facebook.com\/Imaxilofacial-878901768819054\/","article_modified_time":"2022-04-07T11:58:23+00:00","og_image":[{"url":"https:\/\/imaxilofacial.com\/wp-content\/uploads\/2015\/09\/1-Relleno-graso-pre-150x150.jpg"}],"twitter_card":"summary","twitter_site":"@BadajozSalud","twitter_misc":{"Tempo estimado de leitura":"2 minutos"},"schema":{"@context":"https:\/\/schema.org","@graph":[{"@type":"WebSite","@id":"https:\/\/imaxilofacial.com\/#website","url":"https:\/\/imaxilofacial.com\/","name":"Instituto Maxilofacial Portugal","description":"Outro site WordPress","potentialAction":[{"@type":"SearchAction","target":{"@type":"EntryPoint","urlTemplate":"https:\/\/imaxilofacial.com\/?s={search_term_string}"},"query-input":"required name=search_term_string"}],"inLanguage":"pt-PT"},{"@type":"ImageObject","@id":"https:\/\/imaxilofacial.com\/pt-pt\/medicina-estetica-facial\/preenchimento-facial\/#primaryimage","inLanguage":"pt-PT","url":"https:\/\/imaxilofacial.com\/wp-content\/uploads\/2015\/09\/cirugia2.jpg","contentUrl":"https:\/\/imaxilofacial.com\/wp-content\/uploads\/2015\/09\/cirugia2.jpg","width":512,"height":341},{"@type":"WebPage","@id":"https:\/\/imaxilofacial.com\/pt-pt\/medicina-estetica-facial\/preenchimento-facial\/#webpage","url":"https:\/\/imaxilofacial.com\/pt-pt\/medicina-estetica-facial\/preenchimento-facial\/","name":"Relleno Facial - Imaxilofacial Badajoz","isPartOf":{"@id":"https:\/\/imaxilofacial.com\/#website"},"primaryImageOfPage":{"@id":"https:\/\/imaxilofacial.com\/pt-pt\/medicina-estetica-facial\/preenchimento-facial\/#primaryimage"},"datePublished":"2022-01-20T08:38:23+00:00","dateModified":"2022-04-07T11:58:23+00:00","breadcrumb":{"@id":"https:\/\/imaxilofacial.com\/pt-pt\/medicina-estetica-facial\/preenchimento-facial\/#breadcrumb"},"inLanguage":"pt-PT","potentialAction":[{"@type":"ReadAction","target":["https:\/\/imaxilofacial.com\/pt-pt\/medicina-estetica-facial\/preenchimento-facial\/"]}]},{"@type":"BreadcrumbList","@id":"https:\/\/imaxilofacial.com\/pt-pt\/medicina-estetica-facial\/preenchimento-facial\/#breadcrumb","itemListElement":[{"@type":"ListItem","position":1,"name":"Instituto Maxilofacial Badajoz","item":"https:\/\/imaxilofacial.com\/pt-pt\/"},{"@type":"ListItem","position":2,"name":"Medicina Est\u00e9tica Facial","item":"https:\/\/imaxilofacial.com\/pt-pt\/medicina-estetica-facial\/"},{"@type":"ListItem","position":3,"name":"Relleno Facial"}]}]}},"_links":{"self":[{"href":"https:\/\/imaxilofacial.com\/pt-pt\/wp-json\/wp\/v2\/pages\/4103"}],"collection":[{"href":"https:\/\/imaxilofacial.com\/pt-pt\/wp-json\/wp\/v2\/pages"}],"about":[{"href":"https:\/\/imaxilofacial.com\/pt-pt\/wp-json\/wp\/v2\/types\/page"}],"author":[{"embeddable":true,"href":"https:\/\/imaxilofacial.com\/pt-pt\/wp-json\/wp\/v2\/users\/2"}],"replies":[{"embeddable":true,"href":"https:\/\/imaxilofacial.com\/pt-pt\/wp-json\/wp\/v2\/comments?post=4103"}],"version-history":[{"count":3,"href":"https:\/\/imaxilofacial.com\/pt-pt\/wp-json\/wp\/v2\/pages\/4103\/revisions"}],"predecessor-version":[{"id":4667,"href":"https:\/\/imaxilofacial.com\/pt-pt\/wp-json\/wp\/v2\/pages\/4103\/revisions\/4667"}],"up":[{"embeddable":true,"href":"https:\/\/imaxilofacial.com\/pt-pt\/wp-json\/wp\/v2\/pages\/4033"}],"wp:attachment":[{"href":"https:\/\/imaxilofacial.com\/pt-pt\/wp-json\/wp\/v2\/media?parent=4103"}],"curies":[{"name":"wp","href":"https:\/\/api.w.org\/{rel}","templated":true}]}}