{"id":4110,"date":"2022-01-20T08:41:17","date_gmt":"2022-01-20T08:41:17","guid":{"rendered":"https:\/\/imaxilofacial.com\/?page_id=4110"},"modified":"2022-11-21T21:20:24","modified_gmt":"2022-11-21T21:20:24","slug":"estetica-dentaria","status":"publish","type":"page","link":"https:\/\/imaxilofacial.com\/pt-pt\/odontologia\/estetica-dentaria\/","title":{"rendered":"Est\u00e9tica Dent\u00e1ria"},"content":{"rendered":"<p>Na nossa sociedade, uma apar\u00eancia agrad\u00e1vel \u00e9 muitas vezes necess\u00e1ria no local de trabalho e geralmente indica uma diferen\u00e7a entre o sucesso e o fracasso tanto nas esferas profissional como pessoal. O rosto \u00e9 a primeira imagem que temos de uma pessoa e o seu sorriso diz muito sobre isso. Porque a boca \u00e9 um dos pontos em que olhamos primeiro para o rosto, n\u00e3o deve surpreender-se que o sorriso tenha um papel importante na forma como nos apercebemos, assim como nas pessoas que nos rodeiam. Sorrir \u00e9 um sinal de alegria, seguran\u00e7a e confian\u00e7a pessoal. Mostrar um sorriso atraente \u00e9 importante para se sentir seguro.<\/p>\n<p>H\u00e1 pessoas que t\u00eam auto-consci\u00eancia sobre os dentes e t\u00eam medo de sorrir. Embora possamos conseguir uma melhoria dos dentes naturais com tratamento ortod\u00f4ntico, branqueamento de dentes, reconstru\u00e7\u00f5es de pe\u00e7as gastas, etc. Atualmente, foram desenvolvidas mais e melhores op\u00e7\u00f5es de tratamentos est\u00e9ticos dent\u00e1rios que nos permitem oferecer solu\u00e7\u00f5es individuais a cada um dos nossos pacientes na nossa cl\u00ednica dent\u00e1ria em Badajoz. Os avan\u00e7os no campo dos materiais e procedimentos na medicina dent\u00e1ria est\u00e9tica aumentaram consideravelmente as possibilidades de tratamentos est\u00e9ticos para alcan\u00e7ar um sorriso mais bonito e atraente, rapidamente, seguro e indolor.<\/p>\n<span class=\"collapseomatic \" id=\"id69e00600d638d\"  tabindex=\"0\" title=\"Ler mais\"    >Ler mais<\/span><div id=\"target-id69e00600d638d\" class=\"collapseomatic_content \">\n<p>A est\u00e9tica dent\u00e1ria \u00e9 a especialidade da medicina dent\u00e1ria, que lida entre outras coisas, com a resolu\u00e7\u00e3o da desarmonia que pode existir entre os dentes sem que haja problemas de sa\u00fade neles.<\/p>\n<p>&nbsp;<\/p>\n<p>&nbsp;<\/p>\n<figure id=\"attachment_4112\" aria-describedby=\"caption-attachment-4112\" style=\"width: 300px\" class=\"wp-caption aligncenter\"><a href=\"https:\/\/imaxilofacial.com\/wp-content\/uploads\/2019\/08\/shutterstock_6373519.jpg\"><img loading=\"lazy\" class=\"wp-image-4112 size-medium\" src=\"https:\/\/imaxilofacial.com\/wp-content\/uploads\/2019\/08\/shutterstock_6373519-300x213.jpg\" alt=\"\" width=\"300\" height=\"213\" srcset=\"https:\/\/imaxilofacial.com\/wp-content\/uploads\/2019\/08\/shutterstock_6373519-300x213.jpg 300w, https:\/\/imaxilofacial.com\/wp-content\/uploads\/2019\/08\/shutterstock_6373519-768x545.jpg 768w, https:\/\/imaxilofacial.com\/wp-content\/uploads\/2019\/08\/shutterstock_6373519-1024x727.jpg 1024w\" sizes=\"(max-width: 300px) 100vw, 300px\" \/><\/a><figcaption id=\"caption-attachment-4112\" class=\"wp-caption-text\">Sorria sem complexos, os revestimentos de porcelana permitem um resultado r\u00e1pido, seguro e natural.<\/figcaption><\/figure>\n<p>&nbsp;<\/p>\n<p>Os mais utilizados hoje para modificar a apar\u00eancia e forma de um dente, melhorando a est\u00e9tica dent\u00e1ria, s\u00e3o os revestimentos dent\u00e1rios. Estes s\u00e3o folhas finas e personalizadas que aderem \u00e0 superf\u00edcie dent\u00e1ria usando um adesivo especial incolor e n\u00e3o vis\u00edvel externamente. N\u00e3o requerem uma interven\u00e7\u00e3o muito complicada ou dolorosa, e apresentando excelentes resultados tanto na dura\u00e7\u00e3o como na sua apar\u00eancia natural, \u00e9 uma solu\u00e7\u00e3o cada vez mais utilizada. Assim, a coloca\u00e7\u00e3o de revestimentos de porcelana \u00e9 uma t\u00e9cnica reconstrutiva que \u00e9 altamente exigida entre os tratamentos dent\u00e1rios est\u00e9ticos.<\/p>\n<p>Estes revestimentos s\u00e3o feitos de porcelana e o seu prop\u00f3sito \u00e9 melhorar a cor, forma e tamanho dos dentes. Com revestimentos dent\u00e1rios podemos fechar os espa\u00e7os entre os dentes, especialmente indicados nos pacientes que n\u00e3o desejam submeter-se a um tratamento ortod\u00f4ntico, restaurar dentes quebrados ou gastos, devolver a sua forma e cor originais, e cobrir dentes inest\u00e9sicos por manchas ou medicamentos, ou com grandes restaura\u00e7\u00f5es.<\/p>\n<p>&nbsp;<\/p>\n<p><a href=\"https:\/\/imaxilofacial.com\/wp-content\/uploads\/2019\/08\/shutterstock_863125.jpg\"><img loading=\"lazy\" class=\"aligncenter wp-image-4113 size-medium\" src=\"https:\/\/imaxilofacial.com\/wp-content\/uploads\/2019\/08\/shutterstock_863125-300x180.jpg\" alt=\"\" width=\"300\" height=\"180\" srcset=\"https:\/\/imaxilofacial.com\/wp-content\/uploads\/2019\/08\/shutterstock_863125-300x180.jpg 300w, https:\/\/imaxilofacial.com\/wp-content\/uploads\/2019\/08\/shutterstock_863125-768x461.jpg 768w, https:\/\/imaxilofacial.com\/wp-content\/uploads\/2019\/08\/shutterstock_863125-1024x614.jpg 1024w\" sizes=\"(max-width: 300px) 100vw, 300px\" \/><\/a><\/p>\n<\/div>\n<blockquote><p>&nbsp;<\/p>\n<p><em>Se quiser mais informa\u00e7\u00f5es sobre como melhorar o seu sorriso com os mais recentes avan\u00e7os em revestimentos de porcelana, solicite uma consulta na nossa cl\u00ednica dent\u00e1ria em Badajoz com o nosso especialista em Est\u00e9tica Dent\u00e1ria. No Instituto Maxilofacial de Badajoz estamos comprometidos com uma odontologia abrangente, porque a sua boca n\u00e3o est\u00e1 separada do seu rosto ou do resto do corpo, podemos oferecer diferentes tipos de tratamentos est\u00e9ticos dent\u00e1rios que ajudar\u00e3o a melhorar n\u00e3o s\u00f3 a est\u00e9tica do seu sorriso, mas tamb\u00e9m a funcionalidade dos seus dentes e a sa\u00fade da sua boca. No nosso centro temos profissionais especializados em tratamentos est\u00e9ticos, al\u00e9m de ter especialistas em ortodontia, cirurgia, periodontics que lhe oferecer\u00e3o o melhor tratamento para melhorar a harmonia do seu sorriso. Iremos inform\u00e1-lo sobre as melhores op\u00e7\u00f5es de tratamento para o seu caso.<\/em><\/p><\/blockquote>\n","protected":false},"excerpt":{"rendered":"<p>Na nossa sociedade, uma apar\u00eancia agrad\u00e1vel \u00e9 muitas vezes necess\u00e1ria no local de trabalho e geralmente indica uma diferen\u00e7a entre o sucesso e o fracasso tanto nas esferas profissional como pessoal. O rosto \u00e9 a primeira imagem que temos de uma pessoa e o seu sorriso diz muito sobre isso. Porque a boca \u00e9 um [&#8230;]\n","protected":false},"author":2,"featured_media":0,"parent":3832,"menu_order":0,"comment_status":"closed","ping_status":"closed","template":"page-right-sidebar.php","meta":{"_custom_body_class":"","_custom_post_class":""},"acf":[],"yoast_head":"<!-- This site is optimized with the Yoast SEO plugin v18.4.1 - https:\/\/yoast.com\/wordpress\/plugins\/seo\/ -->\n<title>Est\u00e9tica Dent\u00e1ria - Imaxilofacial Badajoz<\/title>\n<meta name=\"description\" content=\"O tratamento com revestimentos dent\u00e1rios consegue melhorar a est\u00e9tica dent\u00e1ria em apenas duas visitas, sem perturbar ou alterar os dentes naturais. Se estiver interessado neste tratamento em Badajoz, solicite uma consulta sem obriga\u00e7\u00e3o.\" \/>\n<meta name=\"robots\" content=\"index, follow, max-snippet:-1, max-image-preview:large, max-video-preview:-1\" \/>\n<link rel=\"canonical\" href=\"https:\/\/imaxilofacial.com\/pt-pt\/odontologia\/estetica-dentaria\/\" \/>\n<meta property=\"og:locale\" content=\"pt_PT\" \/>\n<meta property=\"og:type\" content=\"article\" \/>\n<meta property=\"og:title\" content=\"Est\u00e9tica Dent\u00e1ria - Imaxilofacial Badajoz\" \/>\n<meta property=\"og:description\" content=\"O tratamento com revestimentos dent\u00e1rios consegue melhorar a est\u00e9tica dent\u00e1ria em apenas duas visitas, sem perturbar ou alterar os dentes naturais. Se estiver interessado neste tratamento em Badajoz, solicite uma consulta sem obriga\u00e7\u00e3o.\" \/>\n<meta property=\"og:url\" content=\"https:\/\/imaxilofacial.com\/pt-pt\/odontologia\/estetica-dentaria\/\" \/>\n<meta property=\"og:site_name\" content=\"Instituto Maxilofacial Portugal\" \/>\n<meta property=\"article:publisher\" content=\"https:\/\/www.facebook.com\/Imaxilofacial-878901768819054\/\" \/>\n<meta property=\"article:modified_time\" content=\"2022-11-21T21:20:24+00:00\" \/>\n<meta property=\"og:image\" content=\"https:\/\/imaxilofacial.com\/wp-content\/uploads\/2019\/08\/shutterstock_6373519-300x213.jpg\" \/>\n<meta name=\"twitter:card\" content=\"summary\" \/>\n<meta name=\"twitter:site\" content=\"@BadajozSalud\" \/>\n<meta name=\"twitter:label1\" content=\"Tempo estimado de leitura\" \/>\n\t<meta name=\"twitter:data1\" content=\"3 minutos\" \/>\n<script type=\"application\/ld+json\" class=\"yoast-schema-graph\">{\"@context\":\"https:\/\/schema.org\",\"@graph\":[{\"@type\":\"WebSite\",\"@id\":\"https:\/\/imaxilofacial.com\/#website\",\"url\":\"https:\/\/imaxilofacial.com\/\",\"name\":\"Instituto Maxilofacial Portugal\",\"description\":\"Outro site WordPress\",\"potentialAction\":[{\"@type\":\"SearchAction\",\"target\":{\"@type\":\"EntryPoint\",\"urlTemplate\":\"https:\/\/imaxilofacial.com\/?s={search_term_string}\"},\"query-input\":\"required name=search_term_string\"}],\"inLanguage\":\"pt-PT\"},{\"@type\":\"ImageObject\",\"@id\":\"https:\/\/imaxilofacial.com\/pt-pt\/odontologia\/estetica-dentaria\/#primaryimage\",\"inLanguage\":\"pt-PT\",\"url\":\"https:\/\/imaxilofacial.com\/wp-content\/uploads\/2019\/08\/shutterstock_6373519.jpg\",\"contentUrl\":\"https:\/\/imaxilofacial.com\/wp-content\/uploads\/2019\/08\/shutterstock_6373519.jpg\",\"width\":2953,\"height\":2096,\"caption\":\"Sorria sem complexos, em apenas dois compromissos.\"},{\"@type\":\"WebPage\",\"@id\":\"https:\/\/imaxilofacial.com\/pt-pt\/odontologia\/estetica-dentaria\/#webpage\",\"url\":\"https:\/\/imaxilofacial.com\/pt-pt\/odontologia\/estetica-dentaria\/\",\"name\":\"Est\u00e9tica Dent\u00e1ria - Imaxilofacial Badajoz\",\"isPartOf\":{\"@id\":\"https:\/\/imaxilofacial.com\/#website\"},\"primaryImageOfPage\":{\"@id\":\"https:\/\/imaxilofacial.com\/pt-pt\/odontologia\/estetica-dentaria\/#primaryimage\"},\"datePublished\":\"2022-01-20T08:41:17+00:00\",\"dateModified\":\"2022-11-21T21:20:24+00:00\",\"description\":\"O tratamento com revestimentos dent\u00e1rios consegue melhorar a est\u00e9tica dent\u00e1ria em apenas duas visitas, sem perturbar ou alterar os dentes naturais. Se estiver interessado neste tratamento em Badajoz, solicite uma consulta sem obriga\u00e7\u00e3o.\",\"breadcrumb\":{\"@id\":\"https:\/\/imaxilofacial.com\/pt-pt\/odontologia\/estetica-dentaria\/#breadcrumb\"},\"inLanguage\":\"pt-PT\",\"potentialAction\":[{\"@type\":\"ReadAction\",\"target\":[\"https:\/\/imaxilofacial.com\/pt-pt\/odontologia\/estetica-dentaria\/\"]}]},{\"@type\":\"BreadcrumbList\",\"@id\":\"https:\/\/imaxilofacial.com\/pt-pt\/odontologia\/estetica-dentaria\/#breadcrumb\",\"itemListElement\":[{\"@type\":\"ListItem\",\"position\":1,\"name\":\"Instituto Maxilofacial Badajoz\",\"item\":\"https:\/\/imaxilofacial.com\/pt-pt\/\"},{\"@type\":\"ListItem\",\"position\":2,\"name\":\"Odontolog\u00eda\",\"item\":\"https:\/\/imaxilofacial.com\/pt-pt\/odontologia\/\"},{\"@type\":\"ListItem\",\"position\":3,\"name\":\"Est\u00e9tica Dent\u00e1ria\"}]}]}<\/script>\n<!-- \/ Yoast SEO plugin. -->","yoast_head_json":{"title":"Est\u00e9tica Dent\u00e1ria - Imaxilofacial Badajoz","description":"O tratamento com revestimentos dent\u00e1rios consegue melhorar a est\u00e9tica dent\u00e1ria em apenas duas visitas, sem perturbar ou alterar os dentes naturais. Se estiver interessado neste tratamento em Badajoz, solicite uma consulta sem obriga\u00e7\u00e3o.","robots":{"index":"index","follow":"follow","max-snippet":"max-snippet:-1","max-image-preview":"max-image-preview:large","max-video-preview":"max-video-preview:-1"},"canonical":"https:\/\/imaxilofacial.com\/pt-pt\/odontologia\/estetica-dentaria\/","og_locale":"pt_PT","og_type":"article","og_title":"Est\u00e9tica Dent\u00e1ria - Imaxilofacial Badajoz","og_description":"O tratamento com revestimentos dent\u00e1rios consegue melhorar a est\u00e9tica dent\u00e1ria em apenas duas visitas, sem perturbar ou alterar os dentes naturais. Se estiver interessado neste tratamento em Badajoz, solicite uma consulta sem obriga\u00e7\u00e3o.","og_url":"https:\/\/imaxilofacial.com\/pt-pt\/odontologia\/estetica-dentaria\/","og_site_name":"Instituto Maxilofacial Portugal","article_publisher":"https:\/\/www.facebook.com\/Imaxilofacial-878901768819054\/","article_modified_time":"2022-11-21T21:20:24+00:00","og_image":[{"url":"https:\/\/imaxilofacial.com\/wp-content\/uploads\/2019\/08\/shutterstock_6373519-300x213.jpg"}],"twitter_card":"summary","twitter_site":"@BadajozSalud","twitter_misc":{"Tempo estimado de leitura":"3 minutos"},"schema":{"@context":"https:\/\/schema.org","@graph":[{"@type":"WebSite","@id":"https:\/\/imaxilofacial.com\/#website","url":"https:\/\/imaxilofacial.com\/","name":"Instituto Maxilofacial Portugal","description":"Outro site WordPress","potentialAction":[{"@type":"SearchAction","target":{"@type":"EntryPoint","urlTemplate":"https:\/\/imaxilofacial.com\/?s={search_term_string}"},"query-input":"required name=search_term_string"}],"inLanguage":"pt-PT"},{"@type":"ImageObject","@id":"https:\/\/imaxilofacial.com\/pt-pt\/odontologia\/estetica-dentaria\/#primaryimage","inLanguage":"pt-PT","url":"https:\/\/imaxilofacial.com\/wp-content\/uploads\/2019\/08\/shutterstock_6373519.jpg","contentUrl":"https:\/\/imaxilofacial.com\/wp-content\/uploads\/2019\/08\/shutterstock_6373519.jpg","width":2953,"height":2096,"caption":"Sorria sem complexos, em apenas dois compromissos."},{"@type":"WebPage","@id":"https:\/\/imaxilofacial.com\/pt-pt\/odontologia\/estetica-dentaria\/#webpage","url":"https:\/\/imaxilofacial.com\/pt-pt\/odontologia\/estetica-dentaria\/","name":"Est\u00e9tica Dent\u00e1ria - Imaxilofacial Badajoz","isPartOf":{"@id":"https:\/\/imaxilofacial.com\/#website"},"primaryImageOfPage":{"@id":"https:\/\/imaxilofacial.com\/pt-pt\/odontologia\/estetica-dentaria\/#primaryimage"},"datePublished":"2022-01-20T08:41:17+00:00","dateModified":"2022-11-21T21:20:24+00:00","description":"O tratamento com revestimentos dent\u00e1rios consegue melhorar a est\u00e9tica dent\u00e1ria em apenas duas visitas, sem perturbar ou alterar os dentes naturais. Se estiver interessado neste tratamento em Badajoz, solicite uma consulta sem obriga\u00e7\u00e3o.","breadcrumb":{"@id":"https:\/\/imaxilofacial.com\/pt-pt\/odontologia\/estetica-dentaria\/#breadcrumb"},"inLanguage":"pt-PT","potentialAction":[{"@type":"ReadAction","target":["https:\/\/imaxilofacial.com\/pt-pt\/odontologia\/estetica-dentaria\/"]}]},{"@type":"BreadcrumbList","@id":"https:\/\/imaxilofacial.com\/pt-pt\/odontologia\/estetica-dentaria\/#breadcrumb","itemListElement":[{"@type":"ListItem","position":1,"name":"Instituto Maxilofacial Badajoz","item":"https:\/\/imaxilofacial.com\/pt-pt\/"},{"@type":"ListItem","position":2,"name":"Odontolog\u00eda","item":"https:\/\/imaxilofacial.com\/pt-pt\/odontologia\/"},{"@type":"ListItem","position":3,"name":"Est\u00e9tica Dent\u00e1ria"}]}]}},"_links":{"self":[{"href":"https:\/\/imaxilofacial.com\/pt-pt\/wp-json\/wp\/v2\/pages\/4110"}],"collection":[{"href":"https:\/\/imaxilofacial.com\/pt-pt\/wp-json\/wp\/v2\/pages"}],"about":[{"href":"https:\/\/imaxilofacial.com\/pt-pt\/wp-json\/wp\/v2\/types\/page"}],"author":[{"embeddable":true,"href":"https:\/\/imaxilofacial.com\/pt-pt\/wp-json\/wp\/v2\/users\/2"}],"replies":[{"embeddable":true,"href":"https:\/\/imaxilofacial.com\/pt-pt\/wp-json\/wp\/v2\/comments?post=4110"}],"version-history":[{"count":6,"href":"https:\/\/imaxilofacial.com\/pt-pt\/wp-json\/wp\/v2\/pages\/4110\/revisions"}],"predecessor-version":[{"id":5512,"href":"https:\/\/imaxilofacial.com\/pt-pt\/wp-json\/wp\/v2\/pages\/4110\/revisions\/5512"}],"up":[{"embeddable":true,"href":"https:\/\/imaxilofacial.com\/pt-pt\/wp-json\/wp\/v2\/pages\/3832"}],"wp:attachment":[{"href":"https:\/\/imaxilofacial.com\/pt-pt\/wp-json\/wp\/v2\/media?parent=4110"}],"curies":[{"name":"wp","href":"https:\/\/api.w.org\/{rel}","templated":true}]}}