{"id":4118,"date":"2022-01-20T08:42:50","date_gmt":"2022-01-20T08:42:50","guid":{"rendered":"https:\/\/imaxilofacial.com\/?page_id=4118"},"modified":"2022-04-07T14:57:55","modified_gmt":"2022-04-07T14:57:55","slug":"micro-mascaras","status":"publish","type":"page","link":"https:\/\/imaxilofacial.com\/pt-pt\/odontologia\/estetica-dentaria\/micro-mascaras\/","title":{"rendered":"Microcarillas"},"content":{"rendered":"<p>As facetas sem prepara\u00e7\u00e3o ou moagem s\u00e3o o mais recente desenvolvimento na odontologia cosm\u00e9tica conservadora. Pode ser considerado um tratamento revers\u00edvel, uma vez que n\u00e3o \u00e9 necess\u00e1rio moer ou desgastar o dente que ir\u00e1 suportar a faceta dent\u00e1ria. \u00c9 tamb\u00e9m um tratamento indolor, uma vez que n\u00e3o \u00e9 necess\u00e1rio anestesiar o dente, uma vez que as microplacas s\u00e3o coladas com resinas muito espec\u00edficas e altamente resistentes no lado vis\u00edvel do dente.<\/p>\n<p>Os micro folheados s\u00e3o um tipo espec\u00edfico de folheados que s\u00e3o mais finos que os folheados habituais, s\u00e3o folhas muito finas, compar\u00e1veis em espessura \u00e0s lentes de contacto. S\u00e3o feitos de um composto espec\u00edfico derivado da porcelana, um material com uma translucidez semelhante aos dentes naturais e alta resist\u00eancia.<\/p>\n<p>Os microenchimentos podem ser considerados uma solu\u00e7\u00e3o est\u00e9tica permanente n\u00e3o invasiva que pode ser utilizada em casos de manchas, tetraciclinas, dentes fracturados, dentes gastos ou dentes com pequenos espa\u00e7os.<\/p>\n<p>Depois de estudar o caso, com um exame cl\u00ednico, fotografias e um estudo do desenho do sorriso, o especialista em est\u00e9tica dent\u00e1ria determina as \u00e1reas dos dentes onde ser\u00e1 necess\u00e1rio colocar estas micro-facetas de uma forma individualizada para alcan\u00e7ar o melhor resultado est\u00e9tico. Existem diferentes marcas ou patentes que produzem estes folheados de uma forma homog\u00e9nea, mas o ideal \u00e9 realizar um tratamento individualizado.\u00a0 Ap\u00f3s a fabrica\u00e7\u00e3o dos folheados, s\u00e3o cimentados na boca, na semana seguinte ap\u00f3s a impress\u00e3o.<\/p>\n<p>Com estas micro facetas sem moagem, o especialista em est\u00e9tica dent\u00e1ria pode sobretudo branquear a sombra dos dentes e, em alguns casos, modificar certos aspectos muito limitados da forma dent\u00e1ria. Assim, as microf\u00edlulas dent\u00e1rias s\u00e3o especialmente indicadas no caso de ditemas interincisais ou ditemas entre outros dentes que causam um problema est\u00e9tico, para melhorar a forma dos dentes, conseguindo um sorriso mais equilibrado, e para melhorar o bordo incisal com a elimina\u00e7\u00e3o de pequenas irregularidades. Quando se deseja modificar a forma e posi\u00e7\u00e3o em maior grau, ent\u00e3o ser\u00e1 necess\u00e1rio recorrer \u00e0 t\u00e9cnica convencional de facetas de porcelana com moagem dent\u00e1ria.<\/p>\n<p>Assim, as principais vantagens dos folheados n\u00e3o cortados ou micro folheados s\u00e3o conseguir um branqueamento permanente, com refor\u00e7o do esmalte enfraquecido ou rachado, sem a sensibilidade p\u00f3s-operat\u00f3ria que ocorre em alguns casos com a t\u00e9cnica convencional do folheado de porcelana, uma vez que a colagem \u00e9 realizada sobre o esmalte. Tamb\u00e9m evita ter de utilizar folheados tempor\u00e1rios quando \u00e9 necess\u00e1rio trabalho de laborat\u00f3rio. Os micro folheados s\u00e3o o tratamento de escolha para pequenas modifica\u00e7\u00f5es da cor ou forma do dente.<\/p>\n<blockquote><p><em>Se quiser mudar a apar\u00eancia do seu sorriso, escolha peritos em Est\u00e9tica Dent\u00e1ria em Badajoz. Oferecemos-lhe um estudo gratuito e sem compromisso.<\/em><\/p><\/blockquote>\n","protected":false},"excerpt":{"rendered":"<p>As facetas sem prepara\u00e7\u00e3o ou moagem s\u00e3o o mais recente desenvolvimento na odontologia cosm\u00e9tica conservadora. Pode ser considerado um tratamento revers\u00edvel, uma vez que n\u00e3o \u00e9 necess\u00e1rio moer ou desgastar o dente que ir\u00e1 suportar a faceta dent\u00e1ria. \u00c9 tamb\u00e9m um tratamento indolor, uma vez que n\u00e3o \u00e9 necess\u00e1rio anestesiar o dente, uma vez que [&#8230;]\n","protected":false},"author":2,"featured_media":0,"parent":4110,"menu_order":0,"comment_status":"closed","ping_status":"closed","template":"page-right-sidebar.php","meta":{"_custom_body_class":"","_custom_post_class":""},"acf":[],"yoast_head":"<!-- This site is optimized with the Yoast SEO plugin v18.4.1 - https:\/\/yoast.com\/wordpress\/plugins\/seo\/ -->\n<title>Microcarillas - Imaxilofacial Badajoz<\/title>\n<meta name=\"robots\" content=\"index, follow, max-snippet:-1, max-image-preview:large, max-video-preview:-1\" \/>\n<link rel=\"canonical\" href=\"https:\/\/imaxilofacial.com\/pt-pt\/odontologia\/estetica-dentaria\/micro-mascaras\/\" \/>\n<meta property=\"og:locale\" content=\"pt_PT\" \/>\n<meta property=\"og:type\" content=\"article\" \/>\n<meta property=\"og:title\" content=\"Microcarillas - Imaxilofacial Badajoz\" \/>\n<meta property=\"og:description\" content=\"As facetas sem prepara\u00e7\u00e3o ou moagem s\u00e3o o mais recente desenvolvimento na odontologia cosm\u00e9tica conservadora. Pode ser considerado um tratamento revers\u00edvel, uma vez que n\u00e3o \u00e9 necess\u00e1rio moer ou desgastar o dente que ir\u00e1 suportar a faceta dent\u00e1ria. \u00c9 tamb\u00e9m um tratamento indolor, uma vez que n\u00e3o \u00e9 necess\u00e1rio anestesiar o dente, uma vez que [...]\" \/>\n<meta property=\"og:url\" content=\"https:\/\/imaxilofacial.com\/pt-pt\/odontologia\/estetica-dentaria\/micro-mascaras\/\" \/>\n<meta property=\"og:site_name\" content=\"Instituto Maxilofacial Portugal\" \/>\n<meta property=\"article:publisher\" content=\"https:\/\/www.facebook.com\/Imaxilofacial-878901768819054\/\" \/>\n<meta property=\"article:modified_time\" content=\"2022-04-07T14:57:55+00:00\" \/>\n<meta name=\"twitter:card\" content=\"summary\" \/>\n<meta name=\"twitter:site\" content=\"@BadajozSalud\" \/>\n<meta name=\"twitter:label1\" content=\"Tempo estimado de leitura\" \/>\n\t<meta name=\"twitter:data1\" content=\"2 minutos\" \/>\n<script type=\"application\/ld+json\" class=\"yoast-schema-graph\">{\"@context\":\"https:\/\/schema.org\",\"@graph\":[{\"@type\":\"WebSite\",\"@id\":\"https:\/\/imaxilofacial.com\/#website\",\"url\":\"https:\/\/imaxilofacial.com\/\",\"name\":\"Instituto Maxilofacial Portugal\",\"description\":\"Outro site WordPress\",\"potentialAction\":[{\"@type\":\"SearchAction\",\"target\":{\"@type\":\"EntryPoint\",\"urlTemplate\":\"https:\/\/imaxilofacial.com\/?s={search_term_string}\"},\"query-input\":\"required name=search_term_string\"}],\"inLanguage\":\"pt-PT\"},{\"@type\":\"WebPage\",\"@id\":\"https:\/\/imaxilofacial.com\/pt-pt\/odontologia\/estetica-dentaria\/micro-mascaras\/#webpage\",\"url\":\"https:\/\/imaxilofacial.com\/pt-pt\/odontologia\/estetica-dentaria\/micro-mascaras\/\",\"name\":\"Microcarillas - Imaxilofacial Badajoz\",\"isPartOf\":{\"@id\":\"https:\/\/imaxilofacial.com\/#website\"},\"datePublished\":\"2022-01-20T08:42:50+00:00\",\"dateModified\":\"2022-04-07T14:57:55+00:00\",\"breadcrumb\":{\"@id\":\"https:\/\/imaxilofacial.com\/pt-pt\/odontologia\/estetica-dentaria\/micro-mascaras\/#breadcrumb\"},\"inLanguage\":\"pt-PT\",\"potentialAction\":[{\"@type\":\"ReadAction\",\"target\":[\"https:\/\/imaxilofacial.com\/pt-pt\/odontologia\/estetica-dentaria\/micro-mascaras\/\"]}]},{\"@type\":\"BreadcrumbList\",\"@id\":\"https:\/\/imaxilofacial.com\/pt-pt\/odontologia\/estetica-dentaria\/micro-mascaras\/#breadcrumb\",\"itemListElement\":[{\"@type\":\"ListItem\",\"position\":1,\"name\":\"Instituto Maxilofacial Badajoz\",\"item\":\"https:\/\/imaxilofacial.com\/pt-pt\/\"},{\"@type\":\"ListItem\",\"position\":2,\"name\":\"Odontolog\u00eda\",\"item\":\"https:\/\/imaxilofacial.com\/pt-pt\/odontologia\/\"},{\"@type\":\"ListItem\",\"position\":3,\"name\":\"Est\u00e9tica Dent\u00e1ria\",\"item\":\"https:\/\/imaxilofacial.com\/pt-pt\/odontologia\/estetica-dentaria\/\"},{\"@type\":\"ListItem\",\"position\":4,\"name\":\"Microcarillas\"}]}]}<\/script>\n<!-- \/ Yoast SEO plugin. -->","yoast_head_json":{"title":"Microcarillas - Imaxilofacial Badajoz","robots":{"index":"index","follow":"follow","max-snippet":"max-snippet:-1","max-image-preview":"max-image-preview:large","max-video-preview":"max-video-preview:-1"},"canonical":"https:\/\/imaxilofacial.com\/pt-pt\/odontologia\/estetica-dentaria\/micro-mascaras\/","og_locale":"pt_PT","og_type":"article","og_title":"Microcarillas - Imaxilofacial Badajoz","og_description":"As facetas sem prepara\u00e7\u00e3o ou moagem s\u00e3o o mais recente desenvolvimento na odontologia cosm\u00e9tica conservadora. Pode ser considerado um tratamento revers\u00edvel, uma vez que n\u00e3o \u00e9 necess\u00e1rio moer ou desgastar o dente que ir\u00e1 suportar a faceta dent\u00e1ria. \u00c9 tamb\u00e9m um tratamento indolor, uma vez que n\u00e3o \u00e9 necess\u00e1rio anestesiar o dente, uma vez que [...]","og_url":"https:\/\/imaxilofacial.com\/pt-pt\/odontologia\/estetica-dentaria\/micro-mascaras\/","og_site_name":"Instituto Maxilofacial Portugal","article_publisher":"https:\/\/www.facebook.com\/Imaxilofacial-878901768819054\/","article_modified_time":"2022-04-07T14:57:55+00:00","twitter_card":"summary","twitter_site":"@BadajozSalud","twitter_misc":{"Tempo estimado de leitura":"2 minutos"},"schema":{"@context":"https:\/\/schema.org","@graph":[{"@type":"WebSite","@id":"https:\/\/imaxilofacial.com\/#website","url":"https:\/\/imaxilofacial.com\/","name":"Instituto Maxilofacial Portugal","description":"Outro site WordPress","potentialAction":[{"@type":"SearchAction","target":{"@type":"EntryPoint","urlTemplate":"https:\/\/imaxilofacial.com\/?s={search_term_string}"},"query-input":"required name=search_term_string"}],"inLanguage":"pt-PT"},{"@type":"WebPage","@id":"https:\/\/imaxilofacial.com\/pt-pt\/odontologia\/estetica-dentaria\/micro-mascaras\/#webpage","url":"https:\/\/imaxilofacial.com\/pt-pt\/odontologia\/estetica-dentaria\/micro-mascaras\/","name":"Microcarillas - Imaxilofacial Badajoz","isPartOf":{"@id":"https:\/\/imaxilofacial.com\/#website"},"datePublished":"2022-01-20T08:42:50+00:00","dateModified":"2022-04-07T14:57:55+00:00","breadcrumb":{"@id":"https:\/\/imaxilofacial.com\/pt-pt\/odontologia\/estetica-dentaria\/micro-mascaras\/#breadcrumb"},"inLanguage":"pt-PT","potentialAction":[{"@type":"ReadAction","target":["https:\/\/imaxilofacial.com\/pt-pt\/odontologia\/estetica-dentaria\/micro-mascaras\/"]}]},{"@type":"BreadcrumbList","@id":"https:\/\/imaxilofacial.com\/pt-pt\/odontologia\/estetica-dentaria\/micro-mascaras\/#breadcrumb","itemListElement":[{"@type":"ListItem","position":1,"name":"Instituto Maxilofacial Badajoz","item":"https:\/\/imaxilofacial.com\/pt-pt\/"},{"@type":"ListItem","position":2,"name":"Odontolog\u00eda","item":"https:\/\/imaxilofacial.com\/pt-pt\/odontologia\/"},{"@type":"ListItem","position":3,"name":"Est\u00e9tica Dent\u00e1ria","item":"https:\/\/imaxilofacial.com\/pt-pt\/odontologia\/estetica-dentaria\/"},{"@type":"ListItem","position":4,"name":"Microcarillas"}]}]}},"_links":{"self":[{"href":"https:\/\/imaxilofacial.com\/pt-pt\/wp-json\/wp\/v2\/pages\/4118"}],"collection":[{"href":"https:\/\/imaxilofacial.com\/pt-pt\/wp-json\/wp\/v2\/pages"}],"about":[{"href":"https:\/\/imaxilofacial.com\/pt-pt\/wp-json\/wp\/v2\/types\/page"}],"author":[{"embeddable":true,"href":"https:\/\/imaxilofacial.com\/pt-pt\/wp-json\/wp\/v2\/users\/2"}],"replies":[{"embeddable":true,"href":"https:\/\/imaxilofacial.com\/pt-pt\/wp-json\/wp\/v2\/comments?post=4118"}],"version-history":[{"count":2,"href":"https:\/\/imaxilofacial.com\/pt-pt\/wp-json\/wp\/v2\/pages\/4118\/revisions"}],"predecessor-version":[{"id":4839,"href":"https:\/\/imaxilofacial.com\/pt-pt\/wp-json\/wp\/v2\/pages\/4118\/revisions\/4839"}],"up":[{"embeddable":true,"href":"https:\/\/imaxilofacial.com\/pt-pt\/wp-json\/wp\/v2\/pages\/4110"}],"wp:attachment":[{"href":"https:\/\/imaxilofacial.com\/pt-pt\/wp-json\/wp\/v2\/media?parent=4118"}],"curies":[{"name":"wp","href":"https:\/\/api.w.org\/{rel}","templated":true}]}}