{"id":4251,"date":"2022-01-24T10:14:31","date_gmt":"2022-01-24T10:14:31","guid":{"rendered":"https:\/\/imaxilofacial.com\/cirurgia-plastica-facial\/rinoplastia\/"},"modified":"2022-04-27T09:50:37","modified_gmt":"2022-04-27T09:50:37","slug":"rinoplastia","status":"publish","type":"page","link":"https:\/\/imaxilofacial.com\/pt-pt\/cirurgia-plastica-facial\/rinoplastia\/","title":{"rendered":"Rinoplastia"},"content":{"rendered":"<div class=\"row\"  id=\"row-841359213\">\n\n\t<div id=\"col-301550606\" class=\"col medium-1\/3 large-4\"  >\n\t\t\t\t<div class=\"col-inner\"  >\n\t\t\t\n\t\t\t\n<a href=\"https:\/\/imaxilofacial.com\/wp-content\/uploads\/2015\/09\/me2.jpg\"><img loading=\"lazy\" class=\"alignnone size-medium wp-image-3847\" src=\"https:\/\/imaxilofacial.com\/wp-content\/uploads\/2015\/09\/me2-300x200.jpg\" alt=\"me2\" width=\"300\" height=\"200\" srcset=\"https:\/\/imaxilofacial.com\/wp-content\/uploads\/2015\/09\/me2-300x200.jpg 300w, https:\/\/imaxilofacial.com\/wp-content\/uploads\/2015\/09\/me2.jpg 512w\" sizes=\"(max-width: 300px) 100vw, 300px\" \/><\/a><\/p>\n\t\t<\/div>\n\t\t\t\t\t<\/div>\n\n\t\n\n\t<div id=\"col-1888803241\" class=\"col medium-2\/3 large-8\"  >\n\t\t\t\t<div class=\"col-inner\"  >\n\t\t\t\n\t\t\t\n<blockquote><p> Esta especialidade da cirurgia \u00e9 respons\u00e1vel por modificar a forma e o perfil do nariz, tanto para fins est\u00e9ticos como para aumentar ou diminuir o seu tamanho, alterar a forma da ponta ou do dorso do nariz, estreitar as narinas, como para resolver problemas cong\u00e9nitos, traumas ou problemas respirat\u00f3rios funcionais.<\/p><\/blockquote>\n\t\t<\/div>\n\t\t\t\t\t<\/div>\n\n\t\n<\/div>\n<p>Este tratamento dura entre uma e duas horas, dependendo da complexidade do caso, e requer uma noite de internamento na cl\u00ednica ap\u00f3s a cirurgia. Sob anestesia geral, o osso e a cartilagem s\u00e3o moldados para alcan\u00e7ar o resultado desejado. Quando a opera\u00e7\u00e3o termina, \u00e9 colocada uma tala de gesso sobre o nariz para ajudar a manter a nova forma, juntamente com tamp\u00f5es nasais em ambas as narinas para estabilizar o septo nasal.<\/p>\n<p>Devemos estar conscientes de que estamos a ser operados, pelo que nas primeiras 24-48 horas pode sentir desconforto, como um rosto inchado, dor de cabe\u00e7a, sobre o nariz, mas isto ir\u00e1 diminuir com a medica\u00e7\u00e3o prescrita. Os hematomas estar\u00e3o presentes desde o in\u00edcio e aumentar\u00e3o mesmo de tamanho at\u00e9 atingirem um m\u00e1ximo ap\u00f3s dois ou tr\u00eas dias. Normalmente, dentro de cerca de duas semanas todos estes sintomas desaparecer\u00e3o e o gesso ser\u00e1 removido dentro deste per\u00edodo de duas semanas, o mais tardar. Uma semana \u00e9 normalmente um intervalo de tempo suficiente para continuar com a actividade normal, embora deva ser exclu\u00edda uma actividade extenuante.<\/p>\n<p>O paciente deve ter em mente que estas interven\u00e7\u00f5es t\u00eam resultados muito satisfat\u00f3rios, mas que s\u00f3 s\u00e3o vistas a longo prazo. Mesmo no in\u00edcio, devido aos hematomas e incha\u00e7os, o paciente pode pensar que o resultado n\u00e3o \u00e9 o esperado. Estima-se que o resultado completo seja obtido em aproximadamente um ano.<\/p>\n","protected":false},"excerpt":{"rendered":"<p>Este tratamento dura entre uma e duas horas, dependendo da complexidade do caso, e requer uma noite de internamento na cl\u00ednica ap\u00f3s a cirurgia. Sob anestesia geral, o osso e a cartilagem s\u00e3o moldados para alcan\u00e7ar o resultado desejado. Quando a opera\u00e7\u00e3o termina, \u00e9 colocada uma tala de gesso sobre o nariz para ajudar a [&#8230;]\n","protected":false},"author":1,"featured_media":0,"parent":3838,"menu_order":0,"comment_status":"closed","ping_status":"closed","template":"page-right-sidebar.php","meta":{"_custom_body_class":"","_custom_post_class":""},"acf":[],"yoast_head":"<!-- This site is optimized with the Yoast SEO plugin v18.4.1 - https:\/\/yoast.com\/wordpress\/plugins\/seo\/ -->\n<title>Rinoplastia | Cirurgia no nariz - Imaxilofacial Badajoz<\/title>\n<meta name=\"description\" content=\"Opera\u00e7\u00e3o est\u00e9tico de rinoplastia pela m\u00e3o dos melhores profissionais em Badajoz. Esque\u00e7a os complexos rapidamente, mostre o seu nariz!\" \/>\n<meta name=\"robots\" content=\"index, follow, max-snippet:-1, max-image-preview:large, max-video-preview:-1\" \/>\n<link rel=\"canonical\" href=\"https:\/\/imaxilofacial.com\/pt-pt\/cirurgia-plastica-facial\/rinoplastia\/\" \/>\n<meta property=\"og:locale\" content=\"pt_PT\" \/>\n<meta property=\"og:type\" content=\"article\" \/>\n<meta property=\"og:title\" content=\"Rinoplastia | Cirurgia no nariz - Imaxilofacial Badajoz\" \/>\n<meta property=\"og:description\" content=\"Opera\u00e7\u00e3o est\u00e9tico de rinoplastia pela m\u00e3o dos melhores profissionais em Badajoz. Esque\u00e7a os complexos rapidamente, mostre o seu nariz!\" \/>\n<meta property=\"og:url\" content=\"https:\/\/imaxilofacial.com\/pt-pt\/cirurgia-plastica-facial\/rinoplastia\/\" \/>\n<meta property=\"og:site_name\" content=\"Instituto Maxilofacial Portugal\" \/>\n<meta property=\"article:publisher\" content=\"https:\/\/www.facebook.com\/Imaxilofacial-878901768819054\/\" \/>\n<meta property=\"article:modified_time\" content=\"2022-04-27T09:50:37+00:00\" \/>\n<meta property=\"og:image\" content=\"https:\/\/imaxilofacial.com\/wp-content\/uploads\/2015\/09\/me2-300x200.jpg\" \/>\n<meta name=\"twitter:card\" content=\"summary\" \/>\n<meta name=\"twitter:site\" content=\"@BadajozSalud\" \/>\n<meta name=\"twitter:label1\" content=\"Tempo estimado de leitura\" \/>\n\t<meta name=\"twitter:data1\" content=\"2 minutos\" \/>\n<script type=\"application\/ld+json\" class=\"yoast-schema-graph\">{\"@context\":\"https:\/\/schema.org\",\"@graph\":[{\"@type\":\"WebSite\",\"@id\":\"https:\/\/imaxilofacial.com\/#website\",\"url\":\"https:\/\/imaxilofacial.com\/\",\"name\":\"Instituto Maxilofacial Portugal\",\"description\":\"Outro site WordPress\",\"potentialAction\":[{\"@type\":\"SearchAction\",\"target\":{\"@type\":\"EntryPoint\",\"urlTemplate\":\"https:\/\/imaxilofacial.com\/?s={search_term_string}\"},\"query-input\":\"required name=search_term_string\"}],\"inLanguage\":\"pt-PT\"},{\"@type\":\"ImageObject\",\"@id\":\"https:\/\/imaxilofacial.com\/pt-pt\/cirurgia-plastica-facial\/rinoplastia\/#primaryimage\",\"inLanguage\":\"pt-PT\",\"url\":\"https:\/\/imaxilofacial.com\/wp-content\/uploads\/2015\/09\/me2.jpg\",\"contentUrl\":\"https:\/\/imaxilofacial.com\/wp-content\/uploads\/2015\/09\/me2.jpg\",\"width\":512,\"height\":341},{\"@type\":\"WebPage\",\"@id\":\"https:\/\/imaxilofacial.com\/pt-pt\/cirurgia-plastica-facial\/rinoplastia\/#webpage\",\"url\":\"https:\/\/imaxilofacial.com\/pt-pt\/cirurgia-plastica-facial\/rinoplastia\/\",\"name\":\"Rinoplastia | Cirurgia no nariz - Imaxilofacial Badajoz\",\"isPartOf\":{\"@id\":\"https:\/\/imaxilofacial.com\/#website\"},\"primaryImageOfPage\":{\"@id\":\"https:\/\/imaxilofacial.com\/pt-pt\/cirurgia-plastica-facial\/rinoplastia\/#primaryimage\"},\"datePublished\":\"2022-01-24T10:14:31+00:00\",\"dateModified\":\"2022-04-27T09:50:37+00:00\",\"description\":\"Opera\u00e7\u00e3o est\u00e9tico de rinoplastia pela m\u00e3o dos melhores profissionais em Badajoz. Esque\u00e7a os complexos rapidamente, mostre o seu nariz!\",\"breadcrumb\":{\"@id\":\"https:\/\/imaxilofacial.com\/pt-pt\/cirurgia-plastica-facial\/rinoplastia\/#breadcrumb\"},\"inLanguage\":\"pt-PT\",\"potentialAction\":[{\"@type\":\"ReadAction\",\"target\":[\"https:\/\/imaxilofacial.com\/pt-pt\/cirurgia-plastica-facial\/rinoplastia\/\"]}]},{\"@type\":\"BreadcrumbList\",\"@id\":\"https:\/\/imaxilofacial.com\/pt-pt\/cirurgia-plastica-facial\/rinoplastia\/#breadcrumb\",\"itemListElement\":[{\"@type\":\"ListItem\",\"position\":1,\"name\":\"Instituto Maxilofacial Badajoz\",\"item\":\"https:\/\/imaxilofacial.com\/pt-pt\/\"},{\"@type\":\"ListItem\",\"position\":2,\"name\":\"Cirug\u00eda Plastica Facial\",\"item\":\"https:\/\/imaxilofacial.com\/pt-pt\/cirurgia-plastica-facial\/\"},{\"@type\":\"ListItem\",\"position\":3,\"name\":\"Rinoplastia\"}]}]}<\/script>\n<!-- \/ Yoast SEO plugin. -->","yoast_head_json":{"title":"Rinoplastia | Cirurgia no nariz - Imaxilofacial Badajoz","description":"Opera\u00e7\u00e3o est\u00e9tico de rinoplastia pela m\u00e3o dos melhores profissionais em Badajoz. Esque\u00e7a os complexos rapidamente, mostre o seu nariz!","robots":{"index":"index","follow":"follow","max-snippet":"max-snippet:-1","max-image-preview":"max-image-preview:large","max-video-preview":"max-video-preview:-1"},"canonical":"https:\/\/imaxilofacial.com\/pt-pt\/cirurgia-plastica-facial\/rinoplastia\/","og_locale":"pt_PT","og_type":"article","og_title":"Rinoplastia | Cirurgia no nariz - Imaxilofacial Badajoz","og_description":"Opera\u00e7\u00e3o est\u00e9tico de rinoplastia pela m\u00e3o dos melhores profissionais em Badajoz. Esque\u00e7a os complexos rapidamente, mostre o seu nariz!","og_url":"https:\/\/imaxilofacial.com\/pt-pt\/cirurgia-plastica-facial\/rinoplastia\/","og_site_name":"Instituto Maxilofacial Portugal","article_publisher":"https:\/\/www.facebook.com\/Imaxilofacial-878901768819054\/","article_modified_time":"2022-04-27T09:50:37+00:00","og_image":[{"url":"https:\/\/imaxilofacial.com\/wp-content\/uploads\/2015\/09\/me2-300x200.jpg"}],"twitter_card":"summary","twitter_site":"@BadajozSalud","twitter_misc":{"Tempo estimado de leitura":"2 minutos"},"schema":{"@context":"https:\/\/schema.org","@graph":[{"@type":"WebSite","@id":"https:\/\/imaxilofacial.com\/#website","url":"https:\/\/imaxilofacial.com\/","name":"Instituto Maxilofacial Portugal","description":"Outro site WordPress","potentialAction":[{"@type":"SearchAction","target":{"@type":"EntryPoint","urlTemplate":"https:\/\/imaxilofacial.com\/?s={search_term_string}"},"query-input":"required name=search_term_string"}],"inLanguage":"pt-PT"},{"@type":"ImageObject","@id":"https:\/\/imaxilofacial.com\/pt-pt\/cirurgia-plastica-facial\/rinoplastia\/#primaryimage","inLanguage":"pt-PT","url":"https:\/\/imaxilofacial.com\/wp-content\/uploads\/2015\/09\/me2.jpg","contentUrl":"https:\/\/imaxilofacial.com\/wp-content\/uploads\/2015\/09\/me2.jpg","width":512,"height":341},{"@type":"WebPage","@id":"https:\/\/imaxilofacial.com\/pt-pt\/cirurgia-plastica-facial\/rinoplastia\/#webpage","url":"https:\/\/imaxilofacial.com\/pt-pt\/cirurgia-plastica-facial\/rinoplastia\/","name":"Rinoplastia | Cirurgia no nariz - Imaxilofacial Badajoz","isPartOf":{"@id":"https:\/\/imaxilofacial.com\/#website"},"primaryImageOfPage":{"@id":"https:\/\/imaxilofacial.com\/pt-pt\/cirurgia-plastica-facial\/rinoplastia\/#primaryimage"},"datePublished":"2022-01-24T10:14:31+00:00","dateModified":"2022-04-27T09:50:37+00:00","description":"Opera\u00e7\u00e3o est\u00e9tico de rinoplastia pela m\u00e3o dos melhores profissionais em Badajoz. Esque\u00e7a os complexos rapidamente, mostre o seu nariz!","breadcrumb":{"@id":"https:\/\/imaxilofacial.com\/pt-pt\/cirurgia-plastica-facial\/rinoplastia\/#breadcrumb"},"inLanguage":"pt-PT","potentialAction":[{"@type":"ReadAction","target":["https:\/\/imaxilofacial.com\/pt-pt\/cirurgia-plastica-facial\/rinoplastia\/"]}]},{"@type":"BreadcrumbList","@id":"https:\/\/imaxilofacial.com\/pt-pt\/cirurgia-plastica-facial\/rinoplastia\/#breadcrumb","itemListElement":[{"@type":"ListItem","position":1,"name":"Instituto Maxilofacial Badajoz","item":"https:\/\/imaxilofacial.com\/pt-pt\/"},{"@type":"ListItem","position":2,"name":"Cirug\u00eda Plastica Facial","item":"https:\/\/imaxilofacial.com\/pt-pt\/cirurgia-plastica-facial\/"},{"@type":"ListItem","position":3,"name":"Rinoplastia"}]}]}},"_links":{"self":[{"href":"https:\/\/imaxilofacial.com\/pt-pt\/wp-json\/wp\/v2\/pages\/4251"}],"collection":[{"href":"https:\/\/imaxilofacial.com\/pt-pt\/wp-json\/wp\/v2\/pages"}],"about":[{"href":"https:\/\/imaxilofacial.com\/pt-pt\/wp-json\/wp\/v2\/types\/page"}],"author":[{"embeddable":true,"href":"https:\/\/imaxilofacial.com\/pt-pt\/wp-json\/wp\/v2\/users\/1"}],"replies":[{"embeddable":true,"href":"https:\/\/imaxilofacial.com\/pt-pt\/wp-json\/wp\/v2\/comments?post=4251"}],"version-history":[{"count":7,"href":"https:\/\/imaxilofacial.com\/pt-pt\/wp-json\/wp\/v2\/pages\/4251\/revisions"}],"predecessor-version":[{"id":4942,"href":"https:\/\/imaxilofacial.com\/pt-pt\/wp-json\/wp\/v2\/pages\/4251\/revisions\/4942"}],"up":[{"embeddable":true,"href":"https:\/\/imaxilofacial.com\/pt-pt\/wp-json\/wp\/v2\/pages\/3838"}],"wp:attachment":[{"href":"https:\/\/imaxilofacial.com\/pt-pt\/wp-json\/wp\/v2\/media?parent=4251"}],"curies":[{"name":"wp","href":"https:\/\/api.w.org\/{rel}","templated":true}]}}