{"id":4257,"date":"2022-01-24T10:15:58","date_gmt":"2022-01-24T10:15:58","guid":{"rendered":"https:\/\/imaxilofacial.com\/cirurgia-plastica-facial\/blefaroplastico\/"},"modified":"2022-01-24T10:15:58","modified_gmt":"2022-01-24T10:15:58","slug":"blefaroplastico","status":"publish","type":"page","link":"https:\/\/imaxilofacial.com\/pt-pt\/cirurgia-plastica-facial\/blefaroplastico\/","title":{"rendered":"Blefaropl\u00e1stico"},"content":{"rendered":"<div class=\"row\"  id=\"row-1598364974\">\n\n\t<div id=\"col-1236566917\" class=\"col medium-1\/3 large-4\"  >\n\t\t\t\t<div class=\"col-inner\"  >\n\t\t\t\n\t\t\t\n<img loading=\"lazy\" class=\"alignnone size-medium wp-image-4258\" src=\"https:\/\/imaxilofacial.com\/wp-content\/uploads\/2015\/09\/parp-300x200.jpg\" alt=\"parp\" width=\"300\" height=\"200\" srcset=\"https:\/\/imaxilofacial.com\/wp-content\/uploads\/2015\/09\/parp-300x200.jpg 300w, https:\/\/imaxilofacial.com\/wp-content\/uploads\/2015\/09\/parp.jpg 512w\" sizes=\"(max-width: 300px) 100vw, 300px\" \/><\/p>\n\t\t<\/div>\n\t\t\t\t\t<\/div>\n\n\t\n\n\t<div id=\"col-54760458\" class=\"col medium-2\/3 large-8\"  >\n\t\t\t\t<div class=\"col-inner\"  >\n\t\t\t\n\t\t\t\n<blockquote><p>\u00c9 uma cirurgia \u00e0s p\u00e1lpebras. Um tratamento para remover gordura e excesso de pele das p\u00e1lpebras superiores e inferiores que acentuam sinais de fadiga e causam o envelhecimento do rosto. Em suma, a elimina\u00e7\u00e3o dos sacos bem conhecidos.<\/p><\/blockquote>\n\t\t<\/div>\n\t\t\t\t\t<\/div>\n\n\t\n<\/div>\n<p>Mas este tratamento n\u00e3o deve ser confundido com a elimina\u00e7\u00e3o dos &#8220;p\u00e9s de corvo&#8221;, outras rugas ou a queda das sobrancelhas, para as quais s\u00e3o necess\u00e1rios procedimentos complementares que possam ser realizados simultaneamente.<\/p>\n<p>Este tipo de interven\u00e7\u00f5es, realizadas sob anestesia local mais a semente ou anestesia geral, geralmente duram de uma a tr\u00eas horas e n\u00e3o \u00e9 necess\u00e1rio ficar na cl\u00ednica mais do que algumas horas ap\u00f3s a cirurgia. Durante alguns dias ap\u00f3s a interven\u00e7\u00e3o, aparecer\u00e1 um hematoma nas p\u00e1lpebras secund\u00e1rias \u00e0 manipula\u00e7\u00e3o de tecidos. \u00c9 fundamental para n\u00f3s a comunica\u00e7\u00e3o entre paciente e cirurgi\u00e3o para alcan\u00e7ar resultados realistas e satisfat\u00f3rios.<\/p>\n","protected":false},"excerpt":{"rendered":"<p>Mas este tratamento n\u00e3o deve ser confundido com a elimina\u00e7\u00e3o dos &#8220;p\u00e9s de corvo&#8221;, outras rugas ou a queda das sobrancelhas, para as quais s\u00e3o necess\u00e1rios procedimentos complementares que possam ser realizados simultaneamente. Este tipo de interven\u00e7\u00f5es, realizadas sob anestesia local mais a semente ou anestesia geral, geralmente duram de uma a tr\u00eas horas e [&#8230;]\n","protected":false},"author":1,"featured_media":0,"parent":3838,"menu_order":0,"comment_status":"closed","ping_status":"closed","template":"page-right-sidebar.php","meta":{"_custom_body_class":"","_custom_post_class":""},"acf":[],"yoast_head":"<!-- This site is optimized with the Yoast SEO plugin v18.4.1 - https:\/\/yoast.com\/wordpress\/plugins\/seo\/ -->\n<title>Blefaropl\u00e1stico - Imaxilofacial Badajoz<\/title>\n<meta name=\"description\" content=\"Tratamento de cirurgia blefaropl\u00e1sica ou p\u00e1lpebra para a remo\u00e7\u00e3o dos sacos conhecidos. Cl\u00ednica especializada em cirurgia est\u00e9tica em Badajoz.\" \/>\n<meta name=\"robots\" content=\"index, follow, max-snippet:-1, max-image-preview:large, max-video-preview:-1\" \/>\n<link rel=\"canonical\" href=\"https:\/\/imaxilofacial.com\/pt-pt\/cirurgia-plastica-facial\/blefaroplastico\/\" \/>\n<meta property=\"og:locale\" content=\"pt_PT\" \/>\n<meta property=\"og:type\" content=\"article\" \/>\n<meta property=\"og:title\" content=\"Blefaropl\u00e1stico - Imaxilofacial Badajoz\" \/>\n<meta property=\"og:description\" content=\"Tratamento de cirurgia blefaropl\u00e1sica ou p\u00e1lpebra para a remo\u00e7\u00e3o dos sacos conhecidos. Cl\u00ednica especializada em cirurgia est\u00e9tica em Badajoz.\" \/>\n<meta property=\"og:url\" content=\"https:\/\/imaxilofacial.com\/pt-pt\/cirurgia-plastica-facial\/blefaroplastico\/\" \/>\n<meta property=\"og:site_name\" content=\"Instituto Maxilofacial Portugal\" \/>\n<meta property=\"article:publisher\" content=\"https:\/\/www.facebook.com\/Imaxilofacial-878901768819054\/\" \/>\n<meta property=\"og:image\" content=\"https:\/\/imaxilofacial.com\/wp-content\/uploads\/2015\/09\/parp-300x200.jpg\" \/>\n<meta name=\"twitter:card\" content=\"summary\" \/>\n<meta name=\"twitter:site\" content=\"@BadajozSalud\" \/>\n<meta name=\"twitter:label1\" content=\"Tempo estimado de leitura\" \/>\n\t<meta name=\"twitter:data1\" content=\"1 minuto\" \/>\n<script type=\"application\/ld+json\" class=\"yoast-schema-graph\">{\"@context\":\"https:\/\/schema.org\",\"@graph\":[{\"@type\":\"WebSite\",\"@id\":\"https:\/\/imaxilofacial.com\/#website\",\"url\":\"https:\/\/imaxilofacial.com\/\",\"name\":\"Instituto Maxilofacial Portugal\",\"description\":\"Outro site WordPress\",\"potentialAction\":[{\"@type\":\"SearchAction\",\"target\":{\"@type\":\"EntryPoint\",\"urlTemplate\":\"https:\/\/imaxilofacial.com\/?s={search_term_string}\"},\"query-input\":\"required name=search_term_string\"}],\"inLanguage\":\"pt-PT\"},{\"@type\":\"ImageObject\",\"@id\":\"https:\/\/imaxilofacial.com\/pt-pt\/cirurgia-plastica-facial\/blefaroplastico\/#primaryimage\",\"inLanguage\":\"pt-PT\",\"url\":\"https:\/\/imaxilofacial.com\/wp-content\/uploads\/2015\/09\/parp.jpg\",\"contentUrl\":\"https:\/\/imaxilofacial.com\/wp-content\/uploads\/2015\/09\/parp.jpg\",\"width\":512,\"height\":341},{\"@type\":\"WebPage\",\"@id\":\"https:\/\/imaxilofacial.com\/pt-pt\/cirurgia-plastica-facial\/blefaroplastico\/#webpage\",\"url\":\"https:\/\/imaxilofacial.com\/pt-pt\/cirurgia-plastica-facial\/blefaroplastico\/\",\"name\":\"Blefaropl\u00e1stico - Imaxilofacial Badajoz\",\"isPartOf\":{\"@id\":\"https:\/\/imaxilofacial.com\/#website\"},\"primaryImageOfPage\":{\"@id\":\"https:\/\/imaxilofacial.com\/pt-pt\/cirurgia-plastica-facial\/blefaroplastico\/#primaryimage\"},\"datePublished\":\"2022-01-24T10:15:58+00:00\",\"dateModified\":\"2022-01-24T10:15:58+00:00\",\"description\":\"Tratamento de cirurgia blefaropl\u00e1sica ou p\u00e1lpebra para a remo\u00e7\u00e3o dos sacos conhecidos. Cl\u00ednica especializada em cirurgia est\u00e9tica em Badajoz.\",\"breadcrumb\":{\"@id\":\"https:\/\/imaxilofacial.com\/pt-pt\/cirurgia-plastica-facial\/blefaroplastico\/#breadcrumb\"},\"inLanguage\":\"pt-PT\",\"potentialAction\":[{\"@type\":\"ReadAction\",\"target\":[\"https:\/\/imaxilofacial.com\/pt-pt\/cirurgia-plastica-facial\/blefaroplastico\/\"]}]},{\"@type\":\"BreadcrumbList\",\"@id\":\"https:\/\/imaxilofacial.com\/pt-pt\/cirurgia-plastica-facial\/blefaroplastico\/#breadcrumb\",\"itemListElement\":[{\"@type\":\"ListItem\",\"position\":1,\"name\":\"Instituto Maxilofacial Badajoz\",\"item\":\"https:\/\/imaxilofacial.com\/pt-pt\/\"},{\"@type\":\"ListItem\",\"position\":2,\"name\":\"Cirug\u00eda Plastica Facial\",\"item\":\"https:\/\/imaxilofacial.com\/pt-pt\/cirurgia-plastica-facial\/\"},{\"@type\":\"ListItem\",\"position\":3,\"name\":\"Blefaropl\u00e1stico\"}]}]}<\/script>\n<!-- \/ Yoast SEO plugin. -->","yoast_head_json":{"title":"Blefaropl\u00e1stico - Imaxilofacial Badajoz","description":"Tratamento de cirurgia blefaropl\u00e1sica ou p\u00e1lpebra para a remo\u00e7\u00e3o dos sacos conhecidos. Cl\u00ednica especializada em cirurgia est\u00e9tica em Badajoz.","robots":{"index":"index","follow":"follow","max-snippet":"max-snippet:-1","max-image-preview":"max-image-preview:large","max-video-preview":"max-video-preview:-1"},"canonical":"https:\/\/imaxilofacial.com\/pt-pt\/cirurgia-plastica-facial\/blefaroplastico\/","og_locale":"pt_PT","og_type":"article","og_title":"Blefaropl\u00e1stico - Imaxilofacial Badajoz","og_description":"Tratamento de cirurgia blefaropl\u00e1sica ou p\u00e1lpebra para a remo\u00e7\u00e3o dos sacos conhecidos. Cl\u00ednica especializada em cirurgia est\u00e9tica em Badajoz.","og_url":"https:\/\/imaxilofacial.com\/pt-pt\/cirurgia-plastica-facial\/blefaroplastico\/","og_site_name":"Instituto Maxilofacial Portugal","article_publisher":"https:\/\/www.facebook.com\/Imaxilofacial-878901768819054\/","og_image":[{"url":"https:\/\/imaxilofacial.com\/wp-content\/uploads\/2015\/09\/parp-300x200.jpg"}],"twitter_card":"summary","twitter_site":"@BadajozSalud","twitter_misc":{"Tempo estimado de leitura":"1 minuto"},"schema":{"@context":"https:\/\/schema.org","@graph":[{"@type":"WebSite","@id":"https:\/\/imaxilofacial.com\/#website","url":"https:\/\/imaxilofacial.com\/","name":"Instituto Maxilofacial Portugal","description":"Outro site WordPress","potentialAction":[{"@type":"SearchAction","target":{"@type":"EntryPoint","urlTemplate":"https:\/\/imaxilofacial.com\/?s={search_term_string}"},"query-input":"required name=search_term_string"}],"inLanguage":"pt-PT"},{"@type":"ImageObject","@id":"https:\/\/imaxilofacial.com\/pt-pt\/cirurgia-plastica-facial\/blefaroplastico\/#primaryimage","inLanguage":"pt-PT","url":"https:\/\/imaxilofacial.com\/wp-content\/uploads\/2015\/09\/parp.jpg","contentUrl":"https:\/\/imaxilofacial.com\/wp-content\/uploads\/2015\/09\/parp.jpg","width":512,"height":341},{"@type":"WebPage","@id":"https:\/\/imaxilofacial.com\/pt-pt\/cirurgia-plastica-facial\/blefaroplastico\/#webpage","url":"https:\/\/imaxilofacial.com\/pt-pt\/cirurgia-plastica-facial\/blefaroplastico\/","name":"Blefaropl\u00e1stico - Imaxilofacial Badajoz","isPartOf":{"@id":"https:\/\/imaxilofacial.com\/#website"},"primaryImageOfPage":{"@id":"https:\/\/imaxilofacial.com\/pt-pt\/cirurgia-plastica-facial\/blefaroplastico\/#primaryimage"},"datePublished":"2022-01-24T10:15:58+00:00","dateModified":"2022-01-24T10:15:58+00:00","description":"Tratamento de cirurgia blefaropl\u00e1sica ou p\u00e1lpebra para a remo\u00e7\u00e3o dos sacos conhecidos. Cl\u00ednica especializada em cirurgia est\u00e9tica em Badajoz.","breadcrumb":{"@id":"https:\/\/imaxilofacial.com\/pt-pt\/cirurgia-plastica-facial\/blefaroplastico\/#breadcrumb"},"inLanguage":"pt-PT","potentialAction":[{"@type":"ReadAction","target":["https:\/\/imaxilofacial.com\/pt-pt\/cirurgia-plastica-facial\/blefaroplastico\/"]}]},{"@type":"BreadcrumbList","@id":"https:\/\/imaxilofacial.com\/pt-pt\/cirurgia-plastica-facial\/blefaroplastico\/#breadcrumb","itemListElement":[{"@type":"ListItem","position":1,"name":"Instituto Maxilofacial Badajoz","item":"https:\/\/imaxilofacial.com\/pt-pt\/"},{"@type":"ListItem","position":2,"name":"Cirug\u00eda Plastica Facial","item":"https:\/\/imaxilofacial.com\/pt-pt\/cirurgia-plastica-facial\/"},{"@type":"ListItem","position":3,"name":"Blefaropl\u00e1stico"}]}]}},"_links":{"self":[{"href":"https:\/\/imaxilofacial.com\/pt-pt\/wp-json\/wp\/v2\/pages\/4257"}],"collection":[{"href":"https:\/\/imaxilofacial.com\/pt-pt\/wp-json\/wp\/v2\/pages"}],"about":[{"href":"https:\/\/imaxilofacial.com\/pt-pt\/wp-json\/wp\/v2\/types\/page"}],"author":[{"embeddable":true,"href":"https:\/\/imaxilofacial.com\/pt-pt\/wp-json\/wp\/v2\/users\/1"}],"replies":[{"embeddable":true,"href":"https:\/\/imaxilofacial.com\/pt-pt\/wp-json\/wp\/v2\/comments?post=4257"}],"version-history":[{"count":0,"href":"https:\/\/imaxilofacial.com\/pt-pt\/wp-json\/wp\/v2\/pages\/4257\/revisions"}],"up":[{"embeddable":true,"href":"https:\/\/imaxilofacial.com\/pt-pt\/wp-json\/wp\/v2\/pages\/3838"}],"wp:attachment":[{"href":"https:\/\/imaxilofacial.com\/pt-pt\/wp-json\/wp\/v2\/media?parent=4257"}],"curies":[{"name":"wp","href":"https:\/\/api.w.org\/{rel}","templated":true}]}}