{"id":4259,"date":"2022-01-24T10:16:37","date_gmt":"2022-01-24T10:16:37","guid":{"rendered":"https:\/\/imaxilofacial.com\/cirurgia-plastica-corporal\/cirurgia-aos-seios\/seios-tuberosos\/"},"modified":"2022-01-24T10:16:37","modified_gmt":"2022-01-24T10:16:37","slug":"seios-tuberosos","status":"publish","type":"page","link":"https:\/\/imaxilofacial.com\/pt-pt\/cirurgia-plastica-corporal\/cirurgia-aos-seios\/seios-tuberosos\/","title":{"rendered":"Seios tuberosos"},"content":{"rendered":"<h1>SEIOS TUBEROSOS<\/h1>\n<p>A causa dos seios tuberosos ou da deformidade do peito tubular \u00e9 desconhecida. Pensa-se que a sua origem poderia ter origem no momento do desenvolvimento glandular, na puberdade. Durante o r\u00e1pido desenvolvimento mam\u00e1rio na puberdade e por anormalidades na f\u00e1scia superficial do peito. Nesta fase, as ader\u00eancias entre os tecidos d\u00e9rmicos e musculares originar-se-iam.<\/p>\n<p>Esta malforma\u00e7\u00e3o \u00e9 causada por uma anormalidade na base da mama. Dependendo do grau de envolvimento, caracteriza-se pela aus\u00eancia de expans\u00e3o do polo inferior, parcial ou totalmente, ou de todo o di\u00e2metro da mama. Isto for\u00e7a o peito a crescer atrav\u00e9s da \u00e1rea de maior fraqueza, que \u00e9 a areola. O peito desenvolve-se com uma apar\u00eancia tubular.<\/p>\n<h2>Causas de seios tuberosas<\/h2>\n<p>Existem in\u00fameras teorias para explicar a etiologia desta malforma\u00e7\u00e3o, sendo consideradas de origem cong\u00e9nita que aparecem na puberdade. A etiologia mais aceite \u00e9 o espessamento da f\u00e1scia superficial. A f\u00e1scia superficial da regi\u00e3o peitoral \u00e9 formada pela uni\u00e3o das duas camadas superficiais que continuam a f\u00e1scia de Scarpa. Estas duas camadas formam a f\u00e1scia anterior do m\u00fasculo peitoral, mais grossa na parte superior, e s\u00e3o atravessadas por prolongamentos fibrosos origin\u00e1rios da f\u00e1scia profunda, chamadas ligamentos de Cooper. Este ligamento com a pele constitui os elementos mais importantes do sistema de suspens\u00e3o mam\u00e1ria. Um defeito de desenvolvimento nestes ligamentos e o engrossamento na f\u00e1scia superficial levariam ao desenvolvimento de uma mama tuberosa.<\/p>\n<p>Outras teorias apontam para o d\u00e9fice de vasculariza\u00e7\u00e3o na \u00e1rea peitoral devido a uma malforma\u00e7\u00e3o vascular cong\u00e9nita, dist\u00farbios hormonais, infe\u00e7\u00f5es cong\u00e9nitas ou traumatismo local do bot\u00e3o mam\u00e1rio.<\/p>\n<p>N\u00e3o foi encontrada uma predisposi\u00e7\u00e3o gen\u00e9tica em mulheres com seios tuberosas, embora tenha sido encontrada alguma associa\u00e7\u00e3o entre mulheres da mesma fam\u00edlia.<\/p>\n<h2>Caracter\u00edsticas dos seios tuberosos<\/h2>\n<p>O car\u00e1ter tuberoso de um seio n\u00e3o aparece at\u00e9 ao desenvolvimento pubertal, quando na telarquia a gl\u00e2ndula mam\u00e1ria come\u00e7a a desenvolver-se. O diagn\u00f3stico ser\u00e1 cl\u00ednico. \u00c9 definitivo uma vez que o desenvolvimento pubertal \u00e9 conclu\u00eddo e a malforma\u00e7\u00e3o \u00e9 evidente. Os seios tuberosas s\u00e3o caracterizados por tr\u00eas sinais morfol\u00f3gicos:<\/p>\n<ul>\n<li>Encontraremos sempre uma ranhura submam\u00e1ria alta e estreita.<\/li>\n<li>Uma h\u00e9rni\u00e7\u00e3o glandular maior ou menor atrav\u00e9s do complexo areola-mamilo que \u00e9 distendido.<\/li>\n<li>Mau desenvolvimento dos polos infero-laterais do peito.<\/li>\n<\/ul>\n<p>Assim, dependendo da gravidade na anomalia da base da mama podemos distinguir 3 graus:<\/p>\n<ul>\n<li>Hipoplasia do quadrante inferiomedial. \u00c9 a forma de apresenta\u00e7\u00e3o mais frequente, com 56% dos casos.<\/li>\n<li>Hipoplasia dos dois quadrantes inferiores, com uma frequ\u00eancia de 26%.<\/li>\n<li>III III. Hipoplasia de todos os quadrantes, apresentando uma base mam\u00e1ria m\u00ednima. Esta \u00e9 a forma menos frequente de apresenta\u00e7\u00e3o.<\/li>\n<\/ul>\n<h2>Primeira Consulta<\/h2>\n<p>A primeira consulta \u00e9 essencial para a realiza\u00e7\u00e3o do hist\u00f3rico m\u00e9dico do paciente, um exame completo e para conhecer os objetivos do paciente ao submeter-se ao tratamento cir\u00fargico. O exame cl\u00ednico das mamas \u00e9 essencial para estabelecer a necessidade dos procedimentos cir\u00fargicos necess\u00e1rios para alcan\u00e7ar os resultados desejados pelo paciente.<\/p>\n<h2>Tratamento cir\u00fargico dos seios tuberosos<\/h2>\n<p>O tratamento desta deformidade \u00e9 exclusivamente cir\u00fargico. Com o tratamento cir\u00fargico temos uma apar\u00eancia mais natural do peito. O habitual no tratamento de seios tuberosas \u00e9 combinar diferentes t\u00e9cnicas de cirurgia mam\u00e1ria. \u00c9 geralmente combinado a remodela\u00e7\u00e3o do peito com cirurgia da pele, implante de pr\u00f3tese mam\u00e1ria para fornecer volume, contorno e harmoniz\u00e1-lo com a silhueta do corpo.<\/p>\n<p>O funcionamento dos seios tuberosos varia entre 1 e 2 horas. Executamos sob anestesia geral na sala de opera\u00e7\u00f5es, para maior seguran\u00e7a e conforto. Normalmente, a noite da interven\u00e7\u00e3o \u00e9 passada no hospital, dada a alta na manh\u00e3 seguinte, embora dependa da dimens\u00e3o da interven\u00e7\u00e3o.<\/p>\n<p>A interven\u00e7\u00e3o consiste em corrigir a anomalia morfol\u00f3gica reduzindo e elevando a areola e reconstituindo o segmento mam\u00e1rio que carece de desenvolvimento da pe\u00e7a na parte inferior da mama. Mas, dependendo da situa\u00e7\u00e3o inicial, outras cirurgias na mama podem ser associadas para alcan\u00e7ar o resultado mais natural poss\u00edvel. Se necess\u00e1rio, para conseguir um reequil\u00edbrio dos volumes dos seios, s\u00e3o colocadas pr\u00f3teses mam\u00e1rias, cujo objetivo \u00e9 ajudar a criar um perfil est\u00e9tico e natural.<\/p>\n<blockquote><p><em>Se quiser avaliar o tratamento cir\u00fargico de um seio tuberoso, solicite uma consulta na nossa cl\u00ednica de Cirurgia Pl\u00e1stica em Badajoz.<\/em><\/p><\/blockquote>\n<p>\u200b<\/p>\n<p>&nbsp;<\/p>\n","protected":false},"excerpt":{"rendered":"<p>SEIOS TUBEROSOS A causa dos seios tuberosos ou da deformidade do peito tubular \u00e9 desconhecida. Pensa-se que a sua origem poderia ter origem no momento do desenvolvimento glandular, na puberdade. Durante o r\u00e1pido desenvolvimento mam\u00e1rio na puberdade e por anormalidades na f\u00e1scia superficial do peito. Nesta fase, as ader\u00eancias entre os tecidos d\u00e9rmicos e musculares [&#8230;]\n","protected":false},"author":2,"featured_media":0,"parent":4051,"menu_order":0,"comment_status":"closed","ping_status":"closed","template":"page-right-sidebar.php","meta":{"_custom_body_class":"","_custom_post_class":""},"acf":[],"yoast_head":"<!-- This site is optimized with the Yoast SEO plugin v18.4.1 - https:\/\/yoast.com\/wordpress\/plugins\/seo\/ -->\n<title>Seios tuberosos - Imaxilofacial Badajoz<\/title>\n<meta name=\"description\" content=\"Os seios tuberosos s\u00e3o uma anomalia no desenvolvimento da mama que condiciona a sua apar\u00eancia. A cirurgia \u00e9 o \u00fanico tratamento.\" \/>\n<meta name=\"robots\" content=\"index, follow, max-snippet:-1, max-image-preview:large, max-video-preview:-1\" \/>\n<link rel=\"canonical\" href=\"https:\/\/imaxilofacial.com\/pt-pt\/cirurgia-plastica-corporal\/cirurgia-aos-seios\/seios-tuberosos\/\" \/>\n<meta property=\"og:locale\" content=\"pt_PT\" \/>\n<meta property=\"og:type\" content=\"article\" \/>\n<meta property=\"og:title\" content=\"Seios tuberosos - Imaxilofacial Badajoz\" \/>\n<meta property=\"og:description\" content=\"Os seios tuberosos s\u00e3o uma anomalia no desenvolvimento da mama que condiciona a sua apar\u00eancia. A cirurgia \u00e9 o \u00fanico tratamento.\" \/>\n<meta property=\"og:url\" content=\"https:\/\/imaxilofacial.com\/pt-pt\/cirurgia-plastica-corporal\/cirurgia-aos-seios\/seios-tuberosos\/\" \/>\n<meta property=\"og:site_name\" content=\"Instituto Maxilofacial Portugal\" \/>\n<meta property=\"article:publisher\" content=\"https:\/\/www.facebook.com\/Imaxilofacial-878901768819054\/\" \/>\n<meta name=\"twitter:card\" content=\"summary\" \/>\n<meta name=\"twitter:site\" content=\"@BadajozSalud\" \/>\n<meta name=\"twitter:label1\" content=\"Tempo estimado de leitura\" \/>\n\t<meta name=\"twitter:data1\" content=\"4 minutos\" \/>\n<script type=\"application\/ld+json\" class=\"yoast-schema-graph\">{\"@context\":\"https:\/\/schema.org\",\"@graph\":[{\"@type\":\"WebSite\",\"@id\":\"https:\/\/imaxilofacial.com\/#website\",\"url\":\"https:\/\/imaxilofacial.com\/\",\"name\":\"Instituto Maxilofacial Portugal\",\"description\":\"Outro site WordPress\",\"potentialAction\":[{\"@type\":\"SearchAction\",\"target\":{\"@type\":\"EntryPoint\",\"urlTemplate\":\"https:\/\/imaxilofacial.com\/?s={search_term_string}\"},\"query-input\":\"required name=search_term_string\"}],\"inLanguage\":\"pt-PT\"},{\"@type\":\"WebPage\",\"@id\":\"https:\/\/imaxilofacial.com\/pt-pt\/cirurgia-plastica-corporal\/cirurgia-aos-seios\/seios-tuberosos\/#webpage\",\"url\":\"https:\/\/imaxilofacial.com\/pt-pt\/cirurgia-plastica-corporal\/cirurgia-aos-seios\/seios-tuberosos\/\",\"name\":\"Seios tuberosos - Imaxilofacial Badajoz\",\"isPartOf\":{\"@id\":\"https:\/\/imaxilofacial.com\/#website\"},\"datePublished\":\"2022-01-24T10:16:37+00:00\",\"dateModified\":\"2022-01-24T10:16:37+00:00\",\"description\":\"Os seios tuberosos s\u00e3o uma anomalia no desenvolvimento da mama que condiciona a sua apar\u00eancia. A cirurgia \u00e9 o \u00fanico tratamento.\",\"breadcrumb\":{\"@id\":\"https:\/\/imaxilofacial.com\/pt-pt\/cirurgia-plastica-corporal\/cirurgia-aos-seios\/seios-tuberosos\/#breadcrumb\"},\"inLanguage\":\"pt-PT\",\"potentialAction\":[{\"@type\":\"ReadAction\",\"target\":[\"https:\/\/imaxilofacial.com\/pt-pt\/cirurgia-plastica-corporal\/cirurgia-aos-seios\/seios-tuberosos\/\"]}]},{\"@type\":\"BreadcrumbList\",\"@id\":\"https:\/\/imaxilofacial.com\/pt-pt\/cirurgia-plastica-corporal\/cirurgia-aos-seios\/seios-tuberosos\/#breadcrumb\",\"itemListElement\":[{\"@type\":\"ListItem\",\"position\":1,\"name\":\"Instituto Maxilofacial Badajoz\",\"item\":\"https:\/\/imaxilofacial.com\/pt-pt\/\"},{\"@type\":\"ListItem\",\"position\":2,\"name\":\"Cirug\u00eda Pl\u00e1stica Corporal\",\"item\":\"https:\/\/imaxilofacial.com\/pt-pt\/cirurgia-plastica-corporal\/\"},{\"@type\":\"ListItem\",\"position\":3,\"name\":\"Cirurgia mam\u00e1ria\",\"item\":\"https:\/\/imaxilofacial.com\/pt-pt\/cirurgia-plastica-corporal\/cirurgia-aos-seios\/\"},{\"@type\":\"ListItem\",\"position\":4,\"name\":\"Seios tuberosos\"}]}]}<\/script>\n<!-- \/ Yoast SEO plugin. -->","yoast_head_json":{"title":"Seios tuberosos - Imaxilofacial Badajoz","description":"Os seios tuberosos s\u00e3o uma anomalia no desenvolvimento da mama que condiciona a sua apar\u00eancia. A cirurgia \u00e9 o \u00fanico tratamento.","robots":{"index":"index","follow":"follow","max-snippet":"max-snippet:-1","max-image-preview":"max-image-preview:large","max-video-preview":"max-video-preview:-1"},"canonical":"https:\/\/imaxilofacial.com\/pt-pt\/cirurgia-plastica-corporal\/cirurgia-aos-seios\/seios-tuberosos\/","og_locale":"pt_PT","og_type":"article","og_title":"Seios tuberosos - Imaxilofacial Badajoz","og_description":"Os seios tuberosos s\u00e3o uma anomalia no desenvolvimento da mama que condiciona a sua apar\u00eancia. A cirurgia \u00e9 o \u00fanico tratamento.","og_url":"https:\/\/imaxilofacial.com\/pt-pt\/cirurgia-plastica-corporal\/cirurgia-aos-seios\/seios-tuberosos\/","og_site_name":"Instituto Maxilofacial Portugal","article_publisher":"https:\/\/www.facebook.com\/Imaxilofacial-878901768819054\/","twitter_card":"summary","twitter_site":"@BadajozSalud","twitter_misc":{"Tempo estimado de leitura":"4 minutos"},"schema":{"@context":"https:\/\/schema.org","@graph":[{"@type":"WebSite","@id":"https:\/\/imaxilofacial.com\/#website","url":"https:\/\/imaxilofacial.com\/","name":"Instituto Maxilofacial Portugal","description":"Outro site WordPress","potentialAction":[{"@type":"SearchAction","target":{"@type":"EntryPoint","urlTemplate":"https:\/\/imaxilofacial.com\/?s={search_term_string}"},"query-input":"required name=search_term_string"}],"inLanguage":"pt-PT"},{"@type":"WebPage","@id":"https:\/\/imaxilofacial.com\/pt-pt\/cirurgia-plastica-corporal\/cirurgia-aos-seios\/seios-tuberosos\/#webpage","url":"https:\/\/imaxilofacial.com\/pt-pt\/cirurgia-plastica-corporal\/cirurgia-aos-seios\/seios-tuberosos\/","name":"Seios tuberosos - Imaxilofacial Badajoz","isPartOf":{"@id":"https:\/\/imaxilofacial.com\/#website"},"datePublished":"2022-01-24T10:16:37+00:00","dateModified":"2022-01-24T10:16:37+00:00","description":"Os seios tuberosos s\u00e3o uma anomalia no desenvolvimento da mama que condiciona a sua apar\u00eancia. A cirurgia \u00e9 o \u00fanico tratamento.","breadcrumb":{"@id":"https:\/\/imaxilofacial.com\/pt-pt\/cirurgia-plastica-corporal\/cirurgia-aos-seios\/seios-tuberosos\/#breadcrumb"},"inLanguage":"pt-PT","potentialAction":[{"@type":"ReadAction","target":["https:\/\/imaxilofacial.com\/pt-pt\/cirurgia-plastica-corporal\/cirurgia-aos-seios\/seios-tuberosos\/"]}]},{"@type":"BreadcrumbList","@id":"https:\/\/imaxilofacial.com\/pt-pt\/cirurgia-plastica-corporal\/cirurgia-aos-seios\/seios-tuberosos\/#breadcrumb","itemListElement":[{"@type":"ListItem","position":1,"name":"Instituto Maxilofacial Badajoz","item":"https:\/\/imaxilofacial.com\/pt-pt\/"},{"@type":"ListItem","position":2,"name":"Cirug\u00eda Pl\u00e1stica Corporal","item":"https:\/\/imaxilofacial.com\/pt-pt\/cirurgia-plastica-corporal\/"},{"@type":"ListItem","position":3,"name":"Cirurgia mam\u00e1ria","item":"https:\/\/imaxilofacial.com\/pt-pt\/cirurgia-plastica-corporal\/cirurgia-aos-seios\/"},{"@type":"ListItem","position":4,"name":"Seios tuberosos"}]}]}},"_links":{"self":[{"href":"https:\/\/imaxilofacial.com\/pt-pt\/wp-json\/wp\/v2\/pages\/4259"}],"collection":[{"href":"https:\/\/imaxilofacial.com\/pt-pt\/wp-json\/wp\/v2\/pages"}],"about":[{"href":"https:\/\/imaxilofacial.com\/pt-pt\/wp-json\/wp\/v2\/types\/page"}],"author":[{"embeddable":true,"href":"https:\/\/imaxilofacial.com\/pt-pt\/wp-json\/wp\/v2\/users\/2"}],"replies":[{"embeddable":true,"href":"https:\/\/imaxilofacial.com\/pt-pt\/wp-json\/wp\/v2\/comments?post=4259"}],"version-history":[{"count":0,"href":"https:\/\/imaxilofacial.com\/pt-pt\/wp-json\/wp\/v2\/pages\/4259\/revisions"}],"up":[{"embeddable":true,"href":"https:\/\/imaxilofacial.com\/pt-pt\/wp-json\/wp\/v2\/pages\/4051"}],"wp:attachment":[{"href":"https:\/\/imaxilofacial.com\/pt-pt\/wp-json\/wp\/v2\/media?parent=4259"}],"curies":[{"name":"wp","href":"https:\/\/api.w.org\/{rel}","templated":true}]}}