{"id":4260,"date":"2022-01-24T10:17:09","date_gmt":"2022-01-24T10:17:09","guid":{"rendered":"https:\/\/imaxilofacial.com\/cirurgia-plastica-facial\/proteses-malar\/"},"modified":"2022-01-24T10:17:11","modified_gmt":"2022-01-24T10:17:11","slug":"proteses-malar","status":"publish","type":"page","link":"https:\/\/imaxilofacial.com\/pt-pt\/cirurgia-plastica-facial\/proteses-malar\/","title":{"rendered":"Pr\u00f3teses malar"},"content":{"rendered":"<div class=\"row\"  id=\"row-873605869\">\n\n\t<div id=\"col-310492393\" class=\"col medium-1\/3 large-4\"  >\n\t\t\t\t<div class=\"col-inner\"  >\n\t\t\t\n\t\t\t\n<img loading=\"lazy\" class=\"alignnone size-medium wp-image-4261\" src=\"https:\/\/imaxilofacial.com\/wp-content\/uploads\/2015\/09\/menton1-300x200.jpg\" alt=\"menton\" width=\"300\" height=\"200\" srcset=\"https:\/\/imaxilofacial.com\/wp-content\/uploads\/2015\/09\/menton1-300x200.jpg 300w, https:\/\/imaxilofacial.com\/wp-content\/uploads\/2015\/09\/menton1.jpg 512w\" sizes=\"(max-width: 300px) 100vw, 300px\" \/><\/p>\n\t\t<\/div>\n\t\t\t\t\t<\/div>\n\n\t\n\n\t<div id=\"col-40543796\" class=\"col medium-2\/3 large-8\"  >\n\t\t\t\t<div class=\"col-inner\"  >\n\t\t\t\n\t\t\t\n<blockquote><p>As pr\u00f3teses malar e queixo s\u00e3o implantadas de forma a melhorar as caracter\u00edsticas e melhorar os contornos faciais. Desta forma, destacar\u00e1 a beleza do seu rosto dando-lhe uma estrutura mais harmoniosa e relevos mais equilibrados. Ser realista \u00e9 fundamental para este tipo de interven\u00e7\u00e3o, procuramos uma melhoria est\u00e9tica, mas cada caso \u00e9 diferente.<\/p><\/blockquote>\n\t\t<\/div>\n\t\t\t\t\t<\/div>\n\n\t\n<\/div>\n<p>Numa consulta pr\u00e9via \u00e0 interven\u00e7\u00e3o, \u00e9 realizado um estudo sobre a apar\u00eancia facial real e desejada, as regi\u00f5es que devem ser aumentadas e a quantidade da sua. Este tipo de interven\u00e7\u00e3o n\u00e3o tem grandes complica\u00e7\u00f5es e a sua dura\u00e7\u00e3o \u00e9 geralmente entre uma a duas horas aproximadamente. N\u00e3o \u00e9 necess\u00e1rio internamento hospitalar e os resultados s\u00e3o imediatos. Como em quase todas as cirurgias, n\u00e3o devemos ficar alarmados se encontrarmos inflama\u00e7\u00f5es nas \u00e1reas interventivas, mas ter\u00e1 sempre \u00e0 sua disposi\u00e7\u00e3o a consulta da nossa cl\u00ednica.<\/p>\n","protected":false},"excerpt":{"rendered":"<p>Numa consulta pr\u00e9via \u00e0 interven\u00e7\u00e3o, \u00e9 realizado um estudo sobre a apar\u00eancia facial real e desejada, as regi\u00f5es que devem ser aumentadas e a quantidade da sua. Este tipo de interven\u00e7\u00e3o n\u00e3o tem grandes complica\u00e7\u00f5es e a sua dura\u00e7\u00e3o \u00e9 geralmente entre uma a duas horas aproximadamente. N\u00e3o \u00e9 necess\u00e1rio internamento hospitalar e os resultados [&#8230;]\n","protected":false},"author":1,"featured_media":0,"parent":3838,"menu_order":0,"comment_status":"closed","ping_status":"closed","template":"page-right-sidebar.php","meta":{"_custom_body_class":"","_custom_post_class":""},"acf":[],"yoast_head":"<!-- This site is optimized with the Yoast SEO plugin v18.4.1 - https:\/\/yoast.com\/wordpress\/plugins\/seo\/ -->\n<title>Pr\u00f3teses malar e queixo - Imaxilofacial Badajoz<\/title>\n<meta name=\"description\" content=\"Acentuar a beleza do seu rosto com as nossas pr\u00f3teses malar e queixo. Interven\u00e7\u00e3o r\u00e1pida 2h aprox. sem internamento hospitalar.\" \/>\n<meta name=\"robots\" content=\"index, follow, max-snippet:-1, max-image-preview:large, max-video-preview:-1\" \/>\n<link rel=\"canonical\" href=\"https:\/\/imaxilofacial.com\/pt-pt\/cirurgia-plastica-facial\/proteses-malar\/\" \/>\n<meta property=\"og:locale\" content=\"pt_PT\" \/>\n<meta property=\"og:type\" content=\"article\" \/>\n<meta property=\"og:title\" content=\"Pr\u00f3teses malar e queixo - Imaxilofacial Badajoz\" \/>\n<meta property=\"og:description\" content=\"Acentuar a beleza do seu rosto com as nossas pr\u00f3teses malar e queixo. Interven\u00e7\u00e3o r\u00e1pida 2h aprox. sem internamento hospitalar.\" \/>\n<meta property=\"og:url\" content=\"https:\/\/imaxilofacial.com\/pt-pt\/cirurgia-plastica-facial\/proteses-malar\/\" \/>\n<meta property=\"og:site_name\" content=\"Instituto Maxilofacial Portugal\" \/>\n<meta property=\"article:publisher\" content=\"https:\/\/www.facebook.com\/Imaxilofacial-878901768819054\/\" \/>\n<meta property=\"article:modified_time\" content=\"2022-01-24T10:17:11+00:00\" \/>\n<meta property=\"og:image\" content=\"https:\/\/imaxilofacial.com\/wp-content\/uploads\/2015\/09\/menton1-300x200.jpg\" \/>\n<meta name=\"twitter:card\" content=\"summary\" \/>\n<meta name=\"twitter:site\" content=\"@BadajozSalud\" \/>\n<meta name=\"twitter:label1\" content=\"Tempo estimado de leitura\" \/>\n\t<meta name=\"twitter:data1\" content=\"1 minuto\" \/>\n<script type=\"application\/ld+json\" class=\"yoast-schema-graph\">{\"@context\":\"https:\/\/schema.org\",\"@graph\":[{\"@type\":\"WebSite\",\"@id\":\"https:\/\/imaxilofacial.com\/#website\",\"url\":\"https:\/\/imaxilofacial.com\/\",\"name\":\"Instituto Maxilofacial Portugal\",\"description\":\"Outro site WordPress\",\"potentialAction\":[{\"@type\":\"SearchAction\",\"target\":{\"@type\":\"EntryPoint\",\"urlTemplate\":\"https:\/\/imaxilofacial.com\/?s={search_term_string}\"},\"query-input\":\"required name=search_term_string\"}],\"inLanguage\":\"pt-PT\"},{\"@type\":\"ImageObject\",\"@id\":\"https:\/\/imaxilofacial.com\/pt-pt\/cirurgia-plastica-facial\/proteses-malar\/#primaryimage\",\"inLanguage\":\"pt-PT\",\"url\":\"https:\/\/imaxilofacial.com\/wp-content\/uploads\/2015\/09\/menton1.jpg\",\"contentUrl\":\"https:\/\/imaxilofacial.com\/wp-content\/uploads\/2015\/09\/menton1.jpg\",\"width\":512,\"height\":341},{\"@type\":\"WebPage\",\"@id\":\"https:\/\/imaxilofacial.com\/pt-pt\/cirurgia-plastica-facial\/proteses-malar\/#webpage\",\"url\":\"https:\/\/imaxilofacial.com\/pt-pt\/cirurgia-plastica-facial\/proteses-malar\/\",\"name\":\"Pr\u00f3teses malar e queixo - Imaxilofacial Badajoz\",\"isPartOf\":{\"@id\":\"https:\/\/imaxilofacial.com\/#website\"},\"primaryImageOfPage\":{\"@id\":\"https:\/\/imaxilofacial.com\/pt-pt\/cirurgia-plastica-facial\/proteses-malar\/#primaryimage\"},\"datePublished\":\"2022-01-24T10:17:09+00:00\",\"dateModified\":\"2022-01-24T10:17:11+00:00\",\"description\":\"Acentuar a beleza do seu rosto com as nossas pr\u00f3teses malar e queixo. Interven\u00e7\u00e3o r\u00e1pida 2h aprox. sem internamento hospitalar.\",\"breadcrumb\":{\"@id\":\"https:\/\/imaxilofacial.com\/pt-pt\/cirurgia-plastica-facial\/proteses-malar\/#breadcrumb\"},\"inLanguage\":\"pt-PT\",\"potentialAction\":[{\"@type\":\"ReadAction\",\"target\":[\"https:\/\/imaxilofacial.com\/pt-pt\/cirurgia-plastica-facial\/proteses-malar\/\"]}]},{\"@type\":\"BreadcrumbList\",\"@id\":\"https:\/\/imaxilofacial.com\/pt-pt\/cirurgia-plastica-facial\/proteses-malar\/#breadcrumb\",\"itemListElement\":[{\"@type\":\"ListItem\",\"position\":1,\"name\":\"Instituto Maxilofacial Badajoz\",\"item\":\"https:\/\/imaxilofacial.com\/pt-pt\/\"},{\"@type\":\"ListItem\",\"position\":2,\"name\":\"Cirug\u00eda Plastica Facial\",\"item\":\"https:\/\/imaxilofacial.com\/pt-pt\/cirurgia-plastica-facial\/\"},{\"@type\":\"ListItem\",\"position\":3,\"name\":\"Pr\u00f3teses malar\"}]}]}<\/script>\n<!-- \/ Yoast SEO plugin. -->","yoast_head_json":{"title":"Pr\u00f3teses malar e queixo - Imaxilofacial Badajoz","description":"Acentuar a beleza do seu rosto com as nossas pr\u00f3teses malar e queixo. Interven\u00e7\u00e3o r\u00e1pida 2h aprox. sem internamento hospitalar.","robots":{"index":"index","follow":"follow","max-snippet":"max-snippet:-1","max-image-preview":"max-image-preview:large","max-video-preview":"max-video-preview:-1"},"canonical":"https:\/\/imaxilofacial.com\/pt-pt\/cirurgia-plastica-facial\/proteses-malar\/","og_locale":"pt_PT","og_type":"article","og_title":"Pr\u00f3teses malar e queixo - Imaxilofacial Badajoz","og_description":"Acentuar a beleza do seu rosto com as nossas pr\u00f3teses malar e queixo. Interven\u00e7\u00e3o r\u00e1pida 2h aprox. sem internamento hospitalar.","og_url":"https:\/\/imaxilofacial.com\/pt-pt\/cirurgia-plastica-facial\/proteses-malar\/","og_site_name":"Instituto Maxilofacial Portugal","article_publisher":"https:\/\/www.facebook.com\/Imaxilofacial-878901768819054\/","article_modified_time":"2022-01-24T10:17:11+00:00","og_image":[{"url":"https:\/\/imaxilofacial.com\/wp-content\/uploads\/2015\/09\/menton1-300x200.jpg"}],"twitter_card":"summary","twitter_site":"@BadajozSalud","twitter_misc":{"Tempo estimado de leitura":"1 minuto"},"schema":{"@context":"https:\/\/schema.org","@graph":[{"@type":"WebSite","@id":"https:\/\/imaxilofacial.com\/#website","url":"https:\/\/imaxilofacial.com\/","name":"Instituto Maxilofacial Portugal","description":"Outro site WordPress","potentialAction":[{"@type":"SearchAction","target":{"@type":"EntryPoint","urlTemplate":"https:\/\/imaxilofacial.com\/?s={search_term_string}"},"query-input":"required name=search_term_string"}],"inLanguage":"pt-PT"},{"@type":"ImageObject","@id":"https:\/\/imaxilofacial.com\/pt-pt\/cirurgia-plastica-facial\/proteses-malar\/#primaryimage","inLanguage":"pt-PT","url":"https:\/\/imaxilofacial.com\/wp-content\/uploads\/2015\/09\/menton1.jpg","contentUrl":"https:\/\/imaxilofacial.com\/wp-content\/uploads\/2015\/09\/menton1.jpg","width":512,"height":341},{"@type":"WebPage","@id":"https:\/\/imaxilofacial.com\/pt-pt\/cirurgia-plastica-facial\/proteses-malar\/#webpage","url":"https:\/\/imaxilofacial.com\/pt-pt\/cirurgia-plastica-facial\/proteses-malar\/","name":"Pr\u00f3teses malar e queixo - Imaxilofacial Badajoz","isPartOf":{"@id":"https:\/\/imaxilofacial.com\/#website"},"primaryImageOfPage":{"@id":"https:\/\/imaxilofacial.com\/pt-pt\/cirurgia-plastica-facial\/proteses-malar\/#primaryimage"},"datePublished":"2022-01-24T10:17:09+00:00","dateModified":"2022-01-24T10:17:11+00:00","description":"Acentuar a beleza do seu rosto com as nossas pr\u00f3teses malar e queixo. Interven\u00e7\u00e3o r\u00e1pida 2h aprox. sem internamento hospitalar.","breadcrumb":{"@id":"https:\/\/imaxilofacial.com\/pt-pt\/cirurgia-plastica-facial\/proteses-malar\/#breadcrumb"},"inLanguage":"pt-PT","potentialAction":[{"@type":"ReadAction","target":["https:\/\/imaxilofacial.com\/pt-pt\/cirurgia-plastica-facial\/proteses-malar\/"]}]},{"@type":"BreadcrumbList","@id":"https:\/\/imaxilofacial.com\/pt-pt\/cirurgia-plastica-facial\/proteses-malar\/#breadcrumb","itemListElement":[{"@type":"ListItem","position":1,"name":"Instituto Maxilofacial Badajoz","item":"https:\/\/imaxilofacial.com\/pt-pt\/"},{"@type":"ListItem","position":2,"name":"Cirug\u00eda Plastica Facial","item":"https:\/\/imaxilofacial.com\/pt-pt\/cirurgia-plastica-facial\/"},{"@type":"ListItem","position":3,"name":"Pr\u00f3teses malar"}]}]}},"_links":{"self":[{"href":"https:\/\/imaxilofacial.com\/pt-pt\/wp-json\/wp\/v2\/pages\/4260"}],"collection":[{"href":"https:\/\/imaxilofacial.com\/pt-pt\/wp-json\/wp\/v2\/pages"}],"about":[{"href":"https:\/\/imaxilofacial.com\/pt-pt\/wp-json\/wp\/v2\/types\/page"}],"author":[{"embeddable":true,"href":"https:\/\/imaxilofacial.com\/pt-pt\/wp-json\/wp\/v2\/users\/1"}],"replies":[{"embeddable":true,"href":"https:\/\/imaxilofacial.com\/pt-pt\/wp-json\/wp\/v2\/comments?post=4260"}],"version-history":[{"count":1,"href":"https:\/\/imaxilofacial.com\/pt-pt\/wp-json\/wp\/v2\/pages\/4260\/revisions"}],"predecessor-version":[{"id":4262,"href":"https:\/\/imaxilofacial.com\/pt-pt\/wp-json\/wp\/v2\/pages\/4260\/revisions\/4262"}],"up":[{"embeddable":true,"href":"https:\/\/imaxilofacial.com\/pt-pt\/wp-json\/wp\/v2\/pages\/3838"}],"wp:attachment":[{"href":"https:\/\/imaxilofacial.com\/pt-pt\/wp-json\/wp\/v2\/media?parent=4260"}],"curies":[{"name":"wp","href":"https:\/\/api.w.org\/{rel}","templated":true}]}}