{"id":4267,"date":"2022-01-24T10:18:29","date_gmt":"2022-01-24T10:18:29","guid":{"rendered":"https:\/\/imaxilofacial.com\/cirurgia-plastica-corporal\/cirurgia-aos-seios\/remocao-de-proteses-mamarias\/"},"modified":"2022-01-24T10:18:29","modified_gmt":"2022-01-24T10:18:29","slug":"remocao-de-proteses-mamarias","status":"publish","type":"page","link":"https:\/\/imaxilofacial.com\/pt-pt\/cirurgia-plastica-corporal\/cirurgia-aos-seios\/remocao-de-proteses-mamarias\/","title":{"rendered":"Remo\u00e7\u00e3o de pr\u00f3teses mam\u00e1rias."},"content":{"rendered":"<h1>Remo\u00e7\u00e3o de pr\u00f3teses mam\u00e1rias.<\/h1>\n<h2><strong>RAZ\u00d5ES PARA A REMO\u00c7\u00c3O DAS PR\u00d3TESES MAM\u00c1RIAS.  <\/strong><\/h2>\n<p>H\u00e1 muitas raz\u00f5es pelas quais as mulheres podem optar por ser submetidas a uma cirurgia para remover os implantes mam\u00e1rios. Por vezes relatam que os seus seios s\u00e3o demasiado firmes ou mesmo duros e experimentam dor mam\u00e1ria ou intoler\u00e2ncia ao frio. Algumas mulheres querem remover os implantes mam\u00e1rios porque acreditam que est\u00e3o a ficar infetados ou podem causar algum tipo de doen\u00e7a. Noutras alturas, a raz\u00e3o para remover os implantes \u00e9 que eles s\u00f3 querem ter mamas menores.<\/p>\n<h2><strong>OP\u00c7\u00d5ES PARA A REMO\u00c7\u00c3O DE PR\u00d3TESES MAM\u00c1RIAS.<\/strong><\/h2>\n<p>O procedimento de remo\u00e7\u00e3o do implante mam\u00e1rio em si \u00e9 muito simples. \u00c9 realizado sob anestesia geral na sala de opera\u00e7\u00f5es. Uma vez removidos os implantes mam\u00e1rios, existem pelo menos quatro op\u00e7\u00f5es que uma mulher pode escolher para melhorar a apar\u00eancia da mama ap\u00f3s a remo\u00e7\u00e3o do implante:<\/p>\n<ul>\n<li>REMO\u00c7\u00c3O DO IMPLANTE MAM\u00c1RIO APENAS: Uma mulher pode simplesmente remover os implantes mam\u00e1rios e deixar o peito como tinha antes da cirurgia. Muitas mulheres escolhem esta op\u00e7\u00e3o, especialmente quando os implantes s\u00e3o pequenos e\/ou a mulher tem menos de 45-50 anos.<\/li>\n<\/ul>\n<ul>\n<li>TRANSFER\u00caNCIA DE GORDURA PARA OS PEITOS: Algumas pessoas optam por injetar gordura nos seios num esfor\u00e7o para repor o volume ou o tamanho perdidos dos seios. Isto pode ser feito no momento da remo\u00e7\u00e3o dos implantes ou posteriormente. Logicamente para ser capaz de fazer esta transfer\u00eancia de gordura para o seu peito voc\u00ea deve ter um pouco de gordura em excesso no seu corpo para ser capaz de tom\u00e1-lo. Os locais habituais dos dadores s\u00e3o geralmente a regi\u00e3o abdominal, coxas, zona da anca.<\/li>\n<\/ul>\n<ul>\n<li>LIFTING MAM\u00c1RIO: Nas mulheres mais velhas e nas que t\u00eam grandes implantes, os seios costumam cair ou ca\u00eddos quando os implantes mam\u00e1rios s\u00e3o removidos. Nestes casos, \u00e9 comum realizar um lifting mam\u00e1rio ou uma &#8220;mastopexia&#8221; no momento da remo\u00e7\u00e3o dos implantes mam\u00e1rios. Os liftings tor\u00e1cicos apertam a pele do peito e levantam o peito do peito e do abd\u00f3men superior. os mamilos tamb\u00e9m se levantam. A maioria das mulheres ret\u00e9m a sensa\u00e7\u00e3o do mamilo e recupera uma forma mam\u00e1ria muito mais bonita.<\/li>\n<\/ul>\n<ul>\n<li>LIFTING MAM\u00c1RIO + TRANSFER\u00caNCIA DE GORDURA: Por fim, algumas mulheres optam por fazer uma transfer\u00eancia de gordura e um lifting mam\u00e1rio, ao mesmo tempo que os implantes s\u00e3o removidos. Esta tamb\u00e9m \u00e9 uma op\u00e7\u00e3o se o peito estiver a sagging e os seios forem menores do que o desejado.<\/li>\n<\/ul>\n<p>Se n\u00e3o tens a certeza de que decis\u00e3o tomar, tudo bem. H\u00e1 muitas mulheres que optam por remover os implantes e vivem sem eles por um tempo antes de decidir o que querem fazer.<\/p>\n<h2><strong>PROCEDIMENTO PARA A REMO\u00c7\u00c3O DAS PR\u00d3TESES MAM\u00c1RIAS.<\/strong><\/h2>\n<p>O achatamento ou remo\u00e7\u00e3o do implante \u00e9 uma cirurgia que realizamos na sala de cirurgia sob anestesia geral, mas em ambulat\u00f3rio. Isto significa que voc\u00ea n\u00e3o passa a noite no centro m\u00e9dico, embora alguns pacientes para se sentirem mais confort\u00e1veis podem ficar admitidos, at\u00e9 ao dia seguinte onde vamos v\u00ea-la novamente, verificar a ferida e mudar a ligadura.<\/p>\n<h2><strong>RECUPERA\u00c7\u00c3O E RESULTADOS<\/strong><\/h2>\n<p>A maioria das mulheres relata o m\u00ednimo de desconforto e volta ao trabalho dentro de uma semana a dez dias. Neste tipo de interven\u00e7\u00e3o de remo\u00e7\u00e3o de pr\u00f3teses mam\u00e1rias quase nunca precisamos de usar drenos p\u00f3s-operat\u00f3rios. A maioria dos nossos pacientes de remo\u00e7\u00e3o de implantes mam\u00e1rios est\u00e3o satisfeitos com a sua decis\u00e3o de remover os implantes mam\u00e1rios. Gostam dos seus seios mais pequenos e muitos sentem-se melhor assim que os implantes mam\u00e1rios s\u00e3o removidos.<\/p>\n<p>Se est\u00e1 a pensar em remover a pr\u00f3tese mam\u00e1ria, solicite uma consulta na nossa cl\u00ednica de Cirurgia Pl\u00e1stica em Badajoz, informaremos-o sobre o procedimento e as op\u00e7\u00f5es dispon\u00edveis no seu caso.<\/p>\n<p>&nbsp;<\/p>\n","protected":false},"excerpt":{"rendered":"<p>Remo\u00e7\u00e3o de pr\u00f3teses mam\u00e1rias. RAZ\u00d5ES PARA A REMO\u00c7\u00c3O DAS PR\u00d3TESES MAM\u00c1RIAS. H\u00e1 muitas raz\u00f5es pelas quais as mulheres podem optar por ser submetidas a uma cirurgia para remover os implantes mam\u00e1rios. Por vezes relatam que os seus seios s\u00e3o demasiado firmes ou mesmo duros e experimentam dor mam\u00e1ria ou intoler\u00e2ncia ao frio. Algumas mulheres querem [&#8230;]\n","protected":false},"author":2,"featured_media":0,"parent":4051,"menu_order":0,"comment_status":"closed","ping_status":"closed","template":"page-right-sidebar.php","meta":{"_custom_body_class":"","_custom_post_class":""},"acf":[],"yoast_head":"<!-- This site is optimized with the Yoast SEO plugin v18.4.1 - https:\/\/yoast.com\/wordpress\/plugins\/seo\/ -->\n<title>Remo\u00e7\u00e3o de pr\u00f3teses mam\u00e1rias. - Imaxilofacial Badajoz<\/title>\n<meta name=\"description\" content=\"Em algumas ocasi\u00f5es, devido ao tempo decorrido, devido ao aparecimento de desconforto, \u00e9 necess\u00e1rio proceder \u00e0 remo\u00e7\u00e3o das pr\u00f3teses mam\u00e1rias\" \/>\n<meta name=\"robots\" content=\"index, follow, max-snippet:-1, max-image-preview:large, max-video-preview:-1\" \/>\n<link rel=\"canonical\" href=\"https:\/\/imaxilofacial.com\/pt-pt\/cirurgia-plastica-corporal\/cirurgia-aos-seios\/remocao-de-proteses-mamarias\/\" \/>\n<meta property=\"og:locale\" content=\"pt_PT\" \/>\n<meta property=\"og:type\" content=\"article\" \/>\n<meta property=\"og:title\" content=\"Remo\u00e7\u00e3o de pr\u00f3teses mam\u00e1rias. - Imaxilofacial Badajoz\" \/>\n<meta property=\"og:description\" content=\"Em algumas ocasi\u00f5es, devido ao tempo decorrido, devido ao aparecimento de desconforto, \u00e9 necess\u00e1rio proceder \u00e0 remo\u00e7\u00e3o das pr\u00f3teses mam\u00e1rias\" \/>\n<meta property=\"og:url\" content=\"https:\/\/imaxilofacial.com\/pt-pt\/cirurgia-plastica-corporal\/cirurgia-aos-seios\/remocao-de-proteses-mamarias\/\" \/>\n<meta property=\"og:site_name\" content=\"Instituto Maxilofacial Portugal\" \/>\n<meta property=\"article:publisher\" content=\"https:\/\/www.facebook.com\/Imaxilofacial-878901768819054\/\" \/>\n<meta name=\"twitter:card\" content=\"summary\" \/>\n<meta name=\"twitter:site\" content=\"@BadajozSalud\" \/>\n<meta name=\"twitter:label1\" content=\"Tempo estimado de leitura\" \/>\n\t<meta name=\"twitter:data1\" content=\"3 minutos\" \/>\n<script type=\"application\/ld+json\" class=\"yoast-schema-graph\">{\"@context\":\"https:\/\/schema.org\",\"@graph\":[{\"@type\":\"WebSite\",\"@id\":\"https:\/\/imaxilofacial.com\/#website\",\"url\":\"https:\/\/imaxilofacial.com\/\",\"name\":\"Instituto Maxilofacial Portugal\",\"description\":\"Outro site WordPress\",\"potentialAction\":[{\"@type\":\"SearchAction\",\"target\":{\"@type\":\"EntryPoint\",\"urlTemplate\":\"https:\/\/imaxilofacial.com\/?s={search_term_string}\"},\"query-input\":\"required name=search_term_string\"}],\"inLanguage\":\"pt-PT\"},{\"@type\":\"WebPage\",\"@id\":\"https:\/\/imaxilofacial.com\/pt-pt\/cirurgia-plastica-corporal\/cirurgia-aos-seios\/remocao-de-proteses-mamarias\/#webpage\",\"url\":\"https:\/\/imaxilofacial.com\/pt-pt\/cirurgia-plastica-corporal\/cirurgia-aos-seios\/remocao-de-proteses-mamarias\/\",\"name\":\"Remo\u00e7\u00e3o de pr\u00f3teses mam\u00e1rias. - Imaxilofacial Badajoz\",\"isPartOf\":{\"@id\":\"https:\/\/imaxilofacial.com\/#website\"},\"datePublished\":\"2022-01-24T10:18:29+00:00\",\"dateModified\":\"2022-01-24T10:18:29+00:00\",\"description\":\"Em algumas ocasi\u00f5es, devido ao tempo decorrido, devido ao aparecimento de desconforto, \u00e9 necess\u00e1rio proceder \u00e0 remo\u00e7\u00e3o das pr\u00f3teses mam\u00e1rias\",\"breadcrumb\":{\"@id\":\"https:\/\/imaxilofacial.com\/pt-pt\/cirurgia-plastica-corporal\/cirurgia-aos-seios\/remocao-de-proteses-mamarias\/#breadcrumb\"},\"inLanguage\":\"pt-PT\",\"potentialAction\":[{\"@type\":\"ReadAction\",\"target\":[\"https:\/\/imaxilofacial.com\/pt-pt\/cirurgia-plastica-corporal\/cirurgia-aos-seios\/remocao-de-proteses-mamarias\/\"]}]},{\"@type\":\"BreadcrumbList\",\"@id\":\"https:\/\/imaxilofacial.com\/pt-pt\/cirurgia-plastica-corporal\/cirurgia-aos-seios\/remocao-de-proteses-mamarias\/#breadcrumb\",\"itemListElement\":[{\"@type\":\"ListItem\",\"position\":1,\"name\":\"Instituto Maxilofacial Badajoz\",\"item\":\"https:\/\/imaxilofacial.com\/pt-pt\/\"},{\"@type\":\"ListItem\",\"position\":2,\"name\":\"Cirug\u00eda Pl\u00e1stica Corporal\",\"item\":\"https:\/\/imaxilofacial.com\/pt-pt\/cirurgia-plastica-corporal\/\"},{\"@type\":\"ListItem\",\"position\":3,\"name\":\"Cirurgia mam\u00e1ria\",\"item\":\"https:\/\/imaxilofacial.com\/pt-pt\/cirurgia-plastica-corporal\/cirurgia-aos-seios\/\"},{\"@type\":\"ListItem\",\"position\":4,\"name\":\"Remo\u00e7\u00e3o de pr\u00f3teses mam\u00e1rias.\"}]}]}<\/script>\n<!-- \/ Yoast SEO plugin. -->","yoast_head_json":{"title":"Remo\u00e7\u00e3o de pr\u00f3teses mam\u00e1rias. - Imaxilofacial Badajoz","description":"Em algumas ocasi\u00f5es, devido ao tempo decorrido, devido ao aparecimento de desconforto, \u00e9 necess\u00e1rio proceder \u00e0 remo\u00e7\u00e3o das pr\u00f3teses mam\u00e1rias","robots":{"index":"index","follow":"follow","max-snippet":"max-snippet:-1","max-image-preview":"max-image-preview:large","max-video-preview":"max-video-preview:-1"},"canonical":"https:\/\/imaxilofacial.com\/pt-pt\/cirurgia-plastica-corporal\/cirurgia-aos-seios\/remocao-de-proteses-mamarias\/","og_locale":"pt_PT","og_type":"article","og_title":"Remo\u00e7\u00e3o de pr\u00f3teses mam\u00e1rias. - Imaxilofacial Badajoz","og_description":"Em algumas ocasi\u00f5es, devido ao tempo decorrido, devido ao aparecimento de desconforto, \u00e9 necess\u00e1rio proceder \u00e0 remo\u00e7\u00e3o das pr\u00f3teses mam\u00e1rias","og_url":"https:\/\/imaxilofacial.com\/pt-pt\/cirurgia-plastica-corporal\/cirurgia-aos-seios\/remocao-de-proteses-mamarias\/","og_site_name":"Instituto Maxilofacial Portugal","article_publisher":"https:\/\/www.facebook.com\/Imaxilofacial-878901768819054\/","twitter_card":"summary","twitter_site":"@BadajozSalud","twitter_misc":{"Tempo estimado de leitura":"3 minutos"},"schema":{"@context":"https:\/\/schema.org","@graph":[{"@type":"WebSite","@id":"https:\/\/imaxilofacial.com\/#website","url":"https:\/\/imaxilofacial.com\/","name":"Instituto Maxilofacial Portugal","description":"Outro site WordPress","potentialAction":[{"@type":"SearchAction","target":{"@type":"EntryPoint","urlTemplate":"https:\/\/imaxilofacial.com\/?s={search_term_string}"},"query-input":"required name=search_term_string"}],"inLanguage":"pt-PT"},{"@type":"WebPage","@id":"https:\/\/imaxilofacial.com\/pt-pt\/cirurgia-plastica-corporal\/cirurgia-aos-seios\/remocao-de-proteses-mamarias\/#webpage","url":"https:\/\/imaxilofacial.com\/pt-pt\/cirurgia-plastica-corporal\/cirurgia-aos-seios\/remocao-de-proteses-mamarias\/","name":"Remo\u00e7\u00e3o de pr\u00f3teses mam\u00e1rias. - Imaxilofacial Badajoz","isPartOf":{"@id":"https:\/\/imaxilofacial.com\/#website"},"datePublished":"2022-01-24T10:18:29+00:00","dateModified":"2022-01-24T10:18:29+00:00","description":"Em algumas ocasi\u00f5es, devido ao tempo decorrido, devido ao aparecimento de desconforto, \u00e9 necess\u00e1rio proceder \u00e0 remo\u00e7\u00e3o das pr\u00f3teses mam\u00e1rias","breadcrumb":{"@id":"https:\/\/imaxilofacial.com\/pt-pt\/cirurgia-plastica-corporal\/cirurgia-aos-seios\/remocao-de-proteses-mamarias\/#breadcrumb"},"inLanguage":"pt-PT","potentialAction":[{"@type":"ReadAction","target":["https:\/\/imaxilofacial.com\/pt-pt\/cirurgia-plastica-corporal\/cirurgia-aos-seios\/remocao-de-proteses-mamarias\/"]}]},{"@type":"BreadcrumbList","@id":"https:\/\/imaxilofacial.com\/pt-pt\/cirurgia-plastica-corporal\/cirurgia-aos-seios\/remocao-de-proteses-mamarias\/#breadcrumb","itemListElement":[{"@type":"ListItem","position":1,"name":"Instituto Maxilofacial Badajoz","item":"https:\/\/imaxilofacial.com\/pt-pt\/"},{"@type":"ListItem","position":2,"name":"Cirug\u00eda Pl\u00e1stica Corporal","item":"https:\/\/imaxilofacial.com\/pt-pt\/cirurgia-plastica-corporal\/"},{"@type":"ListItem","position":3,"name":"Cirurgia mam\u00e1ria","item":"https:\/\/imaxilofacial.com\/pt-pt\/cirurgia-plastica-corporal\/cirurgia-aos-seios\/"},{"@type":"ListItem","position":4,"name":"Remo\u00e7\u00e3o de pr\u00f3teses mam\u00e1rias."}]}]}},"_links":{"self":[{"href":"https:\/\/imaxilofacial.com\/pt-pt\/wp-json\/wp\/v2\/pages\/4267"}],"collection":[{"href":"https:\/\/imaxilofacial.com\/pt-pt\/wp-json\/wp\/v2\/pages"}],"about":[{"href":"https:\/\/imaxilofacial.com\/pt-pt\/wp-json\/wp\/v2\/types\/page"}],"author":[{"embeddable":true,"href":"https:\/\/imaxilofacial.com\/pt-pt\/wp-json\/wp\/v2\/users\/2"}],"replies":[{"embeddable":true,"href":"https:\/\/imaxilofacial.com\/pt-pt\/wp-json\/wp\/v2\/comments?post=4267"}],"version-history":[{"count":0,"href":"https:\/\/imaxilofacial.com\/pt-pt\/wp-json\/wp\/v2\/pages\/4267\/revisions"}],"up":[{"embeddable":true,"href":"https:\/\/imaxilofacial.com\/pt-pt\/wp-json\/wp\/v2\/pages\/4051"}],"wp:attachment":[{"href":"https:\/\/imaxilofacial.com\/pt-pt\/wp-json\/wp\/v2\/media?parent=4267"}],"curies":[{"name":"wp","href":"https:\/\/api.w.org\/{rel}","templated":true}]}}