{"id":4270,"date":"2022-01-24T10:20:12","date_gmt":"2022-01-24T10:20:12","guid":{"rendered":"https:\/\/imaxilofacial.com\/cirurgia-oral-e-maxilo-facial\/lesoes-tumorais\/"},"modified":"2022-01-24T10:20:14","modified_gmt":"2022-01-24T10:20:14","slug":"lesoes-tumorais","status":"publish","type":"page","link":"https:\/\/imaxilofacial.com\/pt-pt\/cirurgia-oral-e-maxilo-facial\/lesoes-tumorais\/","title":{"rendered":"Les\u00f5es tumorais"},"content":{"rendered":"<div class=\"row\"  id=\"row-1952946939\">\n\n\t<div id=\"col-1865406082\" class=\"col medium-1\/3 large-4\"  >\n\t\t\t\t<div class=\"col-inner\"  >\n\t\t\t\n\t\t\t\n<img loading=\"lazy\" class=\"alignnone size-full wp-image-4271\" src=\"https:\/\/imaxilofacial.com\/wp-content\/uploads\/2015\/09\/lesiones.jpg\" alt=\"les\u00f5es\" width=\"512\" height=\"341\" srcset=\"https:\/\/imaxilofacial.com\/wp-content\/uploads\/2015\/09\/lesiones.jpg 512w, https:\/\/imaxilofacial.com\/wp-content\/uploads\/2015\/09\/lesiones-300x200.jpg 300w\" sizes=\"(max-width: 512px) 100vw, 512px\" \/><\/p>\n\t\t<\/div>\n\t\t\t\t\t<\/div>\n\n\t\n\n\t<div id=\"col-1067694167\" class=\"col medium-2\/3 large-8\"  >\n\t\t\t\t<div class=\"col-inner\"  >\n\t\t\t\n\t\t\t\n<p>Como em qualquer outra parte do corpo, a cavidade oral \u00e9 suscet\u00edvel a les\u00f5es benignas e malignas que requerem tratamento cir\u00fargico pelo Cirurgi\u00e3o Oral e Maxillofacial.<\/p>\n<blockquote><p>O tabaco e o \u00e1lcool, juntamente com a infe\u00e7\u00e3o pelo papilomav\u00edrus humano (HPV), s\u00e3o os fatores de risco que est\u00e3o mais intimamente relacionados com o desenvolvimento do cancro da cavidade oral.<\/p><\/blockquote>\n<p>O diagn\u00f3stico precoce \u00e9 a chave para um tratamento bem sucedido. \u00c9 aconselh\u00e1vel que, antes de qualquer les\u00e3o de nova apar\u00eancia ou altera\u00e7\u00f5es numa existente, e em que j\u00e1 tenham sido removidos poss\u00edveis irritantes, seja efetuada uma bi\u00f3psia para excluir qualquer natureza maligna. Al\u00e9m disso, existem muitas outras doen\u00e7as sist\u00e9micas que podem ter as suas manifesta\u00e7\u00f5es locais a n\u00edvel intraoral.<\/p>\n\t\t<\/div>\n\t\t\t\t\t<\/div>\n\n\t\n<\/div>\n<div class=\"row\"  id=\"row-2039934845\">\n\n\t<div id=\"col-245410512\" class=\"col medium-1\/2 large-6\"  >\n\t\t\t\t<div class=\"col-inner\"  >\n\t\t\t\n\t\t\t\n<p>Nas gl\u00e2ndulas salivares (gl\u00e2ndulas submaxil\u00edpulas, par\u00f3tidas ou pequenas gl\u00e2ndulas salivares) podem tamb\u00e9m aparecer les\u00f5es tumorais benignas e malignas. Neles podemos encontrar atologiasmalformativa, lithiasica (\u00e9 frequente que haja um aumento no tamanho da gl\u00e2ndula com dor associada \u00e0 ingest\u00e3o de alimentos de sabor \u00e1cido, pela obstru\u00e7\u00e3o causada pela pedra no canal de sa\u00edda da gl\u00e2ndula \u00e0 cavidade oral), inflamat\u00f3ria, infeciosa e tumoral. Qualquer tumor de nova apar\u00eancia, ou que sofra um crescimento recente na regi\u00e3o facial ou cervical requer o seu estudo e tratamento pelo cirurgi\u00e3o maxillofacial. A sensa\u00e7\u00e3o da boca seca tamb\u00e9m \u00e9 comum em rela\u00e7\u00e3o a problemas glandulares ou nos pacientes que tomam v\u00e1rios medicamentos.<\/p>\n\t\t<\/div>\n\t\t\t\t\t<\/div>\n\n\t\n\n\t<div id=\"col-815909415\" class=\"col medium-1\/2 large-6\"  >\n\t\t\t\t<div class=\"col-inner\"  >\n\t\t\t\n\t\t\t\n<blockquote><p>A pele da regi\u00e3o facial est\u00e1 permanentemente exposta \u00e0 radia\u00e7\u00e3o ultravioleta solar. Como resultado da sua a\u00e7\u00e3o, esta localiza\u00e7\u00e3o \u00e9 frequente o aparecimento de tumores da pele tais como c\u00e9lula basal, c\u00e9lula esquamous ou melanomas. Em caso de altera\u00e7\u00f5es na forma ou aparecimento de novos sintomas (comich\u00e3o ou dor) em les\u00f5es de pele pr\u00e9-existentes, n\u00e3o hesite em solicitar uma consulta.<\/p><\/blockquote>\n\t\t<\/div>\n\t\t\t\t\t<\/div>\n\n\t\n<\/div>\n<div id='gallery-1' class='gallery galleryid-4270 gallery-columns-5 gallery-size-thumbnail'><figure class='gallery-item'>\n\t\t\t<div class='gallery-icon landscape'>\n\t\t\t\t<a href='https:\/\/imaxilofacial.com\/wp-content\/uploads\/2015\/09\/1.jpg'><img width=\"150\" height=\"150\" src=\"https:\/\/imaxilofacial.com\/wp-content\/uploads\/2015\/09\/1-150x150.jpg\" class=\"attachment-thumbnail size-thumbnail\" alt=\"\" loading=\"lazy\" \/><\/a>\n\t\t\t<\/div><\/figure><figure class='gallery-item'>\n\t\t\t<div class='gallery-icon landscape'>\n\t\t\t\t<a href='https:\/\/imaxilofacial.com\/wp-content\/uploads\/2015\/09\/2.jpg'><img width=\"150\" height=\"150\" src=\"https:\/\/imaxilofacial.com\/wp-content\/uploads\/2015\/09\/2-150x150.jpg\" class=\"attachment-thumbnail size-thumbnail\" alt=\"\" loading=\"lazy\" \/><\/a>\n\t\t\t<\/div><\/figure><figure class='gallery-item'>\n\t\t\t<div class='gallery-icon landscape'>\n\t\t\t\t<a href='https:\/\/imaxilofacial.com\/wp-content\/uploads\/2015\/09\/3.jpg'><img width=\"150\" height=\"150\" src=\"https:\/\/imaxilofacial.com\/wp-content\/uploads\/2015\/09\/3-150x150.jpg\" class=\"attachment-thumbnail size-thumbnail\" alt=\"\" loading=\"lazy\" \/><\/a>\n\t\t\t<\/div><\/figure><figure class='gallery-item'>\n\t\t\t<div class='gallery-icon landscape'>\n\t\t\t\t<a href='https:\/\/imaxilofacial.com\/wp-content\/uploads\/2015\/09\/4.jpg'><img width=\"150\" height=\"150\" src=\"https:\/\/imaxilofacial.com\/wp-content\/uploads\/2015\/09\/4-150x150.jpg\" class=\"attachment-thumbnail size-thumbnail\" alt=\"\" loading=\"lazy\" \/><\/a>\n\t\t\t<\/div><\/figure><figure class='gallery-item'>\n\t\t\t<div class='gallery-icon landscape'>\n\t\t\t\t<a href='https:\/\/imaxilofacial.com\/wp-content\/uploads\/2015\/09\/5.jpg'><img width=\"150\" height=\"150\" src=\"https:\/\/imaxilofacial.com\/wp-content\/uploads\/2015\/09\/5-150x150.jpg\" class=\"attachment-thumbnail size-thumbnail\" alt=\"\" loading=\"lazy\" \/><\/a>\n\t\t\t<\/div><\/figure>\n\t\t<\/div>\n\n","protected":false},"excerpt":{"rendered":"","protected":false},"author":1,"featured_media":0,"parent":3818,"menu_order":0,"comment_status":"closed","ping_status":"closed","template":"page-right-sidebar.php","meta":{"_custom_body_class":"","_custom_post_class":""},"acf":[],"yoast_head":"<!-- This site is optimized with the Yoast SEO plugin v18.4.1 - https:\/\/yoast.com\/wordpress\/plugins\/seo\/ -->\n<title>Les\u00f5es tumorais - Imaxilofacial Badajoz<\/title>\n<meta name=\"description\" content=\"Cl\u00ednica especializada no tratamento e diagn\u00f3stico de les\u00f5es tumorais. O diagn\u00f3stico precoce \u00e9 a chave para um tratamento bem sucedido.\" \/>\n<meta name=\"robots\" content=\"index, follow, max-snippet:-1, max-image-preview:large, max-video-preview:-1\" \/>\n<link rel=\"canonical\" href=\"https:\/\/imaxilofacial.com\/pt-pt\/cirurgia-oral-e-maxilo-facial\/lesoes-tumorais\/\" \/>\n<meta property=\"og:locale\" content=\"pt_PT\" \/>\n<meta property=\"og:type\" content=\"article\" \/>\n<meta property=\"og:title\" content=\"Les\u00f5es tumorais - Imaxilofacial Badajoz\" \/>\n<meta property=\"og:description\" content=\"Cl\u00ednica especializada no tratamento e diagn\u00f3stico de les\u00f5es tumorais. O diagn\u00f3stico precoce \u00e9 a chave para um tratamento bem sucedido.\" \/>\n<meta property=\"og:url\" content=\"https:\/\/imaxilofacial.com\/pt-pt\/cirurgia-oral-e-maxilo-facial\/lesoes-tumorais\/\" \/>\n<meta property=\"og:site_name\" content=\"Instituto Maxilofacial Portugal\" \/>\n<meta property=\"article:publisher\" content=\"https:\/\/www.facebook.com\/Imaxilofacial-878901768819054\/\" \/>\n<meta property=\"article:modified_time\" content=\"2022-01-24T10:20:14+00:00\" \/>\n<meta property=\"og:image\" content=\"https:\/\/imaxilofacial.com\/wp-content\/uploads\/2015\/09\/lesiones.jpg\" \/>\n<meta name=\"twitter:card\" content=\"summary\" \/>\n<meta name=\"twitter:site\" content=\"@BadajozSalud\" \/>\n<meta name=\"twitter:label1\" content=\"Tempo estimado de leitura\" \/>\n\t<meta name=\"twitter:data1\" content=\"2 minutos\" \/>\n<script type=\"application\/ld+json\" class=\"yoast-schema-graph\">{\"@context\":\"https:\/\/schema.org\",\"@graph\":[{\"@type\":\"WebSite\",\"@id\":\"https:\/\/imaxilofacial.com\/#website\",\"url\":\"https:\/\/imaxilofacial.com\/\",\"name\":\"Instituto Maxilofacial Portugal\",\"description\":\"Outro site WordPress\",\"potentialAction\":[{\"@type\":\"SearchAction\",\"target\":{\"@type\":\"EntryPoint\",\"urlTemplate\":\"https:\/\/imaxilofacial.com\/?s={search_term_string}\"},\"query-input\":\"required name=search_term_string\"}],\"inLanguage\":\"pt-PT\"},{\"@type\":\"ImageObject\",\"@id\":\"https:\/\/imaxilofacial.com\/pt-pt\/cirurgia-oral-e-maxilo-facial\/lesoes-tumorais\/#primaryimage\",\"inLanguage\":\"pt-PT\",\"url\":\"https:\/\/imaxilofacial.com\/wp-content\/uploads\/2015\/09\/lesiones.jpg\",\"contentUrl\":\"https:\/\/imaxilofacial.com\/wp-content\/uploads\/2015\/09\/lesiones.jpg\",\"width\":512,\"height\":341},{\"@type\":\"WebPage\",\"@id\":\"https:\/\/imaxilofacial.com\/pt-pt\/cirurgia-oral-e-maxilo-facial\/lesoes-tumorais\/#webpage\",\"url\":\"https:\/\/imaxilofacial.com\/pt-pt\/cirurgia-oral-e-maxilo-facial\/lesoes-tumorais\/\",\"name\":\"Les\u00f5es tumorais - Imaxilofacial Badajoz\",\"isPartOf\":{\"@id\":\"https:\/\/imaxilofacial.com\/#website\"},\"primaryImageOfPage\":{\"@id\":\"https:\/\/imaxilofacial.com\/pt-pt\/cirurgia-oral-e-maxilo-facial\/lesoes-tumorais\/#primaryimage\"},\"datePublished\":\"2022-01-24T10:20:12+00:00\",\"dateModified\":\"2022-01-24T10:20:14+00:00\",\"description\":\"Cl\u00ednica especializada no tratamento e diagn\u00f3stico de les\u00f5es tumorais. O diagn\u00f3stico precoce \u00e9 a chave para um tratamento bem sucedido.\",\"breadcrumb\":{\"@id\":\"https:\/\/imaxilofacial.com\/pt-pt\/cirurgia-oral-e-maxilo-facial\/lesoes-tumorais\/#breadcrumb\"},\"inLanguage\":\"pt-PT\",\"potentialAction\":[{\"@type\":\"ReadAction\",\"target\":[\"https:\/\/imaxilofacial.com\/pt-pt\/cirurgia-oral-e-maxilo-facial\/lesoes-tumorais\/\"]}]},{\"@type\":\"BreadcrumbList\",\"@id\":\"https:\/\/imaxilofacial.com\/pt-pt\/cirurgia-oral-e-maxilo-facial\/lesoes-tumorais\/#breadcrumb\",\"itemListElement\":[{\"@type\":\"ListItem\",\"position\":1,\"name\":\"Instituto Maxilofacial Badajoz\",\"item\":\"https:\/\/imaxilofacial.com\/pt-pt\/\"},{\"@type\":\"ListItem\",\"position\":2,\"name\":\"Cirug\u00eda Maxilofacial\",\"item\":\"https:\/\/imaxilofacial.com\/pt-pt\/cirugia-maxilofacial\/\"},{\"@type\":\"ListItem\",\"position\":3,\"name\":\"Les\u00f5es tumorais\"}]}]}<\/script>\n<!-- \/ Yoast SEO plugin. -->","yoast_head_json":{"title":"Les\u00f5es tumorais - Imaxilofacial Badajoz","description":"Cl\u00ednica especializada no tratamento e diagn\u00f3stico de les\u00f5es tumorais. O diagn\u00f3stico precoce \u00e9 a chave para um tratamento bem sucedido.","robots":{"index":"index","follow":"follow","max-snippet":"max-snippet:-1","max-image-preview":"max-image-preview:large","max-video-preview":"max-video-preview:-1"},"canonical":"https:\/\/imaxilofacial.com\/pt-pt\/cirurgia-oral-e-maxilo-facial\/lesoes-tumorais\/","og_locale":"pt_PT","og_type":"article","og_title":"Les\u00f5es tumorais - Imaxilofacial Badajoz","og_description":"Cl\u00ednica especializada no tratamento e diagn\u00f3stico de les\u00f5es tumorais. O diagn\u00f3stico precoce \u00e9 a chave para um tratamento bem sucedido.","og_url":"https:\/\/imaxilofacial.com\/pt-pt\/cirurgia-oral-e-maxilo-facial\/lesoes-tumorais\/","og_site_name":"Instituto Maxilofacial Portugal","article_publisher":"https:\/\/www.facebook.com\/Imaxilofacial-878901768819054\/","article_modified_time":"2022-01-24T10:20:14+00:00","og_image":[{"url":"https:\/\/imaxilofacial.com\/wp-content\/uploads\/2015\/09\/lesiones.jpg"}],"twitter_card":"summary","twitter_site":"@BadajozSalud","twitter_misc":{"Tempo estimado de leitura":"2 minutos"},"schema":{"@context":"https:\/\/schema.org","@graph":[{"@type":"WebSite","@id":"https:\/\/imaxilofacial.com\/#website","url":"https:\/\/imaxilofacial.com\/","name":"Instituto Maxilofacial Portugal","description":"Outro site WordPress","potentialAction":[{"@type":"SearchAction","target":{"@type":"EntryPoint","urlTemplate":"https:\/\/imaxilofacial.com\/?s={search_term_string}"},"query-input":"required name=search_term_string"}],"inLanguage":"pt-PT"},{"@type":"ImageObject","@id":"https:\/\/imaxilofacial.com\/pt-pt\/cirurgia-oral-e-maxilo-facial\/lesoes-tumorais\/#primaryimage","inLanguage":"pt-PT","url":"https:\/\/imaxilofacial.com\/wp-content\/uploads\/2015\/09\/lesiones.jpg","contentUrl":"https:\/\/imaxilofacial.com\/wp-content\/uploads\/2015\/09\/lesiones.jpg","width":512,"height":341},{"@type":"WebPage","@id":"https:\/\/imaxilofacial.com\/pt-pt\/cirurgia-oral-e-maxilo-facial\/lesoes-tumorais\/#webpage","url":"https:\/\/imaxilofacial.com\/pt-pt\/cirurgia-oral-e-maxilo-facial\/lesoes-tumorais\/","name":"Les\u00f5es tumorais - Imaxilofacial Badajoz","isPartOf":{"@id":"https:\/\/imaxilofacial.com\/#website"},"primaryImageOfPage":{"@id":"https:\/\/imaxilofacial.com\/pt-pt\/cirurgia-oral-e-maxilo-facial\/lesoes-tumorais\/#primaryimage"},"datePublished":"2022-01-24T10:20:12+00:00","dateModified":"2022-01-24T10:20:14+00:00","description":"Cl\u00ednica especializada no tratamento e diagn\u00f3stico de les\u00f5es tumorais. O diagn\u00f3stico precoce \u00e9 a chave para um tratamento bem sucedido.","breadcrumb":{"@id":"https:\/\/imaxilofacial.com\/pt-pt\/cirurgia-oral-e-maxilo-facial\/lesoes-tumorais\/#breadcrumb"},"inLanguage":"pt-PT","potentialAction":[{"@type":"ReadAction","target":["https:\/\/imaxilofacial.com\/pt-pt\/cirurgia-oral-e-maxilo-facial\/lesoes-tumorais\/"]}]},{"@type":"BreadcrumbList","@id":"https:\/\/imaxilofacial.com\/pt-pt\/cirurgia-oral-e-maxilo-facial\/lesoes-tumorais\/#breadcrumb","itemListElement":[{"@type":"ListItem","position":1,"name":"Instituto Maxilofacial Badajoz","item":"https:\/\/imaxilofacial.com\/pt-pt\/"},{"@type":"ListItem","position":2,"name":"Cirug\u00eda Maxilofacial","item":"https:\/\/imaxilofacial.com\/pt-pt\/cirugia-maxilofacial\/"},{"@type":"ListItem","position":3,"name":"Les\u00f5es tumorais"}]}]}},"_links":{"self":[{"href":"https:\/\/imaxilofacial.com\/pt-pt\/wp-json\/wp\/v2\/pages\/4270"}],"collection":[{"href":"https:\/\/imaxilofacial.com\/pt-pt\/wp-json\/wp\/v2\/pages"}],"about":[{"href":"https:\/\/imaxilofacial.com\/pt-pt\/wp-json\/wp\/v2\/types\/page"}],"author":[{"embeddable":true,"href":"https:\/\/imaxilofacial.com\/pt-pt\/wp-json\/wp\/v2\/users\/1"}],"replies":[{"embeddable":true,"href":"https:\/\/imaxilofacial.com\/pt-pt\/wp-json\/wp\/v2\/comments?post=4270"}],"version-history":[{"count":1,"href":"https:\/\/imaxilofacial.com\/pt-pt\/wp-json\/wp\/v2\/pages\/4270\/revisions"}],"predecessor-version":[{"id":4277,"href":"https:\/\/imaxilofacial.com\/pt-pt\/wp-json\/wp\/v2\/pages\/4270\/revisions\/4277"}],"up":[{"embeddable":true,"href":"https:\/\/imaxilofacial.com\/pt-pt\/wp-json\/wp\/v2\/pages\/3818"}],"wp:attachment":[{"href":"https:\/\/imaxilofacial.com\/pt-pt\/wp-json\/wp\/v2\/media?parent=4270"}],"curies":[{"name":"wp","href":"https:\/\/api.w.org\/{rel}","templated":true}]}}