{"id":4278,"date":"2022-01-24T10:20:34","date_gmt":"2022-01-24T10:20:34","guid":{"rendered":"https:\/\/imaxilofacial.com\/cirurgia-oral-e-maxilo-facial\/cirugia-oral\/disturbios-temporomandibulares\/"},"modified":"2022-01-24T10:20:41","modified_gmt":"2022-01-24T10:20:41","slug":"disturbios-temporomandibulares","status":"publish","type":"page","link":"https:\/\/imaxilofacial.com\/pt-pt\/cirurgia-oral-e-maxilo-facial\/cirugia-oral\/disturbios-temporomandibulares\/","title":{"rendered":"Dist\u00farbios temporomandibulares"},"content":{"rendered":"<div class=\"row\"  id=\"row-1352666636\">\n\n\t<div id=\"col-605496064\" class=\"col medium-1\/2 large-6\"  >\n\t\t\t\t<div class=\"col-inner\"  >\n\t\t\t\n\t\t\t\n<img loading=\"lazy\" class=\"alignnone size-full wp-image-4279\" src=\"https:\/\/imaxilofacial.com\/wp-content\/uploads\/2015\/09\/trasto.jpg\" alt=\"coisa\" width=\"512\" height=\"341\" srcset=\"https:\/\/imaxilofacial.com\/wp-content\/uploads\/2015\/09\/trasto.jpg 512w, https:\/\/imaxilofacial.com\/wp-content\/uploads\/2015\/09\/trasto-300x200.jpg 300w\" sizes=\"(max-width: 512px) 100vw, 512px\" \/><\/p>\n<blockquote><p>&nbsp;<\/p>\n<p>A articula\u00e7\u00e3o temporomandibular est\u00e1 localizada entre o osso temporal, localizado na cabe\u00e7a, e a mand\u00edbula. Como qualquer articula\u00e7\u00e3o, \u00e9 muito suscet\u00edvel a v\u00e1rias patologias, e mais se tivermos em conta a sua elevada atividade ao longo do dia. Mastigando, falando e mesmo durante o sono inconsci\u00eancia esta articula\u00e7\u00e3o est\u00e1 em plena capacidade.<\/p><\/blockquote>\n\t\t<\/div>\n\t\t\t\t\t<\/div>\n\n\t\n\n\t<div id=\"col-1608519780\" class=\"col medium-1\/2 large-6\"  >\n\t\t\t\t<div class=\"col-inner\"  >\n\t\t\t\n\t\t\t\n<p>As doen\u00e7as desta articula\u00e7\u00e3o s\u00e3o bastante comuns, mas apenas uma pequena percentagem dos casos tornam-se suficientemente graves para exigir tratamento cir\u00fargico na articula\u00e7\u00e3o. Por isso, \u00e9 importante que haja um controlo antes das primeiras doen\u00e7as, estabelecendo h\u00e1bitos de comportamento que os impe\u00e7am de ir mais longe e no caso de necessitarem de interven\u00e7\u00e3o cir\u00fargica, escolham o momento mais adequado.<\/p>\n<blockquote><p>Crepita\u00e7\u00f5es articulares ou cliques, dor nas articula\u00e7\u00f5es, impossibilidade funcional ou epis\u00f3dios de bloqueios articulares que alteram o ritmo da vida normal s\u00e3o indica\u00e7\u00f5es de poss\u00edveis patologias nesta articula\u00e7\u00e3o.<\/p><\/blockquote>\n<p>Como h\u00e1 tantos fatores causais poss\u00edveis, \u00e9 necess\u00e1rio um tratamento abrangente para aliviar os sintomas. Este tratamento pode incluir reabilita\u00e7\u00e3o oclusa, substitui\u00e7\u00e3o de dentes perdidos, ajuste oclusal, uso de talas de relaxamento para alcan\u00e7ar a descompress\u00e3o articular, exerc\u00edcios de fisioterapia que atuam na contra\u00e7\u00e3o muscular associada a este processo e uma s\u00e9rie de medidas associadas ao comportamento e alimenta\u00e7\u00e3o com o objetivo de n\u00e3o sobrecarregar a articula\u00e7\u00e3o.<\/p>\n\t\t<\/div>\n\t\t\t\t\t<\/div>\n\n\t\n<\/div>\n","protected":false},"excerpt":{"rendered":"","protected":false},"author":1,"featured_media":0,"parent":3951,"menu_order":0,"comment_status":"closed","ping_status":"closed","template":"page-right-sidebar.php","meta":{"_custom_body_class":"","_custom_post_class":""},"acf":[],"yoast_head":"<!-- This site is optimized with the Yoast SEO plugin v18.4.1 - https:\/\/yoast.com\/wordpress\/plugins\/seo\/ -->\n<title>Dist\u00farbios temporomandibulares - Imaxilofacial Badajoz<\/title>\n<meta name=\"description\" content=\"Tratamento para dist\u00farbios temporomandibulares: rachaduras articulares ou cliques, dor nas articula\u00e7\u00f5es, impossibilidade funcional, bloqueios articulares.\" \/>\n<meta name=\"robots\" content=\"index, follow, max-snippet:-1, max-image-preview:large, max-video-preview:-1\" \/>\n<link rel=\"canonical\" href=\"https:\/\/imaxilofacial.com\/pt-pt\/cirurgia-oral-e-maxilo-facial\/cirugia-oral\/disturbios-temporomandibulares\/\" \/>\n<meta property=\"og:locale\" content=\"pt_PT\" \/>\n<meta property=\"og:type\" content=\"article\" \/>\n<meta property=\"og:title\" content=\"Dist\u00farbios temporomandibulares - Imaxilofacial Badajoz\" \/>\n<meta property=\"og:description\" content=\"Tratamento para dist\u00farbios temporomandibulares: rachaduras articulares ou cliques, dor nas articula\u00e7\u00f5es, impossibilidade funcional, bloqueios articulares.\" \/>\n<meta property=\"og:url\" content=\"https:\/\/imaxilofacial.com\/pt-pt\/cirurgia-oral-e-maxilo-facial\/cirugia-oral\/disturbios-temporomandibulares\/\" \/>\n<meta property=\"og:site_name\" content=\"Instituto Maxilofacial Portugal\" \/>\n<meta property=\"article:publisher\" content=\"https:\/\/www.facebook.com\/Imaxilofacial-878901768819054\/\" \/>\n<meta property=\"article:modified_time\" content=\"2022-01-24T10:20:41+00:00\" \/>\n<meta property=\"og:image\" content=\"https:\/\/imaxilofacial.com\/wp-content\/uploads\/2015\/09\/trasto.jpg\" \/>\n<meta name=\"twitter:card\" content=\"summary\" \/>\n<meta name=\"twitter:site\" content=\"@BadajozSalud\" \/>\n<meta name=\"twitter:label1\" content=\"Tempo estimado de leitura\" \/>\n\t<meta name=\"twitter:data1\" content=\"1 minuto\" \/>\n<script type=\"application\/ld+json\" class=\"yoast-schema-graph\">{\"@context\":\"https:\/\/schema.org\",\"@graph\":[{\"@type\":\"WebSite\",\"@id\":\"https:\/\/imaxilofacial.com\/#website\",\"url\":\"https:\/\/imaxilofacial.com\/\",\"name\":\"Instituto Maxilofacial Portugal\",\"description\":\"Outro site WordPress\",\"potentialAction\":[{\"@type\":\"SearchAction\",\"target\":{\"@type\":\"EntryPoint\",\"urlTemplate\":\"https:\/\/imaxilofacial.com\/?s={search_term_string}\"},\"query-input\":\"required name=search_term_string\"}],\"inLanguage\":\"pt-PT\"},{\"@type\":\"ImageObject\",\"@id\":\"https:\/\/imaxilofacial.com\/pt-pt\/cirurgia-oral-e-maxilo-facial\/cirugia-oral\/disturbios-temporomandibulares\/#primaryimage\",\"inLanguage\":\"pt-PT\",\"url\":\"https:\/\/imaxilofacial.com\/wp-content\/uploads\/2015\/09\/trasto.jpg\",\"contentUrl\":\"https:\/\/imaxilofacial.com\/wp-content\/uploads\/2015\/09\/trasto.jpg\",\"width\":512,\"height\":341},{\"@type\":\"WebPage\",\"@id\":\"https:\/\/imaxilofacial.com\/pt-pt\/cirurgia-oral-e-maxilo-facial\/cirugia-oral\/disturbios-temporomandibulares\/#webpage\",\"url\":\"https:\/\/imaxilofacial.com\/pt-pt\/cirurgia-oral-e-maxilo-facial\/cirugia-oral\/disturbios-temporomandibulares\/\",\"name\":\"Dist\u00farbios temporomandibulares - Imaxilofacial Badajoz\",\"isPartOf\":{\"@id\":\"https:\/\/imaxilofacial.com\/#website\"},\"primaryImageOfPage\":{\"@id\":\"https:\/\/imaxilofacial.com\/pt-pt\/cirurgia-oral-e-maxilo-facial\/cirugia-oral\/disturbios-temporomandibulares\/#primaryimage\"},\"datePublished\":\"2022-01-24T10:20:34+00:00\",\"dateModified\":\"2022-01-24T10:20:41+00:00\",\"description\":\"Tratamento para dist\u00farbios temporomandibulares: rachaduras articulares ou cliques, dor nas articula\u00e7\u00f5es, impossibilidade funcional, bloqueios articulares.\",\"breadcrumb\":{\"@id\":\"https:\/\/imaxilofacial.com\/pt-pt\/cirurgia-oral-e-maxilo-facial\/cirugia-oral\/disturbios-temporomandibulares\/#breadcrumb\"},\"inLanguage\":\"pt-PT\",\"potentialAction\":[{\"@type\":\"ReadAction\",\"target\":[\"https:\/\/imaxilofacial.com\/pt-pt\/cirurgia-oral-e-maxilo-facial\/cirugia-oral\/disturbios-temporomandibulares\/\"]}]},{\"@type\":\"BreadcrumbList\",\"@id\":\"https:\/\/imaxilofacial.com\/pt-pt\/cirurgia-oral-e-maxilo-facial\/cirugia-oral\/disturbios-temporomandibulares\/#breadcrumb\",\"itemListElement\":[{\"@type\":\"ListItem\",\"position\":1,\"name\":\"Instituto Maxilofacial Badajoz\",\"item\":\"https:\/\/imaxilofacial.com\/pt-pt\/\"},{\"@type\":\"ListItem\",\"position\":2,\"name\":\"Cirug\u00eda Maxilofacial\",\"item\":\"https:\/\/imaxilofacial.com\/pt-pt\/cirugia-maxilofacial\/\"},{\"@type\":\"ListItem\",\"position\":3,\"name\":\"Cirug\u00eda Oral\",\"item\":\"https:\/\/imaxilofacial.com\/pt-pt\/cirugia-maxilofacial\/cirugia-oral\/\"},{\"@type\":\"ListItem\",\"position\":4,\"name\":\"Dist\u00farbios temporomandibulares\"}]}]}<\/script>\n<!-- \/ Yoast SEO plugin. -->","yoast_head_json":{"title":"Dist\u00farbios temporomandibulares - Imaxilofacial Badajoz","description":"Tratamento para dist\u00farbios temporomandibulares: rachaduras articulares ou cliques, dor nas articula\u00e7\u00f5es, impossibilidade funcional, bloqueios articulares.","robots":{"index":"index","follow":"follow","max-snippet":"max-snippet:-1","max-image-preview":"max-image-preview:large","max-video-preview":"max-video-preview:-1"},"canonical":"https:\/\/imaxilofacial.com\/pt-pt\/cirurgia-oral-e-maxilo-facial\/cirugia-oral\/disturbios-temporomandibulares\/","og_locale":"pt_PT","og_type":"article","og_title":"Dist\u00farbios temporomandibulares - Imaxilofacial Badajoz","og_description":"Tratamento para dist\u00farbios temporomandibulares: rachaduras articulares ou cliques, dor nas articula\u00e7\u00f5es, impossibilidade funcional, bloqueios articulares.","og_url":"https:\/\/imaxilofacial.com\/pt-pt\/cirurgia-oral-e-maxilo-facial\/cirugia-oral\/disturbios-temporomandibulares\/","og_site_name":"Instituto Maxilofacial Portugal","article_publisher":"https:\/\/www.facebook.com\/Imaxilofacial-878901768819054\/","article_modified_time":"2022-01-24T10:20:41+00:00","og_image":[{"url":"https:\/\/imaxilofacial.com\/wp-content\/uploads\/2015\/09\/trasto.jpg"}],"twitter_card":"summary","twitter_site":"@BadajozSalud","twitter_misc":{"Tempo estimado de leitura":"1 minuto"},"schema":{"@context":"https:\/\/schema.org","@graph":[{"@type":"WebSite","@id":"https:\/\/imaxilofacial.com\/#website","url":"https:\/\/imaxilofacial.com\/","name":"Instituto Maxilofacial Portugal","description":"Outro site WordPress","potentialAction":[{"@type":"SearchAction","target":{"@type":"EntryPoint","urlTemplate":"https:\/\/imaxilofacial.com\/?s={search_term_string}"},"query-input":"required name=search_term_string"}],"inLanguage":"pt-PT"},{"@type":"ImageObject","@id":"https:\/\/imaxilofacial.com\/pt-pt\/cirurgia-oral-e-maxilo-facial\/cirugia-oral\/disturbios-temporomandibulares\/#primaryimage","inLanguage":"pt-PT","url":"https:\/\/imaxilofacial.com\/wp-content\/uploads\/2015\/09\/trasto.jpg","contentUrl":"https:\/\/imaxilofacial.com\/wp-content\/uploads\/2015\/09\/trasto.jpg","width":512,"height":341},{"@type":"WebPage","@id":"https:\/\/imaxilofacial.com\/pt-pt\/cirurgia-oral-e-maxilo-facial\/cirugia-oral\/disturbios-temporomandibulares\/#webpage","url":"https:\/\/imaxilofacial.com\/pt-pt\/cirurgia-oral-e-maxilo-facial\/cirugia-oral\/disturbios-temporomandibulares\/","name":"Dist\u00farbios temporomandibulares - Imaxilofacial Badajoz","isPartOf":{"@id":"https:\/\/imaxilofacial.com\/#website"},"primaryImageOfPage":{"@id":"https:\/\/imaxilofacial.com\/pt-pt\/cirurgia-oral-e-maxilo-facial\/cirugia-oral\/disturbios-temporomandibulares\/#primaryimage"},"datePublished":"2022-01-24T10:20:34+00:00","dateModified":"2022-01-24T10:20:41+00:00","description":"Tratamento para dist\u00farbios temporomandibulares: rachaduras articulares ou cliques, dor nas articula\u00e7\u00f5es, impossibilidade funcional, bloqueios articulares.","breadcrumb":{"@id":"https:\/\/imaxilofacial.com\/pt-pt\/cirurgia-oral-e-maxilo-facial\/cirugia-oral\/disturbios-temporomandibulares\/#breadcrumb"},"inLanguage":"pt-PT","potentialAction":[{"@type":"ReadAction","target":["https:\/\/imaxilofacial.com\/pt-pt\/cirurgia-oral-e-maxilo-facial\/cirugia-oral\/disturbios-temporomandibulares\/"]}]},{"@type":"BreadcrumbList","@id":"https:\/\/imaxilofacial.com\/pt-pt\/cirurgia-oral-e-maxilo-facial\/cirugia-oral\/disturbios-temporomandibulares\/#breadcrumb","itemListElement":[{"@type":"ListItem","position":1,"name":"Instituto Maxilofacial Badajoz","item":"https:\/\/imaxilofacial.com\/pt-pt\/"},{"@type":"ListItem","position":2,"name":"Cirug\u00eda Maxilofacial","item":"https:\/\/imaxilofacial.com\/pt-pt\/cirugia-maxilofacial\/"},{"@type":"ListItem","position":3,"name":"Cirug\u00eda Oral","item":"https:\/\/imaxilofacial.com\/pt-pt\/cirugia-maxilofacial\/cirugia-oral\/"},{"@type":"ListItem","position":4,"name":"Dist\u00farbios temporomandibulares"}]}]}},"_links":{"self":[{"href":"https:\/\/imaxilofacial.com\/pt-pt\/wp-json\/wp\/v2\/pages\/4278"}],"collection":[{"href":"https:\/\/imaxilofacial.com\/pt-pt\/wp-json\/wp\/v2\/pages"}],"about":[{"href":"https:\/\/imaxilofacial.com\/pt-pt\/wp-json\/wp\/v2\/types\/page"}],"author":[{"embeddable":true,"href":"https:\/\/imaxilofacial.com\/pt-pt\/wp-json\/wp\/v2\/users\/1"}],"replies":[{"embeddable":true,"href":"https:\/\/imaxilofacial.com\/pt-pt\/wp-json\/wp\/v2\/comments?post=4278"}],"version-history":[{"count":1,"href":"https:\/\/imaxilofacial.com\/pt-pt\/wp-json\/wp\/v2\/pages\/4278\/revisions"}],"predecessor-version":[{"id":4280,"href":"https:\/\/imaxilofacial.com\/pt-pt\/wp-json\/wp\/v2\/pages\/4278\/revisions\/4280"}],"up":[{"embeddable":true,"href":"https:\/\/imaxilofacial.com\/pt-pt\/wp-json\/wp\/v2\/pages\/3951"}],"wp:attachment":[{"href":"https:\/\/imaxilofacial.com\/pt-pt\/wp-json\/wp\/v2\/media?parent=4278"}],"curies":[{"name":"wp","href":"https:\/\/api.w.org\/{rel}","templated":true}]}}