{"id":4284,"date":"2022-01-24T10:23:15","date_gmt":"2022-01-24T10:23:15","guid":{"rendered":"https:\/\/imaxilofacial.com\/cirurgia-plastica-corporal\/cirurgia-aos-seios\/ginecomastia\/"},"modified":"2022-01-24T10:23:18","modified_gmt":"2022-01-24T10:23:18","slug":"ginecomastia","status":"publish","type":"page","link":"https:\/\/imaxilofacial.com\/pt-pt\/cirurgia-plastica-corporal\/cirurgia-aos-seios\/ginecomastia\/","title":{"rendered":"Ginecomastia"},"content":{"rendered":"<h1>Ginecomastia<\/h1>\n<h2><strong>QUAL \u00c9 O TRATAMENTO DA GINECOMASTIA?<\/strong><\/h2>\n<p>Os seios masculinos podem formar-se a partir de tecidos gordos e glandulares. Gynecomastia \u00e9 o aumento do volume do seio masculino. A cirurgia de redu\u00e7\u00e3o mam\u00e1ria masculina \u00e9 realizada em ambulat\u00f3rio sob anestesia geral. O procedimento pode demorar de uma a tr\u00eas horas, dependendo do grau de corre\u00e7\u00e3o. O procedimento pode ser realizado atrav\u00e9s de lipoaspira\u00e7\u00e3o ou de uma excis\u00e3o cir\u00fargica mais tradicional.<\/p>\n<h2><strong>CAUSAS DA GYNECOMASTIA<\/strong><\/h2>\n<p>A ginecomastia pode estar associada \u00e0 obesidade, ao desequil\u00edbrio do metabolismo hormonal, \u00e0 doen\u00e7a hep\u00e1tica ou \u00e0s causas medicinais. Antes de escolher a solu\u00e7\u00e3o cir\u00fargica para ginecomastia, recomenda-se um per\u00edodo de dieta e exerc\u00edcio para ver se a sua condi\u00e7\u00e3o pode resolver naturalmente.<\/p>\n<p>Gynecomastia ocorre quando h\u00e1 um desequil\u00edbrio de hormonas em uma crian\u00e7a ou homem. Quando o corpo de um homem produz demasiado estrog\u00e9nio, pode fazer com que o tecido mam\u00e1rio masculino incha. Muitos fatores podem criar este desequil\u00edbrio hormonal entre testosterona e estrog\u00e9nio:<\/p>\n<p>Uma pessoa obesa \u00e9 mais vulner\u00e1vel a produzir mais estrog\u00e9nio<\/p>\n<ul>\n<li>O cancro nas gl\u00e2ndulas suprarrenais ou pituit\u00e1rias pode levar \u00e0 ginecomastia.<\/li>\n<li>Gynecomastia \u00e9 frequentemente gerada por mudan\u00e7as no corpo durante a puberdade e no processo de envelhecimento.<\/li>\n<li>Se houver uma les\u00e3o ou doen\u00e7a que possa alterar os test\u00edculos, onde a testosterona \u00e9 produzida.<\/li>\n<li>Se houver um problema de tiroide devido \u00e0s hormonas na gl\u00e2ndula tiroide que influenciam o crescimento, incluindo o desenvolvimento sexual.<\/li>\n<li>A insufici\u00eancia renal ou a doen\u00e7a hep\u00e1tica tamb\u00e9m podem causar ginecomastia.<\/li>\n<\/ul>\n<p>Se o exame m\u00e9dico excluir todas estas causas, o pr\u00f3ximo passo do tratamento ser\u00e1 cir\u00fargico.<\/p>\n<h2><strong>PROCEDIMENTOS PARA TRATAR GYNECOMASTIA<\/strong><\/h2>\n<p>Durante a consulta, vamos ajud\u00e1-lo a sentir-se confort\u00e1vel explicando os objetivos da cirurgia e expectativas, e seu cirurgi\u00e3o ir\u00e1 avaliar a sua anatomia existente para determinar a causa do seu alargamento da mama.<\/p>\n<ol start=\"2\">\n<li>Lipoaspira\u00e7\u00e3o: Se a ginecomastia for causada principalmente pela hipertrofia do tecido adiposo, o seu cirurgi\u00e3o pl\u00e1stico recomendar\u00e1 um procedimento de lipoaspira\u00e7\u00e3o. A cirurgia de lipoaspira\u00e7\u00e3o pode remover dep\u00f3sitos localizados indesejados de c\u00e9lulas de gordura do corpo. Uma c\u00e2nula \u00e9 inserida atrav\u00e9s de uma pequena incis\u00e3o para remover o excesso de c\u00e9lulas de gordura. O resultado \u00e9 uma remodela\u00e7\u00e3o tor\u00e1cica em contornos mais atraentes.<\/li>\n<li>EXCIS\u00c3O CIR\u00daRGICA TRADICIONAL: Se a ginecomastia \u00e9 o resultado de uma desordem glandular em vez de tecido adiposo, a lipoaspira\u00e7\u00e3o por si s\u00f3 provavelmente n\u00e3o \u00e9 adequada. Uma excis\u00e3o cir\u00fargica tradicional pode ser uma op\u00e7\u00e3o melhor. A excis\u00e3o pode ser realizada sozinha ou em conjunto com a lipoaspira\u00e7\u00e3o. Normalmente, a incis\u00e3o \u00e9 colocada na borda da areola, na \u00e1rea colorida do mamilo, ou na \u00e1rea da axila. O seu cirurgi\u00e3o trabalhar\u00e1 atrav\u00e9s destas incis\u00f5es para cortar o excesso de tecido glandular, gordura e pele mam\u00e1ria.<\/li>\n<\/ol>\n<h2><strong>\u00c9 CANDIDATO A UMA CIRURGIA DE REDU\u00c7\u00c3O?<\/strong><\/h2>\n<p>Qualquer homem que se incomode com o tamanho dos seus seios e se sinta consciente da sua imagem \u00e9 um bom candidato para a cirurgia de redu\u00e7\u00e3o mam\u00e1ria masculina. Deve ser saud\u00e1vel com um peso est\u00e1vel e ser um n\u00e3o fumador e n\u00e3o-drogado. \u00c9 importante que o desenvolvimento dos seios tenha estabilizado.<\/p>\n<p>Se tiver peitos alargados e quiser reduzir o seu tamanho, solicite uma consulta com o nosso <a href=\"https:\/\/imaxilofacial.com\/contacto\/\">cirurgi\u00e3o pl\u00e1stico em Badajoz<\/a> para avalia\u00e7\u00e3o. Ele ir\u00e1 inform\u00e1-lo sobre as op\u00e7\u00f5es e o que pode alcan\u00e7ar com um procedimento de redu\u00e7\u00e3o mam\u00e1ria.<\/p>\n","protected":false},"excerpt":{"rendered":"<p>Ginecomastia QUAL \u00c9 O TRATAMENTO DA GINECOMASTIA? Os seios masculinos podem formar-se a partir de tecidos gordos e glandulares. Gynecomastia \u00e9 o aumento do volume do seio masculino. A cirurgia de redu\u00e7\u00e3o mam\u00e1ria masculina \u00e9 realizada em ambulat\u00f3rio sob anestesia geral. O procedimento pode demorar de uma a tr\u00eas horas, dependendo do grau de corre\u00e7\u00e3o. [&#8230;]\n","protected":false},"author":2,"featured_media":0,"parent":4051,"menu_order":0,"comment_status":"closed","ping_status":"closed","template":"page-right-sidebar.php","meta":{"_custom_body_class":"","_custom_post_class":""},"acf":[],"yoast_head":"<!-- This site is optimized with the Yoast SEO plugin v18.4.1 - https:\/\/yoast.com\/wordpress\/plugins\/seo\/ -->\n<title>Ginecomastia - Imaxilofacial Badajoz<\/title>\n<meta name=\"description\" content=\"Gynecomastia \u00e9 o aumento do tamanho do seio masculino, \u00e9 um processo raro, mas que causa rejei\u00e7\u00e3o em quem sofre com ele.\" \/>\n<meta name=\"robots\" content=\"index, follow, max-snippet:-1, max-image-preview:large, max-video-preview:-1\" \/>\n<link rel=\"canonical\" href=\"https:\/\/imaxilofacial.com\/pt-pt\/cirurgia-plastica-corporal\/cirurgia-aos-seios\/ginecomastia\/\" \/>\n<meta property=\"og:locale\" content=\"pt_PT\" \/>\n<meta property=\"og:type\" content=\"article\" \/>\n<meta property=\"og:title\" content=\"Ginecomastia - Imaxilofacial Badajoz\" \/>\n<meta property=\"og:description\" content=\"Gynecomastia \u00e9 o aumento do tamanho do seio masculino, \u00e9 um processo raro, mas que causa rejei\u00e7\u00e3o em quem sofre com ele.\" \/>\n<meta property=\"og:url\" content=\"https:\/\/imaxilofacial.com\/pt-pt\/cirurgia-plastica-corporal\/cirurgia-aos-seios\/ginecomastia\/\" \/>\n<meta property=\"og:site_name\" content=\"Instituto Maxilofacial Portugal\" \/>\n<meta property=\"article:publisher\" content=\"https:\/\/www.facebook.com\/Imaxilofacial-878901768819054\/\" \/>\n<meta property=\"article:modified_time\" content=\"2022-01-24T10:23:18+00:00\" \/>\n<meta name=\"twitter:card\" content=\"summary\" \/>\n<meta name=\"twitter:site\" content=\"@BadajozSalud\" \/>\n<meta name=\"twitter:label1\" content=\"Tempo estimado de leitura\" \/>\n\t<meta name=\"twitter:data1\" content=\"3 minutos\" \/>\n<script type=\"application\/ld+json\" class=\"yoast-schema-graph\">{\"@context\":\"https:\/\/schema.org\",\"@graph\":[{\"@type\":\"WebSite\",\"@id\":\"https:\/\/imaxilofacial.com\/#website\",\"url\":\"https:\/\/imaxilofacial.com\/\",\"name\":\"Instituto Maxilofacial Portugal\",\"description\":\"Outro site WordPress\",\"potentialAction\":[{\"@type\":\"SearchAction\",\"target\":{\"@type\":\"EntryPoint\",\"urlTemplate\":\"https:\/\/imaxilofacial.com\/?s={search_term_string}\"},\"query-input\":\"required name=search_term_string\"}],\"inLanguage\":\"pt-PT\"},{\"@type\":\"WebPage\",\"@id\":\"https:\/\/imaxilofacial.com\/pt-pt\/cirurgia-plastica-corporal\/cirurgia-aos-seios\/ginecomastia\/#webpage\",\"url\":\"https:\/\/imaxilofacial.com\/pt-pt\/cirurgia-plastica-corporal\/cirurgia-aos-seios\/ginecomastia\/\",\"name\":\"Ginecomastia - Imaxilofacial Badajoz\",\"isPartOf\":{\"@id\":\"https:\/\/imaxilofacial.com\/#website\"},\"datePublished\":\"2022-01-24T10:23:15+00:00\",\"dateModified\":\"2022-01-24T10:23:18+00:00\",\"description\":\"Gynecomastia \u00e9 o aumento do tamanho do seio masculino, \u00e9 um processo raro, mas que causa rejei\u00e7\u00e3o em quem sofre com ele.\",\"breadcrumb\":{\"@id\":\"https:\/\/imaxilofacial.com\/pt-pt\/cirurgia-plastica-corporal\/cirurgia-aos-seios\/ginecomastia\/#breadcrumb\"},\"inLanguage\":\"pt-PT\",\"potentialAction\":[{\"@type\":\"ReadAction\",\"target\":[\"https:\/\/imaxilofacial.com\/pt-pt\/cirurgia-plastica-corporal\/cirurgia-aos-seios\/ginecomastia\/\"]}]},{\"@type\":\"BreadcrumbList\",\"@id\":\"https:\/\/imaxilofacial.com\/pt-pt\/cirurgia-plastica-corporal\/cirurgia-aos-seios\/ginecomastia\/#breadcrumb\",\"itemListElement\":[{\"@type\":\"ListItem\",\"position\":1,\"name\":\"Instituto Maxilofacial Badajoz\",\"item\":\"https:\/\/imaxilofacial.com\/pt-pt\/\"},{\"@type\":\"ListItem\",\"position\":2,\"name\":\"Cirug\u00eda Pl\u00e1stica Corporal\",\"item\":\"https:\/\/imaxilofacial.com\/pt-pt\/cirurgia-plastica-corporal\/\"},{\"@type\":\"ListItem\",\"position\":3,\"name\":\"Cirurgia mam\u00e1ria\",\"item\":\"https:\/\/imaxilofacial.com\/pt-pt\/cirurgia-plastica-corporal\/cirurgia-aos-seios\/\"},{\"@type\":\"ListItem\",\"position\":4,\"name\":\"Ginecomastia\"}]}]}<\/script>\n<!-- \/ Yoast SEO plugin. -->","yoast_head_json":{"title":"Ginecomastia - Imaxilofacial Badajoz","description":"Gynecomastia \u00e9 o aumento do tamanho do seio masculino, \u00e9 um processo raro, mas que causa rejei\u00e7\u00e3o em quem sofre com ele.","robots":{"index":"index","follow":"follow","max-snippet":"max-snippet:-1","max-image-preview":"max-image-preview:large","max-video-preview":"max-video-preview:-1"},"canonical":"https:\/\/imaxilofacial.com\/pt-pt\/cirurgia-plastica-corporal\/cirurgia-aos-seios\/ginecomastia\/","og_locale":"pt_PT","og_type":"article","og_title":"Ginecomastia - Imaxilofacial Badajoz","og_description":"Gynecomastia \u00e9 o aumento do tamanho do seio masculino, \u00e9 um processo raro, mas que causa rejei\u00e7\u00e3o em quem sofre com ele.","og_url":"https:\/\/imaxilofacial.com\/pt-pt\/cirurgia-plastica-corporal\/cirurgia-aos-seios\/ginecomastia\/","og_site_name":"Instituto Maxilofacial Portugal","article_publisher":"https:\/\/www.facebook.com\/Imaxilofacial-878901768819054\/","article_modified_time":"2022-01-24T10:23:18+00:00","twitter_card":"summary","twitter_site":"@BadajozSalud","twitter_misc":{"Tempo estimado de leitura":"3 minutos"},"schema":{"@context":"https:\/\/schema.org","@graph":[{"@type":"WebSite","@id":"https:\/\/imaxilofacial.com\/#website","url":"https:\/\/imaxilofacial.com\/","name":"Instituto Maxilofacial Portugal","description":"Outro site WordPress","potentialAction":[{"@type":"SearchAction","target":{"@type":"EntryPoint","urlTemplate":"https:\/\/imaxilofacial.com\/?s={search_term_string}"},"query-input":"required name=search_term_string"}],"inLanguage":"pt-PT"},{"@type":"WebPage","@id":"https:\/\/imaxilofacial.com\/pt-pt\/cirurgia-plastica-corporal\/cirurgia-aos-seios\/ginecomastia\/#webpage","url":"https:\/\/imaxilofacial.com\/pt-pt\/cirurgia-plastica-corporal\/cirurgia-aos-seios\/ginecomastia\/","name":"Ginecomastia - Imaxilofacial Badajoz","isPartOf":{"@id":"https:\/\/imaxilofacial.com\/#website"},"datePublished":"2022-01-24T10:23:15+00:00","dateModified":"2022-01-24T10:23:18+00:00","description":"Gynecomastia \u00e9 o aumento do tamanho do seio masculino, \u00e9 um processo raro, mas que causa rejei\u00e7\u00e3o em quem sofre com ele.","breadcrumb":{"@id":"https:\/\/imaxilofacial.com\/pt-pt\/cirurgia-plastica-corporal\/cirurgia-aos-seios\/ginecomastia\/#breadcrumb"},"inLanguage":"pt-PT","potentialAction":[{"@type":"ReadAction","target":["https:\/\/imaxilofacial.com\/pt-pt\/cirurgia-plastica-corporal\/cirurgia-aos-seios\/ginecomastia\/"]}]},{"@type":"BreadcrumbList","@id":"https:\/\/imaxilofacial.com\/pt-pt\/cirurgia-plastica-corporal\/cirurgia-aos-seios\/ginecomastia\/#breadcrumb","itemListElement":[{"@type":"ListItem","position":1,"name":"Instituto Maxilofacial Badajoz","item":"https:\/\/imaxilofacial.com\/pt-pt\/"},{"@type":"ListItem","position":2,"name":"Cirug\u00eda Pl\u00e1stica Corporal","item":"https:\/\/imaxilofacial.com\/pt-pt\/cirurgia-plastica-corporal\/"},{"@type":"ListItem","position":3,"name":"Cirurgia mam\u00e1ria","item":"https:\/\/imaxilofacial.com\/pt-pt\/cirurgia-plastica-corporal\/cirurgia-aos-seios\/"},{"@type":"ListItem","position":4,"name":"Ginecomastia"}]}]}},"_links":{"self":[{"href":"https:\/\/imaxilofacial.com\/pt-pt\/wp-json\/wp\/v2\/pages\/4284"}],"collection":[{"href":"https:\/\/imaxilofacial.com\/pt-pt\/wp-json\/wp\/v2\/pages"}],"about":[{"href":"https:\/\/imaxilofacial.com\/pt-pt\/wp-json\/wp\/v2\/types\/page"}],"author":[{"embeddable":true,"href":"https:\/\/imaxilofacial.com\/pt-pt\/wp-json\/wp\/v2\/users\/2"}],"replies":[{"embeddable":true,"href":"https:\/\/imaxilofacial.com\/pt-pt\/wp-json\/wp\/v2\/comments?post=4284"}],"version-history":[{"count":1,"href":"https:\/\/imaxilofacial.com\/pt-pt\/wp-json\/wp\/v2\/pages\/4284\/revisions"}],"predecessor-version":[{"id":4285,"href":"https:\/\/imaxilofacial.com\/pt-pt\/wp-json\/wp\/v2\/pages\/4284\/revisions\/4285"}],"up":[{"embeddable":true,"href":"https:\/\/imaxilofacial.com\/pt-pt\/wp-json\/wp\/v2\/pages\/4051"}],"wp:attachment":[{"href":"https:\/\/imaxilofacial.com\/pt-pt\/wp-json\/wp\/v2\/media?parent=4284"}],"curies":[{"name":"wp","href":"https:\/\/api.w.org\/{rel}","templated":true}]}}