{"id":4294,"date":"2022-01-24T10:24:08","date_gmt":"2022-01-24T10:24:08","guid":{"rendered":"https:\/\/imaxilofacial.com\/cirurgia-plastica-facial\/otoplastia\/"},"modified":"2022-01-24T10:24:09","modified_gmt":"2022-01-24T10:24:09","slug":"otoplastia","status":"publish","type":"page","link":"https:\/\/imaxilofacial.com\/pt-pt\/cirurgia-plastica-facial\/otoplastia\/","title":{"rendered":"Otoplastia"},"content":{"rendered":"<div class=\"row\"  id=\"row-878280446\">\n\n\t<div id=\"col-666838921\" class=\"col medium-1\/3 large-4\"  >\n\t\t\t\t<div class=\"col-inner\"  >\n\t\t\t\n\t\t\t\n<img loading=\"lazy\" class=\"alignnone size-medium wp-image-4253\" src=\"https:\/\/imaxilofacial.com\/wp-content\/uploads\/2015\/09\/orejaa-300x200.jpg\" alt=\"eara\" width=\"300\" height=\"200\" srcset=\"https:\/\/imaxilofacial.com\/wp-content\/uploads\/2015\/09\/orejaa-300x200.jpg 300w, https:\/\/imaxilofacial.com\/wp-content\/uploads\/2015\/09\/orejaa.jpg 512w\" sizes=\"(max-width: 300px) 100vw, 300px\" \/><\/p>\n\t\t<\/div>\n\t\t\t\t\t<\/div>\n\n\t\n\n\t<div id=\"col-2098852053\" class=\"col medium-2\/3 large-8\"  >\n\t\t\t\t<div class=\"col-inner\"  >\n\t\t\t\n\t\t\t\n<blockquote><p>A otoplastia \u00e9 uma cirurgia que \u00e9 realizada para reposicionar as orelhas proeminentes ou &#8220;sopradas&#8221; para uma posi\u00e7\u00e3o mais normal, mais ligada \u00e0 cabe\u00e7a. \u00c9 geralmente uma cirurgia que \u00e9 realizada em crian\u00e7as entre os 4 e os 14 anos, uma vez que as orelhas cresceram quase completamente aos 4 anos. A otoplastia tamb\u00e9m pode ser realizada em adultos.<\/p><\/blockquote>\n\t\t<\/div>\n\t\t\t\t\t<\/div>\n\n\t\n<\/div>\n<p>Com o tratamento pretendemos alcan\u00e7ar uma melhoria, n\u00e3o a perfei\u00e7\u00e3o absoluta.<\/p>\n<p>Na primeira consulta, o cirurgi\u00e3o far\u00e1 uma avalia\u00e7\u00e3o do problema e recomendar\u00e1 a t\u00e9cnica mais eficaz para cada caso. O procedimento pode ser realizado com anestesia local e sedi\u00e7\u00e3o intravenosa, em ambulat\u00f3rio ou ficando no hospital na noite da cirurgia. Embora se a crian\u00e7a for pequena, seria mais aconselh\u00e1vel realizar a interven\u00e7\u00e3o sob anestesia geral. Para crian\u00e7as e adultos mais velhos, a anestesia local associada ou n\u00e3o \u00e0 sementeia \u00e9 usada, de modo que \u00e9 colaborativa durante a cirurgia, mas relaxada.<\/p>\n<p>A otoplastia geralmente dura entre 2 e 3 horas, embora em casos complexos possa demorar mais tempo. A t\u00e9cnica utilizada depender\u00e1 de cada caso. Uma pequena incis\u00e3o \u00e9 geralmente feita na parte de tr\u00e1s da orelha para expor a cartilagem auricular. Em seguida, a cartilagem \u00e9 esculpida e dobrada para tr\u00e1s; os pontos internos podem ser usados para manter a nova forma. Ocasionalmente, tamb\u00e9m pode ser necess\u00e1rio remover uma parte da cartilagem para obter um ouvido mais natural. Finalmente, uma cunha de pele \u00e9 removida da parte de tr\u00e1s da orelha. A cicatriz resultante da otoplastia est\u00e1 escondida. A maior parte do tempo, mesmo que apenas uma orelha pare\u00e7a anormal, ambas s\u00e3o interventivas para alcan\u00e7ar uma maior simetria.<\/p>\n<blockquote><p>Ap\u00f3s a cirurgia, uma ligadura \u00e9 colocada \u00e0 volta da cabe\u00e7a, que \u00e9 substitu\u00edda alguns dias depois por uma mais clara que se assemelha a uma fita de cabelo. A maioria dos pacientes pode voltar \u00e0 sua atividade habitual dentro de 5-7 dias ap\u00f3s a interven\u00e7\u00e3o.<\/p><\/blockquote>\n<p>\u00c9 um tratamento com poucas complica\u00e7\u00f5es, o mais comum \u00e9 a forma\u00e7\u00e3o de hematomas. Ocasionalmente, pode ocorrer uma infe\u00e7\u00e3o da cartilagem que aumenta o tecido cicatrizado.<\/p>\n","protected":false},"excerpt":{"rendered":"<p>Com o tratamento pretendemos alcan\u00e7ar uma melhoria, n\u00e3o a perfei\u00e7\u00e3o absoluta. Na primeira consulta, o cirurgi\u00e3o far\u00e1 uma avalia\u00e7\u00e3o do problema e recomendar\u00e1 a t\u00e9cnica mais eficaz para cada caso. O procedimento pode ser realizado com anestesia local e sedi\u00e7\u00e3o intravenosa, em ambulat\u00f3rio ou ficando no hospital na noite da cirurgia. Embora se a crian\u00e7a [&#8230;]\n","protected":false},"author":1,"featured_media":0,"parent":3838,"menu_order":0,"comment_status":"closed","ping_status":"closed","template":"page-right-sidebar.php","meta":{"_custom_body_class":"","_custom_post_class":""},"acf":[],"yoast_head":"<!-- This site is optimized with the Yoast SEO plugin v18.4.1 - https:\/\/yoast.com\/wordpress\/plugins\/seo\/ -->\n<title>Otoplastia | Orelhas de cirurgia est\u00e9tica - Imaxilofacial Badajoz<\/title>\n<meta name=\"description\" content=\"Especialistas em otoplastia em Badajoz. Corrige e repousa orelhas proeminentes ou &quot;sopradas&quot; para uma posi\u00e7\u00e3o mais normal. Interven\u00e7\u00e3o r\u00e1pida.\" \/>\n<meta name=\"robots\" content=\"index, follow, max-snippet:-1, max-image-preview:large, max-video-preview:-1\" \/>\n<link rel=\"canonical\" href=\"https:\/\/imaxilofacial.com\/pt-pt\/cirurgia-plastica-facial\/otoplastia\/\" \/>\n<meta property=\"og:locale\" content=\"pt_PT\" \/>\n<meta property=\"og:type\" content=\"article\" \/>\n<meta property=\"og:title\" content=\"Otoplastia | Orelhas de cirurgia est\u00e9tica - Imaxilofacial Badajoz\" \/>\n<meta property=\"og:description\" content=\"Especialistas em otoplastia em Badajoz. Corrige e repousa orelhas proeminentes ou &quot;sopradas&quot; para uma posi\u00e7\u00e3o mais normal. Interven\u00e7\u00e3o r\u00e1pida.\" \/>\n<meta property=\"og:url\" content=\"https:\/\/imaxilofacial.com\/pt-pt\/cirurgia-plastica-facial\/otoplastia\/\" \/>\n<meta property=\"og:site_name\" content=\"Instituto Maxilofacial Portugal\" \/>\n<meta property=\"article:publisher\" content=\"https:\/\/www.facebook.com\/Imaxilofacial-878901768819054\/\" \/>\n<meta property=\"article:modified_time\" content=\"2022-01-24T10:24:09+00:00\" \/>\n<meta property=\"og:image\" content=\"https:\/\/imaxilofacial.com\/wp-content\/uploads\/2015\/09\/orejaa-300x200.jpg\" \/>\n<meta name=\"twitter:card\" content=\"summary\" \/>\n<meta name=\"twitter:site\" content=\"@BadajozSalud\" \/>\n<meta name=\"twitter:label1\" content=\"Tempo estimado de leitura\" \/>\n\t<meta name=\"twitter:data1\" content=\"2 minutos\" \/>\n<script type=\"application\/ld+json\" class=\"yoast-schema-graph\">{\"@context\":\"https:\/\/schema.org\",\"@graph\":[{\"@type\":\"WebSite\",\"@id\":\"https:\/\/imaxilofacial.com\/#website\",\"url\":\"https:\/\/imaxilofacial.com\/\",\"name\":\"Instituto Maxilofacial Portugal\",\"description\":\"Outro site WordPress\",\"potentialAction\":[{\"@type\":\"SearchAction\",\"target\":{\"@type\":\"EntryPoint\",\"urlTemplate\":\"https:\/\/imaxilofacial.com\/?s={search_term_string}\"},\"query-input\":\"required name=search_term_string\"}],\"inLanguage\":\"pt-PT\"},{\"@type\":\"ImageObject\",\"@id\":\"https:\/\/imaxilofacial.com\/pt-pt\/cirurgia-plastica-facial\/otoplastia\/#primaryimage\",\"inLanguage\":\"pt-PT\",\"url\":\"https:\/\/imaxilofacial.com\/wp-content\/uploads\/2015\/09\/orejaa.jpg\",\"contentUrl\":\"https:\/\/imaxilofacial.com\/wp-content\/uploads\/2015\/09\/orejaa.jpg\",\"width\":512,\"height\":341},{\"@type\":\"WebPage\",\"@id\":\"https:\/\/imaxilofacial.com\/pt-pt\/cirurgia-plastica-facial\/otoplastia\/#webpage\",\"url\":\"https:\/\/imaxilofacial.com\/pt-pt\/cirurgia-plastica-facial\/otoplastia\/\",\"name\":\"Otoplastia | Orelhas de cirurgia est\u00e9tica - Imaxilofacial Badajoz\",\"isPartOf\":{\"@id\":\"https:\/\/imaxilofacial.com\/#website\"},\"primaryImageOfPage\":{\"@id\":\"https:\/\/imaxilofacial.com\/pt-pt\/cirurgia-plastica-facial\/otoplastia\/#primaryimage\"},\"datePublished\":\"2022-01-24T10:24:08+00:00\",\"dateModified\":\"2022-01-24T10:24:09+00:00\",\"description\":\"Especialistas em otoplastia em Badajoz. Corrige e repousa orelhas proeminentes ou \\\"sopradas\\\" para uma posi\u00e7\u00e3o mais normal. Interven\u00e7\u00e3o r\u00e1pida.\",\"breadcrumb\":{\"@id\":\"https:\/\/imaxilofacial.com\/pt-pt\/cirurgia-plastica-facial\/otoplastia\/#breadcrumb\"},\"inLanguage\":\"pt-PT\",\"potentialAction\":[{\"@type\":\"ReadAction\",\"target\":[\"https:\/\/imaxilofacial.com\/pt-pt\/cirurgia-plastica-facial\/otoplastia\/\"]}]},{\"@type\":\"BreadcrumbList\",\"@id\":\"https:\/\/imaxilofacial.com\/pt-pt\/cirurgia-plastica-facial\/otoplastia\/#breadcrumb\",\"itemListElement\":[{\"@type\":\"ListItem\",\"position\":1,\"name\":\"Instituto Maxilofacial Badajoz\",\"item\":\"https:\/\/imaxilofacial.com\/pt-pt\/\"},{\"@type\":\"ListItem\",\"position\":2,\"name\":\"Cirug\u00eda Plastica Facial\",\"item\":\"https:\/\/imaxilofacial.com\/pt-pt\/cirurgia-plastica-facial\/\"},{\"@type\":\"ListItem\",\"position\":3,\"name\":\"Otoplastia\"}]}]}<\/script>\n<!-- \/ Yoast SEO plugin. -->","yoast_head_json":{"title":"Otoplastia | Orelhas de cirurgia est\u00e9tica - Imaxilofacial Badajoz","description":"Especialistas em otoplastia em Badajoz. Corrige e repousa orelhas proeminentes ou \"sopradas\" para uma posi\u00e7\u00e3o mais normal. Interven\u00e7\u00e3o r\u00e1pida.","robots":{"index":"index","follow":"follow","max-snippet":"max-snippet:-1","max-image-preview":"max-image-preview:large","max-video-preview":"max-video-preview:-1"},"canonical":"https:\/\/imaxilofacial.com\/pt-pt\/cirurgia-plastica-facial\/otoplastia\/","og_locale":"pt_PT","og_type":"article","og_title":"Otoplastia | Orelhas de cirurgia est\u00e9tica - Imaxilofacial Badajoz","og_description":"Especialistas em otoplastia em Badajoz. Corrige e repousa orelhas proeminentes ou \"sopradas\" para uma posi\u00e7\u00e3o mais normal. Interven\u00e7\u00e3o r\u00e1pida.","og_url":"https:\/\/imaxilofacial.com\/pt-pt\/cirurgia-plastica-facial\/otoplastia\/","og_site_name":"Instituto Maxilofacial Portugal","article_publisher":"https:\/\/www.facebook.com\/Imaxilofacial-878901768819054\/","article_modified_time":"2022-01-24T10:24:09+00:00","og_image":[{"url":"https:\/\/imaxilofacial.com\/wp-content\/uploads\/2015\/09\/orejaa-300x200.jpg"}],"twitter_card":"summary","twitter_site":"@BadajozSalud","twitter_misc":{"Tempo estimado de leitura":"2 minutos"},"schema":{"@context":"https:\/\/schema.org","@graph":[{"@type":"WebSite","@id":"https:\/\/imaxilofacial.com\/#website","url":"https:\/\/imaxilofacial.com\/","name":"Instituto Maxilofacial Portugal","description":"Outro site WordPress","potentialAction":[{"@type":"SearchAction","target":{"@type":"EntryPoint","urlTemplate":"https:\/\/imaxilofacial.com\/?s={search_term_string}"},"query-input":"required name=search_term_string"}],"inLanguage":"pt-PT"},{"@type":"ImageObject","@id":"https:\/\/imaxilofacial.com\/pt-pt\/cirurgia-plastica-facial\/otoplastia\/#primaryimage","inLanguage":"pt-PT","url":"https:\/\/imaxilofacial.com\/wp-content\/uploads\/2015\/09\/orejaa.jpg","contentUrl":"https:\/\/imaxilofacial.com\/wp-content\/uploads\/2015\/09\/orejaa.jpg","width":512,"height":341},{"@type":"WebPage","@id":"https:\/\/imaxilofacial.com\/pt-pt\/cirurgia-plastica-facial\/otoplastia\/#webpage","url":"https:\/\/imaxilofacial.com\/pt-pt\/cirurgia-plastica-facial\/otoplastia\/","name":"Otoplastia | Orelhas de cirurgia est\u00e9tica - Imaxilofacial Badajoz","isPartOf":{"@id":"https:\/\/imaxilofacial.com\/#website"},"primaryImageOfPage":{"@id":"https:\/\/imaxilofacial.com\/pt-pt\/cirurgia-plastica-facial\/otoplastia\/#primaryimage"},"datePublished":"2022-01-24T10:24:08+00:00","dateModified":"2022-01-24T10:24:09+00:00","description":"Especialistas em otoplastia em Badajoz. Corrige e repousa orelhas proeminentes ou \"sopradas\" para uma posi\u00e7\u00e3o mais normal. Interven\u00e7\u00e3o r\u00e1pida.","breadcrumb":{"@id":"https:\/\/imaxilofacial.com\/pt-pt\/cirurgia-plastica-facial\/otoplastia\/#breadcrumb"},"inLanguage":"pt-PT","potentialAction":[{"@type":"ReadAction","target":["https:\/\/imaxilofacial.com\/pt-pt\/cirurgia-plastica-facial\/otoplastia\/"]}]},{"@type":"BreadcrumbList","@id":"https:\/\/imaxilofacial.com\/pt-pt\/cirurgia-plastica-facial\/otoplastia\/#breadcrumb","itemListElement":[{"@type":"ListItem","position":1,"name":"Instituto Maxilofacial Badajoz","item":"https:\/\/imaxilofacial.com\/pt-pt\/"},{"@type":"ListItem","position":2,"name":"Cirug\u00eda Plastica Facial","item":"https:\/\/imaxilofacial.com\/pt-pt\/cirurgia-plastica-facial\/"},{"@type":"ListItem","position":3,"name":"Otoplastia"}]}]}},"_links":{"self":[{"href":"https:\/\/imaxilofacial.com\/pt-pt\/wp-json\/wp\/v2\/pages\/4294"}],"collection":[{"href":"https:\/\/imaxilofacial.com\/pt-pt\/wp-json\/wp\/v2\/pages"}],"about":[{"href":"https:\/\/imaxilofacial.com\/pt-pt\/wp-json\/wp\/v2\/types\/page"}],"author":[{"embeddable":true,"href":"https:\/\/imaxilofacial.com\/pt-pt\/wp-json\/wp\/v2\/users\/1"}],"replies":[{"embeddable":true,"href":"https:\/\/imaxilofacial.com\/pt-pt\/wp-json\/wp\/v2\/comments?post=4294"}],"version-history":[{"count":1,"href":"https:\/\/imaxilofacial.com\/pt-pt\/wp-json\/wp\/v2\/pages\/4294\/revisions"}],"predecessor-version":[{"id":4295,"href":"https:\/\/imaxilofacial.com\/pt-pt\/wp-json\/wp\/v2\/pages\/4294\/revisions\/4295"}],"up":[{"embeddable":true,"href":"https:\/\/imaxilofacial.com\/pt-pt\/wp-json\/wp\/v2\/pages\/3838"}],"wp:attachment":[{"href":"https:\/\/imaxilofacial.com\/pt-pt\/wp-json\/wp\/v2\/media?parent=4294"}],"curies":[{"name":"wp","href":"https:\/\/api.w.org\/{rel}","templated":true}]}}