{"id":4296,"date":"2022-01-24T10:24:45","date_gmt":"2022-01-24T10:24:45","guid":{"rendered":"https:\/\/imaxilofacial.com\/medicina-estetica-facial\/mesoterapia-facial\/fatores-de-crescimento-da-plaqueta\/"},"modified":"2022-01-24T10:24:45","modified_gmt":"2022-01-24T10:24:45","slug":"fatores-de-crescimento-da-plaqueta","status":"publish","type":"page","link":"https:\/\/imaxilofacial.com\/pt-pt\/medicina-estetica-facial\/mesoterapia-facial\/fatores-de-crescimento-da-plaqueta\/","title":{"rendered":"Fatores de crescimento da plaqueta"},"content":{"rendered":"<div class=\"row\"  id=\"row-1001564992\">\n\n\t<div id=\"col-844996000\" class=\"col medium-1\/3 large-4\"  >\n\t\t\t\t<div class=\"col-inner\"  >\n\t\t\t\n\t\t\t\n<a href=\"https:\/\/imaxilofacial.com\/wp-content\/uploads\/2015\/09\/15.2-Factores-crecimiento-Comp_78344991.jpg\"><img loading=\"lazy\" class=\"alignnone size-medium wp-image-4298\" src=\"https:\/\/imaxilofacial.com\/wp-content\/uploads\/2015\/09\/15.2-Factores-crecimiento-Comp_78344991-300x200.jpg\" alt=\"Retrato de Beleza Natural. Linda Mulher do Spa. Esqui Fresco Perfeito\" width=\"300\" height=\"200\" srcset=\"https:\/\/imaxilofacial.com\/wp-content\/uploads\/2015\/09\/15.2-Factores-crecimiento-Comp_78344991-300x200.jpg 300w, https:\/\/imaxilofacial.com\/wp-content\/uploads\/2015\/09\/15.2-Factores-crecimiento-Comp_78344991.jpg 512w\" sizes=\"(max-width: 300px) 100vw, 300px\" \/><\/a><\/p>\n\t\t<\/div>\n\t\t\t\t\t<\/div>\n\n\t\n\n\t<div id=\"col-1444479499\" class=\"col medium-2\/3 large-8\"  >\n\t\t\t\t<div class=\"col-inner\"  >\n\t\t\t\n\t\t\t\n<blockquote><p>A efic\u00e1cia do tratamento atrav\u00e9s de Fatores de Crescimento de Plaquetas (PPF) no rejuvenescimento facial, \u00e1reas de cicatrizes secund\u00e1rias ap\u00f3s acne, etc. \u00e9 demonstrada.<\/p><\/blockquote>\n\t\t<\/div>\n\t\t\t\t\t<\/div>\n\n\t\n<\/div>\n<p>Nas plaquetas do sangue encontramos algumas prote\u00ednas, Fatores de Crescimento de Plaquetas, que s\u00e3o respons\u00e1veis por desencadear os processos de cura e regenera\u00e7\u00e3o dos tecidos ap\u00f3s a sua les\u00e3o, estes s\u00e3o os fatores de crescimento da plaqueta. Atrav\u00e9s de um processo de centrifuga\u00e7\u00e3o \u00e9 poss\u00edvel aumentar o n\u00famero de plaquetas que existem no plasma sangu\u00edneo, o que nos proporcionar\u00e1, por sua vez, uma maior quantidade de Fatores de Crescimento de Plaquetas, permitindo assim a sua aplica\u00e7\u00e3o em \u00e1reas do corpo onde queremos que ajam de forma concreta.<\/p>\n<p>Este tratamento \u00e9 aplicado sob a forma de mesoterpia, exercendo a sua fun\u00e7\u00e3o localmente na \u00e1rea de aplica\u00e7\u00e3o, em ambulat\u00f3rio e a sua dura\u00e7\u00e3o varia entre 30 a 45 minutos sem necessidade de anestesia. O seu regresso \u00e0 atividade habitual ser\u00e1 feito mais cedo. Ap\u00f3s a aplica\u00e7\u00e3o, estes <a href=\"https:\/\/medlineplus.gov\/spanish\/plateletdisorders.html\">fatores naturais<\/a> de crescimento da plaqueta do organismo s\u00e3o libertados durante os tr\u00eas dias seguintes desencadeando um processo biol\u00f3gico de regenera\u00e7\u00e3o do tecido cujos resultados s\u00e3o vis\u00edveis a curto prazo. A pele envelhecida recupera a sua vitalidade, luminosidade, consist\u00eancia, elasticidade e suavidade.<\/p>\n<blockquote><p>No in\u00edcio, normalmente, s\u00e3o realizadas tr\u00eas sess\u00f5es separadas por um intervalo de tempo vari\u00e1vel, dependendo da resposta da pele, ent\u00e3o as sess\u00f5es de manuten\u00e7\u00e3o s\u00e3o realizadas a cada quatro ou seis meses.<\/p><\/blockquote>\n<figure id=\"attachment_1069\" aria-describedby=\"caption-attachment-1069\" style=\"width: 200px\" class=\"wp-caption aligncenter\"><a href=\"https:\/\/imaxilofacial.com\/wp-content\/uploads\/2016\/11\/images-8-e1479981027311.jpeg\"><img loading=\"lazy\" class=\"size-full wp-image-1069\" src=\"https:\/\/imaxilofacial.com\/wp-content\/uploads\/2016\/11\/images-8-e1479981027311.jpeg\" alt=\"Terapias anti-envelhecimento.\" width=\"200\" height=\"133\"><\/a><figcaption id=\"caption-attachment-1069\" class=\"wp-caption-text\">Terapias anti-envelhecimento.<\/figcaption><\/figure>\n<p>Este tratamento, Fatores de Crescimento de Plaquetas, que \u00e9 compat\u00edvel com outros tratamentos cosm\u00e9ticos e cir\u00fargicos faciais, pode ser aplicado a partir dos 40 anos a n\u00edvel preventivo para retardar o processo de envelhecimento da pele e a partir dos 45 anos para fins regenerativos e corretivos.<\/p>\n","protected":false},"excerpt":{"rendered":"<p>Nas plaquetas do sangue encontramos algumas prote\u00ednas, Fatores de Crescimento de Plaquetas, que s\u00e3o respons\u00e1veis por desencadear os processos de cura e regenera\u00e7\u00e3o dos tecidos ap\u00f3s a sua les\u00e3o, estes s\u00e3o os fatores de crescimento da plaqueta. Atrav\u00e9s de um processo de centrifuga\u00e7\u00e3o \u00e9 poss\u00edvel aumentar o n\u00famero de plaquetas que existem no plasma sangu\u00edneo, [&#8230;]\n","protected":false},"author":1,"featured_media":0,"parent":4099,"menu_order":0,"comment_status":"closed","ping_status":"closed","template":"page-right-sidebar.php","meta":{"_custom_body_class":"","_custom_post_class":""},"acf":[],"yoast_head":"<!-- This site is optimized with the Yoast SEO plugin v18.4.1 - https:\/\/yoast.com\/wordpress\/plugins\/seo\/ -->\n<title>Fatores de crescimento da plaqueta - Imaxilofacial Badajoz<\/title>\n<meta name=\"description\" content=\"Fatores de crescimento de plaquetas (PPF) em rejuvenescimento facial, mesoterapia facial, cicatrizes de acne, luminosidade facial. Plaquetas Rich Plasma.\" \/>\n<meta name=\"robots\" content=\"index, follow, max-snippet:-1, max-image-preview:large, max-video-preview:-1\" \/>\n<link rel=\"canonical\" href=\"https:\/\/imaxilofacial.com\/pt-pt\/medicina-estetica-facial\/mesoterapia-facial\/fatores-de-crescimento-da-plaqueta\/\" \/>\n<meta property=\"og:locale\" content=\"pt_PT\" \/>\n<meta property=\"og:type\" content=\"article\" \/>\n<meta property=\"og:title\" content=\"Fatores de crescimento da plaqueta - Imaxilofacial Badajoz\" \/>\n<meta property=\"og:description\" content=\"Fatores de crescimento de plaquetas (PPF) em rejuvenescimento facial, mesoterapia facial, cicatrizes de acne, luminosidade facial. Plaquetas Rich Plasma.\" \/>\n<meta property=\"og:url\" content=\"https:\/\/imaxilofacial.com\/pt-pt\/medicina-estetica-facial\/mesoterapia-facial\/fatores-de-crescimento-da-plaqueta\/\" \/>\n<meta property=\"og:site_name\" content=\"Instituto Maxilofacial Portugal\" \/>\n<meta property=\"article:publisher\" content=\"https:\/\/www.facebook.com\/Imaxilofacial-878901768819054\/\" \/>\n<meta property=\"og:image\" content=\"https:\/\/imaxilofacial.com\/wp-content\/uploads\/2015\/09\/15.2-Factores-crecimiento-Comp_78344991-300x200.jpg\" \/>\n<meta name=\"twitter:card\" content=\"summary\" \/>\n<meta name=\"twitter:site\" content=\"@BadajozSalud\" \/>\n<meta name=\"twitter:label1\" content=\"Tempo estimado de leitura\" \/>\n\t<meta name=\"twitter:data1\" content=\"2 minutos\" \/>\n<script type=\"application\/ld+json\" class=\"yoast-schema-graph\">{\"@context\":\"https:\/\/schema.org\",\"@graph\":[{\"@type\":\"WebSite\",\"@id\":\"https:\/\/imaxilofacial.com\/#website\",\"url\":\"https:\/\/imaxilofacial.com\/\",\"name\":\"Instituto Maxilofacial Portugal\",\"description\":\"Outro site WordPress\",\"potentialAction\":[{\"@type\":\"SearchAction\",\"target\":{\"@type\":\"EntryPoint\",\"urlTemplate\":\"https:\/\/imaxilofacial.com\/?s={search_term_string}\"},\"query-input\":\"required name=search_term_string\"}],\"inLanguage\":\"pt-PT\"},{\"@type\":\"ImageObject\",\"@id\":\"https:\/\/imaxilofacial.com\/pt-pt\/medicina-estetica-facial\/mesoterapia-facial\/fatores-de-crescimento-da-plaqueta\/#primaryimage\",\"inLanguage\":\"pt-PT\",\"url\":\"https:\/\/imaxilofacial.com\/wp-content\/uploads\/2015\/09\/15.2-Factores-crecimiento-Comp_78344991.jpg\",\"contentUrl\":\"https:\/\/imaxilofacial.com\/wp-content\/uploads\/2015\/09\/15.2-Factores-crecimiento-Comp_78344991.jpg\",\"width\":512,\"height\":341},{\"@type\":\"WebPage\",\"@id\":\"https:\/\/imaxilofacial.com\/pt-pt\/medicina-estetica-facial\/mesoterapia-facial\/fatores-de-crescimento-da-plaqueta\/#webpage\",\"url\":\"https:\/\/imaxilofacial.com\/pt-pt\/medicina-estetica-facial\/mesoterapia-facial\/fatores-de-crescimento-da-plaqueta\/\",\"name\":\"Fatores de crescimento da plaqueta - Imaxilofacial Badajoz\",\"isPartOf\":{\"@id\":\"https:\/\/imaxilofacial.com\/#website\"},\"primaryImageOfPage\":{\"@id\":\"https:\/\/imaxilofacial.com\/pt-pt\/medicina-estetica-facial\/mesoterapia-facial\/fatores-de-crescimento-da-plaqueta\/#primaryimage\"},\"datePublished\":\"2022-01-24T10:24:45+00:00\",\"dateModified\":\"2022-01-24T10:24:45+00:00\",\"description\":\"Fatores de crescimento de plaquetas (PPF) em rejuvenescimento facial, mesoterapia facial, cicatrizes de acne, luminosidade facial. Plaquetas Rich Plasma.\",\"breadcrumb\":{\"@id\":\"https:\/\/imaxilofacial.com\/pt-pt\/medicina-estetica-facial\/mesoterapia-facial\/fatores-de-crescimento-da-plaqueta\/#breadcrumb\"},\"inLanguage\":\"pt-PT\",\"potentialAction\":[{\"@type\":\"ReadAction\",\"target\":[\"https:\/\/imaxilofacial.com\/pt-pt\/medicina-estetica-facial\/mesoterapia-facial\/fatores-de-crescimento-da-plaqueta\/\"]}]},{\"@type\":\"BreadcrumbList\",\"@id\":\"https:\/\/imaxilofacial.com\/pt-pt\/medicina-estetica-facial\/mesoterapia-facial\/fatores-de-crescimento-da-plaqueta\/#breadcrumb\",\"itemListElement\":[{\"@type\":\"ListItem\",\"position\":1,\"name\":\"Instituto Maxilofacial Badajoz\",\"item\":\"https:\/\/imaxilofacial.com\/pt-pt\/\"},{\"@type\":\"ListItem\",\"position\":2,\"name\":\"Medicina Est\u00e9tica Facial\",\"item\":\"https:\/\/imaxilofacial.com\/pt-pt\/medicina-estetica-facial\/\"},{\"@type\":\"ListItem\",\"position\":3,\"name\":\"Mesoterapia Facial\",\"item\":\"https:\/\/imaxilofacial.com\/pt-pt\/medicina-estetica-facial\/mesoterapia-facial\/\"},{\"@type\":\"ListItem\",\"position\":4,\"name\":\"Fatores de crescimento da plaqueta\"}]}]}<\/script>\n<!-- \/ Yoast SEO plugin. -->","yoast_head_json":{"title":"Fatores de crescimento da plaqueta - Imaxilofacial Badajoz","description":"Fatores de crescimento de plaquetas (PPF) em rejuvenescimento facial, mesoterapia facial, cicatrizes de acne, luminosidade facial. Plaquetas Rich Plasma.","robots":{"index":"index","follow":"follow","max-snippet":"max-snippet:-1","max-image-preview":"max-image-preview:large","max-video-preview":"max-video-preview:-1"},"canonical":"https:\/\/imaxilofacial.com\/pt-pt\/medicina-estetica-facial\/mesoterapia-facial\/fatores-de-crescimento-da-plaqueta\/","og_locale":"pt_PT","og_type":"article","og_title":"Fatores de crescimento da plaqueta - Imaxilofacial Badajoz","og_description":"Fatores de crescimento de plaquetas (PPF) em rejuvenescimento facial, mesoterapia facial, cicatrizes de acne, luminosidade facial. Plaquetas Rich Plasma.","og_url":"https:\/\/imaxilofacial.com\/pt-pt\/medicina-estetica-facial\/mesoterapia-facial\/fatores-de-crescimento-da-plaqueta\/","og_site_name":"Instituto Maxilofacial Portugal","article_publisher":"https:\/\/www.facebook.com\/Imaxilofacial-878901768819054\/","og_image":[{"url":"https:\/\/imaxilofacial.com\/wp-content\/uploads\/2015\/09\/15.2-Factores-crecimiento-Comp_78344991-300x200.jpg"}],"twitter_card":"summary","twitter_site":"@BadajozSalud","twitter_misc":{"Tempo estimado de leitura":"2 minutos"},"schema":{"@context":"https:\/\/schema.org","@graph":[{"@type":"WebSite","@id":"https:\/\/imaxilofacial.com\/#website","url":"https:\/\/imaxilofacial.com\/","name":"Instituto Maxilofacial Portugal","description":"Outro site WordPress","potentialAction":[{"@type":"SearchAction","target":{"@type":"EntryPoint","urlTemplate":"https:\/\/imaxilofacial.com\/?s={search_term_string}"},"query-input":"required name=search_term_string"}],"inLanguage":"pt-PT"},{"@type":"ImageObject","@id":"https:\/\/imaxilofacial.com\/pt-pt\/medicina-estetica-facial\/mesoterapia-facial\/fatores-de-crescimento-da-plaqueta\/#primaryimage","inLanguage":"pt-PT","url":"https:\/\/imaxilofacial.com\/wp-content\/uploads\/2015\/09\/15.2-Factores-crecimiento-Comp_78344991.jpg","contentUrl":"https:\/\/imaxilofacial.com\/wp-content\/uploads\/2015\/09\/15.2-Factores-crecimiento-Comp_78344991.jpg","width":512,"height":341},{"@type":"WebPage","@id":"https:\/\/imaxilofacial.com\/pt-pt\/medicina-estetica-facial\/mesoterapia-facial\/fatores-de-crescimento-da-plaqueta\/#webpage","url":"https:\/\/imaxilofacial.com\/pt-pt\/medicina-estetica-facial\/mesoterapia-facial\/fatores-de-crescimento-da-plaqueta\/","name":"Fatores de crescimento da plaqueta - Imaxilofacial Badajoz","isPartOf":{"@id":"https:\/\/imaxilofacial.com\/#website"},"primaryImageOfPage":{"@id":"https:\/\/imaxilofacial.com\/pt-pt\/medicina-estetica-facial\/mesoterapia-facial\/fatores-de-crescimento-da-plaqueta\/#primaryimage"},"datePublished":"2022-01-24T10:24:45+00:00","dateModified":"2022-01-24T10:24:45+00:00","description":"Fatores de crescimento de plaquetas (PPF) em rejuvenescimento facial, mesoterapia facial, cicatrizes de acne, luminosidade facial. Plaquetas Rich Plasma.","breadcrumb":{"@id":"https:\/\/imaxilofacial.com\/pt-pt\/medicina-estetica-facial\/mesoterapia-facial\/fatores-de-crescimento-da-plaqueta\/#breadcrumb"},"inLanguage":"pt-PT","potentialAction":[{"@type":"ReadAction","target":["https:\/\/imaxilofacial.com\/pt-pt\/medicina-estetica-facial\/mesoterapia-facial\/fatores-de-crescimento-da-plaqueta\/"]}]},{"@type":"BreadcrumbList","@id":"https:\/\/imaxilofacial.com\/pt-pt\/medicina-estetica-facial\/mesoterapia-facial\/fatores-de-crescimento-da-plaqueta\/#breadcrumb","itemListElement":[{"@type":"ListItem","position":1,"name":"Instituto Maxilofacial Badajoz","item":"https:\/\/imaxilofacial.com\/pt-pt\/"},{"@type":"ListItem","position":2,"name":"Medicina Est\u00e9tica Facial","item":"https:\/\/imaxilofacial.com\/pt-pt\/medicina-estetica-facial\/"},{"@type":"ListItem","position":3,"name":"Mesoterapia Facial","item":"https:\/\/imaxilofacial.com\/pt-pt\/medicina-estetica-facial\/mesoterapia-facial\/"},{"@type":"ListItem","position":4,"name":"Fatores de crescimento da plaqueta"}]}]}},"_links":{"self":[{"href":"https:\/\/imaxilofacial.com\/pt-pt\/wp-json\/wp\/v2\/pages\/4296"}],"collection":[{"href":"https:\/\/imaxilofacial.com\/pt-pt\/wp-json\/wp\/v2\/pages"}],"about":[{"href":"https:\/\/imaxilofacial.com\/pt-pt\/wp-json\/wp\/v2\/types\/page"}],"author":[{"embeddable":true,"href":"https:\/\/imaxilofacial.com\/pt-pt\/wp-json\/wp\/v2\/users\/1"}],"replies":[{"embeddable":true,"href":"https:\/\/imaxilofacial.com\/pt-pt\/wp-json\/wp\/v2\/comments?post=4296"}],"version-history":[{"count":0,"href":"https:\/\/imaxilofacial.com\/pt-pt\/wp-json\/wp\/v2\/pages\/4296\/revisions"}],"up":[{"embeddable":true,"href":"https:\/\/imaxilofacial.com\/pt-pt\/wp-json\/wp\/v2\/pages\/4099"}],"wp:attachment":[{"href":"https:\/\/imaxilofacial.com\/pt-pt\/wp-json\/wp\/v2\/media?parent=4296"}],"curies":[{"name":"wp","href":"https:\/\/api.w.org\/{rel}","templated":true}]}}