{"id":4299,"date":"2022-01-24T10:25:21","date_gmt":"2022-01-24T10:25:21","guid":{"rendered":"https:\/\/imaxilofacial.com\/odontologia\/enchimento-dentario\/"},"modified":"2022-01-24T10:25:21","modified_gmt":"2022-01-24T10:25:21","slug":"enchimento-dentario","status":"publish","type":"page","link":"https:\/\/imaxilofacial.com\/pt-pt\/odontologia\/enchimento-dentario\/","title":{"rendered":"Enchimento dent\u00e1rio"},"content":{"rendered":"<p>As limpezas dent\u00e1rias regulares, juntamente com a escovagem e o fio dental, reduzir\u00e3o as suas hip\u00f3teses de desenvolver a decad\u00eancia dent\u00e1ria. Mas, por vezes, a decad\u00eancia dent\u00e1ria pode aparecer, mesmo que sejam consistentes com os seus h\u00e1bitos de higiene dent\u00e1ria. Quando o fizeres, a primeira linha de defesa para manter o resto da tua boca saud\u00e1vel \u00e9 pedir uma consulta de revis\u00e3o. Nesta consulta faremos um recheio dent\u00e1rio sem merc\u00fario na nossa cl\u00ednica dent\u00e1ria em Badajoz. A c\u00e1rie \u00e9 uma destrui\u00e7\u00e3o localizada do esmalte dent\u00e1rio. O esmalte \u00e9 um material resistente, mas a m\u00e1 higiene, a placa bacteriana que existe na boca, etc., pode faz\u00ea-lo desaparecer localmente. Isso mesmo, \u00e0 medida que a c\u00e1rie dent\u00e1ria aparece na superf\u00edcie do dente.<\/p>\n\n<h2>O que s\u00e3o obtura\u00e7\u00f5es dent\u00e1rias?<\/h2>\n<p>Podemos definir o enchimento dent\u00e1rio como o tratamento da c\u00e1rie. O enchimento dent\u00e1rio pode ser realizado com v\u00e1rios materiais diferentes. A maioria dos pacientes agora prefere recheios cor de esmalte dent\u00e1rio a am\u00e1lgamas ou recheios de metal prateado. Fundamentalmente porque estes \u00faltimos s\u00e3o vis\u00edveis quando falam ou mastigam. Atualmente fazemos os novos recheios com materiais, comp\u00f3sitos, que combinam melhor com o tom dos seus dentes, sem sacrificar a for\u00e7a ou resist\u00eancia dos metais tradicionais.<\/p>\n<h2>Por que precisaria de um recheio dent\u00e1rio?<\/h2>\n<p>Um recheio dent\u00e1rio \u00e9 usado para substituir uma \u00e1rea onde as cavidades est\u00e3o come\u00e7ando a formar-se. Se n\u00e3o for tratada com enchimento dent\u00e1rio, as cavidades podem fazer com que um dente se deteriore t\u00e3o severamente que pode rachar ou fraturar completamente. A realiza\u00e7\u00e3o de revis\u00f5es peri\u00f3dicas permite-nos detetar estes problemas precocemente. Se tiver uma pequena cavidade, cavidades iniciais, essa \u00e1rea de fraqueza \u00e9 removida, com um forte material de enchimento e aderido ao dente natural.<\/p>\n<h2>O que torna os recheios dent\u00e1rios sem merc\u00fario melhores?<\/h2>\n<p>Alguns enchimentos met\u00e1licos antigos continham pequenas quantidades de merc\u00fario. E embora essa quantidade de merc\u00fario n\u00e3o cause problemas m\u00e9dicos, eles j\u00e1 foram virtualmente substitu\u00eddos por comp\u00f3sitos. O paciente n\u00e3o gosta de mostrar sinais de que um defeito nos dentes foi preenchido. Os recheios dent\u00e1rios feitos na nossa cl\u00ednica dent\u00e1ria em Badajoz n\u00e3o cont\u00eam merc\u00fario e s\u00e3o feitos de um material composto da mesma cor do esmalte dent\u00e1rio. Se voc\u00ea tem atualmente um recheio de metal e est\u00e1 preocupado em mostrar esta cor escura nos seus dentes da boca quando voc\u00ea fala, teremos todo o gosto em mudar esse recheio para um dos dente, sem merc\u00fario que usamos hoje.<\/p>\n<h2>O que esperar quando se realiza um recheio dent\u00e1rio?<\/h2>\n<p>Uma vez identificada uma cavidade, a maioria dos pacientes receber\u00e1 anestesia local para anestesiar o dente afetado. Os nossos profissionais de sa\u00fade oral v\u00e3o ent\u00e3o esculpir o dente para remover todas as cavidades. Posteriormente, ser\u00e1 moldado um espa\u00e7o onde o material de enchimento pode ser colocado, para que o dente n\u00e3o perca resist\u00eancia e possa desempenhar a sua fun\u00e7\u00e3o de forma normal. Em seguida, o enchimento \u00e9 aplicado sob a forma de um gel, endurecido com luz fotopol\u00edmera e polido de modo que a superf\u00edcie cheia n\u00e3o seja \u00e1spera ou cause desconforto com mastiga\u00e7\u00e3o.<\/p>\n<p>&nbsp;<\/p>\n<h2>Cl\u00ednica Dent\u00e1ria Maxillofacial Institute em Badajoz, especialistas em Enchimentos Dent\u00e1rios<\/h2>\n<blockquote><p>Se acha que <strong>precisa de um recheio dent\u00e1rio ou j\u00e1 passou muito tempo desde que fez um check-up dent\u00e1rio,<\/strong>n\u00e3o hesite em <a href=\"https:\/\/imaxilofacial.com\/contacto\/\" rel=\"nofollow\">contactar a <\/a>nossa Cl\u00ednica Dent\u00e1ria do <a href=\"http:\/\/imaxilofacial.com\">Instituto Maxillofacial em Badajoz<\/a> e iremos aconselh\u00e1-lo sobre as op\u00e7\u00f5es dispon\u00edveis uma vez avaliada a sua situa\u00e7\u00e3o.<\/p><\/blockquote>\n<p>&nbsp;<\/p>\n","protected":false},"excerpt":{"rendered":"<p>As limpezas dent\u00e1rias regulares, juntamente com a escovagem e o fio dental, reduzir\u00e3o as suas hip\u00f3teses de desenvolver a decad\u00eancia dent\u00e1ria. Mas, por vezes, a decad\u00eancia dent\u00e1ria pode aparecer, mesmo que sejam consistentes com os seus h\u00e1bitos de higiene dent\u00e1ria. Quando o fizeres, a primeira linha de defesa para manter o resto da tua boca [&#8230;]\n","protected":false},"author":2,"featured_media":0,"parent":3832,"menu_order":0,"comment_status":"closed","ping_status":"closed","template":"page-right-sidebar.php","meta":{"_custom_body_class":"","_custom_post_class":""},"acf":[],"yoast_head":"<!-- This site is optimized with the Yoast SEO plugin v18.4.1 - https:\/\/yoast.com\/wordpress\/plugins\/seo\/ -->\n<title>Enchimento dent\u00e1rio - Imaxilofacial Badajoz<\/title>\n<meta name=\"description\" content=\"O enchimento dent\u00e1rio \u00e9 a solu\u00e7\u00e3o para os defeitos do esmalte dent\u00e1rio que aparecem devido \u00e0 a\u00e7\u00e3o da placa bacteriana ou da falta de higiene, etc.\" \/>\n<meta name=\"robots\" content=\"index, follow, max-snippet:-1, max-image-preview:large, max-video-preview:-1\" \/>\n<link rel=\"canonical\" href=\"https:\/\/imaxilofacial.com\/pt-pt\/odontologia\/enchimento-dentario\/\" \/>\n<meta property=\"og:locale\" content=\"pt_PT\" \/>\n<meta property=\"og:type\" content=\"article\" \/>\n<meta property=\"og:title\" content=\"Enchimento dent\u00e1rio - Imaxilofacial Badajoz\" \/>\n<meta property=\"og:description\" content=\"O enchimento dent\u00e1rio \u00e9 a solu\u00e7\u00e3o para os defeitos do esmalte dent\u00e1rio que aparecem devido \u00e0 a\u00e7\u00e3o da placa bacteriana ou da falta de higiene, etc.\" \/>\n<meta property=\"og:url\" content=\"https:\/\/imaxilofacial.com\/pt-pt\/odontologia\/enchimento-dentario\/\" \/>\n<meta property=\"og:site_name\" content=\"Instituto Maxilofacial Portugal\" \/>\n<meta property=\"article:publisher\" content=\"https:\/\/www.facebook.com\/Imaxilofacial-878901768819054\/\" \/>\n<meta name=\"twitter:card\" content=\"summary\" \/>\n<meta name=\"twitter:site\" content=\"@BadajozSalud\" \/>\n<meta name=\"twitter:label1\" content=\"Tempo estimado de leitura\" \/>\n\t<meta name=\"twitter:data1\" content=\"3 minutos\" \/>\n<script type=\"application\/ld+json\" class=\"yoast-schema-graph\">{\"@context\":\"https:\/\/schema.org\",\"@graph\":[{\"@type\":\"WebSite\",\"@id\":\"https:\/\/imaxilofacial.com\/#website\",\"url\":\"https:\/\/imaxilofacial.com\/\",\"name\":\"Instituto Maxilofacial Portugal\",\"description\":\"Outro site WordPress\",\"potentialAction\":[{\"@type\":\"SearchAction\",\"target\":{\"@type\":\"EntryPoint\",\"urlTemplate\":\"https:\/\/imaxilofacial.com\/?s={search_term_string}\"},\"query-input\":\"required name=search_term_string\"}],\"inLanguage\":\"pt-PT\"},{\"@type\":\"WebPage\",\"@id\":\"https:\/\/imaxilofacial.com\/pt-pt\/odontologia\/enchimento-dentario\/#webpage\",\"url\":\"https:\/\/imaxilofacial.com\/pt-pt\/odontologia\/enchimento-dentario\/\",\"name\":\"Enchimento dent\u00e1rio - Imaxilofacial Badajoz\",\"isPartOf\":{\"@id\":\"https:\/\/imaxilofacial.com\/#website\"},\"datePublished\":\"2022-01-24T10:25:21+00:00\",\"dateModified\":\"2022-01-24T10:25:21+00:00\",\"description\":\"O enchimento dent\u00e1rio \u00e9 a solu\u00e7\u00e3o para os defeitos do esmalte dent\u00e1rio que aparecem devido \u00e0 a\u00e7\u00e3o da placa bacteriana ou da falta de higiene, etc.\",\"breadcrumb\":{\"@id\":\"https:\/\/imaxilofacial.com\/pt-pt\/odontologia\/enchimento-dentario\/#breadcrumb\"},\"inLanguage\":\"pt-PT\",\"potentialAction\":[{\"@type\":\"ReadAction\",\"target\":[\"https:\/\/imaxilofacial.com\/pt-pt\/odontologia\/enchimento-dentario\/\"]}]},{\"@type\":\"BreadcrumbList\",\"@id\":\"https:\/\/imaxilofacial.com\/pt-pt\/odontologia\/enchimento-dentario\/#breadcrumb\",\"itemListElement\":[{\"@type\":\"ListItem\",\"position\":1,\"name\":\"Instituto Maxilofacial Badajoz\",\"item\":\"https:\/\/imaxilofacial.com\/pt-pt\/\"},{\"@type\":\"ListItem\",\"position\":2,\"name\":\"Odontolog\u00eda\",\"item\":\"https:\/\/imaxilofacial.com\/pt-pt\/odontologia\/\"},{\"@type\":\"ListItem\",\"position\":3,\"name\":\"Enchimento dent\u00e1rio\"}]}]}<\/script>\n<!-- \/ Yoast SEO plugin. -->","yoast_head_json":{"title":"Enchimento dent\u00e1rio - Imaxilofacial Badajoz","description":"O enchimento dent\u00e1rio \u00e9 a solu\u00e7\u00e3o para os defeitos do esmalte dent\u00e1rio que aparecem devido \u00e0 a\u00e7\u00e3o da placa bacteriana ou da falta de higiene, etc.","robots":{"index":"index","follow":"follow","max-snippet":"max-snippet:-1","max-image-preview":"max-image-preview:large","max-video-preview":"max-video-preview:-1"},"canonical":"https:\/\/imaxilofacial.com\/pt-pt\/odontologia\/enchimento-dentario\/","og_locale":"pt_PT","og_type":"article","og_title":"Enchimento dent\u00e1rio - Imaxilofacial Badajoz","og_description":"O enchimento dent\u00e1rio \u00e9 a solu\u00e7\u00e3o para os defeitos do esmalte dent\u00e1rio que aparecem devido \u00e0 a\u00e7\u00e3o da placa bacteriana ou da falta de higiene, etc.","og_url":"https:\/\/imaxilofacial.com\/pt-pt\/odontologia\/enchimento-dentario\/","og_site_name":"Instituto Maxilofacial Portugal","article_publisher":"https:\/\/www.facebook.com\/Imaxilofacial-878901768819054\/","twitter_card":"summary","twitter_site":"@BadajozSalud","twitter_misc":{"Tempo estimado de leitura":"3 minutos"},"schema":{"@context":"https:\/\/schema.org","@graph":[{"@type":"WebSite","@id":"https:\/\/imaxilofacial.com\/#website","url":"https:\/\/imaxilofacial.com\/","name":"Instituto Maxilofacial Portugal","description":"Outro site WordPress","potentialAction":[{"@type":"SearchAction","target":{"@type":"EntryPoint","urlTemplate":"https:\/\/imaxilofacial.com\/?s={search_term_string}"},"query-input":"required name=search_term_string"}],"inLanguage":"pt-PT"},{"@type":"WebPage","@id":"https:\/\/imaxilofacial.com\/pt-pt\/odontologia\/enchimento-dentario\/#webpage","url":"https:\/\/imaxilofacial.com\/pt-pt\/odontologia\/enchimento-dentario\/","name":"Enchimento dent\u00e1rio - Imaxilofacial Badajoz","isPartOf":{"@id":"https:\/\/imaxilofacial.com\/#website"},"datePublished":"2022-01-24T10:25:21+00:00","dateModified":"2022-01-24T10:25:21+00:00","description":"O enchimento dent\u00e1rio \u00e9 a solu\u00e7\u00e3o para os defeitos do esmalte dent\u00e1rio que aparecem devido \u00e0 a\u00e7\u00e3o da placa bacteriana ou da falta de higiene, etc.","breadcrumb":{"@id":"https:\/\/imaxilofacial.com\/pt-pt\/odontologia\/enchimento-dentario\/#breadcrumb"},"inLanguage":"pt-PT","potentialAction":[{"@type":"ReadAction","target":["https:\/\/imaxilofacial.com\/pt-pt\/odontologia\/enchimento-dentario\/"]}]},{"@type":"BreadcrumbList","@id":"https:\/\/imaxilofacial.com\/pt-pt\/odontologia\/enchimento-dentario\/#breadcrumb","itemListElement":[{"@type":"ListItem","position":1,"name":"Instituto Maxilofacial Badajoz","item":"https:\/\/imaxilofacial.com\/pt-pt\/"},{"@type":"ListItem","position":2,"name":"Odontolog\u00eda","item":"https:\/\/imaxilofacial.com\/pt-pt\/odontologia\/"},{"@type":"ListItem","position":3,"name":"Enchimento dent\u00e1rio"}]}]}},"_links":{"self":[{"href":"https:\/\/imaxilofacial.com\/pt-pt\/wp-json\/wp\/v2\/pages\/4299"}],"collection":[{"href":"https:\/\/imaxilofacial.com\/pt-pt\/wp-json\/wp\/v2\/pages"}],"about":[{"href":"https:\/\/imaxilofacial.com\/pt-pt\/wp-json\/wp\/v2\/types\/page"}],"author":[{"embeddable":true,"href":"https:\/\/imaxilofacial.com\/pt-pt\/wp-json\/wp\/v2\/users\/2"}],"replies":[{"embeddable":true,"href":"https:\/\/imaxilofacial.com\/pt-pt\/wp-json\/wp\/v2\/comments?post=4299"}],"version-history":[{"count":0,"href":"https:\/\/imaxilofacial.com\/pt-pt\/wp-json\/wp\/v2\/pages\/4299\/revisions"}],"up":[{"embeddable":true,"href":"https:\/\/imaxilofacial.com\/pt-pt\/wp-json\/wp\/v2\/pages\/3832"}],"wp:attachment":[{"href":"https:\/\/imaxilofacial.com\/pt-pt\/wp-json\/wp\/v2\/media?parent=4299"}],"curies":[{"name":"wp","href":"https:\/\/api.w.org\/{rel}","templated":true}]}}