{"id":4368,"date":"2022-01-25T08:25:24","date_gmt":"2022-01-25T08:25:24","guid":{"rendered":"https:\/\/imaxilofacial.com\/perguntas-frequentes\/"},"modified":"2022-01-25T08:25:24","modified_gmt":"2022-01-25T08:25:24","slug":"perguntas-frequentes","status":"publish","type":"page","link":"https:\/\/imaxilofacial.com\/pt-pt\/perguntas-frequentes\/","title":{"rendered":"Perguntas frequentes"},"content":{"rendered":"<div class=\"row\"  id=\"row-1961250024\"><\/div>\n\n\t<div id=\"col-1524925097\" class=\"col medium-1\/2 large-6\"  >\n\t\t\t\t<div class=\"col-inner\"  >\n\t\t\t\n\t\t\t\n<p><a href=\"https:\/\/imaxilofacial.com\/wp-content\/uploads\/2015\/09\/19-FAQS-Comp_55841465.jpg\"><img loading=\"lazy\" class=\"alignnone size-medium wp-image-4369\" src=\"https:\/\/imaxilofacial.com\/wp-content\/uploads\/2015\/09\/19-FAQS-Comp_55841465-300x200.jpg\" alt=\"Close-up de m\u00e3os luvas passando a tesoura cir\u00fargica, operatina\" width=\"300\" height=\"200\" srcset=\"https:\/\/imaxilofacial.com\/wp-content\/uploads\/2015\/09\/19-FAQS-Comp_55841465-300x200.jpg 300w, https:\/\/imaxilofacial.com\/wp-content\/uploads\/2015\/09\/19-FAQS-Comp_55841465.jpg 512w\" sizes=\"(max-width: 300px) 100vw, 300px\" \/><\/a><\/p>\n\t\t<\/div>\n\t\t\t\t\t<\/div>\n\n\t\n\n\t<div id=\"col-1576877387\" class=\"col medium-1\/2 large-6\"  >\n\t\t\t\t<div class=\"col-inner\"  >\n\t\t\t\n\t\t\t\t\t<\/div>\n\t\t\t\t\t<\/div>\n\n\t\n<p><strong>Cirurgia minimamente invasiva?<\/strong><br \/>\nNa nossa cl\u00ednica apostamos sempre numa cirurgia minimamente invasiva, onde com as nossas t\u00e9cnicas e procedimentos relacionados com a cirurgia (como a cirurgia do implante guiado), bem como a anestesia e os cuidados p\u00f3s-operat\u00f3rios, permitem-nos reduzir o desconforto e obter uma recupera\u00e7\u00e3o mais r\u00e1pida sem efeitos colaterais vis\u00edveis.<\/p>\n<p><strong>Posso entrar rapidamente na minha vida profissional?<\/strong><br \/>\nTentamos tornar o seu tempo de recupera\u00e7\u00e3o o mais curto poss\u00edvel gra\u00e7as \u00e0s mais recentes t\u00e9cnicas tecnol\u00f3gicas dispon\u00edveis para a cl\u00ednica. Cada tratamento tem um tempo estimado de recupera\u00e7\u00e3o que n\u00e3o \u00e9 geralmente de longo prazo e onde a maioria das pessoas pode ser incorporada na sua atividade normal em poucas horas ou minutos.<\/p>\n<p><strong>Quando \u00e9 a melhor altura para a extra\u00e7\u00e3o de dentes de sabedoria?<\/strong><br \/>\nN\u00e3o \u00e9 necess\u00e1rio remover sempre todos os dentes do siso. \u00c9 comum quando h\u00e1 problemas como c\u00e1rrias, infe\u00e7\u00e3o da gengiva ou quando comprimem as pe\u00e7as vizinhas, dificultando a sua higiene. A extra\u00e7\u00e3o destas pe\u00e7as tamb\u00e9m ocorre regularmente quando o paciente segue um tratamento ortod\u00f4ntico, no qual o movimento das restantes pe\u00e7as \u00e9 necess\u00e1rio e estes dificultam-na ou para evitar a recorr\u00eancia da aglomera\u00e7\u00e3o.<\/p>\n<p><strong>A recupera\u00e7\u00e3o quando estou em v\u00e1rios tratamentos simult\u00e2neos \u00e9 pior?<\/strong><br \/>\nN\u00e3o necessariamente. Alguns tratamentos podem ser feitos de uma s\u00f3 vez, mesmo diminuindo o tempo de recupera\u00e7\u00e3o do que se fossem feitos separadamente. Consulte os nossos especialistas e eles ir\u00e3o aconselh\u00e1-lo a pensar sobre a sua sa\u00fade e bem-estar.<\/p>\n<p><strong>Tenho medo&#8230; que algum tratamento possa ser feito com a semente?<\/strong><br \/>\nH\u00e1 pessoas que se passam por maus bocados antes do momento da interven\u00e7\u00e3o. Seda\u00e7\u00e3o intravenosa consciente, pode dizer-se que este sonolento mas consciente e colaborativo, permite ao paciente estar calmo e relaxado durante a interven\u00e7\u00e3o. Desta forma, o tratamento cir\u00fargico n\u00e3o \u00e9 uma situa\u00e7\u00e3o stressante para o paciente. Os nossos especialistas t\u00eam experi\u00eancia suficiente para saber que tipo de anestesia \u00e9 a certa para cada paciente. Confia neles, eles cuidam do teu bem-estar.<\/p>\n<p><strong>Que tipo de les\u00f5es devo ter em mente que me podem alertar para um poss\u00edvel tumor?<\/strong><br \/>\nQualquer tipo de les\u00e3o deve ser supervisionada por um especialista. Acima de tudo, devemos estar atentos \u00e0s les\u00f5es que duram mais de duas semanas e t\u00eam uma apar\u00eancia ulcerada na cavidade oral. Recomenda-se que se despe leve rapidamente ao especialista, uma vez que uma deten\u00e7\u00e3o precoce \u00e9 essencial neste tipo de caso.<\/p>\n<p><strong>Quanto tempo duram as cirurgias?<\/strong><br \/>\nTudo depende do tipo de cirurgia a que estamos a ser submetidos, mas os tempos estimados podem variar entre 30 minutos e 2 horas. Temos de ter presente que, desta vez, se trata de uma estimativa e que muitas vari\u00e1veis podem afetar o alongamento do processo.<\/p>\n<p><strong>As crian\u00e7as podem fazer cirurgia maxillofacial?<\/strong><br \/>\nNo Instituto Maxillofacial tratamos crian\u00e7as de todas as idades, e \u00e0s vezes elas t\u00eam de ser submetidas a este tipo de interven\u00e7\u00e3o. Oferecer-lhes um tratamento adequado para o relaxamento deles e das suas fam\u00edlias \u00e9 essencial para a nossa cl\u00ednica.<\/p>\n<p><strong>Tenho um acompanhamento p\u00f3s-operat\u00f3rio?<\/strong><br \/>\nClaro. Preocupamo-nos contigo antes, enquanto e depois dos tratamentos querendo que obtenhas o melhor resultado. Estamos \u00e0 sua disposi\u00e7\u00e3o para que possa fazer qualquer consulta face a poss\u00edveis d\u00favidas ap\u00f3s as interven\u00e7\u00f5es.<\/p>\n","protected":false},"excerpt":{"rendered":"<p>Cirurgia minimamente invasiva? Na nossa cl\u00ednica apostamos sempre numa cirurgia minimamente invasiva, onde com as nossas t\u00e9cnicas e procedimentos relacionados com a cirurgia (como a cirurgia do implante guiado), bem como a anestesia e os cuidados p\u00f3s-operat\u00f3rios, permitem-nos reduzir o desconforto e obter uma recupera\u00e7\u00e3o mais r\u00e1pida sem efeitos colaterais vis\u00edveis. Posso entrar rapidamente na [&#8230;]\n","protected":false},"author":1,"featured_media":0,"parent":0,"menu_order":0,"comment_status":"closed","ping_status":"closed","template":"page-right-sidebar.php","meta":{"_custom_body_class":"","_custom_post_class":""},"acf":[],"yoast_head":"<!-- This site is optimized with the Yoast SEO plugin v18.4.1 - https:\/\/yoast.com\/wordpress\/plugins\/seo\/ -->\n<title>Perguntas frequentes - Imaxilofacial Badajoz<\/title>\n<meta name=\"robots\" content=\"index, follow, max-snippet:-1, max-image-preview:large, max-video-preview:-1\" \/>\n<link rel=\"canonical\" href=\"https:\/\/imaxilofacial.com\/pt-pt\/perguntas-frequentes\/\" \/>\n<meta property=\"og:locale\" content=\"pt_PT\" \/>\n<meta property=\"og:type\" content=\"article\" \/>\n<meta property=\"og:title\" content=\"Perguntas frequentes - Imaxilofacial Badajoz\" \/>\n<meta property=\"og:description\" content=\"Cirurgia minimamente invasiva? Na nossa cl\u00ednica apostamos sempre numa cirurgia minimamente invasiva, onde com as nossas t\u00e9cnicas e procedimentos relacionados com a cirurgia (como a cirurgia do implante guiado), bem como a anestesia e os cuidados p\u00f3s-operat\u00f3rios, permitem-nos reduzir o desconforto e obter uma recupera\u00e7\u00e3o mais r\u00e1pida sem efeitos colaterais vis\u00edveis. Posso entrar rapidamente na [...]\" \/>\n<meta property=\"og:url\" content=\"https:\/\/imaxilofacial.com\/pt-pt\/perguntas-frequentes\/\" \/>\n<meta property=\"og:site_name\" content=\"Instituto Maxilofacial Portugal\" \/>\n<meta property=\"article:publisher\" content=\"https:\/\/www.facebook.com\/Imaxilofacial-878901768819054\/\" \/>\n<meta property=\"og:image\" content=\"https:\/\/imaxilofacial.com\/wp-content\/uploads\/2015\/09\/19-FAQS-Comp_55841465-300x200.jpg\" \/>\n<meta name=\"twitter:card\" content=\"summary\" \/>\n<meta name=\"twitter:site\" content=\"@BadajozSalud\" \/>\n<meta name=\"twitter:label1\" content=\"Tempo estimado de leitura\" \/>\n\t<meta name=\"twitter:data1\" content=\"3 minutos\" \/>\n<script type=\"application\/ld+json\" class=\"yoast-schema-graph\">{\"@context\":\"https:\/\/schema.org\",\"@graph\":[{\"@type\":\"WebSite\",\"@id\":\"https:\/\/imaxilofacial.com\/#website\",\"url\":\"https:\/\/imaxilofacial.com\/\",\"name\":\"Instituto Maxilofacial Portugal\",\"description\":\"Outro site WordPress\",\"potentialAction\":[{\"@type\":\"SearchAction\",\"target\":{\"@type\":\"EntryPoint\",\"urlTemplate\":\"https:\/\/imaxilofacial.com\/?s={search_term_string}\"},\"query-input\":\"required name=search_term_string\"}],\"inLanguage\":\"pt-PT\"},{\"@type\":\"ImageObject\",\"@id\":\"https:\/\/imaxilofacial.com\/pt-pt\/perguntas-frequentes\/#primaryimage\",\"inLanguage\":\"pt-PT\",\"url\":\"https:\/\/imaxilofacial.com\/wp-content\/uploads\/2015\/09\/19-FAQS-Comp_55841465.jpg\",\"contentUrl\":\"https:\/\/imaxilofacial.com\/wp-content\/uploads\/2015\/09\/19-FAQS-Comp_55841465.jpg\",\"width\":512,\"height\":341},{\"@type\":\"WebPage\",\"@id\":\"https:\/\/imaxilofacial.com\/pt-pt\/perguntas-frequentes\/#webpage\",\"url\":\"https:\/\/imaxilofacial.com\/pt-pt\/perguntas-frequentes\/\",\"name\":\"Perguntas frequentes - Imaxilofacial Badajoz\",\"isPartOf\":{\"@id\":\"https:\/\/imaxilofacial.com\/#website\"},\"primaryImageOfPage\":{\"@id\":\"https:\/\/imaxilofacial.com\/pt-pt\/perguntas-frequentes\/#primaryimage\"},\"datePublished\":\"2022-01-25T08:25:24+00:00\",\"dateModified\":\"2022-01-25T08:25:24+00:00\",\"breadcrumb\":{\"@id\":\"https:\/\/imaxilofacial.com\/pt-pt\/perguntas-frequentes\/#breadcrumb\"},\"inLanguage\":\"pt-PT\",\"potentialAction\":[{\"@type\":\"ReadAction\",\"target\":[\"https:\/\/imaxilofacial.com\/pt-pt\/perguntas-frequentes\/\"]}]},{\"@type\":\"BreadcrumbList\",\"@id\":\"https:\/\/imaxilofacial.com\/pt-pt\/perguntas-frequentes\/#breadcrumb\",\"itemListElement\":[{\"@type\":\"ListItem\",\"position\":1,\"name\":\"Instituto Maxilofacial Badajoz\",\"item\":\"https:\/\/imaxilofacial.com\/pt-pt\/\"},{\"@type\":\"ListItem\",\"position\":2,\"name\":\"Perguntas frequentes\"}]}]}<\/script>\n<!-- \/ Yoast SEO plugin. -->","yoast_head_json":{"title":"Perguntas frequentes - Imaxilofacial Badajoz","robots":{"index":"index","follow":"follow","max-snippet":"max-snippet:-1","max-image-preview":"max-image-preview:large","max-video-preview":"max-video-preview:-1"},"canonical":"https:\/\/imaxilofacial.com\/pt-pt\/perguntas-frequentes\/","og_locale":"pt_PT","og_type":"article","og_title":"Perguntas frequentes - Imaxilofacial Badajoz","og_description":"Cirurgia minimamente invasiva? Na nossa cl\u00ednica apostamos sempre numa cirurgia minimamente invasiva, onde com as nossas t\u00e9cnicas e procedimentos relacionados com a cirurgia (como a cirurgia do implante guiado), bem como a anestesia e os cuidados p\u00f3s-operat\u00f3rios, permitem-nos reduzir o desconforto e obter uma recupera\u00e7\u00e3o mais r\u00e1pida sem efeitos colaterais vis\u00edveis. Posso entrar rapidamente na [...]","og_url":"https:\/\/imaxilofacial.com\/pt-pt\/perguntas-frequentes\/","og_site_name":"Instituto Maxilofacial Portugal","article_publisher":"https:\/\/www.facebook.com\/Imaxilofacial-878901768819054\/","og_image":[{"url":"https:\/\/imaxilofacial.com\/wp-content\/uploads\/2015\/09\/19-FAQS-Comp_55841465-300x200.jpg"}],"twitter_card":"summary","twitter_site":"@BadajozSalud","twitter_misc":{"Tempo estimado de leitura":"3 minutos"},"schema":{"@context":"https:\/\/schema.org","@graph":[{"@type":"WebSite","@id":"https:\/\/imaxilofacial.com\/#website","url":"https:\/\/imaxilofacial.com\/","name":"Instituto Maxilofacial Portugal","description":"Outro site WordPress","potentialAction":[{"@type":"SearchAction","target":{"@type":"EntryPoint","urlTemplate":"https:\/\/imaxilofacial.com\/?s={search_term_string}"},"query-input":"required name=search_term_string"}],"inLanguage":"pt-PT"},{"@type":"ImageObject","@id":"https:\/\/imaxilofacial.com\/pt-pt\/perguntas-frequentes\/#primaryimage","inLanguage":"pt-PT","url":"https:\/\/imaxilofacial.com\/wp-content\/uploads\/2015\/09\/19-FAQS-Comp_55841465.jpg","contentUrl":"https:\/\/imaxilofacial.com\/wp-content\/uploads\/2015\/09\/19-FAQS-Comp_55841465.jpg","width":512,"height":341},{"@type":"WebPage","@id":"https:\/\/imaxilofacial.com\/pt-pt\/perguntas-frequentes\/#webpage","url":"https:\/\/imaxilofacial.com\/pt-pt\/perguntas-frequentes\/","name":"Perguntas frequentes - Imaxilofacial Badajoz","isPartOf":{"@id":"https:\/\/imaxilofacial.com\/#website"},"primaryImageOfPage":{"@id":"https:\/\/imaxilofacial.com\/pt-pt\/perguntas-frequentes\/#primaryimage"},"datePublished":"2022-01-25T08:25:24+00:00","dateModified":"2022-01-25T08:25:24+00:00","breadcrumb":{"@id":"https:\/\/imaxilofacial.com\/pt-pt\/perguntas-frequentes\/#breadcrumb"},"inLanguage":"pt-PT","potentialAction":[{"@type":"ReadAction","target":["https:\/\/imaxilofacial.com\/pt-pt\/perguntas-frequentes\/"]}]},{"@type":"BreadcrumbList","@id":"https:\/\/imaxilofacial.com\/pt-pt\/perguntas-frequentes\/#breadcrumb","itemListElement":[{"@type":"ListItem","position":1,"name":"Instituto Maxilofacial Badajoz","item":"https:\/\/imaxilofacial.com\/pt-pt\/"},{"@type":"ListItem","position":2,"name":"Perguntas frequentes"}]}]}},"_links":{"self":[{"href":"https:\/\/imaxilofacial.com\/pt-pt\/wp-json\/wp\/v2\/pages\/4368"}],"collection":[{"href":"https:\/\/imaxilofacial.com\/pt-pt\/wp-json\/wp\/v2\/pages"}],"about":[{"href":"https:\/\/imaxilofacial.com\/pt-pt\/wp-json\/wp\/v2\/types\/page"}],"author":[{"embeddable":true,"href":"https:\/\/imaxilofacial.com\/pt-pt\/wp-json\/wp\/v2\/users\/1"}],"replies":[{"embeddable":true,"href":"https:\/\/imaxilofacial.com\/pt-pt\/wp-json\/wp\/v2\/comments?post=4368"}],"version-history":[{"count":0,"href":"https:\/\/imaxilofacial.com\/pt-pt\/wp-json\/wp\/v2\/pages\/4368\/revisions"}],"wp:attachment":[{"href":"https:\/\/imaxilofacial.com\/pt-pt\/wp-json\/wp\/v2\/media?parent=4368"}],"curies":[{"name":"wp","href":"https:\/\/api.w.org\/{rel}","templated":true}]}}