{"id":4376,"date":"2022-01-25T08:29:24","date_gmt":"2022-01-25T08:29:24","guid":{"rendered":"https:\/\/imaxilofacial.com\/cirurgia-de-perfil-facial-ortodontia-cirurgica\/"},"modified":"2023-01-11T09:57:32","modified_gmt":"2023-01-11T09:57:32","slug":"cirurgia-de-perfil-facial-ortodontia-cirurgica","status":"publish","type":"page","link":"https:\/\/imaxilofacial.com\/pt-pt\/cirurgia-oral-e-maxilo-facial\/cirurgia-de-perfil-facial-ortodontia-cirurgica\/","title":{"rendered":"Cirurgia de perfil facial. Ortodontia Cir\u00fargica"},"content":{"rendered":"<p>A ortodontia cir\u00fargica, tamb\u00e9m conhecida como cirurgia ortognat\u00e9tica, \u00e9 um tipo de tratamento ortod\u00f4ntico usado para corrigir casos graves que incluem anomalias na mand\u00edbula e na mand\u00edbula superior.<\/p>\n<p>A cirurgia oral e maxillofacial centra-se no tratamento de casos craniofaciais complexos envolvendo a mand\u00edbula, o rosto e o cr\u00e2nio. Se precisar de ortodontia cir\u00fargica, o seu ortodontista trabalhar\u00e1 com um cirurgi\u00e3o oral e maxillofacial que ser\u00e1 respons\u00e1vel pela realiza\u00e7\u00e3o do tratamento cir\u00fargico. Portanto, trabalhando em coordena\u00e7\u00e3o com o seu ortodontista, estabelecer\u00e1 o melhor momento para realizar o tratamento cir\u00fargico.<\/p>\n<p><strong>Quando pode ser necess\u00e1ria ortodontia cir\u00fargica?<\/strong><\/p>\n<p>A ortodontia cir\u00fargica pode ser usada para tratar adultos com oclus\u00f5es dent\u00e1rias anormais ou outras preocupa\u00e7\u00f5es est\u00e9ticas. Tipicamente, o crescimento da mand\u00edbula para aos 16 anos nas mulheres e 18 nos homens. Para receber uma cirurgia ortognat\u00e9tica, a mand\u00edbula deve ter parado de crescer. A necessidade de ortodontia cir\u00fargica ocorre quando as mand\u00edbulas n\u00e3o se alinham corretamente e uma mordida adequada n\u00e3o pode ser alcan\u00e7ada apenas com o tratamento ortod\u00f4ntico. A cirurgia ortognat\u00e9tica, realizada pelo cirurgi\u00e3o oral e maxillofacial, ajudar\u00e1 a alinhar corretamente a mand\u00edbula e a mand\u00edbula superior. Mais tarde, o ortodontista alcan\u00e7ar\u00e1 o alinhamento final dos dentes com os suportes movendo os dentes para a sua posi\u00e7\u00e3o correta.<\/p>\n<p><strong>Como sei se preciso de cirurgia ortognat\u00edstica?<\/strong><\/p>\n<p>O seu ortodontista pode dizer-lhe se a cirurgia ortognat\u00edstica \u00e9 necess\u00e1ria como parte do seu tratamento. Dependendo da gravidade do seu caso e do alinhamento da sua mand\u00edbula, pode ou n\u00e3o precisar de cirurgia.<\/p>\n<p><strong>Como funciona a cirurgia ortognat\u00edstica?<\/strong><\/p>\n<p>Um cirurgi\u00e3o oral e maxillofacial far\u00e1 a sua cirurgia ortognat\u00e9tica numa sala de cirurgia hospitalar. A cirurgia ortognat\u00e9tica pode demorar v\u00e1rias horas dependendo de cada caso individual. Uma vez conclu\u00edda a cirurgia, ter\u00e1 um per\u00edodo de descanso de duas semanas. Uma vez que a cirurgia ortognat\u00e9tica \u00e9 um tratamento importante, recomendamos que marque algum tempo fora do trabalho e da escola durante o processo de recupera\u00e7\u00e3o. Depois da mand\u00edbula e da mand\u00edbula superior terem curado, o seu ortodontista vai &#8220;afinar&#8221; a sua oclus\u00e3o novamente. Ap\u00f3s a cirurgia, ter\u00e1 de continuar a utilizar os suportes, e a maioria dos aparelhos ser\u00e1 removida dentro de seis a 12 meses de cirurgia. Depois de removidos estes suportes, usar\u00e1 um retentor para ajudar a manter o seu novo sorriso.<\/p>\n<p><strong>Quais s\u00e3o os riscos associados \u00e0 cirurgia ortognat\u00edstica?<\/strong><\/p>\n<p>Como em qualquer cirurgia m\u00e9dica importante, pode haver certos riscos na realiza\u00e7\u00e3o de cirurgia ortognat\u00e9tica. No entanto, o processo de cirurgia ortognat\u00edstica n\u00e3o \u00e9 novo, e tem sido realizado h\u00e1 muitos anos em hospitais.<\/p>\n<p><strong>Quais s\u00e3o os benef\u00edcios de fazer uma cirurgia ortognat\u00edstica?<\/strong><\/p>\n<p>Para muitos pacientes, a recompensa mais importante da cirurgia ortognatrica \u00e9 conseguir um sorriso bonito e saud\u00e1vel que dura uma vida inteira. Seja porque precisa de tratamento ortod\u00f4ntico para corrigir uma malocclus\u00e3o ou anormalidade da mand\u00edbula, a cirurgia ortognatica pode ajud\u00e1-lo a recuperar a confian\u00e7a, equilibrando o rosto e o perfil facial.<\/p>\n<blockquote><p>&nbsp;<\/p>\n<p>Se est\u00e1 preocupado com um pr\u00f3ximo tratamento com cirurgia ortognat\u00e9tica, contacte-nos. Teremos todo o gosto em responder a quaisquer perguntas que possa ter e fornecer-lhe qualquer informa\u00e7\u00e3o adicional. O seu conforto e seguran\u00e7a s\u00e3o importantes para n\u00f3s.<\/p>\n<p>&nbsp;<\/p><\/blockquote>\n<p>Caso 1: Deformidade Dentofacial Classe III, mand\u00edbula proeminente, preocupa\u00e7\u00e3o do paciente com a proje\u00e7\u00e3o do nariz ao avan\u00e7ar a mand\u00edbula superior. Afundamento da zona central do rosto e mal-estar.<\/p>\n<div class=\"mceTemp\"><\/div>\n<p><iframe loading=\"lazy\" title=\"Deformidad dentofacial\" width=\"1020\" height=\"765\" src=\"https:\/\/www.youtube.com\/embed\/W-m36yuabII?feature=oembed\" frameborder=\"0\" allow=\"accelerometer; autoplay; clipboard-write; encrypted-media; gyroscope; picture-in-picture; web-share\" allowfullscreen><\/iframe><\/p>\n<p>&nbsp;<\/p>\n<p>Cirurgia realizada: Progresso com subida da mand\u00edbula superior, retrus\u00e3o da mand\u00edbula, Enchimento de ma\u00e7\u00e3s do rosto com gordura do paciente<\/p>\n<p>&nbsp;<\/p>\n<hr \/>\n<p>Caso 2: Assimetria mandibular significativa, maloclus\u00e3o grave com desvio do queixo.<\/p>\n<p><iframe loading=\"lazy\" title=\"Deformidad Mandibular\" width=\"1020\" height=\"765\" src=\"https:\/\/www.youtube.com\/embed\/PJBmSacLvtQ?feature=oembed\" frameborder=\"0\" allow=\"accelerometer; autoplay; clipboard-write; encrypted-media; gyroscope; picture-in-picture; web-share\" allowfullscreen><\/iframe><\/p>\n<p>Cirurgia realizada: Centrado mandibular e queixo. Preenchendo o \u00e2ngulo mandibular direito.<\/p>\n<p>&nbsp;<\/p>\n<p>Caso 3: Hipoplasia da mand\u00edbula superior, subsid\u00eancia de malares.<\/p>\n<p><iframe loading=\"lazy\" title=\"Deformidad Dentofacial\" width=\"1020\" height=\"765\" src=\"https:\/\/www.youtube.com\/embed\/11tJrluVTEY?feature=oembed\" frameborder=\"0\" allow=\"accelerometer; autoplay; clipboard-write; encrypted-media; gyroscope; picture-in-picture; web-share\" allowfullscreen><\/iframe><\/p>\n<p>Cirurgia realizada: avan\u00e7o maxilar, enchimento de mal-estar com gordura do paciente. Ligeira retros\u00e3o da mand\u00edbula.<\/p>\n<p>&nbsp;<\/p>\n<p>Caso 4: Hipoplasia devido a trauma na inf\u00e2ncia do ramo mandibular, retrus\u00e3o da mand\u00edbula com s\u00edndrome da apneia do sono.<\/p>\n<p><iframe loading=\"lazy\" title=\"Deformidad Dentofacial Compleja. Tratamiento quir\u00fargico. Dr. Mateo Arias. Cirujano Maxilofacial.\" width=\"1020\" height=\"765\" src=\"https:\/\/www.youtube.com\/embed\/VsGFJ_SynT0?feature=oembed\" frameborder=\"0\" allow=\"accelerometer; autoplay; clipboard-write; encrypted-media; gyroscope; picture-in-picture; web-share\" allowfullscreen><\/iframe><\/p>\n<p>Cirurgia Realizada: Coloca\u00e7\u00e3o de pr\u00f3teses no ramo ascendente direito da mand\u00edbula, avan\u00e7o maxillomandibular para aumento das vias respirat\u00f3rias, nivelamento do plano oclusal. Mentoplastia inovadora.<\/p>\n<p>&nbsp;<\/p>\n<p>&nbsp;<\/p>\n<p>&nbsp;<\/p>\n<p>&nbsp;<\/p>\n<p>&nbsp;<\/p>\n<p>&nbsp;<\/p>\n<p>&nbsp;<\/p>\n<p>&nbsp;<\/p>\n<p>&nbsp;<\/p>\n<p>&nbsp;<\/p>\n<p>&nbsp;<\/p>\n<p>&nbsp;<\/p>\n<p>&nbsp;<\/p>\n<p>&nbsp;<\/p>\n<p>&nbsp;<\/p>\n<p>&nbsp;<\/p>\n<p>&nbsp;<\/p>\n<p>&nbsp;<\/p>\n<p>&nbsp;<\/p>\n<p>&nbsp;<\/p>\n<p>&nbsp;<\/p>\n<p>&nbsp;<\/p>\n<p>&nbsp;<\/p>\n<p>&nbsp;<\/p>\n<p>&nbsp;<\/p>\n<p>&nbsp;<\/p>\n<p>&nbsp;<\/p>\n<p>&nbsp;<\/p>\n","protected":false},"excerpt":{"rendered":"<p>A ortodontia cir\u00fargica, tamb\u00e9m conhecida como cirurgia ortognat\u00e9tica, \u00e9 um tipo de tratamento ortod\u00f4ntico usado para corrigir casos graves que incluem anomalias na mand\u00edbula e na mand\u00edbula superior. A cirurgia oral e maxillofacial centra-se no tratamento de casos craniofaciais complexos envolvendo a mand\u00edbula, o rosto e o cr\u00e2nio. Se precisar de ortodontia cir\u00fargica, o seu [&#8230;]\n","protected":false},"author":1,"featured_media":0,"parent":3818,"menu_order":0,"comment_status":"closed","ping_status":"closed","template":"page-right-sidebar.php","meta":{"_custom_body_class":"","_custom_post_class":""},"acf":[],"yoast_head":"<!-- This site is optimized with the Yoast SEO plugin v18.4.1 - https:\/\/yoast.com\/wordpress\/plugins\/seo\/ -->\n<title>Cirurgia Ortognatica de Casos bem sucedidos<\/title>\n<meta name=\"description\" content=\"A cirurgia ortognat\u00e9tica consiste na mobiliza\u00e7\u00e3o dos ossos da mand\u00edbula superior e da mand\u00edbula para alcan\u00e7ar uma oclus\u00e3o est\u00e1vel e saud\u00e1vel para a articula\u00e7\u00e3o temporomandibular, tamb\u00e9m conseguimos uma melhoria no perfil facial.\" \/>\n<meta name=\"robots\" content=\"noindex, follow\" \/>\n<meta property=\"og:locale\" content=\"pt_PT\" \/>\n<meta property=\"og:type\" content=\"article\" \/>\n<meta property=\"og:title\" content=\"Cirurgia Ortognatica de Casos bem sucedidos\" \/>\n<meta property=\"og:description\" content=\"A cirurgia ortognat\u00e9tica consiste na mobiliza\u00e7\u00e3o dos ossos da mand\u00edbula superior e da mand\u00edbula para alcan\u00e7ar uma oclus\u00e3o est\u00e1vel e saud\u00e1vel para a articula\u00e7\u00e3o temporomandibular, tamb\u00e9m conseguimos uma melhoria no perfil facial.\" \/>\n<meta property=\"og:url\" content=\"https:\/\/imaxilofacial.com\/pt-pt\/cirurgia-oral-e-maxilo-facial\/cirurgia-de-perfil-facial-ortodontia-cirurgica\/\" \/>\n<meta property=\"og:site_name\" content=\"Instituto Maxilofacial Portugal\" \/>\n<meta property=\"article:publisher\" content=\"https:\/\/www.facebook.com\/Imaxilofacial-878901768819054\/\" \/>\n<meta property=\"article:modified_time\" content=\"2023-01-11T09:57:32+00:00\" \/>\n<meta name=\"twitter:card\" content=\"summary\" \/>\n<meta name=\"twitter:site\" content=\"@BadajozSalud\" \/>\n<meta name=\"twitter:label1\" content=\"Tempo estimado de leitura\" \/>\n\t<meta name=\"twitter:data1\" content=\"4 minutos\" \/>\n<script type=\"application\/ld+json\" class=\"yoast-schema-graph\">{\"@context\":\"https:\/\/schema.org\",\"@graph\":[{\"@type\":\"WebSite\",\"@id\":\"https:\/\/imaxilofacial.com\/#website\",\"url\":\"https:\/\/imaxilofacial.com\/\",\"name\":\"Instituto Maxilofacial Portugal\",\"description\":\"Outro site WordPress\",\"potentialAction\":[{\"@type\":\"SearchAction\",\"target\":{\"@type\":\"EntryPoint\",\"urlTemplate\":\"https:\/\/imaxilofacial.com\/?s={search_term_string}\"},\"query-input\":\"required name=search_term_string\"}],\"inLanguage\":\"pt-PT\"},{\"@type\":\"WebPage\",\"@id\":\"https:\/\/imaxilofacial.com\/pt-pt\/cirurgia-oral-e-maxilo-facial\/cirurgia-de-perfil-facial-ortodontia-cirurgica\/#webpage\",\"url\":\"https:\/\/imaxilofacial.com\/pt-pt\/cirurgia-oral-e-maxilo-facial\/cirurgia-de-perfil-facial-ortodontia-cirurgica\/\",\"name\":\"Cirurgia Ortognatica de Casos bem sucedidos\",\"isPartOf\":{\"@id\":\"https:\/\/imaxilofacial.com\/#website\"},\"datePublished\":\"2022-01-25T08:29:24+00:00\",\"dateModified\":\"2023-01-11T09:57:32+00:00\",\"description\":\"A cirurgia ortognat\u00e9tica consiste na mobiliza\u00e7\u00e3o dos ossos da mand\u00edbula superior e da mand\u00edbula para alcan\u00e7ar uma oclus\u00e3o est\u00e1vel e saud\u00e1vel para a articula\u00e7\u00e3o temporomandibular, tamb\u00e9m conseguimos uma melhoria no perfil facial.\",\"breadcrumb\":{\"@id\":\"https:\/\/imaxilofacial.com\/pt-pt\/cirurgia-oral-e-maxilo-facial\/cirurgia-de-perfil-facial-ortodontia-cirurgica\/#breadcrumb\"},\"inLanguage\":\"pt-PT\",\"potentialAction\":[{\"@type\":\"ReadAction\",\"target\":[\"https:\/\/imaxilofacial.com\/pt-pt\/cirurgia-oral-e-maxilo-facial\/cirurgia-de-perfil-facial-ortodontia-cirurgica\/\"]}]},{\"@type\":\"BreadcrumbList\",\"@id\":\"https:\/\/imaxilofacial.com\/pt-pt\/cirurgia-oral-e-maxilo-facial\/cirurgia-de-perfil-facial-ortodontia-cirurgica\/#breadcrumb\",\"itemListElement\":[{\"@type\":\"ListItem\",\"position\":1,\"name\":\"Instituto Maxilofacial Badajoz\",\"item\":\"https:\/\/imaxilofacial.com\/pt-pt\/\"},{\"@type\":\"ListItem\",\"position\":2,\"name\":\"Cirug\u00eda Maxilofacial\",\"item\":\"https:\/\/imaxilofacial.com\/pt-pt\/cirugia-maxilofacial\/\"},{\"@type\":\"ListItem\",\"position\":3,\"name\":\"Cirurgia de perfil facial. Ortodontia Cir\u00fargica\"}]}]}<\/script>\n<!-- \/ Yoast SEO plugin. -->","yoast_head_json":{"title":"Cirurgia Ortognatica de Casos bem sucedidos","description":"A cirurgia ortognat\u00e9tica consiste na mobiliza\u00e7\u00e3o dos ossos da mand\u00edbula superior e da mand\u00edbula para alcan\u00e7ar uma oclus\u00e3o est\u00e1vel e saud\u00e1vel para a articula\u00e7\u00e3o temporomandibular, tamb\u00e9m conseguimos uma melhoria no perfil facial.","robots":{"index":"noindex","follow":"follow"},"og_locale":"pt_PT","og_type":"article","og_title":"Cirurgia Ortognatica de Casos bem sucedidos","og_description":"A cirurgia ortognat\u00e9tica consiste na mobiliza\u00e7\u00e3o dos ossos da mand\u00edbula superior e da mand\u00edbula para alcan\u00e7ar uma oclus\u00e3o est\u00e1vel e saud\u00e1vel para a articula\u00e7\u00e3o temporomandibular, tamb\u00e9m conseguimos uma melhoria no perfil facial.","og_url":"https:\/\/imaxilofacial.com\/pt-pt\/cirurgia-oral-e-maxilo-facial\/cirurgia-de-perfil-facial-ortodontia-cirurgica\/","og_site_name":"Instituto Maxilofacial Portugal","article_publisher":"https:\/\/www.facebook.com\/Imaxilofacial-878901768819054\/","article_modified_time":"2023-01-11T09:57:32+00:00","twitter_card":"summary","twitter_site":"@BadajozSalud","twitter_misc":{"Tempo estimado de leitura":"4 minutos"},"schema":{"@context":"https:\/\/schema.org","@graph":[{"@type":"WebSite","@id":"https:\/\/imaxilofacial.com\/#website","url":"https:\/\/imaxilofacial.com\/","name":"Instituto Maxilofacial Portugal","description":"Outro site WordPress","potentialAction":[{"@type":"SearchAction","target":{"@type":"EntryPoint","urlTemplate":"https:\/\/imaxilofacial.com\/?s={search_term_string}"},"query-input":"required name=search_term_string"}],"inLanguage":"pt-PT"},{"@type":"WebPage","@id":"https:\/\/imaxilofacial.com\/pt-pt\/cirurgia-oral-e-maxilo-facial\/cirurgia-de-perfil-facial-ortodontia-cirurgica\/#webpage","url":"https:\/\/imaxilofacial.com\/pt-pt\/cirurgia-oral-e-maxilo-facial\/cirurgia-de-perfil-facial-ortodontia-cirurgica\/","name":"Cirurgia Ortognatica de Casos bem sucedidos","isPartOf":{"@id":"https:\/\/imaxilofacial.com\/#website"},"datePublished":"2022-01-25T08:29:24+00:00","dateModified":"2023-01-11T09:57:32+00:00","description":"A cirurgia ortognat\u00e9tica consiste na mobiliza\u00e7\u00e3o dos ossos da mand\u00edbula superior e da mand\u00edbula para alcan\u00e7ar uma oclus\u00e3o est\u00e1vel e saud\u00e1vel para a articula\u00e7\u00e3o temporomandibular, tamb\u00e9m conseguimos uma melhoria no perfil facial.","breadcrumb":{"@id":"https:\/\/imaxilofacial.com\/pt-pt\/cirurgia-oral-e-maxilo-facial\/cirurgia-de-perfil-facial-ortodontia-cirurgica\/#breadcrumb"},"inLanguage":"pt-PT","potentialAction":[{"@type":"ReadAction","target":["https:\/\/imaxilofacial.com\/pt-pt\/cirurgia-oral-e-maxilo-facial\/cirurgia-de-perfil-facial-ortodontia-cirurgica\/"]}]},{"@type":"BreadcrumbList","@id":"https:\/\/imaxilofacial.com\/pt-pt\/cirurgia-oral-e-maxilo-facial\/cirurgia-de-perfil-facial-ortodontia-cirurgica\/#breadcrumb","itemListElement":[{"@type":"ListItem","position":1,"name":"Instituto Maxilofacial Badajoz","item":"https:\/\/imaxilofacial.com\/pt-pt\/"},{"@type":"ListItem","position":2,"name":"Cirug\u00eda Maxilofacial","item":"https:\/\/imaxilofacial.com\/pt-pt\/cirugia-maxilofacial\/"},{"@type":"ListItem","position":3,"name":"Cirurgia de perfil facial. Ortodontia Cir\u00fargica"}]}]}},"_links":{"self":[{"href":"https:\/\/imaxilofacial.com\/pt-pt\/wp-json\/wp\/v2\/pages\/4376"}],"collection":[{"href":"https:\/\/imaxilofacial.com\/pt-pt\/wp-json\/wp\/v2\/pages"}],"about":[{"href":"https:\/\/imaxilofacial.com\/pt-pt\/wp-json\/wp\/v2\/types\/page"}],"author":[{"embeddable":true,"href":"https:\/\/imaxilofacial.com\/pt-pt\/wp-json\/wp\/v2\/users\/1"}],"replies":[{"embeddable":true,"href":"https:\/\/imaxilofacial.com\/pt-pt\/wp-json\/wp\/v2\/comments?post=4376"}],"version-history":[{"count":3,"href":"https:\/\/imaxilofacial.com\/pt-pt\/wp-json\/wp\/v2\/pages\/4376\/revisions"}],"predecessor-version":[{"id":5531,"href":"https:\/\/imaxilofacial.com\/pt-pt\/wp-json\/wp\/v2\/pages\/4376\/revisions\/5531"}],"up":[{"embeddable":true,"href":"https:\/\/imaxilofacial.com\/pt-pt\/wp-json\/wp\/v2\/pages\/3818"}],"wp:attachment":[{"href":"https:\/\/imaxilofacial.com\/pt-pt\/wp-json\/wp\/v2\/media?parent=4376"}],"curies":[{"name":"wp","href":"https:\/\/api.w.org\/{rel}","templated":true}]}}