{"id":4394,"date":"2022-01-25T08:30:02","date_gmt":"2022-01-25T08:30:02","guid":{"rendered":"https:\/\/imaxilofacial.com\/cirurgia-guiada-e-radiologia-digital-3d\/"},"modified":"2022-05-27T08:46:39","modified_gmt":"2022-05-27T08:46:39","slug":"cirurgia-guiada-e-radiologia-digital-3d","status":"publish","type":"page","link":"https:\/\/imaxilofacial.com\/pt-pt\/cirurgia-guiada-e-radiologia-digital-3d\/","title":{"rendered":"CIRURGIA GUIADA E RADIOLOGIA DIGITAL 3D"},"content":{"rendered":"<div class=\"row\"  id=\"row-1082645670\">\n<\/p>\n\n\t<div id=\"col-1350549836\" class=\"col medium-1\/2 large-6\"  >\n\t\t\t\t<div class=\"col-inner\"  >\n\t\t\t\n\t\t\t\n<p><\/p>\n<p><\/p>\n<p><a href=\"https:\/\/imaxilofacial.com\/wp-content\/uploads\/2015\/09\/Imagen1.jpg\"><img loading=\"lazy\" src=\"https:\/\/imaxilofacial.com\/wp-content\/uploads\/2015\/09\/Imagen1-283x300.jpg\" alt=\"Planeamento virtual da cirurgia maxillofacial\" width=\"392\" height=\"416\"><\/a><\/p>\n<\/p>\n<p><\/p>\n<p>Cirurgia guiada e radiologia tridimensional, radiologia 3D, s\u00e3o conceitos que v\u00e3o juntos. N\u00e3o \u00e9 poss\u00edvel realizar uma cirurgia guiada para a coloca\u00e7\u00e3o de implantes dent\u00e1rios, mas a radiologia 3D \u00e9 usada. O benef\u00edcio desta tecnologia, trazida para o nosso campo de a\u00e7\u00e3o no tratamento de implantes, reside na capacidade de fazer um diagn\u00f3stico anat\u00f4mico profundo, e de realizar fielmente uma cirurgia previamente planeada, cirurgia guiada, no exame radiol\u00f3gico tridimensional do paciente.<\/p>\n\t\t<\/div>\n\t\t\t\t\t<\/div>\n\n\t\n\t<div id=\"col-1927312287\" class=\"col medium-1\/2 large-6\"  >\n\t\t\t\t<div class=\"col-inner\"  >\n\t\t\t\n\t\t\t\n<h2>Radiologia 3D<\/h2>\n<p>A radiologia 3D permitir-nos-\u00e1 praticamente planear a interven\u00e7\u00e3o cir\u00fargica com precis\u00e3o, observando todos os detalhes que podemos encontrar mais tarde na interven\u00e7\u00e3o sobre o paciente. Com base nesta explora\u00e7\u00e3o profunda, desenvolve-se uma cirurgia guiada em implantologia. Atrav\u00e9s de talas individuais para cada paciente, que s\u00e3o colocadas na \u00e1rea onde vamos colocar os implantes, permite-nos realizar a cirurgia dos implantes dent\u00e1rios em cada pessoa, de uma forma 100% previs\u00edvel e id\u00eantica \u00e0 que inicialmente plane\u00e1mos na cirurgia virtual tridimensional. Estas talas d\u00e3o-nos a localiza\u00e7\u00e3o exata onde os implantes devem ser colocados, com a angula\u00e7\u00e3o e profundidade planeadas. A abordagem para a coloca\u00e7\u00e3o do implante \u00e9 m\u00ednima, apenas a necess\u00e1ria para a coloca\u00e7\u00e3o do mesmo. Desta forma reduzimos as complica\u00e7\u00f5es e encurtamos o per\u00edodo p\u00f3s-operat\u00f3rio, realizando um tratamento menos agressivo. Um estudo aprofundado anterior \u00e9 necess\u00e1rio, n\u00e3o s\u00f3 da anatomia da \u00e1rea a ser tratada, mas tamb\u00e9m dos implantes que vamos colocar, de modo que o resultado final \u00e9 o desejado pelo paciente, tanto em fun\u00e7\u00e3o como na est\u00e9tica. Este esfor\u00e7o inicial \u00e9 mais do que compensado pela diminui\u00e7\u00e3o e simplicidade do tempo cir\u00fargico, bem como pelo menor tempo de recupera\u00e7\u00e3o ap\u00f3s o tratamento do implante dent\u00e1rio.<\/p>\n<h2>As vantagens da cirurgia guiada pelo implante, que podemos destacar s\u00e3o<\/h2>\n<ul>\n<li>Diagn\u00f3stico anat\u00f4mico preciso.<\/li>\n<li>Previsibilidade do tratamento.<\/li>\n<li>Encurtamento do tempo de cirurgia. As talas permitem-nos colocar os implantes diretamente.<\/li>\n<li>Diminui\u00e7\u00e3o do tempo de recupera\u00e7\u00e3o, n\u00e3o fazendo grandes incis\u00f5es para a coloca\u00e7\u00e3o de implantes.<\/li>\n<\/ul>\n\t\t<\/div>\n\t\t\t\t\t<\/div>\n\n\t\n<\/div>\n<div id='gallery-1' class='gallery galleryid-4394 gallery-columns-5 gallery-size-medium'><figure class='gallery-item'>\n\t\t\t<div class='gallery-icon landscape'>\n\t\t\t\t<a href='https:\/\/imaxilofacial.com\/wp-content\/uploads\/2015\/09\/ciru.jpg'><img width=\"300\" height=\"157\" src=\"https:\/\/imaxilofacial.com\/wp-content\/uploads\/2015\/09\/ciru-300x157.jpg\" class=\"attachment-medium size-medium\" alt=\"Cirurgia minimamente invasiva\" loading=\"lazy\" aria-describedby=\"gallery-1-4396\" srcset=\"https:\/\/imaxilofacial.com\/wp-content\/uploads\/2015\/09\/ciru-300x157.jpg 300w, https:\/\/imaxilofacial.com\/wp-content\/uploads\/2015\/09\/ciru.jpg 900w\" sizes=\"(max-width: 300px) 100vw, 300px\" \/><\/a>\n\t\t\t<\/div>\n\t\t\t\t<figcaption class='wp-caption-text gallery-caption' id='gallery-1-4396'>\n\t\t\t\tCirurgia guiada para o tratamento do implante\n\t\t\t\t<\/figcaption><\/figure><figure class='gallery-item'>\n\t\t\t<div class='gallery-icon landscape'>\n\t\t\t\t<a href='https:\/\/imaxilofacial.com\/wp-content\/uploads\/2015\/09\/ciru2.jpg'><img width=\"300\" height=\"160\" src=\"https:\/\/imaxilofacial.com\/wp-content\/uploads\/2015\/09\/ciru2-300x160.jpg\" class=\"attachment-medium size-medium\" alt=\"Cirurgia minimamente invasiva\" loading=\"lazy\" aria-describedby=\"gallery-1-4397\" srcset=\"https:\/\/imaxilofacial.com\/wp-content\/uploads\/2015\/09\/ciru2-300x160.jpg 300w, https:\/\/imaxilofacial.com\/wp-content\/uploads\/2015\/09\/ciru2.jpg 900w\" sizes=\"(max-width: 300px) 100vw, 300px\" \/><\/a>\n\t\t\t<\/div>\n\t\t\t\t<figcaption class='wp-caption-text gallery-caption' id='gallery-1-4397'>\n\t\t\t\tCirurgia guiada para o tratamento do implante\n\t\t\t\t<\/figcaption><\/figure>\n\t\t<\/div>\n\n","protected":false},"excerpt":{"rendered":"","protected":false},"author":1,"featured_media":0,"parent":0,"menu_order":0,"comment_status":"closed","ping_status":"closed","template":"page-right-sidebar.php","meta":{"_custom_body_class":"","_custom_post_class":""},"acf":[],"yoast_head":"<!-- This site is optimized with the Yoast SEO plugin v18.4.1 - https:\/\/yoast.com\/wordpress\/plugins\/seo\/ -->\n<title>Cirurgia Guiada - Implantes Dent\u00e1rios Indolor - Imaxilofacial Badajoz<\/title>\n<meta name=\"description\" content=\"Coloca\u00e7\u00e3o de implantes dent\u00e1rios com cirurgia guiada em Badajoz. Eficaz, preciso e menos invasivo. Reduz a dor, a inflama\u00e7\u00e3o e o risco de infe\u00e7\u00e3o.\" \/>\n<meta name=\"robots\" content=\"index, follow, max-snippet:-1, max-image-preview:large, max-video-preview:-1\" \/>\n<link rel=\"canonical\" href=\"https:\/\/imaxilofacial.com\/pt-pt\/cirurgia-guiada-e-radiologia-digital-3d\/\" \/>\n<meta property=\"og:locale\" content=\"pt_PT\" \/>\n<meta property=\"og:type\" content=\"article\" \/>\n<meta property=\"og:title\" content=\"Cirurgia Guiada - Implantes Dent\u00e1rios Indolor - Imaxilofacial Badajoz\" \/>\n<meta property=\"og:description\" content=\"Coloca\u00e7\u00e3o de implantes dent\u00e1rios com cirurgia guiada em Badajoz. Eficaz, preciso e menos invasivo. Reduz a dor, a inflama\u00e7\u00e3o e o risco de infe\u00e7\u00e3o.\" \/>\n<meta property=\"og:url\" content=\"https:\/\/imaxilofacial.com\/pt-pt\/cirurgia-guiada-e-radiologia-digital-3d\/\" \/>\n<meta property=\"og:site_name\" content=\"Instituto Maxilofacial Portugal\" \/>\n<meta property=\"article:publisher\" content=\"https:\/\/www.facebook.com\/Imaxilofacial-878901768819054\/\" \/>\n<meta property=\"article:modified_time\" content=\"2022-05-27T08:46:39+00:00\" \/>\n<meta property=\"og:image\" content=\"https:\/\/imaxilofacial.com\/wp-content\/uploads\/2015\/09\/ciru-300x157.jpg\" \/>\n<meta name=\"twitter:card\" content=\"summary\" \/>\n<meta name=\"twitter:site\" content=\"@BadajozSalud\" \/>\n<meta name=\"twitter:label1\" content=\"Tempo estimado de leitura\" \/>\n\t<meta name=\"twitter:data1\" content=\"2 minutos\" \/>\n<script type=\"application\/ld+json\" class=\"yoast-schema-graph\">{\"@context\":\"https:\/\/schema.org\",\"@graph\":[{\"@type\":\"WebSite\",\"@id\":\"https:\/\/imaxilofacial.com\/#website\",\"url\":\"https:\/\/imaxilofacial.com\/\",\"name\":\"Instituto Maxilofacial Portugal\",\"description\":\"Outro site WordPress\",\"potentialAction\":[{\"@type\":\"SearchAction\",\"target\":{\"@type\":\"EntryPoint\",\"urlTemplate\":\"https:\/\/imaxilofacial.com\/?s={search_term_string}\"},\"query-input\":\"required name=search_term_string\"}],\"inLanguage\":\"pt-PT\"},{\"@type\":\"ImageObject\",\"@id\":\"https:\/\/imaxilofacial.com\/pt-pt\/cirurgia-guiada-e-radiologia-digital-3d\/#primaryimage\",\"inLanguage\":\"pt-PT\",\"url\":\"https:\/\/imaxilofacial.com\/wp-content\/uploads\/2015\/09\/Imagen1.jpg\",\"contentUrl\":\"https:\/\/imaxilofacial.com\/wp-content\/uploads\/2015\/09\/Imagen1.jpg\",\"width\":665,\"height\":705,\"caption\":\"Planeamento virtual da cirurgia maxillofacial\"},{\"@type\":\"WebPage\",\"@id\":\"https:\/\/imaxilofacial.com\/pt-pt\/cirurgia-guiada-e-radiologia-digital-3d\/#webpage\",\"url\":\"https:\/\/imaxilofacial.com\/pt-pt\/cirurgia-guiada-e-radiologia-digital-3d\/\",\"name\":\"Cirurgia Guiada - Implantes Dent\u00e1rios Indolor - Imaxilofacial Badajoz\",\"isPartOf\":{\"@id\":\"https:\/\/imaxilofacial.com\/#website\"},\"primaryImageOfPage\":{\"@id\":\"https:\/\/imaxilofacial.com\/pt-pt\/cirurgia-guiada-e-radiologia-digital-3d\/#primaryimage\"},\"datePublished\":\"2022-01-25T08:30:02+00:00\",\"dateModified\":\"2022-05-27T08:46:39+00:00\",\"description\":\"Coloca\u00e7\u00e3o de implantes dent\u00e1rios com cirurgia guiada em Badajoz. Eficaz, preciso e menos invasivo. Reduz a dor, a inflama\u00e7\u00e3o e o risco de infe\u00e7\u00e3o.\",\"breadcrumb\":{\"@id\":\"https:\/\/imaxilofacial.com\/pt-pt\/cirurgia-guiada-e-radiologia-digital-3d\/#breadcrumb\"},\"inLanguage\":\"pt-PT\",\"potentialAction\":[{\"@type\":\"ReadAction\",\"target\":[\"https:\/\/imaxilofacial.com\/pt-pt\/cirurgia-guiada-e-radiologia-digital-3d\/\"]}]},{\"@type\":\"BreadcrumbList\",\"@id\":\"https:\/\/imaxilofacial.com\/pt-pt\/cirurgia-guiada-e-radiologia-digital-3d\/#breadcrumb\",\"itemListElement\":[{\"@type\":\"ListItem\",\"position\":1,\"name\":\"Instituto Maxilofacial Badajoz\",\"item\":\"https:\/\/imaxilofacial.com\/pt-pt\/\"},{\"@type\":\"ListItem\",\"position\":2,\"name\":\"CIRURGIA GUIADA E RADIOLOGIA DIGITAL 3D\"}]}]}<\/script>\n<!-- \/ Yoast SEO plugin. -->","yoast_head_json":{"title":"Cirurgia Guiada - Implantes Dent\u00e1rios Indolor - Imaxilofacial Badajoz","description":"Coloca\u00e7\u00e3o de implantes dent\u00e1rios com cirurgia guiada em Badajoz. Eficaz, preciso e menos invasivo. Reduz a dor, a inflama\u00e7\u00e3o e o risco de infe\u00e7\u00e3o.","robots":{"index":"index","follow":"follow","max-snippet":"max-snippet:-1","max-image-preview":"max-image-preview:large","max-video-preview":"max-video-preview:-1"},"canonical":"https:\/\/imaxilofacial.com\/pt-pt\/cirurgia-guiada-e-radiologia-digital-3d\/","og_locale":"pt_PT","og_type":"article","og_title":"Cirurgia Guiada - Implantes Dent\u00e1rios Indolor - Imaxilofacial Badajoz","og_description":"Coloca\u00e7\u00e3o de implantes dent\u00e1rios com cirurgia guiada em Badajoz. Eficaz, preciso e menos invasivo. Reduz a dor, a inflama\u00e7\u00e3o e o risco de infe\u00e7\u00e3o.","og_url":"https:\/\/imaxilofacial.com\/pt-pt\/cirurgia-guiada-e-radiologia-digital-3d\/","og_site_name":"Instituto Maxilofacial Portugal","article_publisher":"https:\/\/www.facebook.com\/Imaxilofacial-878901768819054\/","article_modified_time":"2022-05-27T08:46:39+00:00","og_image":[{"url":"https:\/\/imaxilofacial.com\/wp-content\/uploads\/2015\/09\/ciru-300x157.jpg"}],"twitter_card":"summary","twitter_site":"@BadajozSalud","twitter_misc":{"Tempo estimado de leitura":"2 minutos"},"schema":{"@context":"https:\/\/schema.org","@graph":[{"@type":"WebSite","@id":"https:\/\/imaxilofacial.com\/#website","url":"https:\/\/imaxilofacial.com\/","name":"Instituto Maxilofacial Portugal","description":"Outro site WordPress","potentialAction":[{"@type":"SearchAction","target":{"@type":"EntryPoint","urlTemplate":"https:\/\/imaxilofacial.com\/?s={search_term_string}"},"query-input":"required name=search_term_string"}],"inLanguage":"pt-PT"},{"@type":"ImageObject","@id":"https:\/\/imaxilofacial.com\/pt-pt\/cirurgia-guiada-e-radiologia-digital-3d\/#primaryimage","inLanguage":"pt-PT","url":"https:\/\/imaxilofacial.com\/wp-content\/uploads\/2015\/09\/Imagen1.jpg","contentUrl":"https:\/\/imaxilofacial.com\/wp-content\/uploads\/2015\/09\/Imagen1.jpg","width":665,"height":705,"caption":"Planeamento virtual da cirurgia maxillofacial"},{"@type":"WebPage","@id":"https:\/\/imaxilofacial.com\/pt-pt\/cirurgia-guiada-e-radiologia-digital-3d\/#webpage","url":"https:\/\/imaxilofacial.com\/pt-pt\/cirurgia-guiada-e-radiologia-digital-3d\/","name":"Cirurgia Guiada - Implantes Dent\u00e1rios Indolor - Imaxilofacial Badajoz","isPartOf":{"@id":"https:\/\/imaxilofacial.com\/#website"},"primaryImageOfPage":{"@id":"https:\/\/imaxilofacial.com\/pt-pt\/cirurgia-guiada-e-radiologia-digital-3d\/#primaryimage"},"datePublished":"2022-01-25T08:30:02+00:00","dateModified":"2022-05-27T08:46:39+00:00","description":"Coloca\u00e7\u00e3o de implantes dent\u00e1rios com cirurgia guiada em Badajoz. Eficaz, preciso e menos invasivo. Reduz a dor, a inflama\u00e7\u00e3o e o risco de infe\u00e7\u00e3o.","breadcrumb":{"@id":"https:\/\/imaxilofacial.com\/pt-pt\/cirurgia-guiada-e-radiologia-digital-3d\/#breadcrumb"},"inLanguage":"pt-PT","potentialAction":[{"@type":"ReadAction","target":["https:\/\/imaxilofacial.com\/pt-pt\/cirurgia-guiada-e-radiologia-digital-3d\/"]}]},{"@type":"BreadcrumbList","@id":"https:\/\/imaxilofacial.com\/pt-pt\/cirurgia-guiada-e-radiologia-digital-3d\/#breadcrumb","itemListElement":[{"@type":"ListItem","position":1,"name":"Instituto Maxilofacial Badajoz","item":"https:\/\/imaxilofacial.com\/pt-pt\/"},{"@type":"ListItem","position":2,"name":"CIRURGIA GUIADA E RADIOLOGIA DIGITAL 3D"}]}]}},"_links":{"self":[{"href":"https:\/\/imaxilofacial.com\/pt-pt\/wp-json\/wp\/v2\/pages\/4394"}],"collection":[{"href":"https:\/\/imaxilofacial.com\/pt-pt\/wp-json\/wp\/v2\/pages"}],"about":[{"href":"https:\/\/imaxilofacial.com\/pt-pt\/wp-json\/wp\/v2\/types\/page"}],"author":[{"embeddable":true,"href":"https:\/\/imaxilofacial.com\/pt-pt\/wp-json\/wp\/v2\/users\/1"}],"replies":[{"embeddable":true,"href":"https:\/\/imaxilofacial.com\/pt-pt\/wp-json\/wp\/v2\/comments?post=4394"}],"version-history":[{"count":9,"href":"https:\/\/imaxilofacial.com\/pt-pt\/wp-json\/wp\/v2\/pages\/4394\/revisions"}],"predecessor-version":[{"id":5072,"href":"https:\/\/imaxilofacial.com\/pt-pt\/wp-json\/wp\/v2\/pages\/4394\/revisions\/5072"}],"wp:attachment":[{"href":"https:\/\/imaxilofacial.com\/pt-pt\/wp-json\/wp\/v2\/media?parent=4394"}],"curies":[{"name":"wp","href":"https:\/\/api.w.org\/{rel}","templated":true}]}}