{"id":4432,"date":"2022-02-02T09:43:23","date_gmt":"2022-02-02T09:43:23","guid":{"rendered":"https:\/\/imaxilofacial.com\/politica-de-cookies\/"},"modified":"2022-02-02T09:43:26","modified_gmt":"2022-02-02T09:43:26","slug":"politica-de-cookies","status":"publish","type":"page","link":"https:\/\/imaxilofacial.com\/pt-pt\/politica-de-cookies\/","title":{"rendered":"Pol\u00edtica de Cookies"},"content":{"rendered":"\t\t<div data-elementor-type=\"wp-page\" data-elementor-id=\"4432\" class=\"elementor elementor-4432 elementor-4415\">\n\t\t\t\t\t\t\t\t\t<section class=\"elementor-section elementor-top-section elementor-element elementor-element-1297216 elementor-section-boxed elementor-section-height-default elementor-section-height-default\" data-id=\"1297216\" data-element_type=\"section\">\n\t\t\t\t\t\t<div class=\"elementor-container elementor-column-gap-default\">\n\t\t\t\t\t<div class=\"elementor-column elementor-col-100 elementor-top-column elementor-element elementor-element-f7be1ec\" data-id=\"f7be1ec\" data-element_type=\"column\">\n\t\t\t<div class=\"elementor-widget-wrap elementor-element-populated\">\n\t\t\t\t\t\t\t\t<div class=\"elementor-element elementor-element-c93fd68 elementor-widget elementor-widget-text-editor\" data-id=\"c93fd68\" data-element_type=\"widget\" data-widget_type=\"text-editor.default\">\n\t\t\t\t<div class=\"elementor-widget-container\">\n\t\t\t<style>\/*! elementor - v3.6.1 - 23-03-2022 *\/\n.elementor-widget-text-editor.elementor-drop-cap-view-stacked .elementor-drop-cap{background-color:#818a91;color:#fff}.elementor-widget-text-editor.elementor-drop-cap-view-framed .elementor-drop-cap{color:#818a91;border:3px solid;background-color:transparent}.elementor-widget-text-editor:not(.elementor-drop-cap-view-default) .elementor-drop-cap{margin-top:8px}.elementor-widget-text-editor:not(.elementor-drop-cap-view-default) .elementor-drop-cap-letter{width:1em;height:1em}.elementor-widget-text-editor .elementor-drop-cap{float:left;text-align:center;line-height:1;font-size:50px}.elementor-widget-text-editor .elementor-drop-cap-letter{display:inline-block}<\/style>\t\t\t\t<p>Devido \u00e0 entrada em vigor da Lei dos Servi\u00e7os da Sociedade da Informa\u00e7\u00e3o e do Com\u00e9rcio Eletr\u00f3nico (LSSICE), estabelecida pela lei estabelecida pela Lei 34\/2002, \u00e9 obrigat\u00f3rio obter o consentimento expresso do utilizador de todas as p\u00e1ginas web que utilizam.  <em>cookies <\/em> dispens\u00e1veis, antes de navegar neles.<\/p>\n<p><strong>O QUE S\u00c3O <\/strong><em><br \/>\n  <strong>BISCOITOS<\/strong><br \/>\n<\/em><strong>?<\/strong><\/p>\n<p><em>Cookies e outras <\/em>tecnologias similares, como <em>objetos partilhados <\/em>locais, cookies flash ou pixels, s\u00e3o ferramentas usadas pelos servidores da Web para armazenar e recuperar informa\u00e7\u00f5es sobre os seus visitantes, bem como para oferecer um correto funcionamento do site.<\/p>\n<p>Ao utilizar estes dispositivos, o servidor Web \u00e9 autorizado a lembrar alguns dados relativos ao utilizador, tais como as suas prefer\u00eancias para visualizar as p\u00e1ginas desse servidor, nome e palavra-passe, produtos que mais lhes interessam, etc.<\/p>\n<p>De acordo com a diretiva da UE,  <em>cookies <\/em>que requerem consentimento informado do utilizador s\u00e3o os  <em>Cookies anal\u00edticos <\/em>e os de publicidade e afilia\u00e7\u00e3o, com exce\u00e7\u00e3o dos de natureza t\u00e9cnica e dos necess\u00e1rios para o funcionamento do website ou a presta\u00e7\u00e3o de servi\u00e7os expressamente solicitados pelo utilizador.<\/p>\n<p><strong>TIPOS DE <\/strong><em><br \/>\n  <strong>COOKIES UTILIZADOS <\/strong><br \/>\n<\/em><strong>NESTE WEBSITE<\/strong><\/p>\n<p><strong>DE ACORDO COM O PROP\u00d3SITO<\/strong><\/p>\n<ul>\n<li>Cookies <strong>t\u00e9cnicos e funcionais<\/strong>: s\u00e3o aqueles que permitem ao utilizador navegar atrav\u00e9s de uma p\u00e1gina web, plataforma ou aplica\u00e7\u00e3o e a utiliza\u00e7\u00e3o das <em><strong>diferentes<\/strong>\n<p><\/em> op\u00e7\u00f5es ou servi\u00e7os que existem na sua \u00e1rea<em>.<\/em><\/li>\n<li><em><strong>Cookies anal\u00edticos: s\u00e3o aqueles<\/strong>\n<p><\/em><strong> que permitem que o respons\u00e1vel por eles monitorize e analise o comportamento dos utilizadores dos websites a que est\u00e3o ligados.<\/strong> A informa\u00e7\u00e3o recolhida atrav\u00e9s deste tipo de <em>cookies<\/em>  \u00e9 utilizado na medi\u00e7\u00e3o da atividade dos websites, aplica\u00e7\u00e3o ou plataforma e na elabora\u00e7\u00e3o de perfis de navega\u00e7\u00e3o dos utilizadores dos referidos sites, aplica\u00e7\u00f5es e plataformas, de forma a introduzir melhorias com base na an\u00e1lise dos dados de utiliza\u00e7\u00e3o escama pelos utilizadores do servi\u00e7o.<\/li>\n<li><em><strong>Cookies publicit\u00e1rios<\/strong>\n<p><\/em><strong>:<\/strong>  s\u00e3o aqueles que permitem a gest\u00e3o, da forma mais eficiente poss\u00edvel, dos espa\u00e7os publicit\u00e1rios que, se for caso disso, a editora incluiu numa p\u00e1gina web, aplica\u00e7\u00e3o ou plataforma a partir da qual presta o servi\u00e7o solicitado com base em crit\u00e9rios como o conte\u00fado editado ou a frequ\u00eancia em que os an\u00fancios s\u00e3o exibidos.<\/li>\n<li><em><strong>Cookies de publicidade comportamental<\/strong>\n<p><\/em><strong>: recolhem informa\u00e7\u00f5es sobre as prefer\u00eancias e escolhas pessoais do utilizador (<\/strong><em>retargeting<\/em>) permitir a gest\u00e3o, da forma mais eficiente poss\u00edvel, dos espa\u00e7os publicit\u00e1rios que, se for caso disso, a editora incluiu numa p\u00e1gina web, aplica\u00e7\u00e3o ou plataforma a partir da qual presta o servi\u00e7o solicitado.<\/li>\n<li><em><strong>Cookies sociais<\/strong>\n<p><\/em><strong>: estes s\u00e3o definidos pelas plataformas de redes sociais nos servi\u00e7os para que possa partilhar conte\u00fado com os seus amigos e redes.<\/strong> As plataformas de redes sociais t\u00eam a capacidade de acompanhar a sua atividade online fora dos Servi\u00e7os. Isto pode afetar o conte\u00fado e mensagens que v\u00ea em outros servi\u00e7os que visita.<\/li>\n<li><em><br \/>\n  <strong>Cookies afiliados <\/strong><br \/>\n<\/em><strong>:<\/strong> permitem-lhe acompanhar as visitas de outros websites, com os quais o website estabelece um contrato de afilia\u00e7\u00e3o (empresas afiliadas).<\/li>\n<li><em><br \/>\n  <strong>Cookies de seguran\u00e7a <\/strong><br \/>\n<\/em><strong>: armazenam<\/strong> informa\u00e7\u00f5es encriptadas para evitar que os dados armazenados nos mesmos sejam vulner\u00e1veis a ataques maliciosos de terceiros.<\/li>\n<\/ul>\n<p><strong>DE ACORDO COM A PROPRIEDADE<\/strong><\/p>\n<ul>\n<li><em><strong>Cookies pr\u00f3prios: s\u00e3o aqueles<\/strong>\n<p><\/em><strong> que s\u00e3o enviados para o equipamento terminal do utilizador a partir de um computador ou dom\u00ednio gerido pelo pr\u00f3prio editor e a partir do qual o servi\u00e7o solicitado pelo utilizador \u00e9 fornecido.<\/strong><\/li>\n<li><em><strong>Cookies de terceiros<\/strong>\n<p><\/em><strong>:<\/strong> s\u00e3o aqueles que s\u00e3o enviados para o equipamento terminal do utilizador a partir de um computador ou dom\u00ednio que n\u00e3o \u00e9 gerido pelo editor, mas por outra entidade que processa os dados obtidos atrav\u00e9s de cookies.<\/li>\n<\/ul>\n<p><strong>DE ACORDO COM O PER\u00cdODO DE CONSERVA\u00c7\u00c3O<\/strong><\/p>\n<ul>\n<li><em><br \/>\n  <strong>Cookies de sess\u00e3o<\/strong><br \/>\n<\/em><strong> :<\/strong> estes s\u00e3o um tipo de <em>cookies projetados<\/em> para recolher e armazenar dados enquanto o utilizador acede a uma p\u00e1gina web.<\/li>\n<li><em><br \/>\n  <strong>Cookies persistentes<\/strong><br \/>\n<\/em><strong> :<\/strong> s\u00e3o um tipo de cookies em que os dados ainda s\u00e3o armazenados no terminal e podem ser acedidos e processados por um per\u00edodo definido pelo respons\u00e1vel pelo <em>cookie<\/em>, e que podem variar de alguns minutos a v\u00e1rios anos.<\/li>\n<\/ul>\n<p><strong>TRATAMENTO DE DADOS PESSOAIS<\/strong><\/p>\n<p><strong>INSTITUTO MAXILLOFACIAL<\/strong>, como  <strong>Respons\u00e1vel pelo tratamento,<\/strong>  informa-o de que estes dados ser\u00e3o tratados de acordo com o disposto no Regulamento Geral (UE) 2016\/679, prote\u00e7\u00e3o de dados (RGPD) e L.O. 3\/2018, prote\u00e7\u00e3o de dados e garantia de direitos digitais (LOPDGDD), pelo que lhe s\u00e3o fornecidas as seguintes informa\u00e7\u00f5es de tratamento:<\/p>\n<p><strong>Finalidades do tratamento: <\/strong>conforme especificado na sec\u00e7\u00e3o de cookies utilizados neste website.<\/p>\n<p><strong>Legitima\u00e7\u00e3o do tratamento<\/strong>: consentimento da parte interessada.<\/p>\n<p><strong>Crit\u00e9rios de reten\u00e7\u00e3o de dados<\/strong>: conforme especificado na sec\u00e7\u00e3o sobre <em>cookies utilizados <\/em>no site.<\/p>\n<p><strong>Comunica\u00e7\u00e3o dos dados: os<\/strong> dados n\u00e3o ser\u00e3o comunicados a terceiros, exceto em cookies pertencentes a terceiros ou por obriga\u00e7\u00e3o legal.<\/p>\n<p><strong>Direitos que ajudam a parte interessada<\/strong>:<\/p>\n<ul>\n<li>Direito de retirar o consentimento a qualquer momento.<\/li>\n<li>Direito de acesso, retifica\u00e7\u00e3o, portabilidade e elimina\u00e7\u00e3o dos seus dados, e limita\u00e7\u00e3o ou oposi\u00e7\u00e3o ao seu tratamento.<\/li>\n<li>Direito de apresentar uma reclama\u00e7\u00e3o \u00e0 Autoridade De supervis\u00e3o (www.aepd.es) se considerar que o tratamento n\u00e3o est\u00e1 em conformidade com os regulamentos em vigor.<\/li>\n<\/ul>\n<p><strong>Contacte os dados do Encarregado de Prote\u00e7\u00e3o de Dados para exercer os seus direitos: <\/strong>consulta@imaxilofacial.com<\/p>\n\t\t\t\t\t\t<\/div>\n\t\t\t\t<\/div>\n\t\t\t\t\t<\/div>\n\t\t<\/div>\n\t\t\t\t\t\t\t<\/div>\n\t\t<\/section>\n\t\t\t\t\t\t\t<\/div>\n\t\t","protected":false},"excerpt":{"rendered":"<p>Devido \u00e0 entrada em vigor da Lei dos Servi\u00e7os da Sociedade da Informa\u00e7\u00e3o e do Com\u00e9rcio Eletr\u00f3nico (LSSICE), estabelecida pela lei estabelecida pela Lei 34\/2002, \u00e9 obrigat\u00f3rio obter o consentimento expresso do utilizador de todas as p\u00e1ginas web que utilizam. cookies dispens\u00e1veis, antes de navegar neles. O QUE S\u00c3O BISCOITOS ? Cookies e outras tecnologias [&#8230;]\n","protected":false},"author":2,"featured_media":0,"parent":0,"menu_order":0,"comment_status":"closed","ping_status":"closed","template":"","meta":{"_custom_body_class":"","_custom_post_class":""},"acf":[],"yoast_head":"<!-- This site is optimized with the Yoast SEO plugin v18.4.1 - https:\/\/yoast.com\/wordpress\/plugins\/seo\/ -->\n<title>Pol\u00edtica de Cookies - Imaxilofacial Badajoz<\/title>\n<meta name=\"robots\" content=\"index, follow, max-snippet:-1, max-image-preview:large, max-video-preview:-1\" \/>\n<link rel=\"canonical\" href=\"https:\/\/imaxilofacial.com\/pt-pt\/politica-de-cookies\/\" \/>\n<meta property=\"og:locale\" content=\"pt_PT\" \/>\n<meta property=\"og:type\" content=\"article\" \/>\n<meta property=\"og:title\" content=\"Pol\u00edtica de Cookies - Imaxilofacial Badajoz\" \/>\n<meta property=\"og:description\" content=\"Devido \u00e0 entrada em vigor da Lei dos Servi\u00e7os da Sociedade da Informa\u00e7\u00e3o e do Com\u00e9rcio Eletr\u00f3nico (LSSICE), estabelecida pela lei estabelecida pela Lei 34\/2002, \u00e9 obrigat\u00f3rio obter o consentimento expresso do utilizador de todas as p\u00e1ginas web que utilizam. cookies dispens\u00e1veis, antes de navegar neles. O QUE S\u00c3O BISCOITOS ? Cookies e outras tecnologias [...]\" \/>\n<meta property=\"og:url\" content=\"https:\/\/imaxilofacial.com\/pt-pt\/politica-de-cookies\/\" \/>\n<meta property=\"og:site_name\" content=\"Instituto Maxilofacial Portugal\" \/>\n<meta property=\"article:publisher\" content=\"https:\/\/www.facebook.com\/Imaxilofacial-878901768819054\/\" \/>\n<meta property=\"article:modified_time\" content=\"2022-02-02T09:43:26+00:00\" \/>\n<meta name=\"twitter:card\" content=\"summary\" \/>\n<meta name=\"twitter:site\" content=\"@BadajozSalud\" \/>\n<meta name=\"twitter:label1\" content=\"Tempo estimado de leitura\" \/>\n\t<meta name=\"twitter:data1\" content=\"5 minutos\" \/>\n<script type=\"application\/ld+json\" class=\"yoast-schema-graph\">{\"@context\":\"https:\/\/schema.org\",\"@graph\":[{\"@type\":\"WebSite\",\"@id\":\"https:\/\/imaxilofacial.com\/#website\",\"url\":\"https:\/\/imaxilofacial.com\/\",\"name\":\"Instituto Maxilofacial Portugal\",\"description\":\"Outro site WordPress\",\"potentialAction\":[{\"@type\":\"SearchAction\",\"target\":{\"@type\":\"EntryPoint\",\"urlTemplate\":\"https:\/\/imaxilofacial.com\/?s={search_term_string}\"},\"query-input\":\"required name=search_term_string\"}],\"inLanguage\":\"pt-PT\"},{\"@type\":\"WebPage\",\"@id\":\"https:\/\/imaxilofacial.com\/pt-pt\/politica-de-cookies\/#webpage\",\"url\":\"https:\/\/imaxilofacial.com\/pt-pt\/politica-de-cookies\/\",\"name\":\"Pol\u00edtica de Cookies - Imaxilofacial Badajoz\",\"isPartOf\":{\"@id\":\"https:\/\/imaxilofacial.com\/#website\"},\"datePublished\":\"2022-02-02T09:43:23+00:00\",\"dateModified\":\"2022-02-02T09:43:26+00:00\",\"breadcrumb\":{\"@id\":\"https:\/\/imaxilofacial.com\/pt-pt\/politica-de-cookies\/#breadcrumb\"},\"inLanguage\":\"pt-PT\",\"potentialAction\":[{\"@type\":\"ReadAction\",\"target\":[\"https:\/\/imaxilofacial.com\/pt-pt\/politica-de-cookies\/\"]}]},{\"@type\":\"BreadcrumbList\",\"@id\":\"https:\/\/imaxilofacial.com\/pt-pt\/politica-de-cookies\/#breadcrumb\",\"itemListElement\":[{\"@type\":\"ListItem\",\"position\":1,\"name\":\"Instituto Maxilofacial Badajoz\",\"item\":\"https:\/\/imaxilofacial.com\/pt-pt\/\"},{\"@type\":\"ListItem\",\"position\":2,\"name\":\"Pol\u00edtica de Cookies\"}]}]}<\/script>\n<!-- \/ Yoast SEO plugin. -->","yoast_head_json":{"title":"Pol\u00edtica de Cookies - Imaxilofacial Badajoz","robots":{"index":"index","follow":"follow","max-snippet":"max-snippet:-1","max-image-preview":"max-image-preview:large","max-video-preview":"max-video-preview:-1"},"canonical":"https:\/\/imaxilofacial.com\/pt-pt\/politica-de-cookies\/","og_locale":"pt_PT","og_type":"article","og_title":"Pol\u00edtica de Cookies - Imaxilofacial Badajoz","og_description":"Devido \u00e0 entrada em vigor da Lei dos Servi\u00e7os da Sociedade da Informa\u00e7\u00e3o e do Com\u00e9rcio Eletr\u00f3nico (LSSICE), estabelecida pela lei estabelecida pela Lei 34\/2002, \u00e9 obrigat\u00f3rio obter o consentimento expresso do utilizador de todas as p\u00e1ginas web que utilizam. cookies dispens\u00e1veis, antes de navegar neles. O QUE S\u00c3O BISCOITOS ? Cookies e outras tecnologias [...]","og_url":"https:\/\/imaxilofacial.com\/pt-pt\/politica-de-cookies\/","og_site_name":"Instituto Maxilofacial Portugal","article_publisher":"https:\/\/www.facebook.com\/Imaxilofacial-878901768819054\/","article_modified_time":"2022-02-02T09:43:26+00:00","twitter_card":"summary","twitter_site":"@BadajozSalud","twitter_misc":{"Tempo estimado de leitura":"5 minutos"},"schema":{"@context":"https:\/\/schema.org","@graph":[{"@type":"WebSite","@id":"https:\/\/imaxilofacial.com\/#website","url":"https:\/\/imaxilofacial.com\/","name":"Instituto Maxilofacial Portugal","description":"Outro site WordPress","potentialAction":[{"@type":"SearchAction","target":{"@type":"EntryPoint","urlTemplate":"https:\/\/imaxilofacial.com\/?s={search_term_string}"},"query-input":"required name=search_term_string"}],"inLanguage":"pt-PT"},{"@type":"WebPage","@id":"https:\/\/imaxilofacial.com\/pt-pt\/politica-de-cookies\/#webpage","url":"https:\/\/imaxilofacial.com\/pt-pt\/politica-de-cookies\/","name":"Pol\u00edtica de Cookies - Imaxilofacial Badajoz","isPartOf":{"@id":"https:\/\/imaxilofacial.com\/#website"},"datePublished":"2022-02-02T09:43:23+00:00","dateModified":"2022-02-02T09:43:26+00:00","breadcrumb":{"@id":"https:\/\/imaxilofacial.com\/pt-pt\/politica-de-cookies\/#breadcrumb"},"inLanguage":"pt-PT","potentialAction":[{"@type":"ReadAction","target":["https:\/\/imaxilofacial.com\/pt-pt\/politica-de-cookies\/"]}]},{"@type":"BreadcrumbList","@id":"https:\/\/imaxilofacial.com\/pt-pt\/politica-de-cookies\/#breadcrumb","itemListElement":[{"@type":"ListItem","position":1,"name":"Instituto Maxilofacial Badajoz","item":"https:\/\/imaxilofacial.com\/pt-pt\/"},{"@type":"ListItem","position":2,"name":"Pol\u00edtica de Cookies"}]}]}},"_links":{"self":[{"href":"https:\/\/imaxilofacial.com\/pt-pt\/wp-json\/wp\/v2\/pages\/4432"}],"collection":[{"href":"https:\/\/imaxilofacial.com\/pt-pt\/wp-json\/wp\/v2\/pages"}],"about":[{"href":"https:\/\/imaxilofacial.com\/pt-pt\/wp-json\/wp\/v2\/types\/page"}],"author":[{"embeddable":true,"href":"https:\/\/imaxilofacial.com\/pt-pt\/wp-json\/wp\/v2\/users\/2"}],"replies":[{"embeddable":true,"href":"https:\/\/imaxilofacial.com\/pt-pt\/wp-json\/wp\/v2\/comments?post=4432"}],"version-history":[{"count":3,"href":"https:\/\/imaxilofacial.com\/pt-pt\/wp-json\/wp\/v2\/pages\/4432\/revisions"}],"predecessor-version":[{"id":4435,"href":"https:\/\/imaxilofacial.com\/pt-pt\/wp-json\/wp\/v2\/pages\/4432\/revisions\/4435"}],"wp:attachment":[{"href":"https:\/\/imaxilofacial.com\/pt-pt\/wp-json\/wp\/v2\/media?parent=4432"}],"curies":[{"name":"wp","href":"https:\/\/api.w.org\/{rel}","templated":true}]}}