{"id":4436,"date":"2022-02-02T09:43:41","date_gmt":"2022-02-02T09:43:41","guid":{"rendered":"https:\/\/imaxilofacial.com\/politica-de-privacidade\/"},"modified":"2022-02-02T09:43:41","modified_gmt":"2022-02-02T09:43:41","slug":"politica-de-privacidade","status":"publish","type":"page","link":"https:\/\/imaxilofacial.com\/pt-pt\/politica-de-privacidade\/","title":{"rendered":"Pol\u00edtica de Privacidade"},"content":{"rendered":"\t\t<div data-elementor-type=\"wp-page\" data-elementor-id=\"4436\" class=\"elementor elementor-4436 elementor-4417\">\n\t\t\t\t\t\t\t\t\t<section class=\"elementor-section elementor-top-section elementor-element elementor-element-4716779 elementor-section-boxed elementor-section-height-default elementor-section-height-default\" data-id=\"4716779\" data-element_type=\"section\">\n\t\t\t\t\t\t<div class=\"elementor-container elementor-column-gap-default\">\n\t\t\t\t\t<div class=\"elementor-column elementor-col-100 elementor-top-column elementor-element elementor-element-09eff68\" data-id=\"09eff68\" data-element_type=\"column\">\n\t\t\t<div class=\"elementor-widget-wrap elementor-element-populated\">\n\t\t\t\t\t\t\t\t<div class=\"elementor-element elementor-element-7f3985b elementor-widget elementor-widget-text-editor\" data-id=\"7f3985b\" data-element_type=\"widget\" data-widget_type=\"text-editor.default\">\n\t\t\t\t<div class=\"elementor-widget-container\">\n\t\t\t<style>\/*! elementor - v3.6.1 - 23-03-2022 *\/\n.elementor-widget-text-editor.elementor-drop-cap-view-stacked .elementor-drop-cap{background-color:#818a91;color:#fff}.elementor-widget-text-editor.elementor-drop-cap-view-framed .elementor-drop-cap{color:#818a91;border:3px solid;background-color:transparent}.elementor-widget-text-editor:not(.elementor-drop-cap-view-default) .elementor-drop-cap{margin-top:8px}.elementor-widget-text-editor:not(.elementor-drop-cap-view-default) .elementor-drop-cap-letter{width:1em;height:1em}.elementor-widget-text-editor .elementor-drop-cap{float:left;text-align:center;line-height:1;font-size:50px}.elementor-widget-text-editor .elementor-drop-cap-letter{display:inline-block}<\/style>\t\t\t\t<h2 style=\"text-align: center;\"><strong>INFORMA\u00c7\u00c3O AO UTILIZADOR<\/strong><\/h2>\n<p>O INSTITUTO MAXILOFACIAL., informa-o que, de acordo com o disposto no Regulamento Geral (UE) 2016\/679, sobre prote\u00e7\u00e3o de dados, (RGPD) e L.O. 3\/2018, de 5 de dezembro, sobre prote\u00e7\u00e3o de dados e garantia de direitos digitais (LOPDGDD), trataremos os seus dados como refletidos nesta Pol\u00edtica de Privacidade.<\/p>\n<p>Nesta Pol\u00edtica de Privacidade descrevemos como recolhemos os seus dados pessoais e por que recolhemos os mesmos, o que fazemos com eles, com quem os partilhamos, como os protegemos e as suas escolhas no tratamento dos seus dados pessoais.<\/p>\n<p>Esta Pol\u00edtica aplica-se ao tratamento dos seus dados pessoais recolhidos pela empresa para a presta\u00e7\u00e3o dos seus servi\u00e7os. Se preencher algum dos nossos formul\u00e1rios, deve aceitar previamente as condi\u00e7\u00f5es desta Pol\u00edtica e conservaremos um registo dessa aceita\u00e7\u00e3o.<\/p>\n<p><strong><span style=\"font-size: 11.0pt; font-family: 'Calibri',sans-serif;\">1. RESPONS\u00c1VEL pelo tratamento dos seus dados A<\/span><\/p>\n<p><\/strong> <span style=\"font-size: 11.0pt; font-family: 'Calibri',sans-serif;\"><br \/>pessoa respons\u00e1vel pelo tratamento dos dados recolhidos neste website \u00e9:<\/span><\/p>\n<p><span style=\"font-size: 11.0pt; font-family: 'Calibri',sans-serif;\">Nome: INSTITUTO MAXILOFACIAL<br \/> CIF: &#8212;&#8212;&#8212;&#8212;-<br \/>Domicy: C\/ Angel Quintanilla Ulla N\u00ba 1, Portal 8 Entrepla C, 06011 BadajozPhone<br \/>: +34 <\/span><a href=\"https:\/\/www.google.com\/search?q=%C3%81ngel+Quintanilla+Ulla+N%C2%BA1%2C+Portal+8+06011+Badajoz.&amp;rlz=1C1CHBD_esES908ES908&amp;sourceid=chrome&amp;ie=UTF-8\"><span style=\"font-size: 10.5pt; font-family: 'Arial',sans-serif; color: #1a0dab; background: white;\"><span aria-label=\"Llamar al n\u00famero de tel\u00e9fono 924 22 53 05\">924 22 53<\/span><\/p>\n<p>  <\/span><\/p>\n<p><\/a> <span style=\"font-size: 11.0pt; font-family: 'Calibri',sans-serif;\">05e-mail<br \/>: consulta@imaxilofacial.com<\/span><\/p>\n<ol start=\"2\">\n<li><strong>  PROP\u00d3SITO, LEGITIMA\u00c7\u00c3O E CONSERVA\u00c7\u00c3O<\/strong><br \/>Recolhemos e processamos os seus dados pessoais atrav\u00e9s dos formul\u00e1rios encontrados no nosso website:<br \/><strong><u>Contacte-nos<\/u><\/strong><\/li>\n<\/ol>\n<ul>\n<li>Finalidade: Para responder aos seus pedidos de informa\u00e7\u00e3o, responder aos seus pedidos e responder \u00e0s suas d\u00favidas ou d\u00favidas<\/li>\n<li>Legitima\u00e7\u00e3o: O tratamento baseia-se na execu\u00e7\u00e3o de uma resposta ap\u00f3s a conclus\u00e3o e envio do formul\u00e1rio.<\/li>\n<li>Conserva\u00e7\u00e3o: Os seus dados ser\u00e3o conservadas nas nossas bases de dados durante 6 meses.<\/li>\n<\/ul>\n<p><strong><u>Acesso \u00e0 plataforma<\/u><\/strong><\/p>\n<ul>\n<li>Fim: Acesso \u00e0 plataforma de utiliza\u00e7\u00e3o e comunica\u00e7\u00e3o dos centros com os pais.<\/li>\n<li>Legitima\u00e7\u00e3o: Execu\u00e7\u00e3o da rela\u00e7\u00e3o contratual.<\/li>\n<li>Conserva\u00e7\u00e3o: Os seus dados ser\u00e3o guardados nas nossas bases de dados durante a rela\u00e7\u00e3o contratual.<\/li>\n<\/ul>\n<ol start=\"3\">\n<li><strong>  TIPOS DE DADOS RECOLHIDOS<\/strong><br \/>Os tipos de dados solicitados s\u00e3o:<\/li>\n<\/ol>\n<ul>\n<li>Dados de identifica\u00e7\u00e3o e contacto.<\/li>\n<\/ul>\n<p>Tamb\u00e9m recolhemos automaticamente dados sobre a sua visita ao nosso site, conforme descrito na pol\u00edtica de cookies.<\/p>\n<p>INSTITUTO MAXILLOFACIAL. n\u00e3o recolhe dados considerados particularmente sens\u00edveis, tais como: ra\u00e7a ou origem \u00e9tnica, opini\u00f5es pol\u00edticas ou cren\u00e7as religiosas ou filos\u00f3ficas, participa\u00e7\u00e3o em sindicatos, sa\u00fade, atividade sexual ou orienta\u00e7\u00e3o sexual, dados biom\u00e9tricos ou gen\u00e9ticos.<\/p>\n<p>\u00c9 da responsabilidade de cada parte interessada que os dados fornecidos sejam verdadeiros, precisos, completos e atualizados e s\u00f3 eles ser\u00e3o respons\u00e1veis por quaisquer danos, diretos ou indiretos, que possam ser causados em consequ\u00eancia da viola\u00e7\u00e3o de tal obriga\u00e7\u00e3o.<\/p>\n<p>No caso de os dados fornecidos por um Utilizador pertencerem a um terceiro que n\u00e3o aquele que forne\u00e7a os dados, o Utilizador deve informar o terceiro dos aspetos contidos nesta Pol\u00edtica de Privacidade e obter a sua autoriza\u00e7\u00e3o para fornecer os seus dados ao INSTITUTO MAXILOFACIAL.<\/p>\n<ol start=\"4\">\n<li><strong>  DESTINAT\u00c1RIOS DOS DADOS<\/strong><br \/>Os dados podem ser comunicados a terceiros para a presta\u00e7\u00e3o dos v\u00e1rios servi\u00e7os, como Processadores de Dados, mas n\u00e3o transferimos os seus dados pessoais para terceiros, a menos que sejamos obrigados por lei ou voc\u00ea, ap\u00f3s informa\u00e7\u00e3o e aceita\u00e7\u00e3o, assim o acordou connosco.\n<p>Partilhamos a sua informa\u00e7\u00e3o com:<\/li>\n<\/ol>\n<p>Prestadores de servi\u00e7os contratados por (Processadores de Dados). Como, por exemplo: o nosso servi\u00e7o de hospedagem, computador ou assessores legais. Exigimos que todos os nossos processadores, contratualmente, utilizem apenas os dados pessoais fornecidos para a finalidade prevista no contrato e, ap\u00f3s a conclus\u00e3o, devolvam-nos ou destruam esses dados pessoais.<\/p>\n<p>Prestadores de servi\u00e7os localizados fora do Espa\u00e7o Econ\u00f3mico Europeu (transfer\u00eancias internacionais de dados). Nestes casos, esses destinat\u00e1rios s\u00e3o obrigados a cumprir medidas destinadas a proteger os dados pessoais e, para isso, baseia-se em mecanismos aprovados pela UE que permitam tais transfer\u00eancias, tais como cl\u00e1usulas contratuais-tipo ou regras corporativas vinculativas -BCR-. Em caso de n\u00e3o ter estas medidas, ser\u00e1 necess\u00e1rio o consentimento expresso das pessoas afetadas.<\/p>\n<p>Por obriga\u00e7\u00e3o legal: Ag\u00eancia Tribut\u00e1ria, Administra\u00e7\u00e3o P\u00fablica com compet\u00eancia, Ju\u00edzes e Tribunais, etc.<\/p>\n<p><strong>5. Direitos DOS SUJEITOS AOS DADOS<\/strong><br \/>Tem o direito de solicitar a confirma\u00e7\u00e3o de se estamos a processar os seus dados pessoais e, em caso afirmativo, a <strong>aceder<\/strong> a esses dados ou a solicitar a sua <strong>portabilidade.<\/strong><br \/>Tem o direito de <strong>se opor<\/strong> ao tratamento dos seus dados (teremos sempre em conta a sua <strong>obje\u00e7\u00e3o<\/strong> a receber publicidade) e\/ou solicitar a <strong>elimina\u00e7\u00e3o<\/strong> dos mesmos.<br \/>Pode solicitar a <strong>limita\u00e7\u00e3o<\/strong> do tratamento dos seus dados nos seguintes casos:<\/p>\n<ul>\n<li>Enquanto o desafio \u00e0 precis\u00e3o dos seus dados \u00e9 verificado.<\/li>\n<li>Se o processamento for ilegal, mas se op\u00f5e \u00e0 elimina\u00e7\u00e3o dos seus dados.<\/li>\n<li>Quando a escola n\u00e3o precisa dos seus dados, mas precisa dele para o exerc\u00edcio ou defesa de reclama\u00e7\u00f5es.<\/li>\n<li>Quando se op\u00f4s ao tratamento dos seus dados para o cumprimento de uma miss\u00e3o de interesse p\u00fablico ou para satisfa\u00e7\u00e3o de um interesse leg\u00edtimo, verificando se as raz\u00f5es leg\u00edtimas para o tratamento prevalecem sobre as suas.<\/li>\n<\/ul>\n<p>Al\u00e9m disso, pode revogar o <strong>consentimento<\/strong> dado a qualquer momento. Por favor, note, no entanto, que depois de cumprirmos a sua revoga\u00e7\u00e3o poderemos continuar a contact\u00e1-lo sempre que necess\u00e1rio para cumprir as nossas obriga\u00e7\u00f5es legais ou para realizar o seu contrato connosco.<\/p>\n<p>Para o correto exerc\u00edcio dos seus direitos, solicitamos que, ao fazer o seu pedido, prove a sua identidade atrav\u00e9s de uma c\u00f3pia do seu ID, ou documento oficial equivalente, e identifique a empresa (ou empresas) a que os seus dados est\u00e3o ligados, se aplic\u00e1vel. Canais \u00e0 sua disposi\u00e7\u00e3o:<\/p>\n<p>Carta: INSTITUTO MAXILOFACIAL., endere\u00e7ada \u00e0 morada do Centro, indicando no assunto &#8220;Prote\u00e7\u00e3o de Dados&#8221;.<\/p>\n<p>Email: consulta@imaxilofacial.com, indicando no assunto &#8220;Prote\u00e7\u00e3o de Dados&#8221;.<\/p>\n<p>Se considerar que n\u00e3o processamos os seus dados pessoais de acordo com os regulamentos, pode contactar o Encarregado de Prote\u00e7\u00e3o de Dados consulta@imaxilofacial.com, indicando no assunto: Pedido de Prote\u00e7\u00e3o de Dados.<\/p>\n<p>No entanto, pode obter mais informa\u00e7\u00f5es sobre os seus direitos contactando a Ag\u00eancia Espanhola de Prote\u00e7\u00e3o de Dados (<a href=\"http:\/\/www.agpd.es\">www.aepd.es<\/a>) com a qual pode apresentar uma reclama\u00e7\u00e3o.<\/p>\n<p><strong>6. ATUALIZAR A POL\u00cdTICA DE PRIVACIDADE<\/strong><br \/>Esfor\u00e7amo-nos por melhorar continuamente os nossos servi\u00e7os, processos e a prote\u00e7\u00e3o dos direitos dos sujeitos a dados, raz\u00e3o pela qual iremos atualizar periodicamente esta pol\u00edtica de privacidade. Aconselhamos que o consulte regularmente.<\/p>\n<ol start=\"7\">\n<li><strong>  POL\u00cdTICA DE PRIVACIDADE PARA UTILIZADORES DA PLATAFORMA<\/strong><\/li>\n<\/ol>\n<p>O ImaxiloFacial \u00e9 uma plataforma educativa que o INSTITUTO MAXILOFACIAL disponibiliza aos centros educativos de forma a melhorar e facilitar tanto a sua gest\u00e3o acad\u00e9mica como as comunica\u00e7\u00f5es do Centro com todas as disciplinas envolvidas no dia-a-dia (alunos, familiares e professores) ou entre si.<\/p>\n<p>O INSTITUTO MAXILOFACIAL n\u00e3o estabelece atrav\u00e9s da ImaxiloFacial qualquer liga\u00e7\u00e3o independente com os alunos, familiares e funcion\u00e1rios do Centro cujos dados est\u00e3o alojados na plataforma. Assim, o eventual acesso do pessoal do INSTITUTO MAXILOFACIAL aos referidos dados, n\u00e3o pode ser entendido em qualquer caso como uma transfer\u00eancia de dados, mas esse acesso, caso ocorra, seria essencial para poder cumprir determinados servi\u00e7os detalhados no Contrato assinado entre o Centro Educativo e o INSTITUTO MAXILOFACIAL.<\/p>\n<p>Assim, de acordo com as regras de prote\u00e7\u00e3o de dados, e especificamente com o artigo 28.\u00ba do Regulamento Geral de Prote\u00e7\u00e3o de Dados (UE) 2016\/679 e o artigo 33.\u00ba da Lei Org\u00e2nica 3\/2018 sobre a Prote\u00e7\u00e3o de Dados Pessoais e Garantia de Direitos Digitais, o INSTITUTO MAXILOFACIAL \u00e9 constitu\u00eddo, em rela\u00e7\u00e3o ao eventual acesso a dados pessoais alojados em ImaxiloFacial,  como Processador de Dados, sendo cada Centro que contrata o servi\u00e7o, respons\u00e1vel pelo tratamento de dados pessoais<\/p>\n\t\t\t\t\t\t<\/div>\n\t\t\t\t<\/div>\n\t\t\t\t\t<\/div>\n\t\t<\/div>\n\t\t\t\t\t\t\t<\/div>\n\t\t<\/section>\n\t\t\t\t\t\t\t<\/div>\n\t\t","protected":false},"excerpt":{"rendered":"<p>INFORMA\u00c7\u00c3O AO UTILIZADOR O INSTITUTO MAXILOFACIAL., informa-o que, de acordo com o disposto no Regulamento Geral (UE) 2016\/679, sobre prote\u00e7\u00e3o de dados, (RGPD) e L.O. 3\/2018, de 5 de dezembro, sobre prote\u00e7\u00e3o de dados e garantia de direitos digitais (LOPDGDD), trataremos os seus dados como refletidos nesta Pol\u00edtica de Privacidade. Nesta Pol\u00edtica de Privacidade descrevemos [&#8230;]\n","protected":false},"author":2,"featured_media":0,"parent":0,"menu_order":0,"comment_status":"closed","ping_status":"closed","template":"","meta":{"_custom_body_class":"","_custom_post_class":""},"acf":[],"yoast_head":"<!-- This site is optimized with the Yoast SEO plugin v18.4.1 - https:\/\/yoast.com\/wordpress\/plugins\/seo\/ -->\n<title>Pol\u00edtica de Privacidade - Imaxilofacial Badajoz<\/title>\n<meta name=\"robots\" content=\"index, follow, max-snippet:-1, max-image-preview:large, max-video-preview:-1\" \/>\n<link rel=\"canonical\" href=\"https:\/\/imaxilofacial.com\/pt-pt\/politica-de-privacidade\/\" \/>\n<meta property=\"og:locale\" content=\"pt_PT\" \/>\n<meta property=\"og:type\" content=\"article\" \/>\n<meta property=\"og:title\" content=\"Pol\u00edtica de Privacidade - Imaxilofacial Badajoz\" \/>\n<meta property=\"og:description\" content=\"INFORMA\u00c7\u00c3O AO UTILIZADOR O INSTITUTO MAXILOFACIAL., informa-o que, de acordo com o disposto no Regulamento Geral (UE) 2016\/679, sobre prote\u00e7\u00e3o de dados, (RGPD) e L.O. 3\/2018, de 5 de dezembro, sobre prote\u00e7\u00e3o de dados e garantia de direitos digitais (LOPDGDD), trataremos os seus dados como refletidos nesta Pol\u00edtica de Privacidade. Nesta Pol\u00edtica de Privacidade descrevemos [...]\" \/>\n<meta property=\"og:url\" content=\"https:\/\/imaxilofacial.com\/pt-pt\/politica-de-privacidade\/\" \/>\n<meta property=\"og:site_name\" content=\"Instituto Maxilofacial Portugal\" \/>\n<meta property=\"article:publisher\" content=\"https:\/\/www.facebook.com\/Imaxilofacial-878901768819054\/\" \/>\n<meta name=\"twitter:card\" content=\"summary\" \/>\n<meta name=\"twitter:site\" content=\"@BadajozSalud\" \/>\n<meta name=\"twitter:label1\" content=\"Tempo estimado de leitura\" \/>\n\t<meta name=\"twitter:data1\" content=\"6 minutos\" \/>\n<script type=\"application\/ld+json\" class=\"yoast-schema-graph\">{\"@context\":\"https:\/\/schema.org\",\"@graph\":[{\"@type\":\"WebSite\",\"@id\":\"https:\/\/imaxilofacial.com\/#website\",\"url\":\"https:\/\/imaxilofacial.com\/\",\"name\":\"Instituto Maxilofacial Portugal\",\"description\":\"Outro site WordPress\",\"potentialAction\":[{\"@type\":\"SearchAction\",\"target\":{\"@type\":\"EntryPoint\",\"urlTemplate\":\"https:\/\/imaxilofacial.com\/?s={search_term_string}\"},\"query-input\":\"required name=search_term_string\"}],\"inLanguage\":\"pt-PT\"},{\"@type\":\"WebPage\",\"@id\":\"https:\/\/imaxilofacial.com\/pt-pt\/politica-de-privacidade\/#webpage\",\"url\":\"https:\/\/imaxilofacial.com\/pt-pt\/politica-de-privacidade\/\",\"name\":\"Pol\u00edtica de Privacidade - Imaxilofacial Badajoz\",\"isPartOf\":{\"@id\":\"https:\/\/imaxilofacial.com\/#website\"},\"datePublished\":\"2022-02-02T09:43:41+00:00\",\"dateModified\":\"2022-02-02T09:43:41+00:00\",\"breadcrumb\":{\"@id\":\"https:\/\/imaxilofacial.com\/pt-pt\/politica-de-privacidade\/#breadcrumb\"},\"inLanguage\":\"pt-PT\",\"potentialAction\":[{\"@type\":\"ReadAction\",\"target\":[\"https:\/\/imaxilofacial.com\/pt-pt\/politica-de-privacidade\/\"]}]},{\"@type\":\"BreadcrumbList\",\"@id\":\"https:\/\/imaxilofacial.com\/pt-pt\/politica-de-privacidade\/#breadcrumb\",\"itemListElement\":[{\"@type\":\"ListItem\",\"position\":1,\"name\":\"Instituto Maxilofacial Badajoz\",\"item\":\"https:\/\/imaxilofacial.com\/pt-pt\/\"},{\"@type\":\"ListItem\",\"position\":2,\"name\":\"Pol\u00edtica de Privacidade\"}]}]}<\/script>\n<!-- \/ Yoast SEO plugin. -->","yoast_head_json":{"title":"Pol\u00edtica de Privacidade - Imaxilofacial Badajoz","robots":{"index":"index","follow":"follow","max-snippet":"max-snippet:-1","max-image-preview":"max-image-preview:large","max-video-preview":"max-video-preview:-1"},"canonical":"https:\/\/imaxilofacial.com\/pt-pt\/politica-de-privacidade\/","og_locale":"pt_PT","og_type":"article","og_title":"Pol\u00edtica de Privacidade - Imaxilofacial Badajoz","og_description":"INFORMA\u00c7\u00c3O AO UTILIZADOR O INSTITUTO MAXILOFACIAL., informa-o que, de acordo com o disposto no Regulamento Geral (UE) 2016\/679, sobre prote\u00e7\u00e3o de dados, (RGPD) e L.O. 3\/2018, de 5 de dezembro, sobre prote\u00e7\u00e3o de dados e garantia de direitos digitais (LOPDGDD), trataremos os seus dados como refletidos nesta Pol\u00edtica de Privacidade. Nesta Pol\u00edtica de Privacidade descrevemos [...]","og_url":"https:\/\/imaxilofacial.com\/pt-pt\/politica-de-privacidade\/","og_site_name":"Instituto Maxilofacial Portugal","article_publisher":"https:\/\/www.facebook.com\/Imaxilofacial-878901768819054\/","twitter_card":"summary","twitter_site":"@BadajozSalud","twitter_misc":{"Tempo estimado de leitura":"6 minutos"},"schema":{"@context":"https:\/\/schema.org","@graph":[{"@type":"WebSite","@id":"https:\/\/imaxilofacial.com\/#website","url":"https:\/\/imaxilofacial.com\/","name":"Instituto Maxilofacial Portugal","description":"Outro site WordPress","potentialAction":[{"@type":"SearchAction","target":{"@type":"EntryPoint","urlTemplate":"https:\/\/imaxilofacial.com\/?s={search_term_string}"},"query-input":"required name=search_term_string"}],"inLanguage":"pt-PT"},{"@type":"WebPage","@id":"https:\/\/imaxilofacial.com\/pt-pt\/politica-de-privacidade\/#webpage","url":"https:\/\/imaxilofacial.com\/pt-pt\/politica-de-privacidade\/","name":"Pol\u00edtica de Privacidade - Imaxilofacial Badajoz","isPartOf":{"@id":"https:\/\/imaxilofacial.com\/#website"},"datePublished":"2022-02-02T09:43:41+00:00","dateModified":"2022-02-02T09:43:41+00:00","breadcrumb":{"@id":"https:\/\/imaxilofacial.com\/pt-pt\/politica-de-privacidade\/#breadcrumb"},"inLanguage":"pt-PT","potentialAction":[{"@type":"ReadAction","target":["https:\/\/imaxilofacial.com\/pt-pt\/politica-de-privacidade\/"]}]},{"@type":"BreadcrumbList","@id":"https:\/\/imaxilofacial.com\/pt-pt\/politica-de-privacidade\/#breadcrumb","itemListElement":[{"@type":"ListItem","position":1,"name":"Instituto Maxilofacial Badajoz","item":"https:\/\/imaxilofacial.com\/pt-pt\/"},{"@type":"ListItem","position":2,"name":"Pol\u00edtica de Privacidade"}]}]}},"_links":{"self":[{"href":"https:\/\/imaxilofacial.com\/pt-pt\/wp-json\/wp\/v2\/pages\/4436"}],"collection":[{"href":"https:\/\/imaxilofacial.com\/pt-pt\/wp-json\/wp\/v2\/pages"}],"about":[{"href":"https:\/\/imaxilofacial.com\/pt-pt\/wp-json\/wp\/v2\/types\/page"}],"author":[{"embeddable":true,"href":"https:\/\/imaxilofacial.com\/pt-pt\/wp-json\/wp\/v2\/users\/2"}],"replies":[{"embeddable":true,"href":"https:\/\/imaxilofacial.com\/pt-pt\/wp-json\/wp\/v2\/comments?post=4436"}],"version-history":[{"count":1,"href":"https:\/\/imaxilofacial.com\/pt-pt\/wp-json\/wp\/v2\/pages\/4436\/revisions"}],"predecessor-version":[{"id":4437,"href":"https:\/\/imaxilofacial.com\/pt-pt\/wp-json\/wp\/v2\/pages\/4436\/revisions\/4437"}],"wp:attachment":[{"href":"https:\/\/imaxilofacial.com\/pt-pt\/wp-json\/wp\/v2\/media?parent=4436"}],"curies":[{"name":"wp","href":"https:\/\/api.w.org\/{rel}","templated":true}]}}