{"id":5100,"date":"2022-07-06T06:34:54","date_gmt":"2022-07-06T06:34:54","guid":{"rendered":"https:\/\/imaxilofacial.com\/anestesiologia\/"},"modified":"2022-07-06T06:34:54","modified_gmt":"2022-07-06T06:34:54","slug":"anestesiologia","status":"publish","type":"page","link":"https:\/\/imaxilofacial.com\/pt-pt\/anestesiologia\/","title":{"rendered":"Anestesiologia"},"content":{"rendered":"<p><strong>ANESTESIOLOGIA<\/strong><\/p>\n<p>  O anestesista \u00e9 o m\u00e9dico especialista que supervisiona e realiza procedimentos anest\u00e9sicos para tornar os tratamentos cir\u00fargicos mais suport\u00e1veis e agrad\u00e1veis para o paciente. A forma\u00e7\u00e3o hospitalar do anestesista \u00e9 de cinco anos atrav\u00e9s da forma\u00e7\u00e3o de mir. O anestesista avalia as condi\u00e7\u00f5es m\u00e9dicas das pessoas que v\u00e3o ser submetidas a cirurgia antes da cirurgia. Aconselhamento sobre modifica\u00e7\u00f5es de tratamento, avalia\u00e7\u00e3o por outros especialistas m\u00e9dicos, etc.<\/p>\n","protected":false},"excerpt":{"rendered":"<p>ANESTESIOLOGIA O anestesista \u00e9 o m\u00e9dico especialista que supervisiona e realiza procedimentos anest\u00e9sicos para tornar os tratamentos cir\u00fargicos mais suport\u00e1veis e agrad\u00e1veis para o paciente. A forma\u00e7\u00e3o hospitalar do anestesista \u00e9 de cinco anos atrav\u00e9s da forma\u00e7\u00e3o de mir. O anestesista avalia as condi\u00e7\u00f5es m\u00e9dicas das pessoas que v\u00e3o ser submetidas a cirurgia antes da [&#8230;]\n","protected":false},"author":2,"featured_media":0,"parent":0,"menu_order":0,"comment_status":"closed","ping_status":"closed","template":"page-right-sidebar.php","meta":{"_custom_body_class":"","_custom_post_class":""},"acf":[],"yoast_head":"<!-- This site is optimized with the Yoast SEO plugin v18.4.1 - https:\/\/yoast.com\/wordpress\/plugins\/seo\/ -->\n<title>Anestesiologia - Imaxilofacial Badajoz<\/title>\n<meta name=\"robots\" content=\"index, follow, max-snippet:-1, max-image-preview:large, max-video-preview:-1\" \/>\n<link rel=\"canonical\" href=\"https:\/\/imaxilofacial.com\/pt-pt\/anestesiologia\/\" \/>\n<meta property=\"og:locale\" content=\"pt_PT\" \/>\n<meta property=\"og:type\" content=\"article\" \/>\n<meta property=\"og:title\" content=\"Anestesiologia - Imaxilofacial Badajoz\" \/>\n<meta property=\"og:description\" content=\"ANESTESIOLOGIA O anestesista \u00e9 o m\u00e9dico especialista que supervisiona e realiza procedimentos anest\u00e9sicos para tornar os tratamentos cir\u00fargicos mais suport\u00e1veis e agrad\u00e1veis para o paciente. A forma\u00e7\u00e3o hospitalar do anestesista \u00e9 de cinco anos atrav\u00e9s da forma\u00e7\u00e3o de mir. O anestesista avalia as condi\u00e7\u00f5es m\u00e9dicas das pessoas que v\u00e3o ser submetidas a cirurgia antes da [...]\" \/>\n<meta property=\"og:url\" content=\"https:\/\/imaxilofacial.com\/pt-pt\/anestesiologia\/\" \/>\n<meta property=\"og:site_name\" content=\"Instituto Maxilofacial Portugal\" \/>\n<meta property=\"article:publisher\" content=\"https:\/\/www.facebook.com\/Imaxilofacial-878901768819054\/\" \/>\n<meta name=\"twitter:card\" content=\"summary\" \/>\n<meta name=\"twitter:site\" content=\"@BadajozSalud\" \/>\n<script type=\"application\/ld+json\" class=\"yoast-schema-graph\">{\"@context\":\"https:\/\/schema.org\",\"@graph\":[{\"@type\":\"WebSite\",\"@id\":\"https:\/\/imaxilofacial.com\/#website\",\"url\":\"https:\/\/imaxilofacial.com\/\",\"name\":\"Instituto Maxilofacial Portugal\",\"description\":\"Outro site WordPress\",\"potentialAction\":[{\"@type\":\"SearchAction\",\"target\":{\"@type\":\"EntryPoint\",\"urlTemplate\":\"https:\/\/imaxilofacial.com\/?s={search_term_string}\"},\"query-input\":\"required name=search_term_string\"}],\"inLanguage\":\"pt-PT\"},{\"@type\":\"WebPage\",\"@id\":\"https:\/\/imaxilofacial.com\/pt-pt\/anestesiologia\/#webpage\",\"url\":\"https:\/\/imaxilofacial.com\/pt-pt\/anestesiologia\/\",\"name\":\"Anestesiologia - Imaxilofacial Badajoz\",\"isPartOf\":{\"@id\":\"https:\/\/imaxilofacial.com\/#website\"},\"datePublished\":\"2022-07-06T06:34:54+00:00\",\"dateModified\":\"2022-07-06T06:34:54+00:00\",\"breadcrumb\":{\"@id\":\"https:\/\/imaxilofacial.com\/pt-pt\/anestesiologia\/#breadcrumb\"},\"inLanguage\":\"pt-PT\",\"potentialAction\":[{\"@type\":\"ReadAction\",\"target\":[\"https:\/\/imaxilofacial.com\/pt-pt\/anestesiologia\/\"]}]},{\"@type\":\"BreadcrumbList\",\"@id\":\"https:\/\/imaxilofacial.com\/pt-pt\/anestesiologia\/#breadcrumb\",\"itemListElement\":[{\"@type\":\"ListItem\",\"position\":1,\"name\":\"Instituto Maxilofacial Badajoz\",\"item\":\"https:\/\/imaxilofacial.com\/pt-pt\/\"},{\"@type\":\"ListItem\",\"position\":2,\"name\":\"Anestesiologia\"}]}]}<\/script>\n<!-- \/ Yoast SEO plugin. -->","yoast_head_json":{"title":"Anestesiologia - Imaxilofacial Badajoz","robots":{"index":"index","follow":"follow","max-snippet":"max-snippet:-1","max-image-preview":"max-image-preview:large","max-video-preview":"max-video-preview:-1"},"canonical":"https:\/\/imaxilofacial.com\/pt-pt\/anestesiologia\/","og_locale":"pt_PT","og_type":"article","og_title":"Anestesiologia - Imaxilofacial Badajoz","og_description":"ANESTESIOLOGIA O anestesista \u00e9 o m\u00e9dico especialista que supervisiona e realiza procedimentos anest\u00e9sicos para tornar os tratamentos cir\u00fargicos mais suport\u00e1veis e agrad\u00e1veis para o paciente. A forma\u00e7\u00e3o hospitalar do anestesista \u00e9 de cinco anos atrav\u00e9s da forma\u00e7\u00e3o de mir. O anestesista avalia as condi\u00e7\u00f5es m\u00e9dicas das pessoas que v\u00e3o ser submetidas a cirurgia antes da [...]","og_url":"https:\/\/imaxilofacial.com\/pt-pt\/anestesiologia\/","og_site_name":"Instituto Maxilofacial Portugal","article_publisher":"https:\/\/www.facebook.com\/Imaxilofacial-878901768819054\/","twitter_card":"summary","twitter_site":"@BadajozSalud","schema":{"@context":"https:\/\/schema.org","@graph":[{"@type":"WebSite","@id":"https:\/\/imaxilofacial.com\/#website","url":"https:\/\/imaxilofacial.com\/","name":"Instituto Maxilofacial Portugal","description":"Outro site WordPress","potentialAction":[{"@type":"SearchAction","target":{"@type":"EntryPoint","urlTemplate":"https:\/\/imaxilofacial.com\/?s={search_term_string}"},"query-input":"required name=search_term_string"}],"inLanguage":"pt-PT"},{"@type":"WebPage","@id":"https:\/\/imaxilofacial.com\/pt-pt\/anestesiologia\/#webpage","url":"https:\/\/imaxilofacial.com\/pt-pt\/anestesiologia\/","name":"Anestesiologia - Imaxilofacial Badajoz","isPartOf":{"@id":"https:\/\/imaxilofacial.com\/#website"},"datePublished":"2022-07-06T06:34:54+00:00","dateModified":"2022-07-06T06:34:54+00:00","breadcrumb":{"@id":"https:\/\/imaxilofacial.com\/pt-pt\/anestesiologia\/#breadcrumb"},"inLanguage":"pt-PT","potentialAction":[{"@type":"ReadAction","target":["https:\/\/imaxilofacial.com\/pt-pt\/anestesiologia\/"]}]},{"@type":"BreadcrumbList","@id":"https:\/\/imaxilofacial.com\/pt-pt\/anestesiologia\/#breadcrumb","itemListElement":[{"@type":"ListItem","position":1,"name":"Instituto Maxilofacial Badajoz","item":"https:\/\/imaxilofacial.com\/pt-pt\/"},{"@type":"ListItem","position":2,"name":"Anestesiologia"}]}]}},"_links":{"self":[{"href":"https:\/\/imaxilofacial.com\/pt-pt\/wp-json\/wp\/v2\/pages\/5100"}],"collection":[{"href":"https:\/\/imaxilofacial.com\/pt-pt\/wp-json\/wp\/v2\/pages"}],"about":[{"href":"https:\/\/imaxilofacial.com\/pt-pt\/wp-json\/wp\/v2\/types\/page"}],"author":[{"embeddable":true,"href":"https:\/\/imaxilofacial.com\/pt-pt\/wp-json\/wp\/v2\/users\/2"}],"replies":[{"embeddable":true,"href":"https:\/\/imaxilofacial.com\/pt-pt\/wp-json\/wp\/v2\/comments?post=5100"}],"version-history":[{"count":1,"href":"https:\/\/imaxilofacial.com\/pt-pt\/wp-json\/wp\/v2\/pages\/5100\/revisions"}],"predecessor-version":[{"id":5101,"href":"https:\/\/imaxilofacial.com\/pt-pt\/wp-json\/wp\/v2\/pages\/5100\/revisions\/5101"}],"wp:attachment":[{"href":"https:\/\/imaxilofacial.com\/pt-pt\/wp-json\/wp\/v2\/media?parent=5100"}],"curies":[{"name":"wp","href":"https:\/\/api.w.org\/{rel}","templated":true}]}}