{"id":5508,"date":"2022-11-21T20:58:11","date_gmt":"2022-11-21T20:58:11","guid":{"rendered":"https:\/\/imaxilofacial.com\/odontologia\/medicina-dentaria-conservadora\/"},"modified":"2022-11-21T20:58:11","modified_gmt":"2022-11-21T20:58:11","slug":"medicina-dentaria-conservadora","status":"publish","type":"page","link":"https:\/\/imaxilofacial.com\/pt-pt\/odontologia\/medicina-dentaria-conservadora\/","title":{"rendered":"Medicina Dent\u00e1ria Conservadora"},"content":{"rendered":"<p>Estamos cada vez mais conscientes da import\u00e2ncia de cuidarmos da nossa sa\u00fade oral e mostrarmos o melhor dos sorrisos. Hoje, mais do que nunca, temos ao nosso alcance numerosos tratamentos dent\u00e1rios para melhorar tanto a sa\u00fade como a est\u00e9tica dos nossos dentes. \u00c9 importante lembrar que deve sempre ir \u00e0 cl\u00ednica dent\u00e1ria para quaisquer problemas que possa ter na sua cavidade oral. Da\u00ed a import\u00e2ncia de controlos regulares com o seu especialista em sa\u00fade oral. A preven\u00e7\u00e3o \u00e9 a chave para enfrentar atempadamente os problemas decorrentes das condi\u00e7\u00f5es que podem ocorrer nos dentes e nas gengivas.<\/p>\n<p>No entanto, nem sempre \u00e9 suficiente cuidar da boa higiene oral ou visitar regularmente o dentista, pois os nossos dentes podem ser danificados por v\u00e1rias causas que nem sempre podemos evitar. Estas incluem c\u00e1rie, quebra devido a trauma, desgaste dent\u00e1rio ou altera\u00e7\u00f5es que ocorrem durante o desenvolvimento dos dentes.<\/p>\n<p>A odontologia conservadora \u00e9 a especialidade da odontologia que \u00e9 respons\u00e1vel por manter e restaurar a sa\u00fade dos dentes que foram danificados, evitando assim a sua extrac\u00e7\u00e3o. \u00c9 a solu\u00e7\u00e3o dent\u00e1ria ideal para reparar dentes com perda dent\u00e1ria evidente, seja devido a c\u00e1rie, desgaste dent\u00e1rio, trauma ou altera\u00e7\u00f5es no desenvolvimento do dente, como mencionado acima. \u00c9, portanto, bastante simples abordar a defini\u00e7\u00e3o ou conceito de odontologia conservadora. Como o seu nome sugere, a odontologia conservadora est\u00e1 orientada para os tipos de tratamentos que os profissionais dent\u00e1rios utilizam com o objectivo de preservar os nossos dentes naturais, evitando assim a necessidade de extrair os dentes danificados. Em suma, \u00e9 o tratamento eficaz para curar e restaurar os tecidos duros dos dentes danificados, para restaurar a sua anatomia normal, recuperar a sua fun\u00e7\u00e3o e melhorar a sua est\u00e9tica.<\/p>\n<h1>Tipos de tratamentos dent\u00e1rios conservadores e restauradores<\/h1>\n<p>Dependendo do grau de dano do dente, estes s\u00e3o os diferentes tratamentos aplicados na medicina dent\u00e1ria conservadora e restauradora:<\/p>\n<ul>\n<li>Restaura\u00e7\u00f5es compostas. \u00c9 o tratamento atrav\u00e9s do qual se procura a substitui\u00e7\u00e3o do tecido dent\u00e1rio perdido, limpando a cavidade dent\u00e1ria e preenchendo-a com comp\u00f3sito (um tipo especial de resina que \u00e9 semelhante ao esmalte dent\u00e1rio).<\/li>\n<li>Folheados comp\u00f3sitos. As facetas compostas s\u00e3o conchas muito finas que s\u00e3o colocadas na superf\u00edcie dos dentes para resolver problemas dent\u00e1rios tais como pigmenta\u00e7\u00e3o, rachaduras ou pequenos problemas de alinhamento ou lacunas, com o objectivo de alcan\u00e7ar est\u00e9tica e fun\u00e7\u00e3o. Parecem-se com a cor dos dentes, e s\u00e3o colocados na parte da frente do dente. \u00c9 um tratamento menos invasivo e mais indolor do que as coroas, o que d\u00e1 um aspecto semelhante aos dentes naturais. Neste post fal\u00e1mos sobre o que s\u00e3o as facetas dent\u00e1rias.<\/li>\n<li>Revestimentos dent\u00e1rios. \u00c9 o tratamento de escolha quando a perda de dentes \u00e9 moderada, actuando geralmente sobre os dentes posteriores, uma vez que s\u00e3o mais dif\u00edceis de restaurar com comp\u00f3sito. Esta op\u00e7\u00e3o \u00e9 mais conservadora do que coroas, uma vez que n\u00e3o \u00e9 necess\u00e1rio moer e podem ser utilizados materiais tais como cer\u00e2mica ou comp\u00f3sito.<\/li>\n<li>Coroas de porcelana. Estas tampas de porcelana s\u00e3o utilizadas quando a pe\u00e7a dent\u00e1ria est\u00e1 muito deteriorada ou tem um desgaste significativo, sendo uma pr\u00f3tese fixa que \u00e9 colocada na parte externa da pe\u00e7a dent\u00e1ria. S\u00e3o feitos de resina, cer\u00e2mica ou zirc\u00f3nio e s\u00e3o cimentados no dente para melhorar a sua forma e fun\u00e7\u00e3o.<\/li>\n<\/ul>\n","protected":false},"excerpt":{"rendered":"<p>Estamos cada vez mais conscientes da import\u00e2ncia de cuidarmos da nossa sa\u00fade oral e mostrarmos o melhor dos sorrisos. Hoje, mais do que nunca, temos ao nosso alcance numerosos tratamentos dent\u00e1rios para melhorar tanto a sa\u00fade como a est\u00e9tica dos nossos dentes. \u00c9 importante lembrar que deve sempre ir \u00e0 cl\u00ednica dent\u00e1ria para quaisquer problemas [&#8230;]\n","protected":false},"author":2,"featured_media":0,"parent":3832,"menu_order":0,"comment_status":"closed","ping_status":"closed","template":"page-right-sidebar.php","meta":{"_custom_body_class":"","_custom_post_class":""},"acf":[],"yoast_head":"<!-- This site is optimized with the Yoast SEO plugin v18.4.1 - https:\/\/yoast.com\/wordpress\/plugins\/seo\/ -->\n<title>Medicina Dent\u00e1ria Conservadora - Imaxilofacial Badajoz<\/title>\n<meta name=\"robots\" content=\"index, follow, max-snippet:-1, max-image-preview:large, max-video-preview:-1\" \/>\n<link rel=\"canonical\" href=\"https:\/\/imaxilofacial.com\/pt-pt\/odontologia\/medicina-dentaria-conservadora\/\" \/>\n<meta property=\"og:locale\" content=\"pt_PT\" \/>\n<meta property=\"og:type\" content=\"article\" \/>\n<meta property=\"og:title\" content=\"Medicina Dent\u00e1ria Conservadora - Imaxilofacial Badajoz\" \/>\n<meta property=\"og:description\" content=\"Estamos cada vez mais conscientes da import\u00e2ncia de cuidarmos da nossa sa\u00fade oral e mostrarmos o melhor dos sorrisos. Hoje, mais do que nunca, temos ao nosso alcance numerosos tratamentos dent\u00e1rios para melhorar tanto a sa\u00fade como a est\u00e9tica dos nossos dentes. \u00c9 importante lembrar que deve sempre ir \u00e0 cl\u00ednica dent\u00e1ria para quaisquer problemas [...]\" \/>\n<meta property=\"og:url\" content=\"https:\/\/imaxilofacial.com\/pt-pt\/odontologia\/medicina-dentaria-conservadora\/\" \/>\n<meta property=\"og:site_name\" content=\"Instituto Maxilofacial Portugal\" \/>\n<meta property=\"article:publisher\" content=\"https:\/\/www.facebook.com\/Imaxilofacial-878901768819054\/\" \/>\n<meta name=\"twitter:card\" content=\"summary\" \/>\n<meta name=\"twitter:site\" content=\"@BadajozSalud\" \/>\n<meta name=\"twitter:label1\" content=\"Tempo estimado de leitura\" \/>\n\t<meta name=\"twitter:data1\" content=\"3 minutos\" \/>\n<script type=\"application\/ld+json\" class=\"yoast-schema-graph\">{\"@context\":\"https:\/\/schema.org\",\"@graph\":[{\"@type\":\"WebSite\",\"@id\":\"https:\/\/imaxilofacial.com\/#website\",\"url\":\"https:\/\/imaxilofacial.com\/\",\"name\":\"Instituto Maxilofacial Portugal\",\"description\":\"Outro site WordPress\",\"potentialAction\":[{\"@type\":\"SearchAction\",\"target\":{\"@type\":\"EntryPoint\",\"urlTemplate\":\"https:\/\/imaxilofacial.com\/?s={search_term_string}\"},\"query-input\":\"required name=search_term_string\"}],\"inLanguage\":\"pt-PT\"},{\"@type\":\"WebPage\",\"@id\":\"https:\/\/imaxilofacial.com\/pt-pt\/odontologia\/medicina-dentaria-conservadora\/#webpage\",\"url\":\"https:\/\/imaxilofacial.com\/pt-pt\/odontologia\/medicina-dentaria-conservadora\/\",\"name\":\"Medicina Dent\u00e1ria Conservadora - Imaxilofacial Badajoz\",\"isPartOf\":{\"@id\":\"https:\/\/imaxilofacial.com\/#website\"},\"datePublished\":\"2022-11-21T20:58:11+00:00\",\"dateModified\":\"2022-11-21T20:58:11+00:00\",\"breadcrumb\":{\"@id\":\"https:\/\/imaxilofacial.com\/pt-pt\/odontologia\/medicina-dentaria-conservadora\/#breadcrumb\"},\"inLanguage\":\"pt-PT\",\"potentialAction\":[{\"@type\":\"ReadAction\",\"target\":[\"https:\/\/imaxilofacial.com\/pt-pt\/odontologia\/medicina-dentaria-conservadora\/\"]}]},{\"@type\":\"BreadcrumbList\",\"@id\":\"https:\/\/imaxilofacial.com\/pt-pt\/odontologia\/medicina-dentaria-conservadora\/#breadcrumb\",\"itemListElement\":[{\"@type\":\"ListItem\",\"position\":1,\"name\":\"Instituto Maxilofacial Badajoz\",\"item\":\"https:\/\/imaxilofacial.com\/pt-pt\/\"},{\"@type\":\"ListItem\",\"position\":2,\"name\":\"Odontolog\u00eda\",\"item\":\"https:\/\/imaxilofacial.com\/pt-pt\/odontologia\/\"},{\"@type\":\"ListItem\",\"position\":3,\"name\":\"Medicina Dent\u00e1ria Conservadora\"}]}]}<\/script>\n<!-- \/ Yoast SEO plugin. -->","yoast_head_json":{"title":"Medicina Dent\u00e1ria Conservadora - Imaxilofacial Badajoz","robots":{"index":"index","follow":"follow","max-snippet":"max-snippet:-1","max-image-preview":"max-image-preview:large","max-video-preview":"max-video-preview:-1"},"canonical":"https:\/\/imaxilofacial.com\/pt-pt\/odontologia\/medicina-dentaria-conservadora\/","og_locale":"pt_PT","og_type":"article","og_title":"Medicina Dent\u00e1ria Conservadora - Imaxilofacial Badajoz","og_description":"Estamos cada vez mais conscientes da import\u00e2ncia de cuidarmos da nossa sa\u00fade oral e mostrarmos o melhor dos sorrisos. Hoje, mais do que nunca, temos ao nosso alcance numerosos tratamentos dent\u00e1rios para melhorar tanto a sa\u00fade como a est\u00e9tica dos nossos dentes. \u00c9 importante lembrar que deve sempre ir \u00e0 cl\u00ednica dent\u00e1ria para quaisquer problemas [...]","og_url":"https:\/\/imaxilofacial.com\/pt-pt\/odontologia\/medicina-dentaria-conservadora\/","og_site_name":"Instituto Maxilofacial Portugal","article_publisher":"https:\/\/www.facebook.com\/Imaxilofacial-878901768819054\/","twitter_card":"summary","twitter_site":"@BadajozSalud","twitter_misc":{"Tempo estimado de leitura":"3 minutos"},"schema":{"@context":"https:\/\/schema.org","@graph":[{"@type":"WebSite","@id":"https:\/\/imaxilofacial.com\/#website","url":"https:\/\/imaxilofacial.com\/","name":"Instituto Maxilofacial Portugal","description":"Outro site WordPress","potentialAction":[{"@type":"SearchAction","target":{"@type":"EntryPoint","urlTemplate":"https:\/\/imaxilofacial.com\/?s={search_term_string}"},"query-input":"required name=search_term_string"}],"inLanguage":"pt-PT"},{"@type":"WebPage","@id":"https:\/\/imaxilofacial.com\/pt-pt\/odontologia\/medicina-dentaria-conservadora\/#webpage","url":"https:\/\/imaxilofacial.com\/pt-pt\/odontologia\/medicina-dentaria-conservadora\/","name":"Medicina Dent\u00e1ria Conservadora - Imaxilofacial Badajoz","isPartOf":{"@id":"https:\/\/imaxilofacial.com\/#website"},"datePublished":"2022-11-21T20:58:11+00:00","dateModified":"2022-11-21T20:58:11+00:00","breadcrumb":{"@id":"https:\/\/imaxilofacial.com\/pt-pt\/odontologia\/medicina-dentaria-conservadora\/#breadcrumb"},"inLanguage":"pt-PT","potentialAction":[{"@type":"ReadAction","target":["https:\/\/imaxilofacial.com\/pt-pt\/odontologia\/medicina-dentaria-conservadora\/"]}]},{"@type":"BreadcrumbList","@id":"https:\/\/imaxilofacial.com\/pt-pt\/odontologia\/medicina-dentaria-conservadora\/#breadcrumb","itemListElement":[{"@type":"ListItem","position":1,"name":"Instituto Maxilofacial Badajoz","item":"https:\/\/imaxilofacial.com\/pt-pt\/"},{"@type":"ListItem","position":2,"name":"Odontolog\u00eda","item":"https:\/\/imaxilofacial.com\/pt-pt\/odontologia\/"},{"@type":"ListItem","position":3,"name":"Medicina Dent\u00e1ria Conservadora"}]}]}},"_links":{"self":[{"href":"https:\/\/imaxilofacial.com\/pt-pt\/wp-json\/wp\/v2\/pages\/5508"}],"collection":[{"href":"https:\/\/imaxilofacial.com\/pt-pt\/wp-json\/wp\/v2\/pages"}],"about":[{"href":"https:\/\/imaxilofacial.com\/pt-pt\/wp-json\/wp\/v2\/types\/page"}],"author":[{"embeddable":true,"href":"https:\/\/imaxilofacial.com\/pt-pt\/wp-json\/wp\/v2\/users\/2"}],"replies":[{"embeddable":true,"href":"https:\/\/imaxilofacial.com\/pt-pt\/wp-json\/wp\/v2\/comments?post=5508"}],"version-history":[{"count":0,"href":"https:\/\/imaxilofacial.com\/pt-pt\/wp-json\/wp\/v2\/pages\/5508\/revisions"}],"up":[{"embeddable":true,"href":"https:\/\/imaxilofacial.com\/pt-pt\/wp-json\/wp\/v2\/pages\/3832"}],"wp:attachment":[{"href":"https:\/\/imaxilofacial.com\/pt-pt\/wp-json\/wp\/v2\/media?parent=5508"}],"curies":[{"name":"wp","href":"https:\/\/api.w.org\/{rel}","templated":true}]}}