{"id":5520,"date":"2022-11-23T18:15:25","date_gmt":"2022-11-23T18:15:25","guid":{"rendered":"https:\/\/imaxilofacial.com\/odontologia\/implantes-dentarios\/proteses-sobre-implantes\/"},"modified":"2022-11-23T18:15:25","modified_gmt":"2022-11-23T18:15:25","slug":"proteses-sobre-implantes","status":"publish","type":"page","link":"https:\/\/imaxilofacial.com\/pt-pt\/odontologia\/implantes-dentarios\/proteses-sobre-implantes\/","title":{"rendered":"Pr\u00f3teses sobre implantes"},"content":{"rendered":"<p>Podemos definir os implantes dent\u00e1rios como fixa\u00e7\u00f5es de tit\u00e2nio que colocamos no maxilar ou maxilar superior, e sobre elas fixamos pr\u00f3teses dent\u00e1rias ou dentaduras. H Hoje, os implantes dent\u00e1rios s\u00e3o um tratamento comum na odontologia, s\u00e3o usados \u200b\u200bem pessoas h\u00e1 mais de 40 anos e os resultados s\u00e3o muito positivos no uso de pr\u00f3teses dent\u00e1rias As pr\u00f3teses dent\u00e1rias sobre implantes podem ser classificadas como fixas ou remov\u00edveis. Pr\u00f3teses fixas requerem consulta com um profissional de sa\u00fade bucal para remov\u00ea-las da boca do paciente J\u00e1 as pr\u00f3teses remov\u00edveis podem ser retiradas da cavidade oral pelo mesmo paciente.<\/p>\n<h2><span style=\"color: #1cc7d6;\">Quais as vantagens em rela\u00e7\u00e3o \u00e0s pr\u00f3teses convencionais?<\/span><\/h2>\n<p>Os implantes dent\u00e1rios constituem um ponto onde as pr\u00f3teses dent\u00e1rias podem ser fixadas, para que as pr\u00f3teses possam ser usadas com maior conforto, seguran\u00e7a e confian\u00e7a. N\u00e3o se desprendem, n\u00e3o t\u00eam movimento, a pr\u00f3tese dent\u00e1ria sobre implantes \u00e9 o que h\u00e1 de mais pr\u00f3ximo dos dentes naturais, al\u00e9m disso, a for\u00e7a da mastiga\u00e7\u00e3o \u00e9 transmitida atrav\u00e9s dos implantes dent\u00e1rios ao osso do maxilar superior e da mand\u00edbula. Sendo estas for\u00e7as um est\u00edmulo \u00e0 conserva\u00e7\u00e3o do osso.<\/p>\n<h2><span style=\"color: #1cc7d6;\">Como s\u00e3o as pr\u00f3teses dent\u00e1rias que s\u00e3o colocadas sobre os implantes? <\/span><\/h2>\n<p>Podemos classificar as pr\u00f3teses sobre implantes dent\u00e1rios basicamente em fixas e remov\u00edveis. Os fixos, como o pr\u00f3prio nome indica, s\u00e3o fixos e o paciente deve ir ao dentista para sua remo\u00e7\u00e3o, caso seja necess\u00e1rio. As remov\u00edveis s\u00e3o aquelas que o pr\u00f3prio paciente pode retirar no dia a dia para limpeza e manuten\u00e7\u00e3o.<\/p>\n<h2><span style=\"color: #1cc7d6;\">Em quais casos \u00e9 indicado substituir pe\u00e7as dent\u00e1rias por implantes dent\u00e1rios?<\/span><\/h2>\n<p>O \u00fanico requisito que temos de ter para a coloca\u00e7\u00e3o de pr\u00f3teses dent\u00e1rias sobre implantes \u00e9 a exist\u00eancia de osso no maxilar ou maxilar superior. Para eles \u00e9 preciso fazer um estudo aprofundado com radiografias, tomografias odontol\u00f3gicas, modelos da boca da pessoa.<\/p>\n<h2><span style=\"color: #19bfcf;\">Que conselhos devemos seguir se queremos ter uma pr\u00f3tese dent\u00e1ria sobre implantes?<\/span><\/h2>\n<p>A primeira \u00e9 escolher um centro com profissionais com larga experi\u00eancia em implantes e pr\u00f3teses sobre implantes para que os resultados sejam os esperados, \u00e9 um tratamento caro, mas na hora de escolher o centro o pre\u00e7o n\u00e3o \u00e9 o \u00fanico condicionante do tratamento. tem que pensar na experi\u00eancia dos profissionais para n\u00e3o ter experi\u00eancias ruins.<\/p>\n<p>&nbsp;<\/p>\n<blockquote><p><em>Se pretende substituir os seus dentes por implantes em Badajoz, solicite uma consulta no Maxillofacial Institute, atrav\u00e9s do 924225305, onde iremos aconselh\u00e1-lo sobre a melhor op\u00e7\u00e3o para o seu caso.<\/em><\/p><\/blockquote>\n","protected":false},"excerpt":{"rendered":"<p>Podemos definir os implantes dent\u00e1rios como fixa\u00e7\u00f5es de tit\u00e2nio que colocamos no maxilar ou maxilar superior, e sobre elas fixamos pr\u00f3teses dent\u00e1rias ou dentaduras. H Hoje, os implantes dent\u00e1rios s\u00e3o um tratamento comum na odontologia, s\u00e3o usados \u200b\u200bem pessoas h\u00e1 mais de 40 anos e os resultados s\u00e3o muito positivos no uso de pr\u00f3teses dent\u00e1rias [&#8230;]\n","protected":false},"author":2,"featured_media":0,"parent":3907,"menu_order":0,"comment_status":"closed","ping_status":"closed","template":"page-right-sidebar.php","meta":{"_custom_body_class":"","_custom_post_class":""},"acf":[],"yoast_head":"<!-- This site is optimized with the Yoast SEO plugin v18.4.1 - https:\/\/yoast.com\/wordpress\/plugins\/seo\/ -->\n<title>Pr\u00f3teses sobre implantes - Imaxilofacial Badajoz<\/title>\n<meta name=\"robots\" content=\"index, follow, max-snippet:-1, max-image-preview:large, max-video-preview:-1\" \/>\n<link rel=\"canonical\" href=\"https:\/\/imaxilofacial.com\/pt-pt\/odontologia\/implantes-dentarios\/proteses-sobre-implantes\/\" \/>\n<meta property=\"og:locale\" content=\"pt_PT\" \/>\n<meta property=\"og:type\" content=\"article\" \/>\n<meta property=\"og:title\" content=\"Pr\u00f3teses sobre implantes - Imaxilofacial Badajoz\" \/>\n<meta property=\"og:description\" content=\"Podemos definir os implantes dent\u00e1rios como fixa\u00e7\u00f5es de tit\u00e2nio que colocamos no maxilar ou maxilar superior, e sobre elas fixamos pr\u00f3teses dent\u00e1rias ou dentaduras. H Hoje, os implantes dent\u00e1rios s\u00e3o um tratamento comum na odontologia, s\u00e3o usados \u200b\u200bem pessoas h\u00e1 mais de 40 anos e os resultados s\u00e3o muito positivos no uso de pr\u00f3teses dent\u00e1rias [...]\" \/>\n<meta property=\"og:url\" content=\"https:\/\/imaxilofacial.com\/pt-pt\/odontologia\/implantes-dentarios\/proteses-sobre-implantes\/\" \/>\n<meta property=\"og:site_name\" content=\"Instituto Maxilofacial Portugal\" \/>\n<meta property=\"article:publisher\" content=\"https:\/\/www.facebook.com\/Imaxilofacial-878901768819054\/\" \/>\n<meta name=\"twitter:card\" content=\"summary\" \/>\n<meta name=\"twitter:site\" content=\"@BadajozSalud\" \/>\n<meta name=\"twitter:label1\" content=\"Tempo estimado de leitura\" \/>\n\t<meta name=\"twitter:data1\" content=\"2 minutos\" \/>\n<script type=\"application\/ld+json\" class=\"yoast-schema-graph\">{\"@context\":\"https:\/\/schema.org\",\"@graph\":[{\"@type\":\"WebSite\",\"@id\":\"https:\/\/imaxilofacial.com\/#website\",\"url\":\"https:\/\/imaxilofacial.com\/\",\"name\":\"Instituto Maxilofacial Portugal\",\"description\":\"Outro site WordPress\",\"potentialAction\":[{\"@type\":\"SearchAction\",\"target\":{\"@type\":\"EntryPoint\",\"urlTemplate\":\"https:\/\/imaxilofacial.com\/?s={search_term_string}\"},\"query-input\":\"required name=search_term_string\"}],\"inLanguage\":\"pt-PT\"},{\"@type\":\"WebPage\",\"@id\":\"https:\/\/imaxilofacial.com\/pt-pt\/odontologia\/implantes-dentarios\/proteses-sobre-implantes\/#webpage\",\"url\":\"https:\/\/imaxilofacial.com\/pt-pt\/odontologia\/implantes-dentarios\/proteses-sobre-implantes\/\",\"name\":\"Pr\u00f3teses sobre implantes - Imaxilofacial Badajoz\",\"isPartOf\":{\"@id\":\"https:\/\/imaxilofacial.com\/#website\"},\"datePublished\":\"2022-11-23T18:15:25+00:00\",\"dateModified\":\"2022-11-23T18:15:25+00:00\",\"breadcrumb\":{\"@id\":\"https:\/\/imaxilofacial.com\/pt-pt\/odontologia\/implantes-dentarios\/proteses-sobre-implantes\/#breadcrumb\"},\"inLanguage\":\"pt-PT\",\"potentialAction\":[{\"@type\":\"ReadAction\",\"target\":[\"https:\/\/imaxilofacial.com\/pt-pt\/odontologia\/implantes-dentarios\/proteses-sobre-implantes\/\"]}]},{\"@type\":\"BreadcrumbList\",\"@id\":\"https:\/\/imaxilofacial.com\/pt-pt\/odontologia\/implantes-dentarios\/proteses-sobre-implantes\/#breadcrumb\",\"itemListElement\":[{\"@type\":\"ListItem\",\"position\":1,\"name\":\"Instituto Maxilofacial Badajoz\",\"item\":\"https:\/\/imaxilofacial.com\/pt-pt\/\"},{\"@type\":\"ListItem\",\"position\":2,\"name\":\"Odontolog\u00eda\",\"item\":\"https:\/\/imaxilofacial.com\/pt-pt\/odontologia\/\"},{\"@type\":\"ListItem\",\"position\":3,\"name\":\"Implantes Dentales\",\"item\":\"https:\/\/imaxilofacial.com\/pt-pt\/odontologia\/implantes-dentarios\/\"},{\"@type\":\"ListItem\",\"position\":4,\"name\":\"Pr\u00f3teses sobre implantes\"}]}]}<\/script>\n<!-- \/ Yoast SEO plugin. -->","yoast_head_json":{"title":"Pr\u00f3teses sobre implantes - Imaxilofacial Badajoz","robots":{"index":"index","follow":"follow","max-snippet":"max-snippet:-1","max-image-preview":"max-image-preview:large","max-video-preview":"max-video-preview:-1"},"canonical":"https:\/\/imaxilofacial.com\/pt-pt\/odontologia\/implantes-dentarios\/proteses-sobre-implantes\/","og_locale":"pt_PT","og_type":"article","og_title":"Pr\u00f3teses sobre implantes - Imaxilofacial Badajoz","og_description":"Podemos definir os implantes dent\u00e1rios como fixa\u00e7\u00f5es de tit\u00e2nio que colocamos no maxilar ou maxilar superior, e sobre elas fixamos pr\u00f3teses dent\u00e1rias ou dentaduras. H Hoje, os implantes dent\u00e1rios s\u00e3o um tratamento comum na odontologia, s\u00e3o usados \u200b\u200bem pessoas h\u00e1 mais de 40 anos e os resultados s\u00e3o muito positivos no uso de pr\u00f3teses dent\u00e1rias [...]","og_url":"https:\/\/imaxilofacial.com\/pt-pt\/odontologia\/implantes-dentarios\/proteses-sobre-implantes\/","og_site_name":"Instituto Maxilofacial Portugal","article_publisher":"https:\/\/www.facebook.com\/Imaxilofacial-878901768819054\/","twitter_card":"summary","twitter_site":"@BadajozSalud","twitter_misc":{"Tempo estimado de leitura":"2 minutos"},"schema":{"@context":"https:\/\/schema.org","@graph":[{"@type":"WebSite","@id":"https:\/\/imaxilofacial.com\/#website","url":"https:\/\/imaxilofacial.com\/","name":"Instituto Maxilofacial Portugal","description":"Outro site WordPress","potentialAction":[{"@type":"SearchAction","target":{"@type":"EntryPoint","urlTemplate":"https:\/\/imaxilofacial.com\/?s={search_term_string}"},"query-input":"required name=search_term_string"}],"inLanguage":"pt-PT"},{"@type":"WebPage","@id":"https:\/\/imaxilofacial.com\/pt-pt\/odontologia\/implantes-dentarios\/proteses-sobre-implantes\/#webpage","url":"https:\/\/imaxilofacial.com\/pt-pt\/odontologia\/implantes-dentarios\/proteses-sobre-implantes\/","name":"Pr\u00f3teses sobre implantes - Imaxilofacial Badajoz","isPartOf":{"@id":"https:\/\/imaxilofacial.com\/#website"},"datePublished":"2022-11-23T18:15:25+00:00","dateModified":"2022-11-23T18:15:25+00:00","breadcrumb":{"@id":"https:\/\/imaxilofacial.com\/pt-pt\/odontologia\/implantes-dentarios\/proteses-sobre-implantes\/#breadcrumb"},"inLanguage":"pt-PT","potentialAction":[{"@type":"ReadAction","target":["https:\/\/imaxilofacial.com\/pt-pt\/odontologia\/implantes-dentarios\/proteses-sobre-implantes\/"]}]},{"@type":"BreadcrumbList","@id":"https:\/\/imaxilofacial.com\/pt-pt\/odontologia\/implantes-dentarios\/proteses-sobre-implantes\/#breadcrumb","itemListElement":[{"@type":"ListItem","position":1,"name":"Instituto Maxilofacial Badajoz","item":"https:\/\/imaxilofacial.com\/pt-pt\/"},{"@type":"ListItem","position":2,"name":"Odontolog\u00eda","item":"https:\/\/imaxilofacial.com\/pt-pt\/odontologia\/"},{"@type":"ListItem","position":3,"name":"Implantes Dentales","item":"https:\/\/imaxilofacial.com\/pt-pt\/odontologia\/implantes-dentarios\/"},{"@type":"ListItem","position":4,"name":"Pr\u00f3teses sobre implantes"}]}]}},"_links":{"self":[{"href":"https:\/\/imaxilofacial.com\/pt-pt\/wp-json\/wp\/v2\/pages\/5520"}],"collection":[{"href":"https:\/\/imaxilofacial.com\/pt-pt\/wp-json\/wp\/v2\/pages"}],"about":[{"href":"https:\/\/imaxilofacial.com\/pt-pt\/wp-json\/wp\/v2\/types\/page"}],"author":[{"embeddable":true,"href":"https:\/\/imaxilofacial.com\/pt-pt\/wp-json\/wp\/v2\/users\/2"}],"replies":[{"embeddable":true,"href":"https:\/\/imaxilofacial.com\/pt-pt\/wp-json\/wp\/v2\/comments?post=5520"}],"version-history":[{"count":0,"href":"https:\/\/imaxilofacial.com\/pt-pt\/wp-json\/wp\/v2\/pages\/5520\/revisions"}],"up":[{"embeddable":true,"href":"https:\/\/imaxilofacial.com\/pt-pt\/wp-json\/wp\/v2\/pages\/3907"}],"wp:attachment":[{"href":"https:\/\/imaxilofacial.com\/pt-pt\/wp-json\/wp\/v2\/media?parent=5520"}],"curies":[{"name":"wp","href":"https:\/\/api.w.org\/{rel}","templated":true}]}}