{"id":5525,"date":"2022-11-23T19:19:45","date_gmt":"2022-11-23T19:19:45","guid":{"rendered":"https:\/\/imaxilofacial.com\/odontologia\/odontologia-pediatrica\/"},"modified":"2022-11-23T19:19:45","modified_gmt":"2022-11-23T19:19:45","slug":"odontologia-pediatrica","status":"publish","type":"page","link":"https:\/\/imaxilofacial.com\/pt-pt\/odontologia\/odontologia-pediatrica\/","title":{"rendered":"Odontologia Pedi\u00e1trica"},"content":{"rendered":"<p>A odontologia pedi\u00e1trica \u00e9 um ramo da odontologia que trata diferentes doen\u00e7as orais desde a primeira inf\u00e2ncia at\u00e9 ao fim do crescimento. O dentista pedi\u00e1trico examinar\u00e1 a cavidade oral da crian\u00e7a e detectar\u00e1 poss\u00edveis anomalias na denti\u00e7\u00e3o prim\u00e1ria ou nos dentes dec\u00edduos, bem como aplicar\u00e1 um procedimento e tratamento individualizado.<\/p>\n<p>O objectivo da medicina dent\u00e1ria pedi\u00e1trica \u00e9 evitar que as crian\u00e7as sofram de problemas mais graves na idade adulta. Durante a inf\u00e2ncia, os pais ou tutores, com a ajuda do dentista, s\u00e3o respons\u00e1veis por transmitir h\u00e1bitos de higiene correctos \u00e0 crian\u00e7a para assegurar uma sa\u00fade oral saud\u00e1vel no futuro.<\/p>\n<h1><strong>Primeira visita ao dentista<\/strong><\/h1>\n<p>Recomenda-se que o primeiro check-up dent\u00e1rio das crian\u00e7as tenha lugar ap\u00f3s o primeiro ano de vida. O dentista verificar\u00e1 o crescimento da maxila e da mand\u00edbula, a erup\u00e7\u00e3o correcta dos dentes e excluir\u00e1 a presen\u00e7a de patologias como a c\u00e1rie.<\/p>\n<p>Al\u00e9m disso, os pais podem receber informa\u00e7\u00f5es sobre como assegurar que os seus filhos adquiram uma sa\u00fade oral adequada, resolver d\u00favidas sobre higiene e escova\u00e7\u00e3o de dentes, bem como quest\u00f5es relacionadas com certas pr\u00e1ticas que podem ser prejudiciais para o correcto desenvolvimento oral da crian\u00e7a.<\/p>\n<p>A fase de 0-3 anos \u00e9 considerada de natureza preventiva. Se n\u00e3o houver problema, \u00e9 recomendada uma visita anual. Contudo, a partir da idade de 5 anos, durante o per\u00edodo de substitui\u00e7\u00e3o dos dentes, \u00e9 aconselh\u00e1vel fazer um check-up de 6 em 6 meses.<\/p>\n<p>&nbsp;<\/p>\n<h1><strong>Erup\u00e7\u00e3o dos dentes de leite<\/strong><\/h1>\n<p>Os dentes, que se formam a partir da quinta semana de gesta\u00e7\u00e3o, aparecem geralmente a partir do sexto m\u00eas de vida e formam a primeira denti\u00e7\u00e3o de leite, que se completa por volta dos dois anos e meio de idade. Quando o dente est\u00e1 pronto a entrar em erup\u00e7\u00e3o, a gengiva inflama-se frequentemente, o que pode causar algum desconforto para o beb\u00e9: irritabilidade, febre, aumento da saliva\u00e7\u00e3o, recusa alimentar, diarreia ou erup\u00e7\u00e3o das fraldas. Para os beb\u00e9s que apresentam sintomas de dor na face de uma erup\u00e7\u00e3o dent\u00e1ria, existem m\u00e9todos muito eficazes que ajudar\u00e3o a acalm\u00e1-los, tais como o uso de dentifr\u00edcios ou esfregar ligeiramente as gengivas com um dedo limpo ou uma colher de ch\u00e1 fria.<\/p>\n<p>&nbsp;<\/p>\n<h1><strong>Higiene oral para crian\u00e7as<\/strong><\/h1>\n<p>Assim que os primeiros dentes apare\u00e7am, devem ser limpos com gaze. Quando os molares entram em erup\u00e7\u00e3o, o seu filho poder\u00e1 usar uma escova de dentes apropriada \u00e0 sua idade. A t\u00e9cnica de escovagem requer uma certa per\u00edcia. Os pais devem, portanto, ajudar os seus filhos a escovar os dentes. Embora a partir dos 5 anos de idade a crian\u00e7a possa faz\u00ea-lo sozinha, \u00e9 essencial que os pais o vigiem e o orientem no caso de precisar dele. A supervis\u00e3o directa \u00e9 recomendada at\u00e9 a crian\u00e7a ter 6-7 anos de idade.<\/p>\n<p>Os dentes devem ser escovados ap\u00f3s cada refei\u00e7\u00e3o e sempre antes de ir para a cama. Uma pasta de dentes com fl\u00faor deve ser utilizada desde o in\u00edcio. Com menos de 3 anos, apenas as cerdas do pincel devem ser raspadas na pasta. Entre 3-6 anos de idade, a pasta de dentes deve ser utilizada em pequenas quantidades.<\/p>\n<p>&nbsp;<\/p>\n<h1><strong>Chupar o polegar e utiliza\u00e7\u00e3o de bonecos<\/strong><\/h1>\n<p>O h\u00e1bito de chupar o polegar pode levar \u00e0 maloclus\u00e3o se usado para al\u00e9m dos tr\u00eas anos de idade. Em termos de denti\u00e7\u00e3o, as chupetas est\u00e3o associadas ao desenvolvimento da mordida cruzada superior e ao aumento da protrus\u00e3o, um problema que eventualmente se resolve uma vez que s\u00e3o descontinuadas. No caso de chupar o polegar, os efeitos sobre a sa\u00fade oral podem ser ainda mais graves se n\u00e3o for parado a tempo: altera a orienta\u00e7\u00e3o dos arcos, provoca mordedura aberta, leva a deforma\u00e7\u00e3o do palato, provoca um desenvolvimento insuficiente da mand\u00edbula e provoca perturba\u00e7\u00f5es da linguagem.<\/p>\n<h1><strong>Doen\u00e7as dent\u00e1rias infantis mais comuns<\/strong><\/h1>\n<ul>\n<li>C\u00e1ries dent\u00e1rias. A c\u00e1rie \u00e9 a doen\u00e7a infantil cr\u00f3nica mais comum com uma elevada preval\u00eancia entre os pr\u00e9-escolares. Esta patologia infecciosa \u00e9 causada pelo elevado consumo de a\u00e7\u00facares. Tem s\u00e9rias repercuss\u00f5es na sa\u00fade da crian\u00e7a, incluindo dores fortes, infec\u00e7\u00f5es faciais, e visitas de emerg\u00eancia. As raz\u00f5es est\u00e3o muitas vezes relacionadas com uma higiene oral deficiente, alimenta\u00e7\u00e3o mam\u00e1ria ou por biber\u00e3o e ingest\u00e3o frequente de hidratos de carbono.<\/li>\n<\/ul>\n<ul>\n<li>Traumatismo dent\u00e1rio. Golpes e acidentes s\u00e3o muito comuns entre crian\u00e7as e jovens e s\u00e3o uma das experi\u00eancias mais desagrad\u00e1veis para as crian\u00e7as e os seus pais. Existem diferentes tipos de les\u00f5es dent\u00e1rias, algumas das quais podem afectar a forma\u00e7\u00e3o da denti\u00e7\u00e3o permanente. O procedimento mais aconselh\u00e1vel \u00e9 ir imediatamente ao dentista para exame e tratamento.<\/li>\n<\/ul>\n<h1><strong>Tratamentos odontol\u00f3gicos pedi\u00e1tricos<\/strong><\/h1>\n<ul>\n<li>Selantes de ranhuras e fissuras. A fim de proteger as crian\u00e7as de c\u00e1ries, este m\u00e9todo \u00e9 utilizado para preencher as fissuras na superf\u00edcie dos dentes para evitar c\u00e1ries.<\/li>\n<li>Pulpectomia. A pulpectomia \u00e9 um tratamento semelhante \u00e0 endodontia em adultos, mas com a diferen\u00e7a de que a c\u00e1rie afecta um dente de beb\u00e9.<\/li>\n<li>Veda\u00e7\u00e3o. Tamb\u00e9m conhecida como enchimento, esta \u00e9 outra t\u00e9cnica utilizada para o tratamento de c\u00e1ries. As c\u00e1ries n\u00e3o tratadas podem causar n\u00e3o s\u00f3 desconforto \u00e0 crian\u00e7a, mas tamb\u00e9m problemas orais graves no futuro.<\/li>\n<li>Aplica\u00e7\u00e3o de fl\u00faor. Este m\u00e9todo \u00e9 realizado para refor\u00e7ar o esmalte dent\u00e1rio e prevenir a c\u00e1rie dent\u00e1ria.<\/li>\n<li>Este tratamento \u00e9 realizado para corrigir altera\u00e7\u00f5es ou anomalias no desenvolvimento \u00f3sseo ou dent\u00e1rio que possam existir na cavidade oral da crian\u00e7a.<\/li>\n<\/ul>\n","protected":false},"excerpt":{"rendered":"<p>A odontologia pedi\u00e1trica \u00e9 um ramo da odontologia que trata diferentes doen\u00e7as orais desde a primeira inf\u00e2ncia at\u00e9 ao fim do crescimento. O dentista pedi\u00e1trico examinar\u00e1 a cavidade oral da crian\u00e7a e detectar\u00e1 poss\u00edveis anomalias na denti\u00e7\u00e3o prim\u00e1ria ou nos dentes dec\u00edduos, bem como aplicar\u00e1 um procedimento e tratamento individualizado. O objectivo da medicina dent\u00e1ria [&#8230;]\n","protected":false},"author":2,"featured_media":0,"parent":3832,"menu_order":0,"comment_status":"closed","ping_status":"closed","template":"page-right-sidebar.php","meta":{"_custom_body_class":"","_custom_post_class":""},"acf":[],"yoast_head":"<!-- This site is optimized with the Yoast SEO plugin v18.4.1 - https:\/\/yoast.com\/wordpress\/plugins\/seo\/ -->\n<title>Odontologia Pedi\u00e1trica - Imaxilofacial Badajoz<\/title>\n<meta name=\"robots\" content=\"index, follow, max-snippet:-1, max-image-preview:large, max-video-preview:-1\" \/>\n<link rel=\"canonical\" href=\"https:\/\/imaxilofacial.com\/pt-pt\/odontologia\/odontologia-pediatrica\/\" \/>\n<meta property=\"og:locale\" content=\"pt_PT\" \/>\n<meta property=\"og:type\" content=\"article\" \/>\n<meta property=\"og:title\" content=\"Odontologia Pedi\u00e1trica - Imaxilofacial Badajoz\" \/>\n<meta property=\"og:description\" content=\"A odontologia pedi\u00e1trica \u00e9 um ramo da odontologia que trata diferentes doen\u00e7as orais desde a primeira inf\u00e2ncia at\u00e9 ao fim do crescimento. O dentista pedi\u00e1trico examinar\u00e1 a cavidade oral da crian\u00e7a e detectar\u00e1 poss\u00edveis anomalias na denti\u00e7\u00e3o prim\u00e1ria ou nos dentes dec\u00edduos, bem como aplicar\u00e1 um procedimento e tratamento individualizado. O objectivo da medicina dent\u00e1ria [...]\" \/>\n<meta property=\"og:url\" content=\"https:\/\/imaxilofacial.com\/pt-pt\/odontologia\/odontologia-pediatrica\/\" \/>\n<meta property=\"og:site_name\" content=\"Instituto Maxilofacial Portugal\" \/>\n<meta property=\"article:publisher\" content=\"https:\/\/www.facebook.com\/Imaxilofacial-878901768819054\/\" \/>\n<meta name=\"twitter:card\" content=\"summary\" \/>\n<meta name=\"twitter:site\" content=\"@BadajozSalud\" \/>\n<meta name=\"twitter:label1\" content=\"Tempo estimado de leitura\" \/>\n\t<meta name=\"twitter:data1\" content=\"5 minutos\" \/>\n<script type=\"application\/ld+json\" class=\"yoast-schema-graph\">{\"@context\":\"https:\/\/schema.org\",\"@graph\":[{\"@type\":\"WebSite\",\"@id\":\"https:\/\/imaxilofacial.com\/#website\",\"url\":\"https:\/\/imaxilofacial.com\/\",\"name\":\"Instituto Maxilofacial Portugal\",\"description\":\"Outro site WordPress\",\"potentialAction\":[{\"@type\":\"SearchAction\",\"target\":{\"@type\":\"EntryPoint\",\"urlTemplate\":\"https:\/\/imaxilofacial.com\/?s={search_term_string}\"},\"query-input\":\"required name=search_term_string\"}],\"inLanguage\":\"pt-PT\"},{\"@type\":\"WebPage\",\"@id\":\"https:\/\/imaxilofacial.com\/pt-pt\/odontologia\/odontologia-pediatrica\/#webpage\",\"url\":\"https:\/\/imaxilofacial.com\/pt-pt\/odontologia\/odontologia-pediatrica\/\",\"name\":\"Odontologia Pedi\u00e1trica - Imaxilofacial Badajoz\",\"isPartOf\":{\"@id\":\"https:\/\/imaxilofacial.com\/#website\"},\"datePublished\":\"2022-11-23T19:19:45+00:00\",\"dateModified\":\"2022-11-23T19:19:45+00:00\",\"breadcrumb\":{\"@id\":\"https:\/\/imaxilofacial.com\/pt-pt\/odontologia\/odontologia-pediatrica\/#breadcrumb\"},\"inLanguage\":\"pt-PT\",\"potentialAction\":[{\"@type\":\"ReadAction\",\"target\":[\"https:\/\/imaxilofacial.com\/pt-pt\/odontologia\/odontologia-pediatrica\/\"]}]},{\"@type\":\"BreadcrumbList\",\"@id\":\"https:\/\/imaxilofacial.com\/pt-pt\/odontologia\/odontologia-pediatrica\/#breadcrumb\",\"itemListElement\":[{\"@type\":\"ListItem\",\"position\":1,\"name\":\"Instituto Maxilofacial Badajoz\",\"item\":\"https:\/\/imaxilofacial.com\/pt-pt\/\"},{\"@type\":\"ListItem\",\"position\":2,\"name\":\"Odontolog\u00eda\",\"item\":\"https:\/\/imaxilofacial.com\/pt-pt\/odontologia\/\"},{\"@type\":\"ListItem\",\"position\":3,\"name\":\"Odontologia Pedi\u00e1trica\"}]}]}<\/script>\n<!-- \/ Yoast SEO plugin. -->","yoast_head_json":{"title":"Odontologia Pedi\u00e1trica - Imaxilofacial Badajoz","robots":{"index":"index","follow":"follow","max-snippet":"max-snippet:-1","max-image-preview":"max-image-preview:large","max-video-preview":"max-video-preview:-1"},"canonical":"https:\/\/imaxilofacial.com\/pt-pt\/odontologia\/odontologia-pediatrica\/","og_locale":"pt_PT","og_type":"article","og_title":"Odontologia Pedi\u00e1trica - Imaxilofacial Badajoz","og_description":"A odontologia pedi\u00e1trica \u00e9 um ramo da odontologia que trata diferentes doen\u00e7as orais desde a primeira inf\u00e2ncia at\u00e9 ao fim do crescimento. O dentista pedi\u00e1trico examinar\u00e1 a cavidade oral da crian\u00e7a e detectar\u00e1 poss\u00edveis anomalias na denti\u00e7\u00e3o prim\u00e1ria ou nos dentes dec\u00edduos, bem como aplicar\u00e1 um procedimento e tratamento individualizado. O objectivo da medicina dent\u00e1ria [...]","og_url":"https:\/\/imaxilofacial.com\/pt-pt\/odontologia\/odontologia-pediatrica\/","og_site_name":"Instituto Maxilofacial Portugal","article_publisher":"https:\/\/www.facebook.com\/Imaxilofacial-878901768819054\/","twitter_card":"summary","twitter_site":"@BadajozSalud","twitter_misc":{"Tempo estimado de leitura":"5 minutos"},"schema":{"@context":"https:\/\/schema.org","@graph":[{"@type":"WebSite","@id":"https:\/\/imaxilofacial.com\/#website","url":"https:\/\/imaxilofacial.com\/","name":"Instituto Maxilofacial Portugal","description":"Outro site WordPress","potentialAction":[{"@type":"SearchAction","target":{"@type":"EntryPoint","urlTemplate":"https:\/\/imaxilofacial.com\/?s={search_term_string}"},"query-input":"required name=search_term_string"}],"inLanguage":"pt-PT"},{"@type":"WebPage","@id":"https:\/\/imaxilofacial.com\/pt-pt\/odontologia\/odontologia-pediatrica\/#webpage","url":"https:\/\/imaxilofacial.com\/pt-pt\/odontologia\/odontologia-pediatrica\/","name":"Odontologia Pedi\u00e1trica - Imaxilofacial Badajoz","isPartOf":{"@id":"https:\/\/imaxilofacial.com\/#website"},"datePublished":"2022-11-23T19:19:45+00:00","dateModified":"2022-11-23T19:19:45+00:00","breadcrumb":{"@id":"https:\/\/imaxilofacial.com\/pt-pt\/odontologia\/odontologia-pediatrica\/#breadcrumb"},"inLanguage":"pt-PT","potentialAction":[{"@type":"ReadAction","target":["https:\/\/imaxilofacial.com\/pt-pt\/odontologia\/odontologia-pediatrica\/"]}]},{"@type":"BreadcrumbList","@id":"https:\/\/imaxilofacial.com\/pt-pt\/odontologia\/odontologia-pediatrica\/#breadcrumb","itemListElement":[{"@type":"ListItem","position":1,"name":"Instituto Maxilofacial Badajoz","item":"https:\/\/imaxilofacial.com\/pt-pt\/"},{"@type":"ListItem","position":2,"name":"Odontolog\u00eda","item":"https:\/\/imaxilofacial.com\/pt-pt\/odontologia\/"},{"@type":"ListItem","position":3,"name":"Odontologia Pedi\u00e1trica"}]}]}},"_links":{"self":[{"href":"https:\/\/imaxilofacial.com\/pt-pt\/wp-json\/wp\/v2\/pages\/5525"}],"collection":[{"href":"https:\/\/imaxilofacial.com\/pt-pt\/wp-json\/wp\/v2\/pages"}],"about":[{"href":"https:\/\/imaxilofacial.com\/pt-pt\/wp-json\/wp\/v2\/types\/page"}],"author":[{"embeddable":true,"href":"https:\/\/imaxilofacial.com\/pt-pt\/wp-json\/wp\/v2\/users\/2"}],"replies":[{"embeddable":true,"href":"https:\/\/imaxilofacial.com\/pt-pt\/wp-json\/wp\/v2\/comments?post=5525"}],"version-history":[{"count":0,"href":"https:\/\/imaxilofacial.com\/pt-pt\/wp-json\/wp\/v2\/pages\/5525\/revisions"}],"up":[{"embeddable":true,"href":"https:\/\/imaxilofacial.com\/pt-pt\/wp-json\/wp\/v2\/pages\/3832"}],"wp:attachment":[{"href":"https:\/\/imaxilofacial.com\/pt-pt\/wp-json\/wp\/v2\/media?parent=5525"}],"curies":[{"name":"wp","href":"https:\/\/api.w.org\/{rel}","templated":true}]}}