{"id":5598,"date":"2024-04-15T09:15:02","date_gmt":"2024-04-15T09:15:02","guid":{"rendered":"https:\/\/imaxilofacial.com\/dermatologia\/"},"modified":"2024-04-15T09:15:02","modified_gmt":"2024-04-15T09:15:02","slug":"dermatologia","status":"publish","type":"page","link":"https:\/\/imaxilofacial.com\/pt-pt\/dermatologia\/","title":{"rendered":"Dermatologia"},"content":{"rendered":"<p>A dermatologia \u00e9 a especialidade m\u00e9dico-cir\u00fargica que se ocupa do conhecimento da pele humana e das doen\u00e7as que a afectam prim\u00e1ria ou secundariamente, bem como dos m\u00e9todos para a sua preven\u00e7\u00e3o e para a preserva\u00e7\u00e3o ou recupera\u00e7\u00e3o da normalidade cut\u00e2nea. O per\u00edodo de forma\u00e7\u00e3o da MIR para os dermatologistas \u00e9 de quatro anos.<\/p>\n<p>&nbsp;<\/p>\n<p>..<a href=\"https:\/\/imaxilofacial.com\/wp-content\/uploads\/2024\/04\/Dermatologia.jpg\"><img loading=\"lazy\" class=\"alignnone wp-image-5588 size-large\" src=\"https:\/\/imaxilofacial.com\/wp-content\/uploads\/2024\/04\/Dermatologia-1024x683.jpg\" alt=\"\" width=\"1020\" height=\"680\" srcset=\"https:\/\/imaxilofacial.com\/wp-content\/uploads\/2024\/04\/Dermatologia-1024x683.jpg 1024w, https:\/\/imaxilofacial.com\/wp-content\/uploads\/2024\/04\/Dermatologia-300x200.jpg 300w, https:\/\/imaxilofacial.com\/wp-content\/uploads\/2024\/04\/Dermatologia-768x512.jpg 768w, https:\/\/imaxilofacial.com\/wp-content\/uploads\/2024\/04\/Dermatologia.jpg 1536w\" sizes=\"(max-width: 1020px) 100vw, 1020px\" \/><\/a><\/p>\n<p>&nbsp;<\/p>\n<p>A pele pode ser definida como o maior \u00f3rg\u00e3o do corpo. A dermatologia inclui tamb\u00e9m a utiliza\u00e7\u00e3o de t\u00e9cnicas terap\u00eauticas especiais, como o tratamento farmacol\u00f3gico t\u00f3pico, a aplica\u00e7\u00e3o de certos m\u00e9todos fisioterap\u00eauticos especialmente concebidos para uso dermatol\u00f3gico (crioterapia, fototerapia, radia\u00e7\u00f5es ionizantes de baixa penetra\u00e7\u00e3o, etc.) e, evidentemente, m\u00e9todos cir\u00fargicos. Em dermatologia, e como consequ\u00eancia do facto de a pele ser um \u00f3rg\u00e3o externo, a biopsia \u00e9 um procedimento de diagn\u00f3stico b\u00e1sico e de rotina. A sua interpreta\u00e7\u00e3o requer o dom\u00ednio n\u00e3o s\u00f3 da morfologia microsc\u00f3pica, mas tamb\u00e9m da morfologia cl\u00ednica.<\/p>\n<p>Em muitos pa\u00edses, as doen\u00e7as ven\u00e9reas ou sexualmente transmiss\u00edveis tamb\u00e9m fazem tradicionalmente parte do campo da dermatologia, uma vez que parte das manifesta\u00e7\u00f5es cl\u00ednicas destas doen\u00e7as s\u00e3o cut\u00e2neas.<\/p>\n<p>Atualmente, podemos distinguir v\u00e1rias especialidades no seu seio, como a Dermatologia Cosm\u00e9tica, a Tricologia, a Imunodermatologia, a Dermatologia Cir\u00fargica, a Dermatologia Pedi\u00e1trica e a Teledermatologia.<\/p>\n<p>&nbsp;<\/p>\n<p>&nbsp;<\/p>\n","protected":false},"excerpt":{"rendered":"<p>A dermatologia \u00e9 a especialidade m\u00e9dico-cir\u00fargica que se ocupa do conhecimento da pele humana e das doen\u00e7as que a afectam prim\u00e1ria ou secundariamente, bem como dos m\u00e9todos para a sua preven\u00e7\u00e3o e para a preserva\u00e7\u00e3o ou recupera\u00e7\u00e3o da normalidade cut\u00e2nea. O per\u00edodo de forma\u00e7\u00e3o da MIR para os dermatologistas \u00e9 de quatro anos. &nbsp; .. [&#8230;]\n","protected":false},"author":2,"featured_media":0,"parent":0,"menu_order":0,"comment_status":"closed","ping_status":"closed","template":"page-right-sidebar.php","meta":{"_custom_body_class":"","_custom_post_class":""},"acf":[],"yoast_head":"<!-- This site is optimized with the Yoast SEO plugin v18.4.1 - https:\/\/yoast.com\/wordpress\/plugins\/seo\/ -->\n<title>Dermatologia - Imaxilofacial Badajoz<\/title>\n<meta name=\"robots\" content=\"index, follow, max-snippet:-1, max-image-preview:large, max-video-preview:-1\" \/>\n<link rel=\"canonical\" href=\"https:\/\/imaxilofacial.com\/pt-pt\/dermatologia\/\" \/>\n<meta property=\"og:locale\" content=\"pt_PT\" \/>\n<meta property=\"og:type\" content=\"article\" \/>\n<meta property=\"og:title\" content=\"Dermatologia - Imaxilofacial Badajoz\" \/>\n<meta property=\"og:description\" content=\"A dermatologia \u00e9 a especialidade m\u00e9dico-cir\u00fargica que se ocupa do conhecimento da pele humana e das doen\u00e7as que a afectam prim\u00e1ria ou secundariamente, bem como dos m\u00e9todos para a sua preven\u00e7\u00e3o e para a preserva\u00e7\u00e3o ou recupera\u00e7\u00e3o da normalidade cut\u00e2nea. O per\u00edodo de forma\u00e7\u00e3o da MIR para os dermatologistas \u00e9 de quatro anos. &nbsp; .. [...]\" \/>\n<meta property=\"og:url\" content=\"https:\/\/imaxilofacial.com\/pt-pt\/dermatologia\/\" \/>\n<meta property=\"og:site_name\" content=\"Instituto Maxilofacial Portugal\" \/>\n<meta property=\"article:publisher\" content=\"https:\/\/www.facebook.com\/Imaxilofacial-878901768819054\/\" \/>\n<meta property=\"og:image\" content=\"https:\/\/imaxilofacial.com\/wp-content\/uploads\/2024\/04\/Dermatologia-1024x683.jpg\" \/>\n<meta name=\"twitter:card\" content=\"summary\" \/>\n<meta name=\"twitter:site\" content=\"@BadajozSalud\" \/>\n<meta name=\"twitter:label1\" content=\"Tempo estimado de leitura\" \/>\n\t<meta name=\"twitter:data1\" content=\"1 minuto\" \/>\n<script type=\"application\/ld+json\" class=\"yoast-schema-graph\">{\"@context\":\"https:\/\/schema.org\",\"@graph\":[{\"@type\":\"WebSite\",\"@id\":\"https:\/\/imaxilofacial.com\/#website\",\"url\":\"https:\/\/imaxilofacial.com\/\",\"name\":\"Instituto Maxilofacial Portugal\",\"description\":\"Outro site WordPress\",\"potentialAction\":[{\"@type\":\"SearchAction\",\"target\":{\"@type\":\"EntryPoint\",\"urlTemplate\":\"https:\/\/imaxilofacial.com\/?s={search_term_string}\"},\"query-input\":\"required name=search_term_string\"}],\"inLanguage\":\"pt-PT\"},{\"@type\":\"ImageObject\",\"@id\":\"https:\/\/imaxilofacial.com\/pt-pt\/dermatologia\/#primaryimage\",\"inLanguage\":\"pt-PT\",\"url\":\"https:\/\/imaxilofacial.com\/wp-content\/uploads\/2024\/04\/Dermatologia.jpg\",\"contentUrl\":\"https:\/\/imaxilofacial.com\/wp-content\/uploads\/2024\/04\/Dermatologia.jpg\",\"width\":1536,\"height\":1024},{\"@type\":\"WebPage\",\"@id\":\"https:\/\/imaxilofacial.com\/pt-pt\/dermatologia\/#webpage\",\"url\":\"https:\/\/imaxilofacial.com\/pt-pt\/dermatologia\/\",\"name\":\"Dermatologia - Imaxilofacial Badajoz\",\"isPartOf\":{\"@id\":\"https:\/\/imaxilofacial.com\/#website\"},\"primaryImageOfPage\":{\"@id\":\"https:\/\/imaxilofacial.com\/pt-pt\/dermatologia\/#primaryimage\"},\"datePublished\":\"2024-04-15T09:15:02+00:00\",\"dateModified\":\"2024-04-15T09:15:02+00:00\",\"breadcrumb\":{\"@id\":\"https:\/\/imaxilofacial.com\/pt-pt\/dermatologia\/#breadcrumb\"},\"inLanguage\":\"pt-PT\",\"potentialAction\":[{\"@type\":\"ReadAction\",\"target\":[\"https:\/\/imaxilofacial.com\/pt-pt\/dermatologia\/\"]}]},{\"@type\":\"BreadcrumbList\",\"@id\":\"https:\/\/imaxilofacial.com\/pt-pt\/dermatologia\/#breadcrumb\",\"itemListElement\":[{\"@type\":\"ListItem\",\"position\":1,\"name\":\"Instituto Maxilofacial Badajoz\",\"item\":\"https:\/\/imaxilofacial.com\/pt-pt\/\"},{\"@type\":\"ListItem\",\"position\":2,\"name\":\"Dermatologia\"}]}]}<\/script>\n<!-- \/ Yoast SEO plugin. -->","yoast_head_json":{"title":"Dermatologia - Imaxilofacial Badajoz","robots":{"index":"index","follow":"follow","max-snippet":"max-snippet:-1","max-image-preview":"max-image-preview:large","max-video-preview":"max-video-preview:-1"},"canonical":"https:\/\/imaxilofacial.com\/pt-pt\/dermatologia\/","og_locale":"pt_PT","og_type":"article","og_title":"Dermatologia - Imaxilofacial Badajoz","og_description":"A dermatologia \u00e9 a especialidade m\u00e9dico-cir\u00fargica que se ocupa do conhecimento da pele humana e das doen\u00e7as que a afectam prim\u00e1ria ou secundariamente, bem como dos m\u00e9todos para a sua preven\u00e7\u00e3o e para a preserva\u00e7\u00e3o ou recupera\u00e7\u00e3o da normalidade cut\u00e2nea. O per\u00edodo de forma\u00e7\u00e3o da MIR para os dermatologistas \u00e9 de quatro anos. &nbsp; .. [...]","og_url":"https:\/\/imaxilofacial.com\/pt-pt\/dermatologia\/","og_site_name":"Instituto Maxilofacial Portugal","article_publisher":"https:\/\/www.facebook.com\/Imaxilofacial-878901768819054\/","og_image":[{"url":"https:\/\/imaxilofacial.com\/wp-content\/uploads\/2024\/04\/Dermatologia-1024x683.jpg"}],"twitter_card":"summary","twitter_site":"@BadajozSalud","twitter_misc":{"Tempo estimado de leitura":"1 minuto"},"schema":{"@context":"https:\/\/schema.org","@graph":[{"@type":"WebSite","@id":"https:\/\/imaxilofacial.com\/#website","url":"https:\/\/imaxilofacial.com\/","name":"Instituto Maxilofacial Portugal","description":"Outro site WordPress","potentialAction":[{"@type":"SearchAction","target":{"@type":"EntryPoint","urlTemplate":"https:\/\/imaxilofacial.com\/?s={search_term_string}"},"query-input":"required name=search_term_string"}],"inLanguage":"pt-PT"},{"@type":"ImageObject","@id":"https:\/\/imaxilofacial.com\/pt-pt\/dermatologia\/#primaryimage","inLanguage":"pt-PT","url":"https:\/\/imaxilofacial.com\/wp-content\/uploads\/2024\/04\/Dermatologia.jpg","contentUrl":"https:\/\/imaxilofacial.com\/wp-content\/uploads\/2024\/04\/Dermatologia.jpg","width":1536,"height":1024},{"@type":"WebPage","@id":"https:\/\/imaxilofacial.com\/pt-pt\/dermatologia\/#webpage","url":"https:\/\/imaxilofacial.com\/pt-pt\/dermatologia\/","name":"Dermatologia - Imaxilofacial Badajoz","isPartOf":{"@id":"https:\/\/imaxilofacial.com\/#website"},"primaryImageOfPage":{"@id":"https:\/\/imaxilofacial.com\/pt-pt\/dermatologia\/#primaryimage"},"datePublished":"2024-04-15T09:15:02+00:00","dateModified":"2024-04-15T09:15:02+00:00","breadcrumb":{"@id":"https:\/\/imaxilofacial.com\/pt-pt\/dermatologia\/#breadcrumb"},"inLanguage":"pt-PT","potentialAction":[{"@type":"ReadAction","target":["https:\/\/imaxilofacial.com\/pt-pt\/dermatologia\/"]}]},{"@type":"BreadcrumbList","@id":"https:\/\/imaxilofacial.com\/pt-pt\/dermatologia\/#breadcrumb","itemListElement":[{"@type":"ListItem","position":1,"name":"Instituto Maxilofacial Badajoz","item":"https:\/\/imaxilofacial.com\/pt-pt\/"},{"@type":"ListItem","position":2,"name":"Dermatologia"}]}]}},"_links":{"self":[{"href":"https:\/\/imaxilofacial.com\/pt-pt\/wp-json\/wp\/v2\/pages\/5598"}],"collection":[{"href":"https:\/\/imaxilofacial.com\/pt-pt\/wp-json\/wp\/v2\/pages"}],"about":[{"href":"https:\/\/imaxilofacial.com\/pt-pt\/wp-json\/wp\/v2\/types\/page"}],"author":[{"embeddable":true,"href":"https:\/\/imaxilofacial.com\/pt-pt\/wp-json\/wp\/v2\/users\/2"}],"replies":[{"embeddable":true,"href":"https:\/\/imaxilofacial.com\/pt-pt\/wp-json\/wp\/v2\/comments?post=5598"}],"version-history":[{"count":1,"href":"https:\/\/imaxilofacial.com\/pt-pt\/wp-json\/wp\/v2\/pages\/5598\/revisions"}],"predecessor-version":[{"id":5599,"href":"https:\/\/imaxilofacial.com\/pt-pt\/wp-json\/wp\/v2\/pages\/5598\/revisions\/5599"}],"wp:attachment":[{"href":"https:\/\/imaxilofacial.com\/pt-pt\/wp-json\/wp\/v2\/media?parent=5598"}],"curies":[{"name":"wp","href":"https:\/\/api.w.org\/{rel}","templated":true}]}}